{"id":102687,"date":"2020-06-30T16:26:21","date_gmt":"2020-06-30T14:26:21","guid":{"rendered":"https:\/\/www.vetorino.com\/boutique\/product\/tapis-de-coffre-voiture-integral-avec-protection-laterale\/"},"modified":"2025-06-14T02:42:17","modified_gmt":"2025-06-14T00:42:17","slug":"tapis-de-coffre-voiture-integral-avec-protection-laterale","status":"publish","type":"product","link":"https:\/\/www.vetorino.com\/veterinaire\/riedisheim-68400\/boutique\/product\/tapis-de-coffre-voiture-integral-avec-protection-laterale\/","title":{"rendered":"Tapis de coffre voiture int\u00e9gral avec protection lat\u00e9rale"},"content":{"rendered":"<div class='hidden'>MATERIEL<\/div>\n<div class='hidden'>Chiens<\/div>\n<div id=\"itemcard\">\n<div id=\"itemcard_left\">\n<div class=\"item_main_image\">\n<div class=\"item_main_image_layer1\">\n<div id=\"itemcard\">\n<div id=\"itemcard_left\">\n<div class=\"item_main_image\">\n<div class=\"item_main_image_layer1\">Prot&egrave;ge coffre de voiture en nylon :<\/div>\n<\/div>\n<\/div>\n<\/div>\n<div id=\"itemcard_right\">\n<ul>\n<li>Prot&egrave;ge des salet&eacute;s et des poils.<\/li>\n<li>Rebord amovible pour une protection du pare-choc.<\/li>\n<li>Les rebords hauts prot&egrave;gent les garnitures int&eacute;rieures du coffre.<\/li>\n<li>Le rev&ecirc;tement anti-d&eacute;rapant offre une meilleure tenue pour le chien.<\/li>\n<li>S&rsquo;adapte &agrave; tous les coffres gr&acirc;ce aux tiges m&eacute;talliques flexibles.<\/li>\n<li>Facile &agrave; installer et &agrave; enlever.<\/li>\n<\/ul>\n<\/div>\n<\/div>\n<\/div>\n<\/div>\n<\/div>\n","protected":false},"excerpt":{"rendered":"<p>MATERIEL Chiens Prot&egrave;ge coffre de voiture en nylon : Prot&egrave;ge des salet&eacute;s et des poils. Rebord amovible pour une protection du pare-choc. Les rebords hauts prot&egrave;gent les garnitures int&eacute;rieures du coffre. Le rev&ecirc;tement anti-d&eacute;rapant offre une meilleure tenue pour le chien. S&rsquo;adapte &agrave; tous les coffres gr&acirc;ce aux tiges m&eacute;talliques flexibles. Facile &agrave; installer et [&hellip;]<\/p>\n","protected":false},"featured_media":102686,"template":"","meta":[],"product_cat":[2698],"product_tag":[],"class_list":{"0":"post-102687","1":"product","2":"type-product","3":"status-publish","4":"has-post-thumbnail","6":"product_cat-chien","7":"pa_marque-materiel","9":"first","10":"instock","11":"taxable","12":"shipping-taxable","13":"purchasable","14":"product-type-simple"},"yoast_head":"<!-- This site is optimized with the Yoast SEO plugin v27.3 - https:\/\/yoast.com\/product\/yoast-seo-wordpress\/ -->\n<title>Tapis de coffre voiture int\u00e9gral avec protection lat\u00e9rale Mat\u00e9riel - V\u00e9torino<\/title>\n<meta name=\"description\" content=\"MATERIELChiens Prot&egrave;ge coffre de voiture en nylon : Prot&egrave;ge des salet&eacute;s et des poils. Rebord amovible pour une protection du\" \/>\n<meta name=\"robots\" content=\"noindex, nofollow\" \/>\n<meta property=\"og:locale\" content=\"fr_FR\" \/>\n<meta property=\"og:type\" content=\"article\" \/>\n<meta property=\"og:title\" content=\"Tapis de coffre voiture int\u00e9gral avec protection lat\u00e9rale Mat\u00e9riel - V\u00e9torino\" \/>\n<meta property=\"og:description\" content=\"MATERIELChiens Prot&egrave;ge coffre de voiture en nylon : Prot&egrave;ge des salet&eacute;s et des poils. Rebord amovible pour une protection du\" \/>\n<meta property=\"og:url\" content=\"https:\/\/www.vetorino.com\/veterinaire\/riedisheim-68400\/boutique\/product\/tapis-de-coffre-voiture-integral-avec-protection-laterale\/\" \/>\n<meta property=\"og:site_name\" content=\"V\u00e9torino\" \/>\n<meta property=\"article:publisher\" content=\"https:\/\/www.facebook.com\/Vetorino\/\" \/>\n<meta property=\"article:modified_time\" content=\"2025-06-14T00:42:17+00:00\" \/>\n<meta property=\"og:image\" content=\"https:\/\/www.vetorino.com\/boutique\/wp-content\/uploads\/2020\/06\/FilsTAP742FormatMediumTypeIM.png\" \/>\n\t<meta property=\"og:image:width\" content=\"400\" \/>\n\t<meta property=\"og:image:height\" content=\"400\" \/>\n\t<meta property=\"og:image:type\" content=\"image\/png\" \/>\n<meta name=\"twitter:card\" content=\"summary_large_image\" \/>\n<meta name=\"twitter:label1\" content=\"Prix\" \/>\n\t<meta name=\"twitter:data1\" content=\"45,04&euro;\" \/>\n\t<meta name=\"twitter:label2\" content=\"Disponibilit\u00e9\" \/>\n\t<meta name=\"twitter:data2\" content=\"En stock\" \/>\n<script type=\"application\/ld+json\" class=\"yoast-schema-graph\">{\"@context\":\"https:\\\/\\\/schema.org\",\"@graph\":[{\"@type\":\"WebPage\",\"@id\":\"https:\\\/\\\/www.vetorino.com\\\/boutique\\\/product\\\/tapis-de-coffre-voiture-integral-avec-protection-laterale\\\/\",\"url\":\"https:\\\/\\\/www.vetorino.com\\\/boutique\\\/product\\\/tapis-de-coffre-voiture-integral-avec-protection-laterale\\\/\",\"name\":\"Tapis de coffre voiture int\u00e9gral avec protection lat\u00e9rale Mat\u00e9riel - V\u00e9torino\",\"isPartOf\":{\"@id\":\"https:\\\/\\\/www.vetorino.com\\\/boutique\\\/#website\"},\"primaryImageOfPage\":{\"@id\":\"https:\\\/\\\/www.vetorino.com\\\/boutique\\\/product\\\/tapis-de-coffre-voiture-integral-avec-protection-laterale\\\/#primaryimage\"},\"image\":{\"@id\":\"https:\\\/\\\/www.vetorino.com\\\/boutique\\\/product\\\/tapis-de-coffre-voiture-integral-avec-protection-laterale\\\/#primaryimage\"},\"thumbnailUrl\":\"https:\\\/\\\/www.vetorino.com\\\/boutique\\\/wp-content\\\/uploads\\\/2020\\\/06\\\/FilsTAP742FormatMediumTypeIM.png\",\"datePublished\":\"2020-06-30T14:26:21+00:00\",\"dateModified\":\"2025-06-14T00:42:17+00:00\",\"description\":\"MATERIELChiens Prot&egrave;ge coffre de voiture en nylon : Prot&egrave;ge des salet&eacute;s et des poils. Rebord amovible pour une protection du\",\"breadcrumb\":{\"@id\":\"https:\\\/\\\/www.vetorino.com\\\/boutique\\\/product\\\/tapis-de-coffre-voiture-integral-avec-protection-laterale\\\/#breadcrumb\"},\"inLanguage\":\"fr-FR\",\"potentialAction\":[{\"@type\":\"ReadAction\",\"target\":[\"https:\\\/\\\/www.vetorino.com\\\/boutique\\\/product\\\/tapis-de-coffre-voiture-integral-avec-protection-laterale\\\/\"]}]},{\"@type\":\"ImageObject\",\"inLanguage\":\"fr-FR\",\"@id\":\"https:\\\/\\\/www.vetorino.com\\\/boutique\\\/product\\\/tapis-de-coffre-voiture-integral-avec-protection-laterale\\\/#primaryimage\",\"url\":\"https:\\\/\\\/www.vetorino.com\\\/boutique\\\/wp-content\\\/uploads\\\/2020\\\/06\\\/FilsTAP742FormatMediumTypeIM.png\",\"contentUrl\":\"https:\\\/\\\/www.vetorino.com\\\/boutique\\\/wp-content\\\/uploads\\\/2020\\\/06\\\/FilsTAP742FormatMediumTypeIM.png\",\"width\":400,\"height\":400},{\"@type\":\"BreadcrumbList\",\"@id\":\"https:\\\/\\\/www.vetorino.com\\\/boutique\\\/product\\\/tapis-de-coffre-voiture-integral-avec-protection-laterale\\\/#breadcrumb\",\"itemListElement\":[{\"@type\":\"ListItem\",\"position\":1,\"name\":\"Accueil\",\"item\":\"https:\\\/\\\/www.vetorino.com\\\/boutique\\\/\"},{\"@type\":\"ListItem\",\"position\":2,\"name\":\"Produits\",\"item\":\"https:\\\/\\\/www.vetorino.com\\\/boutique\\\/\"},{\"@type\":\"ListItem\",\"position\":3,\"name\":\"Tapis de coffre voiture int\u00e9gral avec protection lat\u00e9rale\"}]},{\"@type\":\"WebSite\",\"@id\":\"https:\\\/\\\/www.vetorino.com\\\/boutique\\\/#website\",\"url\":\"https:\\\/\\\/www.vetorino.com\\\/boutique\\\/\",\"name\":\"V\u00e9torino\",\"description\":\"\",\"publisher\":{\"@id\":\"https:\\\/\\\/www.vetorino.com\\\/boutique\\\/#organization\"},\"potentialAction\":[{\"@type\":\"SearchAction\",\"target\":{\"@type\":\"EntryPoint\",\"urlTemplate\":\"https:\\\/\\\/www.vetorino.com\\\/boutique\\\/?s={search_term_string}\"},\"query-input\":{\"@type\":\"PropertyValueSpecification\",\"valueRequired\":true,\"valueName\":\"search_term_string\"}}],\"inLanguage\":\"fr-FR\"},{\"@type\":\"Organization\",\"@id\":\"https:\\\/\\\/www.vetorino.com\\\/boutique\\\/#organization\",\"name\":\"V\u00e9torino\",\"url\":\"https:\\\/\\\/www.vetorino.com\\\/boutique\\\/\",\"logo\":{\"@type\":\"ImageObject\",\"inLanguage\":\"fr-FR\",\"@id\":\"https:\\\/\\\/www.vetorino.com\\\/boutique\\\/#\\\/schema\\\/logo\\\/image\\\/\",\"url\":\"https:\\\/\\\/www.vetorino.com\\\/boutique\\\/wp-content\\\/uploads\\\/2024\\\/10\\\/logo.jpg\",\"contentUrl\":\"https:\\\/\\\/www.vetorino.com\\\/boutique\\\/wp-content\\\/uploads\\\/2024\\\/10\\\/logo.jpg\",\"width\":1200,\"height\":610,\"caption\":\"V\u00e9torino\"},\"image\":{\"@id\":\"https:\\\/\\\/www.vetorino.com\\\/boutique\\\/#\\\/schema\\\/logo\\\/image\\\/\"},\"sameAs\":[\"https:\\\/\\\/www.facebook.com\\\/Vetorino\\\/\",\"https:\\\/\\\/www.instagram.com\\\/vetorino_off\\\/\",\"https:\\\/\\\/www.linkedin.com\\\/company\\\/vtorino\\\/\"]}]}<\/script>\n<meta property=\"product:brand\" content=\"Mat\u00e9riel\" \/>\n<meta property=\"product:price:amount\" content=\"45.04\" \/>\n<meta property=\"product:price:currency\" content=\"EUR\" \/>\n<meta property=\"og:availability\" content=\"instock\" \/>\n<meta property=\"product:availability\" content=\"instock\" \/>\n<meta property=\"product:retailer_item_id\" content=\"C-TAP742\" \/>\n<meta property=\"product:condition\" content=\"new\" \/>\n<!-- \/ Yoast SEO plugin. -->","yoast_head_json":{"title":"Tapis de coffre voiture int\u00e9gral avec protection lat\u00e9rale Mat\u00e9riel - V\u00e9torino","description":"MATERIELChiens Prot&egrave;ge coffre de voiture en nylon : Prot&egrave;ge des salet&eacute;s et des poils. Rebord amovible pour une protection du","robots":{"index":"noindex","follow":"nofollow"},"og_locale":"fr_FR","og_type":"article","og_title":"Tapis de coffre voiture int\u00e9gral avec protection lat\u00e9rale Mat\u00e9riel - V\u00e9torino","og_description":"MATERIELChiens Prot&egrave;ge coffre de voiture en nylon : Prot&egrave;ge des salet&eacute;s et des poils. Rebord amovible pour une protection du","og_url":"https:\/\/www.vetorino.com\/veterinaire\/riedisheim-68400\/boutique\/product\/tapis-de-coffre-voiture-integral-avec-protection-laterale\/","og_site_name":"V\u00e9torino","article_publisher":"https:\/\/www.facebook.com\/Vetorino\/","article_modified_time":"2025-06-14T00:42:17+00:00","og_image":[{"width":400,"height":400,"url":"https:\/\/www.vetorino.com\/boutique\/wp-content\/uploads\/2020\/06\/FilsTAP742FormatMediumTypeIM.png","type":"image\/png"}],"twitter_card":"summary_large_image","twitter_misc":{"Prix":"45,04&euro;","Disponibilit\u00e9":"En stock"},"schema":{"@context":"https:\/\/schema.org","@graph":[{"@type":"WebPage","@id":"https:\/\/www.vetorino.com\/boutique\/product\/tapis-de-coffre-voiture-integral-avec-protection-laterale\/","url":"https:\/\/www.vetorino.com\/boutique\/product\/tapis-de-coffre-voiture-integral-avec-protection-laterale\/","name":"Tapis de coffre voiture int\u00e9gral avec protection lat\u00e9rale Mat\u00e9riel - V\u00e9torino","isPartOf":{"@id":"https:\/\/www.vetorino.com\/boutique\/#website"},"primaryImageOfPage":{"@id":"https:\/\/www.vetorino.com\/boutique\/product\/tapis-de-coffre-voiture-integral-avec-protection-laterale\/#primaryimage"},"image":{"@id":"https:\/\/www.vetorino.com\/boutique\/product\/tapis-de-coffre-voiture-integral-avec-protection-laterale\/#primaryimage"},"thumbnailUrl":"https:\/\/www.vetorino.com\/boutique\/wp-content\/uploads\/2020\/06\/FilsTAP742FormatMediumTypeIM.png","datePublished":"2020-06-30T14:26:21+00:00","dateModified":"2025-06-14T00:42:17+00:00","description":"MATERIELChiens Prot&egrave;ge coffre de voiture en nylon : Prot&egrave;ge des salet&eacute;s et des poils. Rebord amovible pour une protection du","breadcrumb":{"@id":"https:\/\/www.vetorino.com\/boutique\/product\/tapis-de-coffre-voiture-integral-avec-protection-laterale\/#breadcrumb"},"inLanguage":"fr-FR","potentialAction":[{"@type":"ReadAction","target":["https:\/\/www.vetorino.com\/boutique\/product\/tapis-de-coffre-voiture-integral-avec-protection-laterale\/"]}]},{"@type":"ImageObject","inLanguage":"fr-FR","@id":"https:\/\/www.vetorino.com\/boutique\/product\/tapis-de-coffre-voiture-integral-avec-protection-laterale\/#primaryimage","url":"https:\/\/www.vetorino.com\/boutique\/wp-content\/uploads\/2020\/06\/FilsTAP742FormatMediumTypeIM.png","contentUrl":"https:\/\/www.vetorino.com\/boutique\/wp-content\/uploads\/2020\/06\/FilsTAP742FormatMediumTypeIM.png","width":400,"height":400},{"@type":"BreadcrumbList","@id":"https:\/\/www.vetorino.com\/boutique\/product\/tapis-de-coffre-voiture-integral-avec-protection-laterale\/#breadcrumb","itemListElement":[{"@type":"ListItem","position":1,"name":"Accueil","item":"https:\/\/www.vetorino.com\/boutique\/"},{"@type":"ListItem","position":2,"name":"Produits","item":"https:\/\/www.vetorino.com\/boutique\/"},{"@type":"ListItem","position":3,"name":"Tapis de coffre voiture int\u00e9gral avec protection lat\u00e9rale"}]},{"@type":"WebSite","@id":"https:\/\/www.vetorino.com\/boutique\/#website","url":"https:\/\/www.vetorino.com\/boutique\/","name":"V\u00e9torino","description":"","publisher":{"@id":"https:\/\/www.vetorino.com\/boutique\/#organization"},"potentialAction":[{"@type":"SearchAction","target":{"@type":"EntryPoint","urlTemplate":"https:\/\/www.vetorino.com\/boutique\/?s={search_term_string}"},"query-input":{"@type":"PropertyValueSpecification","valueRequired":true,"valueName":"search_term_string"}}],"inLanguage":"fr-FR"},{"@type":"Organization","@id":"https:\/\/www.vetorino.com\/boutique\/#organization","name":"V\u00e9torino","url":"https:\/\/www.vetorino.com\/boutique\/","logo":{"@type":"ImageObject","inLanguage":"fr-FR","@id":"https:\/\/www.vetorino.com\/boutique\/#\/schema\/logo\/image\/","url":"https:\/\/www.vetorino.com\/boutique\/wp-content\/uploads\/2024\/10\/logo.jpg","contentUrl":"https:\/\/www.vetorino.com\/boutique\/wp-content\/uploads\/2024\/10\/logo.jpg","width":1200,"height":610,"caption":"V\u00e9torino"},"image":{"@id":"https:\/\/www.vetorino.com\/boutique\/#\/schema\/logo\/image\/"},"sameAs":["https:\/\/www.facebook.com\/Vetorino\/","https:\/\/www.instagram.com\/vetorino_off\/","https:\/\/www.linkedin.com\/company\/vtorino\/"]}]},"product_brand":"Mat\u00e9riel","product_price_amount":"45.04","product_price_currency":"EUR","og_availability":"instock","product_availability":"instock","product_retailer_item_id":"C-TAP742","product_condition":"new"},"_links":{"self":[{"href":"https:\/\/www.vetorino.com\/veterinaire\/riedisheim-68400\/boutique\/wp-json\/wp\/v2\/product\/102687","targetHints":{"allow":["GET"]}}],"collection":[{"href":"https:\/\/www.vetorino.com\/veterinaire\/riedisheim-68400\/boutique\/wp-json\/wp\/v2\/product"}],"about":[{"href":"https:\/\/www.vetorino.com\/veterinaire\/riedisheim-68400\/boutique\/wp-json\/wp\/v2\/types\/product"}],"wp:featuredmedia":[{"embeddable":true,"href":"https:\/\/www.vetorino.com\/veterinaire\/riedisheim-68400\/boutique\/wp-json\/wp\/v2\/media\/102686"}],"wp:attachment":[{"href":"https:\/\/www.vetorino.com\/veterinaire\/riedisheim-68400\/boutique\/wp-json\/wp\/v2\/media?parent=102687"}],"wp:term":[{"taxonomy":"product_cat","embeddable":true,"href":"https:\/\/www.vetorino.com\/veterinaire\/riedisheim-68400\/boutique\/wp-json\/wp\/v2\/product_cat?post=102687"},{"taxonomy":"product_tag","embeddable":true,"href":"https:\/\/www.vetorino.com\/veterinaire\/riedisheim-68400\/boutique\/wp-json\/wp\/v2\/product_tag?post=102687"}],"curies":[{"name":"wp","href":"https:\/\/api.w.org\/{rel}","templated":true}]}}