{"id":103121,"date":"2020-06-30T17:19:45","date_gmt":"2020-06-30T15:19:45","guid":{"rendered":"https:\/\/www.vetorino.com\/boutique\/product\/uripac-5-mg\/"},"modified":"2024-01-18T16:52:33","modified_gmt":"2024-01-18T15:52:33","slug":"uripac-5-mg","status":"publish","type":"product","link":"https:\/\/www.vetorino.com\/veterinaire\/riedisheim-68400\/boutique\/product\/uripac-5-mg\/","title":{"rendered":"Uripac 5 mg"},"content":{"rendered":"<div class=\"wysiwyg\">\n<p>Uripac est un compl\u00e9ment alimentaire pour les chats et les chiens \u00e0 base de concentr\u00e9 de canneberge; il contribue de mani\u00e8re naturelle \u00e0 pr\u00e9server la sant\u00e9 des voies urinaires. Ce concentr\u00e9 naturel de canneberge est tr\u00e8s riche en substances v\u00e9g\u00e9tales dites secondaires, les proanthocyanidines (PAC) de type A, connues pour leurs propri\u00e9t\u00e9s antiadh\u00e9sives et susceptibles ainsi de soutenir la fonction de barri\u00e8re physiologique de la paroi v\u00e9sicale.<\/p>\n<p><strong>Uripac 5 peut \u00eatre utilis\u00e9:<\/strong><\/p>\n<ul>\n<li>pour pr\u00e9server la sant\u00e9 des voies urinaires lors de maladies associ\u00e9es \u00e0 un risque accru d\u2019infections de la vessie (diab\u00e8te, Cushing, malformations des voies urinaires, immunod\u00e9ficience, insuffisance r\u00e9nale, incontinence urinaire\u2026)<\/li>\n<li>en pr\u00e9vention lors d\u2019infections r\u00e9currentes idiopathiques de la vessie ainsi que dans les situations \u00e0 risque correspondantes (d\u00e9m\u00e9nagement, voyage, s\u00e9jour en pension, stress\u2026)<\/li>\n<li>en accompagnement d\u2019un traitement m\u00e9dicamenteux.<\/li>\n<\/ul>\n<\/div>\n<div id=\"ToggleId\" class=\"wysiwyg\">\n<p>&nbsp;<\/p>\n<\/div>\n","protected":false},"excerpt":{"rendered":"<p><strong>Uripac<\/strong> de TVM est un aliment compl\u00e9mentaire \u00e0 base d&#8217;extrait de Cranberry pour le chien et le chat pr\u00e9sentant un inconfort urinaire<\/p>\n","protected":false},"featured_media":809279,"template":"","meta":[],"product_cat":[2698],"product_tag":[],"class_list":{"0":"post-103121","1":"product","2":"type-product","3":"status-publish","4":"has-post-thumbnail","6":"product_cat-chien","7":"pa_marque-tvm","9":"first","10":"outofstock","11":"taxable","12":"shipping-taxable","13":"purchasable","14":"product-type-simple"},"yoast_head":"<!-- This site is optimized with the Yoast SEO plugin v27.3 - https:\/\/yoast.com\/product\/yoast-seo-wordpress\/ -->\n<title>Uripac 5 mg D\u00f4mes Pharma TVM - V\u00e9torino<\/title>\n<meta name=\"description\" content=\"Uripac de TVM est un aliment compl\u00e9mentaire \u00e0 base d&#039;extrait de Cranberry pour le chien et le chat pr\u00e9sentant un inconfort urinaire\" \/>\n<meta name=\"robots\" content=\"noindex, nofollow\" \/>\n<meta property=\"og:locale\" content=\"fr_FR\" \/>\n<meta property=\"og:type\" content=\"article\" \/>\n<meta property=\"og:title\" content=\"Uripac 5 mg D\u00f4mes Pharma TVM - V\u00e9torino\" \/>\n<meta property=\"og:description\" content=\"Uripac de TVM est un aliment compl\u00e9mentaire \u00e0 base d&#039;extrait de Cranberry pour le chien et le chat pr\u00e9sentant un inconfort urinaire\" \/>\n<meta property=\"og:url\" content=\"https:\/\/www.vetorino.com\/veterinaire\/riedisheim-68400\/boutique\/product\/uripac-5-mg\/\" \/>\n<meta property=\"og:site_name\" content=\"V\u00e9torino\" \/>\n<meta property=\"article:publisher\" content=\"https:\/\/www.facebook.com\/Vetorino\/\" \/>\n<meta property=\"article:modified_time\" content=\"2024-01-18T15:52:33+00:00\" \/>\n<meta property=\"og:image\" content=\"https:\/\/www.vetorino.com\/boutique\/wp-content\/uploads\/2020\/03\/TVM-8124552-5.jpg\" \/>\n\t<meta property=\"og:image:width\" content=\"800\" \/>\n\t<meta property=\"og:image:height\" content=\"600\" \/>\n\t<meta property=\"og:image:type\" content=\"image\/jpeg\" \/>\n<meta name=\"twitter:card\" content=\"summary_large_image\" \/>\n<meta name=\"twitter:label1\" content=\"Prix\" \/>\n\t<meta name=\"twitter:data1\" content=\"19,09&euro;\" \/>\n\t<meta name=\"twitter:label2\" content=\"Disponibilit\u00e9\" \/>\n\t<meta name=\"twitter:data2\" content=\"Rupture de stock\" \/>\n<script type=\"application\/ld+json\" class=\"yoast-schema-graph\">{\"@context\":\"https:\\\/\\\/schema.org\",\"@graph\":[{\"@type\":\"WebPage\",\"@id\":\"https:\\\/\\\/www.vetorino.com\\\/boutique\\\/product\\\/uripac-5-mg\\\/\",\"url\":\"https:\\\/\\\/www.vetorino.com\\\/boutique\\\/product\\\/uripac-5-mg\\\/\",\"name\":\"Uripac 5 mg D\u00f4mes Pharma TVM - V\u00e9torino\",\"isPartOf\":{\"@id\":\"https:\\\/\\\/www.vetorino.com\\\/boutique\\\/#website\"},\"primaryImageOfPage\":{\"@id\":\"https:\\\/\\\/www.vetorino.com\\\/boutique\\\/product\\\/uripac-5-mg\\\/#primaryimage\"},\"image\":{\"@id\":\"https:\\\/\\\/www.vetorino.com\\\/boutique\\\/product\\\/uripac-5-mg\\\/#primaryimage\"},\"thumbnailUrl\":\"https:\\\/\\\/www.vetorino.com\\\/boutique\\\/wp-content\\\/uploads\\\/2020\\\/03\\\/TVM-8124552-5.jpg\",\"datePublished\":\"2020-06-30T15:19:45+00:00\",\"dateModified\":\"2024-01-18T15:52:33+00:00\",\"description\":\"Uripac de TVM est un aliment compl\u00e9mentaire \u00e0 base d'extrait de Cranberry pour le chien et le chat pr\u00e9sentant un inconfort urinaire\",\"breadcrumb\":{\"@id\":\"https:\\\/\\\/www.vetorino.com\\\/boutique\\\/product\\\/uripac-5-mg\\\/#breadcrumb\"},\"inLanguage\":\"fr-FR\",\"potentialAction\":[{\"@type\":\"ReadAction\",\"target\":[\"https:\\\/\\\/www.vetorino.com\\\/boutique\\\/product\\\/uripac-5-mg\\\/\"]}]},{\"@type\":\"ImageObject\",\"inLanguage\":\"fr-FR\",\"@id\":\"https:\\\/\\\/www.vetorino.com\\\/boutique\\\/product\\\/uripac-5-mg\\\/#primaryimage\",\"url\":\"https:\\\/\\\/www.vetorino.com\\\/boutique\\\/wp-content\\\/uploads\\\/2020\\\/03\\\/TVM-8124552-5.jpg\",\"contentUrl\":\"https:\\\/\\\/www.vetorino.com\\\/boutique\\\/wp-content\\\/uploads\\\/2020\\\/03\\\/TVM-8124552-5.jpg\",\"width\":800,\"height\":600},{\"@type\":\"BreadcrumbList\",\"@id\":\"https:\\\/\\\/www.vetorino.com\\\/boutique\\\/product\\\/uripac-5-mg\\\/#breadcrumb\",\"itemListElement\":[{\"@type\":\"ListItem\",\"position\":1,\"name\":\"Accueil\",\"item\":\"https:\\\/\\\/www.vetorino.com\\\/boutique\\\/\"},{\"@type\":\"ListItem\",\"position\":2,\"name\":\"Produits\",\"item\":\"https:\\\/\\\/www.vetorino.com\\\/boutique\\\/\"},{\"@type\":\"ListItem\",\"position\":3,\"name\":\"Uripac 5 mg\"}]},{\"@type\":\"WebSite\",\"@id\":\"https:\\\/\\\/www.vetorino.com\\\/boutique\\\/#website\",\"url\":\"https:\\\/\\\/www.vetorino.com\\\/boutique\\\/\",\"name\":\"V\u00e9torino\",\"description\":\"\",\"publisher\":{\"@id\":\"https:\\\/\\\/www.vetorino.com\\\/boutique\\\/#organization\"},\"potentialAction\":[{\"@type\":\"SearchAction\",\"target\":{\"@type\":\"EntryPoint\",\"urlTemplate\":\"https:\\\/\\\/www.vetorino.com\\\/boutique\\\/?s={search_term_string}\"},\"query-input\":{\"@type\":\"PropertyValueSpecification\",\"valueRequired\":true,\"valueName\":\"search_term_string\"}}],\"inLanguage\":\"fr-FR\"},{\"@type\":\"Organization\",\"@id\":\"https:\\\/\\\/www.vetorino.com\\\/boutique\\\/#organization\",\"name\":\"V\u00e9torino\",\"url\":\"https:\\\/\\\/www.vetorino.com\\\/boutique\\\/\",\"logo\":{\"@type\":\"ImageObject\",\"inLanguage\":\"fr-FR\",\"@id\":\"https:\\\/\\\/www.vetorino.com\\\/boutique\\\/#\\\/schema\\\/logo\\\/image\\\/\",\"url\":\"https:\\\/\\\/www.vetorino.com\\\/boutique\\\/wp-content\\\/uploads\\\/2024\\\/10\\\/logo.jpg\",\"contentUrl\":\"https:\\\/\\\/www.vetorino.com\\\/boutique\\\/wp-content\\\/uploads\\\/2024\\\/10\\\/logo.jpg\",\"width\":1200,\"height\":610,\"caption\":\"V\u00e9torino\"},\"image\":{\"@id\":\"https:\\\/\\\/www.vetorino.com\\\/boutique\\\/#\\\/schema\\\/logo\\\/image\\\/\"},\"sameAs\":[\"https:\\\/\\\/www.facebook.com\\\/Vetorino\\\/\",\"https:\\\/\\\/www.instagram.com\\\/vetorino_off\\\/\",\"https:\\\/\\\/www.linkedin.com\\\/company\\\/vtorino\\\/\"]}]}<\/script>\n<meta property=\"product:brand\" content=\"D\u00f4mes Pharma TVM\" \/>\n<meta property=\"product:price:amount\" content=\"19.09\" \/>\n<meta property=\"product:price:currency\" content=\"EUR\" \/>\n<meta property=\"og:availability\" content=\"out of stock\" \/>\n<meta property=\"product:availability\" content=\"out of stock\" \/>\n<meta property=\"product:retailer_item_id\" content=\"C-URI006\" \/>\n<meta property=\"product:condition\" content=\"new\" \/>\n<!-- \/ Yoast SEO plugin. -->","yoast_head_json":{"title":"Uripac 5 mg D\u00f4mes Pharma TVM - V\u00e9torino","description":"Uripac de TVM est un aliment compl\u00e9mentaire \u00e0 base d'extrait de Cranberry pour le chien et le chat pr\u00e9sentant un inconfort urinaire","robots":{"index":"noindex","follow":"nofollow"},"og_locale":"fr_FR","og_type":"article","og_title":"Uripac 5 mg D\u00f4mes Pharma TVM - V\u00e9torino","og_description":"Uripac de TVM est un aliment compl\u00e9mentaire \u00e0 base d'extrait de Cranberry pour le chien et le chat pr\u00e9sentant un inconfort urinaire","og_url":"https:\/\/www.vetorino.com\/veterinaire\/riedisheim-68400\/boutique\/product\/uripac-5-mg\/","og_site_name":"V\u00e9torino","article_publisher":"https:\/\/www.facebook.com\/Vetorino\/","article_modified_time":"2024-01-18T15:52:33+00:00","og_image":[{"width":800,"height":600,"url":"https:\/\/www.vetorino.com\/boutique\/wp-content\/uploads\/2020\/03\/TVM-8124552-5.jpg","type":"image\/jpeg"}],"twitter_card":"summary_large_image","twitter_misc":{"Prix":"19,09&euro;","Disponibilit\u00e9":"Rupture de stock"},"schema":{"@context":"https:\/\/schema.org","@graph":[{"@type":"WebPage","@id":"https:\/\/www.vetorino.com\/boutique\/product\/uripac-5-mg\/","url":"https:\/\/www.vetorino.com\/boutique\/product\/uripac-5-mg\/","name":"Uripac 5 mg D\u00f4mes Pharma TVM - V\u00e9torino","isPartOf":{"@id":"https:\/\/www.vetorino.com\/boutique\/#website"},"primaryImageOfPage":{"@id":"https:\/\/www.vetorino.com\/boutique\/product\/uripac-5-mg\/#primaryimage"},"image":{"@id":"https:\/\/www.vetorino.com\/boutique\/product\/uripac-5-mg\/#primaryimage"},"thumbnailUrl":"https:\/\/www.vetorino.com\/boutique\/wp-content\/uploads\/2020\/03\/TVM-8124552-5.jpg","datePublished":"2020-06-30T15:19:45+00:00","dateModified":"2024-01-18T15:52:33+00:00","description":"Uripac de TVM est un aliment compl\u00e9mentaire \u00e0 base d'extrait de Cranberry pour le chien et le chat pr\u00e9sentant un inconfort urinaire","breadcrumb":{"@id":"https:\/\/www.vetorino.com\/boutique\/product\/uripac-5-mg\/#breadcrumb"},"inLanguage":"fr-FR","potentialAction":[{"@type":"ReadAction","target":["https:\/\/www.vetorino.com\/boutique\/product\/uripac-5-mg\/"]}]},{"@type":"ImageObject","inLanguage":"fr-FR","@id":"https:\/\/www.vetorino.com\/boutique\/product\/uripac-5-mg\/#primaryimage","url":"https:\/\/www.vetorino.com\/boutique\/wp-content\/uploads\/2020\/03\/TVM-8124552-5.jpg","contentUrl":"https:\/\/www.vetorino.com\/boutique\/wp-content\/uploads\/2020\/03\/TVM-8124552-5.jpg","width":800,"height":600},{"@type":"BreadcrumbList","@id":"https:\/\/www.vetorino.com\/boutique\/product\/uripac-5-mg\/#breadcrumb","itemListElement":[{"@type":"ListItem","position":1,"name":"Accueil","item":"https:\/\/www.vetorino.com\/boutique\/"},{"@type":"ListItem","position":2,"name":"Produits","item":"https:\/\/www.vetorino.com\/boutique\/"},{"@type":"ListItem","position":3,"name":"Uripac 5 mg"}]},{"@type":"WebSite","@id":"https:\/\/www.vetorino.com\/boutique\/#website","url":"https:\/\/www.vetorino.com\/boutique\/","name":"V\u00e9torino","description":"","publisher":{"@id":"https:\/\/www.vetorino.com\/boutique\/#organization"},"potentialAction":[{"@type":"SearchAction","target":{"@type":"EntryPoint","urlTemplate":"https:\/\/www.vetorino.com\/boutique\/?s={search_term_string}"},"query-input":{"@type":"PropertyValueSpecification","valueRequired":true,"valueName":"search_term_string"}}],"inLanguage":"fr-FR"},{"@type":"Organization","@id":"https:\/\/www.vetorino.com\/boutique\/#organization","name":"V\u00e9torino","url":"https:\/\/www.vetorino.com\/boutique\/","logo":{"@type":"ImageObject","inLanguage":"fr-FR","@id":"https:\/\/www.vetorino.com\/boutique\/#\/schema\/logo\/image\/","url":"https:\/\/www.vetorino.com\/boutique\/wp-content\/uploads\/2024\/10\/logo.jpg","contentUrl":"https:\/\/www.vetorino.com\/boutique\/wp-content\/uploads\/2024\/10\/logo.jpg","width":1200,"height":610,"caption":"V\u00e9torino"},"image":{"@id":"https:\/\/www.vetorino.com\/boutique\/#\/schema\/logo\/image\/"},"sameAs":["https:\/\/www.facebook.com\/Vetorino\/","https:\/\/www.instagram.com\/vetorino_off\/","https:\/\/www.linkedin.com\/company\/vtorino\/"]}]},"product_brand":"D\u00f4mes Pharma TVM","product_price_amount":"19.09","product_price_currency":"EUR","og_availability":"out of stock","product_availability":"out of stock","product_retailer_item_id":"C-URI006","product_condition":"new"},"_links":{"self":[{"href":"https:\/\/www.vetorino.com\/veterinaire\/riedisheim-68400\/boutique\/wp-json\/wp\/v2\/product\/103121","targetHints":{"allow":["GET"]}}],"collection":[{"href":"https:\/\/www.vetorino.com\/veterinaire\/riedisheim-68400\/boutique\/wp-json\/wp\/v2\/product"}],"about":[{"href":"https:\/\/www.vetorino.com\/veterinaire\/riedisheim-68400\/boutique\/wp-json\/wp\/v2\/types\/product"}],"wp:featuredmedia":[{"embeddable":true,"href":"https:\/\/www.vetorino.com\/veterinaire\/riedisheim-68400\/boutique\/wp-json\/wp\/v2\/media\/809279"}],"wp:attachment":[{"href":"https:\/\/www.vetorino.com\/veterinaire\/riedisheim-68400\/boutique\/wp-json\/wp\/v2\/media?parent=103121"}],"wp:term":[{"taxonomy":"product_cat","embeddable":true,"href":"https:\/\/www.vetorino.com\/veterinaire\/riedisheim-68400\/boutique\/wp-json\/wp\/v2\/product_cat?post=103121"},{"taxonomy":"product_tag","embeddable":true,"href":"https:\/\/www.vetorino.com\/veterinaire\/riedisheim-68400\/boutique\/wp-json\/wp\/v2\/product_tag?post=103121"}],"curies":[{"name":"wp","href":"https:\/\/api.w.org\/{rel}","templated":true}]}}