{"id":103697,"date":"2020-06-30T17:43:51","date_gmt":"2020-06-30T15:43:51","guid":{"rendered":"https:\/\/www.vetorino.com\/boutique\/product\/versikor-500-2\/"},"modified":"2025-12-03T02:42:19","modified_gmt":"2025-12-03T01:42:19","slug":"versikor-500-2","status":"publish","type":"product","link":"https:\/\/www.vetorino.com\/veterinaire\/riedisheim-68400\/boutique\/product\/versikor-500-2\/","title":{"rendered":"Versikor 500"},"content":{"rendered":"<div class=\"product info detailed\">\n<div class=\"product data items\" role=\"tablist\">\n<div class=\"contents\">\n<div id=\"description\" class=\"data item content\" aria-labelledby=\"tab-label-description-title\" data-role=\"content\">\n<div class=\"product attribute description\">\n<div class=\"value\">\n<p><b>Aliment compl\u00e9mentaire d\u00e9velopp\u00e9 par des v\u00e9t\u00e9rinaires riche en PSP (polysaccharopeptide) extrait du mycelium du champignon Coriolus versicolor.\u00a0<\/b><b>Destin\u00e9 au soutien de la qualit\u00e9 de vie, du poids et de l\u2019app\u00e9tit des chiens et des chats.<\/b><\/p>\n<p><strong>Utilisation :<\/strong><\/p>\n<ul>\n<li>Soutien immunitaire<\/li>\n<li>Chiens ou chats canc\u00e9reux<\/li>\n<\/ul>\n<p><strong>Avantages :<\/strong><\/p>\n<ul>\n<li>Aide \u00e0 soutenir les\u00a0<strong>d\u00e9fenses immunitaires naturelles<\/strong>\u00a0et soutient la qualit\u00e9 de vie, le poids, l\u2019app\u00e9tit et la vivacit\u00e9 en cas de maladie.<\/li>\n<li>Le PSP agit sur des voies m\u00e9taboliques communes \u00e0 tous les mammif\u00e8res et peut donc \u00eatre utilis\u00e9 aussi bien chez le chien et le chat que chez les NAC.<\/li>\n<li>Comprim\u00e9s\u00a0<strong>aromatis\u00e9s (go\u00fbt foie) et bis\u00e9cables<\/strong>\u00a0afin de faciliter la prise. Si besoin, les comprim\u00e9s peuvent ais\u00e9ment \u00eatre \u00e9cras\u00e9s et m\u00e9lang\u00e9s avec un peu de nourriture.<\/li>\n<\/ul>\n<p><strong>Propri\u00e9t\u00e9s du PSP :<\/strong><\/p>\n<ul>\n<li><strong>Origine :<\/strong>\u00a0le PSP est un polysaccharopeptide tr\u00e8s sp\u00e9cifique extrait du mycelium de Coriolus versicolor.<\/li>\n<li><strong>Le PSP contribue au d\u00e9veloppement de l\u2019immunit\u00e9 :<\/strong>\u00a0il favorise le recrutement des cellules immunitaires, active le compl\u00e9ment et les cytokines pro-inflammatoires et normalise la lign\u00e9e blanche en cas de chute de celle-ci.<\/li>\n<li><strong>Le PSP agit sur les cellules canc\u00e9reuses de fa\u00e7on cibl\u00e9e :<\/strong>\u00a0il favorise l\u2019apoptose, inhibe l\u2019angiogen\u00e8se, inhibe la prolif\u00e9ration cellulaire, r\u00e9duit l\u2019invasion tissulaire et les m\u00e9tastases en agissant sur certains Cancer Hallmarks, communs \u00e0 toutes les tumeurs.<\/li>\n<li><strong>Le PSP permet une am\u00e9lioration de la qualit\u00e9 de vie :<\/strong>\u00a0des \u00e9tudes cliniques chez des patients humains canc\u00e9reux ont montr\u00e9 qu\u2019il diminuait la fatigue, la perte de poids, l\u2019anorexie, les naus\u00e9es et la douleur.<\/li>\n<li><strong>Le PSP potentialise la chimioth\u00e9rapie :<\/strong>\u00a0m\u00eame si de nombreuses \u00e9tudes ont d\u00e9montr\u00e9 les atouts du PSP utilis\u00e9 seul, d\u2019autres ont aussi prouv\u00e9 qu\u2019il augmente la cytotoxicit\u00e9 de la doxorubicine et de l\u2019etoposide, et contrebalance l\u2019immuno- d\u00e9pression induite par le cyclophosphamide.<\/li>\n<\/ul>\n<p><strong>Mode d&#8217;emploi :<\/strong><\/p>\n<ul>\n<li>Administrer par voie orale 1 comprim\u00e9 pour 5 kg de poids vif.<\/li>\n<li>A administrer en une prise quotidienne. Au-del\u00e0 de 20kg, possibilit\u00e9 de r\u00e9partir la dose en 2 prises quotidiennes.<\/li>\n<li>Dur\u00e9e d\u2019administration \u00e0 d\u00e9finir avec le v\u00e9t\u00e9rinaire traitant.<\/li>\n<\/ul>\n<p><strong>Suivez les recommandations de votre v\u00e9t\u00e9rinaire.<\/strong><\/p>\n<\/div>\n<\/div>\n<\/div>\n<\/div>\n<\/div>\n<\/div>\n","protected":false},"excerpt":{"rendered":"<p><b>Aliment compl\u00e9mentaire d\u00e9velopp\u00e9 par des v\u00e9t\u00e9rinaires et riche en PSP (polysaccharopeptide) extrait du myc\u00e9lium du champignon Coriolus versicolor.\u00a0<\/b><b>Destin\u00e9 au soutien de la qualit\u00e9 de vie, du poids et de l\u2019app\u00e9tit des chiens et des chats.<\/b><\/p>\n<p><strong>Utilisation :<\/strong><\/p>\n<ul>\n<li>Soutien immunitaire<\/li>\n<li>Chiens ou chats canc\u00e9reux<\/li>\n<\/ul>\n","protected":false},"featured_media":265625,"template":"","meta":[],"product_cat":[2697,2698,12567,12568,12639,12640],"product_tag":[],"class_list":{"0":"post-103697","1":"product","2":"type-product","3":"status-publish","4":"has-post-thumbnail","6":"product_cat-chat","7":"product_cat-chien","8":"product_cat-produit-veterinaire-du-chat","9":"product_cat-produit-veterinaire-du-chien","10":"product_cat-systeme-immunitaire-du-chat","11":"product_cat-systeme-immunitaire-du-chien","12":"pa_marque-osalia","14":"first","15":"instock","16":"taxable","17":"shipping-taxable","18":"purchasable","19":"product-type-variable"},"yoast_head":"<!-- This site is optimized with the Yoast SEO plugin v27.3 - https:\/\/yoast.com\/product\/yoast-seo-wordpress\/ -->\n<title>Versikor 500 Osalia - V\u00e9torino<\/title>\n<meta name=\"description\" content=\"Aliment compl\u00e9mentaire d\u00e9velopp\u00e9 par des v\u00e9t\u00e9rinaires et riche en PSP (polysaccharopeptide) extrait du myc\u00e9lium du champignon Coriolus versicolor.\u00a0Destin\u00e9 au soutien de la qualit\u00e9 de vie, du poids et de l\u2019app\u00e9tit des chiens et des chats.  Utilisation :   Soutien immunitaire  Chiens ou chats canc\u00e9reux\" \/>\n<meta name=\"robots\" content=\"noindex, nofollow\" \/>\n<meta property=\"og:locale\" content=\"fr_FR\" \/>\n<meta property=\"og:type\" content=\"article\" \/>\n<meta property=\"og:title\" content=\"Versikor 500 Osalia - V\u00e9torino\" \/>\n<meta property=\"og:description\" content=\"Aliment compl\u00e9mentaire d\u00e9velopp\u00e9 par des v\u00e9t\u00e9rinaires et riche en PSP (polysaccharopeptide) extrait du myc\u00e9lium du champignon Coriolus versicolor.\u00a0Destin\u00e9 au soutien de la qualit\u00e9 de vie, du poids et de l\u2019app\u00e9tit des chiens et des chats.  Utilisation :   Soutien immunitaire  Chiens ou chats canc\u00e9reux\" \/>\n<meta property=\"og:url\" content=\"https:\/\/www.vetorino.com\/veterinaire\/riedisheim-68400\/boutique\/product\/versikor-500-2\/\" \/>\n<meta property=\"og:site_name\" content=\"V\u00e9torino\" \/>\n<meta property=\"article:publisher\" content=\"https:\/\/www.facebook.com\/Vetorino\/\" \/>\n<meta property=\"article:modified_time\" content=\"2025-12-03T01:42:19+00:00\" \/>\n<meta property=\"og:image\" content=\"https:\/\/www.vetorino.com\/boutique\/wp-content\/uploads\/2020\/03\/versikor-500.jpg.png\" \/>\n\t<meta property=\"og:image:width\" content=\"458\" \/>\n\t<meta property=\"og:image:height\" content=\"458\" \/>\n\t<meta property=\"og:image:type\" content=\"image\/png\" \/>\n<meta name=\"twitter:card\" content=\"summary_large_image\" \/>\n<meta name=\"twitter:label1\" content=\"Disponibilit\u00e9\" \/>\n\t<meta name=\"twitter:data1\" content=\"En stock\" \/>\n<script type=\"application\/ld+json\" class=\"yoast-schema-graph\">{\"@context\":\"https:\\\/\\\/schema.org\",\"@graph\":[{\"@type\":\"WebPage\",\"@id\":\"https:\\\/\\\/www.vetorino.com\\\/boutique\\\/product\\\/versikor-500-2\\\/\",\"url\":\"https:\\\/\\\/www.vetorino.com\\\/boutique\\\/product\\\/versikor-500-2\\\/\",\"name\":\"Versikor 500 Osalia - V\u00e9torino\",\"isPartOf\":{\"@id\":\"https:\\\/\\\/www.vetorino.com\\\/boutique\\\/#website\"},\"primaryImageOfPage\":{\"@id\":\"https:\\\/\\\/www.vetorino.com\\\/boutique\\\/product\\\/versikor-500-2\\\/#primaryimage\"},\"image\":{\"@id\":\"https:\\\/\\\/www.vetorino.com\\\/boutique\\\/product\\\/versikor-500-2\\\/#primaryimage\"},\"thumbnailUrl\":\"https:\\\/\\\/www.vetorino.com\\\/boutique\\\/wp-content\\\/uploads\\\/2020\\\/03\\\/versikor-500.jpg.png\",\"datePublished\":\"2020-06-30T15:43:51+00:00\",\"dateModified\":\"2025-12-03T01:42:19+00:00\",\"description\":\"Aliment compl\u00e9mentaire d\u00e9velopp\u00e9 par des v\u00e9t\u00e9rinaires et riche en PSP (polysaccharopeptide) extrait du myc\u00e9lium du champignon Coriolus versicolor.\u00a0Destin\u00e9 au soutien de la qualit\u00e9 de vie, du poids et de l\u2019app\u00e9tit des chiens et des chats. Utilisation : Soutien immunitaire Chiens ou chats canc\u00e9reux\",\"breadcrumb\":{\"@id\":\"https:\\\/\\\/www.vetorino.com\\\/boutique\\\/product\\\/versikor-500-2\\\/#breadcrumb\"},\"inLanguage\":\"fr-FR\",\"potentialAction\":[{\"@type\":\"ReadAction\",\"target\":[\"https:\\\/\\\/www.vetorino.com\\\/boutique\\\/product\\\/versikor-500-2\\\/\"]}]},{\"@type\":\"ImageObject\",\"inLanguage\":\"fr-FR\",\"@id\":\"https:\\\/\\\/www.vetorino.com\\\/boutique\\\/product\\\/versikor-500-2\\\/#primaryimage\",\"url\":\"https:\\\/\\\/www.vetorino.com\\\/boutique\\\/wp-content\\\/uploads\\\/2020\\\/03\\\/versikor-500.jpg.png\",\"contentUrl\":\"https:\\\/\\\/www.vetorino.com\\\/boutique\\\/wp-content\\\/uploads\\\/2020\\\/03\\\/versikor-500.jpg.png\",\"width\":458,\"height\":458,\"caption\":\"compl\u00e9ment alimentaire OSALIA Versikor 500\"},{\"@type\":\"BreadcrumbList\",\"@id\":\"https:\\\/\\\/www.vetorino.com\\\/boutique\\\/product\\\/versikor-500-2\\\/#breadcrumb\",\"itemListElement\":[{\"@type\":\"ListItem\",\"position\":1,\"name\":\"Accueil\",\"item\":\"https:\\\/\\\/www.vetorino.com\\\/boutique\\\/\"},{\"@type\":\"ListItem\",\"position\":2,\"name\":\"Produits\",\"item\":\"https:\\\/\\\/www.vetorino.com\\\/boutique\\\/\"},{\"@type\":\"ListItem\",\"position\":3,\"name\":\"Versikor 500\"}]},{\"@type\":\"WebSite\",\"@id\":\"https:\\\/\\\/www.vetorino.com\\\/boutique\\\/#website\",\"url\":\"https:\\\/\\\/www.vetorino.com\\\/boutique\\\/\",\"name\":\"V\u00e9torino\",\"description\":\"\",\"publisher\":{\"@id\":\"https:\\\/\\\/www.vetorino.com\\\/boutique\\\/#organization\"},\"potentialAction\":[{\"@type\":\"SearchAction\",\"target\":{\"@type\":\"EntryPoint\",\"urlTemplate\":\"https:\\\/\\\/www.vetorino.com\\\/boutique\\\/?s={search_term_string}\"},\"query-input\":{\"@type\":\"PropertyValueSpecification\",\"valueRequired\":true,\"valueName\":\"search_term_string\"}}],\"inLanguage\":\"fr-FR\"},{\"@type\":\"Organization\",\"@id\":\"https:\\\/\\\/www.vetorino.com\\\/boutique\\\/#organization\",\"name\":\"V\u00e9torino\",\"url\":\"https:\\\/\\\/www.vetorino.com\\\/boutique\\\/\",\"logo\":{\"@type\":\"ImageObject\",\"inLanguage\":\"fr-FR\",\"@id\":\"https:\\\/\\\/www.vetorino.com\\\/boutique\\\/#\\\/schema\\\/logo\\\/image\\\/\",\"url\":\"https:\\\/\\\/www.vetorino.com\\\/boutique\\\/wp-content\\\/uploads\\\/2024\\\/10\\\/logo.jpg\",\"contentUrl\":\"https:\\\/\\\/www.vetorino.com\\\/boutique\\\/wp-content\\\/uploads\\\/2024\\\/10\\\/logo.jpg\",\"width\":1200,\"height\":610,\"caption\":\"V\u00e9torino\"},\"image\":{\"@id\":\"https:\\\/\\\/www.vetorino.com\\\/boutique\\\/#\\\/schema\\\/logo\\\/image\\\/\"},\"sameAs\":[\"https:\\\/\\\/www.facebook.com\\\/Vetorino\\\/\",\"https:\\\/\\\/www.instagram.com\\\/vetorino_off\\\/\",\"https:\\\/\\\/www.linkedin.com\\\/company\\\/vtorino\\\/\"]}]}<\/script>\n<meta property=\"product:brand\" content=\"Osalia\" \/>\n<meta property=\"og:availability\" content=\"instock\" \/>\n<meta property=\"product:availability\" content=\"instock\" \/>\n<meta property=\"product:condition\" content=\"new\" \/>\n<!-- \/ Yoast SEO plugin. -->","yoast_head_json":{"title":"Versikor 500 Osalia - V\u00e9torino","description":"Aliment compl\u00e9mentaire d\u00e9velopp\u00e9 par des v\u00e9t\u00e9rinaires et riche en PSP (polysaccharopeptide) extrait du myc\u00e9lium du champignon Coriolus versicolor.\u00a0Destin\u00e9 au soutien de la qualit\u00e9 de vie, du poids et de l\u2019app\u00e9tit des chiens et des chats.  Utilisation :   Soutien immunitaire  Chiens ou chats canc\u00e9reux","robots":{"index":"noindex","follow":"nofollow"},"og_locale":"fr_FR","og_type":"article","og_title":"Versikor 500 Osalia - V\u00e9torino","og_description":"Aliment compl\u00e9mentaire d\u00e9velopp\u00e9 par des v\u00e9t\u00e9rinaires et riche en PSP (polysaccharopeptide) extrait du myc\u00e9lium du champignon Coriolus versicolor.\u00a0Destin\u00e9 au soutien de la qualit\u00e9 de vie, du poids et de l\u2019app\u00e9tit des chiens et des chats.  Utilisation :   Soutien immunitaire  Chiens ou chats canc\u00e9reux","og_url":"https:\/\/www.vetorino.com\/veterinaire\/riedisheim-68400\/boutique\/product\/versikor-500-2\/","og_site_name":"V\u00e9torino","article_publisher":"https:\/\/www.facebook.com\/Vetorino\/","article_modified_time":"2025-12-03T01:42:19+00:00","og_image":[{"width":458,"height":458,"url":"https:\/\/www.vetorino.com\/boutique\/wp-content\/uploads\/2020\/03\/versikor-500.jpg.png","type":"image\/png"}],"twitter_card":"summary_large_image","twitter_misc":{"Disponibilit\u00e9":"En stock"},"schema":{"@context":"https:\/\/schema.org","@graph":[{"@type":"WebPage","@id":"https:\/\/www.vetorino.com\/boutique\/product\/versikor-500-2\/","url":"https:\/\/www.vetorino.com\/boutique\/product\/versikor-500-2\/","name":"Versikor 500 Osalia - V\u00e9torino","isPartOf":{"@id":"https:\/\/www.vetorino.com\/boutique\/#website"},"primaryImageOfPage":{"@id":"https:\/\/www.vetorino.com\/boutique\/product\/versikor-500-2\/#primaryimage"},"image":{"@id":"https:\/\/www.vetorino.com\/boutique\/product\/versikor-500-2\/#primaryimage"},"thumbnailUrl":"https:\/\/www.vetorino.com\/boutique\/wp-content\/uploads\/2020\/03\/versikor-500.jpg.png","datePublished":"2020-06-30T15:43:51+00:00","dateModified":"2025-12-03T01:42:19+00:00","description":"Aliment compl\u00e9mentaire d\u00e9velopp\u00e9 par des v\u00e9t\u00e9rinaires et riche en PSP (polysaccharopeptide) extrait du myc\u00e9lium du champignon Coriolus versicolor.\u00a0Destin\u00e9 au soutien de la qualit\u00e9 de vie, du poids et de l\u2019app\u00e9tit des chiens et des chats. Utilisation : Soutien immunitaire Chiens ou chats canc\u00e9reux","breadcrumb":{"@id":"https:\/\/www.vetorino.com\/boutique\/product\/versikor-500-2\/#breadcrumb"},"inLanguage":"fr-FR","potentialAction":[{"@type":"ReadAction","target":["https:\/\/www.vetorino.com\/boutique\/product\/versikor-500-2\/"]}]},{"@type":"ImageObject","inLanguage":"fr-FR","@id":"https:\/\/www.vetorino.com\/boutique\/product\/versikor-500-2\/#primaryimage","url":"https:\/\/www.vetorino.com\/boutique\/wp-content\/uploads\/2020\/03\/versikor-500.jpg.png","contentUrl":"https:\/\/www.vetorino.com\/boutique\/wp-content\/uploads\/2020\/03\/versikor-500.jpg.png","width":458,"height":458,"caption":"compl\u00e9ment alimentaire OSALIA Versikor 500"},{"@type":"BreadcrumbList","@id":"https:\/\/www.vetorino.com\/boutique\/product\/versikor-500-2\/#breadcrumb","itemListElement":[{"@type":"ListItem","position":1,"name":"Accueil","item":"https:\/\/www.vetorino.com\/boutique\/"},{"@type":"ListItem","position":2,"name":"Produits","item":"https:\/\/www.vetorino.com\/boutique\/"},{"@type":"ListItem","position":3,"name":"Versikor 500"}]},{"@type":"WebSite","@id":"https:\/\/www.vetorino.com\/boutique\/#website","url":"https:\/\/www.vetorino.com\/boutique\/","name":"V\u00e9torino","description":"","publisher":{"@id":"https:\/\/www.vetorino.com\/boutique\/#organization"},"potentialAction":[{"@type":"SearchAction","target":{"@type":"EntryPoint","urlTemplate":"https:\/\/www.vetorino.com\/boutique\/?s={search_term_string}"},"query-input":{"@type":"PropertyValueSpecification","valueRequired":true,"valueName":"search_term_string"}}],"inLanguage":"fr-FR"},{"@type":"Organization","@id":"https:\/\/www.vetorino.com\/boutique\/#organization","name":"V\u00e9torino","url":"https:\/\/www.vetorino.com\/boutique\/","logo":{"@type":"ImageObject","inLanguage":"fr-FR","@id":"https:\/\/www.vetorino.com\/boutique\/#\/schema\/logo\/image\/","url":"https:\/\/www.vetorino.com\/boutique\/wp-content\/uploads\/2024\/10\/logo.jpg","contentUrl":"https:\/\/www.vetorino.com\/boutique\/wp-content\/uploads\/2024\/10\/logo.jpg","width":1200,"height":610,"caption":"V\u00e9torino"},"image":{"@id":"https:\/\/www.vetorino.com\/boutique\/#\/schema\/logo\/image\/"},"sameAs":["https:\/\/www.facebook.com\/Vetorino\/","https:\/\/www.instagram.com\/vetorino_off\/","https:\/\/www.linkedin.com\/company\/vtorino\/"]}]},"product_brand":"Osalia","og_availability":"instock","product_availability":"instock","product_condition":"new"},"_links":{"self":[{"href":"https:\/\/www.vetorino.com\/veterinaire\/riedisheim-68400\/boutique\/wp-json\/wp\/v2\/product\/103697","targetHints":{"allow":["GET"]}}],"collection":[{"href":"https:\/\/www.vetorino.com\/veterinaire\/riedisheim-68400\/boutique\/wp-json\/wp\/v2\/product"}],"about":[{"href":"https:\/\/www.vetorino.com\/veterinaire\/riedisheim-68400\/boutique\/wp-json\/wp\/v2\/types\/product"}],"wp:featuredmedia":[{"embeddable":true,"href":"https:\/\/www.vetorino.com\/veterinaire\/riedisheim-68400\/boutique\/wp-json\/wp\/v2\/media\/265625"}],"wp:attachment":[{"href":"https:\/\/www.vetorino.com\/veterinaire\/riedisheim-68400\/boutique\/wp-json\/wp\/v2\/media?parent=103697"}],"wp:term":[{"taxonomy":"product_cat","embeddable":true,"href":"https:\/\/www.vetorino.com\/veterinaire\/riedisheim-68400\/boutique\/wp-json\/wp\/v2\/product_cat?post=103697"},{"taxonomy":"product_tag","embeddable":true,"href":"https:\/\/www.vetorino.com\/veterinaire\/riedisheim-68400\/boutique\/wp-json\/wp\/v2\/product_tag?post=103697"}],"curies":[{"name":"wp","href":"https:\/\/api.w.org\/{rel}","templated":true}]}}