{"id":1450784,"date":"2025-08-13T16:30:28","date_gmt":"2025-08-13T14:30:28","guid":{"rendered":"https:\/\/www.vetorino.com\/boutique\/product\/jouet-chien-silly-tronc-darbre-en-latex\/"},"modified":"2025-11-15T09:41:31","modified_gmt":"2025-11-15T08:41:31","slug":"jouet-chien-silly-tronc-darbre-en-latex","status":"publish","type":"product","link":"https:\/\/www.vetorino.com\/veterinaire\/riedisheim-68400\/boutique\/product\/jouet-chien-silly-tronc-darbre-en-latex\/","title":{"rendered":"Jouet Silly Tronc d&#8217;Arbre &#8211; chien"},"content":{"rendered":"<p>Votre chien est friand de jouets sonores ?<\/p>\n<p>Ce\u00a0 jouet est un choix id\u00e9al pour les propri\u00e9taires de chiens qui cherchent \u00e0<strong> divertir leur ami \u00e0 quatre pattes et \u00e0 stimuler son instinct naturel de jeu.\u00a0<\/strong><\/p>\n<p>Fabriqu\u00e9 <strong>en latex<\/strong>, ce jouet en forme de tronc d&#8217;arbre est non seulement r\u00e9sistant, mais aussi doux et flexible, ce qui est <strong>parfait pour les m\u00e2choires et les dents des chiens.<\/strong><\/p>\n<p>Son <strong>motif color\u00e9 et amusant<\/strong> est s\u00fbr de captiver l&#8217;attention de votre chien et de le<strong> garder occup\u00e9 pendant des heures.<\/strong><\/p>\n","protected":false},"excerpt":{"rendered":"<p>Votre chien est friand de jouets sonores ?<\/p>\n<p>Ce\u00a0 jouet est un choix id\u00e9al pour les propri\u00e9taires de chiens qui cherchent \u00e0<strong> divertir leur ami \u00e0 quatre pattes et \u00e0 stimuler son instinct naturel de jeu.\u00a0<\/strong><\/p>\n<p>Fabriqu\u00e9 <strong>en latex<\/strong>, ce jouet en forme de tronc d&#8217;arbre est non seulement r\u00e9sistant, mais aussi doux et flexible, ce qui est <strong>parfait pour les m\u00e2choires et les dents des chiens.<\/strong><\/p>\n<p>Son <strong>motif color\u00e9 et amusant<\/strong> est s\u00fbr de captiver l&#8217;attention de votre chien et de le<strong> garder occup\u00e9 pendant des heures.<\/strong><\/p>\n","protected":false},"featured_media":1450785,"template":"","meta":[],"product_cat":[12550,2698,2802,12621],"product_tag":[],"class_list":{"0":"post-1450784","1":"product","2":"type-product","3":"status-publish","4":"has-post-thumbnail","6":"product_cat-accessoires-du-chien","7":"product_cat-chien","8":"product_cat-jouets-a-macher-pour-chien","9":"product_cat-jeux-educatifs-pour-chien","10":"pa_marque-materiel","12":"first","13":"instock","14":"taxable","15":"shipping-taxable","16":"purchasable","17":"product-type-simple"},"yoast_head":"<!-- This site is optimized with the Yoast SEO plugin v27.3 - https:\/\/yoast.com\/product\/yoast-seo-wordpress\/ -->\n<title>Jouet Silly Tronc d&#039;Arbre - chien Mat\u00e9riel - V\u00e9torino<\/title>\n<meta name=\"description\" content=\"Votre chien est friand de jouets sonores ?  Ce\u00a0 jouet est un choix id\u00e9al pour les propri\u00e9taires de chiens qui cherchent \u00e0 divertir leur ami \u00e0 quatre pattes et \u00e0 stimuler son instinct naturel de jeu.\u00a0  Fabriqu\u00e9 en latex, ce jouet en forme de tronc d&#039;arbre est non seulement r\u00e9sistant, mais aussi doux et flexible, ce qui est parfait pour les m\u00e2choires et les dents des chiens.  Son motif color\u00e9 et amusant est s\u00fbr de captiver l&#039;attention de votre chien et de le garder occup\u00e9 pendant des heures.\" \/>\n<meta name=\"robots\" content=\"noindex, nofollow\" \/>\n<meta property=\"og:locale\" content=\"fr_FR\" \/>\n<meta property=\"og:type\" content=\"article\" \/>\n<meta property=\"og:title\" content=\"Jouet Silly Tronc d&#039;Arbre - chien Mat\u00e9riel - V\u00e9torino\" \/>\n<meta property=\"og:description\" content=\"Votre chien est friand de jouets sonores ?  Ce\u00a0 jouet est un choix id\u00e9al pour les propri\u00e9taires de chiens qui cherchent \u00e0 divertir leur ami \u00e0 quatre pattes et \u00e0 stimuler son instinct naturel de jeu.\u00a0  Fabriqu\u00e9 en latex, ce jouet en forme de tronc d&#039;arbre est non seulement r\u00e9sistant, mais aussi doux et flexible, ce qui est parfait pour les m\u00e2choires et les dents des chiens.  Son motif color\u00e9 et amusant est s\u00fbr de captiver l&#039;attention de votre chien et de le garder occup\u00e9 pendant des heures.\" \/>\n<meta property=\"og:url\" content=\"https:\/\/www.vetorino.com\/veterinaire\/riedisheim-68400\/boutique\/product\/jouet-chien-silly-tronc-darbre-en-latex\/\" \/>\n<meta property=\"og:site_name\" content=\"V\u00e9torino\" \/>\n<meta property=\"article:publisher\" content=\"https:\/\/www.facebook.com\/Vetorino\/\" \/>\n<meta property=\"article:modified_time\" content=\"2025-11-15T08:41:31+00:00\" \/>\n<meta property=\"og:image\" content=\"https:\/\/www.vetorino.com\/boutique\/wp-content\/uploads\/2025\/08\/jouet-silly-tronc-chien.jpg\" \/>\n\t<meta property=\"og:image:width\" content=\"400\" \/>\n\t<meta property=\"og:image:height\" content=\"400\" \/>\n\t<meta property=\"og:image:type\" content=\"image\/jpeg\" \/>\n<meta name=\"twitter:card\" content=\"summary_large_image\" \/>\n<meta name=\"twitter:label1\" content=\"Prix\" \/>\n\t<meta name=\"twitter:data1\" content=\"4,80&euro;\" \/>\n\t<meta name=\"twitter:label2\" content=\"Disponibilit\u00e9\" \/>\n\t<meta name=\"twitter:data2\" content=\"En stock\" \/>\n<script type=\"application\/ld+json\" class=\"yoast-schema-graph\">{\"@context\":\"https:\\\/\\\/schema.org\",\"@graph\":[{\"@type\":\"WebPage\",\"@id\":\"https:\\\/\\\/www.vetorino.com\\\/boutique\\\/product\\\/jouet-chien-silly-tronc-darbre-en-latex\\\/\",\"url\":\"https:\\\/\\\/www.vetorino.com\\\/boutique\\\/product\\\/jouet-chien-silly-tronc-darbre-en-latex\\\/\",\"name\":\"Jouet Silly Tronc d'Arbre - chien Mat\u00e9riel - V\u00e9torino\",\"isPartOf\":{\"@id\":\"https:\\\/\\\/www.vetorino.com\\\/boutique\\\/#website\"},\"primaryImageOfPage\":{\"@id\":\"https:\\\/\\\/www.vetorino.com\\\/boutique\\\/product\\\/jouet-chien-silly-tronc-darbre-en-latex\\\/#primaryimage\"},\"image\":{\"@id\":\"https:\\\/\\\/www.vetorino.com\\\/boutique\\\/product\\\/jouet-chien-silly-tronc-darbre-en-latex\\\/#primaryimage\"},\"thumbnailUrl\":\"https:\\\/\\\/www.vetorino.com\\\/boutique\\\/wp-content\\\/uploads\\\/2025\\\/08\\\/jouet-silly-tronc-chien.jpg\",\"datePublished\":\"2025-08-13T14:30:28+00:00\",\"dateModified\":\"2025-11-15T08:41:31+00:00\",\"description\":\"Votre chien est friand de jouets sonores ? Ce\u00a0 jouet est un choix id\u00e9al pour les propri\u00e9taires de chiens qui cherchent \u00e0 divertir leur ami \u00e0 quatre pattes et \u00e0 stimuler son instinct naturel de jeu.\u00a0 Fabriqu\u00e9 en latex, ce jouet en forme de tronc d'arbre est non seulement r\u00e9sistant, mais aussi doux et flexible, ce qui est parfait pour les m\u00e2choires et les dents des chiens. Son motif color\u00e9 et amusant est s\u00fbr de captiver l'attention de votre chien et de le garder occup\u00e9 pendant des heures.\",\"breadcrumb\":{\"@id\":\"https:\\\/\\\/www.vetorino.com\\\/boutique\\\/product\\\/jouet-chien-silly-tronc-darbre-en-latex\\\/#breadcrumb\"},\"inLanguage\":\"fr-FR\",\"potentialAction\":[{\"@type\":\"ReadAction\",\"target\":[\"https:\\\/\\\/www.vetorino.com\\\/boutique\\\/product\\\/jouet-chien-silly-tronc-darbre-en-latex\\\/\"]}]},{\"@type\":\"ImageObject\",\"inLanguage\":\"fr-FR\",\"@id\":\"https:\\\/\\\/www.vetorino.com\\\/boutique\\\/product\\\/jouet-chien-silly-tronc-darbre-en-latex\\\/#primaryimage\",\"url\":\"https:\\\/\\\/www.vetorino.com\\\/boutique\\\/wp-content\\\/uploads\\\/2025\\\/08\\\/jouet-silly-tronc-chien.jpg\",\"contentUrl\":\"https:\\\/\\\/www.vetorino.com\\\/boutique\\\/wp-content\\\/uploads\\\/2025\\\/08\\\/jouet-silly-tronc-chien.jpg\",\"width\":400,\"height\":400},{\"@type\":\"BreadcrumbList\",\"@id\":\"https:\\\/\\\/www.vetorino.com\\\/boutique\\\/product\\\/jouet-chien-silly-tronc-darbre-en-latex\\\/#breadcrumb\",\"itemListElement\":[{\"@type\":\"ListItem\",\"position\":1,\"name\":\"Accueil\",\"item\":\"https:\\\/\\\/www.vetorino.com\\\/boutique\\\/\"},{\"@type\":\"ListItem\",\"position\":2,\"name\":\"Produits\",\"item\":\"https:\\\/\\\/www.vetorino.com\\\/boutique\\\/\"},{\"@type\":\"ListItem\",\"position\":3,\"name\":\"Jouet Silly Tronc d&#8217;Arbre &#8211; chien\"}]},{\"@type\":\"WebSite\",\"@id\":\"https:\\\/\\\/www.vetorino.com\\\/boutique\\\/#website\",\"url\":\"https:\\\/\\\/www.vetorino.com\\\/boutique\\\/\",\"name\":\"V\u00e9torino\",\"description\":\"\",\"publisher\":{\"@id\":\"https:\\\/\\\/www.vetorino.com\\\/boutique\\\/#organization\"},\"potentialAction\":[{\"@type\":\"SearchAction\",\"target\":{\"@type\":\"EntryPoint\",\"urlTemplate\":\"https:\\\/\\\/www.vetorino.com\\\/boutique\\\/?s={search_term_string}\"},\"query-input\":{\"@type\":\"PropertyValueSpecification\",\"valueRequired\":true,\"valueName\":\"search_term_string\"}}],\"inLanguage\":\"fr-FR\"},{\"@type\":\"Organization\",\"@id\":\"https:\\\/\\\/www.vetorino.com\\\/boutique\\\/#organization\",\"name\":\"V\u00e9torino\",\"url\":\"https:\\\/\\\/www.vetorino.com\\\/boutique\\\/\",\"logo\":{\"@type\":\"ImageObject\",\"inLanguage\":\"fr-FR\",\"@id\":\"https:\\\/\\\/www.vetorino.com\\\/boutique\\\/#\\\/schema\\\/logo\\\/image\\\/\",\"url\":\"https:\\\/\\\/www.vetorino.com\\\/boutique\\\/wp-content\\\/uploads\\\/2024\\\/10\\\/logo.jpg\",\"contentUrl\":\"https:\\\/\\\/www.vetorino.com\\\/boutique\\\/wp-content\\\/uploads\\\/2024\\\/10\\\/logo.jpg\",\"width\":1200,\"height\":610,\"caption\":\"V\u00e9torino\"},\"image\":{\"@id\":\"https:\\\/\\\/www.vetorino.com\\\/boutique\\\/#\\\/schema\\\/logo\\\/image\\\/\"},\"sameAs\":[\"https:\\\/\\\/www.facebook.com\\\/Vetorino\\\/\",\"https:\\\/\\\/www.instagram.com\\\/vetorino_off\\\/\",\"https:\\\/\\\/www.linkedin.com\\\/company\\\/vtorino\\\/\"]}]}<\/script>\n<meta property=\"product:brand\" content=\"Mat\u00e9riel\" \/>\n<meta property=\"product:price:amount\" content=\"4.80\" \/>\n<meta property=\"product:price:currency\" content=\"EUR\" \/>\n<meta property=\"og:availability\" content=\"instock\" \/>\n<meta property=\"product:availability\" content=\"instock\" \/>\n<meta property=\"product:retailer_item_id\" content=\"C-JO0750\" \/>\n<meta property=\"product:condition\" content=\"new\" \/>\n<!-- \/ Yoast SEO plugin. -->","yoast_head_json":{"title":"Jouet Silly Tronc d'Arbre - chien Mat\u00e9riel - V\u00e9torino","description":"Votre chien est friand de jouets sonores ?  Ce\u00a0 jouet est un choix id\u00e9al pour les propri\u00e9taires de chiens qui cherchent \u00e0 divertir leur ami \u00e0 quatre pattes et \u00e0 stimuler son instinct naturel de jeu.\u00a0  Fabriqu\u00e9 en latex, ce jouet en forme de tronc d'arbre est non seulement r\u00e9sistant, mais aussi doux et flexible, ce qui est parfait pour les m\u00e2choires et les dents des chiens.  Son motif color\u00e9 et amusant est s\u00fbr de captiver l'attention de votre chien et de le garder occup\u00e9 pendant des heures.","robots":{"index":"noindex","follow":"nofollow"},"og_locale":"fr_FR","og_type":"article","og_title":"Jouet Silly Tronc d'Arbre - chien Mat\u00e9riel - V\u00e9torino","og_description":"Votre chien est friand de jouets sonores ?  Ce\u00a0 jouet est un choix id\u00e9al pour les propri\u00e9taires de chiens qui cherchent \u00e0 divertir leur ami \u00e0 quatre pattes et \u00e0 stimuler son instinct naturel de jeu.\u00a0  Fabriqu\u00e9 en latex, ce jouet en forme de tronc d'arbre est non seulement r\u00e9sistant, mais aussi doux et flexible, ce qui est parfait pour les m\u00e2choires et les dents des chiens.  Son motif color\u00e9 et amusant est s\u00fbr de captiver l'attention de votre chien et de le garder occup\u00e9 pendant des heures.","og_url":"https:\/\/www.vetorino.com\/veterinaire\/riedisheim-68400\/boutique\/product\/jouet-chien-silly-tronc-darbre-en-latex\/","og_site_name":"V\u00e9torino","article_publisher":"https:\/\/www.facebook.com\/Vetorino\/","article_modified_time":"2025-11-15T08:41:31+00:00","og_image":[{"width":400,"height":400,"url":"https:\/\/www.vetorino.com\/boutique\/wp-content\/uploads\/2025\/08\/jouet-silly-tronc-chien.jpg","type":"image\/jpeg"}],"twitter_card":"summary_large_image","twitter_misc":{"Prix":"4,80&euro;","Disponibilit\u00e9":"En stock"},"schema":{"@context":"https:\/\/schema.org","@graph":[{"@type":"WebPage","@id":"https:\/\/www.vetorino.com\/boutique\/product\/jouet-chien-silly-tronc-darbre-en-latex\/","url":"https:\/\/www.vetorino.com\/boutique\/product\/jouet-chien-silly-tronc-darbre-en-latex\/","name":"Jouet Silly Tronc d'Arbre - chien Mat\u00e9riel - V\u00e9torino","isPartOf":{"@id":"https:\/\/www.vetorino.com\/boutique\/#website"},"primaryImageOfPage":{"@id":"https:\/\/www.vetorino.com\/boutique\/product\/jouet-chien-silly-tronc-darbre-en-latex\/#primaryimage"},"image":{"@id":"https:\/\/www.vetorino.com\/boutique\/product\/jouet-chien-silly-tronc-darbre-en-latex\/#primaryimage"},"thumbnailUrl":"https:\/\/www.vetorino.com\/boutique\/wp-content\/uploads\/2025\/08\/jouet-silly-tronc-chien.jpg","datePublished":"2025-08-13T14:30:28+00:00","dateModified":"2025-11-15T08:41:31+00:00","description":"Votre chien est friand de jouets sonores ? Ce\u00a0 jouet est un choix id\u00e9al pour les propri\u00e9taires de chiens qui cherchent \u00e0 divertir leur ami \u00e0 quatre pattes et \u00e0 stimuler son instinct naturel de jeu.\u00a0 Fabriqu\u00e9 en latex, ce jouet en forme de tronc d'arbre est non seulement r\u00e9sistant, mais aussi doux et flexible, ce qui est parfait pour les m\u00e2choires et les dents des chiens. Son motif color\u00e9 et amusant est s\u00fbr de captiver l'attention de votre chien et de le garder occup\u00e9 pendant des heures.","breadcrumb":{"@id":"https:\/\/www.vetorino.com\/boutique\/product\/jouet-chien-silly-tronc-darbre-en-latex\/#breadcrumb"},"inLanguage":"fr-FR","potentialAction":[{"@type":"ReadAction","target":["https:\/\/www.vetorino.com\/boutique\/product\/jouet-chien-silly-tronc-darbre-en-latex\/"]}]},{"@type":"ImageObject","inLanguage":"fr-FR","@id":"https:\/\/www.vetorino.com\/boutique\/product\/jouet-chien-silly-tronc-darbre-en-latex\/#primaryimage","url":"https:\/\/www.vetorino.com\/boutique\/wp-content\/uploads\/2025\/08\/jouet-silly-tronc-chien.jpg","contentUrl":"https:\/\/www.vetorino.com\/boutique\/wp-content\/uploads\/2025\/08\/jouet-silly-tronc-chien.jpg","width":400,"height":400},{"@type":"BreadcrumbList","@id":"https:\/\/www.vetorino.com\/boutique\/product\/jouet-chien-silly-tronc-darbre-en-latex\/#breadcrumb","itemListElement":[{"@type":"ListItem","position":1,"name":"Accueil","item":"https:\/\/www.vetorino.com\/boutique\/"},{"@type":"ListItem","position":2,"name":"Produits","item":"https:\/\/www.vetorino.com\/boutique\/"},{"@type":"ListItem","position":3,"name":"Jouet Silly Tronc d&#8217;Arbre &#8211; chien"}]},{"@type":"WebSite","@id":"https:\/\/www.vetorino.com\/boutique\/#website","url":"https:\/\/www.vetorino.com\/boutique\/","name":"V\u00e9torino","description":"","publisher":{"@id":"https:\/\/www.vetorino.com\/boutique\/#organization"},"potentialAction":[{"@type":"SearchAction","target":{"@type":"EntryPoint","urlTemplate":"https:\/\/www.vetorino.com\/boutique\/?s={search_term_string}"},"query-input":{"@type":"PropertyValueSpecification","valueRequired":true,"valueName":"search_term_string"}}],"inLanguage":"fr-FR"},{"@type":"Organization","@id":"https:\/\/www.vetorino.com\/boutique\/#organization","name":"V\u00e9torino","url":"https:\/\/www.vetorino.com\/boutique\/","logo":{"@type":"ImageObject","inLanguage":"fr-FR","@id":"https:\/\/www.vetorino.com\/boutique\/#\/schema\/logo\/image\/","url":"https:\/\/www.vetorino.com\/boutique\/wp-content\/uploads\/2024\/10\/logo.jpg","contentUrl":"https:\/\/www.vetorino.com\/boutique\/wp-content\/uploads\/2024\/10\/logo.jpg","width":1200,"height":610,"caption":"V\u00e9torino"},"image":{"@id":"https:\/\/www.vetorino.com\/boutique\/#\/schema\/logo\/image\/"},"sameAs":["https:\/\/www.facebook.com\/Vetorino\/","https:\/\/www.instagram.com\/vetorino_off\/","https:\/\/www.linkedin.com\/company\/vtorino\/"]}]},"product_brand":"Mat\u00e9riel","product_price_amount":"4.80","product_price_currency":"EUR","og_availability":"instock","product_availability":"instock","product_retailer_item_id":"C-JO0750","product_condition":"new"},"_links":{"self":[{"href":"https:\/\/www.vetorino.com\/veterinaire\/riedisheim-68400\/boutique\/wp-json\/wp\/v2\/product\/1450784","targetHints":{"allow":["GET"]}}],"collection":[{"href":"https:\/\/www.vetorino.com\/veterinaire\/riedisheim-68400\/boutique\/wp-json\/wp\/v2\/product"}],"about":[{"href":"https:\/\/www.vetorino.com\/veterinaire\/riedisheim-68400\/boutique\/wp-json\/wp\/v2\/types\/product"}],"wp:featuredmedia":[{"embeddable":true,"href":"https:\/\/www.vetorino.com\/veterinaire\/riedisheim-68400\/boutique\/wp-json\/wp\/v2\/media\/1450785"}],"wp:attachment":[{"href":"https:\/\/www.vetorino.com\/veterinaire\/riedisheim-68400\/boutique\/wp-json\/wp\/v2\/media?parent=1450784"}],"wp:term":[{"taxonomy":"product_cat","embeddable":true,"href":"https:\/\/www.vetorino.com\/veterinaire\/riedisheim-68400\/boutique\/wp-json\/wp\/v2\/product_cat?post=1450784"},{"taxonomy":"product_tag","embeddable":true,"href":"https:\/\/www.vetorino.com\/veterinaire\/riedisheim-68400\/boutique\/wp-json\/wp\/v2\/product_tag?post=1450784"}],"curies":[{"name":"wp","href":"https:\/\/api.w.org\/{rel}","templated":true}]}}