{"id":146463,"date":"2020-12-25T00:55:44","date_gmt":"2020-12-24T23:55:44","guid":{"rendered":"https:\/\/www.vetorino.com\/boutique\/product\/veste-luna-back-on-track-sans-manches-femme\/"},"modified":"2025-06-27T13:01:26","modified_gmt":"2025-06-27T11:01:26","slug":"veste-luna-back-on-track-sans-manches-femme","status":"publish","type":"product","link":"https:\/\/www.vetorino.com\/veterinaire\/riedisheim-68400\/boutique\/product\/veste-luna-back-on-track-sans-manches-femme\/","title":{"rendered":"Veste Luna Back On Track sans manches Femme"},"content":{"rendered":"<p>Veste sans manche douce, confortable et \u00e9l\u00e9gante pour chaque occasion !<\/p>\n<ul>\n<li>Fermeture \u00e0 glissi\u00e8re bidirectionnelle avec fermeture \u00e9clair pour plus de confort.<\/li>\n<li>Doublure en Iontex\u00ae sur le haut du corps pour soutenir les \u00e9paules et le cou douloureux.<\/li>\n<li>Logo exclusif en m\u00e9tal en haut\u00a0\u00e0 gauche et le logo Back on Track dans le dos (sauf en taille XL).<\/li>\n<li>Deux poches avant cach\u00e9es avec fermetures \u00e0 glissi\u00e8re dissimul\u00e9es.<\/li>\n<li>Tissu rip stop fin et de haute qualit\u00e9 avec un faux rembourrage en Dupont\u00ae.<\/li>\n<li>Le remplissage est principalement compos\u00e9 de mat\u00e9riaux v\u00e9g\u00e9taux renouvelables et est \u00e9co-efficace.<\/li>\n<li>Duvet artificiel Dupont\u00ae est lisse et contient plusieurs poches d&#8217;air.<\/li>\n<li>Gr\u00e2ce au faux duvet, la veste reste chaude m\u00eame par temps humide.<\/li>\n<li>Iontex\u00ae &#8211; Duvet synth\u00e9tique &#8211; Poches cach\u00e9es &#8211; L\u00e9ger &#8211; Design su\u00e9dois.<\/li>\n<\/ul>\n","protected":false},"excerpt":{"rendered":"<p>Veste sans manche douce, confortable et \u00e9l\u00e9gante pour chaque occasion ! Fermeture \u00e0 glissi\u00e8re bidirectionnelle avec fermeture \u00e9clair pour plus de confort. Doublure en Iontex\u00ae sur le haut du corps pour soutenir les \u00e9paules et le cou douloureux. Logo exclusif en m\u00e9tal en haut\u00a0\u00e0 gauche et le logo Back on Track dans le dos (sauf [&hellip;]<\/p>\n","protected":false},"featured_media":146462,"template":"","meta":[],"product_cat":[12547],"product_tag":[],"class_list":{"0":"post-146463","1":"product","2":"type-product","3":"status-publish","4":"has-post-thumbnail","6":"product_cat-cheval","7":"pa_marque-back-on-track","9":"first","10":"outofstock","11":"taxable","12":"shipping-taxable","13":"purchasable","14":"product-type-variable"},"yoast_head":"<!-- This site is optimized with the Yoast SEO plugin v27.3 - https:\/\/yoast.com\/product\/yoast-seo-wordpress\/ -->\n<title>Veste Luna Back On Track sans manches Femme Back on Track - V\u00e9torino<\/title>\n<meta name=\"description\" content=\"Veste sans manche douce, confortable et \u00e9l\u00e9gante pour chaque occasion ! Fermeture \u00e0 glissi\u00e8re bidirectionnelle avec fermeture \u00e9clair pour plus de confort.\" \/>\n<meta name=\"robots\" content=\"noindex, nofollow\" \/>\n<meta property=\"og:locale\" content=\"fr_FR\" \/>\n<meta property=\"og:type\" content=\"article\" \/>\n<meta property=\"og:title\" content=\"Veste Luna Back On Track sans manches Femme Back on Track - V\u00e9torino\" \/>\n<meta property=\"og:description\" content=\"Veste sans manche douce, confortable et \u00e9l\u00e9gante pour chaque occasion ! Fermeture \u00e0 glissi\u00e8re bidirectionnelle avec fermeture \u00e9clair pour plus de confort.\" \/>\n<meta property=\"og:url\" content=\"https:\/\/www.vetorino.com\/veterinaire\/riedisheim-68400\/boutique\/product\/veste-luna-back-on-track-sans-manches-femme\/\" \/>\n<meta property=\"og:site_name\" content=\"V\u00e9torino\" \/>\n<meta property=\"article:publisher\" content=\"https:\/\/www.facebook.com\/Vetorino\/\" \/>\n<meta property=\"article:modified_time\" content=\"2025-06-27T11:01:26+00:00\" \/>\n<meta property=\"og:image\" content=\"https:\/\/www.vetorino.com\/boutique\/wp-content\/uploads\/2020\/12\/FilsVES799FormatMediumTypeIM-1.png\" \/>\n\t<meta property=\"og:image:width\" content=\"400\" \/>\n\t<meta property=\"og:image:height\" content=\"400\" \/>\n\t<meta property=\"og:image:type\" content=\"image\/png\" \/>\n<meta name=\"twitter:card\" content=\"summary_large_image\" \/>\n<meta name=\"twitter:label1\" content=\"Disponibilit\u00e9\" \/>\n\t<meta name=\"twitter:data1\" content=\"Rupture de stock\" \/>\n<script type=\"application\/ld+json\" class=\"yoast-schema-graph\">{\"@context\":\"https:\\\/\\\/schema.org\",\"@graph\":[{\"@type\":\"WebPage\",\"@id\":\"https:\\\/\\\/www.vetorino.com\\\/boutique\\\/product\\\/veste-luna-back-on-track-sans-manches-femme\\\/\",\"url\":\"https:\\\/\\\/www.vetorino.com\\\/boutique\\\/product\\\/veste-luna-back-on-track-sans-manches-femme\\\/\",\"name\":\"Veste Luna Back On Track sans manches Femme Back on Track - V\u00e9torino\",\"isPartOf\":{\"@id\":\"https:\\\/\\\/www.vetorino.com\\\/boutique\\\/#website\"},\"primaryImageOfPage\":{\"@id\":\"https:\\\/\\\/www.vetorino.com\\\/boutique\\\/product\\\/veste-luna-back-on-track-sans-manches-femme\\\/#primaryimage\"},\"image\":{\"@id\":\"https:\\\/\\\/www.vetorino.com\\\/boutique\\\/product\\\/veste-luna-back-on-track-sans-manches-femme\\\/#primaryimage\"},\"thumbnailUrl\":\"https:\\\/\\\/www.vetorino.com\\\/boutique\\\/wp-content\\\/uploads\\\/2020\\\/12\\\/FilsVES799FormatMediumTypeIM-1.png\",\"datePublished\":\"2020-12-24T23:55:44+00:00\",\"dateModified\":\"2025-06-27T11:01:26+00:00\",\"description\":\"Veste sans manche douce, confortable et \u00e9l\u00e9gante pour chaque occasion ! Fermeture \u00e0 glissi\u00e8re bidirectionnelle avec fermeture \u00e9clair pour plus de confort.\",\"breadcrumb\":{\"@id\":\"https:\\\/\\\/www.vetorino.com\\\/boutique\\\/product\\\/veste-luna-back-on-track-sans-manches-femme\\\/#breadcrumb\"},\"inLanguage\":\"fr-FR\",\"potentialAction\":[{\"@type\":\"ReadAction\",\"target\":[\"https:\\\/\\\/www.vetorino.com\\\/boutique\\\/product\\\/veste-luna-back-on-track-sans-manches-femme\\\/\"]}]},{\"@type\":\"ImageObject\",\"inLanguage\":\"fr-FR\",\"@id\":\"https:\\\/\\\/www.vetorino.com\\\/boutique\\\/product\\\/veste-luna-back-on-track-sans-manches-femme\\\/#primaryimage\",\"url\":\"https:\\\/\\\/www.vetorino.com\\\/boutique\\\/wp-content\\\/uploads\\\/2020\\\/12\\\/FilsVES799FormatMediumTypeIM-1.png\",\"contentUrl\":\"https:\\\/\\\/www.vetorino.com\\\/boutique\\\/wp-content\\\/uploads\\\/2020\\\/12\\\/FilsVES799FormatMediumTypeIM-1.png\",\"width\":400,\"height\":400},{\"@type\":\"BreadcrumbList\",\"@id\":\"https:\\\/\\\/www.vetorino.com\\\/boutique\\\/product\\\/veste-luna-back-on-track-sans-manches-femme\\\/#breadcrumb\",\"itemListElement\":[{\"@type\":\"ListItem\",\"position\":1,\"name\":\"Accueil\",\"item\":\"https:\\\/\\\/www.vetorino.com\\\/boutique\\\/\"},{\"@type\":\"ListItem\",\"position\":2,\"name\":\"Produits\",\"item\":\"https:\\\/\\\/www.vetorino.com\\\/boutique\\\/\"},{\"@type\":\"ListItem\",\"position\":3,\"name\":\"Veste Luna Back On Track sans manches Femme\"}]},{\"@type\":\"WebSite\",\"@id\":\"https:\\\/\\\/www.vetorino.com\\\/boutique\\\/#website\",\"url\":\"https:\\\/\\\/www.vetorino.com\\\/boutique\\\/\",\"name\":\"V\u00e9torino\",\"description\":\"\",\"publisher\":{\"@id\":\"https:\\\/\\\/www.vetorino.com\\\/boutique\\\/#organization\"},\"potentialAction\":[{\"@type\":\"SearchAction\",\"target\":{\"@type\":\"EntryPoint\",\"urlTemplate\":\"https:\\\/\\\/www.vetorino.com\\\/boutique\\\/?s={search_term_string}\"},\"query-input\":{\"@type\":\"PropertyValueSpecification\",\"valueRequired\":true,\"valueName\":\"search_term_string\"}}],\"inLanguage\":\"fr-FR\"},{\"@type\":\"Organization\",\"@id\":\"https:\\\/\\\/www.vetorino.com\\\/boutique\\\/#organization\",\"name\":\"V\u00e9torino\",\"url\":\"https:\\\/\\\/www.vetorino.com\\\/boutique\\\/\",\"logo\":{\"@type\":\"ImageObject\",\"inLanguage\":\"fr-FR\",\"@id\":\"https:\\\/\\\/www.vetorino.com\\\/boutique\\\/#\\\/schema\\\/logo\\\/image\\\/\",\"url\":\"https:\\\/\\\/www.vetorino.com\\\/boutique\\\/wp-content\\\/uploads\\\/2024\\\/10\\\/logo.jpg\",\"contentUrl\":\"https:\\\/\\\/www.vetorino.com\\\/boutique\\\/wp-content\\\/uploads\\\/2024\\\/10\\\/logo.jpg\",\"width\":1200,\"height\":610,\"caption\":\"V\u00e9torino\"},\"image\":{\"@id\":\"https:\\\/\\\/www.vetorino.com\\\/boutique\\\/#\\\/schema\\\/logo\\\/image\\\/\"},\"sameAs\":[\"https:\\\/\\\/www.facebook.com\\\/Vetorino\\\/\",\"https:\\\/\\\/www.instagram.com\\\/vetorino_off\\\/\",\"https:\\\/\\\/www.linkedin.com\\\/company\\\/vtorino\\\/\"]}]}<\/script>\n<meta property=\"product:brand\" content=\"Back on Track\" \/>\n<meta property=\"og:availability\" content=\"out of stock\" \/>\n<meta property=\"product:availability\" content=\"out of stock\" \/>\n<meta property=\"product:condition\" content=\"new\" \/>\n<!-- \/ Yoast SEO plugin. -->","yoast_head_json":{"title":"Veste Luna Back On Track sans manches Femme Back on Track - V\u00e9torino","description":"Veste sans manche douce, confortable et \u00e9l\u00e9gante pour chaque occasion ! Fermeture \u00e0 glissi\u00e8re bidirectionnelle avec fermeture \u00e9clair pour plus de confort.","robots":{"index":"noindex","follow":"nofollow"},"og_locale":"fr_FR","og_type":"article","og_title":"Veste Luna Back On Track sans manches Femme Back on Track - V\u00e9torino","og_description":"Veste sans manche douce, confortable et \u00e9l\u00e9gante pour chaque occasion ! Fermeture \u00e0 glissi\u00e8re bidirectionnelle avec fermeture \u00e9clair pour plus de confort.","og_url":"https:\/\/www.vetorino.com\/veterinaire\/riedisheim-68400\/boutique\/product\/veste-luna-back-on-track-sans-manches-femme\/","og_site_name":"V\u00e9torino","article_publisher":"https:\/\/www.facebook.com\/Vetorino\/","article_modified_time":"2025-06-27T11:01:26+00:00","og_image":[{"width":400,"height":400,"url":"https:\/\/www.vetorino.com\/boutique\/wp-content\/uploads\/2020\/12\/FilsVES799FormatMediumTypeIM-1.png","type":"image\/png"}],"twitter_card":"summary_large_image","twitter_misc":{"Disponibilit\u00e9":"Rupture de stock"},"schema":{"@context":"https:\/\/schema.org","@graph":[{"@type":"WebPage","@id":"https:\/\/www.vetorino.com\/boutique\/product\/veste-luna-back-on-track-sans-manches-femme\/","url":"https:\/\/www.vetorino.com\/boutique\/product\/veste-luna-back-on-track-sans-manches-femme\/","name":"Veste Luna Back On Track sans manches Femme Back on Track - V\u00e9torino","isPartOf":{"@id":"https:\/\/www.vetorino.com\/boutique\/#website"},"primaryImageOfPage":{"@id":"https:\/\/www.vetorino.com\/boutique\/product\/veste-luna-back-on-track-sans-manches-femme\/#primaryimage"},"image":{"@id":"https:\/\/www.vetorino.com\/boutique\/product\/veste-luna-back-on-track-sans-manches-femme\/#primaryimage"},"thumbnailUrl":"https:\/\/www.vetorino.com\/boutique\/wp-content\/uploads\/2020\/12\/FilsVES799FormatMediumTypeIM-1.png","datePublished":"2020-12-24T23:55:44+00:00","dateModified":"2025-06-27T11:01:26+00:00","description":"Veste sans manche douce, confortable et \u00e9l\u00e9gante pour chaque occasion ! Fermeture \u00e0 glissi\u00e8re bidirectionnelle avec fermeture \u00e9clair pour plus de confort.","breadcrumb":{"@id":"https:\/\/www.vetorino.com\/boutique\/product\/veste-luna-back-on-track-sans-manches-femme\/#breadcrumb"},"inLanguage":"fr-FR","potentialAction":[{"@type":"ReadAction","target":["https:\/\/www.vetorino.com\/boutique\/product\/veste-luna-back-on-track-sans-manches-femme\/"]}]},{"@type":"ImageObject","inLanguage":"fr-FR","@id":"https:\/\/www.vetorino.com\/boutique\/product\/veste-luna-back-on-track-sans-manches-femme\/#primaryimage","url":"https:\/\/www.vetorino.com\/boutique\/wp-content\/uploads\/2020\/12\/FilsVES799FormatMediumTypeIM-1.png","contentUrl":"https:\/\/www.vetorino.com\/boutique\/wp-content\/uploads\/2020\/12\/FilsVES799FormatMediumTypeIM-1.png","width":400,"height":400},{"@type":"BreadcrumbList","@id":"https:\/\/www.vetorino.com\/boutique\/product\/veste-luna-back-on-track-sans-manches-femme\/#breadcrumb","itemListElement":[{"@type":"ListItem","position":1,"name":"Accueil","item":"https:\/\/www.vetorino.com\/boutique\/"},{"@type":"ListItem","position":2,"name":"Produits","item":"https:\/\/www.vetorino.com\/boutique\/"},{"@type":"ListItem","position":3,"name":"Veste Luna Back On Track sans manches Femme"}]},{"@type":"WebSite","@id":"https:\/\/www.vetorino.com\/boutique\/#website","url":"https:\/\/www.vetorino.com\/boutique\/","name":"V\u00e9torino","description":"","publisher":{"@id":"https:\/\/www.vetorino.com\/boutique\/#organization"},"potentialAction":[{"@type":"SearchAction","target":{"@type":"EntryPoint","urlTemplate":"https:\/\/www.vetorino.com\/boutique\/?s={search_term_string}"},"query-input":{"@type":"PropertyValueSpecification","valueRequired":true,"valueName":"search_term_string"}}],"inLanguage":"fr-FR"},{"@type":"Organization","@id":"https:\/\/www.vetorino.com\/boutique\/#organization","name":"V\u00e9torino","url":"https:\/\/www.vetorino.com\/boutique\/","logo":{"@type":"ImageObject","inLanguage":"fr-FR","@id":"https:\/\/www.vetorino.com\/boutique\/#\/schema\/logo\/image\/","url":"https:\/\/www.vetorino.com\/boutique\/wp-content\/uploads\/2024\/10\/logo.jpg","contentUrl":"https:\/\/www.vetorino.com\/boutique\/wp-content\/uploads\/2024\/10\/logo.jpg","width":1200,"height":610,"caption":"V\u00e9torino"},"image":{"@id":"https:\/\/www.vetorino.com\/boutique\/#\/schema\/logo\/image\/"},"sameAs":["https:\/\/www.facebook.com\/Vetorino\/","https:\/\/www.instagram.com\/vetorino_off\/","https:\/\/www.linkedin.com\/company\/vtorino\/"]}]},"product_brand":"Back on Track","og_availability":"out of stock","product_availability":"out of stock","product_condition":"new"},"_links":{"self":[{"href":"https:\/\/www.vetorino.com\/veterinaire\/riedisheim-68400\/boutique\/wp-json\/wp\/v2\/product\/146463","targetHints":{"allow":["GET"]}}],"collection":[{"href":"https:\/\/www.vetorino.com\/veterinaire\/riedisheim-68400\/boutique\/wp-json\/wp\/v2\/product"}],"about":[{"href":"https:\/\/www.vetorino.com\/veterinaire\/riedisheim-68400\/boutique\/wp-json\/wp\/v2\/types\/product"}],"wp:featuredmedia":[{"embeddable":true,"href":"https:\/\/www.vetorino.com\/veterinaire\/riedisheim-68400\/boutique\/wp-json\/wp\/v2\/media\/146462"}],"wp:attachment":[{"href":"https:\/\/www.vetorino.com\/veterinaire\/riedisheim-68400\/boutique\/wp-json\/wp\/v2\/media?parent=146463"}],"wp:term":[{"taxonomy":"product_cat","embeddable":true,"href":"https:\/\/www.vetorino.com\/veterinaire\/riedisheim-68400\/boutique\/wp-json\/wp\/v2\/product_cat?post=146463"},{"taxonomy":"product_tag","embeddable":true,"href":"https:\/\/www.vetorino.com\/veterinaire\/riedisheim-68400\/boutique\/wp-json\/wp\/v2\/product_tag?post=146463"}],"curies":[{"name":"wp","href":"https:\/\/api.w.org\/{rel}","templated":true}]}}