{"id":1673814,"date":"2026-01-26T14:37:47","date_gmt":"2026-01-26T13:37:47","guid":{"rendered":"https:\/\/www.vetorino.com\/boutique\/product\/pilosan-s\/"},"modified":"2026-03-19T05:27:21","modified_gmt":"2026-03-19T04:27:21","slug":"pilosan-s","status":"publish","type":"product","link":"https:\/\/www.vetorino.com\/veterinaire\/riedisheim-68400\/boutique\/product\/pilosan-s\/","title":{"rendered":"Pilosan S"},"content":{"rendered":"<p><strong>Aliment compl\u00e9mentaire<\/strong> \u00a0recommand\u00e9 pour les <strong>chats et les chiens de petite race<\/strong> pour <strong>soutenir un \u00e9quilibre cutan\u00e9 optimal et la qualit\u00e9 de pelage.<\/strong><\/p>\n<p><strong>Utilisation : <\/strong><\/p>\n<ul>\n<li>Peau s\u00e8che<\/li>\n<li>Pelage terne<\/li>\n<li>Perte de poil excessive.<\/li>\n<\/ul>\n<p><strong>Les ACIDE GRAS OMEGA-6,<\/strong> tels que l&#8217;acide linol\u00e9ique (LA) et l&#8217;acide gamma-linol\u00e9nique (GLA), soutiennent la barri\u00e8re hydrique de la peau. Ils servent de blocs de construction des c\u00e9ramides qui emp\u00eachent les fuites d&#8217;eau entre les cellules \u00e9pidermiques. Cela contribue \u00e0 pr\u00e9venir la s\u00e9cheresse de la peau, en assurant un niveau ad\u00e9quat d&#8217;humidit\u00e9 et d&#8217;\u00e9lasticit\u00e9. Les meilleures sources d&#8217;acides gras om\u00e9ga-6 sont l&#8217;huile de bourrache et l&#8217;huile d\u2019onagre.<\/p>\n<p><strong>L\u2019HUILE DE PEPIN DE CASSIS<\/strong> est une source d&#8217;acides gras OMEGA-3, OMEGA-6 et OMEGA-9, notamment riches en ACIDE GAMMA-LINOLENIC (GLA), dont les d\u00e9ficiences conduisent \u00e0 une peau s\u00e8che et moins \u00e9lastique. Elle pr\u00e9sente des effets anti-inflammatoires et des effets r\u00e9g\u00e9n\u00e9rateurs sur les peaux endommag\u00e9es. Elle renforce la barri\u00e8re lipidique de couche corn\u00e9e<\/p>\n<p><strong>Les THIAMINE (VITAMIN B1), RIBOFLAVINE (WITAMIN B2), PYRIDOXINE (VITAMIN B6) et CYANOCOBALAMINE (VITAMIN B12),<\/strong> qui forment ensemble la classe de vitamines B solubles dans l&#8217;eau, jouent un r\u00f4le cl\u00e9 dans le m\u00e9tabolisme des acides gras essentiels om\u00e9ga-6 et om\u00e9ga-3. Ils soutiennent \u00e9galement la fonction de la barri\u00e8re cutan\u00e9e.<\/p>\n<p><strong>Le ZINC<\/strong> est le micro\u00e9l\u00e9ment cl\u00e9 impliqu\u00e9 dans la r\u00e9paration des plaies et la prolif\u00e9ration et la division cellulaires de la peau. Il joue un r\u00f4le important dans le traitement des l\u00e9sions cutan\u00e9es. Sa d\u00e9ficience est li\u00e9e \u00e0 des troubles cutan\u00e9s graves.<\/p>\n<p><strong>Les ACIDS GRAS OMEGA-3<\/strong>, tels que l&#8217;acide eicosapenta\u00e9no\u00efque (EPA) et l&#8217;acide docosahexa\u00e9no\u00efque (DHA), ont des propri\u00e9t\u00e9s anti-inflammatoires et assurent la fluidit\u00e9 et l&#8217;\u00e9lasticit\u00e9 des membranes cellulaires. Introduits dans l&#8217;alimentation, les acides gras om\u00e9ga-3 permettent de r\u00e9duire les doses de m\u00e9dicaments couramment utilis\u00e9s dans la prise en charge du prurit. Les meilleures sources d&#8217;acides om\u00e9ga-3 sont l&#8217;huile de poisson et l&#8217;huile de lin.<\/p>\n<p><strong>La BIOTINE est une VITAMINE B<\/strong> qui, lorsqu&#8217;elle est d\u00e9livr\u00e9e par voie orale, atteint les glandes s\u00e9bac\u00e9es et est ensuite excr\u00e9t\u00e9e \u00e0 la surface de la peau. Sa pr\u00e9sence diminue partiellement la s\u00e9cr\u00e9tion de s\u00e9bum et aide au contr\u00f4le de la peau grasse, ce qui est particuli\u00e8rement b\u00e9n\u00e9fique chez les chiens atteints de s\u00e9borrh\u00e9e.<\/p>\n<p>&nbsp;<\/p>\n","protected":false},"excerpt":{"rendered":"<p><strong>Aliment compl\u00e9mentaire<\/strong> \u00a0recommand\u00e9 pour les <strong>chats et les chiens de petite race<\/strong> pour <strong>soutenir un \u00e9quilibre cutan\u00e9 optimal et la qualit\u00e9 de pelage.<\/strong><\/p>\n<p><strong>Utilisation : <\/strong><\/p>\n<ul>\n<li>Peau s\u00e8che<\/li>\n<li>Pelage terne<\/li>\n<li>Perte de poil excessive.<\/li>\n<\/ul>\n<p><strong>Demander conseil \u00e0 un v\u00e9t\u00e9rinaire avant utilisation.<\/strong><\/p>\n<p>&nbsp;<\/p>\n","protected":false},"featured_media":1675079,"template":"","meta":[],"product_cat":[12551,12552,2730,2738,2697,2698],"product_tag":[],"class_list":{"0":"post-1673814","1":"product","2":"type-product","3":"status-publish","4":"has-post-thumbnail","6":"product_cat-alimentation-du-chat","7":"product_cat-alimentation-du-chien","8":"product_cat-aliments-complementaires-pour-chat","9":"product_cat-aliments-complementaires-pour-chien","10":"product_cat-chat","11":"product_cat-chien","12":"pa_marque-vetexpert","14":"first","15":"instock","16":"taxable","17":"shipping-taxable","18":"purchasable","19":"product-type-simple"},"yoast_head":"<!-- This site is optimized with the Yoast SEO plugin v27.3 - https:\/\/yoast.com\/product\/yoast-seo-wordpress\/ -->\n<title>Pilosan S Vetexpert - V\u00e9torino<\/title>\n<meta name=\"description\" content=\"Aliment compl\u00e9mentaire \u00a0recommand\u00e9 pour les chats et les chiens de petite race pour soutenir un \u00e9quilibre cutan\u00e9 optimal et la qualit\u00e9 de pelage.  Utilisation :    Peau s\u00e8che  Pelage terne  Perte de poil excessive.  Demander conseil \u00e0 un v\u00e9t\u00e9rinaire avant utilisation.  &nbsp;\" \/>\n<meta name=\"robots\" content=\"noindex, nofollow\" \/>\n<meta property=\"og:locale\" content=\"fr_FR\" \/>\n<meta property=\"og:type\" content=\"article\" \/>\n<meta property=\"og:title\" content=\"Pilosan S Vetexpert - V\u00e9torino\" \/>\n<meta property=\"og:description\" content=\"Aliment compl\u00e9mentaire \u00a0recommand\u00e9 pour les chats et les chiens de petite race pour soutenir un \u00e9quilibre cutan\u00e9 optimal et la qualit\u00e9 de pelage.  Utilisation :    Peau s\u00e8che  Pelage terne  Perte de poil excessive.  Demander conseil \u00e0 un v\u00e9t\u00e9rinaire avant utilisation.  &nbsp;\" \/>\n<meta property=\"og:url\" content=\"https:\/\/www.vetorino.com\/veterinaire\/riedisheim-68400\/boutique\/product\/pilosan-s\/\" \/>\n<meta property=\"og:site_name\" content=\"V\u00e9torino\" \/>\n<meta property=\"article:publisher\" content=\"https:\/\/www.facebook.com\/Vetorino\/\" \/>\n<meta property=\"article:modified_time\" content=\"2026-03-19T04:27:21+00:00\" \/>\n<meta property=\"og:image\" content=\"https:\/\/www.vetorino.com\/boutique\/wp-content\/uploads\/2026\/01\/pilosan-s.webp\" \/>\n\t<meta property=\"og:image:width\" content=\"800\" \/>\n\t<meta property=\"og:image:height\" content=\"800\" \/>\n\t<meta property=\"og:image:type\" content=\"image\/webp\" \/>\n<meta name=\"twitter:card\" content=\"summary_large_image\" \/>\n<meta name=\"twitter:label1\" content=\"Prix\" \/>\n\t<meta name=\"twitter:data1\" content=\"26,17&euro;\" \/>\n\t<meta name=\"twitter:label2\" content=\"Disponibilit\u00e9\" \/>\n\t<meta name=\"twitter:data2\" content=\"En stock\" \/>\n<script type=\"application\/ld+json\" class=\"yoast-schema-graph\">{\"@context\":\"https:\\\/\\\/schema.org\",\"@graph\":[{\"@type\":\"WebPage\",\"@id\":\"https:\\\/\\\/www.vetorino.com\\\/boutique\\\/product\\\/pilosan-s\\\/\",\"url\":\"https:\\\/\\\/www.vetorino.com\\\/boutique\\\/product\\\/pilosan-s\\\/\",\"name\":\"Pilosan S Vetexpert - V\u00e9torino\",\"isPartOf\":{\"@id\":\"https:\\\/\\\/www.vetorino.com\\\/boutique\\\/#website\"},\"primaryImageOfPage\":{\"@id\":\"https:\\\/\\\/www.vetorino.com\\\/boutique\\\/product\\\/pilosan-s\\\/#primaryimage\"},\"image\":{\"@id\":\"https:\\\/\\\/www.vetorino.com\\\/boutique\\\/product\\\/pilosan-s\\\/#primaryimage\"},\"thumbnailUrl\":\"https:\\\/\\\/www.vetorino.com\\\/boutique\\\/wp-content\\\/uploads\\\/2026\\\/01\\\/pilosan-s.webp\",\"datePublished\":\"2026-01-26T13:37:47+00:00\",\"dateModified\":\"2026-03-19T04:27:21+00:00\",\"description\":\"Aliment compl\u00e9mentaire \u00a0recommand\u00e9 pour les chats et les chiens de petite race pour soutenir un \u00e9quilibre cutan\u00e9 optimal et la qualit\u00e9 de pelage. Utilisation : Peau s\u00e8che Pelage terne Perte de poil excessive. Demander conseil \u00e0 un v\u00e9t\u00e9rinaire avant utilisation. &nbsp;\",\"breadcrumb\":{\"@id\":\"https:\\\/\\\/www.vetorino.com\\\/boutique\\\/product\\\/pilosan-s\\\/#breadcrumb\"},\"inLanguage\":\"fr-FR\",\"potentialAction\":[{\"@type\":\"ReadAction\",\"target\":[\"https:\\\/\\\/www.vetorino.com\\\/boutique\\\/product\\\/pilosan-s\\\/\"]}]},{\"@type\":\"ImageObject\",\"inLanguage\":\"fr-FR\",\"@id\":\"https:\\\/\\\/www.vetorino.com\\\/boutique\\\/product\\\/pilosan-s\\\/#primaryimage\",\"url\":\"https:\\\/\\\/www.vetorino.com\\\/boutique\\\/wp-content\\\/uploads\\\/2026\\\/01\\\/pilosan-s.webp\",\"contentUrl\":\"https:\\\/\\\/www.vetorino.com\\\/boutique\\\/wp-content\\\/uploads\\\/2026\\\/01\\\/pilosan-s.webp\",\"width\":800,\"height\":800},{\"@type\":\"BreadcrumbList\",\"@id\":\"https:\\\/\\\/www.vetorino.com\\\/boutique\\\/product\\\/pilosan-s\\\/#breadcrumb\",\"itemListElement\":[{\"@type\":\"ListItem\",\"position\":1,\"name\":\"Accueil\",\"item\":\"https:\\\/\\\/www.vetorino.com\\\/boutique\\\/\"},{\"@type\":\"ListItem\",\"position\":2,\"name\":\"Produits\",\"item\":\"https:\\\/\\\/www.vetorino.com\\\/boutique\\\/\"},{\"@type\":\"ListItem\",\"position\":3,\"name\":\"Pilosan S\"}]},{\"@type\":\"WebSite\",\"@id\":\"https:\\\/\\\/www.vetorino.com\\\/boutique\\\/#website\",\"url\":\"https:\\\/\\\/www.vetorino.com\\\/boutique\\\/\",\"name\":\"V\u00e9torino\",\"description\":\"\",\"publisher\":{\"@id\":\"https:\\\/\\\/www.vetorino.com\\\/boutique\\\/#organization\"},\"potentialAction\":[{\"@type\":\"SearchAction\",\"target\":{\"@type\":\"EntryPoint\",\"urlTemplate\":\"https:\\\/\\\/www.vetorino.com\\\/boutique\\\/?s={search_term_string}\"},\"query-input\":{\"@type\":\"PropertyValueSpecification\",\"valueRequired\":true,\"valueName\":\"search_term_string\"}}],\"inLanguage\":\"fr-FR\"},{\"@type\":\"Organization\",\"@id\":\"https:\\\/\\\/www.vetorino.com\\\/boutique\\\/#organization\",\"name\":\"V\u00e9torino\",\"url\":\"https:\\\/\\\/www.vetorino.com\\\/boutique\\\/\",\"logo\":{\"@type\":\"ImageObject\",\"inLanguage\":\"fr-FR\",\"@id\":\"https:\\\/\\\/www.vetorino.com\\\/boutique\\\/#\\\/schema\\\/logo\\\/image\\\/\",\"url\":\"https:\\\/\\\/www.vetorino.com\\\/boutique\\\/wp-content\\\/uploads\\\/2024\\\/10\\\/logo.jpg\",\"contentUrl\":\"https:\\\/\\\/www.vetorino.com\\\/boutique\\\/wp-content\\\/uploads\\\/2024\\\/10\\\/logo.jpg\",\"width\":1200,\"height\":610,\"caption\":\"V\u00e9torino\"},\"image\":{\"@id\":\"https:\\\/\\\/www.vetorino.com\\\/boutique\\\/#\\\/schema\\\/logo\\\/image\\\/\"},\"sameAs\":[\"https:\\\/\\\/www.facebook.com\\\/Vetorino\\\/\",\"https:\\\/\\\/www.instagram.com\\\/vetorino_off\\\/\",\"https:\\\/\\\/www.linkedin.com\\\/company\\\/vtorino\\\/\"]}]}<\/script>\n<meta property=\"product:brand\" content=\"Vetexpert\" \/>\n<meta property=\"product:price:amount\" content=\"26.17\" \/>\n<meta property=\"product:price:currency\" content=\"EUR\" \/>\n<meta property=\"og:availability\" content=\"instock\" \/>\n<meta property=\"product:availability\" content=\"instock\" \/>\n<meta property=\"product:retailer_item_id\" content=\"C-PIL015\" \/>\n<meta property=\"product:condition\" content=\"new\" \/>\n<!-- \/ Yoast SEO plugin. -->","yoast_head_json":{"title":"Pilosan S Vetexpert - V\u00e9torino","description":"Aliment compl\u00e9mentaire \u00a0recommand\u00e9 pour les chats et les chiens de petite race pour soutenir un \u00e9quilibre cutan\u00e9 optimal et la qualit\u00e9 de pelage.  Utilisation :    Peau s\u00e8che  Pelage terne  Perte de poil excessive.  Demander conseil \u00e0 un v\u00e9t\u00e9rinaire avant utilisation.  &nbsp;","robots":{"index":"noindex","follow":"nofollow"},"og_locale":"fr_FR","og_type":"article","og_title":"Pilosan S Vetexpert - V\u00e9torino","og_description":"Aliment compl\u00e9mentaire \u00a0recommand\u00e9 pour les chats et les chiens de petite race pour soutenir un \u00e9quilibre cutan\u00e9 optimal et la qualit\u00e9 de pelage.  Utilisation :    Peau s\u00e8che  Pelage terne  Perte de poil excessive.  Demander conseil \u00e0 un v\u00e9t\u00e9rinaire avant utilisation.  &nbsp;","og_url":"https:\/\/www.vetorino.com\/veterinaire\/riedisheim-68400\/boutique\/product\/pilosan-s\/","og_site_name":"V\u00e9torino","article_publisher":"https:\/\/www.facebook.com\/Vetorino\/","article_modified_time":"2026-03-19T04:27:21+00:00","og_image":[{"width":800,"height":800,"url":"https:\/\/www.vetorino.com\/boutique\/wp-content\/uploads\/2026\/01\/pilosan-s.webp","type":"image\/webp"}],"twitter_card":"summary_large_image","twitter_misc":{"Prix":"26,17&euro;","Disponibilit\u00e9":"En stock"},"schema":{"@context":"https:\/\/schema.org","@graph":[{"@type":"WebPage","@id":"https:\/\/www.vetorino.com\/boutique\/product\/pilosan-s\/","url":"https:\/\/www.vetorino.com\/boutique\/product\/pilosan-s\/","name":"Pilosan S Vetexpert - V\u00e9torino","isPartOf":{"@id":"https:\/\/www.vetorino.com\/boutique\/#website"},"primaryImageOfPage":{"@id":"https:\/\/www.vetorino.com\/boutique\/product\/pilosan-s\/#primaryimage"},"image":{"@id":"https:\/\/www.vetorino.com\/boutique\/product\/pilosan-s\/#primaryimage"},"thumbnailUrl":"https:\/\/www.vetorino.com\/boutique\/wp-content\/uploads\/2026\/01\/pilosan-s.webp","datePublished":"2026-01-26T13:37:47+00:00","dateModified":"2026-03-19T04:27:21+00:00","description":"Aliment compl\u00e9mentaire \u00a0recommand\u00e9 pour les chats et les chiens de petite race pour soutenir un \u00e9quilibre cutan\u00e9 optimal et la qualit\u00e9 de pelage. Utilisation : Peau s\u00e8che Pelage terne Perte de poil excessive. Demander conseil \u00e0 un v\u00e9t\u00e9rinaire avant utilisation. &nbsp;","breadcrumb":{"@id":"https:\/\/www.vetorino.com\/boutique\/product\/pilosan-s\/#breadcrumb"},"inLanguage":"fr-FR","potentialAction":[{"@type":"ReadAction","target":["https:\/\/www.vetorino.com\/boutique\/product\/pilosan-s\/"]}]},{"@type":"ImageObject","inLanguage":"fr-FR","@id":"https:\/\/www.vetorino.com\/boutique\/product\/pilosan-s\/#primaryimage","url":"https:\/\/www.vetorino.com\/boutique\/wp-content\/uploads\/2026\/01\/pilosan-s.webp","contentUrl":"https:\/\/www.vetorino.com\/boutique\/wp-content\/uploads\/2026\/01\/pilosan-s.webp","width":800,"height":800},{"@type":"BreadcrumbList","@id":"https:\/\/www.vetorino.com\/boutique\/product\/pilosan-s\/#breadcrumb","itemListElement":[{"@type":"ListItem","position":1,"name":"Accueil","item":"https:\/\/www.vetorino.com\/boutique\/"},{"@type":"ListItem","position":2,"name":"Produits","item":"https:\/\/www.vetorino.com\/boutique\/"},{"@type":"ListItem","position":3,"name":"Pilosan S"}]},{"@type":"WebSite","@id":"https:\/\/www.vetorino.com\/boutique\/#website","url":"https:\/\/www.vetorino.com\/boutique\/","name":"V\u00e9torino","description":"","publisher":{"@id":"https:\/\/www.vetorino.com\/boutique\/#organization"},"potentialAction":[{"@type":"SearchAction","target":{"@type":"EntryPoint","urlTemplate":"https:\/\/www.vetorino.com\/boutique\/?s={search_term_string}"},"query-input":{"@type":"PropertyValueSpecification","valueRequired":true,"valueName":"search_term_string"}}],"inLanguage":"fr-FR"},{"@type":"Organization","@id":"https:\/\/www.vetorino.com\/boutique\/#organization","name":"V\u00e9torino","url":"https:\/\/www.vetorino.com\/boutique\/","logo":{"@type":"ImageObject","inLanguage":"fr-FR","@id":"https:\/\/www.vetorino.com\/boutique\/#\/schema\/logo\/image\/","url":"https:\/\/www.vetorino.com\/boutique\/wp-content\/uploads\/2024\/10\/logo.jpg","contentUrl":"https:\/\/www.vetorino.com\/boutique\/wp-content\/uploads\/2024\/10\/logo.jpg","width":1200,"height":610,"caption":"V\u00e9torino"},"image":{"@id":"https:\/\/www.vetorino.com\/boutique\/#\/schema\/logo\/image\/"},"sameAs":["https:\/\/www.facebook.com\/Vetorino\/","https:\/\/www.instagram.com\/vetorino_off\/","https:\/\/www.linkedin.com\/company\/vtorino\/"]}]},"product_brand":"Vetexpert","product_price_amount":"26.17","product_price_currency":"EUR","og_availability":"instock","product_availability":"instock","product_retailer_item_id":"C-PIL015","product_condition":"new"},"_links":{"self":[{"href":"https:\/\/www.vetorino.com\/veterinaire\/riedisheim-68400\/boutique\/wp-json\/wp\/v2\/product\/1673814","targetHints":{"allow":["GET"]}}],"collection":[{"href":"https:\/\/www.vetorino.com\/veterinaire\/riedisheim-68400\/boutique\/wp-json\/wp\/v2\/product"}],"about":[{"href":"https:\/\/www.vetorino.com\/veterinaire\/riedisheim-68400\/boutique\/wp-json\/wp\/v2\/types\/product"}],"wp:featuredmedia":[{"embeddable":true,"href":"https:\/\/www.vetorino.com\/veterinaire\/riedisheim-68400\/boutique\/wp-json\/wp\/v2\/media\/1675079"}],"wp:attachment":[{"href":"https:\/\/www.vetorino.com\/veterinaire\/riedisheim-68400\/boutique\/wp-json\/wp\/v2\/media?parent=1673814"}],"wp:term":[{"taxonomy":"product_cat","embeddable":true,"href":"https:\/\/www.vetorino.com\/veterinaire\/riedisheim-68400\/boutique\/wp-json\/wp\/v2\/product_cat?post=1673814"},{"taxonomy":"product_tag","embeddable":true,"href":"https:\/\/www.vetorino.com\/veterinaire\/riedisheim-68400\/boutique\/wp-json\/wp\/v2\/product_tag?post=1673814"}],"curies":[{"name":"wp","href":"https:\/\/api.w.org\/{rel}","templated":true}]}}