{"id":224797,"date":"2021-09-09T15:40:43","date_gmt":"2021-09-09T13:40:43","guid":{"rendered":"https:\/\/www.vetorino.com\/boutique\/product\/canine-i-d-stress-activ-biome-mini-mijotes-p-le-boite\/"},"modified":"2026-02-02T02:42:13","modified_gmt":"2026-02-02T01:42:13","slug":"canine-i-d-stress-activ-biome-mini-mijotes-p-le-boite","status":"publish","type":"product","link":"https:\/\/www.vetorino.com\/veterinaire\/riedisheim-68400\/boutique\/product\/canine-i-d-stress-activ-biome-mini-mijotes-p-le-boite\/","title":{"rendered":"i\/d Stress Digestive Mini Mijot\u00e9s pour petit Chien Poulet et L\u00e9gumes"},"content":{"rendered":"<p><strong>Aliment mijot\u00e9\u00a0formul\u00e9 pour aider \u00e0 apaiser les troubles de la digestion chez le petit chien.<\/strong><\/p>\n<p><strong>Utilisation :<\/strong><\/p>\n<ul>\n<li>Troubles gastro-intestinaux li\u00e9s au stress.<\/li>\n<li>Chien adulte de moins de 14 kg.<\/li>\n<\/ul>\n<p><strong>Contre indications :<\/strong><\/p>\n<ul>\n<li>Chiot ou femelle en gestation ou en lactation.<\/li>\n<\/ul>\n<p><strong>Bienfaits essentiels :<\/strong><\/p>\n<ul>\n<li>Renforc\u00e9e par la technologie des ingr\u00e9dients Hill&#8217;s\u00a0<strong>ActivBiome+<\/strong>, un m\u00e9lange exclusif de\u00a0<strong>pr\u00e9biotiques<\/strong>, cliniquement prouv\u00e9 pour nourrir rapidement le microbiome intestinal afin de soutenir la bonne sant\u00e9 digestive et le bien-\u00eatre en g\u00e9n\u00e9ral.<\/li>\n<li>Aide \u00e0\u00a0<strong>am\u00e9liorer la qualit\u00e9 des selles<\/strong>\u00a0et l&#8217;absorption des nutriments.<\/li>\n<li><strong>Aide \u00e0 g\u00e9rer le stress<\/strong>\u00a0chez les chiens pesant jusqu&#8217;\u00e0 14 kg.<\/li>\n<li>Les fibres pr\u00e9biotiques\u00a0<strong>soutiennent le microbiome intestinal.<\/strong><\/li>\n<li><strong>Apaise<\/strong>\u00a0le tractus gastro-intestinal.<\/li>\n<li>Cliniquement prouv\u00e9 pour\u00a0<strong>d\u00e9fendre les cellules contre l&#8217;oxydation des radicaux libres.<\/strong><\/li>\n<li>Magn\u00e9sium, Calcium, Phosphore : Teneur contr\u00f4l\u00e9e pour aider \u00e0 r\u00e9duire le risque de formation de calculs urinaires.<\/li>\n<\/ul>\n<p><strong>Cet aliment est\u00a0destin\u00e9 \u00e0 la prise en charge d&#8217;une maladie, il est conseill\u00e9 de consulter votre v\u00e9t\u00e9rinaire avant\u00a0de le donner \u00e0 votre animal.<\/strong><\/p>\n","protected":false},"excerpt":{"rendered":"<p><strong>Aliment mijot\u00e9 formul\u00e9 pour aider \u00e0 apaiser les troubles de la digestion chez le petit chien.<br \/>\n<\/strong><\/p>\n<p><strong>Utilisation :<\/strong><\/p>\n<ul>\n<li>Troubles gastro-intestinaux li\u00e9s au stress.<\/li>\n<li>Chien adulte de moins de 14 kg.<\/li>\n<\/ul>\n<p><strong>Cet aliment est\u00a0destin\u00e9 \u00e0 la prise en charge d&#8217;une maladie, il est conseill\u00e9 de consulter votre v\u00e9t\u00e9rinaire avant\u00a0de le donner \u00e0 votre animal.<\/strong><\/p>\n","protected":false},"featured_media":490334,"template":"","meta":[],"product_cat":[12552,12582,2698,12636],"product_tag":[],"class_list":{"0":"post-224797","1":"product","2":"type-product","3":"status-publish","4":"has-post-thumbnail","6":"product_cat-alimentation-du-chien","7":"product_cat-alimentation-medicalisee-pour-chien","8":"product_cat-chien","9":"product_cat-systeme-digestif-du-chien","10":"pa_marque-hills-pet-nutrition","12":"first","13":"instock","14":"taxable","15":"shipping-taxable","16":"purchasable","17":"product-type-simple"},"yoast_head":"<!-- This site is optimized with the Yoast SEO plugin v27.3 - https:\/\/yoast.com\/product\/yoast-seo-wordpress\/ -->\n<title>Prescription Diet (Hill&#039;s) i\/d Stress Digestive Mini Mijot\u00e9s pour petit Chien Poulet et L\u00e9gumes Hill&#039;s - V\u00e9torino<\/title>\n<meta name=\"description\" content=\"Aliment mijot\u00e9 formul\u00e9 pour aider \u00e0 apaiser les troubles de la digestion chez le petit chien.   Utilisation :   Troubles gastro-intestinaux li\u00e9s au stress.  Chien adulte de moins de 14 kg.  Cet aliment est\u00a0destin\u00e9 \u00e0 la prise en charge d&#039;une maladie, il est conseill\u00e9 de consulter votre v\u00e9t\u00e9rinaire avant\u00a0de le donner \u00e0 votre animal.\" \/>\n<meta name=\"robots\" content=\"noindex, nofollow\" \/>\n<meta property=\"og:locale\" content=\"fr_FR\" \/>\n<meta property=\"og:type\" content=\"article\" \/>\n<meta property=\"og:title\" content=\"Prescription Diet (Hill&#039;s) i\/d Stress Digestive Mini Mijot\u00e9s pour petit Chien Poulet et L\u00e9gumes Hill&#039;s - V\u00e9torino\" \/>\n<meta property=\"og:description\" content=\"Aliment mijot\u00e9 formul\u00e9 pour aider \u00e0 apaiser les troubles de la digestion chez le petit chien.   Utilisation :   Troubles gastro-intestinaux li\u00e9s au stress.  Chien adulte de moins de 14 kg.  Cet aliment est\u00a0destin\u00e9 \u00e0 la prise en charge d&#039;une maladie, il est conseill\u00e9 de consulter votre v\u00e9t\u00e9rinaire avant\u00a0de le donner \u00e0 votre animal.\" \/>\n<meta property=\"og:url\" content=\"https:\/\/www.vetorino.com\/veterinaire\/riedisheim-68400\/boutique\/product\/canine-i-d-stress-activ-biome-mini-mijotes-p-le-boite\/\" \/>\n<meta property=\"og:site_name\" content=\"V\u00e9torino\" \/>\n<meta property=\"article:publisher\" content=\"https:\/\/www.facebook.com\/Vetorino\/\" \/>\n<meta property=\"article:modified_time\" content=\"2026-02-02T01:42:13+00:00\" \/>\n<meta property=\"og:image\" content=\"https:\/\/www.vetorino.com\/boutique\/wp-content\/uploads\/2021\/09\/00052742039817_1-prescription-diet-chien-i_d-stress-mini-boite-1.jpg\" \/>\n\t<meta property=\"og:image:width\" content=\"2000\" \/>\n\t<meta property=\"og:image:height\" content=\"2000\" \/>\n\t<meta property=\"og:image:type\" content=\"image\/jpeg\" \/>\n<meta name=\"twitter:card\" content=\"summary_large_image\" \/>\n<meta name=\"twitter:label1\" content=\"Prix\" \/>\n\t<meta name=\"twitter:data1\" content=\"68,98&euro;\" \/>\n\t<meta name=\"twitter:label2\" content=\"Disponibilit\u00e9\" \/>\n\t<meta name=\"twitter:data2\" content=\"En stock\" \/>\n<script type=\"application\/ld+json\" class=\"yoast-schema-graph\">{\"@context\":\"https:\\\/\\\/schema.org\",\"@graph\":[{\"@type\":\"WebPage\",\"@id\":\"https:\\\/\\\/www.vetorino.com\\\/veterinaire\\\/briancon-05100\\\/boutique\\\/product\\\/canine-i-d-stress-activ-biome-mini-mijotes-p-le-boite\\\/\",\"url\":\"https:\\\/\\\/www.vetorino.com\\\/veterinaire\\\/briancon-05100\\\/boutique\\\/product\\\/canine-i-d-stress-activ-biome-mini-mijotes-p-le-boite\\\/\",\"name\":\"Prescription Diet (Hill's) i\\\/d Stress Digestive Mini Mijot\u00e9s pour petit Chien Poulet et L\u00e9gumes Hill's - V\u00e9torino\",\"isPartOf\":{\"@id\":\"https:\\\/\\\/www.vetorino.com\\\/boutique\\\/#website\"},\"primaryImageOfPage\":{\"@id\":\"https:\\\/\\\/www.vetorino.com\\\/veterinaire\\\/briancon-05100\\\/boutique\\\/product\\\/canine-i-d-stress-activ-biome-mini-mijotes-p-le-boite\\\/#primaryimage\"},\"image\":{\"@id\":\"https:\\\/\\\/www.vetorino.com\\\/veterinaire\\\/briancon-05100\\\/boutique\\\/product\\\/canine-i-d-stress-activ-biome-mini-mijotes-p-le-boite\\\/#primaryimage\"},\"thumbnailUrl\":\"https:\\\/\\\/www.vetorino.com\\\/boutique\\\/wp-content\\\/uploads\\\/2021\\\/09\\\/00052742039817_1-prescription-diet-chien-i_d-stress-mini-boite-1.jpg\",\"datePublished\":\"2021-09-09T13:40:43+00:00\",\"dateModified\":\"2026-02-02T01:42:13+00:00\",\"description\":\"Aliment mijot\u00e9 formul\u00e9 pour aider \u00e0 apaiser les troubles de la digestion chez le petit chien. Utilisation : Troubles gastro-intestinaux li\u00e9s au stress. Chien adulte de moins de 14 kg. Cet aliment est\u00a0destin\u00e9 \u00e0 la prise en charge d'une maladie, il est conseill\u00e9 de consulter votre v\u00e9t\u00e9rinaire avant\u00a0de le donner \u00e0 votre animal.\",\"breadcrumb\":{\"@id\":\"https:\\\/\\\/www.vetorino.com\\\/veterinaire\\\/briancon-05100\\\/boutique\\\/product\\\/canine-i-d-stress-activ-biome-mini-mijotes-p-le-boite\\\/#breadcrumb\"},\"inLanguage\":\"fr-FR\",\"potentialAction\":[{\"@type\":\"ReadAction\",\"target\":[\"https:\\\/\\\/www.vetorino.com\\\/veterinaire\\\/briancon-05100\\\/boutique\\\/product\\\/canine-i-d-stress-activ-biome-mini-mijotes-p-le-boite\\\/\"]}]},{\"@type\":\"ImageObject\",\"inLanguage\":\"fr-FR\",\"@id\":\"https:\\\/\\\/www.vetorino.com\\\/veterinaire\\\/briancon-05100\\\/boutique\\\/product\\\/canine-i-d-stress-activ-biome-mini-mijotes-p-le-boite\\\/#primaryimage\",\"url\":\"https:\\\/\\\/www.vetorino.com\\\/boutique\\\/wp-content\\\/uploads\\\/2021\\\/09\\\/00052742039817_1-prescription-diet-chien-i_d-stress-mini-boite-1.jpg\",\"contentUrl\":\"https:\\\/\\\/www.vetorino.com\\\/boutique\\\/wp-content\\\/uploads\\\/2021\\\/09\\\/00052742039817_1-prescription-diet-chien-i_d-stress-mini-boite-1.jpg\",\"width\":2000,\"height\":2000},{\"@type\":\"BreadcrumbList\",\"@id\":\"https:\\\/\\\/www.vetorino.com\\\/veterinaire\\\/briancon-05100\\\/boutique\\\/product\\\/canine-i-d-stress-activ-biome-mini-mijotes-p-le-boite\\\/#breadcrumb\",\"itemListElement\":[{\"@type\":\"ListItem\",\"position\":1,\"name\":\"Accueil\",\"item\":\"https:\\\/\\\/www.vetorino.com\\\/boutique\\\/\"},{\"@type\":\"ListItem\",\"position\":2,\"name\":\"Produits\",\"item\":\"https:\\\/\\\/www.vetorino.com\\\/boutique\\\/\"},{\"@type\":\"ListItem\",\"position\":3,\"name\":\"i\\\/d Stress Digestive Mini Mijot\u00e9s pour petit Chien Poulet et L\u00e9gumes\"}]},{\"@type\":\"WebSite\",\"@id\":\"https:\\\/\\\/www.vetorino.com\\\/boutique\\\/#website\",\"url\":\"https:\\\/\\\/www.vetorino.com\\\/boutique\\\/\",\"name\":\"V\u00e9torino\",\"description\":\"\",\"publisher\":{\"@id\":\"https:\\\/\\\/www.vetorino.com\\\/boutique\\\/#organization\"},\"potentialAction\":[{\"@type\":\"SearchAction\",\"target\":{\"@type\":\"EntryPoint\",\"urlTemplate\":\"https:\\\/\\\/www.vetorino.com\\\/boutique\\\/?s={search_term_string}\"},\"query-input\":{\"@type\":\"PropertyValueSpecification\",\"valueRequired\":true,\"valueName\":\"search_term_string\"}}],\"inLanguage\":\"fr-FR\"},{\"@type\":\"Organization\",\"@id\":\"https:\\\/\\\/www.vetorino.com\\\/boutique\\\/#organization\",\"name\":\"V\u00e9torino\",\"url\":\"https:\\\/\\\/www.vetorino.com\\\/boutique\\\/\",\"logo\":{\"@type\":\"ImageObject\",\"inLanguage\":\"fr-FR\",\"@id\":\"https:\\\/\\\/www.vetorino.com\\\/boutique\\\/#\\\/schema\\\/logo\\\/image\\\/\",\"url\":\"https:\\\/\\\/www.vetorino.com\\\/boutique\\\/wp-content\\\/uploads\\\/2024\\\/10\\\/logo.jpg\",\"contentUrl\":\"https:\\\/\\\/www.vetorino.com\\\/boutique\\\/wp-content\\\/uploads\\\/2024\\\/10\\\/logo.jpg\",\"width\":1200,\"height\":610,\"caption\":\"V\u00e9torino\"},\"image\":{\"@id\":\"https:\\\/\\\/www.vetorino.com\\\/boutique\\\/#\\\/schema\\\/logo\\\/image\\\/\"},\"sameAs\":[\"https:\\\/\\\/www.facebook.com\\\/Vetorino\\\/\",\"https:\\\/\\\/www.instagram.com\\\/vetorino_off\\\/\",\"https:\\\/\\\/www.linkedin.com\\\/company\\\/vtorino\\\/\"]}]}<\/script>\n<meta property=\"product:brand\" content=\"Hill&#039;s\" \/>\n<meta property=\"product:price:amount\" content=\"68.98\" \/>\n<meta property=\"product:price:currency\" content=\"EUR\" \/>\n<meta property=\"og:availability\" content=\"instock\" \/>\n<meta property=\"product:availability\" content=\"instock\" \/>\n<meta property=\"product:retailer_item_id\" content=\"C-CHI603\" \/>\n<meta property=\"product:condition\" content=\"new\" \/>\n<!-- \/ Yoast SEO plugin. -->","yoast_head_json":{"title":"Prescription Diet (Hill's) i\/d Stress Digestive Mini Mijot\u00e9s pour petit Chien Poulet et L\u00e9gumes Hill's - V\u00e9torino","description":"Aliment mijot\u00e9 formul\u00e9 pour aider \u00e0 apaiser les troubles de la digestion chez le petit chien.   Utilisation :   Troubles gastro-intestinaux li\u00e9s au stress.  Chien adulte de moins de 14 kg.  Cet aliment est\u00a0destin\u00e9 \u00e0 la prise en charge d'une maladie, il est conseill\u00e9 de consulter votre v\u00e9t\u00e9rinaire avant\u00a0de le donner \u00e0 votre animal.","robots":{"index":"noindex","follow":"nofollow"},"og_locale":"fr_FR","og_type":"article","og_title":"Prescription Diet (Hill's) i\/d Stress Digestive Mini Mijot\u00e9s pour petit Chien Poulet et L\u00e9gumes Hill's - V\u00e9torino","og_description":"Aliment mijot\u00e9 formul\u00e9 pour aider \u00e0 apaiser les troubles de la digestion chez le petit chien.   Utilisation :   Troubles gastro-intestinaux li\u00e9s au stress.  Chien adulte de moins de 14 kg.  Cet aliment est\u00a0destin\u00e9 \u00e0 la prise en charge d'une maladie, il est conseill\u00e9 de consulter votre v\u00e9t\u00e9rinaire avant\u00a0de le donner \u00e0 votre animal.","og_url":"https:\/\/www.vetorino.com\/veterinaire\/riedisheim-68400\/boutique\/product\/canine-i-d-stress-activ-biome-mini-mijotes-p-le-boite\/","og_site_name":"V\u00e9torino","article_publisher":"https:\/\/www.facebook.com\/Vetorino\/","article_modified_time":"2026-02-02T01:42:13+00:00","og_image":[{"width":2000,"height":2000,"url":"https:\/\/www.vetorino.com\/boutique\/wp-content\/uploads\/2021\/09\/00052742039817_1-prescription-diet-chien-i_d-stress-mini-boite-1.jpg","type":"image\/jpeg"}],"twitter_card":"summary_large_image","twitter_misc":{"Prix":"68,98&euro;","Disponibilit\u00e9":"En stock"},"schema":{"@context":"https:\/\/schema.org","@graph":[{"@type":"WebPage","@id":"https:\/\/www.vetorino.com\/veterinaire\/briancon-05100\/boutique\/product\/canine-i-d-stress-activ-biome-mini-mijotes-p-le-boite\/","url":"https:\/\/www.vetorino.com\/veterinaire\/briancon-05100\/boutique\/product\/canine-i-d-stress-activ-biome-mini-mijotes-p-le-boite\/","name":"Prescription Diet (Hill's) i\/d Stress Digestive Mini Mijot\u00e9s pour petit Chien Poulet et L\u00e9gumes Hill's - V\u00e9torino","isPartOf":{"@id":"https:\/\/www.vetorino.com\/boutique\/#website"},"primaryImageOfPage":{"@id":"https:\/\/www.vetorino.com\/veterinaire\/briancon-05100\/boutique\/product\/canine-i-d-stress-activ-biome-mini-mijotes-p-le-boite\/#primaryimage"},"image":{"@id":"https:\/\/www.vetorino.com\/veterinaire\/briancon-05100\/boutique\/product\/canine-i-d-stress-activ-biome-mini-mijotes-p-le-boite\/#primaryimage"},"thumbnailUrl":"https:\/\/www.vetorino.com\/boutique\/wp-content\/uploads\/2021\/09\/00052742039817_1-prescription-diet-chien-i_d-stress-mini-boite-1.jpg","datePublished":"2021-09-09T13:40:43+00:00","dateModified":"2026-02-02T01:42:13+00:00","description":"Aliment mijot\u00e9 formul\u00e9 pour aider \u00e0 apaiser les troubles de la digestion chez le petit chien. Utilisation : Troubles gastro-intestinaux li\u00e9s au stress. Chien adulte de moins de 14 kg. Cet aliment est\u00a0destin\u00e9 \u00e0 la prise en charge d'une maladie, il est conseill\u00e9 de consulter votre v\u00e9t\u00e9rinaire avant\u00a0de le donner \u00e0 votre animal.","breadcrumb":{"@id":"https:\/\/www.vetorino.com\/veterinaire\/briancon-05100\/boutique\/product\/canine-i-d-stress-activ-biome-mini-mijotes-p-le-boite\/#breadcrumb"},"inLanguage":"fr-FR","potentialAction":[{"@type":"ReadAction","target":["https:\/\/www.vetorino.com\/veterinaire\/briancon-05100\/boutique\/product\/canine-i-d-stress-activ-biome-mini-mijotes-p-le-boite\/"]}]},{"@type":"ImageObject","inLanguage":"fr-FR","@id":"https:\/\/www.vetorino.com\/veterinaire\/briancon-05100\/boutique\/product\/canine-i-d-stress-activ-biome-mini-mijotes-p-le-boite\/#primaryimage","url":"https:\/\/www.vetorino.com\/boutique\/wp-content\/uploads\/2021\/09\/00052742039817_1-prescription-diet-chien-i_d-stress-mini-boite-1.jpg","contentUrl":"https:\/\/www.vetorino.com\/boutique\/wp-content\/uploads\/2021\/09\/00052742039817_1-prescription-diet-chien-i_d-stress-mini-boite-1.jpg","width":2000,"height":2000},{"@type":"BreadcrumbList","@id":"https:\/\/www.vetorino.com\/veterinaire\/briancon-05100\/boutique\/product\/canine-i-d-stress-activ-biome-mini-mijotes-p-le-boite\/#breadcrumb","itemListElement":[{"@type":"ListItem","position":1,"name":"Accueil","item":"https:\/\/www.vetorino.com\/boutique\/"},{"@type":"ListItem","position":2,"name":"Produits","item":"https:\/\/www.vetorino.com\/boutique\/"},{"@type":"ListItem","position":3,"name":"i\/d Stress Digestive Mini Mijot\u00e9s pour petit Chien Poulet et L\u00e9gumes"}]},{"@type":"WebSite","@id":"https:\/\/www.vetorino.com\/boutique\/#website","url":"https:\/\/www.vetorino.com\/boutique\/","name":"V\u00e9torino","description":"","publisher":{"@id":"https:\/\/www.vetorino.com\/boutique\/#organization"},"potentialAction":[{"@type":"SearchAction","target":{"@type":"EntryPoint","urlTemplate":"https:\/\/www.vetorino.com\/boutique\/?s={search_term_string}"},"query-input":{"@type":"PropertyValueSpecification","valueRequired":true,"valueName":"search_term_string"}}],"inLanguage":"fr-FR"},{"@type":"Organization","@id":"https:\/\/www.vetorino.com\/boutique\/#organization","name":"V\u00e9torino","url":"https:\/\/www.vetorino.com\/boutique\/","logo":{"@type":"ImageObject","inLanguage":"fr-FR","@id":"https:\/\/www.vetorino.com\/boutique\/#\/schema\/logo\/image\/","url":"https:\/\/www.vetorino.com\/boutique\/wp-content\/uploads\/2024\/10\/logo.jpg","contentUrl":"https:\/\/www.vetorino.com\/boutique\/wp-content\/uploads\/2024\/10\/logo.jpg","width":1200,"height":610,"caption":"V\u00e9torino"},"image":{"@id":"https:\/\/www.vetorino.com\/boutique\/#\/schema\/logo\/image\/"},"sameAs":["https:\/\/www.facebook.com\/Vetorino\/","https:\/\/www.instagram.com\/vetorino_off\/","https:\/\/www.linkedin.com\/company\/vtorino\/"]}]},"product_brand":"Hill's","product_price_amount":"68.98","product_price_currency":"EUR","og_availability":"instock","product_availability":"instock","product_retailer_item_id":"C-CHI603","product_condition":"new"},"_links":{"self":[{"href":"https:\/\/www.vetorino.com\/veterinaire\/riedisheim-68400\/boutique\/wp-json\/wp\/v2\/product\/224797","targetHints":{"allow":["GET"]}}],"collection":[{"href":"https:\/\/www.vetorino.com\/veterinaire\/riedisheim-68400\/boutique\/wp-json\/wp\/v2\/product"}],"about":[{"href":"https:\/\/www.vetorino.com\/veterinaire\/riedisheim-68400\/boutique\/wp-json\/wp\/v2\/types\/product"}],"wp:featuredmedia":[{"embeddable":true,"href":"https:\/\/www.vetorino.com\/veterinaire\/riedisheim-68400\/boutique\/wp-json\/wp\/v2\/media\/490334"}],"wp:attachment":[{"href":"https:\/\/www.vetorino.com\/veterinaire\/riedisheim-68400\/boutique\/wp-json\/wp\/v2\/media?parent=224797"}],"wp:term":[{"taxonomy":"product_cat","embeddable":true,"href":"https:\/\/www.vetorino.com\/veterinaire\/riedisheim-68400\/boutique\/wp-json\/wp\/v2\/product_cat?post=224797"},{"taxonomy":"product_tag","embeddable":true,"href":"https:\/\/www.vetorino.com\/veterinaire\/riedisheim-68400\/boutique\/wp-json\/wp\/v2\/product_tag?post=224797"}],"curies":[{"name":"wp","href":"https:\/\/api.w.org\/{rel}","templated":true}]}}