{"id":519576,"date":"2022-12-06T17:44:13","date_gmt":"2022-12-06T16:44:13","guid":{"rendered":"https:\/\/www.vetorino.com\/boutique\/product\/jouet-chat-educatif-nina-ottosson-bugginout\/"},"modified":"2025-12-31T02:42:15","modified_gmt":"2025-12-31T01:42:15","slug":"jouet-chat-educatif-nina-ottosson-bugginout","status":"publish","type":"product","link":"https:\/\/www.vetorino.com\/veterinaire\/riedisheim-68400\/boutique\/product\/jouet-chat-educatif-nina-ottosson-bugginout\/","title":{"rendered":"Jeu Educatif Buggin&#8217;out pour Chats"},"content":{"rendered":"<p><strong>Jeu d&#8217;\u00e9ducation pour chat.<\/strong> Vos chats intelligents adoreront le d\u00e9fi de ce jeu. Les chats frappent aux chevilles et font pivoter les feuilles pour d\u00e9couvrir les 16 compartiments qui cachent des friandises. Ajustez la difficult\u00e9 du puzzle pour le rendre plus facile pour les d\u00e9butants ou plus difficile pour les chats super intelligents.<\/p>\n<ul>\n<li>16 compartiments avec possibilit\u00e9 d&#8217;ajuster la difficult\u00e9 en fonction de l&#8217;exp\u00e9rience du chat.<\/li>\n<li>Con\u00e7u pour une nourriture s\u00e8che ou humide.<\/li>\n<li>Aucune pi\u00e8ce amovible pour un jeu plus s\u00fbr et un nettoyage facile sans jamais perdre de pi\u00e8ces.<\/li>\n<li>Mat\u00e9riaux de qualit\u00e9 alimentaire, sans BPA, PVC ni phtalates.<\/li>\n<\/ul>\n","protected":false},"excerpt":{"rendered":"<p><strong>Jeu d&#8217;\u00e9ducation pour chat.<\/strong> Vos chats intelligents adoreront le d\u00e9fi de ce jeu. Les chats frappent aux chevilles et font pivoter les feuilles pour d\u00e9couvrir les 16 compartiments qui cachent des friandises. Ajustez la difficult\u00e9 du puzzle pour le rendre plus facile pour les d\u00e9butants ou plus difficile pour les chats super intelligents.<\/p>\n","protected":false},"featured_media":915242,"template":"","meta":[],"product_cat":[12548,2697,12620,15793],"product_tag":[],"class_list":{"0":"post-519576","1":"product","2":"type-product","3":"status-publish","4":"has-post-thumbnail","6":"product_cat-accessoire-du-chat","7":"product_cat-chat","8":"product_cat-jeux-educatifs-pour-chat","9":"product_cat-jouets-pour-chat","10":"pa_marque-nina-ottosson","12":"first","13":"instock","14":"taxable","15":"shipping-taxable","16":"purchasable","17":"product-type-simple"},"yoast_head":"<!-- This site is optimized with the Yoast SEO plugin v27.3 - https:\/\/yoast.com\/product\/yoast-seo-wordpress\/ -->\n<title>Jeu Educatif Buggin&#039;out pour Chats Nina Ottosson - V\u00e9torino<\/title>\n<meta name=\"description\" content=\"Jeu d&#039;\u00e9ducation pour chat. Vos chats intelligents adoreront le d\u00e9fi de ce jeu. Les chats frappent aux chevilles et font pivoter les feuilles pour d\u00e9couvrir les 16 compartiments qui cachent des friandises. Ajustez la difficult\u00e9 du puzzle pour le rendre plus facile pour les d\u00e9butants ou plus difficile pour les chats super intelligents.\" \/>\n<meta name=\"robots\" content=\"noindex, nofollow\" \/>\n<meta property=\"og:locale\" content=\"fr_FR\" \/>\n<meta property=\"og:type\" content=\"article\" \/>\n<meta property=\"og:title\" content=\"Jeu Educatif Buggin&#039;out pour Chats Nina Ottosson - V\u00e9torino\" \/>\n<meta property=\"og:description\" content=\"Jeu d&#039;\u00e9ducation pour chat. Vos chats intelligents adoreront le d\u00e9fi de ce jeu. Les chats frappent aux chevilles et font pivoter les feuilles pour d\u00e9couvrir les 16 compartiments qui cachent des friandises. Ajustez la difficult\u00e9 du puzzle pour le rendre plus facile pour les d\u00e9butants ou plus difficile pour les chats super intelligents.\" \/>\n<meta property=\"og:url\" content=\"https:\/\/www.vetorino.com\/veterinaire\/riedisheim-68400\/boutique\/product\/jouet-chat-educatif-nina-ottosson-bugginout\/\" \/>\n<meta property=\"og:site_name\" content=\"V\u00e9torino\" \/>\n<meta property=\"article:publisher\" content=\"https:\/\/www.facebook.com\/Vetorino\/\" \/>\n<meta property=\"article:modified_time\" content=\"2025-12-31T01:42:15+00:00\" \/>\n<meta property=\"og:image\" content=\"https:\/\/www.vetorino.com\/boutique\/wp-content\/uploads\/2022\/12\/81028.jpg\" \/>\n\t<meta property=\"og:image:width\" content=\"780\" \/>\n\t<meta property=\"og:image:height\" content=\"780\" \/>\n\t<meta property=\"og:image:type\" content=\"image\/jpeg\" \/>\n<meta name=\"twitter:card\" content=\"summary_large_image\" \/>\n<meta name=\"twitter:label1\" content=\"Prix\" \/>\n\t<meta name=\"twitter:data1\" content=\"19,21&euro;\" \/>\n\t<meta name=\"twitter:label2\" content=\"Disponibilit\u00e9\" \/>\n\t<meta name=\"twitter:data2\" content=\"En stock\" \/>\n<script type=\"application\/ld+json\" class=\"yoast-schema-graph\">{\"@context\":\"https:\\\/\\\/schema.org\",\"@graph\":[{\"@type\":\"WebPage\",\"@id\":\"https:\\\/\\\/www.vetorino.com\\\/veterinaire\\\/evry-91000\\\/boutique\\\/product\\\/jouet-chat-educatif-nina-ottosson-bugginout\\\/\",\"url\":\"https:\\\/\\\/www.vetorino.com\\\/veterinaire\\\/evry-91000\\\/boutique\\\/product\\\/jouet-chat-educatif-nina-ottosson-bugginout\\\/\",\"name\":\"Jeu Educatif Buggin'out pour Chats Nina Ottosson - V\u00e9torino\",\"isPartOf\":{\"@id\":\"https:\\\/\\\/www.vetorino.com\\\/boutique\\\/#website\"},\"primaryImageOfPage\":{\"@id\":\"https:\\\/\\\/www.vetorino.com\\\/veterinaire\\\/evry-91000\\\/boutique\\\/product\\\/jouet-chat-educatif-nina-ottosson-bugginout\\\/#primaryimage\"},\"image\":{\"@id\":\"https:\\\/\\\/www.vetorino.com\\\/veterinaire\\\/evry-91000\\\/boutique\\\/product\\\/jouet-chat-educatif-nina-ottosson-bugginout\\\/#primaryimage\"},\"thumbnailUrl\":\"https:\\\/\\\/www.vetorino.com\\\/boutique\\\/wp-content\\\/uploads\\\/2022\\\/12\\\/81028.jpg\",\"datePublished\":\"2022-12-06T16:44:13+00:00\",\"dateModified\":\"2025-12-31T01:42:15+00:00\",\"description\":\"Jeu d'\u00e9ducation pour chat. Vos chats intelligents adoreront le d\u00e9fi de ce jeu. Les chats frappent aux chevilles et font pivoter les feuilles pour d\u00e9couvrir les 16 compartiments qui cachent des friandises. Ajustez la difficult\u00e9 du puzzle pour le rendre plus facile pour les d\u00e9butants ou plus difficile pour les chats super intelligents.\",\"breadcrumb\":{\"@id\":\"https:\\\/\\\/www.vetorino.com\\\/veterinaire\\\/evry-91000\\\/boutique\\\/product\\\/jouet-chat-educatif-nina-ottosson-bugginout\\\/#breadcrumb\"},\"inLanguage\":\"fr-FR\",\"potentialAction\":[{\"@type\":\"ReadAction\",\"target\":[\"https:\\\/\\\/www.vetorino.com\\\/veterinaire\\\/evry-91000\\\/boutique\\\/product\\\/jouet-chat-educatif-nina-ottosson-bugginout\\\/\"]}]},{\"@type\":\"ImageObject\",\"inLanguage\":\"fr-FR\",\"@id\":\"https:\\\/\\\/www.vetorino.com\\\/veterinaire\\\/evry-91000\\\/boutique\\\/product\\\/jouet-chat-educatif-nina-ottosson-bugginout\\\/#primaryimage\",\"url\":\"https:\\\/\\\/www.vetorino.com\\\/boutique\\\/wp-content\\\/uploads\\\/2022\\\/12\\\/81028.jpg\",\"contentUrl\":\"https:\\\/\\\/www.vetorino.com\\\/boutique\\\/wp-content\\\/uploads\\\/2022\\\/12\\\/81028.jpg\",\"width\":780,\"height\":780},{\"@type\":\"BreadcrumbList\",\"@id\":\"https:\\\/\\\/www.vetorino.com\\\/veterinaire\\\/evry-91000\\\/boutique\\\/product\\\/jouet-chat-educatif-nina-ottosson-bugginout\\\/#breadcrumb\",\"itemListElement\":[{\"@type\":\"ListItem\",\"position\":1,\"name\":\"Accueil\",\"item\":\"https:\\\/\\\/www.vetorino.com\\\/boutique\\\/\"},{\"@type\":\"ListItem\",\"position\":2,\"name\":\"Produits\",\"item\":\"https:\\\/\\\/www.vetorino.com\\\/boutique\\\/\"},{\"@type\":\"ListItem\",\"position\":3,\"name\":\"Jeu Educatif Buggin&#8217;out pour Chats\"}]},{\"@type\":\"WebSite\",\"@id\":\"https:\\\/\\\/www.vetorino.com\\\/boutique\\\/#website\",\"url\":\"https:\\\/\\\/www.vetorino.com\\\/boutique\\\/\",\"name\":\"V\u00e9torino\",\"description\":\"\",\"publisher\":{\"@id\":\"https:\\\/\\\/www.vetorino.com\\\/boutique\\\/#organization\"},\"potentialAction\":[{\"@type\":\"SearchAction\",\"target\":{\"@type\":\"EntryPoint\",\"urlTemplate\":\"https:\\\/\\\/www.vetorino.com\\\/boutique\\\/?s={search_term_string}\"},\"query-input\":{\"@type\":\"PropertyValueSpecification\",\"valueRequired\":true,\"valueName\":\"search_term_string\"}}],\"inLanguage\":\"fr-FR\"},{\"@type\":\"Organization\",\"@id\":\"https:\\\/\\\/www.vetorino.com\\\/boutique\\\/#organization\",\"name\":\"V\u00e9torino\",\"url\":\"https:\\\/\\\/www.vetorino.com\\\/boutique\\\/\",\"logo\":{\"@type\":\"ImageObject\",\"inLanguage\":\"fr-FR\",\"@id\":\"https:\\\/\\\/www.vetorino.com\\\/boutique\\\/#\\\/schema\\\/logo\\\/image\\\/\",\"url\":\"https:\\\/\\\/www.vetorino.com\\\/boutique\\\/wp-content\\\/uploads\\\/2024\\\/10\\\/logo.jpg\",\"contentUrl\":\"https:\\\/\\\/www.vetorino.com\\\/boutique\\\/wp-content\\\/uploads\\\/2024\\\/10\\\/logo.jpg\",\"width\":1200,\"height\":610,\"caption\":\"V\u00e9torino\"},\"image\":{\"@id\":\"https:\\\/\\\/www.vetorino.com\\\/boutique\\\/#\\\/schema\\\/logo\\\/image\\\/\"},\"sameAs\":[\"https:\\\/\\\/www.facebook.com\\\/Vetorino\\\/\",\"https:\\\/\\\/www.instagram.com\\\/vetorino_off\\\/\",\"https:\\\/\\\/www.linkedin.com\\\/company\\\/vtorino\\\/\"]}]}<\/script>\n<meta property=\"product:brand\" content=\"Nina Ottosson\" \/>\n<meta property=\"product:price:amount\" content=\"19.21\" \/>\n<meta property=\"product:price:currency\" content=\"EUR\" \/>\n<meta property=\"og:availability\" content=\"instock\" \/>\n<meta property=\"product:availability\" content=\"instock\" \/>\n<meta property=\"product:retailer_item_id\" content=\"C-JOU347\" \/>\n<meta property=\"product:condition\" content=\"new\" \/>\n<!-- \/ Yoast SEO plugin. -->","yoast_head_json":{"title":"Jeu Educatif Buggin'out pour Chats Nina Ottosson - V\u00e9torino","description":"Jeu d'\u00e9ducation pour chat. Vos chats intelligents adoreront le d\u00e9fi de ce jeu. Les chats frappent aux chevilles et font pivoter les feuilles pour d\u00e9couvrir les 16 compartiments qui cachent des friandises. Ajustez la difficult\u00e9 du puzzle pour le rendre plus facile pour les d\u00e9butants ou plus difficile pour les chats super intelligents.","robots":{"index":"noindex","follow":"nofollow"},"og_locale":"fr_FR","og_type":"article","og_title":"Jeu Educatif Buggin'out pour Chats Nina Ottosson - V\u00e9torino","og_description":"Jeu d'\u00e9ducation pour chat. Vos chats intelligents adoreront le d\u00e9fi de ce jeu. Les chats frappent aux chevilles et font pivoter les feuilles pour d\u00e9couvrir les 16 compartiments qui cachent des friandises. Ajustez la difficult\u00e9 du puzzle pour le rendre plus facile pour les d\u00e9butants ou plus difficile pour les chats super intelligents.","og_url":"https:\/\/www.vetorino.com\/veterinaire\/riedisheim-68400\/boutique\/product\/jouet-chat-educatif-nina-ottosson-bugginout\/","og_site_name":"V\u00e9torino","article_publisher":"https:\/\/www.facebook.com\/Vetorino\/","article_modified_time":"2025-12-31T01:42:15+00:00","og_image":[{"width":780,"height":780,"url":"https:\/\/www.vetorino.com\/boutique\/wp-content\/uploads\/2022\/12\/81028.jpg","type":"image\/jpeg"}],"twitter_card":"summary_large_image","twitter_misc":{"Prix":"19,21&euro;","Disponibilit\u00e9":"En stock"},"schema":{"@context":"https:\/\/schema.org","@graph":[{"@type":"WebPage","@id":"https:\/\/www.vetorino.com\/veterinaire\/evry-91000\/boutique\/product\/jouet-chat-educatif-nina-ottosson-bugginout\/","url":"https:\/\/www.vetorino.com\/veterinaire\/evry-91000\/boutique\/product\/jouet-chat-educatif-nina-ottosson-bugginout\/","name":"Jeu Educatif Buggin'out pour Chats Nina Ottosson - V\u00e9torino","isPartOf":{"@id":"https:\/\/www.vetorino.com\/boutique\/#website"},"primaryImageOfPage":{"@id":"https:\/\/www.vetorino.com\/veterinaire\/evry-91000\/boutique\/product\/jouet-chat-educatif-nina-ottosson-bugginout\/#primaryimage"},"image":{"@id":"https:\/\/www.vetorino.com\/veterinaire\/evry-91000\/boutique\/product\/jouet-chat-educatif-nina-ottosson-bugginout\/#primaryimage"},"thumbnailUrl":"https:\/\/www.vetorino.com\/boutique\/wp-content\/uploads\/2022\/12\/81028.jpg","datePublished":"2022-12-06T16:44:13+00:00","dateModified":"2025-12-31T01:42:15+00:00","description":"Jeu d'\u00e9ducation pour chat. Vos chats intelligents adoreront le d\u00e9fi de ce jeu. Les chats frappent aux chevilles et font pivoter les feuilles pour d\u00e9couvrir les 16 compartiments qui cachent des friandises. Ajustez la difficult\u00e9 du puzzle pour le rendre plus facile pour les d\u00e9butants ou plus difficile pour les chats super intelligents.","breadcrumb":{"@id":"https:\/\/www.vetorino.com\/veterinaire\/evry-91000\/boutique\/product\/jouet-chat-educatif-nina-ottosson-bugginout\/#breadcrumb"},"inLanguage":"fr-FR","potentialAction":[{"@type":"ReadAction","target":["https:\/\/www.vetorino.com\/veterinaire\/evry-91000\/boutique\/product\/jouet-chat-educatif-nina-ottosson-bugginout\/"]}]},{"@type":"ImageObject","inLanguage":"fr-FR","@id":"https:\/\/www.vetorino.com\/veterinaire\/evry-91000\/boutique\/product\/jouet-chat-educatif-nina-ottosson-bugginout\/#primaryimage","url":"https:\/\/www.vetorino.com\/boutique\/wp-content\/uploads\/2022\/12\/81028.jpg","contentUrl":"https:\/\/www.vetorino.com\/boutique\/wp-content\/uploads\/2022\/12\/81028.jpg","width":780,"height":780},{"@type":"BreadcrumbList","@id":"https:\/\/www.vetorino.com\/veterinaire\/evry-91000\/boutique\/product\/jouet-chat-educatif-nina-ottosson-bugginout\/#breadcrumb","itemListElement":[{"@type":"ListItem","position":1,"name":"Accueil","item":"https:\/\/www.vetorino.com\/boutique\/"},{"@type":"ListItem","position":2,"name":"Produits","item":"https:\/\/www.vetorino.com\/boutique\/"},{"@type":"ListItem","position":3,"name":"Jeu Educatif Buggin&#8217;out pour Chats"}]},{"@type":"WebSite","@id":"https:\/\/www.vetorino.com\/boutique\/#website","url":"https:\/\/www.vetorino.com\/boutique\/","name":"V\u00e9torino","description":"","publisher":{"@id":"https:\/\/www.vetorino.com\/boutique\/#organization"},"potentialAction":[{"@type":"SearchAction","target":{"@type":"EntryPoint","urlTemplate":"https:\/\/www.vetorino.com\/boutique\/?s={search_term_string}"},"query-input":{"@type":"PropertyValueSpecification","valueRequired":true,"valueName":"search_term_string"}}],"inLanguage":"fr-FR"},{"@type":"Organization","@id":"https:\/\/www.vetorino.com\/boutique\/#organization","name":"V\u00e9torino","url":"https:\/\/www.vetorino.com\/boutique\/","logo":{"@type":"ImageObject","inLanguage":"fr-FR","@id":"https:\/\/www.vetorino.com\/boutique\/#\/schema\/logo\/image\/","url":"https:\/\/www.vetorino.com\/boutique\/wp-content\/uploads\/2024\/10\/logo.jpg","contentUrl":"https:\/\/www.vetorino.com\/boutique\/wp-content\/uploads\/2024\/10\/logo.jpg","width":1200,"height":610,"caption":"V\u00e9torino"},"image":{"@id":"https:\/\/www.vetorino.com\/boutique\/#\/schema\/logo\/image\/"},"sameAs":["https:\/\/www.facebook.com\/Vetorino\/","https:\/\/www.instagram.com\/vetorino_off\/","https:\/\/www.linkedin.com\/company\/vtorino\/"]}]},"product_brand":"Nina Ottosson","product_price_amount":"19.21","product_price_currency":"EUR","og_availability":"instock","product_availability":"instock","product_retailer_item_id":"C-JOU347","product_condition":"new"},"_links":{"self":[{"href":"https:\/\/www.vetorino.com\/veterinaire\/riedisheim-68400\/boutique\/wp-json\/wp\/v2\/product\/519576","targetHints":{"allow":["GET"]}}],"collection":[{"href":"https:\/\/www.vetorino.com\/veterinaire\/riedisheim-68400\/boutique\/wp-json\/wp\/v2\/product"}],"about":[{"href":"https:\/\/www.vetorino.com\/veterinaire\/riedisheim-68400\/boutique\/wp-json\/wp\/v2\/types\/product"}],"wp:featuredmedia":[{"embeddable":true,"href":"https:\/\/www.vetorino.com\/veterinaire\/riedisheim-68400\/boutique\/wp-json\/wp\/v2\/media\/915242"}],"wp:attachment":[{"href":"https:\/\/www.vetorino.com\/veterinaire\/riedisheim-68400\/boutique\/wp-json\/wp\/v2\/media?parent=519576"}],"wp:term":[{"taxonomy":"product_cat","embeddable":true,"href":"https:\/\/www.vetorino.com\/veterinaire\/riedisheim-68400\/boutique\/wp-json\/wp\/v2\/product_cat?post=519576"},{"taxonomy":"product_tag","embeddable":true,"href":"https:\/\/www.vetorino.com\/veterinaire\/riedisheim-68400\/boutique\/wp-json\/wp\/v2\/product_tag?post=519576"}],"curies":[{"name":"wp","href":"https:\/\/api.w.org\/{rel}","templated":true}]}}