{"id":549849,"date":"2023-01-31T14:34:56","date_gmt":"2023-01-31T13:34:56","guid":{"rendered":"https:\/\/www.vetorino.com\/boutique\/product\/gamelle-anti-glouton-trixie-slow-feed\/"},"modified":"2026-01-23T09:11:39","modified_gmt":"2026-01-23T08:11:39","slug":"gamelle-anti-glouton-trixie-slow-feed","status":"publish","type":"product","link":"https:\/\/www.vetorino.com\/veterinaire\/riedisheim-68400\/boutique\/product\/gamelle-anti-glouton-trixie-slow-feed\/","title":{"rendered":"Gamelle Anti Glouton Slow Feed Hive"},"content":{"rendered":"<p>Cette\u00a0<strong>Gamelle Anti-Glouton Slow Feed Trixie<\/strong>\u00a0permet d&#8217;\u00e9viter d&#8217;avaler trop vite la nourriture et contribue ainsi au bien-\u00eatre digestif.<\/p>\n<ul>\n<li>Dimension : 30 cm.<\/li>\n<li>Convient \u00e0 tous les types d\u2018aliments pour animaux.<\/li>\n<li>Anti-d\u00e9rapant.<\/li>\n<li>Mati\u00e8re souple m\u00e9nageant la bouche et les gencives.<\/li>\n<\/ul>\n","protected":false},"excerpt":{"rendered":"<p>Cette\u00a0<strong>Gamelle Anti-Glouton Slow Feed Trixie<\/strong>\u00a0permet d&#8217;\u00e9viter d&#8217;avaler trop vite la nourriture et contribue ainsi au bien-\u00eatre digestif.<\/p>\n<ul>\n<li>Dimension : 30 cm.<\/li>\n<li>Convient \u00e0 tous les types d\u2018aliments pour animaux.<\/li>\n<li>Anti-d\u00e9rapant.<\/li>\n<li>Mati\u00e8re souple m\u00e9nageant la bouche et les gencives.<\/li>\n<\/ul>\n","protected":false},"featured_media":1591557,"template":"","meta":[],"product_cat":[12548,2697,2698,12606,12607],"product_tag":[],"class_list":{"0":"post-549849","1":"product","2":"type-product","3":"status-publish","4":"has-post-thumbnail","6":"product_cat-accessoire-du-chat","7":"product_cat-chat","8":"product_cat-chien","9":"product_cat-gamelles-pour-chat","10":"product_cat-gamelles-pour-chien","11":"pa_marque-trixie","13":"first","14":"instock","15":"taxable","16":"shipping-taxable","17":"purchasable","18":"product-type-variable"},"yoast_head":"<!-- This site is optimized with the Yoast SEO plugin v27.3 - https:\/\/yoast.com\/product\/yoast-seo-wordpress\/ -->\n<title>Gamelle Anti Glouton Slow Feed Hive Trixie - V\u00e9torino<\/title>\n<meta name=\"description\" content=\"Cette\u00a0Gamelle Anti-Glouton Slow Feed Trixie\u00a0permet d&#039;\u00e9viter d&#039;avaler trop vite la nourriture et contribue ainsi au bien-\u00eatre digestif.   Dimension : 30 cm.  Convient \u00e0 tous les types d\u2018aliments pour animaux.  Anti-d\u00e9rapant.  Mati\u00e8re souple m\u00e9nageant la bouche et les gencives.\" \/>\n<meta name=\"robots\" content=\"noindex, nofollow\" \/>\n<meta property=\"og:locale\" content=\"fr_FR\" \/>\n<meta property=\"og:type\" content=\"article\" \/>\n<meta property=\"og:title\" content=\"Gamelle Anti Glouton Slow Feed Hive Trixie - V\u00e9torino\" \/>\n<meta property=\"og:description\" content=\"Cette\u00a0Gamelle Anti-Glouton Slow Feed Trixie\u00a0permet d&#039;\u00e9viter d&#039;avaler trop vite la nourriture et contribue ainsi au bien-\u00eatre digestif.   Dimension : 30 cm.  Convient \u00e0 tous les types d\u2018aliments pour animaux.  Anti-d\u00e9rapant.  Mati\u00e8re souple m\u00e9nageant la bouche et les gencives.\" \/>\n<meta property=\"og:url\" content=\"https:\/\/www.vetorino.com\/veterinaire\/riedisheim-68400\/boutique\/product\/gamelle-anti-glouton-trixie-slow-feed\/\" \/>\n<meta property=\"og:site_name\" content=\"V\u00e9torino\" \/>\n<meta property=\"article:publisher\" content=\"https:\/\/www.facebook.com\/Vetorino\/\" \/>\n<meta property=\"article:modified_time\" content=\"2026-01-23T08:11:39+00:00\" \/>\n<meta property=\"og:image\" content=\"https:\/\/www.vetorino.com\/boutique\/wp-content\/uploads\/2023\/01\/trixie-gamelle-anti-glouton-slow-feed-hive.jpg\" \/>\n\t<meta property=\"og:image:width\" content=\"800\" \/>\n\t<meta property=\"og:image:height\" content=\"800\" \/>\n\t<meta property=\"og:image:type\" content=\"image\/jpeg\" \/>\n<meta name=\"twitter:card\" content=\"summary_large_image\" \/>\n<meta name=\"twitter:label1\" content=\"Disponibilit\u00e9\" \/>\n\t<meta name=\"twitter:data1\" content=\"En stock\" \/>\n<script type=\"application\/ld+json\" class=\"yoast-schema-graph\">{\"@context\":\"https:\\\/\\\/schema.org\",\"@graph\":[{\"@type\":\"WebPage\",\"@id\":\"https:\\\/\\\/www.vetorino.com\\\/veterinaire\\\/saintbonnetpresriom-63200\\\/boutique\\\/product\\\/gamelle-anti-glouton-trixie-slow-feed\\\/\",\"url\":\"https:\\\/\\\/www.vetorino.com\\\/veterinaire\\\/saintbonnetpresriom-63200\\\/boutique\\\/product\\\/gamelle-anti-glouton-trixie-slow-feed\\\/\",\"name\":\"Gamelle Anti Glouton Slow Feed Hive Trixie - V\u00e9torino\",\"isPartOf\":{\"@id\":\"https:\\\/\\\/www.vetorino.com\\\/boutique\\\/#website\"},\"primaryImageOfPage\":{\"@id\":\"https:\\\/\\\/www.vetorino.com\\\/veterinaire\\\/saintbonnetpresriom-63200\\\/boutique\\\/product\\\/gamelle-anti-glouton-trixie-slow-feed\\\/#primaryimage\"},\"image\":{\"@id\":\"https:\\\/\\\/www.vetorino.com\\\/veterinaire\\\/saintbonnetpresriom-63200\\\/boutique\\\/product\\\/gamelle-anti-glouton-trixie-slow-feed\\\/#primaryimage\"},\"thumbnailUrl\":\"https:\\\/\\\/www.vetorino.com\\\/boutique\\\/wp-content\\\/uploads\\\/2023\\\/01\\\/trixie-gamelle-anti-glouton-slow-feed-hive.jpg\",\"datePublished\":\"2023-01-31T13:34:56+00:00\",\"dateModified\":\"2026-01-23T08:11:39+00:00\",\"description\":\"Cette\u00a0Gamelle Anti-Glouton Slow Feed Trixie\u00a0permet d'\u00e9viter d'avaler trop vite la nourriture et contribue ainsi au bien-\u00eatre digestif. Dimension : 30 cm. Convient \u00e0 tous les types d\u2018aliments pour animaux. Anti-d\u00e9rapant. Mati\u00e8re souple m\u00e9nageant la bouche et les gencives.\",\"breadcrumb\":{\"@id\":\"https:\\\/\\\/www.vetorino.com\\\/veterinaire\\\/saintbonnetpresriom-63200\\\/boutique\\\/product\\\/gamelle-anti-glouton-trixie-slow-feed\\\/#breadcrumb\"},\"inLanguage\":\"fr-FR\",\"potentialAction\":[{\"@type\":\"ReadAction\",\"target\":[\"https:\\\/\\\/www.vetorino.com\\\/veterinaire\\\/saintbonnetpresriom-63200\\\/boutique\\\/product\\\/gamelle-anti-glouton-trixie-slow-feed\\\/\"]}]},{\"@type\":\"ImageObject\",\"inLanguage\":\"fr-FR\",\"@id\":\"https:\\\/\\\/www.vetorino.com\\\/veterinaire\\\/saintbonnetpresriom-63200\\\/boutique\\\/product\\\/gamelle-anti-glouton-trixie-slow-feed\\\/#primaryimage\",\"url\":\"https:\\\/\\\/www.vetorino.com\\\/boutique\\\/wp-content\\\/uploads\\\/2023\\\/01\\\/trixie-gamelle-anti-glouton-slow-feed-hive.jpg\",\"contentUrl\":\"https:\\\/\\\/www.vetorino.com\\\/boutique\\\/wp-content\\\/uploads\\\/2023\\\/01\\\/trixie-gamelle-anti-glouton-slow-feed-hive.jpg\",\"width\":800,\"height\":800},{\"@type\":\"BreadcrumbList\",\"@id\":\"https:\\\/\\\/www.vetorino.com\\\/veterinaire\\\/saintbonnetpresriom-63200\\\/boutique\\\/product\\\/gamelle-anti-glouton-trixie-slow-feed\\\/#breadcrumb\",\"itemListElement\":[{\"@type\":\"ListItem\",\"position\":1,\"name\":\"Accueil\",\"item\":\"https:\\\/\\\/www.vetorino.com\\\/boutique\\\/\"},{\"@type\":\"ListItem\",\"position\":2,\"name\":\"Produits\",\"item\":\"https:\\\/\\\/www.vetorino.com\\\/boutique\\\/\"},{\"@type\":\"ListItem\",\"position\":3,\"name\":\"Gamelle Anti Glouton Slow Feed Hive\"}]},{\"@type\":\"WebSite\",\"@id\":\"https:\\\/\\\/www.vetorino.com\\\/boutique\\\/#website\",\"url\":\"https:\\\/\\\/www.vetorino.com\\\/boutique\\\/\",\"name\":\"V\u00e9torino\",\"description\":\"\",\"publisher\":{\"@id\":\"https:\\\/\\\/www.vetorino.com\\\/boutique\\\/#organization\"},\"potentialAction\":[{\"@type\":\"SearchAction\",\"target\":{\"@type\":\"EntryPoint\",\"urlTemplate\":\"https:\\\/\\\/www.vetorino.com\\\/boutique\\\/?s={search_term_string}\"},\"query-input\":{\"@type\":\"PropertyValueSpecification\",\"valueRequired\":true,\"valueName\":\"search_term_string\"}}],\"inLanguage\":\"fr-FR\"},{\"@type\":\"Organization\",\"@id\":\"https:\\\/\\\/www.vetorino.com\\\/boutique\\\/#organization\",\"name\":\"V\u00e9torino\",\"url\":\"https:\\\/\\\/www.vetorino.com\\\/boutique\\\/\",\"logo\":{\"@type\":\"ImageObject\",\"inLanguage\":\"fr-FR\",\"@id\":\"https:\\\/\\\/www.vetorino.com\\\/boutique\\\/#\\\/schema\\\/logo\\\/image\\\/\",\"url\":\"https:\\\/\\\/www.vetorino.com\\\/boutique\\\/wp-content\\\/uploads\\\/2024\\\/10\\\/logo.jpg\",\"contentUrl\":\"https:\\\/\\\/www.vetorino.com\\\/boutique\\\/wp-content\\\/uploads\\\/2024\\\/10\\\/logo.jpg\",\"width\":1200,\"height\":610,\"caption\":\"V\u00e9torino\"},\"image\":{\"@id\":\"https:\\\/\\\/www.vetorino.com\\\/boutique\\\/#\\\/schema\\\/logo\\\/image\\\/\"},\"sameAs\":[\"https:\\\/\\\/www.facebook.com\\\/Vetorino\\\/\",\"https:\\\/\\\/www.instagram.com\\\/vetorino_off\\\/\",\"https:\\\/\\\/www.linkedin.com\\\/company\\\/vtorino\\\/\"]}]}<\/script>\n<meta property=\"product:brand\" content=\"Trixie\" \/>\n<meta property=\"og:availability\" content=\"instock\" \/>\n<meta property=\"product:availability\" content=\"instock\" \/>\n<meta property=\"product:condition\" content=\"new\" \/>\n<!-- \/ Yoast SEO plugin. -->","yoast_head_json":{"title":"Gamelle Anti Glouton Slow Feed Hive Trixie - V\u00e9torino","description":"Cette\u00a0Gamelle Anti-Glouton Slow Feed Trixie\u00a0permet d'\u00e9viter d'avaler trop vite la nourriture et contribue ainsi au bien-\u00eatre digestif.   Dimension : 30 cm.  Convient \u00e0 tous les types d\u2018aliments pour animaux.  Anti-d\u00e9rapant.  Mati\u00e8re souple m\u00e9nageant la bouche et les gencives.","robots":{"index":"noindex","follow":"nofollow"},"og_locale":"fr_FR","og_type":"article","og_title":"Gamelle Anti Glouton Slow Feed Hive Trixie - V\u00e9torino","og_description":"Cette\u00a0Gamelle Anti-Glouton Slow Feed Trixie\u00a0permet d'\u00e9viter d'avaler trop vite la nourriture et contribue ainsi au bien-\u00eatre digestif.   Dimension : 30 cm.  Convient \u00e0 tous les types d\u2018aliments pour animaux.  Anti-d\u00e9rapant.  Mati\u00e8re souple m\u00e9nageant la bouche et les gencives.","og_url":"https:\/\/www.vetorino.com\/veterinaire\/riedisheim-68400\/boutique\/product\/gamelle-anti-glouton-trixie-slow-feed\/","og_site_name":"V\u00e9torino","article_publisher":"https:\/\/www.facebook.com\/Vetorino\/","article_modified_time":"2026-01-23T08:11:39+00:00","og_image":[{"width":800,"height":800,"url":"https:\/\/www.vetorino.com\/boutique\/wp-content\/uploads\/2023\/01\/trixie-gamelle-anti-glouton-slow-feed-hive.jpg","type":"image\/jpeg"}],"twitter_card":"summary_large_image","twitter_misc":{"Disponibilit\u00e9":"En stock"},"schema":{"@context":"https:\/\/schema.org","@graph":[{"@type":"WebPage","@id":"https:\/\/www.vetorino.com\/veterinaire\/saintbonnetpresriom-63200\/boutique\/product\/gamelle-anti-glouton-trixie-slow-feed\/","url":"https:\/\/www.vetorino.com\/veterinaire\/saintbonnetpresriom-63200\/boutique\/product\/gamelle-anti-glouton-trixie-slow-feed\/","name":"Gamelle Anti Glouton Slow Feed Hive Trixie - V\u00e9torino","isPartOf":{"@id":"https:\/\/www.vetorino.com\/boutique\/#website"},"primaryImageOfPage":{"@id":"https:\/\/www.vetorino.com\/veterinaire\/saintbonnetpresriom-63200\/boutique\/product\/gamelle-anti-glouton-trixie-slow-feed\/#primaryimage"},"image":{"@id":"https:\/\/www.vetorino.com\/veterinaire\/saintbonnetpresriom-63200\/boutique\/product\/gamelle-anti-glouton-trixie-slow-feed\/#primaryimage"},"thumbnailUrl":"https:\/\/www.vetorino.com\/boutique\/wp-content\/uploads\/2023\/01\/trixie-gamelle-anti-glouton-slow-feed-hive.jpg","datePublished":"2023-01-31T13:34:56+00:00","dateModified":"2026-01-23T08:11:39+00:00","description":"Cette\u00a0Gamelle Anti-Glouton Slow Feed Trixie\u00a0permet d'\u00e9viter d'avaler trop vite la nourriture et contribue ainsi au bien-\u00eatre digestif. Dimension : 30 cm. Convient \u00e0 tous les types d\u2018aliments pour animaux. Anti-d\u00e9rapant. Mati\u00e8re souple m\u00e9nageant la bouche et les gencives.","breadcrumb":{"@id":"https:\/\/www.vetorino.com\/veterinaire\/saintbonnetpresriom-63200\/boutique\/product\/gamelle-anti-glouton-trixie-slow-feed\/#breadcrumb"},"inLanguage":"fr-FR","potentialAction":[{"@type":"ReadAction","target":["https:\/\/www.vetorino.com\/veterinaire\/saintbonnetpresriom-63200\/boutique\/product\/gamelle-anti-glouton-trixie-slow-feed\/"]}]},{"@type":"ImageObject","inLanguage":"fr-FR","@id":"https:\/\/www.vetorino.com\/veterinaire\/saintbonnetpresriom-63200\/boutique\/product\/gamelle-anti-glouton-trixie-slow-feed\/#primaryimage","url":"https:\/\/www.vetorino.com\/boutique\/wp-content\/uploads\/2023\/01\/trixie-gamelle-anti-glouton-slow-feed-hive.jpg","contentUrl":"https:\/\/www.vetorino.com\/boutique\/wp-content\/uploads\/2023\/01\/trixie-gamelle-anti-glouton-slow-feed-hive.jpg","width":800,"height":800},{"@type":"BreadcrumbList","@id":"https:\/\/www.vetorino.com\/veterinaire\/saintbonnetpresriom-63200\/boutique\/product\/gamelle-anti-glouton-trixie-slow-feed\/#breadcrumb","itemListElement":[{"@type":"ListItem","position":1,"name":"Accueil","item":"https:\/\/www.vetorino.com\/boutique\/"},{"@type":"ListItem","position":2,"name":"Produits","item":"https:\/\/www.vetorino.com\/boutique\/"},{"@type":"ListItem","position":3,"name":"Gamelle Anti Glouton Slow Feed Hive"}]},{"@type":"WebSite","@id":"https:\/\/www.vetorino.com\/boutique\/#website","url":"https:\/\/www.vetorino.com\/boutique\/","name":"V\u00e9torino","description":"","publisher":{"@id":"https:\/\/www.vetorino.com\/boutique\/#organization"},"potentialAction":[{"@type":"SearchAction","target":{"@type":"EntryPoint","urlTemplate":"https:\/\/www.vetorino.com\/boutique\/?s={search_term_string}"},"query-input":{"@type":"PropertyValueSpecification","valueRequired":true,"valueName":"search_term_string"}}],"inLanguage":"fr-FR"},{"@type":"Organization","@id":"https:\/\/www.vetorino.com\/boutique\/#organization","name":"V\u00e9torino","url":"https:\/\/www.vetorino.com\/boutique\/","logo":{"@type":"ImageObject","inLanguage":"fr-FR","@id":"https:\/\/www.vetorino.com\/boutique\/#\/schema\/logo\/image\/","url":"https:\/\/www.vetorino.com\/boutique\/wp-content\/uploads\/2024\/10\/logo.jpg","contentUrl":"https:\/\/www.vetorino.com\/boutique\/wp-content\/uploads\/2024\/10\/logo.jpg","width":1200,"height":610,"caption":"V\u00e9torino"},"image":{"@id":"https:\/\/www.vetorino.com\/boutique\/#\/schema\/logo\/image\/"},"sameAs":["https:\/\/www.facebook.com\/Vetorino\/","https:\/\/www.instagram.com\/vetorino_off\/","https:\/\/www.linkedin.com\/company\/vtorino\/"]}]},"product_brand":"Trixie","og_availability":"instock","product_availability":"instock","product_condition":"new"},"_links":{"self":[{"href":"https:\/\/www.vetorino.com\/veterinaire\/riedisheim-68400\/boutique\/wp-json\/wp\/v2\/product\/549849","targetHints":{"allow":["GET"]}}],"collection":[{"href":"https:\/\/www.vetorino.com\/veterinaire\/riedisheim-68400\/boutique\/wp-json\/wp\/v2\/product"}],"about":[{"href":"https:\/\/www.vetorino.com\/veterinaire\/riedisheim-68400\/boutique\/wp-json\/wp\/v2\/types\/product"}],"wp:featuredmedia":[{"embeddable":true,"href":"https:\/\/www.vetorino.com\/veterinaire\/riedisheim-68400\/boutique\/wp-json\/wp\/v2\/media\/1591557"}],"wp:attachment":[{"href":"https:\/\/www.vetorino.com\/veterinaire\/riedisheim-68400\/boutique\/wp-json\/wp\/v2\/media?parent=549849"}],"wp:term":[{"taxonomy":"product_cat","embeddable":true,"href":"https:\/\/www.vetorino.com\/veterinaire\/riedisheim-68400\/boutique\/wp-json\/wp\/v2\/product_cat?post=549849"},{"taxonomy":"product_tag","embeddable":true,"href":"https:\/\/www.vetorino.com\/veterinaire\/riedisheim-68400\/boutique\/wp-json\/wp\/v2\/product_tag?post=549849"}],"curies":[{"name":"wp","href":"https:\/\/api.w.org\/{rel}","templated":true}]}}