{"id":582831,"date":"2023-03-29T14:51:35","date_gmt":"2023-03-29T12:51:35","guid":{"rendered":"https:\/\/www.vetorino.com\/boutique\/product\/vetramil-baume\/"},"modified":"2026-03-27T18:23:13","modified_gmt":"2026-03-27T17:23:13","slug":"vetramil-baume","status":"publish","type":"product","link":"https:\/\/www.vetorino.com\/veterinaire\/riedisheim-68400\/boutique\/product\/vetramil-baume\/","title":{"rendered":"Vetramil Baume"},"content":{"rendered":"<p class=\"p1\"><strong>Vetramil\u00ae baume est formul\u00e9 \u00e0 base de miel, de beurre de karit\u00e9, de cire d\u2019abeille et d\u2019huiles essentielles.<span class=\"Apple-converted-space\">\u00a0<\/span><\/strong><\/p>\n<ul>\n<li class=\"p1\">Le miel de qualit\u00e9 m\u00e9dicale favorise la cicatrisation naturelle de la peau.<span class=\"Apple-converted-space\">\u00a0<\/span><\/li>\n<li class=\"p1\">Les huiles essentielles de lavande et d\u2019eucalyptus contribuent \u00e0 r\u00e9duire les irritations.<span class=\"Apple-converted-space\">\u00a0<\/span><\/li>\n<li class=\"p1\">La cire d\u2019abeille forme une barri\u00e8re protectrice et imperm\u00e9able \u00e0 l\u2019eau et aux agents ext\u00e9rieurs.<span class=\"Apple-converted-space\">\u00a0<\/span><\/li>\n<li class=\"p1\">Le beurre de karit\u00e9 et l\u2019huile d\u2019amande douce sont des \u00e9mollients qui assouplissent et hydratent les zones s\u00e8ches.<span class=\"Apple-converted-space\">\u00a0<\/span><\/li>\n<li class=\"p1\">Gr\u00e2ce \u00e0 sa composition unique, le baume Vetramil\u00ae poss\u00e8de des propri\u00e9t\u00e9s hydratantes, assouplissantes et protectrices.<\/li>\n<\/ul>\n<p class=\"p1\"><strong>Ingr\u00e9dients :<span class=\"Apple-converted-space\">\u00a0<\/span><\/strong><\/p>\n<p class=\"p1\">Eau, miel, alcool c\u00e9t\u00e9arylique, caprylique\/capric triglyc\u00e9ride, beurre de karit\u00e9, st\u00e9arate de glyc\u00e9rol, cire d\u2019abeille, alcool d\u00e9natur\u00e9, glucoside c\u00e9t\u00e9arylique, huile d\u2019amande douce (Prunus Amygdalus Dulcis \u2013 Huile), bisabolol, palmitate de c\u00e9tyl, acide citrique, cocoglyc\u00e9rides, benzoate de d\u00e9natonium, eucalyptus (Eucalyptus Globulus Leaf \u2013 HE), glyc\u00e9rine, huile de tournesol (Helianthus Annuus Seed \u2013 Huile), lavande (Lavandula Angustifolia \u2013 HE), limon\u00e8ne, linalol, menthol, tocoph\u00e9rol, sorbate de potassium, anisate de sodium, benzoate de sodium, levulinate de sodium.<\/p>\n<ul>\n<li class=\"p1\">Vetramil\u00ae baume a \u00e9t\u00e9 sp\u00e9cialement \u00e9labor\u00e9 pour assouplir, prot\u00e9ger et nourrir les coussinets, les espaces interdigitaux et les callosit\u00e9s du chien.<span class=\"Apple-converted-space\">\u00a0<\/span><\/li>\n<li class=\"p1\">Vetramil\u00ae baume prot\u00e8ge la peau des irritations et des abrasions avant une activit\u00e9 intense (longue balade, agility, garde de troupeaux, chiens de secours, \u2026) ou, en \u00e9t\u00e9 comme en hiver, lorsque les coussinets sont soumis \u00e0 des conditions d\u00e9favorables (asphalte br\u00fblant, glace, neige, sel et toutes surfaces rugueuses).<span class=\"Apple-converted-space\">\u00a0<\/span><\/li>\n<li class=\"p1\">Ainsi Vetramil\u00ae baume soulage et apaise lorsque des l\u00e9sions sont d\u00e9j\u00e0 pr\u00e9sentes.<\/li>\n<\/ul>\n<p class=\"p1\"><strong>Mode d\u2019emploi\/<span class=\"Apple-converted-space\">\u00a0<\/span>Conseils d\u2019utilisation :<\/strong><\/p>\n<p class=\"p1\">&gt; Appliquer le baume sur la zone propre et s\u00e8che en une couche homog\u00e8ne<span class=\"Apple-converted-space\">\u00a0<\/span><\/p>\n<p class=\"p1\">&gt; R\u00e9p\u00e9ter l\u2019application 1 \u00e0 3 fois par jour jusqu\u2019\u00e0 ce que la peau retrouve un aspect normal.<span class=\"Apple-converted-space\">\u00a0<\/span><\/p>\n<p class=\"p1\">L\u2019amertume de Vetramil\u00ae baume limite le l\u00e9chage.<\/p>\n<p class=\"p1\"><strong>Pr\u00e9cautions d\u2019emploi :<\/strong><\/p>\n<ul>\n<li class=\"p1\">Le baume Vetramil\u00ae ne laisse habituellement pas de r\u00e9sidu sur les surfaces en contact avec la zone d\u2019application.<\/li>\n<li class=\"p1\">Toutefois, en raison de sa texture riche, quelques traces peuvent \u00eatre visibles sur certains mat\u00e9riaux (textiles, sol en lino\u2026) dans les minutes suivant son application.<span class=\"Apple-converted-space\">\u00a0<\/span><\/li>\n<li class=\"p1\">Conserver \u00e0 temp\u00e9rature ambiante. Bien refermer le pot apr\u00e8s chaque utilisation. \u00c9viter les contaminations du contenu. Ne pas utiliser en cas d\u2019emballage endommag\u00e9. Tenir hors de la vue et de la port\u00e9e des enfants.<span class=\"Apple-converted-space\">\u00a0<\/span><\/li>\n<li class=\"p1\">En cas de contact avec les yeux : rincer abondamment avec de l\u2019eau.<span class=\"Apple-converted-space\">\u00a0<\/span><\/li>\n<li class=\"p1\">En cas d\u2019ingestion : faire boire de l\u2019eau \u00e0 la personne si elle est consciente.<span class=\"Apple-converted-space\">\u00a0<\/span><\/li>\n<li class=\"p1\">Ne pas faire vomir. Appeler un centre antipoison ou un m\u00e9decin pour plus de renseignements.<\/li>\n<\/ul>\n","protected":false},"excerpt":{"rendered":"<p><strong>Vetramil\u00ae baume<\/strong> formul\u00e9 \u00e0 base de miel, de beurre de karit\u00e9, de cire d\u2019abeille et d\u2019huiles essentielles a \u00e9t\u00e9 sp\u00e9cialement \u00e9labor\u00e9 pour assouplir, prot\u00e9ger et nourrir les coussinets, les espaces interdigitaux et les callosit\u00e9s des chiens. Pour prot\u00e9ger la peau des irritations et des abrasions avant une activit\u00e9 intense ou, en \u00e9t\u00e9 comme en hiver, lorsque les coussinets sont soumis \u00e0 des conditions d\u00e9favorables.<\/p>\n<ul>\n<li>Appliquer le baume sur la zone propre et s\u00e8che en une couche homog\u00e8ne, 1 \u00e0 3 fois par jour.<\/li>\n<\/ul>\n","protected":false},"featured_media":911818,"template":"","meta":[],"product_cat":[2697,2698,12595,12596],"product_tag":[],"class_list":{"0":"post-582831","1":"product","2":"type-product","3":"status-publish","4":"has-post-thumbnail","6":"product_cat-chat","7":"product_cat-chien","8":"product_cat-confort-du-chat","9":"product_cat-confort-du-chien","10":"pa_marque-anidev","12":"first","13":"instock","14":"taxable","15":"shipping-taxable","16":"purchasable","17":"product-type-simple"},"yoast_head":"<!-- This site is optimized with the Yoast SEO plugin v27.3 - https:\/\/yoast.com\/product\/yoast-seo-wordpress\/ -->\n<title>Vetramil Baume Anidev - V\u00e9torino<\/title>\n<meta name=\"description\" content=\"Vetramil\u00ae baume formul\u00e9 \u00e0 base de miel, de beurre de karit\u00e9, de cire d\u2019abeille et d\u2019huiles essentielles a \u00e9t\u00e9 sp\u00e9cialement \u00e9labor\u00e9 pour assouplir, prot\u00e9ger et nourrir les coussinets, les espaces interdigitaux et les callosit\u00e9s des chiens. Pour prot\u00e9ger la peau des irritations et des abrasions avant une activit\u00e9 intense ou, en \u00e9t\u00e9 comme en hiver, lorsque les coussinets sont soumis \u00e0 des conditions d\u00e9favorables.   Appliquer le baume sur la zone propre et s\u00e8che en une couche homog\u00e8ne, 1 \u00e0 3 fois par jour.\" \/>\n<meta name=\"robots\" content=\"noindex, nofollow\" \/>\n<meta property=\"og:locale\" content=\"fr_FR\" \/>\n<meta property=\"og:type\" content=\"article\" \/>\n<meta property=\"og:title\" content=\"Vetramil Baume Anidev - V\u00e9torino\" \/>\n<meta property=\"og:description\" content=\"Vetramil\u00ae baume formul\u00e9 \u00e0 base de miel, de beurre de karit\u00e9, de cire d\u2019abeille et d\u2019huiles essentielles a \u00e9t\u00e9 sp\u00e9cialement \u00e9labor\u00e9 pour assouplir, prot\u00e9ger et nourrir les coussinets, les espaces interdigitaux et les callosit\u00e9s des chiens. Pour prot\u00e9ger la peau des irritations et des abrasions avant une activit\u00e9 intense ou, en \u00e9t\u00e9 comme en hiver, lorsque les coussinets sont soumis \u00e0 des conditions d\u00e9favorables.   Appliquer le baume sur la zone propre et s\u00e8che en une couche homog\u00e8ne, 1 \u00e0 3 fois par jour.\" \/>\n<meta property=\"og:url\" content=\"https:\/\/www.vetorino.com\/veterinaire\/riedisheim-68400\/boutique\/product\/vetramil-baume\/\" \/>\n<meta property=\"og:site_name\" content=\"V\u00e9torino\" \/>\n<meta property=\"article:publisher\" content=\"https:\/\/www.facebook.com\/Vetorino\/\" \/>\n<meta property=\"article:modified_time\" content=\"2026-03-27T17:23:13+00:00\" \/>\n<meta property=\"og:image\" content=\"https:\/\/www.vetorino.com\/boutique\/wp-content\/uploads\/2023\/03\/AXIENCE-1870090.jpg\" \/>\n\t<meta property=\"og:image:width\" content=\"955\" \/>\n\t<meta property=\"og:image:height\" content=\"680\" \/>\n\t<meta property=\"og:image:type\" content=\"image\/jpeg\" \/>\n<meta name=\"twitter:card\" content=\"summary_large_image\" \/>\n<meta name=\"twitter:label1\" content=\"Prix\" \/>\n\t<meta name=\"twitter:data1\" content=\"13,78&euro;\" \/>\n\t<meta name=\"twitter:label2\" content=\"Disponibilit\u00e9\" \/>\n\t<meta name=\"twitter:data2\" content=\"En stock\" \/>\n<script type=\"application\/ld+json\" class=\"yoast-schema-graph\">{\"@context\":\"https:\\\/\\\/schema.org\",\"@graph\":[{\"@type\":\"WebPage\",\"@id\":\"https:\\\/\\\/www.vetorino.com\\\/veterinaire\\\/evry-91000\\\/boutique\\\/product\\\/vetramil-baume\\\/\",\"url\":\"https:\\\/\\\/www.vetorino.com\\\/veterinaire\\\/evry-91000\\\/boutique\\\/product\\\/vetramil-baume\\\/\",\"name\":\"Vetramil Baume Anidev - V\u00e9torino\",\"isPartOf\":{\"@id\":\"https:\\\/\\\/www.vetorino.com\\\/boutique\\\/#website\"},\"primaryImageOfPage\":{\"@id\":\"https:\\\/\\\/www.vetorino.com\\\/veterinaire\\\/evry-91000\\\/boutique\\\/product\\\/vetramil-baume\\\/#primaryimage\"},\"image\":{\"@id\":\"https:\\\/\\\/www.vetorino.com\\\/veterinaire\\\/evry-91000\\\/boutique\\\/product\\\/vetramil-baume\\\/#primaryimage\"},\"thumbnailUrl\":\"https:\\\/\\\/www.vetorino.com\\\/boutique\\\/wp-content\\\/uploads\\\/2023\\\/03\\\/AXIENCE-1870090.jpg\",\"datePublished\":\"2023-03-29T12:51:35+00:00\",\"dateModified\":\"2026-03-27T17:23:13+00:00\",\"description\":\"Vetramil\u00ae baume formul\u00e9 \u00e0 base de miel, de beurre de karit\u00e9, de cire d\u2019abeille et d\u2019huiles essentielles a \u00e9t\u00e9 sp\u00e9cialement \u00e9labor\u00e9 pour assouplir, prot\u00e9ger et nourrir les coussinets, les espaces interdigitaux et les callosit\u00e9s des chiens. Pour prot\u00e9ger la peau des irritations et des abrasions avant une activit\u00e9 intense ou, en \u00e9t\u00e9 comme en hiver, lorsque les coussinets sont soumis \u00e0 des conditions d\u00e9favorables. Appliquer le baume sur la zone propre et s\u00e8che en une couche homog\u00e8ne, 1 \u00e0 3 fois par jour.\",\"breadcrumb\":{\"@id\":\"https:\\\/\\\/www.vetorino.com\\\/veterinaire\\\/evry-91000\\\/boutique\\\/product\\\/vetramil-baume\\\/#breadcrumb\"},\"inLanguage\":\"fr-FR\",\"potentialAction\":[{\"@type\":\"ReadAction\",\"target\":[\"https:\\\/\\\/www.vetorino.com\\\/veterinaire\\\/evry-91000\\\/boutique\\\/product\\\/vetramil-baume\\\/\"]}]},{\"@type\":\"ImageObject\",\"inLanguage\":\"fr-FR\",\"@id\":\"https:\\\/\\\/www.vetorino.com\\\/veterinaire\\\/evry-91000\\\/boutique\\\/product\\\/vetramil-baume\\\/#primaryimage\",\"url\":\"https:\\\/\\\/www.vetorino.com\\\/boutique\\\/wp-content\\\/uploads\\\/2023\\\/03\\\/AXIENCE-1870090.jpg\",\"contentUrl\":\"https:\\\/\\\/www.vetorino.com\\\/boutique\\\/wp-content\\\/uploads\\\/2023\\\/03\\\/AXIENCE-1870090.jpg\",\"width\":955,\"height\":680},{\"@type\":\"BreadcrumbList\",\"@id\":\"https:\\\/\\\/www.vetorino.com\\\/veterinaire\\\/evry-91000\\\/boutique\\\/product\\\/vetramil-baume\\\/#breadcrumb\",\"itemListElement\":[{\"@type\":\"ListItem\",\"position\":1,\"name\":\"Accueil\",\"item\":\"https:\\\/\\\/www.vetorino.com\\\/boutique\\\/\"},{\"@type\":\"ListItem\",\"position\":2,\"name\":\"Produits\",\"item\":\"https:\\\/\\\/www.vetorino.com\\\/boutique\\\/\"},{\"@type\":\"ListItem\",\"position\":3,\"name\":\"Vetramil Baume\"}]},{\"@type\":\"WebSite\",\"@id\":\"https:\\\/\\\/www.vetorino.com\\\/boutique\\\/#website\",\"url\":\"https:\\\/\\\/www.vetorino.com\\\/boutique\\\/\",\"name\":\"V\u00e9torino\",\"description\":\"\",\"publisher\":{\"@id\":\"https:\\\/\\\/www.vetorino.com\\\/boutique\\\/#organization\"},\"potentialAction\":[{\"@type\":\"SearchAction\",\"target\":{\"@type\":\"EntryPoint\",\"urlTemplate\":\"https:\\\/\\\/www.vetorino.com\\\/boutique\\\/?s={search_term_string}\"},\"query-input\":{\"@type\":\"PropertyValueSpecification\",\"valueRequired\":true,\"valueName\":\"search_term_string\"}}],\"inLanguage\":\"fr-FR\"},{\"@type\":\"Organization\",\"@id\":\"https:\\\/\\\/www.vetorino.com\\\/boutique\\\/#organization\",\"name\":\"V\u00e9torino\",\"url\":\"https:\\\/\\\/www.vetorino.com\\\/boutique\\\/\",\"logo\":{\"@type\":\"ImageObject\",\"inLanguage\":\"fr-FR\",\"@id\":\"https:\\\/\\\/www.vetorino.com\\\/boutique\\\/#\\\/schema\\\/logo\\\/image\\\/\",\"url\":\"https:\\\/\\\/www.vetorino.com\\\/boutique\\\/wp-content\\\/uploads\\\/2024\\\/10\\\/logo.jpg\",\"contentUrl\":\"https:\\\/\\\/www.vetorino.com\\\/boutique\\\/wp-content\\\/uploads\\\/2024\\\/10\\\/logo.jpg\",\"width\":1200,\"height\":610,\"caption\":\"V\u00e9torino\"},\"image\":{\"@id\":\"https:\\\/\\\/www.vetorino.com\\\/boutique\\\/#\\\/schema\\\/logo\\\/image\\\/\"},\"sameAs\":[\"https:\\\/\\\/www.facebook.com\\\/Vetorino\\\/\",\"https:\\\/\\\/www.instagram.com\\\/vetorino_off\\\/\",\"https:\\\/\\\/www.linkedin.com\\\/company\\\/vtorino\\\/\"]}]}<\/script>\n<meta property=\"product:brand\" content=\"Anidev\" \/>\n<meta property=\"product:price:amount\" content=\"13.78\" \/>\n<meta property=\"product:price:currency\" content=\"EUR\" \/>\n<meta property=\"og:availability\" content=\"instock\" \/>\n<meta property=\"product:availability\" content=\"instock\" \/>\n<meta property=\"product:retailer_item_id\" content=\"C-VET109\" \/>\n<meta property=\"product:condition\" content=\"new\" \/>\n<!-- \/ Yoast SEO plugin. -->","yoast_head_json":{"title":"Vetramil Baume Anidev - V\u00e9torino","description":"Vetramil\u00ae baume formul\u00e9 \u00e0 base de miel, de beurre de karit\u00e9, de cire d\u2019abeille et d\u2019huiles essentielles a \u00e9t\u00e9 sp\u00e9cialement \u00e9labor\u00e9 pour assouplir, prot\u00e9ger et nourrir les coussinets, les espaces interdigitaux et les callosit\u00e9s des chiens. Pour prot\u00e9ger la peau des irritations et des abrasions avant une activit\u00e9 intense ou, en \u00e9t\u00e9 comme en hiver, lorsque les coussinets sont soumis \u00e0 des conditions d\u00e9favorables.   Appliquer le baume sur la zone propre et s\u00e8che en une couche homog\u00e8ne, 1 \u00e0 3 fois par jour.","robots":{"index":"noindex","follow":"nofollow"},"og_locale":"fr_FR","og_type":"article","og_title":"Vetramil Baume Anidev - V\u00e9torino","og_description":"Vetramil\u00ae baume formul\u00e9 \u00e0 base de miel, de beurre de karit\u00e9, de cire d\u2019abeille et d\u2019huiles essentielles a \u00e9t\u00e9 sp\u00e9cialement \u00e9labor\u00e9 pour assouplir, prot\u00e9ger et nourrir les coussinets, les espaces interdigitaux et les callosit\u00e9s des chiens. Pour prot\u00e9ger la peau des irritations et des abrasions avant une activit\u00e9 intense ou, en \u00e9t\u00e9 comme en hiver, lorsque les coussinets sont soumis \u00e0 des conditions d\u00e9favorables.   Appliquer le baume sur la zone propre et s\u00e8che en une couche homog\u00e8ne, 1 \u00e0 3 fois par jour.","og_url":"https:\/\/www.vetorino.com\/veterinaire\/riedisheim-68400\/boutique\/product\/vetramil-baume\/","og_site_name":"V\u00e9torino","article_publisher":"https:\/\/www.facebook.com\/Vetorino\/","article_modified_time":"2026-03-27T17:23:13+00:00","og_image":[{"width":955,"height":680,"url":"https:\/\/www.vetorino.com\/boutique\/wp-content\/uploads\/2023\/03\/AXIENCE-1870090.jpg","type":"image\/jpeg"}],"twitter_card":"summary_large_image","twitter_misc":{"Prix":"13,78&euro;","Disponibilit\u00e9":"En stock"},"schema":{"@context":"https:\/\/schema.org","@graph":[{"@type":"WebPage","@id":"https:\/\/www.vetorino.com\/veterinaire\/evry-91000\/boutique\/product\/vetramil-baume\/","url":"https:\/\/www.vetorino.com\/veterinaire\/evry-91000\/boutique\/product\/vetramil-baume\/","name":"Vetramil Baume Anidev - V\u00e9torino","isPartOf":{"@id":"https:\/\/www.vetorino.com\/boutique\/#website"},"primaryImageOfPage":{"@id":"https:\/\/www.vetorino.com\/veterinaire\/evry-91000\/boutique\/product\/vetramil-baume\/#primaryimage"},"image":{"@id":"https:\/\/www.vetorino.com\/veterinaire\/evry-91000\/boutique\/product\/vetramil-baume\/#primaryimage"},"thumbnailUrl":"https:\/\/www.vetorino.com\/boutique\/wp-content\/uploads\/2023\/03\/AXIENCE-1870090.jpg","datePublished":"2023-03-29T12:51:35+00:00","dateModified":"2026-03-27T17:23:13+00:00","description":"Vetramil\u00ae baume formul\u00e9 \u00e0 base de miel, de beurre de karit\u00e9, de cire d\u2019abeille et d\u2019huiles essentielles a \u00e9t\u00e9 sp\u00e9cialement \u00e9labor\u00e9 pour assouplir, prot\u00e9ger et nourrir les coussinets, les espaces interdigitaux et les callosit\u00e9s des chiens. Pour prot\u00e9ger la peau des irritations et des abrasions avant une activit\u00e9 intense ou, en \u00e9t\u00e9 comme en hiver, lorsque les coussinets sont soumis \u00e0 des conditions d\u00e9favorables. Appliquer le baume sur la zone propre et s\u00e8che en une couche homog\u00e8ne, 1 \u00e0 3 fois par jour.","breadcrumb":{"@id":"https:\/\/www.vetorino.com\/veterinaire\/evry-91000\/boutique\/product\/vetramil-baume\/#breadcrumb"},"inLanguage":"fr-FR","potentialAction":[{"@type":"ReadAction","target":["https:\/\/www.vetorino.com\/veterinaire\/evry-91000\/boutique\/product\/vetramil-baume\/"]}]},{"@type":"ImageObject","inLanguage":"fr-FR","@id":"https:\/\/www.vetorino.com\/veterinaire\/evry-91000\/boutique\/product\/vetramil-baume\/#primaryimage","url":"https:\/\/www.vetorino.com\/boutique\/wp-content\/uploads\/2023\/03\/AXIENCE-1870090.jpg","contentUrl":"https:\/\/www.vetorino.com\/boutique\/wp-content\/uploads\/2023\/03\/AXIENCE-1870090.jpg","width":955,"height":680},{"@type":"BreadcrumbList","@id":"https:\/\/www.vetorino.com\/veterinaire\/evry-91000\/boutique\/product\/vetramil-baume\/#breadcrumb","itemListElement":[{"@type":"ListItem","position":1,"name":"Accueil","item":"https:\/\/www.vetorino.com\/boutique\/"},{"@type":"ListItem","position":2,"name":"Produits","item":"https:\/\/www.vetorino.com\/boutique\/"},{"@type":"ListItem","position":3,"name":"Vetramil Baume"}]},{"@type":"WebSite","@id":"https:\/\/www.vetorino.com\/boutique\/#website","url":"https:\/\/www.vetorino.com\/boutique\/","name":"V\u00e9torino","description":"","publisher":{"@id":"https:\/\/www.vetorino.com\/boutique\/#organization"},"potentialAction":[{"@type":"SearchAction","target":{"@type":"EntryPoint","urlTemplate":"https:\/\/www.vetorino.com\/boutique\/?s={search_term_string}"},"query-input":{"@type":"PropertyValueSpecification","valueRequired":true,"valueName":"search_term_string"}}],"inLanguage":"fr-FR"},{"@type":"Organization","@id":"https:\/\/www.vetorino.com\/boutique\/#organization","name":"V\u00e9torino","url":"https:\/\/www.vetorino.com\/boutique\/","logo":{"@type":"ImageObject","inLanguage":"fr-FR","@id":"https:\/\/www.vetorino.com\/boutique\/#\/schema\/logo\/image\/","url":"https:\/\/www.vetorino.com\/boutique\/wp-content\/uploads\/2024\/10\/logo.jpg","contentUrl":"https:\/\/www.vetorino.com\/boutique\/wp-content\/uploads\/2024\/10\/logo.jpg","width":1200,"height":610,"caption":"V\u00e9torino"},"image":{"@id":"https:\/\/www.vetorino.com\/boutique\/#\/schema\/logo\/image\/"},"sameAs":["https:\/\/www.facebook.com\/Vetorino\/","https:\/\/www.instagram.com\/vetorino_off\/","https:\/\/www.linkedin.com\/company\/vtorino\/"]}]},"product_brand":"Anidev","product_price_amount":"13.78","product_price_currency":"EUR","og_availability":"instock","product_availability":"instock","product_retailer_item_id":"C-VET109","product_condition":"new"},"_links":{"self":[{"href":"https:\/\/www.vetorino.com\/veterinaire\/riedisheim-68400\/boutique\/wp-json\/wp\/v2\/product\/582831","targetHints":{"allow":["GET"]}}],"collection":[{"href":"https:\/\/www.vetorino.com\/veterinaire\/riedisheim-68400\/boutique\/wp-json\/wp\/v2\/product"}],"about":[{"href":"https:\/\/www.vetorino.com\/veterinaire\/riedisheim-68400\/boutique\/wp-json\/wp\/v2\/types\/product"}],"wp:featuredmedia":[{"embeddable":true,"href":"https:\/\/www.vetorino.com\/veterinaire\/riedisheim-68400\/boutique\/wp-json\/wp\/v2\/media\/911818"}],"wp:attachment":[{"href":"https:\/\/www.vetorino.com\/veterinaire\/riedisheim-68400\/boutique\/wp-json\/wp\/v2\/media?parent=582831"}],"wp:term":[{"taxonomy":"product_cat","embeddable":true,"href":"https:\/\/www.vetorino.com\/veterinaire\/riedisheim-68400\/boutique\/wp-json\/wp\/v2\/product_cat?post=582831"},{"taxonomy":"product_tag","embeddable":true,"href":"https:\/\/www.vetorino.com\/veterinaire\/riedisheim-68400\/boutique\/wp-json\/wp\/v2\/product_tag?post=582831"}],"curies":[{"name":"wp","href":"https:\/\/api.w.org\/{rel}","templated":true}]}}