{"id":610911,"date":"2023-05-09T10:27:14","date_gmt":"2023-05-09T08:27:14","guid":{"rendered":"https:\/\/www.vetorino.com\/boutique\/product\/vet-essentials-chien-multi-benefit-weight-adu-1-poul-boite\/"},"modified":"2026-03-30T18:53:32","modified_gmt":"2026-03-30T16:53:32","slug":"vet-essentials-chien-multi-benefit-weight-adu-1-poul-boite","status":"publish","type":"product","link":"https:\/\/www.vetorino.com\/veterinaire\/riedisheim-68400\/boutique\/product\/vet-essentials-chien-multi-benefit-weight-adu-1-poul-boite\/","title":{"rendered":"Multi-Benefit + Weight Adult &#8211; chien"},"content":{"rendered":"<p><strong>Chien Multi-Benefit + Weight Adult Large Poulet\u00a0est une nutrition r\u00e9volutionnaire prouv\u00e9e pour aider les chiens \u00e0\u00a0pour aider les chiens \u00e0 maintenir un poids id\u00e9al et \u00e0 rester en pleine forme apr\u00e8s la st\u00e9rilisation.<\/strong><\/p>\n<ul>\n<li>Chien de plus d&#8217;un an et de grande race (plus de 25 kg).<\/li>\n<li>Risque de surpoids, st\u00e9rilis\u00e9 ou non.<\/li>\n<\/ul>\n<p><strong>Contre indications :<\/strong><\/p>\n<ul>\n<li>Chiots de moins d&#8217;un an.<\/li>\n<li>Chiennes gestantes ou allaitantes.<\/li>\n<\/ul>\n<p><strong>Bienfaits essentiels :<\/strong><\/p>\n<ul>\n<li>Teneur \u00e9lev\u00e9e en complexe de nutriments formul\u00e9 scientifiquement : r\u00e9duit l\u2019inflammation et\u00a0<strong>am\u00e9liore le m\u00e9tabolisme \u00e9nerg\u00e9tique<\/strong>.<\/li>\n<li><strong>Teneur faible en mati\u00e8re grasse<\/strong>\u00a0: aide \u00e0 \u00e9viter la prise de poids.<\/li>\n<li>Enrichi en Glucosamine &amp; Chondro\u00eftine sulfate :\u00a0<strong>soutient la bonne sant\u00e9 articulaire<\/strong>\u00a0chez les chiens st\u00e9rilis\u00e9s.<\/li>\n<li>Augmente la conversion des graisses en \u00e9nergie, ce qui r\u00e9duit le stockage des graisses et la charge support\u00e9e par les articulations.\u00a0<strong>Aide \u00e0 pr\u00e9server la masse maigre pour soutenir les articulations<\/strong>.<\/li>\n<li>Niveaux \u00e9lev\u00e9s d\u2019antioxydants pour\u00a0<strong>soutenir les d\u00e9fenses naturelles<\/strong>.<\/li>\n<li>Teneur \u00e9lev\u00e9e en acides gras Om\u00e9ga-6 :\u00a0<strong>favorise le maintien d\u2019une peau saine et d\u2019un pelage brillant<\/strong>.<\/li>\n<li>Apport contr\u00f4l\u00e9 en Calcium, Magn\u00e9sium et Phosphore :\u00a0<strong>favorise la bonne sant\u00e9 du tractus urinaire<\/strong>.<\/li>\n<\/ul>\n","protected":false},"excerpt":{"rendered":"<div>\n<p><strong>Nutrition r\u00e9volutionnaire prouv\u00e9e pour aider les chiens \u00e0\u00a0pour aider les chiens \u00e0 maintenir un poids id\u00e9al et \u00e0 rester en pleine forme apr\u00e8s la st\u00e9rilisation.<\/strong><\/p>\n<\/div>\n<ul>\n<li>Chien de plus d&#8217;un an et de grande race (plus de 25 kg).<\/li>\n<li>Risque de surpoids, st\u00e9rilis\u00e9 ou non.<\/li>\n<\/ul>\n","protected":false},"featured_media":896302,"template":"","meta":[],"product_cat":[12552,12584,2698],"product_tag":[],"class_list":{"0":"post-610911","1":"product","2":"type-product","3":"status-publish","4":"has-post-thumbnail","6":"product_cat-alimentation-du-chien","7":"product_cat-alimentation-premium-pour-chien","8":"product_cat-chien","9":"pa_marque-hills-pet-nutrition","11":"first","12":"instock","13":"taxable","14":"shipping-taxable","15":"purchasable","16":"product-type-simple"},"yoast_head":"<!-- This site is optimized with the Yoast SEO plugin v27.3 - https:\/\/yoast.com\/product\/yoast-seo-wordpress\/ -->\n<title>Vetessentials (Hill&#039;s) Multi-Benefit + Weight Adult - chien Hill&#039;s - V\u00e9torino<\/title>\n<meta name=\"description\" content=\"Nutrition r\u00e9volutionnaire prouv\u00e9e pour aider les chiens \u00e0\u00a0pour aider les chiens \u00e0 maintenir un poids id\u00e9al et \u00e0 rester en pleine forme apr\u00e8s la st\u00e9rilisation.     Chien de plus d&#039;un an et de grande race (plus de 25 kg).  Risque de surpoids, st\u00e9rilis\u00e9 ou non.\" \/>\n<meta name=\"robots\" content=\"noindex, nofollow\" \/>\n<meta property=\"og:locale\" content=\"fr_FR\" \/>\n<meta property=\"og:type\" content=\"article\" \/>\n<meta property=\"og:title\" content=\"Vetessentials (Hill&#039;s) Multi-Benefit + Weight Adult - chien Hill&#039;s - V\u00e9torino\" \/>\n<meta property=\"og:description\" content=\"Nutrition r\u00e9volutionnaire prouv\u00e9e pour aider les chiens \u00e0\u00a0pour aider les chiens \u00e0 maintenir un poids id\u00e9al et \u00e0 rester en pleine forme apr\u00e8s la st\u00e9rilisation.     Chien de plus d&#039;un an et de grande race (plus de 25 kg).  Risque de surpoids, st\u00e9rilis\u00e9 ou non.\" \/>\n<meta property=\"og:url\" content=\"https:\/\/www.vetorino.com\/veterinaire\/riedisheim-68400\/boutique\/product\/vet-essentials-chien-multi-benefit-weight-adu-1-poul-boite\/\" \/>\n<meta property=\"og:site_name\" content=\"V\u00e9torino\" \/>\n<meta property=\"article:publisher\" content=\"https:\/\/www.facebook.com\/Vetorino\/\" \/>\n<meta property=\"article:modified_time\" content=\"2026-03-30T16:53:32+00:00\" \/>\n<meta property=\"og:image\" content=\"https:\/\/www.vetorino.com\/boutique\/wp-content\/uploads\/2023\/06\/chien-multi-benefit-weight-adult-en-patee-3-1.jpg\" \/>\n\t<meta property=\"og:image:width\" content=\"800\" \/>\n\t<meta property=\"og:image:height\" content=\"800\" \/>\n\t<meta property=\"og:image:type\" content=\"image\/jpeg\" \/>\n<meta name=\"twitter:card\" content=\"summary_large_image\" \/>\n<meta name=\"twitter:label1\" content=\"Prix\" \/>\n\t<meta name=\"twitter:data1\" content=\"63,10&euro;\" \/>\n\t<meta name=\"twitter:label2\" content=\"Disponibilit\u00e9\" \/>\n\t<meta name=\"twitter:data2\" content=\"En stock\" \/>\n<script type=\"application\/ld+json\" class=\"yoast-schema-graph\">{\"@context\":\"https:\\\/\\\/schema.org\",\"@graph\":[{\"@type\":\"WebPage\",\"@id\":\"https:\\\/\\\/www.vetorino.com\\\/veterinaire\\\/briancon-05100\\\/boutique\\\/product\\\/vet-essentials-chien-multi-benefit-weight-adu-1-poul-boite\\\/\",\"url\":\"https:\\\/\\\/www.vetorino.com\\\/veterinaire\\\/briancon-05100\\\/boutique\\\/product\\\/vet-essentials-chien-multi-benefit-weight-adu-1-poul-boite\\\/\",\"name\":\"Vetessentials (Hill's) Multi-Benefit + Weight Adult - chien Hill's - V\u00e9torino\",\"isPartOf\":{\"@id\":\"https:\\\/\\\/www.vetorino.com\\\/boutique\\\/#website\"},\"primaryImageOfPage\":{\"@id\":\"https:\\\/\\\/www.vetorino.com\\\/veterinaire\\\/briancon-05100\\\/boutique\\\/product\\\/vet-essentials-chien-multi-benefit-weight-adu-1-poul-boite\\\/#primaryimage\"},\"image\":{\"@id\":\"https:\\\/\\\/www.vetorino.com\\\/veterinaire\\\/briancon-05100\\\/boutique\\\/product\\\/vet-essentials-chien-multi-benefit-weight-adu-1-poul-boite\\\/#primaryimage\"},\"thumbnailUrl\":\"https:\\\/\\\/www.vetorino.com\\\/boutique\\\/wp-content\\\/uploads\\\/2023\\\/06\\\/chien-multi-benefit-weight-adult-en-patee-3-1.jpg\",\"datePublished\":\"2023-05-09T08:27:14+00:00\",\"dateModified\":\"2026-03-30T16:53:32+00:00\",\"description\":\"Nutrition r\u00e9volutionnaire prouv\u00e9e pour aider les chiens \u00e0\u00a0pour aider les chiens \u00e0 maintenir un poids id\u00e9al et \u00e0 rester en pleine forme apr\u00e8s la st\u00e9rilisation. Chien de plus d'un an et de grande race (plus de 25 kg). Risque de surpoids, st\u00e9rilis\u00e9 ou non.\",\"breadcrumb\":{\"@id\":\"https:\\\/\\\/www.vetorino.com\\\/veterinaire\\\/briancon-05100\\\/boutique\\\/product\\\/vet-essentials-chien-multi-benefit-weight-adu-1-poul-boite\\\/#breadcrumb\"},\"inLanguage\":\"fr-FR\",\"potentialAction\":[{\"@type\":\"ReadAction\",\"target\":[\"https:\\\/\\\/www.vetorino.com\\\/veterinaire\\\/briancon-05100\\\/boutique\\\/product\\\/vet-essentials-chien-multi-benefit-weight-adu-1-poul-boite\\\/\"]}]},{\"@type\":\"ImageObject\",\"inLanguage\":\"fr-FR\",\"@id\":\"https:\\\/\\\/www.vetorino.com\\\/veterinaire\\\/briancon-05100\\\/boutique\\\/product\\\/vet-essentials-chien-multi-benefit-weight-adu-1-poul-boite\\\/#primaryimage\",\"url\":\"https:\\\/\\\/www.vetorino.com\\\/boutique\\\/wp-content\\\/uploads\\\/2023\\\/06\\\/chien-multi-benefit-weight-adult-en-patee-3-1.jpg\",\"contentUrl\":\"https:\\\/\\\/www.vetorino.com\\\/boutique\\\/wp-content\\\/uploads\\\/2023\\\/06\\\/chien-multi-benefit-weight-adult-en-patee-3-1.jpg\",\"width\":800,\"height\":800},{\"@type\":\"BreadcrumbList\",\"@id\":\"https:\\\/\\\/www.vetorino.com\\\/veterinaire\\\/briancon-05100\\\/boutique\\\/product\\\/vet-essentials-chien-multi-benefit-weight-adu-1-poul-boite\\\/#breadcrumb\",\"itemListElement\":[{\"@type\":\"ListItem\",\"position\":1,\"name\":\"Accueil\",\"item\":\"https:\\\/\\\/www.vetorino.com\\\/boutique\\\/\"},{\"@type\":\"ListItem\",\"position\":2,\"name\":\"Produits\",\"item\":\"https:\\\/\\\/www.vetorino.com\\\/boutique\\\/\"},{\"@type\":\"ListItem\",\"position\":3,\"name\":\"Multi-Benefit + Weight Adult &#8211; chien\"}]},{\"@type\":\"WebSite\",\"@id\":\"https:\\\/\\\/www.vetorino.com\\\/boutique\\\/#website\",\"url\":\"https:\\\/\\\/www.vetorino.com\\\/boutique\\\/\",\"name\":\"V\u00e9torino\",\"description\":\"\",\"publisher\":{\"@id\":\"https:\\\/\\\/www.vetorino.com\\\/boutique\\\/#organization\"},\"potentialAction\":[{\"@type\":\"SearchAction\",\"target\":{\"@type\":\"EntryPoint\",\"urlTemplate\":\"https:\\\/\\\/www.vetorino.com\\\/boutique\\\/?s={search_term_string}\"},\"query-input\":{\"@type\":\"PropertyValueSpecification\",\"valueRequired\":true,\"valueName\":\"search_term_string\"}}],\"inLanguage\":\"fr-FR\"},{\"@type\":\"Organization\",\"@id\":\"https:\\\/\\\/www.vetorino.com\\\/boutique\\\/#organization\",\"name\":\"V\u00e9torino\",\"url\":\"https:\\\/\\\/www.vetorino.com\\\/boutique\\\/\",\"logo\":{\"@type\":\"ImageObject\",\"inLanguage\":\"fr-FR\",\"@id\":\"https:\\\/\\\/www.vetorino.com\\\/boutique\\\/#\\\/schema\\\/logo\\\/image\\\/\",\"url\":\"https:\\\/\\\/www.vetorino.com\\\/boutique\\\/wp-content\\\/uploads\\\/2024\\\/10\\\/logo.jpg\",\"contentUrl\":\"https:\\\/\\\/www.vetorino.com\\\/boutique\\\/wp-content\\\/uploads\\\/2024\\\/10\\\/logo.jpg\",\"width\":1200,\"height\":610,\"caption\":\"V\u00e9torino\"},\"image\":{\"@id\":\"https:\\\/\\\/www.vetorino.com\\\/boutique\\\/#\\\/schema\\\/logo\\\/image\\\/\"},\"sameAs\":[\"https:\\\/\\\/www.facebook.com\\\/Vetorino\\\/\",\"https:\\\/\\\/www.instagram.com\\\/vetorino_off\\\/\",\"https:\\\/\\\/www.linkedin.com\\\/company\\\/vtorino\\\/\"]}]}<\/script>\n<meta property=\"product:brand\" content=\"Hill&#039;s\" \/>\n<meta property=\"product:price:amount\" content=\"63.10\" \/>\n<meta property=\"product:price:currency\" content=\"EUR\" \/>\n<meta property=\"og:availability\" content=\"instock\" \/>\n<meta property=\"product:availability\" content=\"instock\" \/>\n<meta property=\"product:retailer_item_id\" content=\"C-VES125\" \/>\n<meta property=\"product:condition\" content=\"new\" \/>\n<!-- \/ Yoast SEO plugin. -->","yoast_head_json":{"title":"Vetessentials (Hill's) Multi-Benefit + Weight Adult - chien Hill's - V\u00e9torino","description":"Nutrition r\u00e9volutionnaire prouv\u00e9e pour aider les chiens \u00e0\u00a0pour aider les chiens \u00e0 maintenir un poids id\u00e9al et \u00e0 rester en pleine forme apr\u00e8s la st\u00e9rilisation.     Chien de plus d'un an et de grande race (plus de 25 kg).  Risque de surpoids, st\u00e9rilis\u00e9 ou non.","robots":{"index":"noindex","follow":"nofollow"},"og_locale":"fr_FR","og_type":"article","og_title":"Vetessentials (Hill's) Multi-Benefit + Weight Adult - chien Hill's - V\u00e9torino","og_description":"Nutrition r\u00e9volutionnaire prouv\u00e9e pour aider les chiens \u00e0\u00a0pour aider les chiens \u00e0 maintenir un poids id\u00e9al et \u00e0 rester en pleine forme apr\u00e8s la st\u00e9rilisation.     Chien de plus d'un an et de grande race (plus de 25 kg).  Risque de surpoids, st\u00e9rilis\u00e9 ou non.","og_url":"https:\/\/www.vetorino.com\/veterinaire\/riedisheim-68400\/boutique\/product\/vet-essentials-chien-multi-benefit-weight-adu-1-poul-boite\/","og_site_name":"V\u00e9torino","article_publisher":"https:\/\/www.facebook.com\/Vetorino\/","article_modified_time":"2026-03-30T16:53:32+00:00","og_image":[{"width":800,"height":800,"url":"https:\/\/www.vetorino.com\/boutique\/wp-content\/uploads\/2023\/06\/chien-multi-benefit-weight-adult-en-patee-3-1.jpg","type":"image\/jpeg"}],"twitter_card":"summary_large_image","twitter_misc":{"Prix":"63,10&euro;","Disponibilit\u00e9":"En stock"},"schema":{"@context":"https:\/\/schema.org","@graph":[{"@type":"WebPage","@id":"https:\/\/www.vetorino.com\/veterinaire\/briancon-05100\/boutique\/product\/vet-essentials-chien-multi-benefit-weight-adu-1-poul-boite\/","url":"https:\/\/www.vetorino.com\/veterinaire\/briancon-05100\/boutique\/product\/vet-essentials-chien-multi-benefit-weight-adu-1-poul-boite\/","name":"Vetessentials (Hill's) Multi-Benefit + Weight Adult - chien Hill's - V\u00e9torino","isPartOf":{"@id":"https:\/\/www.vetorino.com\/boutique\/#website"},"primaryImageOfPage":{"@id":"https:\/\/www.vetorino.com\/veterinaire\/briancon-05100\/boutique\/product\/vet-essentials-chien-multi-benefit-weight-adu-1-poul-boite\/#primaryimage"},"image":{"@id":"https:\/\/www.vetorino.com\/veterinaire\/briancon-05100\/boutique\/product\/vet-essentials-chien-multi-benefit-weight-adu-1-poul-boite\/#primaryimage"},"thumbnailUrl":"https:\/\/www.vetorino.com\/boutique\/wp-content\/uploads\/2023\/06\/chien-multi-benefit-weight-adult-en-patee-3-1.jpg","datePublished":"2023-05-09T08:27:14+00:00","dateModified":"2026-03-30T16:53:32+00:00","description":"Nutrition r\u00e9volutionnaire prouv\u00e9e pour aider les chiens \u00e0\u00a0pour aider les chiens \u00e0 maintenir un poids id\u00e9al et \u00e0 rester en pleine forme apr\u00e8s la st\u00e9rilisation. Chien de plus d'un an et de grande race (plus de 25 kg). Risque de surpoids, st\u00e9rilis\u00e9 ou non.","breadcrumb":{"@id":"https:\/\/www.vetorino.com\/veterinaire\/briancon-05100\/boutique\/product\/vet-essentials-chien-multi-benefit-weight-adu-1-poul-boite\/#breadcrumb"},"inLanguage":"fr-FR","potentialAction":[{"@type":"ReadAction","target":["https:\/\/www.vetorino.com\/veterinaire\/briancon-05100\/boutique\/product\/vet-essentials-chien-multi-benefit-weight-adu-1-poul-boite\/"]}]},{"@type":"ImageObject","inLanguage":"fr-FR","@id":"https:\/\/www.vetorino.com\/veterinaire\/briancon-05100\/boutique\/product\/vet-essentials-chien-multi-benefit-weight-adu-1-poul-boite\/#primaryimage","url":"https:\/\/www.vetorino.com\/boutique\/wp-content\/uploads\/2023\/06\/chien-multi-benefit-weight-adult-en-patee-3-1.jpg","contentUrl":"https:\/\/www.vetorino.com\/boutique\/wp-content\/uploads\/2023\/06\/chien-multi-benefit-weight-adult-en-patee-3-1.jpg","width":800,"height":800},{"@type":"BreadcrumbList","@id":"https:\/\/www.vetorino.com\/veterinaire\/briancon-05100\/boutique\/product\/vet-essentials-chien-multi-benefit-weight-adu-1-poul-boite\/#breadcrumb","itemListElement":[{"@type":"ListItem","position":1,"name":"Accueil","item":"https:\/\/www.vetorino.com\/boutique\/"},{"@type":"ListItem","position":2,"name":"Produits","item":"https:\/\/www.vetorino.com\/boutique\/"},{"@type":"ListItem","position":3,"name":"Multi-Benefit + Weight Adult &#8211; chien"}]},{"@type":"WebSite","@id":"https:\/\/www.vetorino.com\/boutique\/#website","url":"https:\/\/www.vetorino.com\/boutique\/","name":"V\u00e9torino","description":"","publisher":{"@id":"https:\/\/www.vetorino.com\/boutique\/#organization"},"potentialAction":[{"@type":"SearchAction","target":{"@type":"EntryPoint","urlTemplate":"https:\/\/www.vetorino.com\/boutique\/?s={search_term_string}"},"query-input":{"@type":"PropertyValueSpecification","valueRequired":true,"valueName":"search_term_string"}}],"inLanguage":"fr-FR"},{"@type":"Organization","@id":"https:\/\/www.vetorino.com\/boutique\/#organization","name":"V\u00e9torino","url":"https:\/\/www.vetorino.com\/boutique\/","logo":{"@type":"ImageObject","inLanguage":"fr-FR","@id":"https:\/\/www.vetorino.com\/boutique\/#\/schema\/logo\/image\/","url":"https:\/\/www.vetorino.com\/boutique\/wp-content\/uploads\/2024\/10\/logo.jpg","contentUrl":"https:\/\/www.vetorino.com\/boutique\/wp-content\/uploads\/2024\/10\/logo.jpg","width":1200,"height":610,"caption":"V\u00e9torino"},"image":{"@id":"https:\/\/www.vetorino.com\/boutique\/#\/schema\/logo\/image\/"},"sameAs":["https:\/\/www.facebook.com\/Vetorino\/","https:\/\/www.instagram.com\/vetorino_off\/","https:\/\/www.linkedin.com\/company\/vtorino\/"]}]},"product_brand":"Hill's","product_price_amount":"63.10","product_price_currency":"EUR","og_availability":"instock","product_availability":"instock","product_retailer_item_id":"C-VES125","product_condition":"new"},"_links":{"self":[{"href":"https:\/\/www.vetorino.com\/veterinaire\/riedisheim-68400\/boutique\/wp-json\/wp\/v2\/product\/610911","targetHints":{"allow":["GET"]}}],"collection":[{"href":"https:\/\/www.vetorino.com\/veterinaire\/riedisheim-68400\/boutique\/wp-json\/wp\/v2\/product"}],"about":[{"href":"https:\/\/www.vetorino.com\/veterinaire\/riedisheim-68400\/boutique\/wp-json\/wp\/v2\/types\/product"}],"wp:featuredmedia":[{"embeddable":true,"href":"https:\/\/www.vetorino.com\/veterinaire\/riedisheim-68400\/boutique\/wp-json\/wp\/v2\/media\/896302"}],"wp:attachment":[{"href":"https:\/\/www.vetorino.com\/veterinaire\/riedisheim-68400\/boutique\/wp-json\/wp\/v2\/media?parent=610911"}],"wp:term":[{"taxonomy":"product_cat","embeddable":true,"href":"https:\/\/www.vetorino.com\/veterinaire\/riedisheim-68400\/boutique\/wp-json\/wp\/v2\/product_cat?post=610911"},{"taxonomy":"product_tag","embeddable":true,"href":"https:\/\/www.vetorino.com\/veterinaire\/riedisheim-68400\/boutique\/wp-json\/wp\/v2\/product_tag?post=610911"}],"curies":[{"name":"wp","href":"https:\/\/api.w.org\/{rel}","templated":true}]}}