{"id":89276,"date":"2020-06-26T03:08:14","date_gmt":"2020-06-26T01:08:14","guid":{"rendered":"https:\/\/www.vetorino.com\/boutique\/product\/airvent\/"},"modified":"2026-04-03T04:58:22","modified_gmt":"2026-04-03T02:58:22","slug":"airvent","status":"publish","type":"product","link":"https:\/\/www.vetorino.com\/veterinaire\/riedisheim-68400\/boutique\/product\/airvent\/","title":{"rendered":"Airvent Foran"},"content":{"rendered":"<p>AirVent est un sirop <strong>pour les voies respiratoires du cheval<\/strong>. Il <strong>d\u00e9gage et adoucit les voies irrit\u00e9es<\/strong> du cheval de course et du cheval athl\u00e8te. Sa formule permet \u00e9galement de favoriser une bonne ventilation au travail.<\/p>\n<p>Compl\u00e9ment alimentaire <strong>riche en huiles essentielles, miel et vitamine C.<\/strong><\/p>\n<p><strong>Utilisation<\/strong>:<\/p>\n<ul>\n<li>Bien \u00eatre respiratoire du cheval<\/li>\n<\/ul>\n<p><em>Mode d&#8217;emploi:<\/em><\/p>\n<ul>M\u00e9langer ce sirop pour chevaux \u00e0 la ration ou l&#8217;administrer directement dans la bouche du cheval \u00e0 l&#8217;aide d&#8217;une seringue buccale.<\/ul>\n<p><em>Doses recommand\u00e9es<\/em><\/p>\n<ul>\n<li>Cheval adulte : 50 ml par jour<\/li>\n<li>Poney et poulain : 25 ml par jour<\/li>\n<\/ul>\n","protected":false},"excerpt":{"rendered":"<p>AirVent est un sirop <strong>pour les voies respiratoires du cheval<\/strong>. Il <strong>d\u00e9gage et adoucit les voies irrit\u00e9es<\/strong> du cheval de course et du cheval athl\u00e8te. Sa formule permet \u00e9galement de favoriser une bonne ventilation au travail.<\/p>\n<p>Compl\u00e9ment alimentaire <strong>riche en huiles essentielles, miel et vitamine C.<\/strong><\/p>\n<p><strong>Utilisation<\/strong>:<\/p>\n<ul>\n<li>Bien \u00eatre respiratoire du cheval<\/li>\n<\/ul>\n","protected":false},"featured_media":1466616,"template":"","meta":[],"product_cat":[12569,12547,14072,12566],"product_tag":[],"class_list":{"0":"post-89276","1":"product","2":"type-product","3":"status-publish","4":"has-post-thumbnail","6":"product_cat-respiration-du-cheval","7":"product_cat-cheval","8":"product_cat-dietetique-et-complements-alimentaires-du-cheval","9":"product_cat-performance-du-cheval","10":"pa_marque-pommier-nutriti","12":"first","13":"instock","14":"taxable","15":"shipping-taxable","16":"purchasable","17":"product-type-simple"},"yoast_head":"<!-- This site is optimized with the Yoast SEO plugin v27.3 - https:\/\/yoast.com\/product\/yoast-seo-wordpress\/ -->\n<title>Airvent Foran Pommier Nutrition - V\u00e9torino<\/title>\n<meta name=\"description\" content=\"AirVent est un sirop pour les voies respiratoires du cheval. Il d\u00e9gage et adoucit les voies irrit\u00e9es du cheval de course et du cheval athl\u00e8te. Sa formule permet \u00e9galement de favoriser une bonne ventilation au travail.  Compl\u00e9ment alimentaire riche en huiles essentielles, miel et vitamine C.  Utilisation:   Bien \u00eatre respiratoire du cheval\" \/>\n<meta name=\"robots\" content=\"noindex, nofollow\" \/>\n<meta property=\"og:locale\" content=\"fr_FR\" \/>\n<meta property=\"og:type\" content=\"article\" \/>\n<meta property=\"og:title\" content=\"Airvent Foran Pommier Nutrition - V\u00e9torino\" \/>\n<meta property=\"og:description\" content=\"AirVent est un sirop pour les voies respiratoires du cheval. Il d\u00e9gage et adoucit les voies irrit\u00e9es du cheval de course et du cheval athl\u00e8te. Sa formule permet \u00e9galement de favoriser une bonne ventilation au travail.  Compl\u00e9ment alimentaire riche en huiles essentielles, miel et vitamine C.  Utilisation:   Bien \u00eatre respiratoire du cheval\" \/>\n<meta property=\"og:url\" content=\"https:\/\/www.vetorino.com\/veterinaire\/riedisheim-68400\/boutique\/product\/airvent\/\" \/>\n<meta property=\"og:site_name\" content=\"V\u00e9torino\" \/>\n<meta property=\"article:publisher\" content=\"https:\/\/www.facebook.com\/Vetorino\/\" \/>\n<meta property=\"article:modified_time\" content=\"2026-04-03T02:58:22+00:00\" \/>\n<meta property=\"og:image\" content=\"https:\/\/www.vetorino.com\/boutique\/wp-content\/uploads\/2021\/08\/POMME-4841245.jpg\" \/>\n\t<meta property=\"og:image:width\" content=\"700\" \/>\n\t<meta property=\"og:image:height\" content=\"700\" \/>\n\t<meta property=\"og:image:type\" content=\"image\/jpeg\" \/>\n<meta name=\"twitter:card\" content=\"summary_large_image\" \/>\n<meta name=\"twitter:label1\" content=\"Prix\" \/>\n\t<meta name=\"twitter:data1\" content=\"36,67&euro;\" \/>\n\t<meta name=\"twitter:label2\" content=\"Disponibilit\u00e9\" \/>\n\t<meta name=\"twitter:data2\" content=\"En stock\" \/>\n<script type=\"application\/ld+json\" class=\"yoast-schema-graph\">{\"@context\":\"https:\\\/\\\/schema.org\",\"@graph\":[{\"@type\":\"WebPage\",\"@id\":\"https:\\\/\\\/www.vetorino.com\\\/boutique\\\/product\\\/airvent\\\/\",\"url\":\"https:\\\/\\\/www.vetorino.com\\\/boutique\\\/product\\\/airvent\\\/\",\"name\":\"Airvent Foran Pommier Nutrition - V\u00e9torino\",\"isPartOf\":{\"@id\":\"https:\\\/\\\/www.vetorino.com\\\/boutique\\\/#website\"},\"primaryImageOfPage\":{\"@id\":\"https:\\\/\\\/www.vetorino.com\\\/boutique\\\/product\\\/airvent\\\/#primaryimage\"},\"image\":{\"@id\":\"https:\\\/\\\/www.vetorino.com\\\/boutique\\\/product\\\/airvent\\\/#primaryimage\"},\"thumbnailUrl\":\"https:\\\/\\\/www.vetorino.com\\\/boutique\\\/wp-content\\\/uploads\\\/2021\\\/08\\\/POMME-4841245.jpg\",\"datePublished\":\"2020-06-26T01:08:14+00:00\",\"dateModified\":\"2026-04-03T02:58:22+00:00\",\"description\":\"AirVent est un sirop pour les voies respiratoires du cheval. Il d\u00e9gage et adoucit les voies irrit\u00e9es du cheval de course et du cheval athl\u00e8te. Sa formule permet \u00e9galement de favoriser une bonne ventilation au travail. Compl\u00e9ment alimentaire riche en huiles essentielles, miel et vitamine C. Utilisation: Bien \u00eatre respiratoire du cheval\",\"breadcrumb\":{\"@id\":\"https:\\\/\\\/www.vetorino.com\\\/boutique\\\/product\\\/airvent\\\/#breadcrumb\"},\"inLanguage\":\"fr-FR\",\"potentialAction\":[{\"@type\":\"ReadAction\",\"target\":[\"https:\\\/\\\/www.vetorino.com\\\/boutique\\\/product\\\/airvent\\\/\"]}]},{\"@type\":\"ImageObject\",\"inLanguage\":\"fr-FR\",\"@id\":\"https:\\\/\\\/www.vetorino.com\\\/boutique\\\/product\\\/airvent\\\/#primaryimage\",\"url\":\"https:\\\/\\\/www.vetorino.com\\\/boutique\\\/wp-content\\\/uploads\\\/2021\\\/08\\\/POMME-4841245.jpg\",\"contentUrl\":\"https:\\\/\\\/www.vetorino.com\\\/boutique\\\/wp-content\\\/uploads\\\/2021\\\/08\\\/POMME-4841245.jpg\",\"width\":700,\"height\":700},{\"@type\":\"BreadcrumbList\",\"@id\":\"https:\\\/\\\/www.vetorino.com\\\/boutique\\\/product\\\/airvent\\\/#breadcrumb\",\"itemListElement\":[{\"@type\":\"ListItem\",\"position\":1,\"name\":\"Accueil\",\"item\":\"https:\\\/\\\/www.vetorino.com\\\/boutique\\\/\"},{\"@type\":\"ListItem\",\"position\":2,\"name\":\"Produits\",\"item\":\"https:\\\/\\\/www.vetorino.com\\\/boutique\\\/\"},{\"@type\":\"ListItem\",\"position\":3,\"name\":\"Airvent Foran\"}]},{\"@type\":\"WebSite\",\"@id\":\"https:\\\/\\\/www.vetorino.com\\\/boutique\\\/#website\",\"url\":\"https:\\\/\\\/www.vetorino.com\\\/boutique\\\/\",\"name\":\"V\u00e9torino\",\"description\":\"\",\"publisher\":{\"@id\":\"https:\\\/\\\/www.vetorino.com\\\/boutique\\\/#organization\"},\"potentialAction\":[{\"@type\":\"SearchAction\",\"target\":{\"@type\":\"EntryPoint\",\"urlTemplate\":\"https:\\\/\\\/www.vetorino.com\\\/boutique\\\/?s={search_term_string}\"},\"query-input\":{\"@type\":\"PropertyValueSpecification\",\"valueRequired\":true,\"valueName\":\"search_term_string\"}}],\"inLanguage\":\"fr-FR\"},{\"@type\":\"Organization\",\"@id\":\"https:\\\/\\\/www.vetorino.com\\\/boutique\\\/#organization\",\"name\":\"V\u00e9torino\",\"url\":\"https:\\\/\\\/www.vetorino.com\\\/boutique\\\/\",\"logo\":{\"@type\":\"ImageObject\",\"inLanguage\":\"fr-FR\",\"@id\":\"https:\\\/\\\/www.vetorino.com\\\/boutique\\\/#\\\/schema\\\/logo\\\/image\\\/\",\"url\":\"https:\\\/\\\/www.vetorino.com\\\/boutique\\\/wp-content\\\/uploads\\\/2024\\\/10\\\/logo.jpg\",\"contentUrl\":\"https:\\\/\\\/www.vetorino.com\\\/boutique\\\/wp-content\\\/uploads\\\/2024\\\/10\\\/logo.jpg\",\"width\":1200,\"height\":610,\"caption\":\"V\u00e9torino\"},\"image\":{\"@id\":\"https:\\\/\\\/www.vetorino.com\\\/boutique\\\/#\\\/schema\\\/logo\\\/image\\\/\"},\"sameAs\":[\"https:\\\/\\\/www.facebook.com\\\/Vetorino\\\/\",\"https:\\\/\\\/www.instagram.com\\\/vetorino_off\\\/\",\"https:\\\/\\\/www.linkedin.com\\\/company\\\/vtorino\\\/\"]}]}<\/script>\n<meta property=\"product:brand\" content=\"Pommier Nutrition\" \/>\n<meta property=\"product:price:amount\" content=\"36.67\" \/>\n<meta property=\"product:price:currency\" content=\"EUR\" \/>\n<meta property=\"og:availability\" content=\"instock\" \/>\n<meta property=\"product:availability\" content=\"instock\" \/>\n<meta property=\"product:retailer_item_id\" content=\"C-AIR002\" \/>\n<meta property=\"product:condition\" content=\"new\" \/>\n<!-- \/ Yoast SEO plugin. -->","yoast_head_json":{"title":"Airvent Foran Pommier Nutrition - V\u00e9torino","description":"AirVent est un sirop pour les voies respiratoires du cheval. Il d\u00e9gage et adoucit les voies irrit\u00e9es du cheval de course et du cheval athl\u00e8te. Sa formule permet \u00e9galement de favoriser une bonne ventilation au travail.  Compl\u00e9ment alimentaire riche en huiles essentielles, miel et vitamine C.  Utilisation:   Bien \u00eatre respiratoire du cheval","robots":{"index":"noindex","follow":"nofollow"},"og_locale":"fr_FR","og_type":"article","og_title":"Airvent Foran Pommier Nutrition - V\u00e9torino","og_description":"AirVent est un sirop pour les voies respiratoires du cheval. Il d\u00e9gage et adoucit les voies irrit\u00e9es du cheval de course et du cheval athl\u00e8te. Sa formule permet \u00e9galement de favoriser une bonne ventilation au travail.  Compl\u00e9ment alimentaire riche en huiles essentielles, miel et vitamine C.  Utilisation:   Bien \u00eatre respiratoire du cheval","og_url":"https:\/\/www.vetorino.com\/veterinaire\/riedisheim-68400\/boutique\/product\/airvent\/","og_site_name":"V\u00e9torino","article_publisher":"https:\/\/www.facebook.com\/Vetorino\/","article_modified_time":"2026-04-03T02:58:22+00:00","og_image":[{"width":700,"height":700,"url":"https:\/\/www.vetorino.com\/boutique\/wp-content\/uploads\/2021\/08\/POMME-4841245.jpg","type":"image\/jpeg"}],"twitter_card":"summary_large_image","twitter_misc":{"Prix":"36,67&euro;","Disponibilit\u00e9":"En stock"},"schema":{"@context":"https:\/\/schema.org","@graph":[{"@type":"WebPage","@id":"https:\/\/www.vetorino.com\/boutique\/product\/airvent\/","url":"https:\/\/www.vetorino.com\/boutique\/product\/airvent\/","name":"Airvent Foran Pommier Nutrition - V\u00e9torino","isPartOf":{"@id":"https:\/\/www.vetorino.com\/boutique\/#website"},"primaryImageOfPage":{"@id":"https:\/\/www.vetorino.com\/boutique\/product\/airvent\/#primaryimage"},"image":{"@id":"https:\/\/www.vetorino.com\/boutique\/product\/airvent\/#primaryimage"},"thumbnailUrl":"https:\/\/www.vetorino.com\/boutique\/wp-content\/uploads\/2021\/08\/POMME-4841245.jpg","datePublished":"2020-06-26T01:08:14+00:00","dateModified":"2026-04-03T02:58:22+00:00","description":"AirVent est un sirop pour les voies respiratoires du cheval. Il d\u00e9gage et adoucit les voies irrit\u00e9es du cheval de course et du cheval athl\u00e8te. Sa formule permet \u00e9galement de favoriser une bonne ventilation au travail. Compl\u00e9ment alimentaire riche en huiles essentielles, miel et vitamine C. Utilisation: Bien \u00eatre respiratoire du cheval","breadcrumb":{"@id":"https:\/\/www.vetorino.com\/boutique\/product\/airvent\/#breadcrumb"},"inLanguage":"fr-FR","potentialAction":[{"@type":"ReadAction","target":["https:\/\/www.vetorino.com\/boutique\/product\/airvent\/"]}]},{"@type":"ImageObject","inLanguage":"fr-FR","@id":"https:\/\/www.vetorino.com\/boutique\/product\/airvent\/#primaryimage","url":"https:\/\/www.vetorino.com\/boutique\/wp-content\/uploads\/2021\/08\/POMME-4841245.jpg","contentUrl":"https:\/\/www.vetorino.com\/boutique\/wp-content\/uploads\/2021\/08\/POMME-4841245.jpg","width":700,"height":700},{"@type":"BreadcrumbList","@id":"https:\/\/www.vetorino.com\/boutique\/product\/airvent\/#breadcrumb","itemListElement":[{"@type":"ListItem","position":1,"name":"Accueil","item":"https:\/\/www.vetorino.com\/boutique\/"},{"@type":"ListItem","position":2,"name":"Produits","item":"https:\/\/www.vetorino.com\/boutique\/"},{"@type":"ListItem","position":3,"name":"Airvent Foran"}]},{"@type":"WebSite","@id":"https:\/\/www.vetorino.com\/boutique\/#website","url":"https:\/\/www.vetorino.com\/boutique\/","name":"V\u00e9torino","description":"","publisher":{"@id":"https:\/\/www.vetorino.com\/boutique\/#organization"},"potentialAction":[{"@type":"SearchAction","target":{"@type":"EntryPoint","urlTemplate":"https:\/\/www.vetorino.com\/boutique\/?s={search_term_string}"},"query-input":{"@type":"PropertyValueSpecification","valueRequired":true,"valueName":"search_term_string"}}],"inLanguage":"fr-FR"},{"@type":"Organization","@id":"https:\/\/www.vetorino.com\/boutique\/#organization","name":"V\u00e9torino","url":"https:\/\/www.vetorino.com\/boutique\/","logo":{"@type":"ImageObject","inLanguage":"fr-FR","@id":"https:\/\/www.vetorino.com\/boutique\/#\/schema\/logo\/image\/","url":"https:\/\/www.vetorino.com\/boutique\/wp-content\/uploads\/2024\/10\/logo.jpg","contentUrl":"https:\/\/www.vetorino.com\/boutique\/wp-content\/uploads\/2024\/10\/logo.jpg","width":1200,"height":610,"caption":"V\u00e9torino"},"image":{"@id":"https:\/\/www.vetorino.com\/boutique\/#\/schema\/logo\/image\/"},"sameAs":["https:\/\/www.facebook.com\/Vetorino\/","https:\/\/www.instagram.com\/vetorino_off\/","https:\/\/www.linkedin.com\/company\/vtorino\/"]}]},"product_brand":"Pommier Nutrition","product_price_amount":"36.67","product_price_currency":"EUR","og_availability":"instock","product_availability":"instock","product_retailer_item_id":"C-AIR002","product_condition":"new"},"_links":{"self":[{"href":"https:\/\/www.vetorino.com\/veterinaire\/riedisheim-68400\/boutique\/wp-json\/wp\/v2\/product\/89276","targetHints":{"allow":["GET"]}}],"collection":[{"href":"https:\/\/www.vetorino.com\/veterinaire\/riedisheim-68400\/boutique\/wp-json\/wp\/v2\/product"}],"about":[{"href":"https:\/\/www.vetorino.com\/veterinaire\/riedisheim-68400\/boutique\/wp-json\/wp\/v2\/types\/product"}],"wp:featuredmedia":[{"embeddable":true,"href":"https:\/\/www.vetorino.com\/veterinaire\/riedisheim-68400\/boutique\/wp-json\/wp\/v2\/media\/1466616"}],"wp:attachment":[{"href":"https:\/\/www.vetorino.com\/veterinaire\/riedisheim-68400\/boutique\/wp-json\/wp\/v2\/media?parent=89276"}],"wp:term":[{"taxonomy":"product_cat","embeddable":true,"href":"https:\/\/www.vetorino.com\/veterinaire\/riedisheim-68400\/boutique\/wp-json\/wp\/v2\/product_cat?post=89276"},{"taxonomy":"product_tag","embeddable":true,"href":"https:\/\/www.vetorino.com\/veterinaire\/riedisheim-68400\/boutique\/wp-json\/wp\/v2\/product_tag?post=89276"}],"curies":[{"name":"wp","href":"https:\/\/api.w.org\/{rel}","templated":true}]}}