{"id":89395,"date":"2020-06-26T03:11:17","date_gmt":"2020-06-26T01:11:17","guid":{"rendered":"https:\/\/www.vetorino.com\/boutique\/product\/animapeps\/"},"modified":"2022-10-25T02:42:14","modified_gmt":"2022-10-25T00:42:14","slug":"animapeps","status":"publish","type":"product","link":"https:\/\/www.vetorino.com\/veterinaire\/riedisheim-68400\/boutique\/product\/animapeps\/","title":{"rendered":"Animapeps"},"content":{"rendered":"<div class='hidden'>LABBEA<\/div>\n<div class='hidden'>Chiens<\/div>\n<div class='hidden'>Syst\u00e8me h\u00e9pato-digestif<\/div>\n<p>Compensation de la maldigestion chez le chien, chat, furet, herbivore, oiseau, reptile.<br \/>\nExtraits de plantes et d&#039;une algue dont les actions synergiques aident les fonctions d&#039;&eacute;limination de l&#039;organisme :<\/p>\n<ul>\n<li>Spiruline (algue) riche en antioxydants et protecteur du foie et du pancr&eacute;as,<\/li>\n<li>Feuilles de cassis (riche en antixydants),<\/li>\n<li>Lespedeza (action positive sur les reins),<\/li>\n<li>Racines de pissenlits (action positive sur les reins et le pancr&eacute;as),<\/li>\n<li>Curcuma (action positive sur le pancr&eacute;as).<\/li>\n<\/ul>\n<p><strong>Quand l&#039;utiliser :<\/strong><\/p>\n<ul>\n<li>Lorsqu&#039;un des organes concern&eacute;s doit &ecirc;tre soutenu.<\/li>\n<li>En association avec un traitement m&eacute;dicamenteux : antibiotiques, chimioth&eacute;rapie&#8230;<\/li>\n<li>En cas de pathologies chroniques : probl&egrave;mes de peau, pathologies m&eacute;taboliques&#8230;<\/li>\n<li>Lors de convalescence, suite &agrave; une chirurgie&#8230;<\/li>\n<li>Sur des animaux &acirc;g&eacute;s.<\/li>\n<\/ul>\n<p>Il est recommand&eacute; d&#039;utiliser le produit de trois &agrave; douze semaines, mais administration &agrave; vie en cas d&#039;insuffisance pancr&eacute;atique chronique.<br \/>\nAvant utilisation ou avant prolongation de la dur&eacute;e d&rsquo;utilisation, il est recommand&eacute; de demander l&rsquo;avis d&rsquo;un v&eacute;t&eacute;rinaire.<\/p>\n","protected":false},"excerpt":{"rendered":"<p>LABBEA Chiens Syst\u00e8me h\u00e9pato-digestif Compensation de la maldigestion chez le chien, chat, furet, herbivore, oiseau, reptile. Extraits de plantes et d&#039;une algue dont les actions synergiques aident les fonctions d&#039;&eacute;limination de l&#039;organisme : Spiruline (algue) riche en antioxydants et protecteur du foie et du pancr&eacute;as, Feuilles de cassis (riche en antixydants), Lespedeza (action positive sur [&hellip;]<\/p>\n","protected":false},"featured_media":89394,"template":"","meta":[],"product_cat":[2727],"product_tag":[],"class_list":{"0":"post-89395","1":"product","2":"type-product","3":"status-publish","4":"has-post-thumbnail","6":"product_cat-nac","7":"pa_marque-labbea-sas","9":"first","10":"outofstock","11":"taxable","12":"shipping-taxable","13":"purchasable","14":"product-type-simple"},"yoast_head":"<!-- This site is optimized with the Yoast SEO plugin v27.3 - https:\/\/yoast.com\/product\/yoast-seo-wordpress\/ -->\n<title>Animapeps Labbea SAS - V\u00e9torino<\/title>\n<meta name=\"description\" content=\"LABBEAChiensSyst\u00e8me h\u00e9pato-digestifCompensation de la maldigestion chez le chien, chat, furet, herbivore, oiseau, reptile. Extraits de plantes et\" \/>\n<meta name=\"robots\" content=\"noindex, nofollow\" \/>\n<meta property=\"og:locale\" content=\"fr_FR\" \/>\n<meta property=\"og:type\" content=\"article\" \/>\n<meta property=\"og:title\" content=\"Animapeps Labbea SAS - V\u00e9torino\" \/>\n<meta property=\"og:description\" content=\"LABBEAChiensSyst\u00e8me h\u00e9pato-digestifCompensation de la maldigestion chez le chien, chat, furet, herbivore, oiseau, reptile. Extraits de plantes et\" \/>\n<meta property=\"og:url\" content=\"https:\/\/www.vetorino.com\/veterinaire\/riedisheim-68400\/boutique\/product\/animapeps\/\" \/>\n<meta property=\"og:site_name\" content=\"V\u00e9torino\" \/>\n<meta property=\"article:publisher\" content=\"https:\/\/www.facebook.com\/Vetorino\/\" \/>\n<meta property=\"article:modified_time\" content=\"2022-10-25T00:42:14+00:00\" \/>\n<meta property=\"og:image\" content=\"https:\/\/www.vetorino.com\/boutique\/wp-content\/uploads\/2020\/06\/FilsANI008FormatMediumTypeIM-3.png\" \/>\n\t<meta property=\"og:image:width\" content=\"400\" \/>\n\t<meta property=\"og:image:height\" content=\"400\" \/>\n\t<meta property=\"og:image:type\" content=\"image\/png\" \/>\n<meta name=\"twitter:card\" content=\"summary_large_image\" \/>\n<meta name=\"twitter:label1\" content=\"Prix\" \/>\n\t<meta name=\"twitter:data1\" content=\"42,87&euro;\" \/>\n\t<meta name=\"twitter:label2\" content=\"Disponibilit\u00e9\" \/>\n\t<meta name=\"twitter:data2\" content=\"Rupture de stock\" \/>\n<script type=\"application\/ld+json\" class=\"yoast-schema-graph\">{\"@context\":\"https:\\\/\\\/schema.org\",\"@graph\":[{\"@type\":\"WebPage\",\"@id\":\"https:\\\/\\\/www.vetorino.com\\\/boutique\\\/product\\\/animapeps\\\/\",\"url\":\"https:\\\/\\\/www.vetorino.com\\\/boutique\\\/product\\\/animapeps\\\/\",\"name\":\"Animapeps Labbea SAS - V\u00e9torino\",\"isPartOf\":{\"@id\":\"https:\\\/\\\/www.vetorino.com\\\/boutique\\\/#website\"},\"primaryImageOfPage\":{\"@id\":\"https:\\\/\\\/www.vetorino.com\\\/boutique\\\/product\\\/animapeps\\\/#primaryimage\"},\"image\":{\"@id\":\"https:\\\/\\\/www.vetorino.com\\\/boutique\\\/product\\\/animapeps\\\/#primaryimage\"},\"thumbnailUrl\":\"https:\\\/\\\/www.vetorino.com\\\/boutique\\\/wp-content\\\/uploads\\\/2020\\\/06\\\/FilsANI008FormatMediumTypeIM-3.png\",\"datePublished\":\"2020-06-26T01:11:17+00:00\",\"dateModified\":\"2022-10-25T00:42:14+00:00\",\"description\":\"LABBEAChiensSyst\u00e8me h\u00e9pato-digestifCompensation de la maldigestion chez le chien, chat, furet, herbivore, oiseau, reptile. Extraits de plantes et\",\"breadcrumb\":{\"@id\":\"https:\\\/\\\/www.vetorino.com\\\/boutique\\\/product\\\/animapeps\\\/#breadcrumb\"},\"inLanguage\":\"fr-FR\",\"potentialAction\":[{\"@type\":\"ReadAction\",\"target\":[\"https:\\\/\\\/www.vetorino.com\\\/boutique\\\/product\\\/animapeps\\\/\"]}]},{\"@type\":\"ImageObject\",\"inLanguage\":\"fr-FR\",\"@id\":\"https:\\\/\\\/www.vetorino.com\\\/boutique\\\/product\\\/animapeps\\\/#primaryimage\",\"url\":\"https:\\\/\\\/www.vetorino.com\\\/boutique\\\/wp-content\\\/uploads\\\/2020\\\/06\\\/FilsANI008FormatMediumTypeIM-3.png\",\"contentUrl\":\"https:\\\/\\\/www.vetorino.com\\\/boutique\\\/wp-content\\\/uploads\\\/2020\\\/06\\\/FilsANI008FormatMediumTypeIM-3.png\",\"width\":400,\"height\":400},{\"@type\":\"BreadcrumbList\",\"@id\":\"https:\\\/\\\/www.vetorino.com\\\/boutique\\\/product\\\/animapeps\\\/#breadcrumb\",\"itemListElement\":[{\"@type\":\"ListItem\",\"position\":1,\"name\":\"Accueil\",\"item\":\"https:\\\/\\\/www.vetorino.com\\\/boutique\\\/\"},{\"@type\":\"ListItem\",\"position\":2,\"name\":\"Produits\",\"item\":\"https:\\\/\\\/www.vetorino.com\\\/boutique\\\/\"},{\"@type\":\"ListItem\",\"position\":3,\"name\":\"Animapeps\"}]},{\"@type\":\"WebSite\",\"@id\":\"https:\\\/\\\/www.vetorino.com\\\/boutique\\\/#website\",\"url\":\"https:\\\/\\\/www.vetorino.com\\\/boutique\\\/\",\"name\":\"V\u00e9torino\",\"description\":\"\",\"publisher\":{\"@id\":\"https:\\\/\\\/www.vetorino.com\\\/boutique\\\/#organization\"},\"potentialAction\":[{\"@type\":\"SearchAction\",\"target\":{\"@type\":\"EntryPoint\",\"urlTemplate\":\"https:\\\/\\\/www.vetorino.com\\\/boutique\\\/?s={search_term_string}\"},\"query-input\":{\"@type\":\"PropertyValueSpecification\",\"valueRequired\":true,\"valueName\":\"search_term_string\"}}],\"inLanguage\":\"fr-FR\"},{\"@type\":\"Organization\",\"@id\":\"https:\\\/\\\/www.vetorino.com\\\/boutique\\\/#organization\",\"name\":\"V\u00e9torino\",\"url\":\"https:\\\/\\\/www.vetorino.com\\\/boutique\\\/\",\"logo\":{\"@type\":\"ImageObject\",\"inLanguage\":\"fr-FR\",\"@id\":\"https:\\\/\\\/www.vetorino.com\\\/boutique\\\/#\\\/schema\\\/logo\\\/image\\\/\",\"url\":\"https:\\\/\\\/www.vetorino.com\\\/boutique\\\/wp-content\\\/uploads\\\/2024\\\/10\\\/logo.jpg\",\"contentUrl\":\"https:\\\/\\\/www.vetorino.com\\\/boutique\\\/wp-content\\\/uploads\\\/2024\\\/10\\\/logo.jpg\",\"width\":1200,\"height\":610,\"caption\":\"V\u00e9torino\"},\"image\":{\"@id\":\"https:\\\/\\\/www.vetorino.com\\\/boutique\\\/#\\\/schema\\\/logo\\\/image\\\/\"},\"sameAs\":[\"https:\\\/\\\/www.facebook.com\\\/Vetorino\\\/\",\"https:\\\/\\\/www.instagram.com\\\/vetorino_off\\\/\",\"https:\\\/\\\/www.linkedin.com\\\/company\\\/vtorino\\\/\"]}]}<\/script>\n<meta property=\"product:brand\" content=\"Labbea SAS\" \/>\n<meta property=\"product:price:amount\" content=\"42.87\" \/>\n<meta property=\"product:price:currency\" content=\"EUR\" \/>\n<meta property=\"og:availability\" content=\"out of stock\" \/>\n<meta property=\"product:availability\" content=\"out of stock\" \/>\n<meta property=\"product:retailer_item_id\" content=\"C-ANI008\" \/>\n<meta property=\"product:condition\" content=\"new\" \/>\n<!-- \/ Yoast SEO plugin. -->","yoast_head_json":{"title":"Animapeps Labbea SAS - V\u00e9torino","description":"LABBEAChiensSyst\u00e8me h\u00e9pato-digestifCompensation de la maldigestion chez le chien, chat, furet, herbivore, oiseau, reptile. Extraits de plantes et","robots":{"index":"noindex","follow":"nofollow"},"og_locale":"fr_FR","og_type":"article","og_title":"Animapeps Labbea SAS - V\u00e9torino","og_description":"LABBEAChiensSyst\u00e8me h\u00e9pato-digestifCompensation de la maldigestion chez le chien, chat, furet, herbivore, oiseau, reptile. Extraits de plantes et","og_url":"https:\/\/www.vetorino.com\/veterinaire\/riedisheim-68400\/boutique\/product\/animapeps\/","og_site_name":"V\u00e9torino","article_publisher":"https:\/\/www.facebook.com\/Vetorino\/","article_modified_time":"2022-10-25T00:42:14+00:00","og_image":[{"width":400,"height":400,"url":"https:\/\/www.vetorino.com\/boutique\/wp-content\/uploads\/2020\/06\/FilsANI008FormatMediumTypeIM-3.png","type":"image\/png"}],"twitter_card":"summary_large_image","twitter_misc":{"Prix":"42,87&euro;","Disponibilit\u00e9":"Rupture de stock"},"schema":{"@context":"https:\/\/schema.org","@graph":[{"@type":"WebPage","@id":"https:\/\/www.vetorino.com\/boutique\/product\/animapeps\/","url":"https:\/\/www.vetorino.com\/boutique\/product\/animapeps\/","name":"Animapeps Labbea SAS - V\u00e9torino","isPartOf":{"@id":"https:\/\/www.vetorino.com\/boutique\/#website"},"primaryImageOfPage":{"@id":"https:\/\/www.vetorino.com\/boutique\/product\/animapeps\/#primaryimage"},"image":{"@id":"https:\/\/www.vetorino.com\/boutique\/product\/animapeps\/#primaryimage"},"thumbnailUrl":"https:\/\/www.vetorino.com\/boutique\/wp-content\/uploads\/2020\/06\/FilsANI008FormatMediumTypeIM-3.png","datePublished":"2020-06-26T01:11:17+00:00","dateModified":"2022-10-25T00:42:14+00:00","description":"LABBEAChiensSyst\u00e8me h\u00e9pato-digestifCompensation de la maldigestion chez le chien, chat, furet, herbivore, oiseau, reptile. Extraits de plantes et","breadcrumb":{"@id":"https:\/\/www.vetorino.com\/boutique\/product\/animapeps\/#breadcrumb"},"inLanguage":"fr-FR","potentialAction":[{"@type":"ReadAction","target":["https:\/\/www.vetorino.com\/boutique\/product\/animapeps\/"]}]},{"@type":"ImageObject","inLanguage":"fr-FR","@id":"https:\/\/www.vetorino.com\/boutique\/product\/animapeps\/#primaryimage","url":"https:\/\/www.vetorino.com\/boutique\/wp-content\/uploads\/2020\/06\/FilsANI008FormatMediumTypeIM-3.png","contentUrl":"https:\/\/www.vetorino.com\/boutique\/wp-content\/uploads\/2020\/06\/FilsANI008FormatMediumTypeIM-3.png","width":400,"height":400},{"@type":"BreadcrumbList","@id":"https:\/\/www.vetorino.com\/boutique\/product\/animapeps\/#breadcrumb","itemListElement":[{"@type":"ListItem","position":1,"name":"Accueil","item":"https:\/\/www.vetorino.com\/boutique\/"},{"@type":"ListItem","position":2,"name":"Produits","item":"https:\/\/www.vetorino.com\/boutique\/"},{"@type":"ListItem","position":3,"name":"Animapeps"}]},{"@type":"WebSite","@id":"https:\/\/www.vetorino.com\/boutique\/#website","url":"https:\/\/www.vetorino.com\/boutique\/","name":"V\u00e9torino","description":"","publisher":{"@id":"https:\/\/www.vetorino.com\/boutique\/#organization"},"potentialAction":[{"@type":"SearchAction","target":{"@type":"EntryPoint","urlTemplate":"https:\/\/www.vetorino.com\/boutique\/?s={search_term_string}"},"query-input":{"@type":"PropertyValueSpecification","valueRequired":true,"valueName":"search_term_string"}}],"inLanguage":"fr-FR"},{"@type":"Organization","@id":"https:\/\/www.vetorino.com\/boutique\/#organization","name":"V\u00e9torino","url":"https:\/\/www.vetorino.com\/boutique\/","logo":{"@type":"ImageObject","inLanguage":"fr-FR","@id":"https:\/\/www.vetorino.com\/boutique\/#\/schema\/logo\/image\/","url":"https:\/\/www.vetorino.com\/boutique\/wp-content\/uploads\/2024\/10\/logo.jpg","contentUrl":"https:\/\/www.vetorino.com\/boutique\/wp-content\/uploads\/2024\/10\/logo.jpg","width":1200,"height":610,"caption":"V\u00e9torino"},"image":{"@id":"https:\/\/www.vetorino.com\/boutique\/#\/schema\/logo\/image\/"},"sameAs":["https:\/\/www.facebook.com\/Vetorino\/","https:\/\/www.instagram.com\/vetorino_off\/","https:\/\/www.linkedin.com\/company\/vtorino\/"]}]},"product_brand":"Labbea SAS","product_price_amount":"42.87","product_price_currency":"EUR","og_availability":"out of stock","product_availability":"out of stock","product_retailer_item_id":"C-ANI008","product_condition":"new"},"_links":{"self":[{"href":"https:\/\/www.vetorino.com\/veterinaire\/riedisheim-68400\/boutique\/wp-json\/wp\/v2\/product\/89395","targetHints":{"allow":["GET"]}}],"collection":[{"href":"https:\/\/www.vetorino.com\/veterinaire\/riedisheim-68400\/boutique\/wp-json\/wp\/v2\/product"}],"about":[{"href":"https:\/\/www.vetorino.com\/veterinaire\/riedisheim-68400\/boutique\/wp-json\/wp\/v2\/types\/product"}],"wp:featuredmedia":[{"embeddable":true,"href":"https:\/\/www.vetorino.com\/veterinaire\/riedisheim-68400\/boutique\/wp-json\/wp\/v2\/media\/89394"}],"wp:attachment":[{"href":"https:\/\/www.vetorino.com\/veterinaire\/riedisheim-68400\/boutique\/wp-json\/wp\/v2\/media?parent=89395"}],"wp:term":[{"taxonomy":"product_cat","embeddable":true,"href":"https:\/\/www.vetorino.com\/veterinaire\/riedisheim-68400\/boutique\/wp-json\/wp\/v2\/product_cat?post=89395"},{"taxonomy":"product_tag","embeddable":true,"href":"https:\/\/www.vetorino.com\/veterinaire\/riedisheim-68400\/boutique\/wp-json\/wp\/v2\/product_tag?post=89395"}],"curies":[{"name":"wp","href":"https:\/\/api.w.org\/{rel}","templated":true}]}}