{"id":90361,"date":"2020-06-26T13:49:05","date_gmt":"2020-06-26T11:49:05","guid":{"rendered":"https:\/\/www.vetorino.com\/boutique\/product\/art-collagene\/"},"modified":"2026-03-14T02:43:16","modified_gmt":"2026-03-14T01:43:16","slug":"art-collagene","status":"publish","type":"product","link":"https:\/\/www.vetorino.com\/veterinaire\/riedisheim-68400\/boutique\/product\/art-collagene\/","title":{"rendered":"Vetexpert Art-Collag\u00e8ne &#8211; chien &amp; chat"},"content":{"rendered":"<div id=\"product-description-short-4441\">\n<p><strong>Aliment compl\u00e9mentaire recommand\u00e9 pour soutenir la fonction articulaire et locomotrice du chien et du chat.<\/strong><\/p>\n<p>S\u00e9lection de peptides sp\u00e9cifiques bioactifs de collag\u00e8ne naturel obtenus par un processus de d\u00e9gradation enzymatique du collag\u00e8ne naturel.<\/p>\n<p>Produit de 3\u00e8me g\u00e9n\u00e9ration de<strong> gestion du confort des animaux souffrant de troubles locomoteurs.<\/strong><\/p>\n<p><strong>Mode d&#8217;emploi :<\/strong><br \/>\n<em>&#8211; Pour chien et chat : 1 sachet pour 20 kg.<\/em><\/p>\n<p>Les doses peuvent \u00eatre doubl\u00e9es en fonction de la recommandation du v\u00e9t\u00e9rinaire.<\/p>\n<p>Le produit peut \u00eatre m\u00e9lang\u00e9 \u00e0 des aliments secs ou humides.<\/p>\n<p>L&#8217;animal doit avoir acc\u00e8s \u00e0 de l&#8217;eau fra\u00eeche en permanence.<\/p>\n<p><strong>Demander conseil \u00e0 votre v\u00e9t\u00e9rinaire avant utilisation.<\/strong><\/p>\n<p>&nbsp;<\/p>\n<\/div>\n","protected":false},"excerpt":{"rendered":"<p><strong>Aliment compl\u00e9mentaire recommand\u00e9 pour soutenir la fonction articulaire et locomotrice du chien et du chat.<\/strong><\/p>\n<p>Il est indiqu\u00e9 \u00e0 la fois pour les animaux jeunes, en croissance et plus \u00e2g\u00e9s.<\/p>\n<p><strong>Demander conseil \u00e0 votre v\u00e9t\u00e9rinaire avant utilisation.<\/strong><\/p>\n","protected":false},"featured_media":1582127,"template":"","meta":[],"product_cat":[2730,2738,2697,2698,12632,12633],"product_tag":[],"class_list":{"0":"post-90361","1":"product","2":"type-product","3":"status-publish","4":"has-post-thumbnail","6":"product_cat-aliments-complementaires-pour-chat","7":"product_cat-aliments-complementaires-pour-chien","8":"product_cat-chat","9":"product_cat-chien","10":"product_cat-soutien-articulaire-du-chat","11":"product_cat-soutien-articulaire-du-chien","12":"pa_marque-vetexpert","14":"first","15":"instock","16":"taxable","17":"shipping-taxable","18":"purchasable","19":"product-type-simple"},"yoast_head":"<!-- This site is optimized with the Yoast SEO plugin v27.3 - https:\/\/yoast.com\/product\/yoast-seo-wordpress\/ -->\n<title>Vetexpert Art-Collag\u00e8ne - chien &amp; chat Vetexpert - V\u00e9torino<\/title>\n<meta name=\"description\" content=\"Aliment compl\u00e9mentaire recommand\u00e9 pour soutenir la fonction articulaire et locomotrice du chien et du chat.  Il est indiqu\u00e9 \u00e0 la fois pour les animaux jeunes, en croissance et plus \u00e2g\u00e9s.  Demander conseil \u00e0 votre v\u00e9t\u00e9rinaire avant utilisation.\" \/>\n<meta name=\"robots\" content=\"noindex, nofollow\" \/>\n<meta property=\"og:locale\" content=\"fr_FR\" \/>\n<meta property=\"og:type\" content=\"article\" \/>\n<meta property=\"og:title\" content=\"Vetexpert Art-Collag\u00e8ne - chien &amp; chat Vetexpert - V\u00e9torino\" \/>\n<meta property=\"og:description\" content=\"Aliment compl\u00e9mentaire recommand\u00e9 pour soutenir la fonction articulaire et locomotrice du chien et du chat.  Il est indiqu\u00e9 \u00e0 la fois pour les animaux jeunes, en croissance et plus \u00e2g\u00e9s.  Demander conseil \u00e0 votre v\u00e9t\u00e9rinaire avant utilisation.\" \/>\n<meta property=\"og:url\" content=\"https:\/\/www.vetorino.com\/veterinaire\/riedisheim-68400\/boutique\/product\/art-collagene\/\" \/>\n<meta property=\"og:site_name\" content=\"V\u00e9torino\" \/>\n<meta property=\"article:publisher\" content=\"https:\/\/www.facebook.com\/Vetorino\/\" \/>\n<meta property=\"article:modified_time\" content=\"2026-03-14T01:43:16+00:00\" \/>\n<meta property=\"og:image\" content=\"https:\/\/www.vetorino.com\/boutique\/wp-content\/uploads\/2021\/05\/art-collagene.webp\" \/>\n\t<meta property=\"og:image:width\" content=\"800\" \/>\n\t<meta property=\"og:image:height\" content=\"800\" \/>\n\t<meta property=\"og:image:type\" content=\"image\/webp\" \/>\n<meta name=\"twitter:card\" content=\"summary_large_image\" \/>\n<meta name=\"twitter:label1\" content=\"Prix\" \/>\n\t<meta name=\"twitter:data1\" content=\"58,52&euro;\" \/>\n\t<meta name=\"twitter:label2\" content=\"Disponibilit\u00e9\" \/>\n\t<meta name=\"twitter:data2\" content=\"En stock\" \/>\n<script type=\"application\/ld+json\" class=\"yoast-schema-graph\">{\"@context\":\"https:\\\/\\\/schema.org\",\"@graph\":[{\"@type\":\"WebPage\",\"@id\":\"https:\\\/\\\/www.vetorino.com\\\/boutique\\\/product\\\/art-collagene\\\/\",\"url\":\"https:\\\/\\\/www.vetorino.com\\\/boutique\\\/product\\\/art-collagene\\\/\",\"name\":\"Vetexpert Art-Collag\u00e8ne - chien &amp; chat Vetexpert - V\u00e9torino\",\"isPartOf\":{\"@id\":\"https:\\\/\\\/www.vetorino.com\\\/boutique\\\/#website\"},\"primaryImageOfPage\":{\"@id\":\"https:\\\/\\\/www.vetorino.com\\\/boutique\\\/product\\\/art-collagene\\\/#primaryimage\"},\"image\":{\"@id\":\"https:\\\/\\\/www.vetorino.com\\\/boutique\\\/product\\\/art-collagene\\\/#primaryimage\"},\"thumbnailUrl\":\"https:\\\/\\\/www.vetorino.com\\\/boutique\\\/wp-content\\\/uploads\\\/2021\\\/05\\\/art-collagene.webp\",\"datePublished\":\"2020-06-26T11:49:05+00:00\",\"dateModified\":\"2026-03-14T01:43:16+00:00\",\"description\":\"Aliment compl\u00e9mentaire recommand\u00e9 pour soutenir la fonction articulaire et locomotrice du chien et du chat. Il est indiqu\u00e9 \u00e0 la fois pour les animaux jeunes, en croissance et plus \u00e2g\u00e9s. Demander conseil \u00e0 votre v\u00e9t\u00e9rinaire avant utilisation.\",\"breadcrumb\":{\"@id\":\"https:\\\/\\\/www.vetorino.com\\\/boutique\\\/product\\\/art-collagene\\\/#breadcrumb\"},\"inLanguage\":\"fr-FR\",\"potentialAction\":[{\"@type\":\"ReadAction\",\"target\":[\"https:\\\/\\\/www.vetorino.com\\\/boutique\\\/product\\\/art-collagene\\\/\"]}]},{\"@type\":\"ImageObject\",\"inLanguage\":\"fr-FR\",\"@id\":\"https:\\\/\\\/www.vetorino.com\\\/boutique\\\/product\\\/art-collagene\\\/#primaryimage\",\"url\":\"https:\\\/\\\/www.vetorino.com\\\/boutique\\\/wp-content\\\/uploads\\\/2021\\\/05\\\/art-collagene.webp\",\"contentUrl\":\"https:\\\/\\\/www.vetorino.com\\\/boutique\\\/wp-content\\\/uploads\\\/2021\\\/05\\\/art-collagene.webp\",\"width\":800,\"height\":800},{\"@type\":\"BreadcrumbList\",\"@id\":\"https:\\\/\\\/www.vetorino.com\\\/boutique\\\/product\\\/art-collagene\\\/#breadcrumb\",\"itemListElement\":[{\"@type\":\"ListItem\",\"position\":1,\"name\":\"Accueil\",\"item\":\"https:\\\/\\\/www.vetorino.com\\\/boutique\\\/\"},{\"@type\":\"ListItem\",\"position\":2,\"name\":\"Produits\",\"item\":\"https:\\\/\\\/www.vetorino.com\\\/boutique\\\/\"},{\"@type\":\"ListItem\",\"position\":3,\"name\":\"Vetexpert Art-Collag\u00e8ne &#8211; chien &amp; chat\"}]},{\"@type\":\"WebSite\",\"@id\":\"https:\\\/\\\/www.vetorino.com\\\/boutique\\\/#website\",\"url\":\"https:\\\/\\\/www.vetorino.com\\\/boutique\\\/\",\"name\":\"V\u00e9torino\",\"description\":\"\",\"publisher\":{\"@id\":\"https:\\\/\\\/www.vetorino.com\\\/boutique\\\/#organization\"},\"potentialAction\":[{\"@type\":\"SearchAction\",\"target\":{\"@type\":\"EntryPoint\",\"urlTemplate\":\"https:\\\/\\\/www.vetorino.com\\\/boutique\\\/?s={search_term_string}\"},\"query-input\":{\"@type\":\"PropertyValueSpecification\",\"valueRequired\":true,\"valueName\":\"search_term_string\"}}],\"inLanguage\":\"fr-FR\"},{\"@type\":\"Organization\",\"@id\":\"https:\\\/\\\/www.vetorino.com\\\/boutique\\\/#organization\",\"name\":\"V\u00e9torino\",\"url\":\"https:\\\/\\\/www.vetorino.com\\\/boutique\\\/\",\"logo\":{\"@type\":\"ImageObject\",\"inLanguage\":\"fr-FR\",\"@id\":\"https:\\\/\\\/www.vetorino.com\\\/boutique\\\/#\\\/schema\\\/logo\\\/image\\\/\",\"url\":\"https:\\\/\\\/www.vetorino.com\\\/boutique\\\/wp-content\\\/uploads\\\/2024\\\/10\\\/logo.jpg\",\"contentUrl\":\"https:\\\/\\\/www.vetorino.com\\\/boutique\\\/wp-content\\\/uploads\\\/2024\\\/10\\\/logo.jpg\",\"width\":1200,\"height\":610,\"caption\":\"V\u00e9torino\"},\"image\":{\"@id\":\"https:\\\/\\\/www.vetorino.com\\\/boutique\\\/#\\\/schema\\\/logo\\\/image\\\/\"},\"sameAs\":[\"https:\\\/\\\/www.facebook.com\\\/Vetorino\\\/\",\"https:\\\/\\\/www.instagram.com\\\/vetorino_off\\\/\",\"https:\\\/\\\/www.linkedin.com\\\/company\\\/vtorino\\\/\"]}]}<\/script>\n<meta property=\"product:brand\" content=\"Vetexpert\" \/>\n<meta property=\"product:price:amount\" content=\"58.52\" \/>\n<meta property=\"product:price:currency\" content=\"EUR\" \/>\n<meta property=\"og:availability\" content=\"instock\" \/>\n<meta property=\"product:availability\" content=\"instock\" \/>\n<meta property=\"product:retailer_item_id\" content=\"C-ART013\" \/>\n<meta property=\"product:condition\" content=\"new\" \/>\n<!-- \/ Yoast SEO plugin. -->","yoast_head_json":{"title":"Vetexpert Art-Collag\u00e8ne - chien &amp; chat Vetexpert - V\u00e9torino","description":"Aliment compl\u00e9mentaire recommand\u00e9 pour soutenir la fonction articulaire et locomotrice du chien et du chat.  Il est indiqu\u00e9 \u00e0 la fois pour les animaux jeunes, en croissance et plus \u00e2g\u00e9s.  Demander conseil \u00e0 votre v\u00e9t\u00e9rinaire avant utilisation.","robots":{"index":"noindex","follow":"nofollow"},"og_locale":"fr_FR","og_type":"article","og_title":"Vetexpert Art-Collag\u00e8ne - chien &amp; chat Vetexpert - V\u00e9torino","og_description":"Aliment compl\u00e9mentaire recommand\u00e9 pour soutenir la fonction articulaire et locomotrice du chien et du chat.  Il est indiqu\u00e9 \u00e0 la fois pour les animaux jeunes, en croissance et plus \u00e2g\u00e9s.  Demander conseil \u00e0 votre v\u00e9t\u00e9rinaire avant utilisation.","og_url":"https:\/\/www.vetorino.com\/veterinaire\/riedisheim-68400\/boutique\/product\/art-collagene\/","og_site_name":"V\u00e9torino","article_publisher":"https:\/\/www.facebook.com\/Vetorino\/","article_modified_time":"2026-03-14T01:43:16+00:00","og_image":[{"width":800,"height":800,"url":"https:\/\/www.vetorino.com\/boutique\/wp-content\/uploads\/2021\/05\/art-collagene.webp","type":"image\/webp"}],"twitter_card":"summary_large_image","twitter_misc":{"Prix":"58,52&euro;","Disponibilit\u00e9":"En stock"},"schema":{"@context":"https:\/\/schema.org","@graph":[{"@type":"WebPage","@id":"https:\/\/www.vetorino.com\/boutique\/product\/art-collagene\/","url":"https:\/\/www.vetorino.com\/boutique\/product\/art-collagene\/","name":"Vetexpert Art-Collag\u00e8ne - chien &amp; chat Vetexpert - V\u00e9torino","isPartOf":{"@id":"https:\/\/www.vetorino.com\/boutique\/#website"},"primaryImageOfPage":{"@id":"https:\/\/www.vetorino.com\/boutique\/product\/art-collagene\/#primaryimage"},"image":{"@id":"https:\/\/www.vetorino.com\/boutique\/product\/art-collagene\/#primaryimage"},"thumbnailUrl":"https:\/\/www.vetorino.com\/boutique\/wp-content\/uploads\/2021\/05\/art-collagene.webp","datePublished":"2020-06-26T11:49:05+00:00","dateModified":"2026-03-14T01:43:16+00:00","description":"Aliment compl\u00e9mentaire recommand\u00e9 pour soutenir la fonction articulaire et locomotrice du chien et du chat. Il est indiqu\u00e9 \u00e0 la fois pour les animaux jeunes, en croissance et plus \u00e2g\u00e9s. Demander conseil \u00e0 votre v\u00e9t\u00e9rinaire avant utilisation.","breadcrumb":{"@id":"https:\/\/www.vetorino.com\/boutique\/product\/art-collagene\/#breadcrumb"},"inLanguage":"fr-FR","potentialAction":[{"@type":"ReadAction","target":["https:\/\/www.vetorino.com\/boutique\/product\/art-collagene\/"]}]},{"@type":"ImageObject","inLanguage":"fr-FR","@id":"https:\/\/www.vetorino.com\/boutique\/product\/art-collagene\/#primaryimage","url":"https:\/\/www.vetorino.com\/boutique\/wp-content\/uploads\/2021\/05\/art-collagene.webp","contentUrl":"https:\/\/www.vetorino.com\/boutique\/wp-content\/uploads\/2021\/05\/art-collagene.webp","width":800,"height":800},{"@type":"BreadcrumbList","@id":"https:\/\/www.vetorino.com\/boutique\/product\/art-collagene\/#breadcrumb","itemListElement":[{"@type":"ListItem","position":1,"name":"Accueil","item":"https:\/\/www.vetorino.com\/boutique\/"},{"@type":"ListItem","position":2,"name":"Produits","item":"https:\/\/www.vetorino.com\/boutique\/"},{"@type":"ListItem","position":3,"name":"Vetexpert Art-Collag\u00e8ne &#8211; chien &amp; chat"}]},{"@type":"WebSite","@id":"https:\/\/www.vetorino.com\/boutique\/#website","url":"https:\/\/www.vetorino.com\/boutique\/","name":"V\u00e9torino","description":"","publisher":{"@id":"https:\/\/www.vetorino.com\/boutique\/#organization"},"potentialAction":[{"@type":"SearchAction","target":{"@type":"EntryPoint","urlTemplate":"https:\/\/www.vetorino.com\/boutique\/?s={search_term_string}"},"query-input":{"@type":"PropertyValueSpecification","valueRequired":true,"valueName":"search_term_string"}}],"inLanguage":"fr-FR"},{"@type":"Organization","@id":"https:\/\/www.vetorino.com\/boutique\/#organization","name":"V\u00e9torino","url":"https:\/\/www.vetorino.com\/boutique\/","logo":{"@type":"ImageObject","inLanguage":"fr-FR","@id":"https:\/\/www.vetorino.com\/boutique\/#\/schema\/logo\/image\/","url":"https:\/\/www.vetorino.com\/boutique\/wp-content\/uploads\/2024\/10\/logo.jpg","contentUrl":"https:\/\/www.vetorino.com\/boutique\/wp-content\/uploads\/2024\/10\/logo.jpg","width":1200,"height":610,"caption":"V\u00e9torino"},"image":{"@id":"https:\/\/www.vetorino.com\/boutique\/#\/schema\/logo\/image\/"},"sameAs":["https:\/\/www.facebook.com\/Vetorino\/","https:\/\/www.instagram.com\/vetorino_off\/","https:\/\/www.linkedin.com\/company\/vtorino\/"]}]},"product_brand":"Vetexpert","product_price_amount":"58.52","product_price_currency":"EUR","og_availability":"instock","product_availability":"instock","product_retailer_item_id":"C-ART013","product_condition":"new"},"_links":{"self":[{"href":"https:\/\/www.vetorino.com\/veterinaire\/riedisheim-68400\/boutique\/wp-json\/wp\/v2\/product\/90361","targetHints":{"allow":["GET"]}}],"collection":[{"href":"https:\/\/www.vetorino.com\/veterinaire\/riedisheim-68400\/boutique\/wp-json\/wp\/v2\/product"}],"about":[{"href":"https:\/\/www.vetorino.com\/veterinaire\/riedisheim-68400\/boutique\/wp-json\/wp\/v2\/types\/product"}],"wp:featuredmedia":[{"embeddable":true,"href":"https:\/\/www.vetorino.com\/veterinaire\/riedisheim-68400\/boutique\/wp-json\/wp\/v2\/media\/1582127"}],"wp:attachment":[{"href":"https:\/\/www.vetorino.com\/veterinaire\/riedisheim-68400\/boutique\/wp-json\/wp\/v2\/media?parent=90361"}],"wp:term":[{"taxonomy":"product_cat","embeddable":true,"href":"https:\/\/www.vetorino.com\/veterinaire\/riedisheim-68400\/boutique\/wp-json\/wp\/v2\/product_cat?post=90361"},{"taxonomy":"product_tag","embeddable":true,"href":"https:\/\/www.vetorino.com\/veterinaire\/riedisheim-68400\/boutique\/wp-json\/wp\/v2\/product_tag?post=90361"}],"curies":[{"name":"wp","href":"https:\/\/api.w.org\/{rel}","templated":true}]}}