{"id":90371,"date":"2020-06-26T13:49:11","date_gmt":"2020-06-26T11:49:11","guid":{"rendered":"https:\/\/www.vetorino.com\/boutique\/product\/arthrovet\/"},"modified":"2026-01-29T18:14:13","modified_gmt":"2026-01-29T17:14:13","slug":"arthrovet","status":"publish","type":"product","link":"https:\/\/www.vetorino.com\/veterinaire\/riedisheim-68400\/boutique\/product\/arthrovet\/","title":{"rendered":"Arthrovet"},"content":{"rendered":"<p><strong>Arthrovet est un compl\u00e9ment alimentaire \u00e0 base de plantes et d&#8217;actifs d&#8217;origine marine \u00e0 vis\u00e9e articulaire pour chiens et pour chats pr\u00e9dispos\u00e9s aux probl\u00e8mes articulaires ou d&#8217;ost\u00e9oarthrose.\u00a0<\/strong><\/p>\n<p><strong>Utilisation :<\/strong><\/p>\n<ul>\n<li>Chien\u00a0ou chat de tout \u00e2ge sujets aux troubles\u00a0d&#8217;ost\u00e9oarthrose<\/li>\n<\/ul>\n<p><strong>Bienfaits essentiels :<\/strong><\/p>\n<ul>\n<li>Ne contient pas d\u2019huiles essentielles mais un <strong>complexe de plantes antidouleur<\/strong> (reine des pr\u00e9s et harpagophytum)<\/li>\n<li><strong>Remin\u00e9ralisant<\/strong> (bambou, pr\u00eale et cassissier) ainsi que de la glucosamine sulfate d\u2019origine marine pour<strong> aider le cartilage en souffrance<\/strong> ou en croissance \u00e0 se fortifier.<\/li>\n<\/ul>\n<p><strong>Pr\u00e9sentation :\u00a0<\/strong><\/p>\n<p>Il se pr\u00e9sente sous la forme de comprim\u00e9s \u00e0 faire avaler.<\/p>\n<p><strong>Administration :<\/strong><\/p>\n<p>1\/2 cp pour 5kg<\/p>\n<p>1 cp pour 10kg<\/p>\n<p>En continu si n\u00e9cessaire<\/p>\n<p><strong>Il convient de demander l\u2019avis d\u2019un v\u00e9t\u00e9rinaire avant utilisation ou prolongation de la dur\u00e9e d\u2019utilisation.<\/strong><\/p>\n<section class=\"product-accessories mdc_accessories_block mt-3\">\n<p class=\"products-section-title mdc_accessories_title\">\n<\/section>\n","protected":false},"excerpt":{"rendered":"<p><strong>Arthrovet est un compl\u00e9ment alimentaire \u00e0 base de plantes et d&#8217;actifs d&#8217;origine marine \u00e0 vis\u00e9e articulaire pour chiens et pour chats pr\u00e9dispos\u00e9s aux probl\u00e8mes articulaires ou d&#8217;ost\u00e9oarthrose.<\/strong><\/p>\n<p><strong>Utilisation :<\/strong><\/p>\n<ul>\n<li>Chien\u00a0ou chat de tout \u00e2ge sujets aux troubles\u00a0d&#8217;ost\u00e9oarthrose<\/li>\n<\/ul>\n<p><strong>Respectez les conseils de votre v\u00e9t\u00e9rinaire.<\/strong><\/p>\n","protected":false},"featured_media":1663269,"template":"","meta":[],"product_cat":[2730,2738,2697,2698,12632,12633],"product_tag":[],"class_list":{"0":"post-90371","1":"product","2":"type-product","3":"status-publish","4":"has-post-thumbnail","6":"product_cat-aliments-complementaires-pour-chat","7":"product_cat-aliments-complementaires-pour-chien","8":"product_cat-chat","9":"product_cat-chien","10":"product_cat-soutien-articulaire-du-chat","11":"product_cat-soutien-articulaire-du-chien","12":"pa_marque-labbea","14":"first","15":"instock","16":"taxable","17":"shipping-taxable","18":"purchasable","19":"product-type-simple"},"yoast_head":"<!-- This site is optimized with the Yoast SEO plugin v27.3 - https:\/\/yoast.com\/product\/yoast-seo-wordpress\/ -->\n<title>Arthrovet Labbea - V\u00e9torino<\/title>\n<meta name=\"description\" content=\"Arthrovet est un compl\u00e9ment alimentaire \u00e0 base de plantes et d&#039;actifs d&#039;origine marine \u00e0 vis\u00e9e articulaire pour chiens et pour chats pr\u00e9dispos\u00e9s aux probl\u00e8mes articulaires ou d&#039;ost\u00e9oarthrose.  Utilisation :   Chien\u00a0ou chat de tout \u00e2ge sujets aux troubles\u00a0d&#039;ost\u00e9oarthrose  Respectez les conseils de votre v\u00e9t\u00e9rinaire.\" \/>\n<meta name=\"robots\" content=\"noindex, nofollow\" \/>\n<meta property=\"og:locale\" content=\"fr_FR\" \/>\n<meta property=\"og:type\" content=\"article\" \/>\n<meta property=\"og:title\" content=\"Arthrovet Labbea - V\u00e9torino\" \/>\n<meta property=\"og:description\" content=\"Arthrovet est un compl\u00e9ment alimentaire \u00e0 base de plantes et d&#039;actifs d&#039;origine marine \u00e0 vis\u00e9e articulaire pour chiens et pour chats pr\u00e9dispos\u00e9s aux probl\u00e8mes articulaires ou d&#039;ost\u00e9oarthrose.  Utilisation :   Chien\u00a0ou chat de tout \u00e2ge sujets aux troubles\u00a0d&#039;ost\u00e9oarthrose  Respectez les conseils de votre v\u00e9t\u00e9rinaire.\" \/>\n<meta property=\"og:url\" content=\"https:\/\/www.vetorino.com\/veterinaire\/riedisheim-68400\/boutique\/product\/arthrovet\/\" \/>\n<meta property=\"og:site_name\" content=\"V\u00e9torino\" \/>\n<meta property=\"article:publisher\" content=\"https:\/\/www.facebook.com\/Vetorino\/\" \/>\n<meta property=\"article:modified_time\" content=\"2026-01-29T17:14:13+00:00\" \/>\n<meta property=\"og:image\" content=\"https:\/\/www.vetorino.com\/boutique\/wp-content\/uploads\/2022\/11\/arthrovet.webp\" \/>\n\t<meta property=\"og:image:width\" content=\"800\" \/>\n\t<meta property=\"og:image:height\" content=\"800\" \/>\n\t<meta property=\"og:image:type\" content=\"image\/webp\" \/>\n<meta name=\"twitter:card\" content=\"summary_large_image\" \/>\n<meta name=\"twitter:label1\" content=\"Prix\" \/>\n\t<meta name=\"twitter:data1\" content=\"24,13&euro;\" \/>\n\t<meta name=\"twitter:label2\" content=\"Disponibilit\u00e9\" \/>\n\t<meta name=\"twitter:data2\" content=\"En stock\" \/>\n<script type=\"application\/ld+json\" class=\"yoast-schema-graph\">{\"@context\":\"https:\\\/\\\/schema.org\",\"@graph\":[{\"@type\":\"WebPage\",\"@id\":\"https:\\\/\\\/www.vetorino.com\\\/boutique\\\/product\\\/arthrovet\\\/\",\"url\":\"https:\\\/\\\/www.vetorino.com\\\/boutique\\\/product\\\/arthrovet\\\/\",\"name\":\"Arthrovet Labbea - V\u00e9torino\",\"isPartOf\":{\"@id\":\"https:\\\/\\\/www.vetorino.com\\\/boutique\\\/#website\"},\"primaryImageOfPage\":{\"@id\":\"https:\\\/\\\/www.vetorino.com\\\/boutique\\\/product\\\/arthrovet\\\/#primaryimage\"},\"image\":{\"@id\":\"https:\\\/\\\/www.vetorino.com\\\/boutique\\\/product\\\/arthrovet\\\/#primaryimage\"},\"thumbnailUrl\":\"https:\\\/\\\/www.vetorino.com\\\/boutique\\\/wp-content\\\/uploads\\\/2022\\\/11\\\/arthrovet-1.webp\",\"datePublished\":\"2020-06-26T11:49:11+00:00\",\"dateModified\":\"2026-01-29T17:14:13+00:00\",\"description\":\"Arthrovet est un compl\u00e9ment alimentaire \u00e0 base de plantes et d'actifs d'origine marine \u00e0 vis\u00e9e articulaire pour chiens et pour chats pr\u00e9dispos\u00e9s aux probl\u00e8mes articulaires ou d'ost\u00e9oarthrose. Utilisation : Chien\u00a0ou chat de tout \u00e2ge sujets aux troubles\u00a0d'ost\u00e9oarthrose Respectez les conseils de votre v\u00e9t\u00e9rinaire.\",\"breadcrumb\":{\"@id\":\"https:\\\/\\\/www.vetorino.com\\\/boutique\\\/product\\\/arthrovet\\\/#breadcrumb\"},\"inLanguage\":\"fr-FR\",\"potentialAction\":[{\"@type\":\"ReadAction\",\"target\":[\"https:\\\/\\\/www.vetorino.com\\\/boutique\\\/product\\\/arthrovet\\\/\"]}]},{\"@type\":\"ImageObject\",\"inLanguage\":\"fr-FR\",\"@id\":\"https:\\\/\\\/www.vetorino.com\\\/boutique\\\/product\\\/arthrovet\\\/#primaryimage\",\"url\":\"https:\\\/\\\/www.vetorino.com\\\/boutique\\\/wp-content\\\/uploads\\\/2022\\\/11\\\/arthrovet-1.webp\",\"contentUrl\":\"https:\\\/\\\/www.vetorino.com\\\/boutique\\\/wp-content\\\/uploads\\\/2022\\\/11\\\/arthrovet-1.webp\",\"width\":800,\"height\":800},{\"@type\":\"BreadcrumbList\",\"@id\":\"https:\\\/\\\/www.vetorino.com\\\/boutique\\\/product\\\/arthrovet\\\/#breadcrumb\",\"itemListElement\":[{\"@type\":\"ListItem\",\"position\":1,\"name\":\"Accueil\",\"item\":\"https:\\\/\\\/www.vetorino.com\\\/boutique\\\/\"},{\"@type\":\"ListItem\",\"position\":2,\"name\":\"Produits\",\"item\":\"https:\\\/\\\/www.vetorino.com\\\/boutique\\\/\"},{\"@type\":\"ListItem\",\"position\":3,\"name\":\"Arthrovet\"}]},{\"@type\":\"WebSite\",\"@id\":\"https:\\\/\\\/www.vetorino.com\\\/boutique\\\/#website\",\"url\":\"https:\\\/\\\/www.vetorino.com\\\/boutique\\\/\",\"name\":\"V\u00e9torino\",\"description\":\"\",\"publisher\":{\"@id\":\"https:\\\/\\\/www.vetorino.com\\\/boutique\\\/#organization\"},\"potentialAction\":[{\"@type\":\"SearchAction\",\"target\":{\"@type\":\"EntryPoint\",\"urlTemplate\":\"https:\\\/\\\/www.vetorino.com\\\/boutique\\\/?s={search_term_string}\"},\"query-input\":{\"@type\":\"PropertyValueSpecification\",\"valueRequired\":true,\"valueName\":\"search_term_string\"}}],\"inLanguage\":\"fr-FR\"},{\"@type\":\"Organization\",\"@id\":\"https:\\\/\\\/www.vetorino.com\\\/boutique\\\/#organization\",\"name\":\"V\u00e9torino\",\"url\":\"https:\\\/\\\/www.vetorino.com\\\/boutique\\\/\",\"logo\":{\"@type\":\"ImageObject\",\"inLanguage\":\"fr-FR\",\"@id\":\"https:\\\/\\\/www.vetorino.com\\\/boutique\\\/#\\\/schema\\\/logo\\\/image\\\/\",\"url\":\"https:\\\/\\\/www.vetorino.com\\\/boutique\\\/wp-content\\\/uploads\\\/2024\\\/10\\\/logo.jpg\",\"contentUrl\":\"https:\\\/\\\/www.vetorino.com\\\/boutique\\\/wp-content\\\/uploads\\\/2024\\\/10\\\/logo.jpg\",\"width\":1200,\"height\":610,\"caption\":\"V\u00e9torino\"},\"image\":{\"@id\":\"https:\\\/\\\/www.vetorino.com\\\/boutique\\\/#\\\/schema\\\/logo\\\/image\\\/\"},\"sameAs\":[\"https:\\\/\\\/www.facebook.com\\\/Vetorino\\\/\",\"https:\\\/\\\/www.instagram.com\\\/vetorino_off\\\/\",\"https:\\\/\\\/www.linkedin.com\\\/company\\\/vtorino\\\/\"]}]}<\/script>\n<meta property=\"product:brand\" content=\"Labbea\" \/>\n<meta property=\"product:price:amount\" content=\"24.13\" \/>\n<meta property=\"product:price:currency\" content=\"EUR\" \/>\n<meta property=\"og:availability\" content=\"instock\" \/>\n<meta property=\"product:availability\" content=\"instock\" \/>\n<meta property=\"product:retailer_item_id\" content=\"C-ART022\" \/>\n<meta property=\"product:condition\" content=\"new\" \/>\n<!-- \/ Yoast SEO plugin. -->","yoast_head_json":{"title":"Arthrovet Labbea - V\u00e9torino","description":"Arthrovet est un compl\u00e9ment alimentaire \u00e0 base de plantes et d'actifs d'origine marine \u00e0 vis\u00e9e articulaire pour chiens et pour chats pr\u00e9dispos\u00e9s aux probl\u00e8mes articulaires ou d'ost\u00e9oarthrose.  Utilisation :   Chien\u00a0ou chat de tout \u00e2ge sujets aux troubles\u00a0d'ost\u00e9oarthrose  Respectez les conseils de votre v\u00e9t\u00e9rinaire.","robots":{"index":"noindex","follow":"nofollow"},"og_locale":"fr_FR","og_type":"article","og_title":"Arthrovet Labbea - V\u00e9torino","og_description":"Arthrovet est un compl\u00e9ment alimentaire \u00e0 base de plantes et d'actifs d'origine marine \u00e0 vis\u00e9e articulaire pour chiens et pour chats pr\u00e9dispos\u00e9s aux probl\u00e8mes articulaires ou d'ost\u00e9oarthrose.  Utilisation :   Chien\u00a0ou chat de tout \u00e2ge sujets aux troubles\u00a0d'ost\u00e9oarthrose  Respectez les conseils de votre v\u00e9t\u00e9rinaire.","og_url":"https:\/\/www.vetorino.com\/veterinaire\/riedisheim-68400\/boutique\/product\/arthrovet\/","og_site_name":"V\u00e9torino","article_publisher":"https:\/\/www.facebook.com\/Vetorino\/","article_modified_time":"2026-01-29T17:14:13+00:00","og_image":[{"width":800,"height":800,"url":"https:\/\/www.vetorino.com\/boutique\/wp-content\/uploads\/2022\/11\/arthrovet.webp","type":"image\/webp"}],"twitter_card":"summary_large_image","twitter_misc":{"Prix":"24,13&euro;","Disponibilit\u00e9":"En stock"},"schema":{"@context":"https:\/\/schema.org","@graph":[{"@type":"WebPage","@id":"https:\/\/www.vetorino.com\/boutique\/product\/arthrovet\/","url":"https:\/\/www.vetorino.com\/boutique\/product\/arthrovet\/","name":"Arthrovet Labbea - V\u00e9torino","isPartOf":{"@id":"https:\/\/www.vetorino.com\/boutique\/#website"},"primaryImageOfPage":{"@id":"https:\/\/www.vetorino.com\/boutique\/product\/arthrovet\/#primaryimage"},"image":{"@id":"https:\/\/www.vetorino.com\/boutique\/product\/arthrovet\/#primaryimage"},"thumbnailUrl":"https:\/\/www.vetorino.com\/boutique\/wp-content\/uploads\/2022\/11\/arthrovet-1.webp","datePublished":"2020-06-26T11:49:11+00:00","dateModified":"2026-01-29T17:14:13+00:00","description":"Arthrovet est un compl\u00e9ment alimentaire \u00e0 base de plantes et d'actifs d'origine marine \u00e0 vis\u00e9e articulaire pour chiens et pour chats pr\u00e9dispos\u00e9s aux probl\u00e8mes articulaires ou d'ost\u00e9oarthrose. Utilisation : Chien\u00a0ou chat de tout \u00e2ge sujets aux troubles\u00a0d'ost\u00e9oarthrose Respectez les conseils de votre v\u00e9t\u00e9rinaire.","breadcrumb":{"@id":"https:\/\/www.vetorino.com\/boutique\/product\/arthrovet\/#breadcrumb"},"inLanguage":"fr-FR","potentialAction":[{"@type":"ReadAction","target":["https:\/\/www.vetorino.com\/boutique\/product\/arthrovet\/"]}]},{"@type":"ImageObject","inLanguage":"fr-FR","@id":"https:\/\/www.vetorino.com\/boutique\/product\/arthrovet\/#primaryimage","url":"https:\/\/www.vetorino.com\/boutique\/wp-content\/uploads\/2022\/11\/arthrovet-1.webp","contentUrl":"https:\/\/www.vetorino.com\/boutique\/wp-content\/uploads\/2022\/11\/arthrovet-1.webp","width":800,"height":800},{"@type":"BreadcrumbList","@id":"https:\/\/www.vetorino.com\/boutique\/product\/arthrovet\/#breadcrumb","itemListElement":[{"@type":"ListItem","position":1,"name":"Accueil","item":"https:\/\/www.vetorino.com\/boutique\/"},{"@type":"ListItem","position":2,"name":"Produits","item":"https:\/\/www.vetorino.com\/boutique\/"},{"@type":"ListItem","position":3,"name":"Arthrovet"}]},{"@type":"WebSite","@id":"https:\/\/www.vetorino.com\/boutique\/#website","url":"https:\/\/www.vetorino.com\/boutique\/","name":"V\u00e9torino","description":"","publisher":{"@id":"https:\/\/www.vetorino.com\/boutique\/#organization"},"potentialAction":[{"@type":"SearchAction","target":{"@type":"EntryPoint","urlTemplate":"https:\/\/www.vetorino.com\/boutique\/?s={search_term_string}"},"query-input":{"@type":"PropertyValueSpecification","valueRequired":true,"valueName":"search_term_string"}}],"inLanguage":"fr-FR"},{"@type":"Organization","@id":"https:\/\/www.vetorino.com\/boutique\/#organization","name":"V\u00e9torino","url":"https:\/\/www.vetorino.com\/boutique\/","logo":{"@type":"ImageObject","inLanguage":"fr-FR","@id":"https:\/\/www.vetorino.com\/boutique\/#\/schema\/logo\/image\/","url":"https:\/\/www.vetorino.com\/boutique\/wp-content\/uploads\/2024\/10\/logo.jpg","contentUrl":"https:\/\/www.vetorino.com\/boutique\/wp-content\/uploads\/2024\/10\/logo.jpg","width":1200,"height":610,"caption":"V\u00e9torino"},"image":{"@id":"https:\/\/www.vetorino.com\/boutique\/#\/schema\/logo\/image\/"},"sameAs":["https:\/\/www.facebook.com\/Vetorino\/","https:\/\/www.instagram.com\/vetorino_off\/","https:\/\/www.linkedin.com\/company\/vtorino\/"]}]},"product_brand":"Labbea","product_price_amount":"24.13","product_price_currency":"EUR","og_availability":"instock","product_availability":"instock","product_retailer_item_id":"C-ART022","product_condition":"new"},"_links":{"self":[{"href":"https:\/\/www.vetorino.com\/veterinaire\/riedisheim-68400\/boutique\/wp-json\/wp\/v2\/product\/90371","targetHints":{"allow":["GET"]}}],"collection":[{"href":"https:\/\/www.vetorino.com\/veterinaire\/riedisheim-68400\/boutique\/wp-json\/wp\/v2\/product"}],"about":[{"href":"https:\/\/www.vetorino.com\/veterinaire\/riedisheim-68400\/boutique\/wp-json\/wp\/v2\/types\/product"}],"wp:featuredmedia":[{"embeddable":true,"href":"https:\/\/www.vetorino.com\/veterinaire\/riedisheim-68400\/boutique\/wp-json\/wp\/v2\/media\/1663269"}],"wp:attachment":[{"href":"https:\/\/www.vetorino.com\/veterinaire\/riedisheim-68400\/boutique\/wp-json\/wp\/v2\/media?parent=90371"}],"wp:term":[{"taxonomy":"product_cat","embeddable":true,"href":"https:\/\/www.vetorino.com\/veterinaire\/riedisheim-68400\/boutique\/wp-json\/wp\/v2\/product_cat?post=90371"},{"taxonomy":"product_tag","embeddable":true,"href":"https:\/\/www.vetorino.com\/veterinaire\/riedisheim-68400\/boutique\/wp-json\/wp\/v2\/product_tag?post=90371"}],"curies":[{"name":"wp","href":"https:\/\/api.w.org\/{rel}","templated":true}]}}