{"id":90422,"date":"2020-06-26T13:55:41","date_gmt":"2020-06-26T11:55:41","guid":{"rendered":"https:\/\/www.vetorino.com\/boutique\/product\/bac-a-litiere-couvert-scoopfree-ultra-autonettoyant\/"},"modified":"2022-07-29T10:24:12","modified_gmt":"2022-07-29T08:24:12","slug":"bac-a-litiere-couvert-scoopfree-ultra-autonettoyant","status":"publish","type":"product","link":"https:\/\/www.vetorino.com\/veterinaire\/riedisheim-68400\/boutique\/product\/bac-a-litiere-couvert-scoopfree-ultra-autonettoyant\/","title":{"rendered":"Bac \u00e0 liti\u00e8re couvert ScoopFree Ultra autonettoyant"},"content":{"rendered":"<div class='hidden'>MATERIEL<\/div>\n<div class='hidden'>Chats<\/div>\n<p>ScoopFree&reg;, c&#039;est la bo&icirc;te &agrave; liti&egrave;re autonettoyante que vous pouvez abandonner pendant plusieurs semaines.<br \/>\nIl vous suffit de la brancher et de la regarder travailler &agrave; votre place.<br \/>\nLe syst&egrave;me de r&acirc;teau automatique entra&icirc;ne les d&eacute;chets dans le compartiment couvert 5, 10 ou 20 minutes apr&egrave;s le passage de votre chat.<br \/>\nLa minuterie se r&eacute;initialisera si les capteurs de s&eacute;curit&eacute; d&eacute;tectent que votre chat est de nouveau entr&eacute; dans sa bo&icirc;te.<br \/>\nLe compteur sant&eacute; vous permet de savoir combien de fois votre chat a utilis&eacute; sa liti&egrave;re, afin d&#039;identifier rapidement un probl&egrave;me de sant&eacute; &eacute;ventuel.<br \/>\nLa liti&egrave;re Cristal sp&eacute;ciale, emball&eacute;e dans un bac de liti&egrave;re jetable tr&egrave;s pratique, est 5 fois plus efficace que les liti&egrave;res en argile ou les liti&egrave;res agglom&eacute;rantes pour combattre les odeurs.<br \/>\nLe couvercle d&#039;intimit&eacute; emp&ecirc;che la liti&egrave;re de sortir de la bo&icirc;te.<\/p>\n<ul>\n<li>R&acirc;teau automatique pour vider la bo&icirc;te enti&egrave;re 5, 10 ou 20 minutes apr&egrave;s le passage de votre chat.<\/li>\n<li>Entra&icirc;ne les d&eacute;chets dans le compartiment &agrave; d&eacute;chets pour mieux combattre les odeurs.<\/li>\n<li>Capteurs de s&eacute;curit&eacute; pour r&eacute;initialiser automatiquement la minuterie du r&acirc;teau si le chat rentre de nouveau dans la bo&icirc;te.<\/li>\n<li>Bacs de liti&egrave;re jetables avec doublure &agrave; l&#039;&eacute;preuve des fuites pour faciliter le nettoyage.<\/li>\n<li>Liti&egrave;re Cristal absorbant l&#039;urine pour un contr&ocirc;le des odeurs 5 fois plus efficace que celui des autres liti&egrave;res.<\/li>\n<li>Utilise 5 &agrave; 10 fois moins de liti&egrave;re que les liti&egrave;res agglom&eacute;rantes et en argile.<\/li>\n<li>Couvercle d&#039;intimit&eacute; pour offrir &agrave; votre chat une salle de bain isol&eacute;e et r&eacute;duire la dispersion de la liti&egrave;re.<\/li>\n<li>Compteur sant&eacute; pour savoir combien de fois votre chat a utilis&eacute; sa liti&egrave;re.<\/li>\n<li>Syst&egrave;me test&eacute; en laboratoire sur plus de 100 000 cycles, sans d&eacute;faillance ou blocage.<\/li>\n<li>Dimensions de la zone liti&egrave;re : 35,5 x 35,5 cm.<\/li>\n<li>Dimensions ext&eacute;rieures (Lxlxh) : 69,5 x 48,2 x 17,8 cm.<\/li>\n<li>Hauteur avec couvercle : 43 cm.<\/li>\n<li>Pour les chats de toutes tailles.<\/li>\n<\/ul>\n<p>Livr&eacute; avec :<\/p>\n<ul>\n<li>Adaptateur avec cordon d&#039;alimentation de 1,8 m.<\/li>\n<li>Bac de liti&egrave;re rempli de liti&egrave;re Cristal bleu de qualit&eacute; sup&eacute;rieure.<\/li>\n<li>Couvercle d&#039;intimit&eacute;.<\/li>\n<\/ul>\n","protected":false},"excerpt":{"rendered":"<p>MATERIEL Chats ScoopFree&reg;, c&#039;est la bo&icirc;te &agrave; liti&egrave;re autonettoyante que vous pouvez abandonner pendant plusieurs semaines. Il vous suffit de la brancher et de la regarder travailler &agrave; votre place. Le syst&egrave;me de r&acirc;teau automatique entra&icirc;ne les d&eacute;chets dans le compartiment couvert 5, 10 ou 20 minutes apr&egrave;s le passage de votre chat. La minuterie [&hellip;]<\/p>\n","protected":false},"featured_media":90421,"template":"","meta":[],"product_cat":[12548,2697,12628],"product_tag":[],"class_list":{"0":"post-90422","1":"product","2":"type-product","3":"status-publish","4":"has-post-thumbnail","6":"product_cat-accessoire-du-chat","7":"product_cat-chat","8":"product_cat-litieres-du-chat","9":"pa_marque-materiel","11":"first","12":"outofstock","13":"taxable","14":"shipping-taxable","15":"purchasable","16":"product-type-simple"},"yoast_head":"<!-- This site is optimized with the Yoast SEO plugin v27.3 - https:\/\/yoast.com\/product\/yoast-seo-wordpress\/ -->\n<title>Bac \u00e0 liti\u00e8re couvert ScoopFree Ultra autonettoyant Mat\u00e9riel - V\u00e9torino<\/title>\n<meta name=\"description\" content=\"MATERIELChatsScoopFree&reg;, c&#039;est la bo&icirc;te &agrave; liti&egrave;re autonettoyante que vous pouvez abandonner pendant plusieurs semaines. Il\" \/>\n<meta name=\"robots\" content=\"noindex, nofollow\" \/>\n<meta property=\"og:locale\" content=\"fr_FR\" \/>\n<meta property=\"og:type\" content=\"article\" \/>\n<meta property=\"og:title\" content=\"Bac \u00e0 liti\u00e8re couvert ScoopFree Ultra autonettoyant Mat\u00e9riel - V\u00e9torino\" \/>\n<meta property=\"og:description\" content=\"MATERIELChatsScoopFree&reg;, c&#039;est la bo&icirc;te &agrave; liti&egrave;re autonettoyante que vous pouvez abandonner pendant plusieurs semaines. Il\" \/>\n<meta property=\"og:url\" content=\"https:\/\/www.vetorino.com\/veterinaire\/riedisheim-68400\/boutique\/product\/bac-a-litiere-couvert-scoopfree-ultra-autonettoyant\/\" \/>\n<meta property=\"og:site_name\" content=\"V\u00e9torino\" \/>\n<meta property=\"article:publisher\" content=\"https:\/\/www.facebook.com\/Vetorino\/\" \/>\n<meta property=\"article:modified_time\" content=\"2022-07-29T08:24:12+00:00\" \/>\n<meta property=\"og:image\" content=\"https:\/\/www.vetorino.com\/boutique\/wp-content\/uploads\/2020\/06\/FilsBAC712FormatMediumTypeIM-4.png\" \/>\n\t<meta property=\"og:image:width\" content=\"282\" \/>\n\t<meta property=\"og:image:height\" content=\"400\" \/>\n\t<meta property=\"og:image:type\" content=\"image\/png\" \/>\n<meta name=\"twitter:card\" content=\"summary_large_image\" \/>\n<meta name=\"twitter:label1\" content=\"Prix\" \/>\n\t<meta name=\"twitter:data1\" content=\"187,36&euro;\" \/>\n\t<meta name=\"twitter:label2\" content=\"Disponibilit\u00e9\" \/>\n\t<meta name=\"twitter:data2\" content=\"Rupture de stock\" \/>\n<script type=\"application\/ld+json\" class=\"yoast-schema-graph\">{\"@context\":\"https:\\\/\\\/schema.org\",\"@graph\":[{\"@type\":\"WebPage\",\"@id\":\"https:\\\/\\\/www.vetorino.com\\\/veterinaire\\\/champs-sur-marne-77420\\\/boutique\\\/product\\\/bac-a-litiere-couvert-scoopfree-ultra-autonettoyant\\\/\",\"url\":\"https:\\\/\\\/www.vetorino.com\\\/veterinaire\\\/champs-sur-marne-77420\\\/boutique\\\/product\\\/bac-a-litiere-couvert-scoopfree-ultra-autonettoyant\\\/\",\"name\":\"Bac \u00e0 liti\u00e8re couvert ScoopFree Ultra autonettoyant Mat\u00e9riel - V\u00e9torino\",\"isPartOf\":{\"@id\":\"https:\\\/\\\/www.vetorino.com\\\/boutique\\\/#website\"},\"primaryImageOfPage\":{\"@id\":\"https:\\\/\\\/www.vetorino.com\\\/veterinaire\\\/champs-sur-marne-77420\\\/boutique\\\/product\\\/bac-a-litiere-couvert-scoopfree-ultra-autonettoyant\\\/#primaryimage\"},\"image\":{\"@id\":\"https:\\\/\\\/www.vetorino.com\\\/veterinaire\\\/champs-sur-marne-77420\\\/boutique\\\/product\\\/bac-a-litiere-couvert-scoopfree-ultra-autonettoyant\\\/#primaryimage\"},\"thumbnailUrl\":\"https:\\\/\\\/www.vetorino.com\\\/boutique\\\/wp-content\\\/uploads\\\/2020\\\/06\\\/FilsBAC712FormatMediumTypeIM-4.png\",\"datePublished\":\"2020-06-26T11:55:41+00:00\",\"dateModified\":\"2022-07-29T08:24:12+00:00\",\"description\":\"MATERIELChatsScoopFree&reg;, c&#039;est la bo&icirc;te &agrave; liti&egrave;re autonettoyante que vous pouvez abandonner pendant plusieurs semaines. Il\",\"breadcrumb\":{\"@id\":\"https:\\\/\\\/www.vetorino.com\\\/veterinaire\\\/champs-sur-marne-77420\\\/boutique\\\/product\\\/bac-a-litiere-couvert-scoopfree-ultra-autonettoyant\\\/#breadcrumb\"},\"inLanguage\":\"fr-FR\",\"potentialAction\":[{\"@type\":\"ReadAction\",\"target\":[\"https:\\\/\\\/www.vetorino.com\\\/veterinaire\\\/champs-sur-marne-77420\\\/boutique\\\/product\\\/bac-a-litiere-couvert-scoopfree-ultra-autonettoyant\\\/\"]}]},{\"@type\":\"ImageObject\",\"inLanguage\":\"fr-FR\",\"@id\":\"https:\\\/\\\/www.vetorino.com\\\/veterinaire\\\/champs-sur-marne-77420\\\/boutique\\\/product\\\/bac-a-litiere-couvert-scoopfree-ultra-autonettoyant\\\/#primaryimage\",\"url\":\"https:\\\/\\\/www.vetorino.com\\\/boutique\\\/wp-content\\\/uploads\\\/2020\\\/06\\\/FilsBAC712FormatMediumTypeIM-4.png\",\"contentUrl\":\"https:\\\/\\\/www.vetorino.com\\\/boutique\\\/wp-content\\\/uploads\\\/2020\\\/06\\\/FilsBAC712FormatMediumTypeIM-4.png\",\"width\":282,\"height\":400},{\"@type\":\"BreadcrumbList\",\"@id\":\"https:\\\/\\\/www.vetorino.com\\\/veterinaire\\\/champs-sur-marne-77420\\\/boutique\\\/product\\\/bac-a-litiere-couvert-scoopfree-ultra-autonettoyant\\\/#breadcrumb\",\"itemListElement\":[{\"@type\":\"ListItem\",\"position\":1,\"name\":\"Accueil\",\"item\":\"https:\\\/\\\/www.vetorino.com\\\/boutique\\\/\"},{\"@type\":\"ListItem\",\"position\":2,\"name\":\"Produits\",\"item\":\"https:\\\/\\\/www.vetorino.com\\\/boutique\\\/\"},{\"@type\":\"ListItem\",\"position\":3,\"name\":\"Bac \u00e0 liti\u00e8re couvert ScoopFree Ultra autonettoyant\"}]},{\"@type\":\"WebSite\",\"@id\":\"https:\\\/\\\/www.vetorino.com\\\/boutique\\\/#website\",\"url\":\"https:\\\/\\\/www.vetorino.com\\\/boutique\\\/\",\"name\":\"V\u00e9torino\",\"description\":\"\",\"publisher\":{\"@id\":\"https:\\\/\\\/www.vetorino.com\\\/boutique\\\/#organization\"},\"potentialAction\":[{\"@type\":\"SearchAction\",\"target\":{\"@type\":\"EntryPoint\",\"urlTemplate\":\"https:\\\/\\\/www.vetorino.com\\\/boutique\\\/?s={search_term_string}\"},\"query-input\":{\"@type\":\"PropertyValueSpecification\",\"valueRequired\":true,\"valueName\":\"search_term_string\"}}],\"inLanguage\":\"fr-FR\"},{\"@type\":\"Organization\",\"@id\":\"https:\\\/\\\/www.vetorino.com\\\/boutique\\\/#organization\",\"name\":\"V\u00e9torino\",\"url\":\"https:\\\/\\\/www.vetorino.com\\\/boutique\\\/\",\"logo\":{\"@type\":\"ImageObject\",\"inLanguage\":\"fr-FR\",\"@id\":\"https:\\\/\\\/www.vetorino.com\\\/boutique\\\/#\\\/schema\\\/logo\\\/image\\\/\",\"url\":\"https:\\\/\\\/www.vetorino.com\\\/boutique\\\/wp-content\\\/uploads\\\/2024\\\/10\\\/logo.jpg\",\"contentUrl\":\"https:\\\/\\\/www.vetorino.com\\\/boutique\\\/wp-content\\\/uploads\\\/2024\\\/10\\\/logo.jpg\",\"width\":1200,\"height\":610,\"caption\":\"V\u00e9torino\"},\"image\":{\"@id\":\"https:\\\/\\\/www.vetorino.com\\\/boutique\\\/#\\\/schema\\\/logo\\\/image\\\/\"},\"sameAs\":[\"https:\\\/\\\/www.facebook.com\\\/Vetorino\\\/\",\"https:\\\/\\\/www.instagram.com\\\/vetorino_off\\\/\",\"https:\\\/\\\/www.linkedin.com\\\/company\\\/vtorino\\\/\"]}]}<\/script>\n<meta property=\"product:brand\" content=\"Mat\u00e9riel\" \/>\n<meta property=\"product:price:amount\" content=\"187.36\" \/>\n<meta property=\"product:price:currency\" content=\"EUR\" \/>\n<meta property=\"og:availability\" content=\"out of stock\" \/>\n<meta property=\"product:availability\" content=\"out of stock\" \/>\n<meta property=\"product:retailer_item_id\" content=\"C-BAC712\" \/>\n<meta property=\"product:condition\" content=\"new\" \/>\n<!-- \/ Yoast SEO plugin. -->","yoast_head_json":{"title":"Bac \u00e0 liti\u00e8re couvert ScoopFree Ultra autonettoyant Mat\u00e9riel - V\u00e9torino","description":"MATERIELChatsScoopFree&reg;, c&#039;est la bo&icirc;te &agrave; liti&egrave;re autonettoyante que vous pouvez abandonner pendant plusieurs semaines. Il","robots":{"index":"noindex","follow":"nofollow"},"og_locale":"fr_FR","og_type":"article","og_title":"Bac \u00e0 liti\u00e8re couvert ScoopFree Ultra autonettoyant Mat\u00e9riel - V\u00e9torino","og_description":"MATERIELChatsScoopFree&reg;, c&#039;est la bo&icirc;te &agrave; liti&egrave;re autonettoyante que vous pouvez abandonner pendant plusieurs semaines. Il","og_url":"https:\/\/www.vetorino.com\/veterinaire\/riedisheim-68400\/boutique\/product\/bac-a-litiere-couvert-scoopfree-ultra-autonettoyant\/","og_site_name":"V\u00e9torino","article_publisher":"https:\/\/www.facebook.com\/Vetorino\/","article_modified_time":"2022-07-29T08:24:12+00:00","og_image":[{"width":282,"height":400,"url":"https:\/\/www.vetorino.com\/boutique\/wp-content\/uploads\/2020\/06\/FilsBAC712FormatMediumTypeIM-4.png","type":"image\/png"}],"twitter_card":"summary_large_image","twitter_misc":{"Prix":"187,36&euro;","Disponibilit\u00e9":"Rupture de stock"},"schema":{"@context":"https:\/\/schema.org","@graph":[{"@type":"WebPage","@id":"https:\/\/www.vetorino.com\/veterinaire\/champs-sur-marne-77420\/boutique\/product\/bac-a-litiere-couvert-scoopfree-ultra-autonettoyant\/","url":"https:\/\/www.vetorino.com\/veterinaire\/champs-sur-marne-77420\/boutique\/product\/bac-a-litiere-couvert-scoopfree-ultra-autonettoyant\/","name":"Bac \u00e0 liti\u00e8re couvert ScoopFree Ultra autonettoyant Mat\u00e9riel - V\u00e9torino","isPartOf":{"@id":"https:\/\/www.vetorino.com\/boutique\/#website"},"primaryImageOfPage":{"@id":"https:\/\/www.vetorino.com\/veterinaire\/champs-sur-marne-77420\/boutique\/product\/bac-a-litiere-couvert-scoopfree-ultra-autonettoyant\/#primaryimage"},"image":{"@id":"https:\/\/www.vetorino.com\/veterinaire\/champs-sur-marne-77420\/boutique\/product\/bac-a-litiere-couvert-scoopfree-ultra-autonettoyant\/#primaryimage"},"thumbnailUrl":"https:\/\/www.vetorino.com\/boutique\/wp-content\/uploads\/2020\/06\/FilsBAC712FormatMediumTypeIM-4.png","datePublished":"2020-06-26T11:55:41+00:00","dateModified":"2022-07-29T08:24:12+00:00","description":"MATERIELChatsScoopFree&reg;, c&#039;est la bo&icirc;te &agrave; liti&egrave;re autonettoyante que vous pouvez abandonner pendant plusieurs semaines. Il","breadcrumb":{"@id":"https:\/\/www.vetorino.com\/veterinaire\/champs-sur-marne-77420\/boutique\/product\/bac-a-litiere-couvert-scoopfree-ultra-autonettoyant\/#breadcrumb"},"inLanguage":"fr-FR","potentialAction":[{"@type":"ReadAction","target":["https:\/\/www.vetorino.com\/veterinaire\/champs-sur-marne-77420\/boutique\/product\/bac-a-litiere-couvert-scoopfree-ultra-autonettoyant\/"]}]},{"@type":"ImageObject","inLanguage":"fr-FR","@id":"https:\/\/www.vetorino.com\/veterinaire\/champs-sur-marne-77420\/boutique\/product\/bac-a-litiere-couvert-scoopfree-ultra-autonettoyant\/#primaryimage","url":"https:\/\/www.vetorino.com\/boutique\/wp-content\/uploads\/2020\/06\/FilsBAC712FormatMediumTypeIM-4.png","contentUrl":"https:\/\/www.vetorino.com\/boutique\/wp-content\/uploads\/2020\/06\/FilsBAC712FormatMediumTypeIM-4.png","width":282,"height":400},{"@type":"BreadcrumbList","@id":"https:\/\/www.vetorino.com\/veterinaire\/champs-sur-marne-77420\/boutique\/product\/bac-a-litiere-couvert-scoopfree-ultra-autonettoyant\/#breadcrumb","itemListElement":[{"@type":"ListItem","position":1,"name":"Accueil","item":"https:\/\/www.vetorino.com\/boutique\/"},{"@type":"ListItem","position":2,"name":"Produits","item":"https:\/\/www.vetorino.com\/boutique\/"},{"@type":"ListItem","position":3,"name":"Bac \u00e0 liti\u00e8re couvert ScoopFree Ultra autonettoyant"}]},{"@type":"WebSite","@id":"https:\/\/www.vetorino.com\/boutique\/#website","url":"https:\/\/www.vetorino.com\/boutique\/","name":"V\u00e9torino","description":"","publisher":{"@id":"https:\/\/www.vetorino.com\/boutique\/#organization"},"potentialAction":[{"@type":"SearchAction","target":{"@type":"EntryPoint","urlTemplate":"https:\/\/www.vetorino.com\/boutique\/?s={search_term_string}"},"query-input":{"@type":"PropertyValueSpecification","valueRequired":true,"valueName":"search_term_string"}}],"inLanguage":"fr-FR"},{"@type":"Organization","@id":"https:\/\/www.vetorino.com\/boutique\/#organization","name":"V\u00e9torino","url":"https:\/\/www.vetorino.com\/boutique\/","logo":{"@type":"ImageObject","inLanguage":"fr-FR","@id":"https:\/\/www.vetorino.com\/boutique\/#\/schema\/logo\/image\/","url":"https:\/\/www.vetorino.com\/boutique\/wp-content\/uploads\/2024\/10\/logo.jpg","contentUrl":"https:\/\/www.vetorino.com\/boutique\/wp-content\/uploads\/2024\/10\/logo.jpg","width":1200,"height":610,"caption":"V\u00e9torino"},"image":{"@id":"https:\/\/www.vetorino.com\/boutique\/#\/schema\/logo\/image\/"},"sameAs":["https:\/\/www.facebook.com\/Vetorino\/","https:\/\/www.instagram.com\/vetorino_off\/","https:\/\/www.linkedin.com\/company\/vtorino\/"]}]},"product_brand":"Mat\u00e9riel","product_price_amount":"187.36","product_price_currency":"EUR","og_availability":"out of stock","product_availability":"out of stock","product_retailer_item_id":"C-BAC712","product_condition":"new"},"_links":{"self":[{"href":"https:\/\/www.vetorino.com\/veterinaire\/riedisheim-68400\/boutique\/wp-json\/wp\/v2\/product\/90422","targetHints":{"allow":["GET"]}}],"collection":[{"href":"https:\/\/www.vetorino.com\/veterinaire\/riedisheim-68400\/boutique\/wp-json\/wp\/v2\/product"}],"about":[{"href":"https:\/\/www.vetorino.com\/veterinaire\/riedisheim-68400\/boutique\/wp-json\/wp\/v2\/types\/product"}],"wp:featuredmedia":[{"embeddable":true,"href":"https:\/\/www.vetorino.com\/veterinaire\/riedisheim-68400\/boutique\/wp-json\/wp\/v2\/media\/90421"}],"wp:attachment":[{"href":"https:\/\/www.vetorino.com\/veterinaire\/riedisheim-68400\/boutique\/wp-json\/wp\/v2\/media?parent=90422"}],"wp:term":[{"taxonomy":"product_cat","embeddable":true,"href":"https:\/\/www.vetorino.com\/veterinaire\/riedisheim-68400\/boutique\/wp-json\/wp\/v2\/product_cat?post=90422"},{"taxonomy":"product_tag","embeddable":true,"href":"https:\/\/www.vetorino.com\/veterinaire\/riedisheim-68400\/boutique\/wp-json\/wp\/v2\/product_tag?post=90422"}],"curies":[{"name":"wp","href":"https:\/\/api.w.org\/{rel}","templated":true}]}}