{"id":92327,"date":"2020-06-26T15:08:27","date_gmt":"2020-06-26T13:08:27","guid":{"rendered":"https:\/\/www.vetorino.com\/boutique\/product\/feline-w-d-poulet-boite-emince\/"},"modified":"2026-01-30T05:58:43","modified_gmt":"2026-01-30T04:58:43","slug":"feline-w-d-poulet-boite-emince","status":"publish","type":"product","link":"https:\/\/www.vetorino.com\/veterinaire\/riedisheim-68400\/boutique\/product\/feline-w-d-poulet-boite-emince\/","title":{"rendered":"W\/D Multi Benefit Bo\u00eete \u00e9minc\u00e9 pour Chat Poulet"},"content":{"rendered":"<p><strong>Hill&#8217;s PRESCRIPTION DIET w\/d<\/strong> est un aliment di\u00e9t\u00e9tique pour chats destin\u00e9 \u00e0 r\u00e9guler l\u2019apport en glucose (diab\u00e8te sucr\u00e9) chez les chats adultes. Il s&#8217;agit d&#8217;un aliment pour chats pour le contr\u00f4le du poids formul\u00e9 de mani\u00e8re unique pour b\u00e9n\u00e9ficier \u00e0 votre chat affam\u00e9 \u00e0 plusieurs niveaux : sant\u00e9 urinaire, sant\u00e9 digestive, gestion de la glyc\u00e9mie et gestion du poids. Cet aliment humide pour chats est \u00e9labor\u00e9 avec du poulet et a un go\u00fbt d\u00e9licieux que votre chat va adorer.<\/p>\n<p>Il est important de continuer \u00e0 donner <strong>l\u2019aliment pour chat PRESCRIPTION DIET w\/d<\/strong> pour aider \u00e0 g\u00e9rer le diab\u00e8te de votre chat, m\u00eame apr\u00e8s l&#8217;am\u00e9lioration de ses sympt\u00f4mes. Consultez votre v\u00e9t\u00e9rinaire pour obtenir de plus amples renseignements sur la fa\u00e7on dont les aliments PRESCRIPTION DIET peuvent l&#8217;aider \u00e0 continuer de mener une vie heureuse et active.<\/p>\n<p>Nous fabriquons nos aliments avec des ingr\u00e9dients de la plus haute qualit\u00e9. Ces ingr\u00e9dients doivent r\u00e9pondre \u00e0 nos standards les plus stricts en mati\u00e8re de puret\u00e9 et de teneur en nutriments.<\/p>\n<p><strong>Les aliments pour chats Hill\u2019s PRESCRIPTION DIET sont disponibles en diff\u00e9rentes croquettes pour r\u00e9pondre aux besoins uniques de votre chat et en aliments humides de diverses et d\u00e9licieuses saveurs que votre chat va adorer.<\/strong><\/p>\n","protected":false},"excerpt":{"rendered":"<p>L&#8217;aliment en bo\u00eete pour chat <strong>Hill&#8217;s Prescription Diet w\/d au poulet est sp\u00e9cialement formul\u00e9 pour offrir de multiples b\u00e9n\u00e9fices : gestion de la glyc\u00e9mie, gestion du poids et sant\u00e9 digestive.<\/strong><\/p>\n","protected":false},"featured_media":490307,"template":"","meta":[],"product_cat":[12551,12581,2697],"product_tag":[],"class_list":{"0":"post-92327","1":"product","2":"type-product","3":"status-publish","4":"has-post-thumbnail","6":"product_cat-alimentation-du-chat","7":"product_cat-alimentation-medicalisee-pour-chat","8":"product_cat-chat","9":"pa_marque-hills-pet-nutrition","11":"first","12":"outofstock","13":"taxable","14":"shipping-taxable","15":"purchasable","16":"product-type-simple"},"yoast_head":"<!-- This site is optimized with the Yoast SEO plugin v27.3 - https:\/\/yoast.com\/product\/yoast-seo-wordpress\/ -->\n<title>Prescription Diet (Hill&#039;s) W\/D Multi Benefit Bo\u00eete \u00e9minc\u00e9 pour Chat Poulet Hill&#039;s - V\u00e9torino<\/title>\n<meta name=\"description\" content=\"L&#039;aliment en bo\u00eete pour chat Hill&#039;s Prescription Diet w\/d au poulet est sp\u00e9cialement formul\u00e9 pour offrir de multiples b\u00e9n\u00e9fices : gestion de la glyc\u00e9mie, gestion du poids et sant\u00e9 digestive.\" \/>\n<meta name=\"robots\" content=\"noindex, nofollow\" \/>\n<meta property=\"og:locale\" content=\"fr_FR\" \/>\n<meta property=\"og:type\" content=\"article\" \/>\n<meta property=\"og:title\" content=\"Prescription Diet (Hill&#039;s) W\/D Multi Benefit Bo\u00eete \u00e9minc\u00e9 pour Chat Poulet Hill&#039;s - V\u00e9torino\" \/>\n<meta property=\"og:description\" content=\"L&#039;aliment en bo\u00eete pour chat Hill&#039;s Prescription Diet w\/d au poulet est sp\u00e9cialement formul\u00e9 pour offrir de multiples b\u00e9n\u00e9fices : gestion de la glyc\u00e9mie, gestion du poids et sant\u00e9 digestive.\" \/>\n<meta property=\"og:url\" content=\"https:\/\/www.vetorino.com\/veterinaire\/riedisheim-68400\/boutique\/product\/feline-w-d-poulet-boite-emince\/\" \/>\n<meta property=\"og:site_name\" content=\"V\u00e9torino\" \/>\n<meta property=\"article:publisher\" content=\"https:\/\/www.facebook.com\/Vetorino\/\" \/>\n<meta property=\"article:modified_time\" content=\"2026-01-30T04:58:43+00:00\" \/>\n<meta property=\"og:image\" content=\"https:\/\/www.vetorino.com\/boutique\/wp-content\/uploads\/2020\/03\/52742945507_1-prescription-diet-chat-w-d-boite-poulet-1.jpg\" \/>\n\t<meta property=\"og:image:width\" content=\"2000\" \/>\n\t<meta property=\"og:image:height\" content=\"2000\" \/>\n\t<meta property=\"og:image:type\" content=\"image\/jpeg\" \/>\n<meta name=\"twitter:card\" content=\"summary_large_image\" \/>\n<meta name=\"twitter:label1\" content=\"Prix\" \/>\n\t<meta name=\"twitter:data1\" content=\"79,40&euro;\" \/>\n\t<meta name=\"twitter:label2\" content=\"Disponibilit\u00e9\" \/>\n\t<meta name=\"twitter:data2\" content=\"Rupture de stock\" \/>\n<script type=\"application\/ld+json\" class=\"yoast-schema-graph\">{\"@context\":\"https:\\\/\\\/schema.org\",\"@graph\":[{\"@type\":\"WebPage\",\"@id\":\"https:\\\/\\\/www.vetorino.com\\\/veterinaire\\\/briancon-05100\\\/boutique\\\/product\\\/feline-w-d-poulet-boite-emince\\\/\",\"url\":\"https:\\\/\\\/www.vetorino.com\\\/veterinaire\\\/briancon-05100\\\/boutique\\\/product\\\/feline-w-d-poulet-boite-emince\\\/\",\"name\":\"Prescription Diet (Hill's) W\\\/D Multi Benefit Bo\u00eete \u00e9minc\u00e9 pour Chat Poulet Hill's - V\u00e9torino\",\"isPartOf\":{\"@id\":\"https:\\\/\\\/www.vetorino.com\\\/boutique\\\/#website\"},\"primaryImageOfPage\":{\"@id\":\"https:\\\/\\\/www.vetorino.com\\\/veterinaire\\\/briancon-05100\\\/boutique\\\/product\\\/feline-w-d-poulet-boite-emince\\\/#primaryimage\"},\"image\":{\"@id\":\"https:\\\/\\\/www.vetorino.com\\\/veterinaire\\\/briancon-05100\\\/boutique\\\/product\\\/feline-w-d-poulet-boite-emince\\\/#primaryimage\"},\"thumbnailUrl\":\"https:\\\/\\\/www.vetorino.com\\\/boutique\\\/wp-content\\\/uploads\\\/2020\\\/03\\\/52742945507_1-prescription-diet-chat-w-d-boite-poulet-1.jpg\",\"datePublished\":\"2020-06-26T13:08:27+00:00\",\"dateModified\":\"2026-01-30T04:58:43+00:00\",\"description\":\"L'aliment en bo\u00eete pour chat Hill's Prescription Diet w\\\/d au poulet est sp\u00e9cialement formul\u00e9 pour offrir de multiples b\u00e9n\u00e9fices : gestion de la glyc\u00e9mie, gestion du poids et sant\u00e9 digestive.\",\"breadcrumb\":{\"@id\":\"https:\\\/\\\/www.vetorino.com\\\/veterinaire\\\/briancon-05100\\\/boutique\\\/product\\\/feline-w-d-poulet-boite-emince\\\/#breadcrumb\"},\"inLanguage\":\"fr-FR\",\"potentialAction\":[{\"@type\":\"ReadAction\",\"target\":[\"https:\\\/\\\/www.vetorino.com\\\/veterinaire\\\/briancon-05100\\\/boutique\\\/product\\\/feline-w-d-poulet-boite-emince\\\/\"]}]},{\"@type\":\"ImageObject\",\"inLanguage\":\"fr-FR\",\"@id\":\"https:\\\/\\\/www.vetorino.com\\\/veterinaire\\\/briancon-05100\\\/boutique\\\/product\\\/feline-w-d-poulet-boite-emince\\\/#primaryimage\",\"url\":\"https:\\\/\\\/www.vetorino.com\\\/boutique\\\/wp-content\\\/uploads\\\/2020\\\/03\\\/52742945507_1-prescription-diet-chat-w-d-boite-poulet-1.jpg\",\"contentUrl\":\"https:\\\/\\\/www.vetorino.com\\\/boutique\\\/wp-content\\\/uploads\\\/2020\\\/03\\\/52742945507_1-prescription-diet-chat-w-d-boite-poulet-1.jpg\",\"width\":2000,\"height\":2000},{\"@type\":\"BreadcrumbList\",\"@id\":\"https:\\\/\\\/www.vetorino.com\\\/veterinaire\\\/briancon-05100\\\/boutique\\\/product\\\/feline-w-d-poulet-boite-emince\\\/#breadcrumb\",\"itemListElement\":[{\"@type\":\"ListItem\",\"position\":1,\"name\":\"Accueil\",\"item\":\"https:\\\/\\\/www.vetorino.com\\\/boutique\\\/\"},{\"@type\":\"ListItem\",\"position\":2,\"name\":\"Produits\",\"item\":\"https:\\\/\\\/www.vetorino.com\\\/boutique\\\/\"},{\"@type\":\"ListItem\",\"position\":3,\"name\":\"W\\\/D Multi Benefit Bo\u00eete \u00e9minc\u00e9 pour Chat Poulet\"}]},{\"@type\":\"WebSite\",\"@id\":\"https:\\\/\\\/www.vetorino.com\\\/boutique\\\/#website\",\"url\":\"https:\\\/\\\/www.vetorino.com\\\/boutique\\\/\",\"name\":\"V\u00e9torino\",\"description\":\"\",\"publisher\":{\"@id\":\"https:\\\/\\\/www.vetorino.com\\\/boutique\\\/#organization\"},\"potentialAction\":[{\"@type\":\"SearchAction\",\"target\":{\"@type\":\"EntryPoint\",\"urlTemplate\":\"https:\\\/\\\/www.vetorino.com\\\/boutique\\\/?s={search_term_string}\"},\"query-input\":{\"@type\":\"PropertyValueSpecification\",\"valueRequired\":true,\"valueName\":\"search_term_string\"}}],\"inLanguage\":\"fr-FR\"},{\"@type\":\"Organization\",\"@id\":\"https:\\\/\\\/www.vetorino.com\\\/boutique\\\/#organization\",\"name\":\"V\u00e9torino\",\"url\":\"https:\\\/\\\/www.vetorino.com\\\/boutique\\\/\",\"logo\":{\"@type\":\"ImageObject\",\"inLanguage\":\"fr-FR\",\"@id\":\"https:\\\/\\\/www.vetorino.com\\\/boutique\\\/#\\\/schema\\\/logo\\\/image\\\/\",\"url\":\"https:\\\/\\\/www.vetorino.com\\\/boutique\\\/wp-content\\\/uploads\\\/2024\\\/10\\\/logo.jpg\",\"contentUrl\":\"https:\\\/\\\/www.vetorino.com\\\/boutique\\\/wp-content\\\/uploads\\\/2024\\\/10\\\/logo.jpg\",\"width\":1200,\"height\":610,\"caption\":\"V\u00e9torino\"},\"image\":{\"@id\":\"https:\\\/\\\/www.vetorino.com\\\/boutique\\\/#\\\/schema\\\/logo\\\/image\\\/\"},\"sameAs\":[\"https:\\\/\\\/www.facebook.com\\\/Vetorino\\\/\",\"https:\\\/\\\/www.instagram.com\\\/vetorino_off\\\/\",\"https:\\\/\\\/www.linkedin.com\\\/company\\\/vtorino\\\/\"]}]}<\/script>\n<meta property=\"product:brand\" content=\"Hill&#039;s\" \/>\n<meta property=\"product:price:amount\" content=\"79.40\" \/>\n<meta property=\"product:price:currency\" content=\"EUR\" \/>\n<meta property=\"og:availability\" content=\"out of stock\" \/>\n<meta property=\"product:availability\" content=\"out of stock\" \/>\n<meta property=\"product:retailer_item_id\" content=\"C-CHA040\" \/>\n<meta property=\"product:condition\" content=\"new\" \/>\n<!-- \/ Yoast SEO plugin. -->","yoast_head_json":{"title":"Prescription Diet (Hill's) W\/D Multi Benefit Bo\u00eete \u00e9minc\u00e9 pour Chat Poulet Hill's - V\u00e9torino","description":"L'aliment en bo\u00eete pour chat Hill's Prescription Diet w\/d au poulet est sp\u00e9cialement formul\u00e9 pour offrir de multiples b\u00e9n\u00e9fices : gestion de la glyc\u00e9mie, gestion du poids et sant\u00e9 digestive.","robots":{"index":"noindex","follow":"nofollow"},"og_locale":"fr_FR","og_type":"article","og_title":"Prescription Diet (Hill's) W\/D Multi Benefit Bo\u00eete \u00e9minc\u00e9 pour Chat Poulet Hill's - V\u00e9torino","og_description":"L'aliment en bo\u00eete pour chat Hill's Prescription Diet w\/d au poulet est sp\u00e9cialement formul\u00e9 pour offrir de multiples b\u00e9n\u00e9fices : gestion de la glyc\u00e9mie, gestion du poids et sant\u00e9 digestive.","og_url":"https:\/\/www.vetorino.com\/veterinaire\/riedisheim-68400\/boutique\/product\/feline-w-d-poulet-boite-emince\/","og_site_name":"V\u00e9torino","article_publisher":"https:\/\/www.facebook.com\/Vetorino\/","article_modified_time":"2026-01-30T04:58:43+00:00","og_image":[{"width":2000,"height":2000,"url":"https:\/\/www.vetorino.com\/boutique\/wp-content\/uploads\/2020\/03\/52742945507_1-prescription-diet-chat-w-d-boite-poulet-1.jpg","type":"image\/jpeg"}],"twitter_card":"summary_large_image","twitter_misc":{"Prix":"79,40&euro;","Disponibilit\u00e9":"Rupture de stock"},"schema":{"@context":"https:\/\/schema.org","@graph":[{"@type":"WebPage","@id":"https:\/\/www.vetorino.com\/veterinaire\/briancon-05100\/boutique\/product\/feline-w-d-poulet-boite-emince\/","url":"https:\/\/www.vetorino.com\/veterinaire\/briancon-05100\/boutique\/product\/feline-w-d-poulet-boite-emince\/","name":"Prescription Diet (Hill's) W\/D Multi Benefit Bo\u00eete \u00e9minc\u00e9 pour Chat Poulet Hill's - V\u00e9torino","isPartOf":{"@id":"https:\/\/www.vetorino.com\/boutique\/#website"},"primaryImageOfPage":{"@id":"https:\/\/www.vetorino.com\/veterinaire\/briancon-05100\/boutique\/product\/feline-w-d-poulet-boite-emince\/#primaryimage"},"image":{"@id":"https:\/\/www.vetorino.com\/veterinaire\/briancon-05100\/boutique\/product\/feline-w-d-poulet-boite-emince\/#primaryimage"},"thumbnailUrl":"https:\/\/www.vetorino.com\/boutique\/wp-content\/uploads\/2020\/03\/52742945507_1-prescription-diet-chat-w-d-boite-poulet-1.jpg","datePublished":"2020-06-26T13:08:27+00:00","dateModified":"2026-01-30T04:58:43+00:00","description":"L'aliment en bo\u00eete pour chat Hill's Prescription Diet w\/d au poulet est sp\u00e9cialement formul\u00e9 pour offrir de multiples b\u00e9n\u00e9fices : gestion de la glyc\u00e9mie, gestion du poids et sant\u00e9 digestive.","breadcrumb":{"@id":"https:\/\/www.vetorino.com\/veterinaire\/briancon-05100\/boutique\/product\/feline-w-d-poulet-boite-emince\/#breadcrumb"},"inLanguage":"fr-FR","potentialAction":[{"@type":"ReadAction","target":["https:\/\/www.vetorino.com\/veterinaire\/briancon-05100\/boutique\/product\/feline-w-d-poulet-boite-emince\/"]}]},{"@type":"ImageObject","inLanguage":"fr-FR","@id":"https:\/\/www.vetorino.com\/veterinaire\/briancon-05100\/boutique\/product\/feline-w-d-poulet-boite-emince\/#primaryimage","url":"https:\/\/www.vetorino.com\/boutique\/wp-content\/uploads\/2020\/03\/52742945507_1-prescription-diet-chat-w-d-boite-poulet-1.jpg","contentUrl":"https:\/\/www.vetorino.com\/boutique\/wp-content\/uploads\/2020\/03\/52742945507_1-prescription-diet-chat-w-d-boite-poulet-1.jpg","width":2000,"height":2000},{"@type":"BreadcrumbList","@id":"https:\/\/www.vetorino.com\/veterinaire\/briancon-05100\/boutique\/product\/feline-w-d-poulet-boite-emince\/#breadcrumb","itemListElement":[{"@type":"ListItem","position":1,"name":"Accueil","item":"https:\/\/www.vetorino.com\/boutique\/"},{"@type":"ListItem","position":2,"name":"Produits","item":"https:\/\/www.vetorino.com\/boutique\/"},{"@type":"ListItem","position":3,"name":"W\/D Multi Benefit Bo\u00eete \u00e9minc\u00e9 pour Chat Poulet"}]},{"@type":"WebSite","@id":"https:\/\/www.vetorino.com\/boutique\/#website","url":"https:\/\/www.vetorino.com\/boutique\/","name":"V\u00e9torino","description":"","publisher":{"@id":"https:\/\/www.vetorino.com\/boutique\/#organization"},"potentialAction":[{"@type":"SearchAction","target":{"@type":"EntryPoint","urlTemplate":"https:\/\/www.vetorino.com\/boutique\/?s={search_term_string}"},"query-input":{"@type":"PropertyValueSpecification","valueRequired":true,"valueName":"search_term_string"}}],"inLanguage":"fr-FR"},{"@type":"Organization","@id":"https:\/\/www.vetorino.com\/boutique\/#organization","name":"V\u00e9torino","url":"https:\/\/www.vetorino.com\/boutique\/","logo":{"@type":"ImageObject","inLanguage":"fr-FR","@id":"https:\/\/www.vetorino.com\/boutique\/#\/schema\/logo\/image\/","url":"https:\/\/www.vetorino.com\/boutique\/wp-content\/uploads\/2024\/10\/logo.jpg","contentUrl":"https:\/\/www.vetorino.com\/boutique\/wp-content\/uploads\/2024\/10\/logo.jpg","width":1200,"height":610,"caption":"V\u00e9torino"},"image":{"@id":"https:\/\/www.vetorino.com\/boutique\/#\/schema\/logo\/image\/"},"sameAs":["https:\/\/www.facebook.com\/Vetorino\/","https:\/\/www.instagram.com\/vetorino_off\/","https:\/\/www.linkedin.com\/company\/vtorino\/"]}]},"product_brand":"Hill's","product_price_amount":"79.40","product_price_currency":"EUR","og_availability":"out of stock","product_availability":"out of stock","product_retailer_item_id":"C-CHA040","product_condition":"new"},"_links":{"self":[{"href":"https:\/\/www.vetorino.com\/veterinaire\/riedisheim-68400\/boutique\/wp-json\/wp\/v2\/product\/92327","targetHints":{"allow":["GET"]}}],"collection":[{"href":"https:\/\/www.vetorino.com\/veterinaire\/riedisheim-68400\/boutique\/wp-json\/wp\/v2\/product"}],"about":[{"href":"https:\/\/www.vetorino.com\/veterinaire\/riedisheim-68400\/boutique\/wp-json\/wp\/v2\/types\/product"}],"wp:featuredmedia":[{"embeddable":true,"href":"https:\/\/www.vetorino.com\/veterinaire\/riedisheim-68400\/boutique\/wp-json\/wp\/v2\/media\/490307"}],"wp:attachment":[{"href":"https:\/\/www.vetorino.com\/veterinaire\/riedisheim-68400\/boutique\/wp-json\/wp\/v2\/media?parent=92327"}],"wp:term":[{"taxonomy":"product_cat","embeddable":true,"href":"https:\/\/www.vetorino.com\/veterinaire\/riedisheim-68400\/boutique\/wp-json\/wp\/v2\/product_cat?post=92327"},{"taxonomy":"product_tag","embeddable":true,"href":"https:\/\/www.vetorino.com\/veterinaire\/riedisheim-68400\/boutique\/wp-json\/wp\/v2\/product_tag?post=92327"}],"curies":[{"name":"wp","href":"https:\/\/api.w.org\/{rel}","templated":true}]}}