{"id":95000,"date":"2020-06-29T16:58:13","date_gmt":"2020-06-29T14:58:13","guid":{"rendered":"https:\/\/www.vetorino.com\/boutique\/product\/profesionnal-animal-odor-eliminator-destructeur-dodeurs\/"},"modified":"2026-03-05T02:42:11","modified_gmt":"2026-03-05T01:42:11","slug":"profesionnal-animal-odor-eliminator-destructeur-dodeurs","status":"publish","type":"product","link":"https:\/\/www.vetorino.com\/veterinaire\/riedisheim-68400\/boutique\/product\/profesionnal-animal-odor-eliminator-destructeur-dodeurs\/","title":{"rendered":"Professionnal Animal Odor Eliminator"},"content":{"rendered":"<div class=\"hidden\">\n<p><strong>Produit professionnel<\/strong> multi-usage con\u00e7u pour<strong> \u00e9liminer durablement toute odeur<\/strong>\u00a0<strong>d\u2019origine animale<\/strong> dans les cliniques v\u00e9t\u00e9rinaires, les chenils, les refuges, \u00e0 la maison etc.<\/p>\n<p>\u00c9limine efficacement les odeurs d\u2019origine animale : urine, f\u00e8ces, vomissement, tissus n\u00e9cros\u00e9s, glandes anales.<\/p>\n<p><strong>Utilisation :<\/strong><\/p>\n<p>Spray pr\u00eat \u00e0 l&#8217;emploi.<\/p>\n<p>Applicable directement sur toute source d&#8217;odeur (cage, mat\u00e9riel, tapis, murs, sols etc.).<\/p>\n<p>Peut aussi \u00eatre utilis\u00e9 comme d\u00e9sodorisant de l&#8217;air ambiant.<\/p>\n<p>&nbsp;<\/p>\n<\/div>\n","protected":false},"excerpt":{"rendered":"<p><strong>Produit professionnel<\/strong> multi-usage con\u00e7u pour<strong> \u00e9liminer durablement toute odeur<\/strong>\u00a0<strong>d\u2019origine animale<\/strong> dans les cliniques v\u00e9t\u00e9rinaires, les chenils, les refuges, \u00e0 la maison etc.<\/p>\n<p>\u00c9limine efficacement les odeurs d\u2019origine animale : urine, f\u00e8ces, vomissement, tissus n\u00e9cros\u00e9s, glandes anales.<\/p>\n","protected":false},"featured_media":1675326,"template":"","meta":[],"product_cat":[2697,2822,2809,2816,12648,12649],"product_tag":[],"class_list":{"0":"post-95000","1":"product","2":"type-product","3":"status-publish","4":"has-post-thumbnail","6":"product_cat-chat","7":"product_cat-habitat-de-loiseau","8":"product_cat-habitat-du-furet","9":"product_cat-habitat-du-lapin-et-du-rongeur","10":"product_cat-traitement-de-lhabitat-du-chat","11":"product_cat-traitement-de-lhabitat-du-chien","12":"pa_marque-vetexpert","14":"first","15":"instock","16":"taxable","17":"shipping-taxable","18":"purchasable","19":"product-type-simple"},"yoast_head":"<!-- This site is optimized with the Yoast SEO plugin v27.3 - https:\/\/yoast.com\/product\/yoast-seo-wordpress\/ -->\n<title>Professionnal Animal Odor Eliminator Vetexpert - V\u00e9torino<\/title>\n<meta name=\"description\" content=\"Produit professionnel multi-usage con\u00e7u pour \u00e9liminer durablement toute odeur\u00a0d\u2019origine animale dans les cliniques v\u00e9t\u00e9rinaires, les chenils, les refuges, \u00e0 la maison etc.  \u00c9limine efficacement les odeurs d\u2019origine animale : urine, f\u00e8ces, vomissement, tissus n\u00e9cros\u00e9s, glandes anales.\" \/>\n<meta name=\"robots\" content=\"noindex, nofollow\" \/>\n<meta property=\"og:locale\" content=\"fr_FR\" \/>\n<meta property=\"og:type\" content=\"article\" \/>\n<meta property=\"og:title\" content=\"Professionnal Animal Odor Eliminator Vetexpert - V\u00e9torino\" \/>\n<meta property=\"og:description\" content=\"Produit professionnel multi-usage con\u00e7u pour \u00e9liminer durablement toute odeur\u00a0d\u2019origine animale dans les cliniques v\u00e9t\u00e9rinaires, les chenils, les refuges, \u00e0 la maison etc.  \u00c9limine efficacement les odeurs d\u2019origine animale : urine, f\u00e8ces, vomissement, tissus n\u00e9cros\u00e9s, glandes anales.\" \/>\n<meta property=\"og:url\" content=\"https:\/\/www.vetorino.com\/veterinaire\/riedisheim-68400\/boutique\/product\/profesionnal-animal-odor-eliminator-destructeur-dodeurs\/\" \/>\n<meta property=\"og:site_name\" content=\"V\u00e9torino\" \/>\n<meta property=\"article:publisher\" content=\"https:\/\/www.facebook.com\/Vetorino\/\" \/>\n<meta property=\"article:modified_time\" content=\"2026-03-05T01:42:11+00:00\" \/>\n<meta property=\"og:image\" content=\"https:\/\/www.vetorino.com\/boutique\/wp-content\/uploads\/2026\/01\/1830610.png\" \/>\n\t<meta property=\"og:image:width\" content=\"600\" \/>\n\t<meta property=\"og:image:height\" content=\"450\" \/>\n\t<meta property=\"og:image:type\" content=\"image\/png\" \/>\n<meta name=\"twitter:card\" content=\"summary_large_image\" \/>\n<meta name=\"twitter:label1\" content=\"Prix\" \/>\n\t<meta name=\"twitter:data1\" content=\"57,34&euro;\" \/>\n\t<meta name=\"twitter:label2\" content=\"Disponibilit\u00e9\" \/>\n\t<meta name=\"twitter:data2\" content=\"En stock\" \/>\n<script type=\"application\/ld+json\" class=\"yoast-schema-graph\">{\"@context\":\"https:\\\/\\\/schema.org\",\"@graph\":[{\"@type\":\"WebPage\",\"@id\":\"https:\\\/\\\/www.vetorino.com\\\/boutique\\\/product\\\/profesionnal-animal-odor-eliminator-destructeur-dodeurs\\\/\",\"url\":\"https:\\\/\\\/www.vetorino.com\\\/boutique\\\/product\\\/profesionnal-animal-odor-eliminator-destructeur-dodeurs\\\/\",\"name\":\"Professionnal Animal Odor Eliminator Vetexpert - V\u00e9torino\",\"isPartOf\":{\"@id\":\"https:\\\/\\\/www.vetorino.com\\\/boutique\\\/#website\"},\"primaryImageOfPage\":{\"@id\":\"https:\\\/\\\/www.vetorino.com\\\/boutique\\\/product\\\/profesionnal-animal-odor-eliminator-destructeur-dodeurs\\\/#primaryimage\"},\"image\":{\"@id\":\"https:\\\/\\\/www.vetorino.com\\\/boutique\\\/product\\\/profesionnal-animal-odor-eliminator-destructeur-dodeurs\\\/#primaryimage\"},\"thumbnailUrl\":\"https:\\\/\\\/www.vetorino.com\\\/boutique\\\/wp-content\\\/uploads\\\/2026\\\/01\\\/1830610.png\",\"datePublished\":\"2020-06-29T14:58:13+00:00\",\"dateModified\":\"2026-03-05T01:42:11+00:00\",\"description\":\"Produit professionnel multi-usage con\u00e7u pour \u00e9liminer durablement toute odeur\u00a0d\u2019origine animale dans les cliniques v\u00e9t\u00e9rinaires, les chenils, les refuges, \u00e0 la maison etc. \u00c9limine efficacement les odeurs d\u2019origine animale : urine, f\u00e8ces, vomissement, tissus n\u00e9cros\u00e9s, glandes anales.\",\"breadcrumb\":{\"@id\":\"https:\\\/\\\/www.vetorino.com\\\/boutique\\\/product\\\/profesionnal-animal-odor-eliminator-destructeur-dodeurs\\\/#breadcrumb\"},\"inLanguage\":\"fr-FR\",\"potentialAction\":[{\"@type\":\"ReadAction\",\"target\":[\"https:\\\/\\\/www.vetorino.com\\\/boutique\\\/product\\\/profesionnal-animal-odor-eliminator-destructeur-dodeurs\\\/\"]}]},{\"@type\":\"ImageObject\",\"inLanguage\":\"fr-FR\",\"@id\":\"https:\\\/\\\/www.vetorino.com\\\/boutique\\\/product\\\/profesionnal-animal-odor-eliminator-destructeur-dodeurs\\\/#primaryimage\",\"url\":\"https:\\\/\\\/www.vetorino.com\\\/boutique\\\/wp-content\\\/uploads\\\/2026\\\/01\\\/1830610.png\",\"contentUrl\":\"https:\\\/\\\/www.vetorino.com\\\/boutique\\\/wp-content\\\/uploads\\\/2026\\\/01\\\/1830610.png\",\"width\":600,\"height\":450},{\"@type\":\"BreadcrumbList\",\"@id\":\"https:\\\/\\\/www.vetorino.com\\\/boutique\\\/product\\\/profesionnal-animal-odor-eliminator-destructeur-dodeurs\\\/#breadcrumb\",\"itemListElement\":[{\"@type\":\"ListItem\",\"position\":1,\"name\":\"Accueil\",\"item\":\"https:\\\/\\\/www.vetorino.com\\\/boutique\\\/\"},{\"@type\":\"ListItem\",\"position\":2,\"name\":\"Produits\",\"item\":\"https:\\\/\\\/www.vetorino.com\\\/boutique\\\/\"},{\"@type\":\"ListItem\",\"position\":3,\"name\":\"Professionnal Animal Odor Eliminator\"}]},{\"@type\":\"WebSite\",\"@id\":\"https:\\\/\\\/www.vetorino.com\\\/boutique\\\/#website\",\"url\":\"https:\\\/\\\/www.vetorino.com\\\/boutique\\\/\",\"name\":\"V\u00e9torino\",\"description\":\"\",\"publisher\":{\"@id\":\"https:\\\/\\\/www.vetorino.com\\\/boutique\\\/#organization\"},\"potentialAction\":[{\"@type\":\"SearchAction\",\"target\":{\"@type\":\"EntryPoint\",\"urlTemplate\":\"https:\\\/\\\/www.vetorino.com\\\/boutique\\\/?s={search_term_string}\"},\"query-input\":{\"@type\":\"PropertyValueSpecification\",\"valueRequired\":true,\"valueName\":\"search_term_string\"}}],\"inLanguage\":\"fr-FR\"},{\"@type\":\"Organization\",\"@id\":\"https:\\\/\\\/www.vetorino.com\\\/boutique\\\/#organization\",\"name\":\"V\u00e9torino\",\"url\":\"https:\\\/\\\/www.vetorino.com\\\/boutique\\\/\",\"logo\":{\"@type\":\"ImageObject\",\"inLanguage\":\"fr-FR\",\"@id\":\"https:\\\/\\\/www.vetorino.com\\\/boutique\\\/#\\\/schema\\\/logo\\\/image\\\/\",\"url\":\"https:\\\/\\\/www.vetorino.com\\\/boutique\\\/wp-content\\\/uploads\\\/2024\\\/10\\\/logo.jpg\",\"contentUrl\":\"https:\\\/\\\/www.vetorino.com\\\/boutique\\\/wp-content\\\/uploads\\\/2024\\\/10\\\/logo.jpg\",\"width\":1200,\"height\":610,\"caption\":\"V\u00e9torino\"},\"image\":{\"@id\":\"https:\\\/\\\/www.vetorino.com\\\/boutique\\\/#\\\/schema\\\/logo\\\/image\\\/\"},\"sameAs\":[\"https:\\\/\\\/www.facebook.com\\\/Vetorino\\\/\",\"https:\\\/\\\/www.instagram.com\\\/vetorino_off\\\/\",\"https:\\\/\\\/www.linkedin.com\\\/company\\\/vtorino\\\/\"]}]}<\/script>\n<meta property=\"product:brand\" content=\"Vetexpert\" \/>\n<meta property=\"product:price:amount\" content=\"57.34\" \/>\n<meta property=\"product:price:currency\" content=\"EUR\" \/>\n<meta property=\"og:availability\" content=\"instock\" \/>\n<meta property=\"product:availability\" content=\"instock\" \/>\n<meta property=\"product:retailer_item_id\" content=\"C-DES407\" \/>\n<meta property=\"product:condition\" content=\"new\" \/>\n<!-- \/ Yoast SEO plugin. -->","yoast_head_json":{"title":"Professionnal Animal Odor Eliminator Vetexpert - V\u00e9torino","description":"Produit professionnel multi-usage con\u00e7u pour \u00e9liminer durablement toute odeur\u00a0d\u2019origine animale dans les cliniques v\u00e9t\u00e9rinaires, les chenils, les refuges, \u00e0 la maison etc.  \u00c9limine efficacement les odeurs d\u2019origine animale : urine, f\u00e8ces, vomissement, tissus n\u00e9cros\u00e9s, glandes anales.","robots":{"index":"noindex","follow":"nofollow"},"og_locale":"fr_FR","og_type":"article","og_title":"Professionnal Animal Odor Eliminator Vetexpert - V\u00e9torino","og_description":"Produit professionnel multi-usage con\u00e7u pour \u00e9liminer durablement toute odeur\u00a0d\u2019origine animale dans les cliniques v\u00e9t\u00e9rinaires, les chenils, les refuges, \u00e0 la maison etc.  \u00c9limine efficacement les odeurs d\u2019origine animale : urine, f\u00e8ces, vomissement, tissus n\u00e9cros\u00e9s, glandes anales.","og_url":"https:\/\/www.vetorino.com\/veterinaire\/riedisheim-68400\/boutique\/product\/profesionnal-animal-odor-eliminator-destructeur-dodeurs\/","og_site_name":"V\u00e9torino","article_publisher":"https:\/\/www.facebook.com\/Vetorino\/","article_modified_time":"2026-03-05T01:42:11+00:00","og_image":[{"width":600,"height":450,"url":"https:\/\/www.vetorino.com\/boutique\/wp-content\/uploads\/2026\/01\/1830610.png","type":"image\/png"}],"twitter_card":"summary_large_image","twitter_misc":{"Prix":"57,34&euro;","Disponibilit\u00e9":"En stock"},"schema":{"@context":"https:\/\/schema.org","@graph":[{"@type":"WebPage","@id":"https:\/\/www.vetorino.com\/boutique\/product\/profesionnal-animal-odor-eliminator-destructeur-dodeurs\/","url":"https:\/\/www.vetorino.com\/boutique\/product\/profesionnal-animal-odor-eliminator-destructeur-dodeurs\/","name":"Professionnal Animal Odor Eliminator Vetexpert - V\u00e9torino","isPartOf":{"@id":"https:\/\/www.vetorino.com\/boutique\/#website"},"primaryImageOfPage":{"@id":"https:\/\/www.vetorino.com\/boutique\/product\/profesionnal-animal-odor-eliminator-destructeur-dodeurs\/#primaryimage"},"image":{"@id":"https:\/\/www.vetorino.com\/boutique\/product\/profesionnal-animal-odor-eliminator-destructeur-dodeurs\/#primaryimage"},"thumbnailUrl":"https:\/\/www.vetorino.com\/boutique\/wp-content\/uploads\/2026\/01\/1830610.png","datePublished":"2020-06-29T14:58:13+00:00","dateModified":"2026-03-05T01:42:11+00:00","description":"Produit professionnel multi-usage con\u00e7u pour \u00e9liminer durablement toute odeur\u00a0d\u2019origine animale dans les cliniques v\u00e9t\u00e9rinaires, les chenils, les refuges, \u00e0 la maison etc. \u00c9limine efficacement les odeurs d\u2019origine animale : urine, f\u00e8ces, vomissement, tissus n\u00e9cros\u00e9s, glandes anales.","breadcrumb":{"@id":"https:\/\/www.vetorino.com\/boutique\/product\/profesionnal-animal-odor-eliminator-destructeur-dodeurs\/#breadcrumb"},"inLanguage":"fr-FR","potentialAction":[{"@type":"ReadAction","target":["https:\/\/www.vetorino.com\/boutique\/product\/profesionnal-animal-odor-eliminator-destructeur-dodeurs\/"]}]},{"@type":"ImageObject","inLanguage":"fr-FR","@id":"https:\/\/www.vetorino.com\/boutique\/product\/profesionnal-animal-odor-eliminator-destructeur-dodeurs\/#primaryimage","url":"https:\/\/www.vetorino.com\/boutique\/wp-content\/uploads\/2026\/01\/1830610.png","contentUrl":"https:\/\/www.vetorino.com\/boutique\/wp-content\/uploads\/2026\/01\/1830610.png","width":600,"height":450},{"@type":"BreadcrumbList","@id":"https:\/\/www.vetorino.com\/boutique\/product\/profesionnal-animal-odor-eliminator-destructeur-dodeurs\/#breadcrumb","itemListElement":[{"@type":"ListItem","position":1,"name":"Accueil","item":"https:\/\/www.vetorino.com\/boutique\/"},{"@type":"ListItem","position":2,"name":"Produits","item":"https:\/\/www.vetorino.com\/boutique\/"},{"@type":"ListItem","position":3,"name":"Professionnal Animal Odor Eliminator"}]},{"@type":"WebSite","@id":"https:\/\/www.vetorino.com\/boutique\/#website","url":"https:\/\/www.vetorino.com\/boutique\/","name":"V\u00e9torino","description":"","publisher":{"@id":"https:\/\/www.vetorino.com\/boutique\/#organization"},"potentialAction":[{"@type":"SearchAction","target":{"@type":"EntryPoint","urlTemplate":"https:\/\/www.vetorino.com\/boutique\/?s={search_term_string}"},"query-input":{"@type":"PropertyValueSpecification","valueRequired":true,"valueName":"search_term_string"}}],"inLanguage":"fr-FR"},{"@type":"Organization","@id":"https:\/\/www.vetorino.com\/boutique\/#organization","name":"V\u00e9torino","url":"https:\/\/www.vetorino.com\/boutique\/","logo":{"@type":"ImageObject","inLanguage":"fr-FR","@id":"https:\/\/www.vetorino.com\/boutique\/#\/schema\/logo\/image\/","url":"https:\/\/www.vetorino.com\/boutique\/wp-content\/uploads\/2024\/10\/logo.jpg","contentUrl":"https:\/\/www.vetorino.com\/boutique\/wp-content\/uploads\/2024\/10\/logo.jpg","width":1200,"height":610,"caption":"V\u00e9torino"},"image":{"@id":"https:\/\/www.vetorino.com\/boutique\/#\/schema\/logo\/image\/"},"sameAs":["https:\/\/www.facebook.com\/Vetorino\/","https:\/\/www.instagram.com\/vetorino_off\/","https:\/\/www.linkedin.com\/company\/vtorino\/"]}]},"product_brand":"Vetexpert","product_price_amount":"57.34","product_price_currency":"EUR","og_availability":"instock","product_availability":"instock","product_retailer_item_id":"C-DES407","product_condition":"new"},"_links":{"self":[{"href":"https:\/\/www.vetorino.com\/veterinaire\/riedisheim-68400\/boutique\/wp-json\/wp\/v2\/product\/95000","targetHints":{"allow":["GET"]}}],"collection":[{"href":"https:\/\/www.vetorino.com\/veterinaire\/riedisheim-68400\/boutique\/wp-json\/wp\/v2\/product"}],"about":[{"href":"https:\/\/www.vetorino.com\/veterinaire\/riedisheim-68400\/boutique\/wp-json\/wp\/v2\/types\/product"}],"wp:featuredmedia":[{"embeddable":true,"href":"https:\/\/www.vetorino.com\/veterinaire\/riedisheim-68400\/boutique\/wp-json\/wp\/v2\/media\/1675326"}],"wp:attachment":[{"href":"https:\/\/www.vetorino.com\/veterinaire\/riedisheim-68400\/boutique\/wp-json\/wp\/v2\/media?parent=95000"}],"wp:term":[{"taxonomy":"product_cat","embeddable":true,"href":"https:\/\/www.vetorino.com\/veterinaire\/riedisheim-68400\/boutique\/wp-json\/wp\/v2\/product_cat?post=95000"},{"taxonomy":"product_tag","embeddable":true,"href":"https:\/\/www.vetorino.com\/veterinaire\/riedisheim-68400\/boutique\/wp-json\/wp\/v2\/product_tag?post=95000"}],"curies":[{"name":"wp","href":"https:\/\/api.w.org\/{rel}","templated":true}]}}