{"id":95354,"date":"2020-06-29T17:03:44","date_gmt":"2020-06-29T15:03:44","guid":{"rendered":"https:\/\/www.vetorino.com\/boutique\/product\/douxo-lotion-auriculaire-2\/"},"modified":"2025-02-21T23:08:52","modified_gmt":"2025-02-21T22:08:52","slug":"douxo-lotion-auriculaire-2","status":"publish","type":"product","link":"https:\/\/www.vetorino.com\/veterinaire\/riedisheim-68400\/boutique\/product\/douxo-lotion-auriculaire-2\/","title":{"rendered":"Lotion Auriculaire Douxo Care"},"content":{"rendered":"<p><strong>Lotion nettoyante antis\u00e9borrh\u00e9ique pour les oreilles des chiens et chats.<\/strong><\/p>\n<p><strong>Utilisation :<\/strong><\/p>\n<p>Pour le nettoyage des oreilles, dans le cadre d\u2019une hygi\u00e8ne r\u00e9guli\u00e8re ou en pr\u00e9paration \u00e0 l\u2019application d\u2019un traitement lors d\u2019otites externes.<br \/>\nSoins d\u2019hygi\u00e8ne des oreilles sensibles ou ayant tendance aux otites c\u00e9rumineuses.<br \/>\nNettoyage des contours des yeux (poils souill\u00e9s) en \u00e9vitant le contact direct avec les yeux.<br \/>\nAdapt\u00e9 au nettoyage r\u00e9gulier des plis cutan\u00e9s<\/p>\n<p>Mode d&#8217;emplois :<\/p>\n<p><strong>Usage auriculaire :<\/strong><\/p>\n<p>Relever le pavillon de l\u2019oreille vers le haut<br \/>\nFaire couler le produit nettoyant \u00e0 l\u2019int\u00e9rieur de l\u2019oreille<br \/>\nMasser la base de l\u2019oreille<br \/>\nLaisser l&#8217;animal secouer la t\u00eate<br \/>\nEssuyer le produit et les salet\u00e9s.<br \/>\nUsage externe :<\/p>\n<p><strong>Appliquer le produit sur la zone \u00e0 nettoyer \u00e0 l\u2019aide d\u2019une compresse.<\/strong><\/p>\n<p>Avantages :<\/p>\n<p>Nettoie les d\u00e9bris cellulaires, \u00e9limine le s\u00e9bum en exc\u00e8s, et apaise l&#8217;inflammation<br \/>\nFluide, non gras, tr\u00e8s doux et l\u00e9g\u00e8rement parfum\u00e9<\/p>\n","protected":false},"excerpt":{"rendered":"<p>Pour le nettoyage des oreilles, dans le cadre d\u2019une hygi\u00e8ne r\u00e9guli\u00e8re ou en pr\u00e9paration \u00e0 l\u2019application d\u2019un traitement lors d\u2019otites externes.<br \/>\nSoins d\u2019hygi\u00e8ne des oreilles sensibles ou ayant tendance aux otites c\u00e9rumineuses.<br \/>\nNettoyage des contours des yeux (poils souill\u00e9s) en \u00e9vitant le contact direct avec les yeux.<br \/>\nAdapt\u00e9 au nettoyage r\u00e9gulier des plis cutan\u00e9s<\/p>\n","protected":false},"featured_media":1041863,"template":"","meta":[],"product_cat":[2697,2698,12613,12614,12560,12561],"product_tag":[],"class_list":{"0":"post-95354","1":"product","2":"type-product","3":"status-publish","4":"has-post-thumbnail","6":"product_cat-chat","7":"product_cat-chien","8":"product_cat-hygiene-des-oreilles-du-chat","9":"product_cat-hygiene-des-oreilles-du-chien","10":"product_cat-hygiene-du-chat","11":"product_cat-hygiene-du-chien","12":"pa_marque-ceva","14":"first","15":"outofstock","16":"taxable","17":"shipping-taxable","18":"purchasable","19":"product-type-simple"},"yoast_head":"<!-- This site is optimized with the Yoast SEO plugin v27.3 - https:\/\/yoast.com\/product\/yoast-seo-wordpress\/ -->\n<title>Douxo Lotion Auriculaire Douxo Care Ceva - V\u00e9torino<\/title>\n<meta name=\"description\" content=\"Pour le nettoyage des oreilles, dans le cadre d\u2019une hygi\u00e8ne r\u00e9guli\u00e8re ou en pr\u00e9paration \u00e0 l\u2019application d\u2019un traitement lors d\u2019otites externes. Soins d\u2019hygi\u00e8ne des oreilles sensibles ou ayant tendance aux otites c\u00e9rumineuses. Nettoyage des contours des yeux (poils souill\u00e9s) en \u00e9vitant le contact direct avec les yeux. Adapt\u00e9 au nettoyage r\u00e9gulier des plis cutan\u00e9s\" \/>\n<meta name=\"robots\" content=\"noindex, nofollow\" \/>\n<meta property=\"og:locale\" content=\"fr_FR\" \/>\n<meta property=\"og:type\" content=\"article\" \/>\n<meta property=\"og:title\" content=\"Douxo Lotion Auriculaire Douxo Care Ceva - V\u00e9torino\" \/>\n<meta property=\"og:description\" content=\"Pour le nettoyage des oreilles, dans le cadre d\u2019une hygi\u00e8ne r\u00e9guli\u00e8re ou en pr\u00e9paration \u00e0 l\u2019application d\u2019un traitement lors d\u2019otites externes. Soins d\u2019hygi\u00e8ne des oreilles sensibles ou ayant tendance aux otites c\u00e9rumineuses. Nettoyage des contours des yeux (poils souill\u00e9s) en \u00e9vitant le contact direct avec les yeux. Adapt\u00e9 au nettoyage r\u00e9gulier des plis cutan\u00e9s\" \/>\n<meta property=\"og:url\" content=\"https:\/\/www.vetorino.com\/veterinaire\/riedisheim-68400\/boutique\/product\/douxo-lotion-auriculaire-2\/\" \/>\n<meta property=\"og:site_name\" content=\"V\u00e9torino\" \/>\n<meta property=\"article:publisher\" content=\"https:\/\/www.facebook.com\/Vetorino\/\" \/>\n<meta property=\"article:modified_time\" content=\"2025-02-21T22:08:52+00:00\" \/>\n<meta property=\"og:image\" content=\"https:\/\/www.vetorino.com\/boutique\/wp-content\/uploads\/2020\/06\/lotion-auriculaire.jpg.png\" \/>\n\t<meta property=\"og:image:width\" content=\"540\" \/>\n\t<meta property=\"og:image:height\" content=\"540\" \/>\n\t<meta property=\"og:image:type\" content=\"image\/png\" \/>\n<meta name=\"twitter:card\" content=\"summary_large_image\" \/>\n<meta name=\"twitter:label1\" content=\"Prix\" \/>\n\t<meta name=\"twitter:data1\" content=\"16,63&euro;\" \/>\n\t<meta name=\"twitter:label2\" content=\"Disponibilit\u00e9\" \/>\n\t<meta name=\"twitter:data2\" content=\"Rupture de stock\" \/>\n<script type=\"application\/ld+json\" class=\"yoast-schema-graph\">{\"@context\":\"https:\\\/\\\/schema.org\",\"@graph\":[{\"@type\":\"WebPage\",\"@id\":\"https:\\\/\\\/www.vetorino.com\\\/boutique\\\/product\\\/douxo-lotion-auriculaire-2\\\/\",\"url\":\"https:\\\/\\\/www.vetorino.com\\\/boutique\\\/product\\\/douxo-lotion-auriculaire-2\\\/\",\"name\":\"Douxo Lotion Auriculaire Douxo Care Ceva - V\u00e9torino\",\"isPartOf\":{\"@id\":\"https:\\\/\\\/www.vetorino.com\\\/boutique\\\/#website\"},\"primaryImageOfPage\":{\"@id\":\"https:\\\/\\\/www.vetorino.com\\\/boutique\\\/product\\\/douxo-lotion-auriculaire-2\\\/#primaryimage\"},\"image\":{\"@id\":\"https:\\\/\\\/www.vetorino.com\\\/boutique\\\/product\\\/douxo-lotion-auriculaire-2\\\/#primaryimage\"},\"thumbnailUrl\":\"https:\\\/\\\/www.vetorino.com\\\/boutique\\\/wp-content\\\/uploads\\\/2020\\\/06\\\/lotion-auriculaire.jpg.png\",\"datePublished\":\"2020-06-29T15:03:44+00:00\",\"dateModified\":\"2025-02-21T22:08:52+00:00\",\"description\":\"Pour le nettoyage des oreilles, dans le cadre d\u2019une hygi\u00e8ne r\u00e9guli\u00e8re ou en pr\u00e9paration \u00e0 l\u2019application d\u2019un traitement lors d\u2019otites externes. Soins d\u2019hygi\u00e8ne des oreilles sensibles ou ayant tendance aux otites c\u00e9rumineuses. Nettoyage des contours des yeux (poils souill\u00e9s) en \u00e9vitant le contact direct avec les yeux. Adapt\u00e9 au nettoyage r\u00e9gulier des plis cutan\u00e9s\",\"breadcrumb\":{\"@id\":\"https:\\\/\\\/www.vetorino.com\\\/boutique\\\/product\\\/douxo-lotion-auriculaire-2\\\/#breadcrumb\"},\"inLanguage\":\"fr-FR\",\"potentialAction\":[{\"@type\":\"ReadAction\",\"target\":[\"https:\\\/\\\/www.vetorino.com\\\/boutique\\\/product\\\/douxo-lotion-auriculaire-2\\\/\"]}]},{\"@type\":\"ImageObject\",\"inLanguage\":\"fr-FR\",\"@id\":\"https:\\\/\\\/www.vetorino.com\\\/boutique\\\/product\\\/douxo-lotion-auriculaire-2\\\/#primaryimage\",\"url\":\"https:\\\/\\\/www.vetorino.com\\\/boutique\\\/wp-content\\\/uploads\\\/2020\\\/06\\\/lotion-auriculaire.jpg.png\",\"contentUrl\":\"https:\\\/\\\/www.vetorino.com\\\/boutique\\\/wp-content\\\/uploads\\\/2020\\\/06\\\/lotion-auriculaire.jpg.png\",\"width\":540,\"height\":540},{\"@type\":\"BreadcrumbList\",\"@id\":\"https:\\\/\\\/www.vetorino.com\\\/boutique\\\/product\\\/douxo-lotion-auriculaire-2\\\/#breadcrumb\",\"itemListElement\":[{\"@type\":\"ListItem\",\"position\":1,\"name\":\"Accueil\",\"item\":\"https:\\\/\\\/www.vetorino.com\\\/boutique\\\/\"},{\"@type\":\"ListItem\",\"position\":2,\"name\":\"Produits\",\"item\":\"https:\\\/\\\/www.vetorino.com\\\/boutique\\\/\"},{\"@type\":\"ListItem\",\"position\":3,\"name\":\"Lotion Auriculaire Douxo Care\"}]},{\"@type\":\"WebSite\",\"@id\":\"https:\\\/\\\/www.vetorino.com\\\/boutique\\\/#website\",\"url\":\"https:\\\/\\\/www.vetorino.com\\\/boutique\\\/\",\"name\":\"V\u00e9torino\",\"description\":\"\",\"publisher\":{\"@id\":\"https:\\\/\\\/www.vetorino.com\\\/boutique\\\/#organization\"},\"potentialAction\":[{\"@type\":\"SearchAction\",\"target\":{\"@type\":\"EntryPoint\",\"urlTemplate\":\"https:\\\/\\\/www.vetorino.com\\\/boutique\\\/?s={search_term_string}\"},\"query-input\":{\"@type\":\"PropertyValueSpecification\",\"valueRequired\":true,\"valueName\":\"search_term_string\"}}],\"inLanguage\":\"fr-FR\"},{\"@type\":\"Organization\",\"@id\":\"https:\\\/\\\/www.vetorino.com\\\/boutique\\\/#organization\",\"name\":\"V\u00e9torino\",\"url\":\"https:\\\/\\\/www.vetorino.com\\\/boutique\\\/\",\"logo\":{\"@type\":\"ImageObject\",\"inLanguage\":\"fr-FR\",\"@id\":\"https:\\\/\\\/www.vetorino.com\\\/boutique\\\/#\\\/schema\\\/logo\\\/image\\\/\",\"url\":\"https:\\\/\\\/www.vetorino.com\\\/boutique\\\/wp-content\\\/uploads\\\/2024\\\/10\\\/logo.jpg\",\"contentUrl\":\"https:\\\/\\\/www.vetorino.com\\\/boutique\\\/wp-content\\\/uploads\\\/2024\\\/10\\\/logo.jpg\",\"width\":1200,\"height\":610,\"caption\":\"V\u00e9torino\"},\"image\":{\"@id\":\"https:\\\/\\\/www.vetorino.com\\\/boutique\\\/#\\\/schema\\\/logo\\\/image\\\/\"},\"sameAs\":[\"https:\\\/\\\/www.facebook.com\\\/Vetorino\\\/\",\"https:\\\/\\\/www.instagram.com\\\/vetorino_off\\\/\",\"https:\\\/\\\/www.linkedin.com\\\/company\\\/vtorino\\\/\"]}]}<\/script>\n<meta property=\"product:brand\" content=\"Ceva\" \/>\n<meta property=\"product:price:amount\" content=\"16.63\" \/>\n<meta property=\"product:price:currency\" content=\"EUR\" \/>\n<meta property=\"og:availability\" content=\"out of stock\" \/>\n<meta property=\"product:availability\" content=\"out of stock\" \/>\n<meta property=\"product:retailer_item_id\" content=\"C-DOU022\" \/>\n<meta property=\"product:condition\" content=\"new\" \/>\n<!-- \/ Yoast SEO plugin. -->","yoast_head_json":{"title":"Douxo Lotion Auriculaire Douxo Care Ceva - V\u00e9torino","description":"Pour le nettoyage des oreilles, dans le cadre d\u2019une hygi\u00e8ne r\u00e9guli\u00e8re ou en pr\u00e9paration \u00e0 l\u2019application d\u2019un traitement lors d\u2019otites externes. Soins d\u2019hygi\u00e8ne des oreilles sensibles ou ayant tendance aux otites c\u00e9rumineuses. Nettoyage des contours des yeux (poils souill\u00e9s) en \u00e9vitant le contact direct avec les yeux. Adapt\u00e9 au nettoyage r\u00e9gulier des plis cutan\u00e9s","robots":{"index":"noindex","follow":"nofollow"},"og_locale":"fr_FR","og_type":"article","og_title":"Douxo Lotion Auriculaire Douxo Care Ceva - V\u00e9torino","og_description":"Pour le nettoyage des oreilles, dans le cadre d\u2019une hygi\u00e8ne r\u00e9guli\u00e8re ou en pr\u00e9paration \u00e0 l\u2019application d\u2019un traitement lors d\u2019otites externes. Soins d\u2019hygi\u00e8ne des oreilles sensibles ou ayant tendance aux otites c\u00e9rumineuses. Nettoyage des contours des yeux (poils souill\u00e9s) en \u00e9vitant le contact direct avec les yeux. Adapt\u00e9 au nettoyage r\u00e9gulier des plis cutan\u00e9s","og_url":"https:\/\/www.vetorino.com\/veterinaire\/riedisheim-68400\/boutique\/product\/douxo-lotion-auriculaire-2\/","og_site_name":"V\u00e9torino","article_publisher":"https:\/\/www.facebook.com\/Vetorino\/","article_modified_time":"2025-02-21T22:08:52+00:00","og_image":[{"width":540,"height":540,"url":"https:\/\/www.vetorino.com\/boutique\/wp-content\/uploads\/2020\/06\/lotion-auriculaire.jpg.png","type":"image\/png"}],"twitter_card":"summary_large_image","twitter_misc":{"Prix":"16,63&euro;","Disponibilit\u00e9":"Rupture de stock"},"schema":{"@context":"https:\/\/schema.org","@graph":[{"@type":"WebPage","@id":"https:\/\/www.vetorino.com\/boutique\/product\/douxo-lotion-auriculaire-2\/","url":"https:\/\/www.vetorino.com\/boutique\/product\/douxo-lotion-auriculaire-2\/","name":"Douxo Lotion Auriculaire Douxo Care Ceva - V\u00e9torino","isPartOf":{"@id":"https:\/\/www.vetorino.com\/boutique\/#website"},"primaryImageOfPage":{"@id":"https:\/\/www.vetorino.com\/boutique\/product\/douxo-lotion-auriculaire-2\/#primaryimage"},"image":{"@id":"https:\/\/www.vetorino.com\/boutique\/product\/douxo-lotion-auriculaire-2\/#primaryimage"},"thumbnailUrl":"https:\/\/www.vetorino.com\/boutique\/wp-content\/uploads\/2020\/06\/lotion-auriculaire.jpg.png","datePublished":"2020-06-29T15:03:44+00:00","dateModified":"2025-02-21T22:08:52+00:00","description":"Pour le nettoyage des oreilles, dans le cadre d\u2019une hygi\u00e8ne r\u00e9guli\u00e8re ou en pr\u00e9paration \u00e0 l\u2019application d\u2019un traitement lors d\u2019otites externes. Soins d\u2019hygi\u00e8ne des oreilles sensibles ou ayant tendance aux otites c\u00e9rumineuses. Nettoyage des contours des yeux (poils souill\u00e9s) en \u00e9vitant le contact direct avec les yeux. Adapt\u00e9 au nettoyage r\u00e9gulier des plis cutan\u00e9s","breadcrumb":{"@id":"https:\/\/www.vetorino.com\/boutique\/product\/douxo-lotion-auriculaire-2\/#breadcrumb"},"inLanguage":"fr-FR","potentialAction":[{"@type":"ReadAction","target":["https:\/\/www.vetorino.com\/boutique\/product\/douxo-lotion-auriculaire-2\/"]}]},{"@type":"ImageObject","inLanguage":"fr-FR","@id":"https:\/\/www.vetorino.com\/boutique\/product\/douxo-lotion-auriculaire-2\/#primaryimage","url":"https:\/\/www.vetorino.com\/boutique\/wp-content\/uploads\/2020\/06\/lotion-auriculaire.jpg.png","contentUrl":"https:\/\/www.vetorino.com\/boutique\/wp-content\/uploads\/2020\/06\/lotion-auriculaire.jpg.png","width":540,"height":540},{"@type":"BreadcrumbList","@id":"https:\/\/www.vetorino.com\/boutique\/product\/douxo-lotion-auriculaire-2\/#breadcrumb","itemListElement":[{"@type":"ListItem","position":1,"name":"Accueil","item":"https:\/\/www.vetorino.com\/boutique\/"},{"@type":"ListItem","position":2,"name":"Produits","item":"https:\/\/www.vetorino.com\/boutique\/"},{"@type":"ListItem","position":3,"name":"Lotion Auriculaire Douxo Care"}]},{"@type":"WebSite","@id":"https:\/\/www.vetorino.com\/boutique\/#website","url":"https:\/\/www.vetorino.com\/boutique\/","name":"V\u00e9torino","description":"","publisher":{"@id":"https:\/\/www.vetorino.com\/boutique\/#organization"},"potentialAction":[{"@type":"SearchAction","target":{"@type":"EntryPoint","urlTemplate":"https:\/\/www.vetorino.com\/boutique\/?s={search_term_string}"},"query-input":{"@type":"PropertyValueSpecification","valueRequired":true,"valueName":"search_term_string"}}],"inLanguage":"fr-FR"},{"@type":"Organization","@id":"https:\/\/www.vetorino.com\/boutique\/#organization","name":"V\u00e9torino","url":"https:\/\/www.vetorino.com\/boutique\/","logo":{"@type":"ImageObject","inLanguage":"fr-FR","@id":"https:\/\/www.vetorino.com\/boutique\/#\/schema\/logo\/image\/","url":"https:\/\/www.vetorino.com\/boutique\/wp-content\/uploads\/2024\/10\/logo.jpg","contentUrl":"https:\/\/www.vetorino.com\/boutique\/wp-content\/uploads\/2024\/10\/logo.jpg","width":1200,"height":610,"caption":"V\u00e9torino"},"image":{"@id":"https:\/\/www.vetorino.com\/boutique\/#\/schema\/logo\/image\/"},"sameAs":["https:\/\/www.facebook.com\/Vetorino\/","https:\/\/www.instagram.com\/vetorino_off\/","https:\/\/www.linkedin.com\/company\/vtorino\/"]}]},"product_brand":"Ceva","product_price_amount":"16.63","product_price_currency":"EUR","og_availability":"out of stock","product_availability":"out of stock","product_retailer_item_id":"C-DOU022","product_condition":"new"},"_links":{"self":[{"href":"https:\/\/www.vetorino.com\/veterinaire\/riedisheim-68400\/boutique\/wp-json\/wp\/v2\/product\/95354","targetHints":{"allow":["GET"]}}],"collection":[{"href":"https:\/\/www.vetorino.com\/veterinaire\/riedisheim-68400\/boutique\/wp-json\/wp\/v2\/product"}],"about":[{"href":"https:\/\/www.vetorino.com\/veterinaire\/riedisheim-68400\/boutique\/wp-json\/wp\/v2\/types\/product"}],"wp:featuredmedia":[{"embeddable":true,"href":"https:\/\/www.vetorino.com\/veterinaire\/riedisheim-68400\/boutique\/wp-json\/wp\/v2\/media\/1041863"}],"wp:attachment":[{"href":"https:\/\/www.vetorino.com\/veterinaire\/riedisheim-68400\/boutique\/wp-json\/wp\/v2\/media?parent=95354"}],"wp:term":[{"taxonomy":"product_cat","embeddable":true,"href":"https:\/\/www.vetorino.com\/veterinaire\/riedisheim-68400\/boutique\/wp-json\/wp\/v2\/product_cat?post=95354"},{"taxonomy":"product_tag","embeddable":true,"href":"https:\/\/www.vetorino.com\/veterinaire\/riedisheim-68400\/boutique\/wp-json\/wp\/v2\/product_tag?post=95354"}],"curies":[{"name":"wp","href":"https:\/\/api.w.org\/{rel}","templated":true}]}}