{"id":96292,"date":"2020-06-29T17:39:49","date_gmt":"2020-06-29T15:39:49","guid":{"rendered":"https:\/\/www.vetorino.com\/boutique\/product\/friandises-mini-bones-boeuf-agneau-volaille\/"},"modified":"2026-01-06T02:42:12","modified_gmt":"2026-01-06T01:42:12","slug":"friandises-mini-bones-boeuf-agneau-volaille","status":"publish","type":"product","link":"https:\/\/www.vetorino.com\/veterinaire\/riedisheim-68400\/boutique\/product\/friandises-mini-bones-boeuf-agneau-volaille\/","title":{"rendered":"Friandises Mini Bones Boeuf, Agneau, Volaille"},"content":{"rendered":"<p>Ces petites friandises douceurs <strong>Trixie<\/strong>\u00a0<strong>Mini Bones<\/strong> sont id\u00e9ales pour r\u00e9compenser votre animal.<\/p>\n<ul>\n<li>Format :\u00a0Pot de 500 g.<\/li>\n<li>Au b\u0153uf, \u00e0 l&#8217;agneau et \u00e0 la volaille<\/li>\n<li>Sans sucres ajout\u00e9s<\/li>\n<li>Petites friandises, r\u00e9compense id\u00e9ale pendant l&#8217;entra\u00eenement<\/li>\n<li>En seau plastique refermable<\/li>\n<\/ul>\n","protected":false},"excerpt":{"rendered":"<p>Ces petites friandises douceurs <strong>Trixie<\/strong>\u00a0<strong>Mini Bones<\/strong> sont id\u00e9ales pour r\u00e9compenser votre animal.<\/p>\n","protected":false},"featured_media":947742,"template":"","meta":[],"product_cat":[2698,12603],"product_tag":[],"class_list":{"0":"post-96292","1":"product","2":"type-product","3":"status-publish","4":"has-post-thumbnail","6":"product_cat-chien","7":"product_cat-friandises-pour-chien","8":"pa_marque-trixie","10":"first","11":"instock","12":"taxable","13":"shipping-taxable","14":"purchasable","15":"product-type-simple"},"yoast_head":"<!-- This site is optimized with the Yoast SEO plugin v27.3 - https:\/\/yoast.com\/product\/yoast-seo-wordpress\/ -->\n<title>Friandises Mini Bones Boeuf, Agneau, Volaille Trixie - V\u00e9torino<\/title>\n<meta name=\"description\" content=\"Ces petites friandises douceurs Trixie\u00a0Mini Bones sont id\u00e9ales pour r\u00e9compenser votre animal.\" \/>\n<meta name=\"robots\" content=\"noindex, nofollow\" \/>\n<meta property=\"og:locale\" content=\"fr_FR\" \/>\n<meta property=\"og:type\" content=\"article\" \/>\n<meta property=\"og:title\" content=\"Friandises Mini Bones Boeuf, Agneau, Volaille Trixie - V\u00e9torino\" \/>\n<meta property=\"og:description\" content=\"Ces petites friandises douceurs Trixie\u00a0Mini Bones sont id\u00e9ales pour r\u00e9compenser votre animal.\" \/>\n<meta property=\"og:url\" content=\"https:\/\/www.vetorino.com\/veterinaire\/riedisheim-68400\/boutique\/product\/friandises-mini-bones-boeuf-agneau-volaille\/\" \/>\n<meta property=\"og:site_name\" content=\"V\u00e9torino\" \/>\n<meta property=\"article:publisher\" content=\"https:\/\/www.facebook.com\/Vetorino\/\" \/>\n<meta property=\"article:modified_time\" content=\"2026-01-06T01:42:12+00:00\" \/>\n<meta property=\"og:image\" content=\"https:\/\/www.vetorino.com\/boutique\/wp-content\/uploads\/2020\/06\/trixie-mini-bones-boeuf-agneau-volaille.jpg\" \/>\n\t<meta property=\"og:image:width\" content=\"800\" \/>\n\t<meta property=\"og:image:height\" content=\"800\" \/>\n\t<meta property=\"og:image:type\" content=\"image\/jpeg\" \/>\n<meta name=\"twitter:card\" content=\"summary_large_image\" \/>\n<meta name=\"twitter:label1\" content=\"Prix\" \/>\n\t<meta name=\"twitter:data1\" content=\"5,55&euro;\" \/>\n\t<meta name=\"twitter:label2\" content=\"Disponibilit\u00e9\" \/>\n\t<meta name=\"twitter:data2\" content=\"En stock\" \/>\n<script type=\"application\/ld+json\" class=\"yoast-schema-graph\">{\"@context\":\"https:\\\/\\\/schema.org\",\"@graph\":[{\"@type\":\"WebPage\",\"@id\":\"https:\\\/\\\/www.vetorino.com\\\/veterinaire\\\/saintjean-31240\\\/boutique\\\/product\\\/friandises-mini-bones-boeuf-agneau-volaille\\\/\",\"url\":\"https:\\\/\\\/www.vetorino.com\\\/veterinaire\\\/saintjean-31240\\\/boutique\\\/product\\\/friandises-mini-bones-boeuf-agneau-volaille\\\/\",\"name\":\"Friandises Mini Bones Boeuf, Agneau, Volaille Trixie - V\u00e9torino\",\"isPartOf\":{\"@id\":\"https:\\\/\\\/www.vetorino.com\\\/boutique\\\/#website\"},\"primaryImageOfPage\":{\"@id\":\"https:\\\/\\\/www.vetorino.com\\\/veterinaire\\\/saintjean-31240\\\/boutique\\\/product\\\/friandises-mini-bones-boeuf-agneau-volaille\\\/#primaryimage\"},\"image\":{\"@id\":\"https:\\\/\\\/www.vetorino.com\\\/veterinaire\\\/saintjean-31240\\\/boutique\\\/product\\\/friandises-mini-bones-boeuf-agneau-volaille\\\/#primaryimage\"},\"thumbnailUrl\":\"https:\\\/\\\/www.vetorino.com\\\/boutique\\\/wp-content\\\/uploads\\\/2020\\\/06\\\/trixie-mini-bones-boeuf-agneau-volaille.jpg\",\"datePublished\":\"2020-06-29T15:39:49+00:00\",\"dateModified\":\"2026-01-06T01:42:12+00:00\",\"description\":\"Ces petites friandises douceurs Trixie\u00a0Mini Bones sont id\u00e9ales pour r\u00e9compenser votre animal.\",\"breadcrumb\":{\"@id\":\"https:\\\/\\\/www.vetorino.com\\\/veterinaire\\\/saintjean-31240\\\/boutique\\\/product\\\/friandises-mini-bones-boeuf-agneau-volaille\\\/#breadcrumb\"},\"inLanguage\":\"fr-FR\",\"potentialAction\":[{\"@type\":\"ReadAction\",\"target\":[\"https:\\\/\\\/www.vetorino.com\\\/veterinaire\\\/saintjean-31240\\\/boutique\\\/product\\\/friandises-mini-bones-boeuf-agneau-volaille\\\/\"]}]},{\"@type\":\"ImageObject\",\"inLanguage\":\"fr-FR\",\"@id\":\"https:\\\/\\\/www.vetorino.com\\\/veterinaire\\\/saintjean-31240\\\/boutique\\\/product\\\/friandises-mini-bones-boeuf-agneau-volaille\\\/#primaryimage\",\"url\":\"https:\\\/\\\/www.vetorino.com\\\/boutique\\\/wp-content\\\/uploads\\\/2020\\\/06\\\/trixie-mini-bones-boeuf-agneau-volaille.jpg\",\"contentUrl\":\"https:\\\/\\\/www.vetorino.com\\\/boutique\\\/wp-content\\\/uploads\\\/2020\\\/06\\\/trixie-mini-bones-boeuf-agneau-volaille.jpg\",\"width\":800,\"height\":800},{\"@type\":\"BreadcrumbList\",\"@id\":\"https:\\\/\\\/www.vetorino.com\\\/veterinaire\\\/saintjean-31240\\\/boutique\\\/product\\\/friandises-mini-bones-boeuf-agneau-volaille\\\/#breadcrumb\",\"itemListElement\":[{\"@type\":\"ListItem\",\"position\":1,\"name\":\"Accueil\",\"item\":\"https:\\\/\\\/www.vetorino.com\\\/boutique\\\/\"},{\"@type\":\"ListItem\",\"position\":2,\"name\":\"Produits\",\"item\":\"https:\\\/\\\/www.vetorino.com\\\/boutique\\\/\"},{\"@type\":\"ListItem\",\"position\":3,\"name\":\"Friandises Mini Bones Boeuf, Agneau, Volaille\"}]},{\"@type\":\"WebSite\",\"@id\":\"https:\\\/\\\/www.vetorino.com\\\/boutique\\\/#website\",\"url\":\"https:\\\/\\\/www.vetorino.com\\\/boutique\\\/\",\"name\":\"V\u00e9torino\",\"description\":\"\",\"publisher\":{\"@id\":\"https:\\\/\\\/www.vetorino.com\\\/boutique\\\/#organization\"},\"potentialAction\":[{\"@type\":\"SearchAction\",\"target\":{\"@type\":\"EntryPoint\",\"urlTemplate\":\"https:\\\/\\\/www.vetorino.com\\\/boutique\\\/?s={search_term_string}\"},\"query-input\":{\"@type\":\"PropertyValueSpecification\",\"valueRequired\":true,\"valueName\":\"search_term_string\"}}],\"inLanguage\":\"fr-FR\"},{\"@type\":\"Organization\",\"@id\":\"https:\\\/\\\/www.vetorino.com\\\/boutique\\\/#organization\",\"name\":\"V\u00e9torino\",\"url\":\"https:\\\/\\\/www.vetorino.com\\\/boutique\\\/\",\"logo\":{\"@type\":\"ImageObject\",\"inLanguage\":\"fr-FR\",\"@id\":\"https:\\\/\\\/www.vetorino.com\\\/boutique\\\/#\\\/schema\\\/logo\\\/image\\\/\",\"url\":\"https:\\\/\\\/www.vetorino.com\\\/boutique\\\/wp-content\\\/uploads\\\/2024\\\/10\\\/logo.jpg\",\"contentUrl\":\"https:\\\/\\\/www.vetorino.com\\\/boutique\\\/wp-content\\\/uploads\\\/2024\\\/10\\\/logo.jpg\",\"width\":1200,\"height\":610,\"caption\":\"V\u00e9torino\"},\"image\":{\"@id\":\"https:\\\/\\\/www.vetorino.com\\\/boutique\\\/#\\\/schema\\\/logo\\\/image\\\/\"},\"sameAs\":[\"https:\\\/\\\/www.facebook.com\\\/Vetorino\\\/\",\"https:\\\/\\\/www.instagram.com\\\/vetorino_off\\\/\",\"https:\\\/\\\/www.linkedin.com\\\/company\\\/vtorino\\\/\"]}]}<\/script>\n<meta property=\"product:brand\" content=\"Trixie\" \/>\n<meta property=\"product:price:amount\" content=\"5.55\" \/>\n<meta property=\"product:price:currency\" content=\"EUR\" \/>\n<meta property=\"og:availability\" content=\"instock\" \/>\n<meta property=\"product:availability\" content=\"instock\" \/>\n<meta property=\"product:retailer_item_id\" content=\"C-FRI043\" \/>\n<meta property=\"product:condition\" content=\"new\" \/>\n<!-- \/ Yoast SEO plugin. -->","yoast_head_json":{"title":"Friandises Mini Bones Boeuf, Agneau, Volaille Trixie - V\u00e9torino","description":"Ces petites friandises douceurs Trixie\u00a0Mini Bones sont id\u00e9ales pour r\u00e9compenser votre animal.","robots":{"index":"noindex","follow":"nofollow"},"og_locale":"fr_FR","og_type":"article","og_title":"Friandises Mini Bones Boeuf, Agneau, Volaille Trixie - V\u00e9torino","og_description":"Ces petites friandises douceurs Trixie\u00a0Mini Bones sont id\u00e9ales pour r\u00e9compenser votre animal.","og_url":"https:\/\/www.vetorino.com\/veterinaire\/riedisheim-68400\/boutique\/product\/friandises-mini-bones-boeuf-agneau-volaille\/","og_site_name":"V\u00e9torino","article_publisher":"https:\/\/www.facebook.com\/Vetorino\/","article_modified_time":"2026-01-06T01:42:12+00:00","og_image":[{"width":800,"height":800,"url":"https:\/\/www.vetorino.com\/boutique\/wp-content\/uploads\/2020\/06\/trixie-mini-bones-boeuf-agneau-volaille.jpg","type":"image\/jpeg"}],"twitter_card":"summary_large_image","twitter_misc":{"Prix":"5,55&euro;","Disponibilit\u00e9":"En stock"},"schema":{"@context":"https:\/\/schema.org","@graph":[{"@type":"WebPage","@id":"https:\/\/www.vetorino.com\/veterinaire\/saintjean-31240\/boutique\/product\/friandises-mini-bones-boeuf-agneau-volaille\/","url":"https:\/\/www.vetorino.com\/veterinaire\/saintjean-31240\/boutique\/product\/friandises-mini-bones-boeuf-agneau-volaille\/","name":"Friandises Mini Bones Boeuf, Agneau, Volaille Trixie - V\u00e9torino","isPartOf":{"@id":"https:\/\/www.vetorino.com\/boutique\/#website"},"primaryImageOfPage":{"@id":"https:\/\/www.vetorino.com\/veterinaire\/saintjean-31240\/boutique\/product\/friandises-mini-bones-boeuf-agneau-volaille\/#primaryimage"},"image":{"@id":"https:\/\/www.vetorino.com\/veterinaire\/saintjean-31240\/boutique\/product\/friandises-mini-bones-boeuf-agneau-volaille\/#primaryimage"},"thumbnailUrl":"https:\/\/www.vetorino.com\/boutique\/wp-content\/uploads\/2020\/06\/trixie-mini-bones-boeuf-agneau-volaille.jpg","datePublished":"2020-06-29T15:39:49+00:00","dateModified":"2026-01-06T01:42:12+00:00","description":"Ces petites friandises douceurs Trixie\u00a0Mini Bones sont id\u00e9ales pour r\u00e9compenser votre animal.","breadcrumb":{"@id":"https:\/\/www.vetorino.com\/veterinaire\/saintjean-31240\/boutique\/product\/friandises-mini-bones-boeuf-agneau-volaille\/#breadcrumb"},"inLanguage":"fr-FR","potentialAction":[{"@type":"ReadAction","target":["https:\/\/www.vetorino.com\/veterinaire\/saintjean-31240\/boutique\/product\/friandises-mini-bones-boeuf-agneau-volaille\/"]}]},{"@type":"ImageObject","inLanguage":"fr-FR","@id":"https:\/\/www.vetorino.com\/veterinaire\/saintjean-31240\/boutique\/product\/friandises-mini-bones-boeuf-agneau-volaille\/#primaryimage","url":"https:\/\/www.vetorino.com\/boutique\/wp-content\/uploads\/2020\/06\/trixie-mini-bones-boeuf-agneau-volaille.jpg","contentUrl":"https:\/\/www.vetorino.com\/boutique\/wp-content\/uploads\/2020\/06\/trixie-mini-bones-boeuf-agneau-volaille.jpg","width":800,"height":800},{"@type":"BreadcrumbList","@id":"https:\/\/www.vetorino.com\/veterinaire\/saintjean-31240\/boutique\/product\/friandises-mini-bones-boeuf-agneau-volaille\/#breadcrumb","itemListElement":[{"@type":"ListItem","position":1,"name":"Accueil","item":"https:\/\/www.vetorino.com\/boutique\/"},{"@type":"ListItem","position":2,"name":"Produits","item":"https:\/\/www.vetorino.com\/boutique\/"},{"@type":"ListItem","position":3,"name":"Friandises Mini Bones Boeuf, Agneau, Volaille"}]},{"@type":"WebSite","@id":"https:\/\/www.vetorino.com\/boutique\/#website","url":"https:\/\/www.vetorino.com\/boutique\/","name":"V\u00e9torino","description":"","publisher":{"@id":"https:\/\/www.vetorino.com\/boutique\/#organization"},"potentialAction":[{"@type":"SearchAction","target":{"@type":"EntryPoint","urlTemplate":"https:\/\/www.vetorino.com\/boutique\/?s={search_term_string}"},"query-input":{"@type":"PropertyValueSpecification","valueRequired":true,"valueName":"search_term_string"}}],"inLanguage":"fr-FR"},{"@type":"Organization","@id":"https:\/\/www.vetorino.com\/boutique\/#organization","name":"V\u00e9torino","url":"https:\/\/www.vetorino.com\/boutique\/","logo":{"@type":"ImageObject","inLanguage":"fr-FR","@id":"https:\/\/www.vetorino.com\/boutique\/#\/schema\/logo\/image\/","url":"https:\/\/www.vetorino.com\/boutique\/wp-content\/uploads\/2024\/10\/logo.jpg","contentUrl":"https:\/\/www.vetorino.com\/boutique\/wp-content\/uploads\/2024\/10\/logo.jpg","width":1200,"height":610,"caption":"V\u00e9torino"},"image":{"@id":"https:\/\/www.vetorino.com\/boutique\/#\/schema\/logo\/image\/"},"sameAs":["https:\/\/www.facebook.com\/Vetorino\/","https:\/\/www.instagram.com\/vetorino_off\/","https:\/\/www.linkedin.com\/company\/vtorino\/"]}]},"product_brand":"Trixie","product_price_amount":"5.55","product_price_currency":"EUR","og_availability":"instock","product_availability":"instock","product_retailer_item_id":"C-FRI043","product_condition":"new"},"_links":{"self":[{"href":"https:\/\/www.vetorino.com\/veterinaire\/riedisheim-68400\/boutique\/wp-json\/wp\/v2\/product\/96292","targetHints":{"allow":["GET"]}}],"collection":[{"href":"https:\/\/www.vetorino.com\/veterinaire\/riedisheim-68400\/boutique\/wp-json\/wp\/v2\/product"}],"about":[{"href":"https:\/\/www.vetorino.com\/veterinaire\/riedisheim-68400\/boutique\/wp-json\/wp\/v2\/types\/product"}],"wp:featuredmedia":[{"embeddable":true,"href":"https:\/\/www.vetorino.com\/veterinaire\/riedisheim-68400\/boutique\/wp-json\/wp\/v2\/media\/947742"}],"wp:attachment":[{"href":"https:\/\/www.vetorino.com\/veterinaire\/riedisheim-68400\/boutique\/wp-json\/wp\/v2\/media?parent=96292"}],"wp:term":[{"taxonomy":"product_cat","embeddable":true,"href":"https:\/\/www.vetorino.com\/veterinaire\/riedisheim-68400\/boutique\/wp-json\/wp\/v2\/product_cat?post=96292"},{"taxonomy":"product_tag","embeddable":true,"href":"https:\/\/www.vetorino.com\/veterinaire\/riedisheim-68400\/boutique\/wp-json\/wp\/v2\/product_tag?post=96292"}],"curies":[{"name":"wp","href":"https:\/\/api.w.org\/{rel}","templated":true}]}}