{"id":96491,"date":"2020-06-29T17:43:36","date_gmt":"2020-06-29T15:43:36","guid":{"rendered":"https:\/\/www.vetorino.com\/boutique\/product\/gamelle-intelligente-pet-bowl\/"},"modified":"2025-07-28T09:41:25","modified_gmt":"2025-07-28T07:41:25","slug":"gamelle-intelligente-pet-bowl","status":"publish","type":"product","link":"https:\/\/www.vetorino.com\/veterinaire\/riedisheim-68400\/boutique\/product\/gamelle-intelligente-pet-bowl\/","title":{"rendered":"Gamelle intelligente Pet Bowl"},"content":{"rendered":"<div class=\"hidden\">\n<p>Avec sa <strong>balance int\u00e9gr\u00e9e,<\/strong> la gamelle Pet Bowl permet au propri\u00e9taire de<strong> doser avec pr\u00e9cision l&#8217;alimentation<\/strong> qu&#8217;il donne \u00e0 son animal.<\/p>\n<ul>\n<li>Pes\u00e9e au gramme pr\u00e8s des croquettes.<\/li>\n<li>Pes\u00e9e des liquides (ml et dl).<\/li>\n<li>Gamelle amovible en acier inoxydable lavable au lave-vaisselle.<\/li>\n<li>Fonctionne avec 2 piles AA LR003.<\/li>\n<li>Dimensions : D18,5 x 22,5 x H7 cm.<\/li>\n<\/ul>\n<\/div>\n","protected":false},"excerpt":{"rendered":"<p>Avec sa <strong>balance int\u00e9gr\u00e9e,<\/strong> la gamelle Pet Bowl permet au propri\u00e9taire de<strong> doser avec pr\u00e9cision l&#8217;alimentation<\/strong> qu&#8217;il donne \u00e0 son animal.<\/p>\n<ul>\n<li>Pes\u00e9e au gramme pr\u00e8s des croquettes.<\/li>\n<li>Pes\u00e9e des liquides (ml et dl).<\/li>\n<li>Gamelle amovible en acier inoxydable lavable au lave-vaisselle.<\/li>\n<li>Fonctionne avec 2 piles AA LR003.<\/li>\n<li>Dimensions : D18,5 x 22,5 x H7 cm.<\/li>\n<\/ul>\n","protected":false},"featured_media":1427627,"template":"","meta":[],"product_cat":[12548,12550,2697,2698,12606,12607],"product_tag":[],"class_list":{"0":"post-96491","1":"product","2":"type-product","3":"status-publish","4":"has-post-thumbnail","6":"product_cat-accessoire-du-chat","7":"product_cat-accessoires-du-chien","8":"product_cat-chat","9":"product_cat-chien","10":"product_cat-gamelles-pour-chat","11":"product_cat-gamelles-pour-chien","12":"pa_marque-eyenimal","14":"first","15":"instock","16":"taxable","17":"shipping-taxable","18":"purchasable","19":"product-type-simple"},"yoast_head":"<!-- This site is optimized with the Yoast SEO plugin v27.3 - https:\/\/yoast.com\/product\/yoast-seo-wordpress\/ -->\n<title>Gamelle intelligente Pet Bowl Eyenimal - V\u00e9torino<\/title>\n<meta name=\"description\" content=\"Avec sa balance int\u00e9gr\u00e9e, la gamelle Pet Bowl permet au propri\u00e9taire de doser avec pr\u00e9cision l&#039;alimentation qu&#039;il donne \u00e0 son animal.   Pes\u00e9e au gramme pr\u00e8s des croquettes.  Pes\u00e9e des liquides (ml et dl).  Gamelle amovible en acier inoxydable lavable au lave-vaisselle.  Fonctionne avec 2 piles AA LR003.  Dimensions : D18,5 x 22,5 x H7 cm.\" \/>\n<meta name=\"robots\" content=\"noindex, nofollow\" \/>\n<meta property=\"og:locale\" content=\"fr_FR\" \/>\n<meta property=\"og:type\" content=\"article\" \/>\n<meta property=\"og:title\" content=\"Gamelle intelligente Pet Bowl Eyenimal - V\u00e9torino\" \/>\n<meta property=\"og:description\" content=\"Avec sa balance int\u00e9gr\u00e9e, la gamelle Pet Bowl permet au propri\u00e9taire de doser avec pr\u00e9cision l&#039;alimentation qu&#039;il donne \u00e0 son animal.   Pes\u00e9e au gramme pr\u00e8s des croquettes.  Pes\u00e9e des liquides (ml et dl).  Gamelle amovible en acier inoxydable lavable au lave-vaisselle.  Fonctionne avec 2 piles AA LR003.  Dimensions : D18,5 x 22,5 x H7 cm.\" \/>\n<meta property=\"og:url\" content=\"https:\/\/www.vetorino.com\/veterinaire\/riedisheim-68400\/boutique\/product\/gamelle-intelligente-pet-bowl\/\" \/>\n<meta property=\"og:site_name\" content=\"V\u00e9torino\" \/>\n<meta property=\"article:publisher\" content=\"https:\/\/www.facebook.com\/Vetorino\/\" \/>\n<meta property=\"article:modified_time\" content=\"2025-07-28T07:41:25+00:00\" \/>\n<meta property=\"og:image\" content=\"https:\/\/www.vetorino.com\/boutique\/wp-content\/uploads\/2020\/06\/xl_479d18f655c3fce66ca401d5f38b48c89af1731512199.webp\" \/>\n\t<meta property=\"og:image:width\" content=\"2000\" \/>\n\t<meta property=\"og:image:height\" content=\"1333\" \/>\n\t<meta property=\"og:image:type\" content=\"image\/webp\" \/>\n<meta name=\"twitter:card\" content=\"summary_large_image\" \/>\n<meta name=\"twitter:label1\" content=\"Prix\" \/>\n\t<meta name=\"twitter:data1\" content=\"17,33&euro;\" \/>\n\t<meta name=\"twitter:label2\" content=\"Disponibilit\u00e9\" \/>\n\t<meta name=\"twitter:data2\" content=\"En stock\" \/>\n<script type=\"application\/ld+json\" class=\"yoast-schema-graph\">{\"@context\":\"https:\\\/\\\/schema.org\",\"@graph\":[{\"@type\":\"WebPage\",\"@id\":\"https:\\\/\\\/www.vetorino.com\\\/boutique\\\/product\\\/gamelle-intelligente-pet-bowl\\\/\",\"url\":\"https:\\\/\\\/www.vetorino.com\\\/boutique\\\/product\\\/gamelle-intelligente-pet-bowl\\\/\",\"name\":\"Gamelle intelligente Pet Bowl Eyenimal - V\u00e9torino\",\"isPartOf\":{\"@id\":\"https:\\\/\\\/www.vetorino.com\\\/boutique\\\/#website\"},\"primaryImageOfPage\":{\"@id\":\"https:\\\/\\\/www.vetorino.com\\\/boutique\\\/product\\\/gamelle-intelligente-pet-bowl\\\/#primaryimage\"},\"image\":{\"@id\":\"https:\\\/\\\/www.vetorino.com\\\/boutique\\\/product\\\/gamelle-intelligente-pet-bowl\\\/#primaryimage\"},\"thumbnailUrl\":\"https:\\\/\\\/www.vetorino.com\\\/boutique\\\/wp-content\\\/uploads\\\/2020\\\/06\\\/xl_479d18f655c3fce66ca401d5f38b48c89af1731512199.webp\",\"datePublished\":\"2020-06-29T15:43:36+00:00\",\"dateModified\":\"2025-07-28T07:41:25+00:00\",\"description\":\"Avec sa balance int\u00e9gr\u00e9e, la gamelle Pet Bowl permet au propri\u00e9taire de doser avec pr\u00e9cision l'alimentation qu'il donne \u00e0 son animal. Pes\u00e9e au gramme pr\u00e8s des croquettes. Pes\u00e9e des liquides (ml et dl). Gamelle amovible en acier inoxydable lavable au lave-vaisselle. Fonctionne avec 2 piles AA LR003. Dimensions : D18,5 x 22,5 x H7 cm.\",\"breadcrumb\":{\"@id\":\"https:\\\/\\\/www.vetorino.com\\\/boutique\\\/product\\\/gamelle-intelligente-pet-bowl\\\/#breadcrumb\"},\"inLanguage\":\"fr-FR\",\"potentialAction\":[{\"@type\":\"ReadAction\",\"target\":[\"https:\\\/\\\/www.vetorino.com\\\/boutique\\\/product\\\/gamelle-intelligente-pet-bowl\\\/\"]}]},{\"@type\":\"ImageObject\",\"inLanguage\":\"fr-FR\",\"@id\":\"https:\\\/\\\/www.vetorino.com\\\/boutique\\\/product\\\/gamelle-intelligente-pet-bowl\\\/#primaryimage\",\"url\":\"https:\\\/\\\/www.vetorino.com\\\/boutique\\\/wp-content\\\/uploads\\\/2020\\\/06\\\/xl_479d18f655c3fce66ca401d5f38b48c89af1731512199.webp\",\"contentUrl\":\"https:\\\/\\\/www.vetorino.com\\\/boutique\\\/wp-content\\\/uploads\\\/2020\\\/06\\\/xl_479d18f655c3fce66ca401d5f38b48c89af1731512199.webp\",\"width\":2000,\"height\":1333},{\"@type\":\"BreadcrumbList\",\"@id\":\"https:\\\/\\\/www.vetorino.com\\\/boutique\\\/product\\\/gamelle-intelligente-pet-bowl\\\/#breadcrumb\",\"itemListElement\":[{\"@type\":\"ListItem\",\"position\":1,\"name\":\"Accueil\",\"item\":\"https:\\\/\\\/www.vetorino.com\\\/boutique\\\/\"},{\"@type\":\"ListItem\",\"position\":2,\"name\":\"Produits\",\"item\":\"https:\\\/\\\/www.vetorino.com\\\/boutique\\\/\"},{\"@type\":\"ListItem\",\"position\":3,\"name\":\"Gamelle intelligente Pet Bowl\"}]},{\"@type\":\"WebSite\",\"@id\":\"https:\\\/\\\/www.vetorino.com\\\/boutique\\\/#website\",\"url\":\"https:\\\/\\\/www.vetorino.com\\\/boutique\\\/\",\"name\":\"V\u00e9torino\",\"description\":\"\",\"publisher\":{\"@id\":\"https:\\\/\\\/www.vetorino.com\\\/boutique\\\/#organization\"},\"potentialAction\":[{\"@type\":\"SearchAction\",\"target\":{\"@type\":\"EntryPoint\",\"urlTemplate\":\"https:\\\/\\\/www.vetorino.com\\\/boutique\\\/?s={search_term_string}\"},\"query-input\":{\"@type\":\"PropertyValueSpecification\",\"valueRequired\":true,\"valueName\":\"search_term_string\"}}],\"inLanguage\":\"fr-FR\"},{\"@type\":\"Organization\",\"@id\":\"https:\\\/\\\/www.vetorino.com\\\/boutique\\\/#organization\",\"name\":\"V\u00e9torino\",\"url\":\"https:\\\/\\\/www.vetorino.com\\\/boutique\\\/\",\"logo\":{\"@type\":\"ImageObject\",\"inLanguage\":\"fr-FR\",\"@id\":\"https:\\\/\\\/www.vetorino.com\\\/boutique\\\/#\\\/schema\\\/logo\\\/image\\\/\",\"url\":\"https:\\\/\\\/www.vetorino.com\\\/boutique\\\/wp-content\\\/uploads\\\/2024\\\/10\\\/logo.jpg\",\"contentUrl\":\"https:\\\/\\\/www.vetorino.com\\\/boutique\\\/wp-content\\\/uploads\\\/2024\\\/10\\\/logo.jpg\",\"width\":1200,\"height\":610,\"caption\":\"V\u00e9torino\"},\"image\":{\"@id\":\"https:\\\/\\\/www.vetorino.com\\\/boutique\\\/#\\\/schema\\\/logo\\\/image\\\/\"},\"sameAs\":[\"https:\\\/\\\/www.facebook.com\\\/Vetorino\\\/\",\"https:\\\/\\\/www.instagram.com\\\/vetorino_off\\\/\",\"https:\\\/\\\/www.linkedin.com\\\/company\\\/vtorino\\\/\"]}]}<\/script>\n<meta property=\"product:brand\" content=\"Eyenimal\" \/>\n<meta property=\"product:price:amount\" content=\"17.33\" \/>\n<meta property=\"product:price:currency\" content=\"EUR\" \/>\n<meta property=\"og:availability\" content=\"instock\" \/>\n<meta property=\"product:availability\" content=\"instock\" \/>\n<meta property=\"product:retailer_item_id\" content=\"C-GAM751\" \/>\n<meta property=\"product:condition\" content=\"new\" \/>\n<!-- \/ Yoast SEO plugin. -->","yoast_head_json":{"title":"Gamelle intelligente Pet Bowl Eyenimal - V\u00e9torino","description":"Avec sa balance int\u00e9gr\u00e9e, la gamelle Pet Bowl permet au propri\u00e9taire de doser avec pr\u00e9cision l'alimentation qu'il donne \u00e0 son animal.   Pes\u00e9e au gramme pr\u00e8s des croquettes.  Pes\u00e9e des liquides (ml et dl).  Gamelle amovible en acier inoxydable lavable au lave-vaisselle.  Fonctionne avec 2 piles AA LR003.  Dimensions : D18,5 x 22,5 x H7 cm.","robots":{"index":"noindex","follow":"nofollow"},"og_locale":"fr_FR","og_type":"article","og_title":"Gamelle intelligente Pet Bowl Eyenimal - V\u00e9torino","og_description":"Avec sa balance int\u00e9gr\u00e9e, la gamelle Pet Bowl permet au propri\u00e9taire de doser avec pr\u00e9cision l'alimentation qu'il donne \u00e0 son animal.   Pes\u00e9e au gramme pr\u00e8s des croquettes.  Pes\u00e9e des liquides (ml et dl).  Gamelle amovible en acier inoxydable lavable au lave-vaisselle.  Fonctionne avec 2 piles AA LR003.  Dimensions : D18,5 x 22,5 x H7 cm.","og_url":"https:\/\/www.vetorino.com\/veterinaire\/riedisheim-68400\/boutique\/product\/gamelle-intelligente-pet-bowl\/","og_site_name":"V\u00e9torino","article_publisher":"https:\/\/www.facebook.com\/Vetorino\/","article_modified_time":"2025-07-28T07:41:25+00:00","og_image":[{"width":2000,"height":1333,"url":"https:\/\/www.vetorino.com\/boutique\/wp-content\/uploads\/2020\/06\/xl_479d18f655c3fce66ca401d5f38b48c89af1731512199.webp","type":"image\/webp"}],"twitter_card":"summary_large_image","twitter_misc":{"Prix":"17,33&euro;","Disponibilit\u00e9":"En stock"},"schema":{"@context":"https:\/\/schema.org","@graph":[{"@type":"WebPage","@id":"https:\/\/www.vetorino.com\/boutique\/product\/gamelle-intelligente-pet-bowl\/","url":"https:\/\/www.vetorino.com\/boutique\/product\/gamelle-intelligente-pet-bowl\/","name":"Gamelle intelligente Pet Bowl Eyenimal - V\u00e9torino","isPartOf":{"@id":"https:\/\/www.vetorino.com\/boutique\/#website"},"primaryImageOfPage":{"@id":"https:\/\/www.vetorino.com\/boutique\/product\/gamelle-intelligente-pet-bowl\/#primaryimage"},"image":{"@id":"https:\/\/www.vetorino.com\/boutique\/product\/gamelle-intelligente-pet-bowl\/#primaryimage"},"thumbnailUrl":"https:\/\/www.vetorino.com\/boutique\/wp-content\/uploads\/2020\/06\/xl_479d18f655c3fce66ca401d5f38b48c89af1731512199.webp","datePublished":"2020-06-29T15:43:36+00:00","dateModified":"2025-07-28T07:41:25+00:00","description":"Avec sa balance int\u00e9gr\u00e9e, la gamelle Pet Bowl permet au propri\u00e9taire de doser avec pr\u00e9cision l'alimentation qu'il donne \u00e0 son animal. Pes\u00e9e au gramme pr\u00e8s des croquettes. Pes\u00e9e des liquides (ml et dl). Gamelle amovible en acier inoxydable lavable au lave-vaisselle. Fonctionne avec 2 piles AA LR003. Dimensions : D18,5 x 22,5 x H7 cm.","breadcrumb":{"@id":"https:\/\/www.vetorino.com\/boutique\/product\/gamelle-intelligente-pet-bowl\/#breadcrumb"},"inLanguage":"fr-FR","potentialAction":[{"@type":"ReadAction","target":["https:\/\/www.vetorino.com\/boutique\/product\/gamelle-intelligente-pet-bowl\/"]}]},{"@type":"ImageObject","inLanguage":"fr-FR","@id":"https:\/\/www.vetorino.com\/boutique\/product\/gamelle-intelligente-pet-bowl\/#primaryimage","url":"https:\/\/www.vetorino.com\/boutique\/wp-content\/uploads\/2020\/06\/xl_479d18f655c3fce66ca401d5f38b48c89af1731512199.webp","contentUrl":"https:\/\/www.vetorino.com\/boutique\/wp-content\/uploads\/2020\/06\/xl_479d18f655c3fce66ca401d5f38b48c89af1731512199.webp","width":2000,"height":1333},{"@type":"BreadcrumbList","@id":"https:\/\/www.vetorino.com\/boutique\/product\/gamelle-intelligente-pet-bowl\/#breadcrumb","itemListElement":[{"@type":"ListItem","position":1,"name":"Accueil","item":"https:\/\/www.vetorino.com\/boutique\/"},{"@type":"ListItem","position":2,"name":"Produits","item":"https:\/\/www.vetorino.com\/boutique\/"},{"@type":"ListItem","position":3,"name":"Gamelle intelligente Pet Bowl"}]},{"@type":"WebSite","@id":"https:\/\/www.vetorino.com\/boutique\/#website","url":"https:\/\/www.vetorino.com\/boutique\/","name":"V\u00e9torino","description":"","publisher":{"@id":"https:\/\/www.vetorino.com\/boutique\/#organization"},"potentialAction":[{"@type":"SearchAction","target":{"@type":"EntryPoint","urlTemplate":"https:\/\/www.vetorino.com\/boutique\/?s={search_term_string}"},"query-input":{"@type":"PropertyValueSpecification","valueRequired":true,"valueName":"search_term_string"}}],"inLanguage":"fr-FR"},{"@type":"Organization","@id":"https:\/\/www.vetorino.com\/boutique\/#organization","name":"V\u00e9torino","url":"https:\/\/www.vetorino.com\/boutique\/","logo":{"@type":"ImageObject","inLanguage":"fr-FR","@id":"https:\/\/www.vetorino.com\/boutique\/#\/schema\/logo\/image\/","url":"https:\/\/www.vetorino.com\/boutique\/wp-content\/uploads\/2024\/10\/logo.jpg","contentUrl":"https:\/\/www.vetorino.com\/boutique\/wp-content\/uploads\/2024\/10\/logo.jpg","width":1200,"height":610,"caption":"V\u00e9torino"},"image":{"@id":"https:\/\/www.vetorino.com\/boutique\/#\/schema\/logo\/image\/"},"sameAs":["https:\/\/www.facebook.com\/Vetorino\/","https:\/\/www.instagram.com\/vetorino_off\/","https:\/\/www.linkedin.com\/company\/vtorino\/"]}]},"product_brand":"Eyenimal","product_price_amount":"17.33","product_price_currency":"EUR","og_availability":"instock","product_availability":"instock","product_retailer_item_id":"C-GAM751","product_condition":"new"},"_links":{"self":[{"href":"https:\/\/www.vetorino.com\/veterinaire\/riedisheim-68400\/boutique\/wp-json\/wp\/v2\/product\/96491","targetHints":{"allow":["GET"]}}],"collection":[{"href":"https:\/\/www.vetorino.com\/veterinaire\/riedisheim-68400\/boutique\/wp-json\/wp\/v2\/product"}],"about":[{"href":"https:\/\/www.vetorino.com\/veterinaire\/riedisheim-68400\/boutique\/wp-json\/wp\/v2\/types\/product"}],"wp:featuredmedia":[{"embeddable":true,"href":"https:\/\/www.vetorino.com\/veterinaire\/riedisheim-68400\/boutique\/wp-json\/wp\/v2\/media\/1427627"}],"wp:attachment":[{"href":"https:\/\/www.vetorino.com\/veterinaire\/riedisheim-68400\/boutique\/wp-json\/wp\/v2\/media?parent=96491"}],"wp:term":[{"taxonomy":"product_cat","embeddable":true,"href":"https:\/\/www.vetorino.com\/veterinaire\/riedisheim-68400\/boutique\/wp-json\/wp\/v2\/product_cat?post=96491"},{"taxonomy":"product_tag","embeddable":true,"href":"https:\/\/www.vetorino.com\/veterinaire\/riedisheim-68400\/boutique\/wp-json\/wp\/v2\/product_tag?post=96491"}],"curies":[{"name":"wp","href":"https:\/\/api.w.org\/{rel}","templated":true}]}}