{"id":101398,"date":"2020-06-30T11:45:18","date_gmt":"2020-06-30T09:45:18","guid":{"rendered":"https:\/\/www.vetorino.com\/boutique\/product\/rain-maker-ointment\/"},"modified":"2026-04-03T03:40:51","modified_gmt":"2026-04-03T01:40:51","slug":"rain-maker-ointment","status":"publish","type":"product","link":"https:\/\/www.vetorino.com\/veterinaire\/saint-die-des-vosges-88100\/boutique\/product\/rain-maker-ointment\/","title":{"rendered":"Rain Maker Ointment"},"content":{"rendered":"<p>Rain Maker Ointment assure protection et entretien du pied pour chevaux.<br \/>\nTemps sec, \u00e9curies poussi\u00e9reuses, manque d&#8217;exercice sont des facteurs qui peuvent engendrer des pieds secs, friables voire casants. Les chevaux travaillant sur sol humide ont souvent la sole qui s&#8217;effrite, devient molle et se creuse. Les sols secs ass\u00e8chent la corne qui peut durcir, perdre son \u00e9lasticit\u00e9 et devenir cassante ou friable.<\/p>\n","protected":false},"excerpt":{"rendered":"<p><strong>Rain Maker Ointment<\/strong> assure protection et entretien du pied pour chevaux.<br \/>\nTemps sec, \u00e9curies poussi\u00e9reuses, manque d&#8217;exercice sont des facteurs qui peuvent engendrer des pieds secs, friables voire casants. Les chevaux travaillant sur sol humide ont souvent la sole qui s&#8217;effrite, devient molle et se creuse. Les sols secs ass\u00e8chent la corne qui peut durcir, perdre son \u00e9lasticit\u00e9 et devenir cassante ou friable.<\/p>\n<ul>\n<li>Rain Maker\u00a0prot\u00e8ge de\u00a0tous ces probl\u00e8mes. Il r\u00e9gule l&#8217;hydratation du pied pour le rendre souple et retrouver son r\u00f4le d&#8217;amortisseur.<\/li>\n<li>P\u00e9n\u00e8tre profond\u00e9ment pour favoriser la repousse de la corne, assurer son \u00e9lasticit\u00e9 et redonner un aspect brillant aux sabots.<\/li>\n<li>Il est \u00e9galement conseill\u00e9 en cas de pieds\u00a0serr\u00e9s.<\/li>\n<li>Triple action : attraction, absorption, r\u00e9tention de l&#8217;humidit\u00e9.<\/li>\n<li>Pr\u00e9sentation pratique avec pinceau incorpor\u00e9.<\/li>\n<\/ul>\n","protected":false},"featured_media":207263,"template":"","meta":[],"product_cat":[12547,12755,12754],"product_tag":[],"class_list":{"0":"post-101398","1":"product","2":"type-product","3":"status-publish","4":"has-post-thumbnail","6":"product_cat-cheval","7":"product_cat-soins-des-pieds-du-cheval","8":"product_cat-soins-au-quotidien-du-cheval","9":"pa_marque-pommier-nutriti","11":"first","12":"instock","13":"taxable","14":"shipping-taxable","15":"purchasable","16":"product-type-simple"},"yoast_head":"<!-- This site is optimized with the Yoast SEO plugin v27.3 - https:\/\/yoast.com\/product\/yoast-seo-wordpress\/ -->\n<title>Rain Maker Ointment Pommier Nutrition - V\u00e9torino<\/title>\n<meta name=\"description\" content=\"Rain Maker Ointment assure protection et entretien du pied pour chevaux. Temps sec, \u00e9curies poussi\u00e9reuses, manque d&#039;exercice sont des facteurs qui peuvent engendrer des pieds secs, friables voire casants. Les chevaux travaillant sur sol humide ont souvent la sole qui s&#039;effrite, devient molle et se creuse. Les sols secs ass\u00e8chent la corne qui peut durcir, perdre son \u00e9lasticit\u00e9 et devenir cassante ou friable.   Rain Maker\u00a0prot\u00e8ge de\u00a0tous ces probl\u00e8mes. Il r\u00e9gule l&#039;hydratation du pied pour le rendre souple et retrouver son r\u00f4le d&#039;amortisseur.  P\u00e9n\u00e8tre profond\u00e9ment pour favoriser la repousse de la corne, assurer son \u00e9lasticit\u00e9 et redonner un aspect brillant aux sabots.  Il est \u00e9galement conseill\u00e9 en cas de pieds\u00a0serr\u00e9s.  Triple action : attraction, absorption, r\u00e9tention de l&#039;humidit\u00e9.  Pr\u00e9sentation pratique avec pinceau incorpor\u00e9.\" \/>\n<meta name=\"robots\" content=\"noindex, nofollow\" \/>\n<meta property=\"og:locale\" content=\"fr_FR\" \/>\n<meta property=\"og:type\" content=\"article\" \/>\n<meta property=\"og:title\" content=\"Rain Maker Ointment Pommier Nutrition - V\u00e9torino\" \/>\n<meta property=\"og:description\" content=\"Rain Maker Ointment assure protection et entretien du pied pour chevaux. Temps sec, \u00e9curies poussi\u00e9reuses, manque d&#039;exercice sont des facteurs qui peuvent engendrer des pieds secs, friables voire casants. Les chevaux travaillant sur sol humide ont souvent la sole qui s&#039;effrite, devient molle et se creuse. Les sols secs ass\u00e8chent la corne qui peut durcir, perdre son \u00e9lasticit\u00e9 et devenir cassante ou friable.   Rain Maker\u00a0prot\u00e8ge de\u00a0tous ces probl\u00e8mes. Il r\u00e9gule l&#039;hydratation du pied pour le rendre souple et retrouver son r\u00f4le d&#039;amortisseur.  P\u00e9n\u00e8tre profond\u00e9ment pour favoriser la repousse de la corne, assurer son \u00e9lasticit\u00e9 et redonner un aspect brillant aux sabots.  Il est \u00e9galement conseill\u00e9 en cas de pieds\u00a0serr\u00e9s.  Triple action : attraction, absorption, r\u00e9tention de l&#039;humidit\u00e9.  Pr\u00e9sentation pratique avec pinceau incorpor\u00e9.\" \/>\n<meta property=\"og:url\" content=\"https:\/\/www.vetorino.com\/veterinaire\/saint-die-des-vosges-88100\/boutique\/product\/rain-maker-ointment\/\" \/>\n<meta property=\"og:site_name\" content=\"V\u00e9torino\" \/>\n<meta property=\"article:publisher\" content=\"https:\/\/www.facebook.com\/Vetorino\/\" \/>\n<meta property=\"article:modified_time\" content=\"2026-04-03T01:40:51+00:00\" \/>\n<meta property=\"og:image\" content=\"https:\/\/www.vetorino.com\/boutique\/wp-content\/uploads\/2020\/06\/rain-maker_1_g.jpeg\" \/>\n\t<meta property=\"og:image:width\" content=\"287\" \/>\n\t<meta property=\"og:image:height\" content=\"512\" \/>\n\t<meta property=\"og:image:type\" content=\"image\/jpeg\" \/>\n<meta name=\"twitter:card\" content=\"summary_large_image\" \/>\n<meta name=\"twitter:label1\" content=\"Prix\" \/>\n\t<meta name=\"twitter:data1\" content=\"72,42&euro;\" \/>\n\t<meta name=\"twitter:label2\" content=\"Disponibilit\u00e9\" \/>\n\t<meta name=\"twitter:data2\" content=\"En stock\" \/>\n<script type=\"application\/ld+json\" class=\"yoast-schema-graph\">{\"@context\":\"https:\\\/\\\/schema.org\",\"@graph\":[{\"@type\":\"WebPage\",\"@id\":\"https:\\\/\\\/www.vetorino.com\\\/boutique\\\/product\\\/rain-maker-ointment\\\/\",\"url\":\"https:\\\/\\\/www.vetorino.com\\\/boutique\\\/product\\\/rain-maker-ointment\\\/\",\"name\":\"Rain Maker Ointment Pommier Nutrition - V\u00e9torino\",\"isPartOf\":{\"@id\":\"https:\\\/\\\/www.vetorino.com\\\/boutique\\\/#website\"},\"primaryImageOfPage\":{\"@id\":\"https:\\\/\\\/www.vetorino.com\\\/boutique\\\/product\\\/rain-maker-ointment\\\/#primaryimage\"},\"image\":{\"@id\":\"https:\\\/\\\/www.vetorino.com\\\/boutique\\\/product\\\/rain-maker-ointment\\\/#primaryimage\"},\"thumbnailUrl\":\"https:\\\/\\\/www.vetorino.com\\\/boutique\\\/wp-content\\\/uploads\\\/2020\\\/06\\\/rain-maker_1_g.jpeg\",\"datePublished\":\"2020-06-30T09:45:18+00:00\",\"dateModified\":\"2026-04-03T01:40:51+00:00\",\"description\":\"Rain Maker Ointment assure protection et entretien du pied pour chevaux. Temps sec, \u00e9curies poussi\u00e9reuses, manque d'exercice sont des facteurs qui peuvent engendrer des pieds secs, friables voire casants. Les chevaux travaillant sur sol humide ont souvent la sole qui s'effrite, devient molle et se creuse. Les sols secs ass\u00e8chent la corne qui peut durcir, perdre son \u00e9lasticit\u00e9 et devenir cassante ou friable. Rain Maker\u00a0prot\u00e8ge de\u00a0tous ces probl\u00e8mes. Il r\u00e9gule l'hydratation du pied pour le rendre souple et retrouver son r\u00f4le d'amortisseur. P\u00e9n\u00e8tre profond\u00e9ment pour favoriser la repousse de la corne, assurer son \u00e9lasticit\u00e9 et redonner un aspect brillant aux sabots. Il est \u00e9galement conseill\u00e9 en cas de pieds\u00a0serr\u00e9s. Triple action : attraction, absorption, r\u00e9tention de l'humidit\u00e9. Pr\u00e9sentation pratique avec pinceau incorpor\u00e9.\",\"breadcrumb\":{\"@id\":\"https:\\\/\\\/www.vetorino.com\\\/boutique\\\/product\\\/rain-maker-ointment\\\/#breadcrumb\"},\"inLanguage\":\"fr-FR\",\"potentialAction\":[{\"@type\":\"ReadAction\",\"target\":[\"https:\\\/\\\/www.vetorino.com\\\/boutique\\\/product\\\/rain-maker-ointment\\\/\"]}]},{\"@type\":\"ImageObject\",\"inLanguage\":\"fr-FR\",\"@id\":\"https:\\\/\\\/www.vetorino.com\\\/boutique\\\/product\\\/rain-maker-ointment\\\/#primaryimage\",\"url\":\"https:\\\/\\\/www.vetorino.com\\\/boutique\\\/wp-content\\\/uploads\\\/2020\\\/06\\\/rain-maker_1_g.jpeg\",\"contentUrl\":\"https:\\\/\\\/www.vetorino.com\\\/boutique\\\/wp-content\\\/uploads\\\/2020\\\/06\\\/rain-maker_1_g.jpeg\",\"width\":287,\"height\":512},{\"@type\":\"BreadcrumbList\",\"@id\":\"https:\\\/\\\/www.vetorino.com\\\/boutique\\\/product\\\/rain-maker-ointment\\\/#breadcrumb\",\"itemListElement\":[{\"@type\":\"ListItem\",\"position\":1,\"name\":\"Accueil\",\"item\":\"https:\\\/\\\/www.vetorino.com\\\/boutique\\\/\"},{\"@type\":\"ListItem\",\"position\":2,\"name\":\"Produits\",\"item\":\"https:\\\/\\\/www.vetorino.com\\\/boutique\\\/\"},{\"@type\":\"ListItem\",\"position\":3,\"name\":\"Rain Maker Ointment\"}]},{\"@type\":\"WebSite\",\"@id\":\"https:\\\/\\\/www.vetorino.com\\\/boutique\\\/#website\",\"url\":\"https:\\\/\\\/www.vetorino.com\\\/boutique\\\/\",\"name\":\"V\u00e9torino\",\"description\":\"\",\"publisher\":{\"@id\":\"https:\\\/\\\/www.vetorino.com\\\/boutique\\\/#organization\"},\"potentialAction\":[{\"@type\":\"SearchAction\",\"target\":{\"@type\":\"EntryPoint\",\"urlTemplate\":\"https:\\\/\\\/www.vetorino.com\\\/boutique\\\/?s={search_term_string}\"},\"query-input\":{\"@type\":\"PropertyValueSpecification\",\"valueRequired\":true,\"valueName\":\"search_term_string\"}}],\"inLanguage\":\"fr-FR\"},{\"@type\":\"Organization\",\"@id\":\"https:\\\/\\\/www.vetorino.com\\\/boutique\\\/#organization\",\"name\":\"V\u00e9torino\",\"url\":\"https:\\\/\\\/www.vetorino.com\\\/boutique\\\/\",\"logo\":{\"@type\":\"ImageObject\",\"inLanguage\":\"fr-FR\",\"@id\":\"https:\\\/\\\/www.vetorino.com\\\/boutique\\\/#\\\/schema\\\/logo\\\/image\\\/\",\"url\":\"https:\\\/\\\/www.vetorino.com\\\/boutique\\\/wp-content\\\/uploads\\\/2024\\\/10\\\/logo.jpg\",\"contentUrl\":\"https:\\\/\\\/www.vetorino.com\\\/boutique\\\/wp-content\\\/uploads\\\/2024\\\/10\\\/logo.jpg\",\"width\":1200,\"height\":610,\"caption\":\"V\u00e9torino\"},\"image\":{\"@id\":\"https:\\\/\\\/www.vetorino.com\\\/boutique\\\/#\\\/schema\\\/logo\\\/image\\\/\"},\"sameAs\":[\"https:\\\/\\\/www.facebook.com\\\/Vetorino\\\/\",\"https:\\\/\\\/www.instagram.com\\\/vetorino_off\\\/\",\"https:\\\/\\\/www.linkedin.com\\\/company\\\/vtorino\\\/\"]}]}<\/script>\n<meta property=\"product:brand\" content=\"Pommier Nutrition\" \/>\n<meta property=\"product:price:amount\" content=\"72.42\" \/>\n<meta property=\"product:price:currency\" content=\"EUR\" \/>\n<meta property=\"og:availability\" content=\"instock\" \/>\n<meta property=\"product:availability\" content=\"instock\" \/>\n<meta property=\"product:retailer_item_id\" content=\"C-RAI002\" \/>\n<meta property=\"product:condition\" content=\"new\" \/>\n<!-- \/ Yoast SEO plugin. -->","yoast_head_json":{"title":"Rain Maker Ointment Pommier Nutrition - V\u00e9torino","description":"Rain Maker Ointment assure protection et entretien du pied pour chevaux. Temps sec, \u00e9curies poussi\u00e9reuses, manque d'exercice sont des facteurs qui peuvent engendrer des pieds secs, friables voire casants. Les chevaux travaillant sur sol humide ont souvent la sole qui s'effrite, devient molle et se creuse. Les sols secs ass\u00e8chent la corne qui peut durcir, perdre son \u00e9lasticit\u00e9 et devenir cassante ou friable.   Rain Maker\u00a0prot\u00e8ge de\u00a0tous ces probl\u00e8mes. Il r\u00e9gule l'hydratation du pied pour le rendre souple et retrouver son r\u00f4le d'amortisseur.  P\u00e9n\u00e8tre profond\u00e9ment pour favoriser la repousse de la corne, assurer son \u00e9lasticit\u00e9 et redonner un aspect brillant aux sabots.  Il est \u00e9galement conseill\u00e9 en cas de pieds\u00a0serr\u00e9s.  Triple action : attraction, absorption, r\u00e9tention de l'humidit\u00e9.  Pr\u00e9sentation pratique avec pinceau incorpor\u00e9.","robots":{"index":"noindex","follow":"nofollow"},"og_locale":"fr_FR","og_type":"article","og_title":"Rain Maker Ointment Pommier Nutrition - V\u00e9torino","og_description":"Rain Maker Ointment assure protection et entretien du pied pour chevaux. Temps sec, \u00e9curies poussi\u00e9reuses, manque d'exercice sont des facteurs qui peuvent engendrer des pieds secs, friables voire casants. Les chevaux travaillant sur sol humide ont souvent la sole qui s'effrite, devient molle et se creuse. Les sols secs ass\u00e8chent la corne qui peut durcir, perdre son \u00e9lasticit\u00e9 et devenir cassante ou friable.   Rain Maker\u00a0prot\u00e8ge de\u00a0tous ces probl\u00e8mes. Il r\u00e9gule l'hydratation du pied pour le rendre souple et retrouver son r\u00f4le d'amortisseur.  P\u00e9n\u00e8tre profond\u00e9ment pour favoriser la repousse de la corne, assurer son \u00e9lasticit\u00e9 et redonner un aspect brillant aux sabots.  Il est \u00e9galement conseill\u00e9 en cas de pieds\u00a0serr\u00e9s.  Triple action : attraction, absorption, r\u00e9tention de l'humidit\u00e9.  Pr\u00e9sentation pratique avec pinceau incorpor\u00e9.","og_url":"https:\/\/www.vetorino.com\/veterinaire\/saint-die-des-vosges-88100\/boutique\/product\/rain-maker-ointment\/","og_site_name":"V\u00e9torino","article_publisher":"https:\/\/www.facebook.com\/Vetorino\/","article_modified_time":"2026-04-03T01:40:51+00:00","og_image":[{"width":287,"height":512,"url":"https:\/\/www.vetorino.com\/boutique\/wp-content\/uploads\/2020\/06\/rain-maker_1_g.jpeg","type":"image\/jpeg"}],"twitter_card":"summary_large_image","twitter_misc":{"Prix":"72,42&euro;","Disponibilit\u00e9":"En stock"},"schema":{"@context":"https:\/\/schema.org","@graph":[{"@type":"WebPage","@id":"https:\/\/www.vetorino.com\/boutique\/product\/rain-maker-ointment\/","url":"https:\/\/www.vetorino.com\/boutique\/product\/rain-maker-ointment\/","name":"Rain Maker Ointment Pommier Nutrition - V\u00e9torino","isPartOf":{"@id":"https:\/\/www.vetorino.com\/boutique\/#website"},"primaryImageOfPage":{"@id":"https:\/\/www.vetorino.com\/boutique\/product\/rain-maker-ointment\/#primaryimage"},"image":{"@id":"https:\/\/www.vetorino.com\/boutique\/product\/rain-maker-ointment\/#primaryimage"},"thumbnailUrl":"https:\/\/www.vetorino.com\/boutique\/wp-content\/uploads\/2020\/06\/rain-maker_1_g.jpeg","datePublished":"2020-06-30T09:45:18+00:00","dateModified":"2026-04-03T01:40:51+00:00","description":"Rain Maker Ointment assure protection et entretien du pied pour chevaux. Temps sec, \u00e9curies poussi\u00e9reuses, manque d'exercice sont des facteurs qui peuvent engendrer des pieds secs, friables voire casants. Les chevaux travaillant sur sol humide ont souvent la sole qui s'effrite, devient molle et se creuse. Les sols secs ass\u00e8chent la corne qui peut durcir, perdre son \u00e9lasticit\u00e9 et devenir cassante ou friable. Rain Maker\u00a0prot\u00e8ge de\u00a0tous ces probl\u00e8mes. Il r\u00e9gule l'hydratation du pied pour le rendre souple et retrouver son r\u00f4le d'amortisseur. P\u00e9n\u00e8tre profond\u00e9ment pour favoriser la repousse de la corne, assurer son \u00e9lasticit\u00e9 et redonner un aspect brillant aux sabots. Il est \u00e9galement conseill\u00e9 en cas de pieds\u00a0serr\u00e9s. Triple action : attraction, absorption, r\u00e9tention de l'humidit\u00e9. Pr\u00e9sentation pratique avec pinceau incorpor\u00e9.","breadcrumb":{"@id":"https:\/\/www.vetorino.com\/boutique\/product\/rain-maker-ointment\/#breadcrumb"},"inLanguage":"fr-FR","potentialAction":[{"@type":"ReadAction","target":["https:\/\/www.vetorino.com\/boutique\/product\/rain-maker-ointment\/"]}]},{"@type":"ImageObject","inLanguage":"fr-FR","@id":"https:\/\/www.vetorino.com\/boutique\/product\/rain-maker-ointment\/#primaryimage","url":"https:\/\/www.vetorino.com\/boutique\/wp-content\/uploads\/2020\/06\/rain-maker_1_g.jpeg","contentUrl":"https:\/\/www.vetorino.com\/boutique\/wp-content\/uploads\/2020\/06\/rain-maker_1_g.jpeg","width":287,"height":512},{"@type":"BreadcrumbList","@id":"https:\/\/www.vetorino.com\/boutique\/product\/rain-maker-ointment\/#breadcrumb","itemListElement":[{"@type":"ListItem","position":1,"name":"Accueil","item":"https:\/\/www.vetorino.com\/boutique\/"},{"@type":"ListItem","position":2,"name":"Produits","item":"https:\/\/www.vetorino.com\/boutique\/"},{"@type":"ListItem","position":3,"name":"Rain Maker Ointment"}]},{"@type":"WebSite","@id":"https:\/\/www.vetorino.com\/boutique\/#website","url":"https:\/\/www.vetorino.com\/boutique\/","name":"V\u00e9torino","description":"","publisher":{"@id":"https:\/\/www.vetorino.com\/boutique\/#organization"},"potentialAction":[{"@type":"SearchAction","target":{"@type":"EntryPoint","urlTemplate":"https:\/\/www.vetorino.com\/boutique\/?s={search_term_string}"},"query-input":{"@type":"PropertyValueSpecification","valueRequired":true,"valueName":"search_term_string"}}],"inLanguage":"fr-FR"},{"@type":"Organization","@id":"https:\/\/www.vetorino.com\/boutique\/#organization","name":"V\u00e9torino","url":"https:\/\/www.vetorino.com\/boutique\/","logo":{"@type":"ImageObject","inLanguage":"fr-FR","@id":"https:\/\/www.vetorino.com\/boutique\/#\/schema\/logo\/image\/","url":"https:\/\/www.vetorino.com\/boutique\/wp-content\/uploads\/2024\/10\/logo.jpg","contentUrl":"https:\/\/www.vetorino.com\/boutique\/wp-content\/uploads\/2024\/10\/logo.jpg","width":1200,"height":610,"caption":"V\u00e9torino"},"image":{"@id":"https:\/\/www.vetorino.com\/boutique\/#\/schema\/logo\/image\/"},"sameAs":["https:\/\/www.facebook.com\/Vetorino\/","https:\/\/www.instagram.com\/vetorino_off\/","https:\/\/www.linkedin.com\/company\/vtorino\/"]}]},"product_brand":"Pommier Nutrition","product_price_amount":"72.42","product_price_currency":"EUR","og_availability":"instock","product_availability":"instock","product_retailer_item_id":"C-RAI002","product_condition":"new"},"_links":{"self":[{"href":"https:\/\/www.vetorino.com\/veterinaire\/saint-die-des-vosges-88100\/boutique\/wp-json\/wp\/v2\/product\/101398","targetHints":{"allow":["GET"]}}],"collection":[{"href":"https:\/\/www.vetorino.com\/veterinaire\/saint-die-des-vosges-88100\/boutique\/wp-json\/wp\/v2\/product"}],"about":[{"href":"https:\/\/www.vetorino.com\/veterinaire\/saint-die-des-vosges-88100\/boutique\/wp-json\/wp\/v2\/types\/product"}],"wp:featuredmedia":[{"embeddable":true,"href":"https:\/\/www.vetorino.com\/veterinaire\/saint-die-des-vosges-88100\/boutique\/wp-json\/wp\/v2\/media\/207263"}],"wp:attachment":[{"href":"https:\/\/www.vetorino.com\/veterinaire\/saint-die-des-vosges-88100\/boutique\/wp-json\/wp\/v2\/media?parent=101398"}],"wp:term":[{"taxonomy":"product_cat","embeddable":true,"href":"https:\/\/www.vetorino.com\/veterinaire\/saint-die-des-vosges-88100\/boutique\/wp-json\/wp\/v2\/product_cat?post=101398"},{"taxonomy":"product_tag","embeddable":true,"href":"https:\/\/www.vetorino.com\/veterinaire\/saint-die-des-vosges-88100\/boutique\/wp-json\/wp\/v2\/product_tag?post=101398"}],"curies":[{"name":"wp","href":"https:\/\/api.w.org\/{rel}","templated":true}]}}