{"id":124860,"date":"2020-10-19T16:30:19","date_gmt":"2020-10-19T14:30:19","guid":{"rendered":"https:\/\/www.vetorino.com\/boutique\/product\/cat-early-renal-sachet-repas\/"},"modified":"2026-02-25T02:42:06","modified_gmt":"2026-02-25T01:42:06","slug":"cat-early-renal-sachet-repas","status":"publish","type":"product","link":"https:\/\/www.vetorino.com\/veterinaire\/saint-die-des-vosges-88100\/boutique\/product\/cat-early-renal-sachet-repas\/","title":{"rendered":"Early Renal en sauce &#8211; chat"},"content":{"rendered":"<p>P\u00e2t\u00e9e <strong>Royal Canin Cat Early Renal<\/strong> est un aliment adapt\u00e9 aux chats pour lutter contre les signes du vieillissement, la perte de poids et les calculs r\u00e9naux.<\/p>\n<p><strong>Utilisation :<\/strong><\/p>\n<ul>\n<li>Convient aux chats \u00e2g\u00e9s<\/li>\n<li>Stades pr\u00e9coces de l&#8217;insuffisance r\u00e9nale chronique<\/li>\n<\/ul>\n<p><strong>Bienfaits :\u00a0<\/strong><\/p>\n<ul>\n<li>Combinaison de prot\u00e9ines hautement digestibles.<\/li>\n<li>Phospate de sodium pour aider \u00e0 limiter la formation de tartre.<\/li>\n<li>Stimule la synth\u00e8se de c\u00e9ramides, pour renforcer la barri\u00e8re cutan\u00e9e et r\u00e9duire les pertes d&#8217;eau trans\u00e9pidermique.<\/li>\n<li>Les pr\u00e9biotiques aident \u00e0 renforcer les d\u00e9fenses naturelles du chiot pendant la croissance.<\/li>\n<\/ul>\n","protected":false},"excerpt":{"rendered":"<p>P\u00e2t\u00e9e <strong>Royal Canin Cat Early Renal<\/strong> est un aliment adapt\u00e9 aux chats pour lutter contre les signes du vieillissement, la perte de poids et les calculs r\u00e9naux.<\/p>\n<p><strong>Utilisation :<\/strong><\/p>\n<ul>\n<li>Convient aux chats \u00e2g\u00e9s<\/li>\n<li>Stades pr\u00e9coces de l&#8217;insuffisance r\u00e9nale chronique<\/li>\n<\/ul>\n<p><strong>Bienfaits :\u00a0<\/strong><\/p>\n<ul>\n<li>Combinaison de prot\u00e9ines hautement digestibles.<\/li>\n<li>Phospate de sodium pour aider \u00e0 limiter la formation de tartre.<\/li>\n<li>Stimule la synth\u00e8se de c\u00e9ramides, pour renforcer la barri\u00e8re cutan\u00e9e et r\u00e9duire les pertes d&#8217;eau trans\u00e9pidermique.<\/li>\n<li>Les pr\u00e9biotiques aident \u00e0 renforcer les d\u00e9fenses naturelles du chiot pendant la croissance.<\/li>\n<\/ul>\n","protected":false},"featured_media":266848,"template":"","meta":[],"product_cat":[12551,12581,2697],"product_tag":[],"class_list":{"0":"post-124860","1":"product","2":"type-product","3":"status-publish","4":"has-post-thumbnail","6":"product_cat-alimentation-du-chat","7":"product_cat-alimentation-medicalisee-pour-chat","8":"product_cat-chat","9":"pa_marque-royal-canin","11":"first","12":"instock","13":"taxable","14":"shipping-taxable","15":"purchasable","16":"product-type-simple"},"yoast_head":"<!-- This site is optimized with the Yoast SEO plugin v27.3 - https:\/\/yoast.com\/product\/yoast-seo-wordpress\/ -->\n<title>Veterinary Diet (Royal Canin) Early Renal en sauce - chat Royal Canin - V\u00e9torino<\/title>\n<meta name=\"description\" content=\"P\u00e2t\u00e9e Royal Canin Cat Early Renal est un aliment adapt\u00e9 aux chats pour lutter contre les signes du vieillissement, la perte de poids et les calculs r\u00e9naux.  Utilisation :   Convient aux chats \u00e2g\u00e9s  Stades pr\u00e9coces de l&#039;insuffisance r\u00e9nale chronique  Bienfaits :\u00a0   Combinaison de prot\u00e9ines hautement digestibles.  Phospate de sodium pour aider \u00e0 limiter la formation de tartre.  Stimule la synth\u00e8se de c\u00e9ramides, pour renforcer la barri\u00e8re cutan\u00e9e et r\u00e9duire les pertes d&#039;eau trans\u00e9pidermique.  Les pr\u00e9biotiques aident \u00e0 renforcer les d\u00e9fenses naturelles du chiot pendant la croissance.\" \/>\n<meta name=\"robots\" content=\"noindex, nofollow\" \/>\n<meta property=\"og:locale\" content=\"fr_FR\" \/>\n<meta property=\"og:type\" content=\"article\" \/>\n<meta property=\"og:title\" content=\"Veterinary Diet (Royal Canin) Early Renal en sauce - chat Royal Canin - V\u00e9torino\" \/>\n<meta property=\"og:description\" content=\"P\u00e2t\u00e9e Royal Canin Cat Early Renal est un aliment adapt\u00e9 aux chats pour lutter contre les signes du vieillissement, la perte de poids et les calculs r\u00e9naux.  Utilisation :   Convient aux chats \u00e2g\u00e9s  Stades pr\u00e9coces de l&#039;insuffisance r\u00e9nale chronique  Bienfaits :\u00a0   Combinaison de prot\u00e9ines hautement digestibles.  Phospate de sodium pour aider \u00e0 limiter la formation de tartre.  Stimule la synth\u00e8se de c\u00e9ramides, pour renforcer la barri\u00e8re cutan\u00e9e et r\u00e9duire les pertes d&#039;eau trans\u00e9pidermique.  Les pr\u00e9biotiques aident \u00e0 renforcer les d\u00e9fenses naturelles du chiot pendant la croissance.\" \/>\n<meta property=\"og:url\" content=\"https:\/\/www.vetorino.com\/veterinaire\/saint-die-des-vosges-88100\/boutique\/product\/cat-early-renal-sachet-repas\/\" \/>\n<meta property=\"og:site_name\" content=\"V\u00e9torino\" \/>\n<meta property=\"article:publisher\" content=\"https:\/\/www.facebook.com\/Vetorino\/\" \/>\n<meta property=\"article:modified_time\" content=\"2026-02-25T01:42:06+00:00\" \/>\n<meta property=\"og:image\" content=\"https:\/\/www.vetorino.com\/boutique\/wp-content\/uploads\/2020\/11\/cat-early-renal-eminces-en-sauce.jpg\" \/>\n\t<meta property=\"og:image:width\" content=\"458\" \/>\n\t<meta property=\"og:image:height\" content=\"458\" \/>\n\t<meta property=\"og:image:type\" content=\"image\/jpeg\" \/>\n<meta name=\"twitter:card\" content=\"summary_large_image\" \/>\n<meta name=\"twitter:label1\" content=\"Prix\" \/>\n\t<meta name=\"twitter:data1\" content=\"21,43&euro;\" \/>\n\t<meta name=\"twitter:label2\" content=\"Disponibilit\u00e9\" \/>\n\t<meta name=\"twitter:data2\" content=\"En stock\" \/>\n<script type=\"application\/ld+json\" class=\"yoast-schema-graph\">{\"@context\":\"https:\\\/\\\/schema.org\",\"@graph\":[{\"@type\":\"WebPage\",\"@id\":\"https:\\\/\\\/www.vetorino.com\\\/veterinaire\\\/briancon-05100\\\/boutique\\\/product\\\/cat-early-renal-sachet-repas\\\/\",\"url\":\"https:\\\/\\\/www.vetorino.com\\\/veterinaire\\\/briancon-05100\\\/boutique\\\/product\\\/cat-early-renal-sachet-repas\\\/\",\"name\":\"Veterinary Diet (Royal Canin) Early Renal en sauce - chat Royal Canin - V\u00e9torino\",\"isPartOf\":{\"@id\":\"https:\\\/\\\/www.vetorino.com\\\/boutique\\\/#website\"},\"primaryImageOfPage\":{\"@id\":\"https:\\\/\\\/www.vetorino.com\\\/veterinaire\\\/briancon-05100\\\/boutique\\\/product\\\/cat-early-renal-sachet-repas\\\/#primaryimage\"},\"image\":{\"@id\":\"https:\\\/\\\/www.vetorino.com\\\/veterinaire\\\/briancon-05100\\\/boutique\\\/product\\\/cat-early-renal-sachet-repas\\\/#primaryimage\"},\"thumbnailUrl\":\"https:\\\/\\\/www.vetorino.com\\\/boutique\\\/wp-content\\\/uploads\\\/2020\\\/11\\\/cat-early-renal-eminces-en-sauce.jpg\",\"datePublished\":\"2020-10-19T14:30:19+00:00\",\"dateModified\":\"2026-02-25T01:42:06+00:00\",\"description\":\"P\u00e2t\u00e9e Royal Canin Cat Early Renal est un aliment adapt\u00e9 aux chats pour lutter contre les signes du vieillissement, la perte de poids et les calculs r\u00e9naux. Utilisation : Convient aux chats \u00e2g\u00e9s Stades pr\u00e9coces de l'insuffisance r\u00e9nale chronique Bienfaits :\u00a0 Combinaison de prot\u00e9ines hautement digestibles. Phospate de sodium pour aider \u00e0 limiter la formation de tartre. Stimule la synth\u00e8se de c\u00e9ramides, pour renforcer la barri\u00e8re cutan\u00e9e et r\u00e9duire les pertes d'eau trans\u00e9pidermique. Les pr\u00e9biotiques aident \u00e0 renforcer les d\u00e9fenses naturelles du chiot pendant la croissance.\",\"breadcrumb\":{\"@id\":\"https:\\\/\\\/www.vetorino.com\\\/veterinaire\\\/briancon-05100\\\/boutique\\\/product\\\/cat-early-renal-sachet-repas\\\/#breadcrumb\"},\"inLanguage\":\"fr-FR\",\"potentialAction\":[{\"@type\":\"ReadAction\",\"target\":[\"https:\\\/\\\/www.vetorino.com\\\/veterinaire\\\/briancon-05100\\\/boutique\\\/product\\\/cat-early-renal-sachet-repas\\\/\"]}]},{\"@type\":\"ImageObject\",\"inLanguage\":\"fr-FR\",\"@id\":\"https:\\\/\\\/www.vetorino.com\\\/veterinaire\\\/briancon-05100\\\/boutique\\\/product\\\/cat-early-renal-sachet-repas\\\/#primaryimage\",\"url\":\"https:\\\/\\\/www.vetorino.com\\\/boutique\\\/wp-content\\\/uploads\\\/2020\\\/11\\\/cat-early-renal-eminces-en-sauce.jpg\",\"contentUrl\":\"https:\\\/\\\/www.vetorino.com\\\/boutique\\\/wp-content\\\/uploads\\\/2020\\\/11\\\/cat-early-renal-eminces-en-sauce.jpg\",\"width\":458,\"height\":458,\"caption\":\"ROYAL CANIN VET CARE NUTRITION Cat Early Renal \u00e9minc\u00e9s en sauce\"},{\"@type\":\"BreadcrumbList\",\"@id\":\"https:\\\/\\\/www.vetorino.com\\\/veterinaire\\\/briancon-05100\\\/boutique\\\/product\\\/cat-early-renal-sachet-repas\\\/#breadcrumb\",\"itemListElement\":[{\"@type\":\"ListItem\",\"position\":1,\"name\":\"Accueil\",\"item\":\"https:\\\/\\\/www.vetorino.com\\\/boutique\\\/\"},{\"@type\":\"ListItem\",\"position\":2,\"name\":\"Produits\",\"item\":\"https:\\\/\\\/www.vetorino.com\\\/boutique\\\/\"},{\"@type\":\"ListItem\",\"position\":3,\"name\":\"Early Renal en sauce &#8211; chat\"}]},{\"@type\":\"WebSite\",\"@id\":\"https:\\\/\\\/www.vetorino.com\\\/boutique\\\/#website\",\"url\":\"https:\\\/\\\/www.vetorino.com\\\/boutique\\\/\",\"name\":\"V\u00e9torino\",\"description\":\"\",\"publisher\":{\"@id\":\"https:\\\/\\\/www.vetorino.com\\\/boutique\\\/#organization\"},\"potentialAction\":[{\"@type\":\"SearchAction\",\"target\":{\"@type\":\"EntryPoint\",\"urlTemplate\":\"https:\\\/\\\/www.vetorino.com\\\/boutique\\\/?s={search_term_string}\"},\"query-input\":{\"@type\":\"PropertyValueSpecification\",\"valueRequired\":true,\"valueName\":\"search_term_string\"}}],\"inLanguage\":\"fr-FR\"},{\"@type\":\"Organization\",\"@id\":\"https:\\\/\\\/www.vetorino.com\\\/boutique\\\/#organization\",\"name\":\"V\u00e9torino\",\"url\":\"https:\\\/\\\/www.vetorino.com\\\/boutique\\\/\",\"logo\":{\"@type\":\"ImageObject\",\"inLanguage\":\"fr-FR\",\"@id\":\"https:\\\/\\\/www.vetorino.com\\\/boutique\\\/#\\\/schema\\\/logo\\\/image\\\/\",\"url\":\"https:\\\/\\\/www.vetorino.com\\\/boutique\\\/wp-content\\\/uploads\\\/2024\\\/10\\\/logo.jpg\",\"contentUrl\":\"https:\\\/\\\/www.vetorino.com\\\/boutique\\\/wp-content\\\/uploads\\\/2024\\\/10\\\/logo.jpg\",\"width\":1200,\"height\":610,\"caption\":\"V\u00e9torino\"},\"image\":{\"@id\":\"https:\\\/\\\/www.vetorino.com\\\/boutique\\\/#\\\/schema\\\/logo\\\/image\\\/\"},\"sameAs\":[\"https:\\\/\\\/www.facebook.com\\\/Vetorino\\\/\",\"https:\\\/\\\/www.instagram.com\\\/vetorino_off\\\/\",\"https:\\\/\\\/www.linkedin.com\\\/company\\\/vtorino\\\/\"]}]}<\/script>\n<meta property=\"product:brand\" content=\"Royal Canin\" \/>\n<meta property=\"product:price:amount\" content=\"21.43\" \/>\n<meta property=\"product:price:currency\" content=\"EUR\" \/>\n<meta property=\"og:availability\" content=\"instock\" \/>\n<meta property=\"product:availability\" content=\"instock\" \/>\n<meta property=\"product:retailer_item_id\" content=\"C-VNC016\" \/>\n<meta property=\"product:condition\" content=\"new\" \/>\n<!-- \/ Yoast SEO plugin. -->","yoast_head_json":{"title":"Veterinary Diet (Royal Canin) Early Renal en sauce - chat Royal Canin - V\u00e9torino","description":"P\u00e2t\u00e9e Royal Canin Cat Early Renal est un aliment adapt\u00e9 aux chats pour lutter contre les signes du vieillissement, la perte de poids et les calculs r\u00e9naux.  Utilisation :   Convient aux chats \u00e2g\u00e9s  Stades pr\u00e9coces de l'insuffisance r\u00e9nale chronique  Bienfaits :\u00a0   Combinaison de prot\u00e9ines hautement digestibles.  Phospate de sodium pour aider \u00e0 limiter la formation de tartre.  Stimule la synth\u00e8se de c\u00e9ramides, pour renforcer la barri\u00e8re cutan\u00e9e et r\u00e9duire les pertes d'eau trans\u00e9pidermique.  Les pr\u00e9biotiques aident \u00e0 renforcer les d\u00e9fenses naturelles du chiot pendant la croissance.","robots":{"index":"noindex","follow":"nofollow"},"og_locale":"fr_FR","og_type":"article","og_title":"Veterinary Diet (Royal Canin) Early Renal en sauce - chat Royal Canin - V\u00e9torino","og_description":"P\u00e2t\u00e9e Royal Canin Cat Early Renal est un aliment adapt\u00e9 aux chats pour lutter contre les signes du vieillissement, la perte de poids et les calculs r\u00e9naux.  Utilisation :   Convient aux chats \u00e2g\u00e9s  Stades pr\u00e9coces de l'insuffisance r\u00e9nale chronique  Bienfaits :\u00a0   Combinaison de prot\u00e9ines hautement digestibles.  Phospate de sodium pour aider \u00e0 limiter la formation de tartre.  Stimule la synth\u00e8se de c\u00e9ramides, pour renforcer la barri\u00e8re cutan\u00e9e et r\u00e9duire les pertes d'eau trans\u00e9pidermique.  Les pr\u00e9biotiques aident \u00e0 renforcer les d\u00e9fenses naturelles du chiot pendant la croissance.","og_url":"https:\/\/www.vetorino.com\/veterinaire\/saint-die-des-vosges-88100\/boutique\/product\/cat-early-renal-sachet-repas\/","og_site_name":"V\u00e9torino","article_publisher":"https:\/\/www.facebook.com\/Vetorino\/","article_modified_time":"2026-02-25T01:42:06+00:00","og_image":[{"width":458,"height":458,"url":"https:\/\/www.vetorino.com\/boutique\/wp-content\/uploads\/2020\/11\/cat-early-renal-eminces-en-sauce.jpg","type":"image\/jpeg"}],"twitter_card":"summary_large_image","twitter_misc":{"Prix":"21,43&euro;","Disponibilit\u00e9":"En stock"},"schema":{"@context":"https:\/\/schema.org","@graph":[{"@type":"WebPage","@id":"https:\/\/www.vetorino.com\/veterinaire\/briancon-05100\/boutique\/product\/cat-early-renal-sachet-repas\/","url":"https:\/\/www.vetorino.com\/veterinaire\/briancon-05100\/boutique\/product\/cat-early-renal-sachet-repas\/","name":"Veterinary Diet (Royal Canin) Early Renal en sauce - chat Royal Canin - V\u00e9torino","isPartOf":{"@id":"https:\/\/www.vetorino.com\/boutique\/#website"},"primaryImageOfPage":{"@id":"https:\/\/www.vetorino.com\/veterinaire\/briancon-05100\/boutique\/product\/cat-early-renal-sachet-repas\/#primaryimage"},"image":{"@id":"https:\/\/www.vetorino.com\/veterinaire\/briancon-05100\/boutique\/product\/cat-early-renal-sachet-repas\/#primaryimage"},"thumbnailUrl":"https:\/\/www.vetorino.com\/boutique\/wp-content\/uploads\/2020\/11\/cat-early-renal-eminces-en-sauce.jpg","datePublished":"2020-10-19T14:30:19+00:00","dateModified":"2026-02-25T01:42:06+00:00","description":"P\u00e2t\u00e9e Royal Canin Cat Early Renal est un aliment adapt\u00e9 aux chats pour lutter contre les signes du vieillissement, la perte de poids et les calculs r\u00e9naux. Utilisation : Convient aux chats \u00e2g\u00e9s Stades pr\u00e9coces de l'insuffisance r\u00e9nale chronique Bienfaits :\u00a0 Combinaison de prot\u00e9ines hautement digestibles. Phospate de sodium pour aider \u00e0 limiter la formation de tartre. Stimule la synth\u00e8se de c\u00e9ramides, pour renforcer la barri\u00e8re cutan\u00e9e et r\u00e9duire les pertes d'eau trans\u00e9pidermique. Les pr\u00e9biotiques aident \u00e0 renforcer les d\u00e9fenses naturelles du chiot pendant la croissance.","breadcrumb":{"@id":"https:\/\/www.vetorino.com\/veterinaire\/briancon-05100\/boutique\/product\/cat-early-renal-sachet-repas\/#breadcrumb"},"inLanguage":"fr-FR","potentialAction":[{"@type":"ReadAction","target":["https:\/\/www.vetorino.com\/veterinaire\/briancon-05100\/boutique\/product\/cat-early-renal-sachet-repas\/"]}]},{"@type":"ImageObject","inLanguage":"fr-FR","@id":"https:\/\/www.vetorino.com\/veterinaire\/briancon-05100\/boutique\/product\/cat-early-renal-sachet-repas\/#primaryimage","url":"https:\/\/www.vetorino.com\/boutique\/wp-content\/uploads\/2020\/11\/cat-early-renal-eminces-en-sauce.jpg","contentUrl":"https:\/\/www.vetorino.com\/boutique\/wp-content\/uploads\/2020\/11\/cat-early-renal-eminces-en-sauce.jpg","width":458,"height":458,"caption":"ROYAL CANIN VET CARE NUTRITION Cat Early Renal \u00e9minc\u00e9s en sauce"},{"@type":"BreadcrumbList","@id":"https:\/\/www.vetorino.com\/veterinaire\/briancon-05100\/boutique\/product\/cat-early-renal-sachet-repas\/#breadcrumb","itemListElement":[{"@type":"ListItem","position":1,"name":"Accueil","item":"https:\/\/www.vetorino.com\/boutique\/"},{"@type":"ListItem","position":2,"name":"Produits","item":"https:\/\/www.vetorino.com\/boutique\/"},{"@type":"ListItem","position":3,"name":"Early Renal en sauce &#8211; chat"}]},{"@type":"WebSite","@id":"https:\/\/www.vetorino.com\/boutique\/#website","url":"https:\/\/www.vetorino.com\/boutique\/","name":"V\u00e9torino","description":"","publisher":{"@id":"https:\/\/www.vetorino.com\/boutique\/#organization"},"potentialAction":[{"@type":"SearchAction","target":{"@type":"EntryPoint","urlTemplate":"https:\/\/www.vetorino.com\/boutique\/?s={search_term_string}"},"query-input":{"@type":"PropertyValueSpecification","valueRequired":true,"valueName":"search_term_string"}}],"inLanguage":"fr-FR"},{"@type":"Organization","@id":"https:\/\/www.vetorino.com\/boutique\/#organization","name":"V\u00e9torino","url":"https:\/\/www.vetorino.com\/boutique\/","logo":{"@type":"ImageObject","inLanguage":"fr-FR","@id":"https:\/\/www.vetorino.com\/boutique\/#\/schema\/logo\/image\/","url":"https:\/\/www.vetorino.com\/boutique\/wp-content\/uploads\/2024\/10\/logo.jpg","contentUrl":"https:\/\/www.vetorino.com\/boutique\/wp-content\/uploads\/2024\/10\/logo.jpg","width":1200,"height":610,"caption":"V\u00e9torino"},"image":{"@id":"https:\/\/www.vetorino.com\/boutique\/#\/schema\/logo\/image\/"},"sameAs":["https:\/\/www.facebook.com\/Vetorino\/","https:\/\/www.instagram.com\/vetorino_off\/","https:\/\/www.linkedin.com\/company\/vtorino\/"]}]},"product_brand":"Royal Canin","product_price_amount":"21.43","product_price_currency":"EUR","og_availability":"instock","product_availability":"instock","product_retailer_item_id":"C-VNC016","product_condition":"new"},"_links":{"self":[{"href":"https:\/\/www.vetorino.com\/veterinaire\/saint-die-des-vosges-88100\/boutique\/wp-json\/wp\/v2\/product\/124860","targetHints":{"allow":["GET"]}}],"collection":[{"href":"https:\/\/www.vetorino.com\/veterinaire\/saint-die-des-vosges-88100\/boutique\/wp-json\/wp\/v2\/product"}],"about":[{"href":"https:\/\/www.vetorino.com\/veterinaire\/saint-die-des-vosges-88100\/boutique\/wp-json\/wp\/v2\/types\/product"}],"wp:featuredmedia":[{"embeddable":true,"href":"https:\/\/www.vetorino.com\/veterinaire\/saint-die-des-vosges-88100\/boutique\/wp-json\/wp\/v2\/media\/266848"}],"wp:attachment":[{"href":"https:\/\/www.vetorino.com\/veterinaire\/saint-die-des-vosges-88100\/boutique\/wp-json\/wp\/v2\/media?parent=124860"}],"wp:term":[{"taxonomy":"product_cat","embeddable":true,"href":"https:\/\/www.vetorino.com\/veterinaire\/saint-die-des-vosges-88100\/boutique\/wp-json\/wp\/v2\/product_cat?post=124860"},{"taxonomy":"product_tag","embeddable":true,"href":"https:\/\/www.vetorino.com\/veterinaire\/saint-die-des-vosges-88100\/boutique\/wp-json\/wp\/v2\/product_tag?post=124860"}],"curies":[{"name":"wp","href":"https:\/\/api.w.org\/{rel}","templated":true}]}}