{"id":130526,"date":"2020-11-25T20:28:45","date_gmt":"2020-11-25T19:28:45","guid":{"rendered":"https:\/\/www.vetorino.com\/boutique\/product\/kong-marathon\/"},"modified":"2023-05-31T16:46:53","modified_gmt":"2023-05-31T14:46:53","slug":"kong-marathon","status":"publish","type":"product","link":"https:\/\/www.vetorino.com\/veterinaire\/saint-die-des-vosges-88100\/boutique\/product\/kong-marathon\/","title":{"rendered":"Kong Marathon"},"content":{"rendered":"<p>Kong Marathon Saveur Poulet &#8211; Small &#8211; Lot de 2<\/p>\n","protected":false},"excerpt":{"rendered":"<p>Offre une mastication mentalement stimulante.<br \/>\nUne friandise pratique \u00e0 mastiquer faite sp\u00e9cialement pour les Kong Classic en caoutchouc naturel.<br \/>\nConvient \u00e9galement aux gammes de jouets en caoutchouc Puppy, Extreme, S\u00e9nior, et Binky.<br \/>\nSe positionne dans un jouet Kong par un mouvement en trois temps : tourner, pousser et verrouiller.<br \/>\nNettoie les dents et rafra\u00eechit l&#8217;haleine.<br \/>\nFormule enti\u00e8rement naturelle, sans c\u00e9r\u00e9ales.<br \/>\nParfum : poulet.<\/p>\n","protected":false},"featured_media":625482,"template":"","meta":[],"product_cat":[12550,2698,12621],"product_tag":[],"class_list":{"0":"post-130526","1":"product","2":"type-product","3":"status-publish","4":"has-post-thumbnail","6":"product_cat-accessoires-du-chien","7":"product_cat-chien","8":"product_cat-jeux-educatifs-pour-chien","9":"pa_marque-kong","11":"first","12":"outofstock","13":"taxable","14":"shipping-taxable","15":"purchasable","16":"product-type-variable"},"yoast_head":"<!-- This site is optimized with the Yoast SEO plugin v27.3 - https:\/\/yoast.com\/product\/yoast-seo-wordpress\/ -->\n<title>Kong Marathon Kong - V\u00e9torino<\/title>\n<meta name=\"description\" content=\"Offre une mastication mentalement stimulante. Une friandise pratique \u00e0 mastiquer faite sp\u00e9cialement pour les Kong Classic en caoutchouc naturel. Convient \u00e9galement aux gammes de jouets en caoutchouc Puppy, Extreme, S\u00e9nior, et Binky. Se positionne dans un jouet Kong par un mouvement en trois temps : tourner, pousser et verrouiller. Nettoie les dents et rafra\u00eechit l&#039;haleine. Formule enti\u00e8rement naturelle, sans c\u00e9r\u00e9ales. Parfum : poulet.\" \/>\n<meta name=\"robots\" content=\"noindex, nofollow\" \/>\n<meta property=\"og:locale\" content=\"fr_FR\" \/>\n<meta property=\"og:type\" content=\"article\" \/>\n<meta property=\"og:title\" content=\"Kong Marathon Kong - V\u00e9torino\" \/>\n<meta property=\"og:description\" content=\"Offre une mastication mentalement stimulante. Une friandise pratique \u00e0 mastiquer faite sp\u00e9cialement pour les Kong Classic en caoutchouc naturel. Convient \u00e9galement aux gammes de jouets en caoutchouc Puppy, Extreme, S\u00e9nior, et Binky. Se positionne dans un jouet Kong par un mouvement en trois temps : tourner, pousser et verrouiller. Nettoie les dents et rafra\u00eechit l&#039;haleine. Formule enti\u00e8rement naturelle, sans c\u00e9r\u00e9ales. Parfum : poulet.\" \/>\n<meta property=\"og:url\" content=\"https:\/\/www.vetorino.com\/veterinaire\/saint-die-des-vosges-88100\/boutique\/product\/kong-marathon\/\" \/>\n<meta property=\"og:site_name\" content=\"V\u00e9torino\" \/>\n<meta property=\"article:publisher\" content=\"https:\/\/www.facebook.com\/Vetorino\/\" \/>\n<meta property=\"article:modified_time\" content=\"2023-05-31T14:46:53+00:00\" \/>\n<meta property=\"og:image\" content=\"https:\/\/www.vetorino.com\/boutique\/wp-content\/uploads\/2020\/11\/648476f1fc2bc6c301ff01b39b68fef52abb944013190147aa36d63cc76a8074.jpg\" \/>\n\t<meta property=\"og:image:width\" content=\"700\" \/>\n\t<meta property=\"og:image:height\" content=\"700\" \/>\n\t<meta property=\"og:image:type\" content=\"image\/jpeg\" \/>\n<meta name=\"twitter:card\" content=\"summary_large_image\" \/>\n<meta name=\"twitter:label1\" content=\"Disponibilit\u00e9\" \/>\n\t<meta name=\"twitter:data1\" content=\"Rupture de stock\" \/>\n<script type=\"application\/ld+json\" class=\"yoast-schema-graph\">{\"@context\":\"https:\\\/\\\/schema.org\",\"@graph\":[{\"@type\":\"WebPage\",\"@id\":\"https:\\\/\\\/www.vetorino.com\\\/veterinaire\\\/champs-sur-marne-77420\\\/boutique\\\/product\\\/kong-marathon\\\/\",\"url\":\"https:\\\/\\\/www.vetorino.com\\\/veterinaire\\\/champs-sur-marne-77420\\\/boutique\\\/product\\\/kong-marathon\\\/\",\"name\":\"Kong Marathon Kong - V\u00e9torino\",\"isPartOf\":{\"@id\":\"https:\\\/\\\/www.vetorino.com\\\/boutique\\\/#website\"},\"primaryImageOfPage\":{\"@id\":\"https:\\\/\\\/www.vetorino.com\\\/veterinaire\\\/champs-sur-marne-77420\\\/boutique\\\/product\\\/kong-marathon\\\/#primaryimage\"},\"image\":{\"@id\":\"https:\\\/\\\/www.vetorino.com\\\/veterinaire\\\/champs-sur-marne-77420\\\/boutique\\\/product\\\/kong-marathon\\\/#primaryimage\"},\"thumbnailUrl\":\"https:\\\/\\\/www.vetorino.com\\\/boutique\\\/wp-content\\\/uploads\\\/2020\\\/11\\\/648476f1fc2bc6c301ff01b39b68fef52abb944013190147aa36d63cc76a8074.jpg\",\"datePublished\":\"2020-11-25T19:28:45+00:00\",\"dateModified\":\"2023-05-31T14:46:53+00:00\",\"description\":\"Offre une mastication mentalement stimulante. Une friandise pratique \u00e0 mastiquer faite sp\u00e9cialement pour les Kong Classic en caoutchouc naturel. Convient \u00e9galement aux gammes de jouets en caoutchouc Puppy, Extreme, S\u00e9nior, et Binky. Se positionne dans un jouet Kong par un mouvement en trois temps : tourner, pousser et verrouiller. Nettoie les dents et rafra\u00eechit l'haleine. Formule enti\u00e8rement naturelle, sans c\u00e9r\u00e9ales. Parfum : poulet.\",\"breadcrumb\":{\"@id\":\"https:\\\/\\\/www.vetorino.com\\\/veterinaire\\\/champs-sur-marne-77420\\\/boutique\\\/product\\\/kong-marathon\\\/#breadcrumb\"},\"inLanguage\":\"fr-FR\",\"potentialAction\":[{\"@type\":\"ReadAction\",\"target\":[\"https:\\\/\\\/www.vetorino.com\\\/veterinaire\\\/champs-sur-marne-77420\\\/boutique\\\/product\\\/kong-marathon\\\/\"]}]},{\"@type\":\"ImageObject\",\"inLanguage\":\"fr-FR\",\"@id\":\"https:\\\/\\\/www.vetorino.com\\\/veterinaire\\\/champs-sur-marne-77420\\\/boutique\\\/product\\\/kong-marathon\\\/#primaryimage\",\"url\":\"https:\\\/\\\/www.vetorino.com\\\/boutique\\\/wp-content\\\/uploads\\\/2020\\\/11\\\/648476f1fc2bc6c301ff01b39b68fef52abb944013190147aa36d63cc76a8074.jpg\",\"contentUrl\":\"https:\\\/\\\/www.vetorino.com\\\/boutique\\\/wp-content\\\/uploads\\\/2020\\\/11\\\/648476f1fc2bc6c301ff01b39b68fef52abb944013190147aa36d63cc76a8074.jpg\",\"width\":700,\"height\":700},{\"@type\":\"BreadcrumbList\",\"@id\":\"https:\\\/\\\/www.vetorino.com\\\/veterinaire\\\/champs-sur-marne-77420\\\/boutique\\\/product\\\/kong-marathon\\\/#breadcrumb\",\"itemListElement\":[{\"@type\":\"ListItem\",\"position\":1,\"name\":\"Accueil\",\"item\":\"https:\\\/\\\/www.vetorino.com\\\/boutique\\\/\"},{\"@type\":\"ListItem\",\"position\":2,\"name\":\"Produits\",\"item\":\"https:\\\/\\\/www.vetorino.com\\\/boutique\\\/\"},{\"@type\":\"ListItem\",\"position\":3,\"name\":\"Kong Marathon\"}]},{\"@type\":\"WebSite\",\"@id\":\"https:\\\/\\\/www.vetorino.com\\\/boutique\\\/#website\",\"url\":\"https:\\\/\\\/www.vetorino.com\\\/boutique\\\/\",\"name\":\"V\u00e9torino\",\"description\":\"\",\"publisher\":{\"@id\":\"https:\\\/\\\/www.vetorino.com\\\/boutique\\\/#organization\"},\"potentialAction\":[{\"@type\":\"SearchAction\",\"target\":{\"@type\":\"EntryPoint\",\"urlTemplate\":\"https:\\\/\\\/www.vetorino.com\\\/boutique\\\/?s={search_term_string}\"},\"query-input\":{\"@type\":\"PropertyValueSpecification\",\"valueRequired\":true,\"valueName\":\"search_term_string\"}}],\"inLanguage\":\"fr-FR\"},{\"@type\":\"Organization\",\"@id\":\"https:\\\/\\\/www.vetorino.com\\\/boutique\\\/#organization\",\"name\":\"V\u00e9torino\",\"url\":\"https:\\\/\\\/www.vetorino.com\\\/boutique\\\/\",\"logo\":{\"@type\":\"ImageObject\",\"inLanguage\":\"fr-FR\",\"@id\":\"https:\\\/\\\/www.vetorino.com\\\/boutique\\\/#\\\/schema\\\/logo\\\/image\\\/\",\"url\":\"https:\\\/\\\/www.vetorino.com\\\/boutique\\\/wp-content\\\/uploads\\\/2024\\\/10\\\/logo.jpg\",\"contentUrl\":\"https:\\\/\\\/www.vetorino.com\\\/boutique\\\/wp-content\\\/uploads\\\/2024\\\/10\\\/logo.jpg\",\"width\":1200,\"height\":610,\"caption\":\"V\u00e9torino\"},\"image\":{\"@id\":\"https:\\\/\\\/www.vetorino.com\\\/boutique\\\/#\\\/schema\\\/logo\\\/image\\\/\"},\"sameAs\":[\"https:\\\/\\\/www.facebook.com\\\/Vetorino\\\/\",\"https:\\\/\\\/www.instagram.com\\\/vetorino_off\\\/\",\"https:\\\/\\\/www.linkedin.com\\\/company\\\/vtorino\\\/\"]}]}<\/script>\n<meta property=\"product:brand\" content=\"Kong\" \/>\n<meta property=\"og:availability\" content=\"out of stock\" \/>\n<meta property=\"product:availability\" content=\"out of stock\" \/>\n<meta property=\"product:condition\" content=\"new\" \/>\n<!-- \/ Yoast SEO plugin. -->","yoast_head_json":{"title":"Kong Marathon Kong - V\u00e9torino","description":"Offre une mastication mentalement stimulante. Une friandise pratique \u00e0 mastiquer faite sp\u00e9cialement pour les Kong Classic en caoutchouc naturel. Convient \u00e9galement aux gammes de jouets en caoutchouc Puppy, Extreme, S\u00e9nior, et Binky. Se positionne dans un jouet Kong par un mouvement en trois temps : tourner, pousser et verrouiller. Nettoie les dents et rafra\u00eechit l'haleine. Formule enti\u00e8rement naturelle, sans c\u00e9r\u00e9ales. Parfum : poulet.","robots":{"index":"noindex","follow":"nofollow"},"og_locale":"fr_FR","og_type":"article","og_title":"Kong Marathon Kong - V\u00e9torino","og_description":"Offre une mastication mentalement stimulante. Une friandise pratique \u00e0 mastiquer faite sp\u00e9cialement pour les Kong Classic en caoutchouc naturel. Convient \u00e9galement aux gammes de jouets en caoutchouc Puppy, Extreme, S\u00e9nior, et Binky. Se positionne dans un jouet Kong par un mouvement en trois temps : tourner, pousser et verrouiller. Nettoie les dents et rafra\u00eechit l'haleine. Formule enti\u00e8rement naturelle, sans c\u00e9r\u00e9ales. Parfum : poulet.","og_url":"https:\/\/www.vetorino.com\/veterinaire\/saint-die-des-vosges-88100\/boutique\/product\/kong-marathon\/","og_site_name":"V\u00e9torino","article_publisher":"https:\/\/www.facebook.com\/Vetorino\/","article_modified_time":"2023-05-31T14:46:53+00:00","og_image":[{"width":700,"height":700,"url":"https:\/\/www.vetorino.com\/boutique\/wp-content\/uploads\/2020\/11\/648476f1fc2bc6c301ff01b39b68fef52abb944013190147aa36d63cc76a8074.jpg","type":"image\/jpeg"}],"twitter_card":"summary_large_image","twitter_misc":{"Disponibilit\u00e9":"Rupture de stock"},"schema":{"@context":"https:\/\/schema.org","@graph":[{"@type":"WebPage","@id":"https:\/\/www.vetorino.com\/veterinaire\/champs-sur-marne-77420\/boutique\/product\/kong-marathon\/","url":"https:\/\/www.vetorino.com\/veterinaire\/champs-sur-marne-77420\/boutique\/product\/kong-marathon\/","name":"Kong Marathon Kong - V\u00e9torino","isPartOf":{"@id":"https:\/\/www.vetorino.com\/boutique\/#website"},"primaryImageOfPage":{"@id":"https:\/\/www.vetorino.com\/veterinaire\/champs-sur-marne-77420\/boutique\/product\/kong-marathon\/#primaryimage"},"image":{"@id":"https:\/\/www.vetorino.com\/veterinaire\/champs-sur-marne-77420\/boutique\/product\/kong-marathon\/#primaryimage"},"thumbnailUrl":"https:\/\/www.vetorino.com\/boutique\/wp-content\/uploads\/2020\/11\/648476f1fc2bc6c301ff01b39b68fef52abb944013190147aa36d63cc76a8074.jpg","datePublished":"2020-11-25T19:28:45+00:00","dateModified":"2023-05-31T14:46:53+00:00","description":"Offre une mastication mentalement stimulante. Une friandise pratique \u00e0 mastiquer faite sp\u00e9cialement pour les Kong Classic en caoutchouc naturel. Convient \u00e9galement aux gammes de jouets en caoutchouc Puppy, Extreme, S\u00e9nior, et Binky. Se positionne dans un jouet Kong par un mouvement en trois temps : tourner, pousser et verrouiller. Nettoie les dents et rafra\u00eechit l'haleine. Formule enti\u00e8rement naturelle, sans c\u00e9r\u00e9ales. Parfum : poulet.","breadcrumb":{"@id":"https:\/\/www.vetorino.com\/veterinaire\/champs-sur-marne-77420\/boutique\/product\/kong-marathon\/#breadcrumb"},"inLanguage":"fr-FR","potentialAction":[{"@type":"ReadAction","target":["https:\/\/www.vetorino.com\/veterinaire\/champs-sur-marne-77420\/boutique\/product\/kong-marathon\/"]}]},{"@type":"ImageObject","inLanguage":"fr-FR","@id":"https:\/\/www.vetorino.com\/veterinaire\/champs-sur-marne-77420\/boutique\/product\/kong-marathon\/#primaryimage","url":"https:\/\/www.vetorino.com\/boutique\/wp-content\/uploads\/2020\/11\/648476f1fc2bc6c301ff01b39b68fef52abb944013190147aa36d63cc76a8074.jpg","contentUrl":"https:\/\/www.vetorino.com\/boutique\/wp-content\/uploads\/2020\/11\/648476f1fc2bc6c301ff01b39b68fef52abb944013190147aa36d63cc76a8074.jpg","width":700,"height":700},{"@type":"BreadcrumbList","@id":"https:\/\/www.vetorino.com\/veterinaire\/champs-sur-marne-77420\/boutique\/product\/kong-marathon\/#breadcrumb","itemListElement":[{"@type":"ListItem","position":1,"name":"Accueil","item":"https:\/\/www.vetorino.com\/boutique\/"},{"@type":"ListItem","position":2,"name":"Produits","item":"https:\/\/www.vetorino.com\/boutique\/"},{"@type":"ListItem","position":3,"name":"Kong Marathon"}]},{"@type":"WebSite","@id":"https:\/\/www.vetorino.com\/boutique\/#website","url":"https:\/\/www.vetorino.com\/boutique\/","name":"V\u00e9torino","description":"","publisher":{"@id":"https:\/\/www.vetorino.com\/boutique\/#organization"},"potentialAction":[{"@type":"SearchAction","target":{"@type":"EntryPoint","urlTemplate":"https:\/\/www.vetorino.com\/boutique\/?s={search_term_string}"},"query-input":{"@type":"PropertyValueSpecification","valueRequired":true,"valueName":"search_term_string"}}],"inLanguage":"fr-FR"},{"@type":"Organization","@id":"https:\/\/www.vetorino.com\/boutique\/#organization","name":"V\u00e9torino","url":"https:\/\/www.vetorino.com\/boutique\/","logo":{"@type":"ImageObject","inLanguage":"fr-FR","@id":"https:\/\/www.vetorino.com\/boutique\/#\/schema\/logo\/image\/","url":"https:\/\/www.vetorino.com\/boutique\/wp-content\/uploads\/2024\/10\/logo.jpg","contentUrl":"https:\/\/www.vetorino.com\/boutique\/wp-content\/uploads\/2024\/10\/logo.jpg","width":1200,"height":610,"caption":"V\u00e9torino"},"image":{"@id":"https:\/\/www.vetorino.com\/boutique\/#\/schema\/logo\/image\/"},"sameAs":["https:\/\/www.facebook.com\/Vetorino\/","https:\/\/www.instagram.com\/vetorino_off\/","https:\/\/www.linkedin.com\/company\/vtorino\/"]}]},"product_brand":"Kong","og_availability":"out of stock","product_availability":"out of stock","product_condition":"new"},"_links":{"self":[{"href":"https:\/\/www.vetorino.com\/veterinaire\/saint-die-des-vosges-88100\/boutique\/wp-json\/wp\/v2\/product\/130526","targetHints":{"allow":["GET"]}}],"collection":[{"href":"https:\/\/www.vetorino.com\/veterinaire\/saint-die-des-vosges-88100\/boutique\/wp-json\/wp\/v2\/product"}],"about":[{"href":"https:\/\/www.vetorino.com\/veterinaire\/saint-die-des-vosges-88100\/boutique\/wp-json\/wp\/v2\/types\/product"}],"wp:featuredmedia":[{"embeddable":true,"href":"https:\/\/www.vetorino.com\/veterinaire\/saint-die-des-vosges-88100\/boutique\/wp-json\/wp\/v2\/media\/625482"}],"wp:attachment":[{"href":"https:\/\/www.vetorino.com\/veterinaire\/saint-die-des-vosges-88100\/boutique\/wp-json\/wp\/v2\/media?parent=130526"}],"wp:term":[{"taxonomy":"product_cat","embeddable":true,"href":"https:\/\/www.vetorino.com\/veterinaire\/saint-die-des-vosges-88100\/boutique\/wp-json\/wp\/v2\/product_cat?post=130526"},{"taxonomy":"product_tag","embeddable":true,"href":"https:\/\/www.vetorino.com\/veterinaire\/saint-die-des-vosges-88100\/boutique\/wp-json\/wp\/v2\/product_tag?post=130526"}],"curies":[{"name":"wp","href":"https:\/\/api.w.org\/{rel}","templated":true}]}}