{"id":550735,"date":"2023-02-01T17:38:33","date_gmt":"2023-02-01T16:38:33","guid":{"rendered":"https:\/\/www.vetorino.com\/boutique\/product\/tipi-trixie-pour-rongeurs\/"},"modified":"2025-05-24T06:28:59","modified_gmt":"2025-05-24T04:28:59","slug":"tipi-trixie-pour-rongeurs","status":"publish","type":"product","link":"https:\/\/www.vetorino.com\/veterinaire\/saint-die-des-vosges-88100\/boutique\/product\/tipi-trixie-pour-rongeurs\/","title":{"rendered":"Tipi pour rongeurs"},"content":{"rendered":"<p>Pour le bien-\u00eatre de votre animal de compagnie dans votre maison, il est important de lui fournir son espace de d\u00e9tente priv\u00e9. Le <strong>tipi Trixie<\/strong> peut \u00eatre cet endroit tranquille dont il a besoin pour se r\u00e9fugier et faire ses petites siestes confortablement.<\/p>\n<p>Ce <strong>tipi pour rongeur<\/strong> est fabriqu\u00e9 en tissu nylon craquant. Pour \u00eatre ultra cocoon, il est fourni avec un coussin en fourrure d&#8217;agneau synth\u00e9tique particuli\u00e8rement douillet. Cette petite tente est adapt\u00e9e \u00e0 tous les petits mammif\u00e8res, comme les lapins. Ce mod\u00e8le peut s\u2019utiliser aussi bien en int\u00e9rieur qu\u2019en ext\u00e9rieur. Des piquets de tente sont pr\u00e9vus pour un montage simple.<\/p>\n<p>Le tipi Trixie est un\u00a0espace de d\u00e9tente priv\u00e9\u00a0lorsque votre animal a besoin de se r\u00e9fugier et faire ses petites siestes confortablement.<\/p>\n<ul>\n<li>Avec tissu craquant.<\/li>\n<li>Coussin douillet en aspect fourrure d&#8217;agneau, prot\u00e8ge des sols froids.<\/li>\n<li>Pour int\u00e9rieurs et ext\u00e9rieurs, piquets de tente inclus.<\/li>\n<\/ul>\n","protected":false},"excerpt":{"rendered":"<p>Ce <strong>tipi pour rongeur<\/strong> est fabriqu\u00e9 en tissu nylon craquant. Pour \u00eatre ultra cocoon, il est fourni avec un coussin en fourrure d&#8217;agneau synth\u00e9tique particuli\u00e8rement douillet. Cette petite tente est adapt\u00e9e \u00e0 tous les petits mammif\u00e8res, comme les lapins. Ce mod\u00e8le peut s\u2019utiliser aussi bien en int\u00e9rieur qu\u2019en ext\u00e9rieur. Des piquets de tente sont pr\u00e9vus pour un montage simple.<\/p>\n","protected":false},"featured_media":916114,"template":"","meta":[],"product_cat":[12574,15841,2727,15842],"product_tag":[],"class_list":{"0":"post-550735","1":"product","2":"type-product","3":"status-publish","4":"has-post-thumbnail","6":"product_cat-accessoire-pour-lapin","7":"product_cat-lapins","8":"product_cat-nac","9":"product_cat-rongeurs","10":"pa_marque-trixie","12":"first","13":"outofstock","14":"taxable","15":"shipping-taxable","16":"purchasable","17":"product-type-simple"},"yoast_head":"<!-- This site is optimized with the Yoast SEO plugin v27.3 - https:\/\/yoast.com\/product\/yoast-seo-wordpress\/ -->\n<title>Tipi pour rongeurs Trixie - V\u00e9torino<\/title>\n<meta name=\"description\" content=\"Ce tipi pour rongeur est fabriqu\u00e9 en tissu nylon craquant. Pour \u00eatre ultra cocoon, il est fourni avec un coussin en fourrure d&#039;agneau synth\u00e9tique particuli\u00e8rement douillet. Cette petite tente est adapt\u00e9e \u00e0 tous les petits mammif\u00e8res, comme les lapins. Ce mod\u00e8le peut s\u2019utiliser aussi bien en int\u00e9rieur qu\u2019en ext\u00e9rieur. Des piquets de tente sont pr\u00e9vus pour un montage simple.\" \/>\n<meta name=\"robots\" content=\"noindex, nofollow\" \/>\n<meta property=\"og:locale\" content=\"fr_FR\" \/>\n<meta property=\"og:type\" content=\"article\" \/>\n<meta property=\"og:title\" content=\"Tipi pour rongeurs Trixie - V\u00e9torino\" \/>\n<meta property=\"og:description\" content=\"Ce tipi pour rongeur est fabriqu\u00e9 en tissu nylon craquant. Pour \u00eatre ultra cocoon, il est fourni avec un coussin en fourrure d&#039;agneau synth\u00e9tique particuli\u00e8rement douillet. Cette petite tente est adapt\u00e9e \u00e0 tous les petits mammif\u00e8res, comme les lapins. Ce mod\u00e8le peut s\u2019utiliser aussi bien en int\u00e9rieur qu\u2019en ext\u00e9rieur. Des piquets de tente sont pr\u00e9vus pour un montage simple.\" \/>\n<meta property=\"og:url\" content=\"https:\/\/www.vetorino.com\/veterinaire\/saint-die-des-vosges-88100\/boutique\/product\/tipi-trixie-pour-rongeurs\/\" \/>\n<meta property=\"og:site_name\" content=\"V\u00e9torino\" \/>\n<meta property=\"article:publisher\" content=\"https:\/\/www.facebook.com\/Vetorino\/\" \/>\n<meta property=\"article:modified_time\" content=\"2025-05-24T04:28:59+00:00\" \/>\n<meta property=\"og:image\" content=\"https:\/\/www.vetorino.com\/boutique\/wp-content\/uploads\/2023\/02\/6bb57c91432c436ca48c41113dafd88f-image.jpg\" \/>\n\t<meta property=\"og:image:width\" content=\"540\" \/>\n\t<meta property=\"og:image:height\" content=\"540\" \/>\n\t<meta property=\"og:image:type\" content=\"image\/jpeg\" \/>\n<meta name=\"twitter:card\" content=\"summary_large_image\" \/>\n<meta name=\"twitter:label1\" content=\"Prix\" \/>\n\t<meta name=\"twitter:data1\" content=\"7,04&euro;\" \/>\n\t<meta name=\"twitter:label2\" content=\"Disponibilit\u00e9\" \/>\n\t<meta name=\"twitter:data2\" content=\"Rupture de stock\" \/>\n<script type=\"application\/ld+json\" class=\"yoast-schema-graph\">{\"@context\":\"https:\\\/\\\/schema.org\",\"@graph\":[{\"@type\":\"WebPage\",\"@id\":\"https:\\\/\\\/www.vetorino.com\\\/veterinaire\\\/evry-91000\\\/boutique\\\/product\\\/tipi-trixie-pour-rongeurs\\\/\",\"url\":\"https:\\\/\\\/www.vetorino.com\\\/veterinaire\\\/evry-91000\\\/boutique\\\/product\\\/tipi-trixie-pour-rongeurs\\\/\",\"name\":\"Tipi pour rongeurs Trixie - V\u00e9torino\",\"isPartOf\":{\"@id\":\"https:\\\/\\\/www.vetorino.com\\\/boutique\\\/#website\"},\"primaryImageOfPage\":{\"@id\":\"https:\\\/\\\/www.vetorino.com\\\/veterinaire\\\/evry-91000\\\/boutique\\\/product\\\/tipi-trixie-pour-rongeurs\\\/#primaryimage\"},\"image\":{\"@id\":\"https:\\\/\\\/www.vetorino.com\\\/veterinaire\\\/evry-91000\\\/boutique\\\/product\\\/tipi-trixie-pour-rongeurs\\\/#primaryimage\"},\"thumbnailUrl\":\"https:\\\/\\\/www.vetorino.com\\\/boutique\\\/wp-content\\\/uploads\\\/2023\\\/02\\\/6bb57c91432c436ca48c41113dafd88f-image.jpg\",\"datePublished\":\"2023-02-01T16:38:33+00:00\",\"dateModified\":\"2025-05-24T04:28:59+00:00\",\"description\":\"Ce tipi pour rongeur est fabriqu\u00e9 en tissu nylon craquant. Pour \u00eatre ultra cocoon, il est fourni avec un coussin en fourrure d'agneau synth\u00e9tique particuli\u00e8rement douillet. Cette petite tente est adapt\u00e9e \u00e0 tous les petits mammif\u00e8res, comme les lapins. Ce mod\u00e8le peut s\u2019utiliser aussi bien en int\u00e9rieur qu\u2019en ext\u00e9rieur. Des piquets de tente sont pr\u00e9vus pour un montage simple.\",\"breadcrumb\":{\"@id\":\"https:\\\/\\\/www.vetorino.com\\\/veterinaire\\\/evry-91000\\\/boutique\\\/product\\\/tipi-trixie-pour-rongeurs\\\/#breadcrumb\"},\"inLanguage\":\"fr-FR\",\"potentialAction\":[{\"@type\":\"ReadAction\",\"target\":[\"https:\\\/\\\/www.vetorino.com\\\/veterinaire\\\/evry-91000\\\/boutique\\\/product\\\/tipi-trixie-pour-rongeurs\\\/\"]}]},{\"@type\":\"ImageObject\",\"inLanguage\":\"fr-FR\",\"@id\":\"https:\\\/\\\/www.vetorino.com\\\/veterinaire\\\/evry-91000\\\/boutique\\\/product\\\/tipi-trixie-pour-rongeurs\\\/#primaryimage\",\"url\":\"https:\\\/\\\/www.vetorino.com\\\/boutique\\\/wp-content\\\/uploads\\\/2023\\\/02\\\/6bb57c91432c436ca48c41113dafd88f-image.jpg\",\"contentUrl\":\"https:\\\/\\\/www.vetorino.com\\\/boutique\\\/wp-content\\\/uploads\\\/2023\\\/02\\\/6bb57c91432c436ca48c41113dafd88f-image.jpg\",\"width\":540,\"height\":540},{\"@type\":\"BreadcrumbList\",\"@id\":\"https:\\\/\\\/www.vetorino.com\\\/veterinaire\\\/evry-91000\\\/boutique\\\/product\\\/tipi-trixie-pour-rongeurs\\\/#breadcrumb\",\"itemListElement\":[{\"@type\":\"ListItem\",\"position\":1,\"name\":\"Accueil\",\"item\":\"https:\\\/\\\/www.vetorino.com\\\/boutique\\\/\"},{\"@type\":\"ListItem\",\"position\":2,\"name\":\"Produits\",\"item\":\"https:\\\/\\\/www.vetorino.com\\\/boutique\\\/\"},{\"@type\":\"ListItem\",\"position\":3,\"name\":\"Tipi pour rongeurs\"}]},{\"@type\":\"WebSite\",\"@id\":\"https:\\\/\\\/www.vetorino.com\\\/boutique\\\/#website\",\"url\":\"https:\\\/\\\/www.vetorino.com\\\/boutique\\\/\",\"name\":\"V\u00e9torino\",\"description\":\"\",\"publisher\":{\"@id\":\"https:\\\/\\\/www.vetorino.com\\\/boutique\\\/#organization\"},\"potentialAction\":[{\"@type\":\"SearchAction\",\"target\":{\"@type\":\"EntryPoint\",\"urlTemplate\":\"https:\\\/\\\/www.vetorino.com\\\/boutique\\\/?s={search_term_string}\"},\"query-input\":{\"@type\":\"PropertyValueSpecification\",\"valueRequired\":true,\"valueName\":\"search_term_string\"}}],\"inLanguage\":\"fr-FR\"},{\"@type\":\"Organization\",\"@id\":\"https:\\\/\\\/www.vetorino.com\\\/boutique\\\/#organization\",\"name\":\"V\u00e9torino\",\"url\":\"https:\\\/\\\/www.vetorino.com\\\/boutique\\\/\",\"logo\":{\"@type\":\"ImageObject\",\"inLanguage\":\"fr-FR\",\"@id\":\"https:\\\/\\\/www.vetorino.com\\\/boutique\\\/#\\\/schema\\\/logo\\\/image\\\/\",\"url\":\"https:\\\/\\\/www.vetorino.com\\\/boutique\\\/wp-content\\\/uploads\\\/2024\\\/10\\\/logo.jpg\",\"contentUrl\":\"https:\\\/\\\/www.vetorino.com\\\/boutique\\\/wp-content\\\/uploads\\\/2024\\\/10\\\/logo.jpg\",\"width\":1200,\"height\":610,\"caption\":\"V\u00e9torino\"},\"image\":{\"@id\":\"https:\\\/\\\/www.vetorino.com\\\/boutique\\\/#\\\/schema\\\/logo\\\/image\\\/\"},\"sameAs\":[\"https:\\\/\\\/www.facebook.com\\\/Vetorino\\\/\",\"https:\\\/\\\/www.instagram.com\\\/vetorino_off\\\/\",\"https:\\\/\\\/www.linkedin.com\\\/company\\\/vtorino\\\/\"]}]}<\/script>\n<meta property=\"product:brand\" content=\"Trixie\" \/>\n<meta property=\"product:price:amount\" content=\"7.04\" \/>\n<meta property=\"product:price:currency\" content=\"EUR\" \/>\n<meta property=\"og:availability\" content=\"out of stock\" \/>\n<meta property=\"product:availability\" content=\"out of stock\" \/>\n<meta property=\"product:retailer_item_id\" content=\"C-TIP710\" \/>\n<meta property=\"product:condition\" content=\"new\" \/>\n<!-- \/ Yoast SEO plugin. -->","yoast_head_json":{"title":"Tipi pour rongeurs Trixie - V\u00e9torino","description":"Ce tipi pour rongeur est fabriqu\u00e9 en tissu nylon craquant. Pour \u00eatre ultra cocoon, il est fourni avec un coussin en fourrure d'agneau synth\u00e9tique particuli\u00e8rement douillet. Cette petite tente est adapt\u00e9e \u00e0 tous les petits mammif\u00e8res, comme les lapins. Ce mod\u00e8le peut s\u2019utiliser aussi bien en int\u00e9rieur qu\u2019en ext\u00e9rieur. Des piquets de tente sont pr\u00e9vus pour un montage simple.","robots":{"index":"noindex","follow":"nofollow"},"og_locale":"fr_FR","og_type":"article","og_title":"Tipi pour rongeurs Trixie - V\u00e9torino","og_description":"Ce tipi pour rongeur est fabriqu\u00e9 en tissu nylon craquant. Pour \u00eatre ultra cocoon, il est fourni avec un coussin en fourrure d'agneau synth\u00e9tique particuli\u00e8rement douillet. Cette petite tente est adapt\u00e9e \u00e0 tous les petits mammif\u00e8res, comme les lapins. Ce mod\u00e8le peut s\u2019utiliser aussi bien en int\u00e9rieur qu\u2019en ext\u00e9rieur. Des piquets de tente sont pr\u00e9vus pour un montage simple.","og_url":"https:\/\/www.vetorino.com\/veterinaire\/saint-die-des-vosges-88100\/boutique\/product\/tipi-trixie-pour-rongeurs\/","og_site_name":"V\u00e9torino","article_publisher":"https:\/\/www.facebook.com\/Vetorino\/","article_modified_time":"2025-05-24T04:28:59+00:00","og_image":[{"width":540,"height":540,"url":"https:\/\/www.vetorino.com\/boutique\/wp-content\/uploads\/2023\/02\/6bb57c91432c436ca48c41113dafd88f-image.jpg","type":"image\/jpeg"}],"twitter_card":"summary_large_image","twitter_misc":{"Prix":"7,04&euro;","Disponibilit\u00e9":"Rupture de stock"},"schema":{"@context":"https:\/\/schema.org","@graph":[{"@type":"WebPage","@id":"https:\/\/www.vetorino.com\/veterinaire\/evry-91000\/boutique\/product\/tipi-trixie-pour-rongeurs\/","url":"https:\/\/www.vetorino.com\/veterinaire\/evry-91000\/boutique\/product\/tipi-trixie-pour-rongeurs\/","name":"Tipi pour rongeurs Trixie - V\u00e9torino","isPartOf":{"@id":"https:\/\/www.vetorino.com\/boutique\/#website"},"primaryImageOfPage":{"@id":"https:\/\/www.vetorino.com\/veterinaire\/evry-91000\/boutique\/product\/tipi-trixie-pour-rongeurs\/#primaryimage"},"image":{"@id":"https:\/\/www.vetorino.com\/veterinaire\/evry-91000\/boutique\/product\/tipi-trixie-pour-rongeurs\/#primaryimage"},"thumbnailUrl":"https:\/\/www.vetorino.com\/boutique\/wp-content\/uploads\/2023\/02\/6bb57c91432c436ca48c41113dafd88f-image.jpg","datePublished":"2023-02-01T16:38:33+00:00","dateModified":"2025-05-24T04:28:59+00:00","description":"Ce tipi pour rongeur est fabriqu\u00e9 en tissu nylon craquant. Pour \u00eatre ultra cocoon, il est fourni avec un coussin en fourrure d'agneau synth\u00e9tique particuli\u00e8rement douillet. Cette petite tente est adapt\u00e9e \u00e0 tous les petits mammif\u00e8res, comme les lapins. Ce mod\u00e8le peut s\u2019utiliser aussi bien en int\u00e9rieur qu\u2019en ext\u00e9rieur. Des piquets de tente sont pr\u00e9vus pour un montage simple.","breadcrumb":{"@id":"https:\/\/www.vetorino.com\/veterinaire\/evry-91000\/boutique\/product\/tipi-trixie-pour-rongeurs\/#breadcrumb"},"inLanguage":"fr-FR","potentialAction":[{"@type":"ReadAction","target":["https:\/\/www.vetorino.com\/veterinaire\/evry-91000\/boutique\/product\/tipi-trixie-pour-rongeurs\/"]}]},{"@type":"ImageObject","inLanguage":"fr-FR","@id":"https:\/\/www.vetorino.com\/veterinaire\/evry-91000\/boutique\/product\/tipi-trixie-pour-rongeurs\/#primaryimage","url":"https:\/\/www.vetorino.com\/boutique\/wp-content\/uploads\/2023\/02\/6bb57c91432c436ca48c41113dafd88f-image.jpg","contentUrl":"https:\/\/www.vetorino.com\/boutique\/wp-content\/uploads\/2023\/02\/6bb57c91432c436ca48c41113dafd88f-image.jpg","width":540,"height":540},{"@type":"BreadcrumbList","@id":"https:\/\/www.vetorino.com\/veterinaire\/evry-91000\/boutique\/product\/tipi-trixie-pour-rongeurs\/#breadcrumb","itemListElement":[{"@type":"ListItem","position":1,"name":"Accueil","item":"https:\/\/www.vetorino.com\/boutique\/"},{"@type":"ListItem","position":2,"name":"Produits","item":"https:\/\/www.vetorino.com\/boutique\/"},{"@type":"ListItem","position":3,"name":"Tipi pour rongeurs"}]},{"@type":"WebSite","@id":"https:\/\/www.vetorino.com\/boutique\/#website","url":"https:\/\/www.vetorino.com\/boutique\/","name":"V\u00e9torino","description":"","publisher":{"@id":"https:\/\/www.vetorino.com\/boutique\/#organization"},"potentialAction":[{"@type":"SearchAction","target":{"@type":"EntryPoint","urlTemplate":"https:\/\/www.vetorino.com\/boutique\/?s={search_term_string}"},"query-input":{"@type":"PropertyValueSpecification","valueRequired":true,"valueName":"search_term_string"}}],"inLanguage":"fr-FR"},{"@type":"Organization","@id":"https:\/\/www.vetorino.com\/boutique\/#organization","name":"V\u00e9torino","url":"https:\/\/www.vetorino.com\/boutique\/","logo":{"@type":"ImageObject","inLanguage":"fr-FR","@id":"https:\/\/www.vetorino.com\/boutique\/#\/schema\/logo\/image\/","url":"https:\/\/www.vetorino.com\/boutique\/wp-content\/uploads\/2024\/10\/logo.jpg","contentUrl":"https:\/\/www.vetorino.com\/boutique\/wp-content\/uploads\/2024\/10\/logo.jpg","width":1200,"height":610,"caption":"V\u00e9torino"},"image":{"@id":"https:\/\/www.vetorino.com\/boutique\/#\/schema\/logo\/image\/"},"sameAs":["https:\/\/www.facebook.com\/Vetorino\/","https:\/\/www.instagram.com\/vetorino_off\/","https:\/\/www.linkedin.com\/company\/vtorino\/"]}]},"product_brand":"Trixie","product_price_amount":"7.04","product_price_currency":"EUR","og_availability":"out of stock","product_availability":"out of stock","product_retailer_item_id":"C-TIP710","product_condition":"new"},"_links":{"self":[{"href":"https:\/\/www.vetorino.com\/veterinaire\/saint-die-des-vosges-88100\/boutique\/wp-json\/wp\/v2\/product\/550735","targetHints":{"allow":["GET"]}}],"collection":[{"href":"https:\/\/www.vetorino.com\/veterinaire\/saint-die-des-vosges-88100\/boutique\/wp-json\/wp\/v2\/product"}],"about":[{"href":"https:\/\/www.vetorino.com\/veterinaire\/saint-die-des-vosges-88100\/boutique\/wp-json\/wp\/v2\/types\/product"}],"wp:featuredmedia":[{"embeddable":true,"href":"https:\/\/www.vetorino.com\/veterinaire\/saint-die-des-vosges-88100\/boutique\/wp-json\/wp\/v2\/media\/916114"}],"wp:attachment":[{"href":"https:\/\/www.vetorino.com\/veterinaire\/saint-die-des-vosges-88100\/boutique\/wp-json\/wp\/v2\/media?parent=550735"}],"wp:term":[{"taxonomy":"product_cat","embeddable":true,"href":"https:\/\/www.vetorino.com\/veterinaire\/saint-die-des-vosges-88100\/boutique\/wp-json\/wp\/v2\/product_cat?post=550735"},{"taxonomy":"product_tag","embeddable":true,"href":"https:\/\/www.vetorino.com\/veterinaire\/saint-die-des-vosges-88100\/boutique\/wp-json\/wp\/v2\/product_tag?post=550735"}],"curies":[{"name":"wp","href":"https:\/\/api.w.org\/{rel}","templated":true}]}}