{"id":906405,"date":"2024-04-26T17:39:01","date_gmt":"2024-04-26T15:39:01","guid":{"rendered":"https:\/\/www.vetorino.com\/boutique\/product\/griffoir-aire-de-jeux-wouapy\/"},"modified":"2026-02-18T02:42:15","modified_gmt":"2026-02-18T01:42:15","slug":"griffoir-aire-de-jeux-wouapy","status":"publish","type":"product","link":"https:\/\/www.vetorino.com\/veterinaire\/saint-die-des-vosges-88100\/boutique\/product\/griffoir-aire-de-jeux-wouapy\/","title":{"rendered":"Aire de jeux pour chat avec griffoir"},"content":{"rendered":"<p>Offrez une v\u00e9ritable aire de jeux ludique et amusante \u00e0 votre chat ! Enti\u00e8rement en bois, cette aire de jeux est \u00e9quip\u00e9e d&#8217;un griffoir ainsi que de rails o\u00f9 circulent des balles color\u00e9es, l&#8217;id\u00e9al pour divertir votre f\u00e9lin durant des heures.<br \/>\nJouer avec les balles ou se faire les griffes, votre fid\u00e8le compagnon aura de quoi s&#8217;occuper avec son nouveau jouet.<\/p>\n<p><b>Caract\u00e9ristiques Aire de jeux pour chat avec griffoir et balles <\/b><br \/>\n&#8211; aire de jeux pour chat en forme de souris ou de Triangle et Grand 8.<br \/>\n&#8211; avec griffoir et couloirs o\u00f9 circulent des balles color\u00e9es<br \/>\n&#8211; <a href=\"https:\/\/www.vetorino.com\/boutique\/product\/griffoir-wouapy-recharge-pour-griffoir-plateforme\">Griffoir rempla\u00e7able<\/a><\/p>\n","protected":false},"excerpt":{"rendered":"<p>Offrez une v\u00e9ritable aire de jeux ludique et amusante \u00e0 votre chat ! Enti\u00e8rement en bois, cette aire de jeux est \u00e9quip\u00e9e d&#8217;un griffoir ainsi que de rails o\u00f9 circulent des balles color\u00e9es, l&#8217;id\u00e9al pour divertir votre f\u00e9lin durant des heures.<br \/>\nJouer avec les balles ou se faire les griffes, votre fid\u00e8le compagnon aura de quoi s&#8217;occuper avec son nouveau jouet.<\/p>\n","protected":false},"featured_media":908833,"template":"","meta":[],"product_cat":[12548,2697,12620,15793],"product_tag":[],"class_list":{"0":"post-906405","1":"product","2":"type-product","3":"status-publish","4":"has-post-thumbnail","6":"product_cat-accessoire-du-chat","7":"product_cat-chat","8":"product_cat-jeux-educatifs-pour-chat","9":"product_cat-jouets-pour-chat","10":"pa_marque-wouapy","12":"first","13":"instock","14":"taxable","15":"shipping-taxable","16":"purchasable","17":"product-type-variable"},"yoast_head":"<!-- This site is optimized with the Yoast SEO plugin v27.3 - https:\/\/yoast.com\/product\/yoast-seo-wordpress\/ -->\n<title>Aire de jeux pour chat avec griffoir Wouapy - V\u00e9torino<\/title>\n<meta name=\"description\" content=\"Offrez une v\u00e9ritable aire de jeux ludique et amusante \u00e0 votre chat ! Enti\u00e8rement en bois, cette aire de jeux est \u00e9quip\u00e9e d&#039;un griffoir ainsi que de rails o\u00f9 circulent des balles color\u00e9es, l&#039;id\u00e9al pour divertir votre f\u00e9lin durant des heures. Jouer avec les balles ou se faire les griffes, votre fid\u00e8le compagnon aura de quoi s&#039;occuper avec son nouveau jouet.\" \/>\n<meta name=\"robots\" content=\"noindex, nofollow\" \/>\n<meta property=\"og:locale\" content=\"fr_FR\" \/>\n<meta property=\"og:type\" content=\"article\" \/>\n<meta property=\"og:title\" content=\"Aire de jeux pour chat avec griffoir Wouapy - V\u00e9torino\" \/>\n<meta property=\"og:description\" content=\"Offrez une v\u00e9ritable aire de jeux ludique et amusante \u00e0 votre chat ! Enti\u00e8rement en bois, cette aire de jeux est \u00e9quip\u00e9e d&#039;un griffoir ainsi que de rails o\u00f9 circulent des balles color\u00e9es, l&#039;id\u00e9al pour divertir votre f\u00e9lin durant des heures. Jouer avec les balles ou se faire les griffes, votre fid\u00e8le compagnon aura de quoi s&#039;occuper avec son nouveau jouet.\" \/>\n<meta property=\"og:url\" content=\"https:\/\/www.vetorino.com\/veterinaire\/saint-die-des-vosges-88100\/boutique\/product\/griffoir-aire-de-jeux-wouapy\/\" \/>\n<meta property=\"og:site_name\" content=\"V\u00e9torino\" \/>\n<meta property=\"article:publisher\" content=\"https:\/\/www.facebook.com\/Vetorino\/\" \/>\n<meta property=\"article:modified_time\" content=\"2026-02-18T01:42:15+00:00\" \/>\n<meta property=\"og:image\" content=\"https:\/\/www.vetorino.com\/boutique\/wp-content\/uploads\/2024\/04\/aire-de-jeu-pour-chat-souris.jpg\" \/>\n\t<meta property=\"og:image:width\" content=\"250\" \/>\n\t<meta property=\"og:image:height\" content=\"250\" \/>\n\t<meta property=\"og:image:type\" content=\"image\/jpeg\" \/>\n<meta name=\"twitter:card\" content=\"summary_large_image\" \/>\n<meta name=\"twitter:label1\" content=\"Disponibilit\u00e9\" \/>\n\t<meta name=\"twitter:data1\" content=\"En stock\" \/>\n<script type=\"application\/ld+json\" class=\"yoast-schema-graph\">{\"@context\":\"https:\\\/\\\/schema.org\",\"@graph\":[{\"@type\":\"WebPage\",\"@id\":\"https:\\\/\\\/www.vetorino.com\\\/boutique\\\/product\\\/griffoir-aire-de-jeux-wouapy\\\/\",\"url\":\"https:\\\/\\\/www.vetorino.com\\\/boutique\\\/product\\\/griffoir-aire-de-jeux-wouapy\\\/\",\"name\":\"Aire de jeux pour chat avec griffoir Wouapy - V\u00e9torino\",\"isPartOf\":{\"@id\":\"https:\\\/\\\/www.vetorino.com\\\/boutique\\\/#website\"},\"primaryImageOfPage\":{\"@id\":\"https:\\\/\\\/www.vetorino.com\\\/boutique\\\/product\\\/griffoir-aire-de-jeux-wouapy\\\/#primaryimage\"},\"image\":{\"@id\":\"https:\\\/\\\/www.vetorino.com\\\/boutique\\\/product\\\/griffoir-aire-de-jeux-wouapy\\\/#primaryimage\"},\"thumbnailUrl\":\"https:\\\/\\\/www.vetorino.com\\\/boutique\\\/wp-content\\\/uploads\\\/2024\\\/04\\\/aire-de-jeu-pour-chat-souris.jpg\",\"datePublished\":\"2024-04-26T15:39:01+00:00\",\"dateModified\":\"2026-02-18T01:42:15+00:00\",\"description\":\"Offrez une v\u00e9ritable aire de jeux ludique et amusante \u00e0 votre chat ! Enti\u00e8rement en bois, cette aire de jeux est \u00e9quip\u00e9e d'un griffoir ainsi que de rails o\u00f9 circulent des balles color\u00e9es, l'id\u00e9al pour divertir votre f\u00e9lin durant des heures. Jouer avec les balles ou se faire les griffes, votre fid\u00e8le compagnon aura de quoi s'occuper avec son nouveau jouet.\",\"breadcrumb\":{\"@id\":\"https:\\\/\\\/www.vetorino.com\\\/boutique\\\/product\\\/griffoir-aire-de-jeux-wouapy\\\/#breadcrumb\"},\"inLanguage\":\"fr-FR\",\"potentialAction\":[{\"@type\":\"ReadAction\",\"target\":[\"https:\\\/\\\/www.vetorino.com\\\/boutique\\\/product\\\/griffoir-aire-de-jeux-wouapy\\\/\"]}]},{\"@type\":\"ImageObject\",\"inLanguage\":\"fr-FR\",\"@id\":\"https:\\\/\\\/www.vetorino.com\\\/boutique\\\/product\\\/griffoir-aire-de-jeux-wouapy\\\/#primaryimage\",\"url\":\"https:\\\/\\\/www.vetorino.com\\\/boutique\\\/wp-content\\\/uploads\\\/2024\\\/04\\\/aire-de-jeu-pour-chat-souris.jpg\",\"contentUrl\":\"https:\\\/\\\/www.vetorino.com\\\/boutique\\\/wp-content\\\/uploads\\\/2024\\\/04\\\/aire-de-jeu-pour-chat-souris.jpg\",\"width\":250,\"height\":250},{\"@type\":\"BreadcrumbList\",\"@id\":\"https:\\\/\\\/www.vetorino.com\\\/boutique\\\/product\\\/griffoir-aire-de-jeux-wouapy\\\/#breadcrumb\",\"itemListElement\":[{\"@type\":\"ListItem\",\"position\":1,\"name\":\"Accueil\",\"item\":\"https:\\\/\\\/www.vetorino.com\\\/boutique\\\/\"},{\"@type\":\"ListItem\",\"position\":2,\"name\":\"Produits\",\"item\":\"https:\\\/\\\/www.vetorino.com\\\/boutique\\\/\"},{\"@type\":\"ListItem\",\"position\":3,\"name\":\"Aire de jeux pour chat avec griffoir\"}]},{\"@type\":\"WebSite\",\"@id\":\"https:\\\/\\\/www.vetorino.com\\\/boutique\\\/#website\",\"url\":\"https:\\\/\\\/www.vetorino.com\\\/boutique\\\/\",\"name\":\"V\u00e9torino\",\"description\":\"\",\"publisher\":{\"@id\":\"https:\\\/\\\/www.vetorino.com\\\/boutique\\\/#organization\"},\"potentialAction\":[{\"@type\":\"SearchAction\",\"target\":{\"@type\":\"EntryPoint\",\"urlTemplate\":\"https:\\\/\\\/www.vetorino.com\\\/boutique\\\/?s={search_term_string}\"},\"query-input\":{\"@type\":\"PropertyValueSpecification\",\"valueRequired\":true,\"valueName\":\"search_term_string\"}}],\"inLanguage\":\"fr-FR\"},{\"@type\":\"Organization\",\"@id\":\"https:\\\/\\\/www.vetorino.com\\\/boutique\\\/#organization\",\"name\":\"V\u00e9torino\",\"url\":\"https:\\\/\\\/www.vetorino.com\\\/boutique\\\/\",\"logo\":{\"@type\":\"ImageObject\",\"inLanguage\":\"fr-FR\",\"@id\":\"https:\\\/\\\/www.vetorino.com\\\/boutique\\\/#\\\/schema\\\/logo\\\/image\\\/\",\"url\":\"https:\\\/\\\/www.vetorino.com\\\/boutique\\\/wp-content\\\/uploads\\\/2024\\\/10\\\/logo.jpg\",\"contentUrl\":\"https:\\\/\\\/www.vetorino.com\\\/boutique\\\/wp-content\\\/uploads\\\/2024\\\/10\\\/logo.jpg\",\"width\":1200,\"height\":610,\"caption\":\"V\u00e9torino\"},\"image\":{\"@id\":\"https:\\\/\\\/www.vetorino.com\\\/boutique\\\/#\\\/schema\\\/logo\\\/image\\\/\"},\"sameAs\":[\"https:\\\/\\\/www.facebook.com\\\/Vetorino\\\/\",\"https:\\\/\\\/www.instagram.com\\\/vetorino_off\\\/\",\"https:\\\/\\\/www.linkedin.com\\\/company\\\/vtorino\\\/\"]}]}<\/script>\n<meta property=\"product:brand\" content=\"Wouapy\" \/>\n<meta property=\"og:availability\" content=\"instock\" \/>\n<meta property=\"product:availability\" content=\"instock\" \/>\n<meta property=\"product:condition\" content=\"new\" \/>\n<!-- \/ Yoast SEO plugin. -->","yoast_head_json":{"title":"Aire de jeux pour chat avec griffoir Wouapy - V\u00e9torino","description":"Offrez une v\u00e9ritable aire de jeux ludique et amusante \u00e0 votre chat ! Enti\u00e8rement en bois, cette aire de jeux est \u00e9quip\u00e9e d'un griffoir ainsi que de rails o\u00f9 circulent des balles color\u00e9es, l'id\u00e9al pour divertir votre f\u00e9lin durant des heures. Jouer avec les balles ou se faire les griffes, votre fid\u00e8le compagnon aura de quoi s'occuper avec son nouveau jouet.","robots":{"index":"noindex","follow":"nofollow"},"og_locale":"fr_FR","og_type":"article","og_title":"Aire de jeux pour chat avec griffoir Wouapy - V\u00e9torino","og_description":"Offrez une v\u00e9ritable aire de jeux ludique et amusante \u00e0 votre chat ! Enti\u00e8rement en bois, cette aire de jeux est \u00e9quip\u00e9e d'un griffoir ainsi que de rails o\u00f9 circulent des balles color\u00e9es, l'id\u00e9al pour divertir votre f\u00e9lin durant des heures. Jouer avec les balles ou se faire les griffes, votre fid\u00e8le compagnon aura de quoi s'occuper avec son nouveau jouet.","og_url":"https:\/\/www.vetorino.com\/veterinaire\/saint-die-des-vosges-88100\/boutique\/product\/griffoir-aire-de-jeux-wouapy\/","og_site_name":"V\u00e9torino","article_publisher":"https:\/\/www.facebook.com\/Vetorino\/","article_modified_time":"2026-02-18T01:42:15+00:00","og_image":[{"width":250,"height":250,"url":"https:\/\/www.vetorino.com\/boutique\/wp-content\/uploads\/2024\/04\/aire-de-jeu-pour-chat-souris.jpg","type":"image\/jpeg"}],"twitter_card":"summary_large_image","twitter_misc":{"Disponibilit\u00e9":"En stock"},"schema":{"@context":"https:\/\/schema.org","@graph":[{"@type":"WebPage","@id":"https:\/\/www.vetorino.com\/boutique\/product\/griffoir-aire-de-jeux-wouapy\/","url":"https:\/\/www.vetorino.com\/boutique\/product\/griffoir-aire-de-jeux-wouapy\/","name":"Aire de jeux pour chat avec griffoir Wouapy - V\u00e9torino","isPartOf":{"@id":"https:\/\/www.vetorino.com\/boutique\/#website"},"primaryImageOfPage":{"@id":"https:\/\/www.vetorino.com\/boutique\/product\/griffoir-aire-de-jeux-wouapy\/#primaryimage"},"image":{"@id":"https:\/\/www.vetorino.com\/boutique\/product\/griffoir-aire-de-jeux-wouapy\/#primaryimage"},"thumbnailUrl":"https:\/\/www.vetorino.com\/boutique\/wp-content\/uploads\/2024\/04\/aire-de-jeu-pour-chat-souris.jpg","datePublished":"2024-04-26T15:39:01+00:00","dateModified":"2026-02-18T01:42:15+00:00","description":"Offrez une v\u00e9ritable aire de jeux ludique et amusante \u00e0 votre chat ! Enti\u00e8rement en bois, cette aire de jeux est \u00e9quip\u00e9e d'un griffoir ainsi que de rails o\u00f9 circulent des balles color\u00e9es, l'id\u00e9al pour divertir votre f\u00e9lin durant des heures. Jouer avec les balles ou se faire les griffes, votre fid\u00e8le compagnon aura de quoi s'occuper avec son nouveau jouet.","breadcrumb":{"@id":"https:\/\/www.vetorino.com\/boutique\/product\/griffoir-aire-de-jeux-wouapy\/#breadcrumb"},"inLanguage":"fr-FR","potentialAction":[{"@type":"ReadAction","target":["https:\/\/www.vetorino.com\/boutique\/product\/griffoir-aire-de-jeux-wouapy\/"]}]},{"@type":"ImageObject","inLanguage":"fr-FR","@id":"https:\/\/www.vetorino.com\/boutique\/product\/griffoir-aire-de-jeux-wouapy\/#primaryimage","url":"https:\/\/www.vetorino.com\/boutique\/wp-content\/uploads\/2024\/04\/aire-de-jeu-pour-chat-souris.jpg","contentUrl":"https:\/\/www.vetorino.com\/boutique\/wp-content\/uploads\/2024\/04\/aire-de-jeu-pour-chat-souris.jpg","width":250,"height":250},{"@type":"BreadcrumbList","@id":"https:\/\/www.vetorino.com\/boutique\/product\/griffoir-aire-de-jeux-wouapy\/#breadcrumb","itemListElement":[{"@type":"ListItem","position":1,"name":"Accueil","item":"https:\/\/www.vetorino.com\/boutique\/"},{"@type":"ListItem","position":2,"name":"Produits","item":"https:\/\/www.vetorino.com\/boutique\/"},{"@type":"ListItem","position":3,"name":"Aire de jeux pour chat avec griffoir"}]},{"@type":"WebSite","@id":"https:\/\/www.vetorino.com\/boutique\/#website","url":"https:\/\/www.vetorino.com\/boutique\/","name":"V\u00e9torino","description":"","publisher":{"@id":"https:\/\/www.vetorino.com\/boutique\/#organization"},"potentialAction":[{"@type":"SearchAction","target":{"@type":"EntryPoint","urlTemplate":"https:\/\/www.vetorino.com\/boutique\/?s={search_term_string}"},"query-input":{"@type":"PropertyValueSpecification","valueRequired":true,"valueName":"search_term_string"}}],"inLanguage":"fr-FR"},{"@type":"Organization","@id":"https:\/\/www.vetorino.com\/boutique\/#organization","name":"V\u00e9torino","url":"https:\/\/www.vetorino.com\/boutique\/","logo":{"@type":"ImageObject","inLanguage":"fr-FR","@id":"https:\/\/www.vetorino.com\/boutique\/#\/schema\/logo\/image\/","url":"https:\/\/www.vetorino.com\/boutique\/wp-content\/uploads\/2024\/10\/logo.jpg","contentUrl":"https:\/\/www.vetorino.com\/boutique\/wp-content\/uploads\/2024\/10\/logo.jpg","width":1200,"height":610,"caption":"V\u00e9torino"},"image":{"@id":"https:\/\/www.vetorino.com\/boutique\/#\/schema\/logo\/image\/"},"sameAs":["https:\/\/www.facebook.com\/Vetorino\/","https:\/\/www.instagram.com\/vetorino_off\/","https:\/\/www.linkedin.com\/company\/vtorino\/"]}]},"product_brand":"Wouapy","og_availability":"instock","product_availability":"instock","product_condition":"new"},"_links":{"self":[{"href":"https:\/\/www.vetorino.com\/veterinaire\/saint-die-des-vosges-88100\/boutique\/wp-json\/wp\/v2\/product\/906405","targetHints":{"allow":["GET"]}}],"collection":[{"href":"https:\/\/www.vetorino.com\/veterinaire\/saint-die-des-vosges-88100\/boutique\/wp-json\/wp\/v2\/product"}],"about":[{"href":"https:\/\/www.vetorino.com\/veterinaire\/saint-die-des-vosges-88100\/boutique\/wp-json\/wp\/v2\/types\/product"}],"wp:featuredmedia":[{"embeddable":true,"href":"https:\/\/www.vetorino.com\/veterinaire\/saint-die-des-vosges-88100\/boutique\/wp-json\/wp\/v2\/media\/908833"}],"wp:attachment":[{"href":"https:\/\/www.vetorino.com\/veterinaire\/saint-die-des-vosges-88100\/boutique\/wp-json\/wp\/v2\/media?parent=906405"}],"wp:term":[{"taxonomy":"product_cat","embeddable":true,"href":"https:\/\/www.vetorino.com\/veterinaire\/saint-die-des-vosges-88100\/boutique\/wp-json\/wp\/v2\/product_cat?post=906405"},{"taxonomy":"product_tag","embeddable":true,"href":"https:\/\/www.vetorino.com\/veterinaire\/saint-die-des-vosges-88100\/boutique\/wp-json\/wp\/v2\/product_tag?post=906405"}],"curies":[{"name":"wp","href":"https:\/\/api.w.org\/{rel}","templated":true}]}}