{"id":91487,"date":"2020-06-26T14:11:18","date_gmt":"2020-06-26T12:11:18","guid":{"rendered":"https:\/\/www.vetorino.com\/boutique\/product\/buccospray\/"},"modified":"2026-03-30T02:42:05","modified_gmt":"2026-03-30T00:42:05","slug":"buccospray","status":"publish","type":"product","link":"https:\/\/www.vetorino.com\/veterinaire\/saint-die-des-vosges-88100\/boutique\/product\/buccospray\/","title":{"rendered":"Buccospray"},"content":{"rendered":"<p>Buccospray aide \u00e0 neutraliser la mauvaise haleine de votre chien ou de votre chat, ce spray pr\u00e9vient la plaque dentaire et est enrichi en fluor pour une meilleure protection de l&#8217;\u00e9mail dentaire. Sa nouvelle formule tr\u00e8s app\u00e9tente est bien tol\u00e9r\u00e9e par les animaux. Facilit\u00e9 d&#8217;usage, pas de manipulations compliqu\u00e9es avec les animaux. Il suffit de 1 ou 2 pulv\u00e9risations par jour directement sur les dents sans brossage ni rin\u00e7age.<\/p>\n<p><strong>Les plus de ce produit :<\/strong><\/p>\n<ul>\n<li>Aide \u00e0 \u00e9liminer la mauaise haleine<\/li>\n<li>Sans rin\u00e7age<\/li>\n<li>Sans brossage<\/li>\n<li>Simple d&#8217;utilisation<\/li>\n<\/ul>\n","protected":false},"excerpt":{"rendered":"<p><strong>Buccospray<\/strong> favorise l&#8217;<strong>\u00e9limination du tartre<\/strong>,<strong> neutralise les mauvaises odeurs<\/strong> par l&#8217;effet bact\u00e9ricide de la chlorhexidine, pr\u00e9vient la plaque dentaire et est enrichi en fluor pour une meilleure protection de l&#8217;\u00e9mail dentaire.<\/p>\n<p>Sa nouvelle <strong>formule tr\u00e8s app\u00e9tente<\/strong> est bien tol\u00e9r\u00e9e par les animaux. Facilit\u00e9 d&#8217;usage, pas de manipulations compliqu\u00e9es avec les animaux.<\/p>\n","protected":false},"featured_media":905923,"template":"","meta":[],"product_cat":[2697,2698,12609,12610,12560,12561],"product_tag":[],"class_list":{"0":"post-91487","1":"product","2":"type-product","3":"status-publish","4":"has-post-thumbnail","6":"product_cat-chat","7":"product_cat-chien","8":"product_cat-hygiene-bucco-dentaire-du-chat","9":"product_cat-hygiene-bucco-dentaire-du-chien","10":"product_cat-hygiene-du-chat","11":"product_cat-hygiene-du-chien","12":"pa_marque-technovet-eurotonic","14":"first","15":"instock","16":"taxable","17":"shipping-taxable","18":"purchasable","19":"product-type-simple"},"yoast_head":"<!-- This site is optimized with the Yoast SEO plugin v27.3 - https:\/\/yoast.com\/product\/yoast-seo-wordpress\/ -->\n<title>Buccospray Technovet Eurotonic - V\u00e9torino<\/title>\n<meta name=\"description\" content=\"Buccospray favorise l&#039;\u00e9limination du tartre, neutralise les mauvaises odeurs par l&#039;effet bact\u00e9ricide de la chlorhexidine, pr\u00e9vient la plaque dentaire et est enrichi en fluor pour une meilleure protection de l&#039;\u00e9mail dentaire.  Sa nouvelle formule tr\u00e8s app\u00e9tente est bien tol\u00e9r\u00e9e par les animaux. Facilit\u00e9 d&#039;usage, pas de manipulations compliqu\u00e9es avec les animaux.\" \/>\n<meta name=\"robots\" content=\"noindex, nofollow\" \/>\n<meta property=\"og:locale\" content=\"fr_FR\" \/>\n<meta property=\"og:type\" content=\"article\" \/>\n<meta property=\"og:title\" content=\"Buccospray Technovet Eurotonic - V\u00e9torino\" \/>\n<meta property=\"og:description\" content=\"Buccospray favorise l&#039;\u00e9limination du tartre, neutralise les mauvaises odeurs par l&#039;effet bact\u00e9ricide de la chlorhexidine, pr\u00e9vient la plaque dentaire et est enrichi en fluor pour une meilleure protection de l&#039;\u00e9mail dentaire.  Sa nouvelle formule tr\u00e8s app\u00e9tente est bien tol\u00e9r\u00e9e par les animaux. Facilit\u00e9 d&#039;usage, pas de manipulations compliqu\u00e9es avec les animaux.\" \/>\n<meta property=\"og:url\" content=\"https:\/\/www.vetorino.com\/veterinaire\/saint-die-des-vosges-88100\/boutique\/product\/buccospray\/\" \/>\n<meta property=\"og:site_name\" content=\"V\u00e9torino\" \/>\n<meta property=\"article:publisher\" content=\"https:\/\/www.facebook.com\/Vetorino\/\" \/>\n<meta property=\"article:modified_time\" content=\"2026-03-30T00:42:05+00:00\" \/>\n<meta property=\"og:image\" content=\"https:\/\/www.vetorino.com\/boutique\/wp-content\/uploads\/2020\/09\/logo-vetorino-1.png\" \/>\n\t<meta property=\"og:image:width\" content=\"539\" \/>\n\t<meta property=\"og:image:height\" content=\"224\" \/>\n\t<meta property=\"og:image:type\" content=\"image\/png\" \/>\n<meta name=\"twitter:card\" content=\"summary_large_image\" \/>\n<meta name=\"twitter:label1\" content=\"Prix\" \/>\n\t<meta name=\"twitter:data1\" content=\"10,60&euro;\" \/>\n\t<meta name=\"twitter:label2\" content=\"Disponibilit\u00e9\" \/>\n\t<meta name=\"twitter:data2\" content=\"En stock\" \/>\n<script type=\"application\/ld+json\" class=\"yoast-schema-graph\">{\"@context\":\"https:\\\/\\\/schema.org\",\"@graph\":[{\"@type\":\"WebPage\",\"@id\":\"https:\\\/\\\/www.vetorino.com\\\/boutique\\\/product\\\/buccospray\\\/\",\"url\":\"https:\\\/\\\/www.vetorino.com\\\/boutique\\\/product\\\/buccospray\\\/\",\"name\":\"Buccospray Technovet Eurotonic - V\u00e9torino\",\"isPartOf\":{\"@id\":\"https:\\\/\\\/www.vetorino.com\\\/boutique\\\/#website\"},\"primaryImageOfPage\":{\"@id\":\"https:\\\/\\\/www.vetorino.com\\\/boutique\\\/product\\\/buccospray\\\/#primaryimage\"},\"image\":{\"@id\":\"https:\\\/\\\/www.vetorino.com\\\/boutique\\\/product\\\/buccospray\\\/#primaryimage\"},\"thumbnailUrl\":\"https:\\\/\\\/www.vetorino.com\\\/boutique\\\/wp-content\\\/uploads\\\/2020\\\/03\\\/buccospray-50-ml.avif\",\"datePublished\":\"2020-06-26T12:11:18+00:00\",\"dateModified\":\"2026-03-30T00:42:05+00:00\",\"description\":\"Buccospray favorise l'\u00e9limination du tartre, neutralise les mauvaises odeurs par l'effet bact\u00e9ricide de la chlorhexidine, pr\u00e9vient la plaque dentaire et est enrichi en fluor pour une meilleure protection de l'\u00e9mail dentaire. Sa nouvelle formule tr\u00e8s app\u00e9tente est bien tol\u00e9r\u00e9e par les animaux. Facilit\u00e9 d'usage, pas de manipulations compliqu\u00e9es avec les animaux.\",\"breadcrumb\":{\"@id\":\"https:\\\/\\\/www.vetorino.com\\\/boutique\\\/product\\\/buccospray\\\/#breadcrumb\"},\"inLanguage\":\"fr-FR\",\"potentialAction\":[{\"@type\":\"ReadAction\",\"target\":[\"https:\\\/\\\/www.vetorino.com\\\/boutique\\\/product\\\/buccospray\\\/\"]}]},{\"@type\":\"ImageObject\",\"inLanguage\":\"fr-FR\",\"@id\":\"https:\\\/\\\/www.vetorino.com\\\/boutique\\\/product\\\/buccospray\\\/#primaryimage\",\"url\":\"https:\\\/\\\/www.vetorino.com\\\/boutique\\\/wp-content\\\/uploads\\\/2020\\\/03\\\/buccospray-50-ml.avif\",\"contentUrl\":\"https:\\\/\\\/www.vetorino.com\\\/boutique\\\/wp-content\\\/uploads\\\/2020\\\/03\\\/buccospray-50-ml.avif\",\"width\":1200,\"height\":1200},{\"@type\":\"BreadcrumbList\",\"@id\":\"https:\\\/\\\/www.vetorino.com\\\/boutique\\\/product\\\/buccospray\\\/#breadcrumb\",\"itemListElement\":[{\"@type\":\"ListItem\",\"position\":1,\"name\":\"Accueil\",\"item\":\"https:\\\/\\\/www.vetorino.com\\\/boutique\\\/\"},{\"@type\":\"ListItem\",\"position\":2,\"name\":\"Produits\",\"item\":\"https:\\\/\\\/www.vetorino.com\\\/boutique\\\/\"},{\"@type\":\"ListItem\",\"position\":3,\"name\":\"Buccospray\"}]},{\"@type\":\"WebSite\",\"@id\":\"https:\\\/\\\/www.vetorino.com\\\/boutique\\\/#website\",\"url\":\"https:\\\/\\\/www.vetorino.com\\\/boutique\\\/\",\"name\":\"V\u00e9torino\",\"description\":\"\",\"publisher\":{\"@id\":\"https:\\\/\\\/www.vetorino.com\\\/boutique\\\/#organization\"},\"potentialAction\":[{\"@type\":\"SearchAction\",\"target\":{\"@type\":\"EntryPoint\",\"urlTemplate\":\"https:\\\/\\\/www.vetorino.com\\\/boutique\\\/?s={search_term_string}\"},\"query-input\":{\"@type\":\"PropertyValueSpecification\",\"valueRequired\":true,\"valueName\":\"search_term_string\"}}],\"inLanguage\":\"fr-FR\"},{\"@type\":\"Organization\",\"@id\":\"https:\\\/\\\/www.vetorino.com\\\/boutique\\\/#organization\",\"name\":\"V\u00e9torino\",\"url\":\"https:\\\/\\\/www.vetorino.com\\\/boutique\\\/\",\"logo\":{\"@type\":\"ImageObject\",\"inLanguage\":\"fr-FR\",\"@id\":\"https:\\\/\\\/www.vetorino.com\\\/boutique\\\/#\\\/schema\\\/logo\\\/image\\\/\",\"url\":\"https:\\\/\\\/www.vetorino.com\\\/boutique\\\/wp-content\\\/uploads\\\/2024\\\/10\\\/logo.jpg\",\"contentUrl\":\"https:\\\/\\\/www.vetorino.com\\\/boutique\\\/wp-content\\\/uploads\\\/2024\\\/10\\\/logo.jpg\",\"width\":1200,\"height\":610,\"caption\":\"V\u00e9torino\"},\"image\":{\"@id\":\"https:\\\/\\\/www.vetorino.com\\\/boutique\\\/#\\\/schema\\\/logo\\\/image\\\/\"},\"sameAs\":[\"https:\\\/\\\/www.facebook.com\\\/Vetorino\\\/\",\"https:\\\/\\\/www.instagram.com\\\/vetorino_off\\\/\",\"https:\\\/\\\/www.linkedin.com\\\/company\\\/vtorino\\\/\"]}]}<\/script>\n<meta property=\"product:brand\" content=\"Technovet Eurotonic\" \/>\n<meta property=\"product:price:amount\" content=\"10.60\" \/>\n<meta property=\"product:price:currency\" content=\"EUR\" \/>\n<meta property=\"og:availability\" content=\"instock\" \/>\n<meta property=\"product:availability\" content=\"instock\" \/>\n<meta property=\"product:retailer_item_id\" content=\"C-BUC202\" \/>\n<meta property=\"product:condition\" content=\"new\" \/>\n<!-- \/ Yoast SEO plugin. -->","yoast_head_json":{"title":"Buccospray Technovet Eurotonic - V\u00e9torino","description":"Buccospray favorise l'\u00e9limination du tartre, neutralise les mauvaises odeurs par l'effet bact\u00e9ricide de la chlorhexidine, pr\u00e9vient la plaque dentaire et est enrichi en fluor pour une meilleure protection de l'\u00e9mail dentaire.  Sa nouvelle formule tr\u00e8s app\u00e9tente est bien tol\u00e9r\u00e9e par les animaux. Facilit\u00e9 d'usage, pas de manipulations compliqu\u00e9es avec les animaux.","robots":{"index":"noindex","follow":"nofollow"},"og_locale":"fr_FR","og_type":"article","og_title":"Buccospray Technovet Eurotonic - V\u00e9torino","og_description":"Buccospray favorise l'\u00e9limination du tartre, neutralise les mauvaises odeurs par l'effet bact\u00e9ricide de la chlorhexidine, pr\u00e9vient la plaque dentaire et est enrichi en fluor pour une meilleure protection de l'\u00e9mail dentaire.  Sa nouvelle formule tr\u00e8s app\u00e9tente est bien tol\u00e9r\u00e9e par les animaux. Facilit\u00e9 d'usage, pas de manipulations compliqu\u00e9es avec les animaux.","og_url":"https:\/\/www.vetorino.com\/veterinaire\/saint-die-des-vosges-88100\/boutique\/product\/buccospray\/","og_site_name":"V\u00e9torino","article_publisher":"https:\/\/www.facebook.com\/Vetorino\/","article_modified_time":"2026-03-30T00:42:05+00:00","og_image":[{"width":539,"height":224,"url":"https:\/\/www.vetorino.com\/boutique\/wp-content\/uploads\/2020\/09\/logo-vetorino-1.png","type":"image\/png"}],"twitter_card":"summary_large_image","twitter_misc":{"Prix":"10,60&euro;","Disponibilit\u00e9":"En stock"},"schema":{"@context":"https:\/\/schema.org","@graph":[{"@type":"WebPage","@id":"https:\/\/www.vetorino.com\/boutique\/product\/buccospray\/","url":"https:\/\/www.vetorino.com\/boutique\/product\/buccospray\/","name":"Buccospray Technovet Eurotonic - V\u00e9torino","isPartOf":{"@id":"https:\/\/www.vetorino.com\/boutique\/#website"},"primaryImageOfPage":{"@id":"https:\/\/www.vetorino.com\/boutique\/product\/buccospray\/#primaryimage"},"image":{"@id":"https:\/\/www.vetorino.com\/boutique\/product\/buccospray\/#primaryimage"},"thumbnailUrl":"https:\/\/www.vetorino.com\/boutique\/wp-content\/uploads\/2020\/03\/buccospray-50-ml.avif","datePublished":"2020-06-26T12:11:18+00:00","dateModified":"2026-03-30T00:42:05+00:00","description":"Buccospray favorise l'\u00e9limination du tartre, neutralise les mauvaises odeurs par l'effet bact\u00e9ricide de la chlorhexidine, pr\u00e9vient la plaque dentaire et est enrichi en fluor pour une meilleure protection de l'\u00e9mail dentaire. Sa nouvelle formule tr\u00e8s app\u00e9tente est bien tol\u00e9r\u00e9e par les animaux. Facilit\u00e9 d'usage, pas de manipulations compliqu\u00e9es avec les animaux.","breadcrumb":{"@id":"https:\/\/www.vetorino.com\/boutique\/product\/buccospray\/#breadcrumb"},"inLanguage":"fr-FR","potentialAction":[{"@type":"ReadAction","target":["https:\/\/www.vetorino.com\/boutique\/product\/buccospray\/"]}]},{"@type":"ImageObject","inLanguage":"fr-FR","@id":"https:\/\/www.vetorino.com\/boutique\/product\/buccospray\/#primaryimage","url":"https:\/\/www.vetorino.com\/boutique\/wp-content\/uploads\/2020\/03\/buccospray-50-ml.avif","contentUrl":"https:\/\/www.vetorino.com\/boutique\/wp-content\/uploads\/2020\/03\/buccospray-50-ml.avif","width":1200,"height":1200},{"@type":"BreadcrumbList","@id":"https:\/\/www.vetorino.com\/boutique\/product\/buccospray\/#breadcrumb","itemListElement":[{"@type":"ListItem","position":1,"name":"Accueil","item":"https:\/\/www.vetorino.com\/boutique\/"},{"@type":"ListItem","position":2,"name":"Produits","item":"https:\/\/www.vetorino.com\/boutique\/"},{"@type":"ListItem","position":3,"name":"Buccospray"}]},{"@type":"WebSite","@id":"https:\/\/www.vetorino.com\/boutique\/#website","url":"https:\/\/www.vetorino.com\/boutique\/","name":"V\u00e9torino","description":"","publisher":{"@id":"https:\/\/www.vetorino.com\/boutique\/#organization"},"potentialAction":[{"@type":"SearchAction","target":{"@type":"EntryPoint","urlTemplate":"https:\/\/www.vetorino.com\/boutique\/?s={search_term_string}"},"query-input":{"@type":"PropertyValueSpecification","valueRequired":true,"valueName":"search_term_string"}}],"inLanguage":"fr-FR"},{"@type":"Organization","@id":"https:\/\/www.vetorino.com\/boutique\/#organization","name":"V\u00e9torino","url":"https:\/\/www.vetorino.com\/boutique\/","logo":{"@type":"ImageObject","inLanguage":"fr-FR","@id":"https:\/\/www.vetorino.com\/boutique\/#\/schema\/logo\/image\/","url":"https:\/\/www.vetorino.com\/boutique\/wp-content\/uploads\/2024\/10\/logo.jpg","contentUrl":"https:\/\/www.vetorino.com\/boutique\/wp-content\/uploads\/2024\/10\/logo.jpg","width":1200,"height":610,"caption":"V\u00e9torino"},"image":{"@id":"https:\/\/www.vetorino.com\/boutique\/#\/schema\/logo\/image\/"},"sameAs":["https:\/\/www.facebook.com\/Vetorino\/","https:\/\/www.instagram.com\/vetorino_off\/","https:\/\/www.linkedin.com\/company\/vtorino\/"]}]},"product_brand":"Technovet Eurotonic","product_price_amount":"10.60","product_price_currency":"EUR","og_availability":"instock","product_availability":"instock","product_retailer_item_id":"C-BUC202","product_condition":"new"},"_links":{"self":[{"href":"https:\/\/www.vetorino.com\/veterinaire\/saint-die-des-vosges-88100\/boutique\/wp-json\/wp\/v2\/product\/91487","targetHints":{"allow":["GET"]}}],"collection":[{"href":"https:\/\/www.vetorino.com\/veterinaire\/saint-die-des-vosges-88100\/boutique\/wp-json\/wp\/v2\/product"}],"about":[{"href":"https:\/\/www.vetorino.com\/veterinaire\/saint-die-des-vosges-88100\/boutique\/wp-json\/wp\/v2\/types\/product"}],"wp:featuredmedia":[{"embeddable":true,"href":"https:\/\/www.vetorino.com\/veterinaire\/saint-die-des-vosges-88100\/boutique\/wp-json\/wp\/v2\/media\/905923"}],"wp:attachment":[{"href":"https:\/\/www.vetorino.com\/veterinaire\/saint-die-des-vosges-88100\/boutique\/wp-json\/wp\/v2\/media?parent=91487"}],"wp:term":[{"taxonomy":"product_cat","embeddable":true,"href":"https:\/\/www.vetorino.com\/veterinaire\/saint-die-des-vosges-88100\/boutique\/wp-json\/wp\/v2\/product_cat?post=91487"},{"taxonomy":"product_tag","embeddable":true,"href":"https:\/\/www.vetorino.com\/veterinaire\/saint-die-des-vosges-88100\/boutique\/wp-json\/wp\/v2\/product_tag?post=91487"}],"curies":[{"name":"wp","href":"https:\/\/api.w.org\/{rel}","templated":true}]}}