{"id":98333,"date":"2020-06-30T01:01:46","date_gmt":"2020-06-29T23:01:46","guid":{"rendered":"https:\/\/www.vetorino.com\/boutique\/product\/kit-dentaire\/"},"modified":"2026-03-02T02:42:13","modified_gmt":"2026-03-02T01:42:13","slug":"kit-dentaire","status":"publish","type":"product","link":"https:\/\/www.vetorino.com\/veterinaire\/saint-die-des-vosges-88100\/boutique\/product\/kit-dentaire\/","title":{"rendered":"Kit Dentaire \u2013 Chien"},"content":{"rendered":"<p>Kit dentaire pour chiens et chats qui aide au <strong>contr\u00f4le du tartre et de la mauvaise haleine.<\/strong><\/p>\n<p><strong>Contient :<\/strong><\/p>\n<ul>\n<li>Une brosse \u00e0 dents \u00e0 deux t\u00eates (une petite et une grande).<\/li>\n<li>Un doigtier dentaire.<\/li>\n<li>Un tube de dentifrice enzymatique go\u00fbt volaille tr\u00e8s app\u00e9tent.<\/li>\n<li>Une notice explicative tr\u00e8s d\u00e9taill\u00e9e pour expliquer les diff\u00e9rentes \u00e9tapes permettant un brossage dentaire efficace.<\/li>\n<\/ul>\n","protected":false},"excerpt":{"rendered":"<p>Kit dentaire pour chiens et chats qui aide <strong>au contr\u00f4le du tartre et de la mauvaise haleine.<\/strong><\/p>\n<p>Le kit contient une brosse \u00e0 dents, un doigtier dentaire, un tube de dentifrice go\u00fbt volaille et une notice d\u00e9taill\u00e9e.<\/p>\n","protected":false},"featured_media":1402186,"template":"","meta":[],"product_cat":[2698,12610,12561],"product_tag":[],"class_list":{"0":"post-98333","1":"product","2":"type-product","3":"status-publish","4":"has-post-thumbnail","6":"product_cat-chien","7":"product_cat-hygiene-bucco-dentaire-du-chien","8":"product_cat-hygiene-du-chien","9":"pa_marque-virbac","11":"first","12":"instock","13":"taxable","14":"shipping-taxable","15":"purchasable","16":"product-type-simple"},"yoast_head":"<!-- This site is optimized with the Yoast SEO plugin v27.3 - https:\/\/yoast.com\/product\/yoast-seo-wordpress\/ -->\n<title>Kit Dentaire \u2013 Chien Virbac - V\u00e9torino<\/title>\n<meta name=\"description\" content=\"Kit dentaire pour chiens et chats qui aide au contr\u00f4le du tartre et de la mauvaise haleine.  Le kit contient une brosse \u00e0 dents, un doigtier dentaire, un tube de dentifrice go\u00fbt volaille et une notice d\u00e9taill\u00e9e.\" \/>\n<meta name=\"robots\" content=\"noindex, nofollow\" \/>\n<meta property=\"og:locale\" content=\"fr_FR\" \/>\n<meta property=\"og:type\" content=\"article\" \/>\n<meta property=\"og:title\" content=\"Kit Dentaire \u2013 Chien Virbac - V\u00e9torino\" \/>\n<meta property=\"og:description\" content=\"Kit dentaire pour chiens et chats qui aide au contr\u00f4le du tartre et de la mauvaise haleine.  Le kit contient une brosse \u00e0 dents, un doigtier dentaire, un tube de dentifrice go\u00fbt volaille et une notice d\u00e9taill\u00e9e.\" \/>\n<meta property=\"og:url\" content=\"https:\/\/www.vetorino.com\/veterinaire\/saint-die-des-vosges-88100\/boutique\/product\/kit-dentaire\/\" \/>\n<meta property=\"og:site_name\" content=\"V\u00e9torino\" \/>\n<meta property=\"article:publisher\" content=\"https:\/\/www.facebook.com\/Vetorino\/\" \/>\n<meta property=\"article:modified_time\" content=\"2026-03-02T01:42:13+00:00\" \/>\n<meta property=\"og:image\" content=\"https:\/\/www.vetorino.com\/boutique\/wp-content\/uploads\/2020\/03\/kit-dentaire.webp\" \/>\n\t<meta property=\"og:image:width\" content=\"800\" \/>\n\t<meta property=\"og:image:height\" content=\"800\" \/>\n\t<meta property=\"og:image:type\" content=\"image\/webp\" \/>\n<meta name=\"twitter:card\" content=\"summary_large_image\" \/>\n<meta name=\"twitter:label1\" content=\"Prix\" \/>\n\t<meta name=\"twitter:data1\" content=\"21,60&euro;\" \/>\n\t<meta name=\"twitter:label2\" content=\"Disponibilit\u00e9\" \/>\n\t<meta name=\"twitter:data2\" content=\"En stock\" \/>\n<script type=\"application\/ld+json\" class=\"yoast-schema-graph\">{\"@context\":\"https:\\\/\\\/schema.org\",\"@graph\":[{\"@type\":\"WebPage\",\"@id\":\"https:\\\/\\\/www.vetorino.com\\\/veterinaire\\\/pontarlier-25300\\\/boutique\\\/product\\\/kit-dentaire\\\/\",\"url\":\"https:\\\/\\\/www.vetorino.com\\\/veterinaire\\\/pontarlier-25300\\\/boutique\\\/product\\\/kit-dentaire\\\/\",\"name\":\"Kit Dentaire \u2013 Chien Virbac - V\u00e9torino\",\"isPartOf\":{\"@id\":\"https:\\\/\\\/www.vetorino.com\\\/boutique\\\/#website\"},\"primaryImageOfPage\":{\"@id\":\"https:\\\/\\\/www.vetorino.com\\\/veterinaire\\\/pontarlier-25300\\\/boutique\\\/product\\\/kit-dentaire\\\/#primaryimage\"},\"image\":{\"@id\":\"https:\\\/\\\/www.vetorino.com\\\/veterinaire\\\/pontarlier-25300\\\/boutique\\\/product\\\/kit-dentaire\\\/#primaryimage\"},\"thumbnailUrl\":\"https:\\\/\\\/www.vetorino.com\\\/boutique\\\/wp-content\\\/uploads\\\/2020\\\/03\\\/kit-dentaire.webp\",\"datePublished\":\"2020-06-29T23:01:46+00:00\",\"dateModified\":\"2026-03-02T01:42:13+00:00\",\"description\":\"Kit dentaire pour chiens et chats qui aide au contr\u00f4le du tartre et de la mauvaise haleine. Le kit contient une brosse \u00e0 dents, un doigtier dentaire, un tube de dentifrice go\u00fbt volaille et une notice d\u00e9taill\u00e9e.\",\"breadcrumb\":{\"@id\":\"https:\\\/\\\/www.vetorino.com\\\/veterinaire\\\/pontarlier-25300\\\/boutique\\\/product\\\/kit-dentaire\\\/#breadcrumb\"},\"inLanguage\":\"fr-FR\",\"potentialAction\":[{\"@type\":\"ReadAction\",\"target\":[\"https:\\\/\\\/www.vetorino.com\\\/veterinaire\\\/pontarlier-25300\\\/boutique\\\/product\\\/kit-dentaire\\\/\"]}]},{\"@type\":\"ImageObject\",\"inLanguage\":\"fr-FR\",\"@id\":\"https:\\\/\\\/www.vetorino.com\\\/veterinaire\\\/pontarlier-25300\\\/boutique\\\/product\\\/kit-dentaire\\\/#primaryimage\",\"url\":\"https:\\\/\\\/www.vetorino.com\\\/boutique\\\/wp-content\\\/uploads\\\/2020\\\/03\\\/kit-dentaire.webp\",\"contentUrl\":\"https:\\\/\\\/www.vetorino.com\\\/boutique\\\/wp-content\\\/uploads\\\/2020\\\/03\\\/kit-dentaire.webp\",\"width\":800,\"height\":800},{\"@type\":\"BreadcrumbList\",\"@id\":\"https:\\\/\\\/www.vetorino.com\\\/veterinaire\\\/pontarlier-25300\\\/boutique\\\/product\\\/kit-dentaire\\\/#breadcrumb\",\"itemListElement\":[{\"@type\":\"ListItem\",\"position\":1,\"name\":\"Accueil\",\"item\":\"https:\\\/\\\/www.vetorino.com\\\/boutique\\\/\"},{\"@type\":\"ListItem\",\"position\":2,\"name\":\"Produits\",\"item\":\"https:\\\/\\\/www.vetorino.com\\\/boutique\\\/\"},{\"@type\":\"ListItem\",\"position\":3,\"name\":\"Kit Dentaire \u2013 Chien\"}]},{\"@type\":\"WebSite\",\"@id\":\"https:\\\/\\\/www.vetorino.com\\\/boutique\\\/#website\",\"url\":\"https:\\\/\\\/www.vetorino.com\\\/boutique\\\/\",\"name\":\"V\u00e9torino\",\"description\":\"\",\"publisher\":{\"@id\":\"https:\\\/\\\/www.vetorino.com\\\/boutique\\\/#organization\"},\"potentialAction\":[{\"@type\":\"SearchAction\",\"target\":{\"@type\":\"EntryPoint\",\"urlTemplate\":\"https:\\\/\\\/www.vetorino.com\\\/boutique\\\/?s={search_term_string}\"},\"query-input\":{\"@type\":\"PropertyValueSpecification\",\"valueRequired\":true,\"valueName\":\"search_term_string\"}}],\"inLanguage\":\"fr-FR\"},{\"@type\":\"Organization\",\"@id\":\"https:\\\/\\\/www.vetorino.com\\\/boutique\\\/#organization\",\"name\":\"V\u00e9torino\",\"url\":\"https:\\\/\\\/www.vetorino.com\\\/boutique\\\/\",\"logo\":{\"@type\":\"ImageObject\",\"inLanguage\":\"fr-FR\",\"@id\":\"https:\\\/\\\/www.vetorino.com\\\/boutique\\\/#\\\/schema\\\/logo\\\/image\\\/\",\"url\":\"https:\\\/\\\/www.vetorino.com\\\/boutique\\\/wp-content\\\/uploads\\\/2024\\\/10\\\/logo.jpg\",\"contentUrl\":\"https:\\\/\\\/www.vetorino.com\\\/boutique\\\/wp-content\\\/uploads\\\/2024\\\/10\\\/logo.jpg\",\"width\":1200,\"height\":610,\"caption\":\"V\u00e9torino\"},\"image\":{\"@id\":\"https:\\\/\\\/www.vetorino.com\\\/boutique\\\/#\\\/schema\\\/logo\\\/image\\\/\"},\"sameAs\":[\"https:\\\/\\\/www.facebook.com\\\/Vetorino\\\/\",\"https:\\\/\\\/www.instagram.com\\\/vetorino_off\\\/\",\"https:\\\/\\\/www.linkedin.com\\\/company\\\/vtorino\\\/\"]}]}<\/script>\n<meta property=\"product:brand\" content=\"Virbac\" \/>\n<meta property=\"product:price:amount\" content=\"21.60\" \/>\n<meta property=\"product:price:currency\" content=\"EUR\" \/>\n<meta property=\"og:availability\" content=\"instock\" \/>\n<meta property=\"product:availability\" content=\"instock\" \/>\n<meta property=\"product:retailer_item_id\" content=\"C-KIT013\" \/>\n<meta property=\"product:condition\" content=\"new\" \/>\n<!-- \/ Yoast SEO plugin. -->","yoast_head_json":{"title":"Kit Dentaire \u2013 Chien Virbac - V\u00e9torino","description":"Kit dentaire pour chiens et chats qui aide au contr\u00f4le du tartre et de la mauvaise haleine.  Le kit contient une brosse \u00e0 dents, un doigtier dentaire, un tube de dentifrice go\u00fbt volaille et une notice d\u00e9taill\u00e9e.","robots":{"index":"noindex","follow":"nofollow"},"og_locale":"fr_FR","og_type":"article","og_title":"Kit Dentaire \u2013 Chien Virbac - V\u00e9torino","og_description":"Kit dentaire pour chiens et chats qui aide au contr\u00f4le du tartre et de la mauvaise haleine.  Le kit contient une brosse \u00e0 dents, un doigtier dentaire, un tube de dentifrice go\u00fbt volaille et une notice d\u00e9taill\u00e9e.","og_url":"https:\/\/www.vetorino.com\/veterinaire\/saint-die-des-vosges-88100\/boutique\/product\/kit-dentaire\/","og_site_name":"V\u00e9torino","article_publisher":"https:\/\/www.facebook.com\/Vetorino\/","article_modified_time":"2026-03-02T01:42:13+00:00","og_image":[{"width":800,"height":800,"url":"https:\/\/www.vetorino.com\/boutique\/wp-content\/uploads\/2020\/03\/kit-dentaire.webp","type":"image\/webp"}],"twitter_card":"summary_large_image","twitter_misc":{"Prix":"21,60&euro;","Disponibilit\u00e9":"En stock"},"schema":{"@context":"https:\/\/schema.org","@graph":[{"@type":"WebPage","@id":"https:\/\/www.vetorino.com\/veterinaire\/pontarlier-25300\/boutique\/product\/kit-dentaire\/","url":"https:\/\/www.vetorino.com\/veterinaire\/pontarlier-25300\/boutique\/product\/kit-dentaire\/","name":"Kit Dentaire \u2013 Chien Virbac - V\u00e9torino","isPartOf":{"@id":"https:\/\/www.vetorino.com\/boutique\/#website"},"primaryImageOfPage":{"@id":"https:\/\/www.vetorino.com\/veterinaire\/pontarlier-25300\/boutique\/product\/kit-dentaire\/#primaryimage"},"image":{"@id":"https:\/\/www.vetorino.com\/veterinaire\/pontarlier-25300\/boutique\/product\/kit-dentaire\/#primaryimage"},"thumbnailUrl":"https:\/\/www.vetorino.com\/boutique\/wp-content\/uploads\/2020\/03\/kit-dentaire.webp","datePublished":"2020-06-29T23:01:46+00:00","dateModified":"2026-03-02T01:42:13+00:00","description":"Kit dentaire pour chiens et chats qui aide au contr\u00f4le du tartre et de la mauvaise haleine. Le kit contient une brosse \u00e0 dents, un doigtier dentaire, un tube de dentifrice go\u00fbt volaille et une notice d\u00e9taill\u00e9e.","breadcrumb":{"@id":"https:\/\/www.vetorino.com\/veterinaire\/pontarlier-25300\/boutique\/product\/kit-dentaire\/#breadcrumb"},"inLanguage":"fr-FR","potentialAction":[{"@type":"ReadAction","target":["https:\/\/www.vetorino.com\/veterinaire\/pontarlier-25300\/boutique\/product\/kit-dentaire\/"]}]},{"@type":"ImageObject","inLanguage":"fr-FR","@id":"https:\/\/www.vetorino.com\/veterinaire\/pontarlier-25300\/boutique\/product\/kit-dentaire\/#primaryimage","url":"https:\/\/www.vetorino.com\/boutique\/wp-content\/uploads\/2020\/03\/kit-dentaire.webp","contentUrl":"https:\/\/www.vetorino.com\/boutique\/wp-content\/uploads\/2020\/03\/kit-dentaire.webp","width":800,"height":800},{"@type":"BreadcrumbList","@id":"https:\/\/www.vetorino.com\/veterinaire\/pontarlier-25300\/boutique\/product\/kit-dentaire\/#breadcrumb","itemListElement":[{"@type":"ListItem","position":1,"name":"Accueil","item":"https:\/\/www.vetorino.com\/boutique\/"},{"@type":"ListItem","position":2,"name":"Produits","item":"https:\/\/www.vetorino.com\/boutique\/"},{"@type":"ListItem","position":3,"name":"Kit Dentaire \u2013 Chien"}]},{"@type":"WebSite","@id":"https:\/\/www.vetorino.com\/boutique\/#website","url":"https:\/\/www.vetorino.com\/boutique\/","name":"V\u00e9torino","description":"","publisher":{"@id":"https:\/\/www.vetorino.com\/boutique\/#organization"},"potentialAction":[{"@type":"SearchAction","target":{"@type":"EntryPoint","urlTemplate":"https:\/\/www.vetorino.com\/boutique\/?s={search_term_string}"},"query-input":{"@type":"PropertyValueSpecification","valueRequired":true,"valueName":"search_term_string"}}],"inLanguage":"fr-FR"},{"@type":"Organization","@id":"https:\/\/www.vetorino.com\/boutique\/#organization","name":"V\u00e9torino","url":"https:\/\/www.vetorino.com\/boutique\/","logo":{"@type":"ImageObject","inLanguage":"fr-FR","@id":"https:\/\/www.vetorino.com\/boutique\/#\/schema\/logo\/image\/","url":"https:\/\/www.vetorino.com\/boutique\/wp-content\/uploads\/2024\/10\/logo.jpg","contentUrl":"https:\/\/www.vetorino.com\/boutique\/wp-content\/uploads\/2024\/10\/logo.jpg","width":1200,"height":610,"caption":"V\u00e9torino"},"image":{"@id":"https:\/\/www.vetorino.com\/boutique\/#\/schema\/logo\/image\/"},"sameAs":["https:\/\/www.facebook.com\/Vetorino\/","https:\/\/www.instagram.com\/vetorino_off\/","https:\/\/www.linkedin.com\/company\/vtorino\/"]}]},"product_brand":"Virbac","product_price_amount":"21.60","product_price_currency":"EUR","og_availability":"instock","product_availability":"instock","product_retailer_item_id":"C-KIT013","product_condition":"new"},"_links":{"self":[{"href":"https:\/\/www.vetorino.com\/veterinaire\/saint-die-des-vosges-88100\/boutique\/wp-json\/wp\/v2\/product\/98333","targetHints":{"allow":["GET"]}}],"collection":[{"href":"https:\/\/www.vetorino.com\/veterinaire\/saint-die-des-vosges-88100\/boutique\/wp-json\/wp\/v2\/product"}],"about":[{"href":"https:\/\/www.vetorino.com\/veterinaire\/saint-die-des-vosges-88100\/boutique\/wp-json\/wp\/v2\/types\/product"}],"wp:featuredmedia":[{"embeddable":true,"href":"https:\/\/www.vetorino.com\/veterinaire\/saint-die-des-vosges-88100\/boutique\/wp-json\/wp\/v2\/media\/1402186"}],"wp:attachment":[{"href":"https:\/\/www.vetorino.com\/veterinaire\/saint-die-des-vosges-88100\/boutique\/wp-json\/wp\/v2\/media?parent=98333"}],"wp:term":[{"taxonomy":"product_cat","embeddable":true,"href":"https:\/\/www.vetorino.com\/veterinaire\/saint-die-des-vosges-88100\/boutique\/wp-json\/wp\/v2\/product_cat?post=98333"},{"taxonomy":"product_tag","embeddable":true,"href":"https:\/\/www.vetorino.com\/veterinaire\/saint-die-des-vosges-88100\/boutique\/wp-json\/wp\/v2\/product_tag?post=98333"}],"curies":[{"name":"wp","href":"https:\/\/api.w.org\/{rel}","templated":true}]}}