{"id":1088301,"date":"2024-11-07T04:57:40","date_gmt":"2024-11-07T03:57:40","guid":{"rendered":"https:\/\/www.vetorino.com\/boutique\/?post_type=product&#038;p=1088301"},"modified":"2025-11-12T15:07:03","modified_gmt":"2025-11-12T14:07:03","slug":"patee-chat-adulte-diabete-porc-2","status":"publish","type":"product","link":"https:\/\/www.vetorino.com\/veterinaire\/saint-pourcain-sur-sioule\/boutique\/product\/patee-chat-adulte-diabete-porc-2\/","title":{"rendered":"P\u00e2t\u00e9e Chat Adulte Diab\u00e8te Porc"},"content":{"rendered":"<div class=\"mb-4 lg:mb-8\">\n<div class=\"flex justify-center text-center sm:text-left sm:justify-start\">\n<div class=\"relative inline-flex mt-10\">\n<p><strong>Les p\u00e2t\u00e9es pour chat diab\u00e9tique au porc et au b\u0153uf de la marque Ziggy sont con\u00e7ues pour ceux souffrant de diab\u00e8te sucr\u00e9, en les aidant \u00e0 r\u00e9guler l\u2019apport en glucose.<\/strong><\/p>\n<p><strong>Caract\u00e9ristiques :<\/strong><\/p>\n<ul>\n<li>Compos\u00e9 de 100% de prot\u00e9ines d\u2019origine animale de haute qualit\u00e9.<\/li>\n<li>Contient une faible teneur en sucres et amidon.<\/li>\n<li>Aliment sp\u00e9cialement formul\u00e9 pour aider \u00e0 g\u00e9rer la glyc\u00e9mie postprandiale chez les chats diab\u00e9tiques.<\/li>\n<\/ul>\n<p><strong>Indications et conseils :<\/strong><\/p>\n<ul>\n<li>Il est recommand\u00e9 de ne pas donner de croquettes (contenant obligatoirement de l\u2019amidon) en compl\u00e9ment de cette alimentation afin de profiter de tous ces bienfaits.<\/li>\n<li>Une fois ouvert, le produit est \u00e0 conserver au r\u00e9frig\u00e9rateur jusqu\u2019\u00e0 48h.<\/li>\n<li>\u00c0 consommer de pr\u00e9f\u00e9rence avant la date limite de consommation.<\/li>\n<li>R\u00e9partir les quantit\u00e9s indiqu\u00e9es sur plusieurs repas.<\/li>\n<\/ul>\n<p>Les p\u00e2t\u00e9es Ziggy Chat Adulte Diab\u00e8te Porc &amp; B\u0153uf P\u00e2t\u00e9e sont destin\u00e9es \u00e0 la prise en charge nutritionnelle du\u00a0<strong>diab\u00e8te<\/strong>\u00a0chez le chat.<strong> Veuillez consulter votre v\u00e9t\u00e9rinaire avant utilisation.\u00a0 \u00a0<\/strong><\/p>\n<\/div>\n<\/div>\n<\/div>\n","protected":false},"excerpt":{"rendered":"<p><strong>Les p\u00e2t\u00e9es pour chat diab\u00e9tique au porc et au b\u0153uf de la marque Ziggy sont con\u00e7ues pour ceux souffrant de diab\u00e8te sucr\u00e9, en les aidant \u00e0 r\u00e9guler l\u2019apport en glucose.<\/strong><\/p>\n<p><strong>Caract\u00e9ristiques :<\/strong><\/p>\n<ul>\n<li>Compos\u00e9 de 100% de prot\u00e9ines d\u2019origine animale de haute qualit\u00e9.<\/li>\n<li>Contient une faible teneur en sucres et amidon.<\/li>\n<li>Aliment sp\u00e9cialement formul\u00e9 pour aider \u00e0 g\u00e9rer la glyc\u00e9mie postprandiale chez les chats diab\u00e9tiques.<\/li>\n<\/ul>\n<p><strong> Veuillez consulter votre v\u00e9t\u00e9rinaire avant utilisation.\u00a0 \u00a0<\/strong><\/p>\n","protected":false},"featured_media":1036877,"template":"","meta":[],"product_cat":[12551,12581,2697],"product_tag":[],"class_list":{"0":"post-1088301","1":"product","2":"type-product","3":"status-publish","4":"has-post-thumbnail","6":"product_cat-alimentation-du-chat","7":"product_cat-alimentation-medicalisee-pour-chat","8":"product_cat-chat","9":"pa_marque-s-a-s-ziggy","11":"first","12":"instock","13":"taxable","14":"shipping-taxable","15":"purchasable","16":"product-type-simple"},"yoast_head":"<!-- This site is optimized with the Yoast SEO plugin v27.3 - https:\/\/yoast.com\/product\/yoast-seo-wordpress\/ -->\n<title>P\u00e2t\u00e9e Chat Adulte Diab\u00e8te Porc Ziggy - V\u00e9torino<\/title>\n<meta name=\"description\" content=\"Les p\u00e2t\u00e9es pour chat diab\u00e9tique au porc et au b\u0153uf de la marque Ziggy sont con\u00e7ues pour ceux souffrant de diab\u00e8te sucr\u00e9, en les aidant \u00e0 r\u00e9guler l\u2019apport en glucose.  Caract\u00e9ristiques :   Compos\u00e9 de 100% de prot\u00e9ines d\u2019origine animale de haute qualit\u00e9.  Contient une faible teneur en sucres et amidon.  Aliment sp\u00e9cialement formul\u00e9 pour aider \u00e0 g\u00e9rer la glyc\u00e9mie postprandiale chez les chats diab\u00e9tiques.   Veuillez consulter votre v\u00e9t\u00e9rinaire avant utilisation.\u00a0 \u00a0\" \/>\n<meta name=\"robots\" content=\"noindex, nofollow\" \/>\n<meta property=\"og:locale\" content=\"fr_FR\" \/>\n<meta property=\"og:type\" content=\"article\" \/>\n<meta property=\"og:title\" content=\"P\u00e2t\u00e9e Chat Adulte Diab\u00e8te Porc Ziggy - V\u00e9torino\" \/>\n<meta property=\"og:description\" content=\"Les p\u00e2t\u00e9es pour chat diab\u00e9tique au porc et au b\u0153uf de la marque Ziggy sont con\u00e7ues pour ceux souffrant de diab\u00e8te sucr\u00e9, en les aidant \u00e0 r\u00e9guler l\u2019apport en glucose.  Caract\u00e9ristiques :   Compos\u00e9 de 100% de prot\u00e9ines d\u2019origine animale de haute qualit\u00e9.  Contient une faible teneur en sucres et amidon.  Aliment sp\u00e9cialement formul\u00e9 pour aider \u00e0 g\u00e9rer la glyc\u00e9mie postprandiale chez les chats diab\u00e9tiques.   Veuillez consulter votre v\u00e9t\u00e9rinaire avant utilisation.\u00a0 \u00a0\" \/>\n<meta property=\"og:url\" content=\"https:\/\/www.vetorino.com\/veterinaire\/saint-pourcain-sur-sioule\/boutique\/product\/patee-chat-adulte-diabete-porc-2\/\" \/>\n<meta property=\"og:site_name\" content=\"V\u00e9torino\" \/>\n<meta property=\"article:publisher\" content=\"https:\/\/www.facebook.com\/Vetorino\/\" \/>\n<meta property=\"article:modified_time\" content=\"2025-11-12T14:07:03+00:00\" \/>\n<meta property=\"og:image\" content=\"https:\/\/www.vetorino.com\/boutique\/wp-content\/uploads\/2024\/09\/NEW.PateeDiabete-Porclotx4new1qte.webp\" \/>\n\t<meta property=\"og:image:width\" content=\"1080\" \/>\n\t<meta property=\"og:image:height\" content=\"1080\" \/>\n\t<meta property=\"og:image:type\" content=\"image\/webp\" \/>\n<meta name=\"twitter:card\" content=\"summary_large_image\" \/>\n<meta name=\"twitter:label1\" content=\"Prix\" \/>\n\t<meta name=\"twitter:data1\" content=\"10,35&euro;\" \/>\n\t<meta name=\"twitter:label2\" content=\"Disponibilit\u00e9\" \/>\n\t<meta name=\"twitter:data2\" content=\"En stock\" \/>\n<script type=\"application\/ld+json\" class=\"yoast-schema-graph\">{\"@context\":\"https:\\\/\\\/schema.org\",\"@graph\":[{\"@type\":\"WebPage\",\"@id\":\"https:\\\/\\\/www.vetorino.com\\\/boutique\\\/product\\\/patee-chat-adulte-diabete-porc-2\\\/\",\"url\":\"https:\\\/\\\/www.vetorino.com\\\/boutique\\\/product\\\/patee-chat-adulte-diabete-porc-2\\\/\",\"name\":\"P\u00e2t\u00e9e Chat Adulte Diab\u00e8te Porc Ziggy - V\u00e9torino\",\"isPartOf\":{\"@id\":\"https:\\\/\\\/www.vetorino.com\\\/boutique\\\/#website\"},\"primaryImageOfPage\":{\"@id\":\"https:\\\/\\\/www.vetorino.com\\\/boutique\\\/product\\\/patee-chat-adulte-diabete-porc-2\\\/#primaryimage\"},\"image\":{\"@id\":\"https:\\\/\\\/www.vetorino.com\\\/boutique\\\/product\\\/patee-chat-adulte-diabete-porc-2\\\/#primaryimage\"},\"thumbnailUrl\":\"https:\\\/\\\/www.vetorino.com\\\/boutique\\\/wp-content\\\/uploads\\\/2024\\\/09\\\/NEW.PateeDiabete-Porclotx4new1qte.webp\",\"datePublished\":\"2024-11-07T03:57:40+00:00\",\"dateModified\":\"2025-11-12T14:07:03+00:00\",\"description\":\"Les p\u00e2t\u00e9es pour chat diab\u00e9tique au porc et au b\u0153uf de la marque Ziggy sont con\u00e7ues pour ceux souffrant de diab\u00e8te sucr\u00e9, en les aidant \u00e0 r\u00e9guler l\u2019apport en glucose. Caract\u00e9ristiques : Compos\u00e9 de 100% de prot\u00e9ines d\u2019origine animale de haute qualit\u00e9. Contient une faible teneur en sucres et amidon. Aliment sp\u00e9cialement formul\u00e9 pour aider \u00e0 g\u00e9rer la glyc\u00e9mie postprandiale chez les chats diab\u00e9tiques. Veuillez consulter votre v\u00e9t\u00e9rinaire avant utilisation.\u00a0 \u00a0\",\"breadcrumb\":{\"@id\":\"https:\\\/\\\/www.vetorino.com\\\/boutique\\\/product\\\/patee-chat-adulte-diabete-porc-2\\\/#breadcrumb\"},\"inLanguage\":\"fr-FR\",\"potentialAction\":[{\"@type\":\"ReadAction\",\"target\":[\"https:\\\/\\\/www.vetorino.com\\\/boutique\\\/product\\\/patee-chat-adulte-diabete-porc-2\\\/\"]}]},{\"@type\":\"ImageObject\",\"inLanguage\":\"fr-FR\",\"@id\":\"https:\\\/\\\/www.vetorino.com\\\/boutique\\\/product\\\/patee-chat-adulte-diabete-porc-2\\\/#primaryimage\",\"url\":\"https:\\\/\\\/www.vetorino.com\\\/boutique\\\/wp-content\\\/uploads\\\/2024\\\/09\\\/NEW.PateeDiabete-Porclotx4new1qte.webp\",\"contentUrl\":\"https:\\\/\\\/www.vetorino.com\\\/boutique\\\/wp-content\\\/uploads\\\/2024\\\/09\\\/NEW.PateeDiabete-Porclotx4new1qte.webp\",\"width\":1080,\"height\":1080},{\"@type\":\"BreadcrumbList\",\"@id\":\"https:\\\/\\\/www.vetorino.com\\\/boutique\\\/product\\\/patee-chat-adulte-diabete-porc-2\\\/#breadcrumb\",\"itemListElement\":[{\"@type\":\"ListItem\",\"position\":1,\"name\":\"Accueil\",\"item\":\"https:\\\/\\\/www.vetorino.com\\\/boutique\\\/\"},{\"@type\":\"ListItem\",\"position\":2,\"name\":\"Produits\",\"item\":\"https:\\\/\\\/www.vetorino.com\\\/boutique\\\/\"},{\"@type\":\"ListItem\",\"position\":3,\"name\":\"P\u00e2t\u00e9e Chat Adulte Diab\u00e8te Porc\"}]},{\"@type\":\"WebSite\",\"@id\":\"https:\\\/\\\/www.vetorino.com\\\/boutique\\\/#website\",\"url\":\"https:\\\/\\\/www.vetorino.com\\\/boutique\\\/\",\"name\":\"V\u00e9torino\",\"description\":\"\",\"publisher\":{\"@id\":\"https:\\\/\\\/www.vetorino.com\\\/boutique\\\/#organization\"},\"potentialAction\":[{\"@type\":\"SearchAction\",\"target\":{\"@type\":\"EntryPoint\",\"urlTemplate\":\"https:\\\/\\\/www.vetorino.com\\\/boutique\\\/?s={search_term_string}\"},\"query-input\":{\"@type\":\"PropertyValueSpecification\",\"valueRequired\":true,\"valueName\":\"search_term_string\"}}],\"inLanguage\":\"fr-FR\"},{\"@type\":\"Organization\",\"@id\":\"https:\\\/\\\/www.vetorino.com\\\/boutique\\\/#organization\",\"name\":\"V\u00e9torino\",\"url\":\"https:\\\/\\\/www.vetorino.com\\\/boutique\\\/\",\"logo\":{\"@type\":\"ImageObject\",\"inLanguage\":\"fr-FR\",\"@id\":\"https:\\\/\\\/www.vetorino.com\\\/boutique\\\/#\\\/schema\\\/logo\\\/image\\\/\",\"url\":\"https:\\\/\\\/www.vetorino.com\\\/boutique\\\/wp-content\\\/uploads\\\/2024\\\/10\\\/logo.jpg\",\"contentUrl\":\"https:\\\/\\\/www.vetorino.com\\\/boutique\\\/wp-content\\\/uploads\\\/2024\\\/10\\\/logo.jpg\",\"width\":1200,\"height\":610,\"caption\":\"V\u00e9torino\"},\"image\":{\"@id\":\"https:\\\/\\\/www.vetorino.com\\\/boutique\\\/#\\\/schema\\\/logo\\\/image\\\/\"},\"sameAs\":[\"https:\\\/\\\/www.facebook.com\\\/Vetorino\\\/\",\"https:\\\/\\\/www.instagram.com\\\/vetorino_off\\\/\",\"https:\\\/\\\/www.linkedin.com\\\/company\\\/vtorino\\\/\"]}]}<\/script>\n<meta property=\"product:brand\" content=\"Ziggy\" \/>\n<meta property=\"product:price:amount\" content=\"10.35\" \/>\n<meta property=\"product:price:currency\" content=\"EUR\" \/>\n<meta property=\"og:availability\" content=\"instock\" \/>\n<meta property=\"product:availability\" content=\"instock\" \/>\n<meta property=\"product:retailer_item_id\" content=\"O-29873\" \/>\n<meta property=\"product:condition\" content=\"new\" \/>\n<!-- \/ Yoast SEO plugin. -->","yoast_head_json":{"title":"P\u00e2t\u00e9e Chat Adulte Diab\u00e8te Porc Ziggy - V\u00e9torino","description":"Les p\u00e2t\u00e9es pour chat diab\u00e9tique au porc et au b\u0153uf de la marque Ziggy sont con\u00e7ues pour ceux souffrant de diab\u00e8te sucr\u00e9, en les aidant \u00e0 r\u00e9guler l\u2019apport en glucose.  Caract\u00e9ristiques :   Compos\u00e9 de 100% de prot\u00e9ines d\u2019origine animale de haute qualit\u00e9.  Contient une faible teneur en sucres et amidon.  Aliment sp\u00e9cialement formul\u00e9 pour aider \u00e0 g\u00e9rer la glyc\u00e9mie postprandiale chez les chats diab\u00e9tiques.   Veuillez consulter votre v\u00e9t\u00e9rinaire avant utilisation.\u00a0 \u00a0","robots":{"index":"noindex","follow":"nofollow"},"og_locale":"fr_FR","og_type":"article","og_title":"P\u00e2t\u00e9e Chat Adulte Diab\u00e8te Porc Ziggy - V\u00e9torino","og_description":"Les p\u00e2t\u00e9es pour chat diab\u00e9tique au porc et au b\u0153uf de la marque Ziggy sont con\u00e7ues pour ceux souffrant de diab\u00e8te sucr\u00e9, en les aidant \u00e0 r\u00e9guler l\u2019apport en glucose.  Caract\u00e9ristiques :   Compos\u00e9 de 100% de prot\u00e9ines d\u2019origine animale de haute qualit\u00e9.  Contient une faible teneur en sucres et amidon.  Aliment sp\u00e9cialement formul\u00e9 pour aider \u00e0 g\u00e9rer la glyc\u00e9mie postprandiale chez les chats diab\u00e9tiques.   Veuillez consulter votre v\u00e9t\u00e9rinaire avant utilisation.\u00a0 \u00a0","og_url":"https:\/\/www.vetorino.com\/veterinaire\/saint-pourcain-sur-sioule\/boutique\/product\/patee-chat-adulte-diabete-porc-2\/","og_site_name":"V\u00e9torino","article_publisher":"https:\/\/www.facebook.com\/Vetorino\/","article_modified_time":"2025-11-12T14:07:03+00:00","og_image":[{"width":1080,"height":1080,"url":"https:\/\/www.vetorino.com\/boutique\/wp-content\/uploads\/2024\/09\/NEW.PateeDiabete-Porclotx4new1qte.webp","type":"image\/webp"}],"twitter_card":"summary_large_image","twitter_misc":{"Prix":"10,35&euro;","Disponibilit\u00e9":"En stock"},"schema":{"@context":"https:\/\/schema.org","@graph":[{"@type":"WebPage","@id":"https:\/\/www.vetorino.com\/boutique\/product\/patee-chat-adulte-diabete-porc-2\/","url":"https:\/\/www.vetorino.com\/boutique\/product\/patee-chat-adulte-diabete-porc-2\/","name":"P\u00e2t\u00e9e Chat Adulte Diab\u00e8te Porc Ziggy - V\u00e9torino","isPartOf":{"@id":"https:\/\/www.vetorino.com\/boutique\/#website"},"primaryImageOfPage":{"@id":"https:\/\/www.vetorino.com\/boutique\/product\/patee-chat-adulte-diabete-porc-2\/#primaryimage"},"image":{"@id":"https:\/\/www.vetorino.com\/boutique\/product\/patee-chat-adulte-diabete-porc-2\/#primaryimage"},"thumbnailUrl":"https:\/\/www.vetorino.com\/boutique\/wp-content\/uploads\/2024\/09\/NEW.PateeDiabete-Porclotx4new1qte.webp","datePublished":"2024-11-07T03:57:40+00:00","dateModified":"2025-11-12T14:07:03+00:00","description":"Les p\u00e2t\u00e9es pour chat diab\u00e9tique au porc et au b\u0153uf de la marque Ziggy sont con\u00e7ues pour ceux souffrant de diab\u00e8te sucr\u00e9, en les aidant \u00e0 r\u00e9guler l\u2019apport en glucose. Caract\u00e9ristiques : Compos\u00e9 de 100% de prot\u00e9ines d\u2019origine animale de haute qualit\u00e9. Contient une faible teneur en sucres et amidon. Aliment sp\u00e9cialement formul\u00e9 pour aider \u00e0 g\u00e9rer la glyc\u00e9mie postprandiale chez les chats diab\u00e9tiques. Veuillez consulter votre v\u00e9t\u00e9rinaire avant utilisation.\u00a0 \u00a0","breadcrumb":{"@id":"https:\/\/www.vetorino.com\/boutique\/product\/patee-chat-adulte-diabete-porc-2\/#breadcrumb"},"inLanguage":"fr-FR","potentialAction":[{"@type":"ReadAction","target":["https:\/\/www.vetorino.com\/boutique\/product\/patee-chat-adulte-diabete-porc-2\/"]}]},{"@type":"ImageObject","inLanguage":"fr-FR","@id":"https:\/\/www.vetorino.com\/boutique\/product\/patee-chat-adulte-diabete-porc-2\/#primaryimage","url":"https:\/\/www.vetorino.com\/boutique\/wp-content\/uploads\/2024\/09\/NEW.PateeDiabete-Porclotx4new1qte.webp","contentUrl":"https:\/\/www.vetorino.com\/boutique\/wp-content\/uploads\/2024\/09\/NEW.PateeDiabete-Porclotx4new1qte.webp","width":1080,"height":1080},{"@type":"BreadcrumbList","@id":"https:\/\/www.vetorino.com\/boutique\/product\/patee-chat-adulte-diabete-porc-2\/#breadcrumb","itemListElement":[{"@type":"ListItem","position":1,"name":"Accueil","item":"https:\/\/www.vetorino.com\/boutique\/"},{"@type":"ListItem","position":2,"name":"Produits","item":"https:\/\/www.vetorino.com\/boutique\/"},{"@type":"ListItem","position":3,"name":"P\u00e2t\u00e9e Chat Adulte Diab\u00e8te Porc"}]},{"@type":"WebSite","@id":"https:\/\/www.vetorino.com\/boutique\/#website","url":"https:\/\/www.vetorino.com\/boutique\/","name":"V\u00e9torino","description":"","publisher":{"@id":"https:\/\/www.vetorino.com\/boutique\/#organization"},"potentialAction":[{"@type":"SearchAction","target":{"@type":"EntryPoint","urlTemplate":"https:\/\/www.vetorino.com\/boutique\/?s={search_term_string}"},"query-input":{"@type":"PropertyValueSpecification","valueRequired":true,"valueName":"search_term_string"}}],"inLanguage":"fr-FR"},{"@type":"Organization","@id":"https:\/\/www.vetorino.com\/boutique\/#organization","name":"V\u00e9torino","url":"https:\/\/www.vetorino.com\/boutique\/","logo":{"@type":"ImageObject","inLanguage":"fr-FR","@id":"https:\/\/www.vetorino.com\/boutique\/#\/schema\/logo\/image\/","url":"https:\/\/www.vetorino.com\/boutique\/wp-content\/uploads\/2024\/10\/logo.jpg","contentUrl":"https:\/\/www.vetorino.com\/boutique\/wp-content\/uploads\/2024\/10\/logo.jpg","width":1200,"height":610,"caption":"V\u00e9torino"},"image":{"@id":"https:\/\/www.vetorino.com\/boutique\/#\/schema\/logo\/image\/"},"sameAs":["https:\/\/www.facebook.com\/Vetorino\/","https:\/\/www.instagram.com\/vetorino_off\/","https:\/\/www.linkedin.com\/company\/vtorino\/"]}]},"product_brand":"Ziggy","product_price_amount":"10.35","product_price_currency":"EUR","og_availability":"instock","product_availability":"instock","product_retailer_item_id":"O-29873","product_condition":"new"},"_links":{"self":[{"href":"https:\/\/www.vetorino.com\/veterinaire\/saint-pourcain-sur-sioule\/boutique\/wp-json\/wp\/v2\/product\/1088301","targetHints":{"allow":["GET"]}}],"collection":[{"href":"https:\/\/www.vetorino.com\/veterinaire\/saint-pourcain-sur-sioule\/boutique\/wp-json\/wp\/v2\/product"}],"about":[{"href":"https:\/\/www.vetorino.com\/veterinaire\/saint-pourcain-sur-sioule\/boutique\/wp-json\/wp\/v2\/types\/product"}],"wp:featuredmedia":[{"embeddable":true,"href":"https:\/\/www.vetorino.com\/veterinaire\/saint-pourcain-sur-sioule\/boutique\/wp-json\/wp\/v2\/media\/1036877"}],"wp:attachment":[{"href":"https:\/\/www.vetorino.com\/veterinaire\/saint-pourcain-sur-sioule\/boutique\/wp-json\/wp\/v2\/media?parent=1088301"}],"wp:term":[{"taxonomy":"product_cat","embeddable":true,"href":"https:\/\/www.vetorino.com\/veterinaire\/saint-pourcain-sur-sioule\/boutique\/wp-json\/wp\/v2\/product_cat?post=1088301"},{"taxonomy":"product_tag","embeddable":true,"href":"https:\/\/www.vetorino.com\/veterinaire\/saint-pourcain-sur-sioule\/boutique\/wp-json\/wp\/v2\/product_tag?post=1088301"}],"curies":[{"name":"wp","href":"https:\/\/api.w.org\/{rel}","templated":true}]}}