{"id":121961,"date":"2020-10-06T13:33:52","date_gmt":"2020-10-06T11:33:52","guid":{"rendered":"https:\/\/www.vetorino.com\/boutique\/product\/sum-fresh-poudre-2\/"},"modified":"2025-08-01T12:19:52","modified_gmt":"2025-08-01T10:19:52","slug":"sum-fresh-poudre-2","status":"publish","type":"product","link":"https:\/\/www.vetorino.com\/veterinaire\/saint-pourcain-sur-sioule\/boutique\/product\/sum-fresh-poudre-2\/","title":{"rendered":"Sum Fresh \u2013 chien chat"},"content":{"rendered":"<div class=\"hidden\">\n<div id=\"description-short-section\" class=\"lg:mb-8\">\n<div class=\"product-section-content hidden lg:block\">\n<p><strong>Aliment compl\u00e9mentaire pour chien et chat.<\/strong><\/p>\n<p>Sum Fresh a \u00e9t\u00e9 formul\u00e9 \u00e0 partir d&#8217;un complexe d&#8217;algues marines et de fructo-oligossacharides, composants naturels dont l&#8217;efficacit\u00e9 en mati\u00e8re d<strong>&#8216;hygi\u00e8ne bucco-dentaire<\/strong> a \u00e9t\u00e9 largement \u00e9tudi\u00e9e.<\/p>\n<p>Facile d&#8217;utilisation, Sum Fresh se pr\u00e9sente sous forme d&#8217;une <strong>poudre app\u00e9tente<\/strong> \u00e0 disperser sur l&#8217;alimentation des chiens et des chats.<\/p>\n<p><strong>Une bonne hygi\u00e8ne bucco-dentaire permet d&#8217;obtenir une bouche et des dents saines, une haleine agr\u00e9able et \u00e9vite diverses complications \u00e0 l&#8217;\u00e9chelle de l&#8217;organisme.<\/strong><\/p>\n<p>Sum Fresh est particuli\u00e8rement indiqu\u00e9 :<\/p>\n<ul>\n<li>Pr\u00e9ventivement, d\u00e8s le plus jeune \u00e2ge et tout au long de la vie de l&#8217;animal, pour limiter la formation de plaque dentaire et de tartre.<\/li>\n<li>En entretien sur des dents saines, apr\u00e8s un d\u00e9tartrage.<\/li>\n<li>En pr\u00e9sence de plaque dentaire, de tartre, de gingivite et\/ou de p\u00e9riodontite chez tous les chiens et les chats.<\/li>\n<li>Chez les chats souffant de gingivo-stomatite chronique (CGSF = complexe gingivo-stomatite f\u00e9lin), qu&#8217;une cause sous-jacente soit identifi\u00e9e ou non (calicivirose, FIV&#8230;).<\/li>\n<li>Lors d&#8217;halitose, quelle qu&#8217;en soit l&#8217;origine.<\/li>\n<\/ul>\n<\/div>\n<\/div>\n<div id=\"description-section\" class=\"lg:mb-8\"><\/div>\n<\/div>\n","protected":false},"excerpt":{"rendered":"<p><strong>Aliment compl\u00e9mentaire pour chien et chat.<\/strong><\/p>\n<p>Sum Fresh a \u00e9t\u00e9 formul\u00e9 \u00e0 partir d&#8217;un complexe d&#8217;algues marines et de fructo-oligossacharides, composants naturels dont l&#8217;efficacit\u00e9 en mati\u00e8re d<strong>&#8216;hygi\u00e8ne bucco-dentaire<\/strong> a \u00e9t\u00e9 largement \u00e9tudi\u00e9e.<\/p>\n<p>Facile d&#8217;utilisation, Sum Fresh se pr\u00e9sente sous forme d&#8217;une <strong>poudre app\u00e9tente<\/strong> \u00e0 disperser sur l&#8217;alimentation des chiens et des chats.<\/p>\n<p><strong>Une bonne hygi\u00e8ne bucco-dentaire permet d&#8217;obtenir une bouche et des dents saines, une haleine agr\u00e9able et \u00e9vite diverses complications \u00e0 l&#8217;\u00e9chelle de l&#8217;organisme.<\/strong><\/p>\n","protected":false},"featured_media":1436392,"template":"","meta":[],"product_cat":[2697,2698,12609,12610,12560,12561],"product_tag":[],"class_list":{"0":"post-121961","1":"product","2":"type-product","3":"status-publish","4":"has-post-thumbnail","6":"product_cat-chat","7":"product_cat-chien","8":"product_cat-hygiene-bucco-dentaire-du-chat","9":"product_cat-hygiene-bucco-dentaire-du-chien","10":"product_cat-hygiene-du-chat","11":"product_cat-hygiene-du-chien","12":"pa_marque-sum-lab-vet","14":"first","15":"instock","16":"taxable","17":"shipping-taxable","18":"purchasable","19":"product-type-simple"},"yoast_head":"<!-- This site is optimized with the Yoast SEO plugin v27.3 - https:\/\/yoast.com\/product\/yoast-seo-wordpress\/ -->\n<title>Sum Fresh \u2013 chien chat Sum Lab Vet - V\u00e9torino<\/title>\n<meta name=\"description\" content=\"Aliment compl\u00e9mentaire pour chien et chat.  Sum Fresh a \u00e9t\u00e9 formul\u00e9 \u00e0 partir d&#039;un complexe d&#039;algues marines et de fructo-oligossacharides, composants naturels dont l&#039;efficacit\u00e9 en mati\u00e8re d&#039;hygi\u00e8ne bucco-dentaire a \u00e9t\u00e9 largement \u00e9tudi\u00e9e.  Facile d&#039;utilisation, Sum Fresh se pr\u00e9sente sous forme d&#039;une poudre app\u00e9tente \u00e0 disperser sur l&#039;alimentation des chiens et des chats.  Une bonne hygi\u00e8ne bucco-dentaire permet d&#039;obtenir une bouche et des dents saines, une haleine agr\u00e9able et \u00e9vite diverses complications \u00e0 l&#039;\u00e9chelle de l&#039;organisme.\" \/>\n<meta name=\"robots\" content=\"noindex, nofollow\" \/>\n<meta property=\"og:locale\" content=\"fr_FR\" \/>\n<meta property=\"og:type\" content=\"article\" \/>\n<meta property=\"og:title\" content=\"Sum Fresh \u2013 chien chat Sum Lab Vet - V\u00e9torino\" \/>\n<meta property=\"og:description\" content=\"Aliment compl\u00e9mentaire pour chien et chat.  Sum Fresh a \u00e9t\u00e9 formul\u00e9 \u00e0 partir d&#039;un complexe d&#039;algues marines et de fructo-oligossacharides, composants naturels dont l&#039;efficacit\u00e9 en mati\u00e8re d&#039;hygi\u00e8ne bucco-dentaire a \u00e9t\u00e9 largement \u00e9tudi\u00e9e.  Facile d&#039;utilisation, Sum Fresh se pr\u00e9sente sous forme d&#039;une poudre app\u00e9tente \u00e0 disperser sur l&#039;alimentation des chiens et des chats.  Une bonne hygi\u00e8ne bucco-dentaire permet d&#039;obtenir une bouche et des dents saines, une haleine agr\u00e9able et \u00e9vite diverses complications \u00e0 l&#039;\u00e9chelle de l&#039;organisme.\" \/>\n<meta property=\"og:url\" content=\"https:\/\/www.vetorino.com\/veterinaire\/saint-pourcain-sur-sioule\/boutique\/product\/sum-fresh-poudre-2\/\" \/>\n<meta property=\"og:site_name\" content=\"V\u00e9torino\" \/>\n<meta property=\"article:publisher\" content=\"https:\/\/www.facebook.com\/Vetorino\/\" \/>\n<meta property=\"article:modified_time\" content=\"2025-08-01T10:19:52+00:00\" \/>\n<meta property=\"og:image\" content=\"https:\/\/www.vetorino.com\/boutique\/wp-content\/uploads\/2020\/06\/sum-fresh-poudre.jpg\" \/>\n\t<meta property=\"og:image:width\" content=\"800\" \/>\n\t<meta property=\"og:image:height\" content=\"800\" \/>\n\t<meta property=\"og:image:type\" content=\"image\/jpeg\" \/>\n<meta name=\"twitter:card\" content=\"summary_large_image\" \/>\n<meta name=\"twitter:label1\" content=\"Prix\" \/>\n\t<meta name=\"twitter:data1\" content=\"18,39&euro;\" \/>\n\t<meta name=\"twitter:label2\" content=\"Disponibilit\u00e9\" \/>\n\t<meta name=\"twitter:data2\" content=\"En stock\" \/>\n<script type=\"application\/ld+json\" class=\"yoast-schema-graph\">{\"@context\":\"https:\\\/\\\/schema.org\",\"@graph\":[{\"@type\":\"WebPage\",\"@id\":\"https:\\\/\\\/www.vetorino.com\\\/boutique\\\/product\\\/sum-fresh-poudre-2\\\/\",\"url\":\"https:\\\/\\\/www.vetorino.com\\\/boutique\\\/product\\\/sum-fresh-poudre-2\\\/\",\"name\":\"Sum Fresh \u2013 chien chat Sum Lab Vet - V\u00e9torino\",\"isPartOf\":{\"@id\":\"https:\\\/\\\/www.vetorino.com\\\/boutique\\\/#website\"},\"primaryImageOfPage\":{\"@id\":\"https:\\\/\\\/www.vetorino.com\\\/boutique\\\/product\\\/sum-fresh-poudre-2\\\/#primaryimage\"},\"image\":{\"@id\":\"https:\\\/\\\/www.vetorino.com\\\/boutique\\\/product\\\/sum-fresh-poudre-2\\\/#primaryimage\"},\"thumbnailUrl\":\"https:\\\/\\\/www.vetorino.com\\\/boutique\\\/wp-content\\\/uploads\\\/2020\\\/06\\\/sum-fresh-poudre.jpg\",\"datePublished\":\"2020-10-06T11:33:52+00:00\",\"dateModified\":\"2025-08-01T10:19:52+00:00\",\"description\":\"Aliment compl\u00e9mentaire pour chien et chat. Sum Fresh a \u00e9t\u00e9 formul\u00e9 \u00e0 partir d'un complexe d'algues marines et de fructo-oligossacharides, composants naturels dont l'efficacit\u00e9 en mati\u00e8re d'hygi\u00e8ne bucco-dentaire a \u00e9t\u00e9 largement \u00e9tudi\u00e9e. Facile d'utilisation, Sum Fresh se pr\u00e9sente sous forme d'une poudre app\u00e9tente \u00e0 disperser sur l'alimentation des chiens et des chats. Une bonne hygi\u00e8ne bucco-dentaire permet d'obtenir une bouche et des dents saines, une haleine agr\u00e9able et \u00e9vite diverses complications \u00e0 l'\u00e9chelle de l'organisme.\",\"breadcrumb\":{\"@id\":\"https:\\\/\\\/www.vetorino.com\\\/boutique\\\/product\\\/sum-fresh-poudre-2\\\/#breadcrumb\"},\"inLanguage\":\"fr-FR\",\"potentialAction\":[{\"@type\":\"ReadAction\",\"target\":[\"https:\\\/\\\/www.vetorino.com\\\/boutique\\\/product\\\/sum-fresh-poudre-2\\\/\"]}]},{\"@type\":\"ImageObject\",\"inLanguage\":\"fr-FR\",\"@id\":\"https:\\\/\\\/www.vetorino.com\\\/boutique\\\/product\\\/sum-fresh-poudre-2\\\/#primaryimage\",\"url\":\"https:\\\/\\\/www.vetorino.com\\\/boutique\\\/wp-content\\\/uploads\\\/2020\\\/06\\\/sum-fresh-poudre.jpg\",\"contentUrl\":\"https:\\\/\\\/www.vetorino.com\\\/boutique\\\/wp-content\\\/uploads\\\/2020\\\/06\\\/sum-fresh-poudre.jpg\",\"width\":800,\"height\":800},{\"@type\":\"BreadcrumbList\",\"@id\":\"https:\\\/\\\/www.vetorino.com\\\/boutique\\\/product\\\/sum-fresh-poudre-2\\\/#breadcrumb\",\"itemListElement\":[{\"@type\":\"ListItem\",\"position\":1,\"name\":\"Accueil\",\"item\":\"https:\\\/\\\/www.vetorino.com\\\/boutique\\\/\"},{\"@type\":\"ListItem\",\"position\":2,\"name\":\"Produits\",\"item\":\"https:\\\/\\\/www.vetorino.com\\\/boutique\\\/\"},{\"@type\":\"ListItem\",\"position\":3,\"name\":\"Sum Fresh \u2013 chien chat\"}]},{\"@type\":\"WebSite\",\"@id\":\"https:\\\/\\\/www.vetorino.com\\\/boutique\\\/#website\",\"url\":\"https:\\\/\\\/www.vetorino.com\\\/boutique\\\/\",\"name\":\"V\u00e9torino\",\"description\":\"\",\"publisher\":{\"@id\":\"https:\\\/\\\/www.vetorino.com\\\/boutique\\\/#organization\"},\"potentialAction\":[{\"@type\":\"SearchAction\",\"target\":{\"@type\":\"EntryPoint\",\"urlTemplate\":\"https:\\\/\\\/www.vetorino.com\\\/boutique\\\/?s={search_term_string}\"},\"query-input\":{\"@type\":\"PropertyValueSpecification\",\"valueRequired\":true,\"valueName\":\"search_term_string\"}}],\"inLanguage\":\"fr-FR\"},{\"@type\":\"Organization\",\"@id\":\"https:\\\/\\\/www.vetorino.com\\\/boutique\\\/#organization\",\"name\":\"V\u00e9torino\",\"url\":\"https:\\\/\\\/www.vetorino.com\\\/boutique\\\/\",\"logo\":{\"@type\":\"ImageObject\",\"inLanguage\":\"fr-FR\",\"@id\":\"https:\\\/\\\/www.vetorino.com\\\/boutique\\\/#\\\/schema\\\/logo\\\/image\\\/\",\"url\":\"https:\\\/\\\/www.vetorino.com\\\/boutique\\\/wp-content\\\/uploads\\\/2024\\\/10\\\/logo.jpg\",\"contentUrl\":\"https:\\\/\\\/www.vetorino.com\\\/boutique\\\/wp-content\\\/uploads\\\/2024\\\/10\\\/logo.jpg\",\"width\":1200,\"height\":610,\"caption\":\"V\u00e9torino\"},\"image\":{\"@id\":\"https:\\\/\\\/www.vetorino.com\\\/boutique\\\/#\\\/schema\\\/logo\\\/image\\\/\"},\"sameAs\":[\"https:\\\/\\\/www.facebook.com\\\/Vetorino\\\/\",\"https:\\\/\\\/www.instagram.com\\\/vetorino_off\\\/\",\"https:\\\/\\\/www.linkedin.com\\\/company\\\/vtorino\\\/\"]}]}<\/script>\n<meta property=\"product:brand\" content=\"Sum Lab Vet\" \/>\n<meta property=\"product:price:amount\" content=\"18.39\" \/>\n<meta property=\"product:price:currency\" content=\"EUR\" \/>\n<meta property=\"og:availability\" content=\"instock\" \/>\n<meta property=\"product:availability\" content=\"instock\" \/>\n<meta property=\"product:retailer_item_id\" content=\"O-9641\" \/>\n<meta property=\"product:condition\" content=\"new\" \/>\n<!-- \/ Yoast SEO plugin. -->","yoast_head_json":{"title":"Sum Fresh \u2013 chien chat Sum Lab Vet - V\u00e9torino","description":"Aliment compl\u00e9mentaire pour chien et chat.  Sum Fresh a \u00e9t\u00e9 formul\u00e9 \u00e0 partir d'un complexe d'algues marines et de fructo-oligossacharides, composants naturels dont l'efficacit\u00e9 en mati\u00e8re d'hygi\u00e8ne bucco-dentaire a \u00e9t\u00e9 largement \u00e9tudi\u00e9e.  Facile d'utilisation, Sum Fresh se pr\u00e9sente sous forme d'une poudre app\u00e9tente \u00e0 disperser sur l'alimentation des chiens et des chats.  Une bonne hygi\u00e8ne bucco-dentaire permet d'obtenir une bouche et des dents saines, une haleine agr\u00e9able et \u00e9vite diverses complications \u00e0 l'\u00e9chelle de l'organisme.","robots":{"index":"noindex","follow":"nofollow"},"og_locale":"fr_FR","og_type":"article","og_title":"Sum Fresh \u2013 chien chat Sum Lab Vet - V\u00e9torino","og_description":"Aliment compl\u00e9mentaire pour chien et chat.  Sum Fresh a \u00e9t\u00e9 formul\u00e9 \u00e0 partir d'un complexe d'algues marines et de fructo-oligossacharides, composants naturels dont l'efficacit\u00e9 en mati\u00e8re d'hygi\u00e8ne bucco-dentaire a \u00e9t\u00e9 largement \u00e9tudi\u00e9e.  Facile d'utilisation, Sum Fresh se pr\u00e9sente sous forme d'une poudre app\u00e9tente \u00e0 disperser sur l'alimentation des chiens et des chats.  Une bonne hygi\u00e8ne bucco-dentaire permet d'obtenir une bouche et des dents saines, une haleine agr\u00e9able et \u00e9vite diverses complications \u00e0 l'\u00e9chelle de l'organisme.","og_url":"https:\/\/www.vetorino.com\/veterinaire\/saint-pourcain-sur-sioule\/boutique\/product\/sum-fresh-poudre-2\/","og_site_name":"V\u00e9torino","article_publisher":"https:\/\/www.facebook.com\/Vetorino\/","article_modified_time":"2025-08-01T10:19:52+00:00","og_image":[{"width":800,"height":800,"url":"https:\/\/www.vetorino.com\/boutique\/wp-content\/uploads\/2020\/06\/sum-fresh-poudre.jpg","type":"image\/jpeg"}],"twitter_card":"summary_large_image","twitter_misc":{"Prix":"18,39&euro;","Disponibilit\u00e9":"En stock"},"schema":{"@context":"https:\/\/schema.org","@graph":[{"@type":"WebPage","@id":"https:\/\/www.vetorino.com\/boutique\/product\/sum-fresh-poudre-2\/","url":"https:\/\/www.vetorino.com\/boutique\/product\/sum-fresh-poudre-2\/","name":"Sum Fresh \u2013 chien chat Sum Lab Vet - V\u00e9torino","isPartOf":{"@id":"https:\/\/www.vetorino.com\/boutique\/#website"},"primaryImageOfPage":{"@id":"https:\/\/www.vetorino.com\/boutique\/product\/sum-fresh-poudre-2\/#primaryimage"},"image":{"@id":"https:\/\/www.vetorino.com\/boutique\/product\/sum-fresh-poudre-2\/#primaryimage"},"thumbnailUrl":"https:\/\/www.vetorino.com\/boutique\/wp-content\/uploads\/2020\/06\/sum-fresh-poudre.jpg","datePublished":"2020-10-06T11:33:52+00:00","dateModified":"2025-08-01T10:19:52+00:00","description":"Aliment compl\u00e9mentaire pour chien et chat. Sum Fresh a \u00e9t\u00e9 formul\u00e9 \u00e0 partir d'un complexe d'algues marines et de fructo-oligossacharides, composants naturels dont l'efficacit\u00e9 en mati\u00e8re d'hygi\u00e8ne bucco-dentaire a \u00e9t\u00e9 largement \u00e9tudi\u00e9e. Facile d'utilisation, Sum Fresh se pr\u00e9sente sous forme d'une poudre app\u00e9tente \u00e0 disperser sur l'alimentation des chiens et des chats. Une bonne hygi\u00e8ne bucco-dentaire permet d'obtenir une bouche et des dents saines, une haleine agr\u00e9able et \u00e9vite diverses complications \u00e0 l'\u00e9chelle de l'organisme.","breadcrumb":{"@id":"https:\/\/www.vetorino.com\/boutique\/product\/sum-fresh-poudre-2\/#breadcrumb"},"inLanguage":"fr-FR","potentialAction":[{"@type":"ReadAction","target":["https:\/\/www.vetorino.com\/boutique\/product\/sum-fresh-poudre-2\/"]}]},{"@type":"ImageObject","inLanguage":"fr-FR","@id":"https:\/\/www.vetorino.com\/boutique\/product\/sum-fresh-poudre-2\/#primaryimage","url":"https:\/\/www.vetorino.com\/boutique\/wp-content\/uploads\/2020\/06\/sum-fresh-poudre.jpg","contentUrl":"https:\/\/www.vetorino.com\/boutique\/wp-content\/uploads\/2020\/06\/sum-fresh-poudre.jpg","width":800,"height":800},{"@type":"BreadcrumbList","@id":"https:\/\/www.vetorino.com\/boutique\/product\/sum-fresh-poudre-2\/#breadcrumb","itemListElement":[{"@type":"ListItem","position":1,"name":"Accueil","item":"https:\/\/www.vetorino.com\/boutique\/"},{"@type":"ListItem","position":2,"name":"Produits","item":"https:\/\/www.vetorino.com\/boutique\/"},{"@type":"ListItem","position":3,"name":"Sum Fresh \u2013 chien chat"}]},{"@type":"WebSite","@id":"https:\/\/www.vetorino.com\/boutique\/#website","url":"https:\/\/www.vetorino.com\/boutique\/","name":"V\u00e9torino","description":"","publisher":{"@id":"https:\/\/www.vetorino.com\/boutique\/#organization"},"potentialAction":[{"@type":"SearchAction","target":{"@type":"EntryPoint","urlTemplate":"https:\/\/www.vetorino.com\/boutique\/?s={search_term_string}"},"query-input":{"@type":"PropertyValueSpecification","valueRequired":true,"valueName":"search_term_string"}}],"inLanguage":"fr-FR"},{"@type":"Organization","@id":"https:\/\/www.vetorino.com\/boutique\/#organization","name":"V\u00e9torino","url":"https:\/\/www.vetorino.com\/boutique\/","logo":{"@type":"ImageObject","inLanguage":"fr-FR","@id":"https:\/\/www.vetorino.com\/boutique\/#\/schema\/logo\/image\/","url":"https:\/\/www.vetorino.com\/boutique\/wp-content\/uploads\/2024\/10\/logo.jpg","contentUrl":"https:\/\/www.vetorino.com\/boutique\/wp-content\/uploads\/2024\/10\/logo.jpg","width":1200,"height":610,"caption":"V\u00e9torino"},"image":{"@id":"https:\/\/www.vetorino.com\/boutique\/#\/schema\/logo\/image\/"},"sameAs":["https:\/\/www.facebook.com\/Vetorino\/","https:\/\/www.instagram.com\/vetorino_off\/","https:\/\/www.linkedin.com\/company\/vtorino\/"]}]},"product_brand":"Sum Lab Vet","product_price_amount":"18.39","product_price_currency":"EUR","og_availability":"instock","product_availability":"instock","product_retailer_item_id":"O-9641","product_condition":"new"},"_links":{"self":[{"href":"https:\/\/www.vetorino.com\/veterinaire\/saint-pourcain-sur-sioule\/boutique\/wp-json\/wp\/v2\/product\/121961","targetHints":{"allow":["GET"]}}],"collection":[{"href":"https:\/\/www.vetorino.com\/veterinaire\/saint-pourcain-sur-sioule\/boutique\/wp-json\/wp\/v2\/product"}],"about":[{"href":"https:\/\/www.vetorino.com\/veterinaire\/saint-pourcain-sur-sioule\/boutique\/wp-json\/wp\/v2\/types\/product"}],"wp:featuredmedia":[{"embeddable":true,"href":"https:\/\/www.vetorino.com\/veterinaire\/saint-pourcain-sur-sioule\/boutique\/wp-json\/wp\/v2\/media\/1436392"}],"wp:attachment":[{"href":"https:\/\/www.vetorino.com\/veterinaire\/saint-pourcain-sur-sioule\/boutique\/wp-json\/wp\/v2\/media?parent=121961"}],"wp:term":[{"taxonomy":"product_cat","embeddable":true,"href":"https:\/\/www.vetorino.com\/veterinaire\/saint-pourcain-sur-sioule\/boutique\/wp-json\/wp\/v2\/product_cat?post=121961"},{"taxonomy":"product_tag","embeddable":true,"href":"https:\/\/www.vetorino.com\/veterinaire\/saint-pourcain-sur-sioule\/boutique\/wp-json\/wp\/v2\/product_tag?post=121961"}],"curies":[{"name":"wp","href":"https:\/\/api.w.org\/{rel}","templated":true}]}}