{"id":121963,"date":"2020-10-06T13:33:53","date_gmt":"2020-10-06T11:33:53","guid":{"rendered":"https:\/\/www.vetorino.com\/boutique\/product\/sum-renal-2\/"},"modified":"2025-05-06T09:44:14","modified_gmt":"2025-05-06T07:44:14","slug":"sum-renal-2-2","status":"publish","type":"product","link":"https:\/\/www.vetorino.com\/veterinaire\/saint-pourcain-sur-sioule\/boutique\/product\/sum-renal-2-2\/","title":{"rendered":"Sum Renal +"},"content":{"rendered":"<p><strong>Sum Renal+<\/strong> est un compl\u00e9ment alimentaire di\u00e9t\u00e9tique destin\u00e9s aux <strong>chiens et chats pr\u00e9dispos\u00e9s ou souffrant d&#8217;insuffisance r\u00e9nal chronique<\/strong><\/p>\n<p><strong>Sum Renal+<\/strong> soutient la fonction r\u00e9nale gr\u00e2ce \u00e0 un complexe d&#8217;ingr\u00e9dients naturels :<\/p>\n<ul>\n<li><strong>Lespedeza capitata<\/strong>, une plante diur\u00e9tique favorisant la microcirculation r\u00e9nale<\/li>\n<li><strong>Carbonate de calcium<\/strong>, un ch\u00e9lateur de phosphore, qui limite l&#8217;absorption du phosphore contenu dans l&#8217;alimentation et \u00e9vite donc certaines complications de l&#8217;insuffisance r\u00e9nale (hyperphosphat\u00e9mie et hypocalc\u00e9mie)<\/li>\n<li><strong>Chitosan<\/strong>, issu d&#8217;exosquelette de crustac\u00e9s, qui absorbe les toxines ur\u00e9miques dans le tube digestif<\/li>\n<\/ul>\n<p><strong>Sum Renal+<\/strong> est facilement admissible car<strong> hautement app\u00e9tent<\/strong>.<\/p>\n<p><strong><u>Quantit\u00e9s recommand\u00e9es :<\/u><\/strong><\/p>\n<ul>\n<li><em>Chien ou chat &lt;5kg : 1 g\u00e9lule par jour<\/em><\/li>\n<li><em>5kg&lt; chien ou chat &lt;10kg : 2 g\u00e9lules par jour<\/em><\/li>\n<li><em>10kg&lt; chien &lt;20kg : 3 g\u00e9lules par jour<\/em><\/li>\n<li><em>20kg&lt; chien &lt;40kg : 4 g\u00e9lules par jour<\/em><\/li>\n<li><em>Chien &gt;40kg : 5 g\u00e9lules par jour<\/em><\/li>\n<\/ul>\n<p>Ouvrir la g\u00e9lule et m\u00e9langer \u00e0 l&#8217;alimentation de l&#8217;animal.<\/p>\n<p>Sum Renal+ est <strong>hydrosoluble<\/strong>, il peut donc \u00eatre m\u00e9lang\u00e9 aux liquides.<\/p>\n<p>Les g\u00e9lules <strong>peuvent \u00eatre aussi administr\u00e9es intactes<\/strong>, directement dans la gueule de l&#8217;animal.<\/p>\n","protected":false},"excerpt":{"rendered":"<div class=\"product-info-short-description\">\n<div class=\"product attribute overview\">\n<p class=\"value\">Sum Renal + de chez Sum Lab Vet est un <strong>compl\u00e9ment alimentaire<\/strong> destin\u00e9s aux <strong>chiens et aux chats souffrant d&#8217;insuffisance r\u00e9nale chronique.<\/strong><\/p>\n<\/div>\n<\/div>\n<p class=\"product-info-price\">\n","protected":false},"featured_media":1317859,"template":"","meta":[],"product_cat":[2730,2738,2697,2698,12641,12642],"product_tag":[],"class_list":{"0":"post-121963","1":"product","2":"type-product","3":"status-publish","4":"has-post-thumbnail","6":"product_cat-aliments-complementaires-pour-chat","7":"product_cat-aliments-complementaires-pour-chien","8":"product_cat-chat","9":"product_cat-chien","10":"product_cat-systeme-renal-du-chat","11":"product_cat-systeme-renal-du-chien","12":"pa_marque-sum-lab-vet-sar","14":"first","15":"outofstock","16":"taxable","17":"shipping-taxable","18":"purchasable","19":"product-type-simple"},"yoast_head":"<!-- This site is optimized with the Yoast SEO plugin v27.3 - https:\/\/yoast.com\/product\/yoast-seo-wordpress\/ -->\n<title>Sum Renal + Sum Lab Vet SARL - V\u00e9torino<\/title>\n<meta name=\"description\" content=\"Sum Renal + de chez Sum Lab Vet est un compl\u00e9ment alimentaire destin\u00e9s aux chiens et aux chats souffrant d&#039;insuffisance r\u00e9nale chronique.\" \/>\n<meta name=\"robots\" content=\"noindex, nofollow\" \/>\n<meta property=\"og:locale\" content=\"fr_FR\" \/>\n<meta property=\"og:type\" content=\"article\" \/>\n<meta property=\"og:title\" content=\"Sum Renal + Sum Lab Vet SARL - V\u00e9torino\" \/>\n<meta property=\"og:description\" content=\"Sum Renal + de chez Sum Lab Vet est un compl\u00e9ment alimentaire destin\u00e9s aux chiens et aux chats souffrant d&#039;insuffisance r\u00e9nale chronique.\" \/>\n<meta property=\"og:url\" content=\"https:\/\/www.vetorino.com\/veterinaire\/saint-pourcain-sur-sioule\/boutique\/product\/sum-renal-2-2\/\" \/>\n<meta property=\"og:site_name\" content=\"V\u00e9torino\" \/>\n<meta property=\"article:publisher\" content=\"https:\/\/www.facebook.com\/Vetorino\/\" \/>\n<meta property=\"article:modified_time\" content=\"2025-05-06T07:44:14+00:00\" \/>\n<meta property=\"og:image\" content=\"https:\/\/www.vetorino.com\/boutique\/wp-content\/uploads\/2021\/05\/sum_renal_chien_et_chat_60_ge_lules.jpg\" \/>\n\t<meta property=\"og:image:width\" content=\"900\" \/>\n\t<meta property=\"og:image:height\" content=\"900\" \/>\n\t<meta property=\"og:image:type\" content=\"image\/jpeg\" \/>\n<meta name=\"twitter:card\" content=\"summary_large_image\" \/>\n<meta name=\"twitter:label1\" content=\"Prix\" \/>\n\t<meta name=\"twitter:data1\" content=\"24,00&euro;\" \/>\n\t<meta name=\"twitter:label2\" content=\"Disponibilit\u00e9\" \/>\n\t<meta name=\"twitter:data2\" content=\"Rupture de stock\" \/>\n<script type=\"application\/ld+json\" class=\"yoast-schema-graph\">{\"@context\":\"https:\\\/\\\/schema.org\",\"@graph\":[{\"@type\":\"WebPage\",\"@id\":\"https:\\\/\\\/www.vetorino.com\\\/boutique\\\/product\\\/sum-renal-2-2\\\/\",\"url\":\"https:\\\/\\\/www.vetorino.com\\\/boutique\\\/product\\\/sum-renal-2-2\\\/\",\"name\":\"Sum Renal + Sum Lab Vet SARL - V\u00e9torino\",\"isPartOf\":{\"@id\":\"https:\\\/\\\/www.vetorino.com\\\/boutique\\\/#website\"},\"primaryImageOfPage\":{\"@id\":\"https:\\\/\\\/www.vetorino.com\\\/boutique\\\/product\\\/sum-renal-2-2\\\/#primaryimage\"},\"image\":{\"@id\":\"https:\\\/\\\/www.vetorino.com\\\/boutique\\\/product\\\/sum-renal-2-2\\\/#primaryimage\"},\"thumbnailUrl\":\"https:\\\/\\\/www.vetorino.com\\\/boutique\\\/wp-content\\\/uploads\\\/2021\\\/05\\\/sum_renal_chien_et_chat_60_ge_lules.jpg\",\"datePublished\":\"2020-10-06T11:33:53+00:00\",\"dateModified\":\"2025-05-06T07:44:14+00:00\",\"description\":\"Sum Renal + de chez Sum Lab Vet est un compl\u00e9ment alimentaire destin\u00e9s aux chiens et aux chats souffrant d'insuffisance r\u00e9nale chronique.\",\"breadcrumb\":{\"@id\":\"https:\\\/\\\/www.vetorino.com\\\/boutique\\\/product\\\/sum-renal-2-2\\\/#breadcrumb\"},\"inLanguage\":\"fr-FR\",\"potentialAction\":[{\"@type\":\"ReadAction\",\"target\":[\"https:\\\/\\\/www.vetorino.com\\\/boutique\\\/product\\\/sum-renal-2-2\\\/\"]}]},{\"@type\":\"ImageObject\",\"inLanguage\":\"fr-FR\",\"@id\":\"https:\\\/\\\/www.vetorino.com\\\/boutique\\\/product\\\/sum-renal-2-2\\\/#primaryimage\",\"url\":\"https:\\\/\\\/www.vetorino.com\\\/boutique\\\/wp-content\\\/uploads\\\/2021\\\/05\\\/sum_renal_chien_et_chat_60_ge_lules.jpg\",\"contentUrl\":\"https:\\\/\\\/www.vetorino.com\\\/boutique\\\/wp-content\\\/uploads\\\/2021\\\/05\\\/sum_renal_chien_et_chat_60_ge_lules.jpg\",\"width\":900,\"height\":900},{\"@type\":\"BreadcrumbList\",\"@id\":\"https:\\\/\\\/www.vetorino.com\\\/boutique\\\/product\\\/sum-renal-2-2\\\/#breadcrumb\",\"itemListElement\":[{\"@type\":\"ListItem\",\"position\":1,\"name\":\"Accueil\",\"item\":\"https:\\\/\\\/www.vetorino.com\\\/boutique\\\/\"},{\"@type\":\"ListItem\",\"position\":2,\"name\":\"Produits\",\"item\":\"https:\\\/\\\/www.vetorino.com\\\/boutique\\\/\"},{\"@type\":\"ListItem\",\"position\":3,\"name\":\"Sum Renal +\"}]},{\"@type\":\"WebSite\",\"@id\":\"https:\\\/\\\/www.vetorino.com\\\/boutique\\\/#website\",\"url\":\"https:\\\/\\\/www.vetorino.com\\\/boutique\\\/\",\"name\":\"V\u00e9torino\",\"description\":\"\",\"publisher\":{\"@id\":\"https:\\\/\\\/www.vetorino.com\\\/boutique\\\/#organization\"},\"potentialAction\":[{\"@type\":\"SearchAction\",\"target\":{\"@type\":\"EntryPoint\",\"urlTemplate\":\"https:\\\/\\\/www.vetorino.com\\\/boutique\\\/?s={search_term_string}\"},\"query-input\":{\"@type\":\"PropertyValueSpecification\",\"valueRequired\":true,\"valueName\":\"search_term_string\"}}],\"inLanguage\":\"fr-FR\"},{\"@type\":\"Organization\",\"@id\":\"https:\\\/\\\/www.vetorino.com\\\/boutique\\\/#organization\",\"name\":\"V\u00e9torino\",\"url\":\"https:\\\/\\\/www.vetorino.com\\\/boutique\\\/\",\"logo\":{\"@type\":\"ImageObject\",\"inLanguage\":\"fr-FR\",\"@id\":\"https:\\\/\\\/www.vetorino.com\\\/boutique\\\/#\\\/schema\\\/logo\\\/image\\\/\",\"url\":\"https:\\\/\\\/www.vetorino.com\\\/boutique\\\/wp-content\\\/uploads\\\/2024\\\/10\\\/logo.jpg\",\"contentUrl\":\"https:\\\/\\\/www.vetorino.com\\\/boutique\\\/wp-content\\\/uploads\\\/2024\\\/10\\\/logo.jpg\",\"width\":1200,\"height\":610,\"caption\":\"V\u00e9torino\"},\"image\":{\"@id\":\"https:\\\/\\\/www.vetorino.com\\\/boutique\\\/#\\\/schema\\\/logo\\\/image\\\/\"},\"sameAs\":[\"https:\\\/\\\/www.facebook.com\\\/Vetorino\\\/\",\"https:\\\/\\\/www.instagram.com\\\/vetorino_off\\\/\",\"https:\\\/\\\/www.linkedin.com\\\/company\\\/vtorino\\\/\"]}]}<\/script>\n<meta property=\"product:brand\" content=\"Sum Lab Vet SARL\" \/>\n<meta property=\"product:price:amount\" content=\"24.00\" \/>\n<meta property=\"product:price:currency\" content=\"EUR\" \/>\n<meta property=\"og:availability\" content=\"out of stock\" \/>\n<meta property=\"product:availability\" content=\"out of stock\" \/>\n<meta property=\"product:retailer_item_id\" content=\"O-11166\" \/>\n<meta property=\"product:condition\" content=\"new\" \/>\n<!-- \/ Yoast SEO plugin. -->","yoast_head_json":{"title":"Sum Renal + Sum Lab Vet SARL - V\u00e9torino","description":"Sum Renal + de chez Sum Lab Vet est un compl\u00e9ment alimentaire destin\u00e9s aux chiens et aux chats souffrant d'insuffisance r\u00e9nale chronique.","robots":{"index":"noindex","follow":"nofollow"},"og_locale":"fr_FR","og_type":"article","og_title":"Sum Renal + Sum Lab Vet SARL - V\u00e9torino","og_description":"Sum Renal + de chez Sum Lab Vet est un compl\u00e9ment alimentaire destin\u00e9s aux chiens et aux chats souffrant d'insuffisance r\u00e9nale chronique.","og_url":"https:\/\/www.vetorino.com\/veterinaire\/saint-pourcain-sur-sioule\/boutique\/product\/sum-renal-2-2\/","og_site_name":"V\u00e9torino","article_publisher":"https:\/\/www.facebook.com\/Vetorino\/","article_modified_time":"2025-05-06T07:44:14+00:00","og_image":[{"width":900,"height":900,"url":"https:\/\/www.vetorino.com\/boutique\/wp-content\/uploads\/2021\/05\/sum_renal_chien_et_chat_60_ge_lules.jpg","type":"image\/jpeg"}],"twitter_card":"summary_large_image","twitter_misc":{"Prix":"24,00&euro;","Disponibilit\u00e9":"Rupture de stock"},"schema":{"@context":"https:\/\/schema.org","@graph":[{"@type":"WebPage","@id":"https:\/\/www.vetorino.com\/boutique\/product\/sum-renal-2-2\/","url":"https:\/\/www.vetorino.com\/boutique\/product\/sum-renal-2-2\/","name":"Sum Renal + Sum Lab Vet SARL - V\u00e9torino","isPartOf":{"@id":"https:\/\/www.vetorino.com\/boutique\/#website"},"primaryImageOfPage":{"@id":"https:\/\/www.vetorino.com\/boutique\/product\/sum-renal-2-2\/#primaryimage"},"image":{"@id":"https:\/\/www.vetorino.com\/boutique\/product\/sum-renal-2-2\/#primaryimage"},"thumbnailUrl":"https:\/\/www.vetorino.com\/boutique\/wp-content\/uploads\/2021\/05\/sum_renal_chien_et_chat_60_ge_lules.jpg","datePublished":"2020-10-06T11:33:53+00:00","dateModified":"2025-05-06T07:44:14+00:00","description":"Sum Renal + de chez Sum Lab Vet est un compl\u00e9ment alimentaire destin\u00e9s aux chiens et aux chats souffrant d'insuffisance r\u00e9nale chronique.","breadcrumb":{"@id":"https:\/\/www.vetorino.com\/boutique\/product\/sum-renal-2-2\/#breadcrumb"},"inLanguage":"fr-FR","potentialAction":[{"@type":"ReadAction","target":["https:\/\/www.vetorino.com\/boutique\/product\/sum-renal-2-2\/"]}]},{"@type":"ImageObject","inLanguage":"fr-FR","@id":"https:\/\/www.vetorino.com\/boutique\/product\/sum-renal-2-2\/#primaryimage","url":"https:\/\/www.vetorino.com\/boutique\/wp-content\/uploads\/2021\/05\/sum_renal_chien_et_chat_60_ge_lules.jpg","contentUrl":"https:\/\/www.vetorino.com\/boutique\/wp-content\/uploads\/2021\/05\/sum_renal_chien_et_chat_60_ge_lules.jpg","width":900,"height":900},{"@type":"BreadcrumbList","@id":"https:\/\/www.vetorino.com\/boutique\/product\/sum-renal-2-2\/#breadcrumb","itemListElement":[{"@type":"ListItem","position":1,"name":"Accueil","item":"https:\/\/www.vetorino.com\/boutique\/"},{"@type":"ListItem","position":2,"name":"Produits","item":"https:\/\/www.vetorino.com\/boutique\/"},{"@type":"ListItem","position":3,"name":"Sum Renal +"}]},{"@type":"WebSite","@id":"https:\/\/www.vetorino.com\/boutique\/#website","url":"https:\/\/www.vetorino.com\/boutique\/","name":"V\u00e9torino","description":"","publisher":{"@id":"https:\/\/www.vetorino.com\/boutique\/#organization"},"potentialAction":[{"@type":"SearchAction","target":{"@type":"EntryPoint","urlTemplate":"https:\/\/www.vetorino.com\/boutique\/?s={search_term_string}"},"query-input":{"@type":"PropertyValueSpecification","valueRequired":true,"valueName":"search_term_string"}}],"inLanguage":"fr-FR"},{"@type":"Organization","@id":"https:\/\/www.vetorino.com\/boutique\/#organization","name":"V\u00e9torino","url":"https:\/\/www.vetorino.com\/boutique\/","logo":{"@type":"ImageObject","inLanguage":"fr-FR","@id":"https:\/\/www.vetorino.com\/boutique\/#\/schema\/logo\/image\/","url":"https:\/\/www.vetorino.com\/boutique\/wp-content\/uploads\/2024\/10\/logo.jpg","contentUrl":"https:\/\/www.vetorino.com\/boutique\/wp-content\/uploads\/2024\/10\/logo.jpg","width":1200,"height":610,"caption":"V\u00e9torino"},"image":{"@id":"https:\/\/www.vetorino.com\/boutique\/#\/schema\/logo\/image\/"},"sameAs":["https:\/\/www.facebook.com\/Vetorino\/","https:\/\/www.instagram.com\/vetorino_off\/","https:\/\/www.linkedin.com\/company\/vtorino\/"]}]},"product_brand":"Sum Lab Vet SARL","product_price_amount":"24.00","product_price_currency":"EUR","og_availability":"out of stock","product_availability":"out of stock","product_retailer_item_id":"O-11166","product_condition":"new"},"_links":{"self":[{"href":"https:\/\/www.vetorino.com\/veterinaire\/saint-pourcain-sur-sioule\/boutique\/wp-json\/wp\/v2\/product\/121963","targetHints":{"allow":["GET"]}}],"collection":[{"href":"https:\/\/www.vetorino.com\/veterinaire\/saint-pourcain-sur-sioule\/boutique\/wp-json\/wp\/v2\/product"}],"about":[{"href":"https:\/\/www.vetorino.com\/veterinaire\/saint-pourcain-sur-sioule\/boutique\/wp-json\/wp\/v2\/types\/product"}],"wp:featuredmedia":[{"embeddable":true,"href":"https:\/\/www.vetorino.com\/veterinaire\/saint-pourcain-sur-sioule\/boutique\/wp-json\/wp\/v2\/media\/1317859"}],"wp:attachment":[{"href":"https:\/\/www.vetorino.com\/veterinaire\/saint-pourcain-sur-sioule\/boutique\/wp-json\/wp\/v2\/media?parent=121963"}],"wp:term":[{"taxonomy":"product_cat","embeddable":true,"href":"https:\/\/www.vetorino.com\/veterinaire\/saint-pourcain-sur-sioule\/boutique\/wp-json\/wp\/v2\/product_cat?post=121963"},{"taxonomy":"product_tag","embeddable":true,"href":"https:\/\/www.vetorino.com\/veterinaire\/saint-pourcain-sur-sioule\/boutique\/wp-json\/wp\/v2\/product_tag?post=121963"}],"curies":[{"name":"wp","href":"https:\/\/api.w.org\/{rel}","templated":true}]}}