{"id":1327092,"date":"2025-05-13T04:50:51","date_gmt":"2025-05-13T02:50:51","guid":{"rendered":"https:\/\/www.vetorino.com\/boutique\/?post_type=product&#038;p=1327092"},"modified":"2025-10-29T15:37:49","modified_gmt":"2025-10-29T14:37:49","slug":"chien-z-d-low-fat-food-sensitivities-2","status":"publish","type":"product","link":"https:\/\/www.vetorino.com\/veterinaire\/saint-pourcain-sur-sioule\/boutique\/product\/chien-z-d-low-fat-food-sensitivities-2\/","title":{"rendered":"Canine Z\/D Low Fat Food Sensitivities"},"content":{"rendered":"<p>Les chiens pr\u00e9sentant des\u00a0<strong>troubles gastro-intestinaux<\/strong>\u00a0r\u00e9cidivants peuvent souffrir d\u2019une\u00a0<strong>sensibilit\u00e9 alimentaire ou aux graisses<\/strong>.<\/p>\n<p>Les chiens pr\u00e9sentant une\u00a0<strong>intol\u00e9rance<\/strong>\u00a0ou une\u00a0<strong>allergie alimentaire<\/strong>\u00a0(g\u00e9n\u00e9ralement \u00e0 une prot\u00e9ine de l\u2019aliment) requi\u00e8rent un aliment formul\u00e9 pour les sensibilit\u00e9s alimentaires, tandis que ceux pr\u00e9sentant une <strong>sensibilit\u00e9 aux graisses<\/strong> requi\u00e8rent un aliment pauvre en graisses.<\/p>\n<p>La d\u00e9termination de la bonne nutrition \u00e0 utiliser est souvent un processus d&#8217;essais et d&#8217;erreurs. C\u2019est la raison pour laquelle les nutritionnistes et v\u00e9t\u00e9rinaires de Hill\u2019s ont d\u00e9velopp\u00e9 Prescription\u00a0Diet\u00a0z\/d\u00a0Low\u00a0Fat, un <strong>aliment di\u00e9t\u00e9tique sp\u00e9cialement formul\u00e9 pour les chiens pr\u00e9sentant des sensibilit\u00e9s alimentaires ou aux graisses.<\/strong><\/p>\n<p>Cet aliment est sp\u00e9cialement formul\u00e9 avec des prot\u00e9ines de soja hydrolys\u00e9es et une basse teneur en mati\u00e8res grasses afin d\u2019\u00e9viter les r\u00e9actions ind\u00e9sirables aux aliments, tout en favorisant la sant\u00e9 de la peau chez les chiens pr\u00e9sentant des sensibilit\u00e9s alimentaires ou aux graisses.<\/p>\n<p>Enrichi de la technologie r\u00e9volutionnaire <strong>ActivBiome+<\/strong> de Hill\u2019s, dont il a \u00e9t\u00e9 cliniquement prouv\u00e9 qu\u2019elle active rapidement le microbiome intestinal pour favoriser la sant\u00e9 digestive et le bien-\u00eatre global.<\/p>\n<p><strong>B\u00e9n\u00e9fices essentiels :<\/strong><\/p>\n<ul>\n<li>Formul\u00e9 pour \u00e9viter les signes cutan\u00e9s et digestifs des r\u00e9actions ind\u00e9sirables aux aliments<\/li>\n<li>Prot\u00e9ines de soja hydrolys\u00e9es hautement digestibles afin d\u2019\u00e9viter les allerg\u00e8nes alimentaires courants<\/li>\n<li>Enrichi en acides gras Om\u00e9ga-6 essentiels pour favoriser une barri\u00e8re cutan\u00e9e saine<\/li>\n<li>Les antioxydants \u00e0 l\u2019efficacit\u00e9 cliniquement prouv\u00e9e contribuent \u00e0 renforcer le syst\u00e8me immunitaire<\/li>\n<\/ul>\n","protected":false},"excerpt":{"rendered":"<p>Les croquettes pour chien <strong>Hill\u2019s Prescription Diet z\/d Low Fat Food Sensitivities<\/strong> sont un aliment di\u00e9t\u00e9tique sp\u00e9cialement formul\u00e9 avec des prot\u00e9ines de soja hydrolys\u00e9es et \u00e0 faible teneur en graisses.<\/p>\n<p>Permet d\u2019<strong>\u00e9viter les r\u00e9actions ind\u00e9sirables aux aliments<\/strong>, tout en <strong>favorisant une peau saine chez les chiens<\/strong> pr\u00e9sentant une sensibilit\u00e9 alimentaire ou aux graisses.<\/p>\n","protected":false},"featured_media":1317896,"template":"","meta":[],"product_cat":[12552,12582,2698],"product_tag":[],"class_list":{"0":"post-1327092","1":"product","2":"type-product","3":"status-publish","4":"has-post-thumbnail","6":"product_cat-alimentation-du-chien","7":"product_cat-alimentation-medicalisee-pour-chien","8":"product_cat-chien","9":"pa_marque-hills-pet-nutrition","11":"first","12":"instock","13":"taxable","14":"shipping-taxable","15":"purchasable","16":"product-type-variable"},"yoast_head":"<!-- This site is optimized with the Yoast SEO plugin v27.3 - https:\/\/yoast.com\/product\/yoast-seo-wordpress\/ -->\n<title>Prescription Diet (Hill&#039;s) Canine Z\/D Low Fat Food Sensitivities Hill&#039;s - V\u00e9torino<\/title>\n<meta name=\"description\" content=\"Les croquettes pour chien Hill\u2019s Prescription Diet z\/d Low Fat Food Sensitivities sont un aliment di\u00e9t\u00e9tique sp\u00e9cialement formul\u00e9 avec des prot\u00e9ines de soja hydrolys\u00e9es et \u00e0 faible teneur en graisses.  Permet d\u2019\u00e9viter les r\u00e9actions ind\u00e9sirables aux aliments, tout en favorisant une peau saine chez les chiens pr\u00e9sentant une sensibilit\u00e9 alimentaire ou aux graisses.\" \/>\n<meta name=\"robots\" content=\"noindex, nofollow\" \/>\n<meta property=\"og:locale\" content=\"fr_FR\" \/>\n<meta property=\"og:type\" content=\"article\" \/>\n<meta property=\"og:title\" content=\"Prescription Diet (Hill&#039;s) Canine Z\/D Low Fat Food Sensitivities Hill&#039;s - V\u00e9torino\" \/>\n<meta property=\"og:description\" content=\"Les croquettes pour chien Hill\u2019s Prescription Diet z\/d Low Fat Food Sensitivities sont un aliment di\u00e9t\u00e9tique sp\u00e9cialement formul\u00e9 avec des prot\u00e9ines de soja hydrolys\u00e9es et \u00e0 faible teneur en graisses.  Permet d\u2019\u00e9viter les r\u00e9actions ind\u00e9sirables aux aliments, tout en favorisant une peau saine chez les chiens pr\u00e9sentant une sensibilit\u00e9 alimentaire ou aux graisses.\" \/>\n<meta property=\"og:url\" content=\"https:\/\/www.vetorino.com\/veterinaire\/saint-pourcain-sur-sioule\/boutique\/product\/chien-z-d-low-fat-food-sensitivities-2\/\" \/>\n<meta property=\"og:site_name\" content=\"V\u00e9torino\" \/>\n<meta property=\"article:publisher\" content=\"https:\/\/www.facebook.com\/Vetorino\/\" \/>\n<meta property=\"article:modified_time\" content=\"2025-10-29T14:37:49+00:00\" \/>\n<meta property=\"og:image\" content=\"https:\/\/www.vetorino.com\/boutique\/wp-content\/uploads\/2025\/05\/chien-z-d-low-fat-food-sensitivities.webp\" \/>\n\t<meta property=\"og:image:width\" content=\"800\" \/>\n\t<meta property=\"og:image:height\" content=\"800\" \/>\n\t<meta property=\"og:image:type\" content=\"image\/webp\" \/>\n<meta name=\"twitter:card\" content=\"summary_large_image\" \/>\n<meta name=\"twitter:label1\" content=\"Disponibilit\u00e9\" \/>\n\t<meta name=\"twitter:data1\" content=\"En stock\" \/>\n<script type=\"application\/ld+json\" class=\"yoast-schema-graph\">{\"@context\":\"https:\\\/\\\/schema.org\",\"@graph\":[{\"@type\":\"WebPage\",\"@id\":\"https:\\\/\\\/www.vetorino.com\\\/veterinaire\\\/briancon-05100\\\/boutique\\\/product\\\/chien-z-d-low-fat-food-sensitivities-2\\\/\",\"url\":\"https:\\\/\\\/www.vetorino.com\\\/veterinaire\\\/briancon-05100\\\/boutique\\\/product\\\/chien-z-d-low-fat-food-sensitivities-2\\\/\",\"name\":\"Prescription Diet (Hill's) Canine Z\\\/D Low Fat Food Sensitivities Hill's - V\u00e9torino\",\"isPartOf\":{\"@id\":\"https:\\\/\\\/www.vetorino.com\\\/boutique\\\/#website\"},\"primaryImageOfPage\":{\"@id\":\"https:\\\/\\\/www.vetorino.com\\\/veterinaire\\\/briancon-05100\\\/boutique\\\/product\\\/chien-z-d-low-fat-food-sensitivities-2\\\/#primaryimage\"},\"image\":{\"@id\":\"https:\\\/\\\/www.vetorino.com\\\/veterinaire\\\/briancon-05100\\\/boutique\\\/product\\\/chien-z-d-low-fat-food-sensitivities-2\\\/#primaryimage\"},\"thumbnailUrl\":\"https:\\\/\\\/www.vetorino.com\\\/boutique\\\/wp-content\\\/uploads\\\/2025\\\/05\\\/chien-z-d-low-fat-food-sensitivities.webp\",\"datePublished\":\"2025-05-13T02:50:51+00:00\",\"dateModified\":\"2025-10-29T14:37:49+00:00\",\"description\":\"Les croquettes pour chien Hill\u2019s Prescription Diet z\\\/d Low Fat Food Sensitivities sont un aliment di\u00e9t\u00e9tique sp\u00e9cialement formul\u00e9 avec des prot\u00e9ines de soja hydrolys\u00e9es et \u00e0 faible teneur en graisses. Permet d\u2019\u00e9viter les r\u00e9actions ind\u00e9sirables aux aliments, tout en favorisant une peau saine chez les chiens pr\u00e9sentant une sensibilit\u00e9 alimentaire ou aux graisses.\",\"breadcrumb\":{\"@id\":\"https:\\\/\\\/www.vetorino.com\\\/veterinaire\\\/briancon-05100\\\/boutique\\\/product\\\/chien-z-d-low-fat-food-sensitivities-2\\\/#breadcrumb\"},\"inLanguage\":\"fr-FR\",\"potentialAction\":[{\"@type\":\"ReadAction\",\"target\":[\"https:\\\/\\\/www.vetorino.com\\\/veterinaire\\\/briancon-05100\\\/boutique\\\/product\\\/chien-z-d-low-fat-food-sensitivities-2\\\/\"]}]},{\"@type\":\"ImageObject\",\"inLanguage\":\"fr-FR\",\"@id\":\"https:\\\/\\\/www.vetorino.com\\\/veterinaire\\\/briancon-05100\\\/boutique\\\/product\\\/chien-z-d-low-fat-food-sensitivities-2\\\/#primaryimage\",\"url\":\"https:\\\/\\\/www.vetorino.com\\\/boutique\\\/wp-content\\\/uploads\\\/2025\\\/05\\\/chien-z-d-low-fat-food-sensitivities.webp\",\"contentUrl\":\"https:\\\/\\\/www.vetorino.com\\\/boutique\\\/wp-content\\\/uploads\\\/2025\\\/05\\\/chien-z-d-low-fat-food-sensitivities.webp\",\"width\":800,\"height\":800},{\"@type\":\"BreadcrumbList\",\"@id\":\"https:\\\/\\\/www.vetorino.com\\\/veterinaire\\\/briancon-05100\\\/boutique\\\/product\\\/chien-z-d-low-fat-food-sensitivities-2\\\/#breadcrumb\",\"itemListElement\":[{\"@type\":\"ListItem\",\"position\":1,\"name\":\"Accueil\",\"item\":\"https:\\\/\\\/www.vetorino.com\\\/boutique\\\/\"},{\"@type\":\"ListItem\",\"position\":2,\"name\":\"Produits\",\"item\":\"https:\\\/\\\/www.vetorino.com\\\/boutique\\\/\"},{\"@type\":\"ListItem\",\"position\":3,\"name\":\"Canine Z\\\/D Low Fat Food Sensitivities\"}]},{\"@type\":\"WebSite\",\"@id\":\"https:\\\/\\\/www.vetorino.com\\\/boutique\\\/#website\",\"url\":\"https:\\\/\\\/www.vetorino.com\\\/boutique\\\/\",\"name\":\"V\u00e9torino\",\"description\":\"\",\"publisher\":{\"@id\":\"https:\\\/\\\/www.vetorino.com\\\/boutique\\\/#organization\"},\"potentialAction\":[{\"@type\":\"SearchAction\",\"target\":{\"@type\":\"EntryPoint\",\"urlTemplate\":\"https:\\\/\\\/www.vetorino.com\\\/boutique\\\/?s={search_term_string}\"},\"query-input\":{\"@type\":\"PropertyValueSpecification\",\"valueRequired\":true,\"valueName\":\"search_term_string\"}}],\"inLanguage\":\"fr-FR\"},{\"@type\":\"Organization\",\"@id\":\"https:\\\/\\\/www.vetorino.com\\\/boutique\\\/#organization\",\"name\":\"V\u00e9torino\",\"url\":\"https:\\\/\\\/www.vetorino.com\\\/boutique\\\/\",\"logo\":{\"@type\":\"ImageObject\",\"inLanguage\":\"fr-FR\",\"@id\":\"https:\\\/\\\/www.vetorino.com\\\/boutique\\\/#\\\/schema\\\/logo\\\/image\\\/\",\"url\":\"https:\\\/\\\/www.vetorino.com\\\/boutique\\\/wp-content\\\/uploads\\\/2024\\\/10\\\/logo.jpg\",\"contentUrl\":\"https:\\\/\\\/www.vetorino.com\\\/boutique\\\/wp-content\\\/uploads\\\/2024\\\/10\\\/logo.jpg\",\"width\":1200,\"height\":610,\"caption\":\"V\u00e9torino\"},\"image\":{\"@id\":\"https:\\\/\\\/www.vetorino.com\\\/boutique\\\/#\\\/schema\\\/logo\\\/image\\\/\"},\"sameAs\":[\"https:\\\/\\\/www.facebook.com\\\/Vetorino\\\/\",\"https:\\\/\\\/www.instagram.com\\\/vetorino_off\\\/\",\"https:\\\/\\\/www.linkedin.com\\\/company\\\/vtorino\\\/\"]}]}<\/script>\n<meta property=\"product:brand\" content=\"Hill&#039;s\" \/>\n<meta property=\"og:availability\" content=\"instock\" \/>\n<meta property=\"product:availability\" content=\"instock\" \/>\n<meta property=\"product:condition\" content=\"new\" \/>\n<!-- \/ Yoast SEO plugin. -->","yoast_head_json":{"title":"Prescription Diet (Hill's) Canine Z\/D Low Fat Food Sensitivities Hill's - V\u00e9torino","description":"Les croquettes pour chien Hill\u2019s Prescription Diet z\/d Low Fat Food Sensitivities sont un aliment di\u00e9t\u00e9tique sp\u00e9cialement formul\u00e9 avec des prot\u00e9ines de soja hydrolys\u00e9es et \u00e0 faible teneur en graisses.  Permet d\u2019\u00e9viter les r\u00e9actions ind\u00e9sirables aux aliments, tout en favorisant une peau saine chez les chiens pr\u00e9sentant une sensibilit\u00e9 alimentaire ou aux graisses.","robots":{"index":"noindex","follow":"nofollow"},"og_locale":"fr_FR","og_type":"article","og_title":"Prescription Diet (Hill's) Canine Z\/D Low Fat Food Sensitivities Hill's - V\u00e9torino","og_description":"Les croquettes pour chien Hill\u2019s Prescription Diet z\/d Low Fat Food Sensitivities sont un aliment di\u00e9t\u00e9tique sp\u00e9cialement formul\u00e9 avec des prot\u00e9ines de soja hydrolys\u00e9es et \u00e0 faible teneur en graisses.  Permet d\u2019\u00e9viter les r\u00e9actions ind\u00e9sirables aux aliments, tout en favorisant une peau saine chez les chiens pr\u00e9sentant une sensibilit\u00e9 alimentaire ou aux graisses.","og_url":"https:\/\/www.vetorino.com\/veterinaire\/saint-pourcain-sur-sioule\/boutique\/product\/chien-z-d-low-fat-food-sensitivities-2\/","og_site_name":"V\u00e9torino","article_publisher":"https:\/\/www.facebook.com\/Vetorino\/","article_modified_time":"2025-10-29T14:37:49+00:00","og_image":[{"width":800,"height":800,"url":"https:\/\/www.vetorino.com\/boutique\/wp-content\/uploads\/2025\/05\/chien-z-d-low-fat-food-sensitivities.webp","type":"image\/webp"}],"twitter_card":"summary_large_image","twitter_misc":{"Disponibilit\u00e9":"En stock"},"schema":{"@context":"https:\/\/schema.org","@graph":[{"@type":"WebPage","@id":"https:\/\/www.vetorino.com\/veterinaire\/briancon-05100\/boutique\/product\/chien-z-d-low-fat-food-sensitivities-2\/","url":"https:\/\/www.vetorino.com\/veterinaire\/briancon-05100\/boutique\/product\/chien-z-d-low-fat-food-sensitivities-2\/","name":"Prescription Diet (Hill's) Canine Z\/D Low Fat Food Sensitivities Hill's - V\u00e9torino","isPartOf":{"@id":"https:\/\/www.vetorino.com\/boutique\/#website"},"primaryImageOfPage":{"@id":"https:\/\/www.vetorino.com\/veterinaire\/briancon-05100\/boutique\/product\/chien-z-d-low-fat-food-sensitivities-2\/#primaryimage"},"image":{"@id":"https:\/\/www.vetorino.com\/veterinaire\/briancon-05100\/boutique\/product\/chien-z-d-low-fat-food-sensitivities-2\/#primaryimage"},"thumbnailUrl":"https:\/\/www.vetorino.com\/boutique\/wp-content\/uploads\/2025\/05\/chien-z-d-low-fat-food-sensitivities.webp","datePublished":"2025-05-13T02:50:51+00:00","dateModified":"2025-10-29T14:37:49+00:00","description":"Les croquettes pour chien Hill\u2019s Prescription Diet z\/d Low Fat Food Sensitivities sont un aliment di\u00e9t\u00e9tique sp\u00e9cialement formul\u00e9 avec des prot\u00e9ines de soja hydrolys\u00e9es et \u00e0 faible teneur en graisses. Permet d\u2019\u00e9viter les r\u00e9actions ind\u00e9sirables aux aliments, tout en favorisant une peau saine chez les chiens pr\u00e9sentant une sensibilit\u00e9 alimentaire ou aux graisses.","breadcrumb":{"@id":"https:\/\/www.vetorino.com\/veterinaire\/briancon-05100\/boutique\/product\/chien-z-d-low-fat-food-sensitivities-2\/#breadcrumb"},"inLanguage":"fr-FR","potentialAction":[{"@type":"ReadAction","target":["https:\/\/www.vetorino.com\/veterinaire\/briancon-05100\/boutique\/product\/chien-z-d-low-fat-food-sensitivities-2\/"]}]},{"@type":"ImageObject","inLanguage":"fr-FR","@id":"https:\/\/www.vetorino.com\/veterinaire\/briancon-05100\/boutique\/product\/chien-z-d-low-fat-food-sensitivities-2\/#primaryimage","url":"https:\/\/www.vetorino.com\/boutique\/wp-content\/uploads\/2025\/05\/chien-z-d-low-fat-food-sensitivities.webp","contentUrl":"https:\/\/www.vetorino.com\/boutique\/wp-content\/uploads\/2025\/05\/chien-z-d-low-fat-food-sensitivities.webp","width":800,"height":800},{"@type":"BreadcrumbList","@id":"https:\/\/www.vetorino.com\/veterinaire\/briancon-05100\/boutique\/product\/chien-z-d-low-fat-food-sensitivities-2\/#breadcrumb","itemListElement":[{"@type":"ListItem","position":1,"name":"Accueil","item":"https:\/\/www.vetorino.com\/boutique\/"},{"@type":"ListItem","position":2,"name":"Produits","item":"https:\/\/www.vetorino.com\/boutique\/"},{"@type":"ListItem","position":3,"name":"Canine Z\/D Low Fat Food Sensitivities"}]},{"@type":"WebSite","@id":"https:\/\/www.vetorino.com\/boutique\/#website","url":"https:\/\/www.vetorino.com\/boutique\/","name":"V\u00e9torino","description":"","publisher":{"@id":"https:\/\/www.vetorino.com\/boutique\/#organization"},"potentialAction":[{"@type":"SearchAction","target":{"@type":"EntryPoint","urlTemplate":"https:\/\/www.vetorino.com\/boutique\/?s={search_term_string}"},"query-input":{"@type":"PropertyValueSpecification","valueRequired":true,"valueName":"search_term_string"}}],"inLanguage":"fr-FR"},{"@type":"Organization","@id":"https:\/\/www.vetorino.com\/boutique\/#organization","name":"V\u00e9torino","url":"https:\/\/www.vetorino.com\/boutique\/","logo":{"@type":"ImageObject","inLanguage":"fr-FR","@id":"https:\/\/www.vetorino.com\/boutique\/#\/schema\/logo\/image\/","url":"https:\/\/www.vetorino.com\/boutique\/wp-content\/uploads\/2024\/10\/logo.jpg","contentUrl":"https:\/\/www.vetorino.com\/boutique\/wp-content\/uploads\/2024\/10\/logo.jpg","width":1200,"height":610,"caption":"V\u00e9torino"},"image":{"@id":"https:\/\/www.vetorino.com\/boutique\/#\/schema\/logo\/image\/"},"sameAs":["https:\/\/www.facebook.com\/Vetorino\/","https:\/\/www.instagram.com\/vetorino_off\/","https:\/\/www.linkedin.com\/company\/vtorino\/"]}]},"product_brand":"Hill's","og_availability":"instock","product_availability":"instock","product_condition":"new"},"_links":{"self":[{"href":"https:\/\/www.vetorino.com\/veterinaire\/saint-pourcain-sur-sioule\/boutique\/wp-json\/wp\/v2\/product\/1327092","targetHints":{"allow":["GET"]}}],"collection":[{"href":"https:\/\/www.vetorino.com\/veterinaire\/saint-pourcain-sur-sioule\/boutique\/wp-json\/wp\/v2\/product"}],"about":[{"href":"https:\/\/www.vetorino.com\/veterinaire\/saint-pourcain-sur-sioule\/boutique\/wp-json\/wp\/v2\/types\/product"}],"wp:featuredmedia":[{"embeddable":true,"href":"https:\/\/www.vetorino.com\/veterinaire\/saint-pourcain-sur-sioule\/boutique\/wp-json\/wp\/v2\/media\/1317896"}],"wp:attachment":[{"href":"https:\/\/www.vetorino.com\/veterinaire\/saint-pourcain-sur-sioule\/boutique\/wp-json\/wp\/v2\/media?parent=1327092"}],"wp:term":[{"taxonomy":"product_cat","embeddable":true,"href":"https:\/\/www.vetorino.com\/veterinaire\/saint-pourcain-sur-sioule\/boutique\/wp-json\/wp\/v2\/product_cat?post=1327092"},{"taxonomy":"product_tag","embeddable":true,"href":"https:\/\/www.vetorino.com\/veterinaire\/saint-pourcain-sur-sioule\/boutique\/wp-json\/wp\/v2\/product_tag?post=1327092"}],"curies":[{"name":"wp","href":"https:\/\/api.w.org\/{rel}","templated":true}]}}