{"id":1359433,"date":"2025-06-05T04:51:30","date_gmt":"2025-06-05T02:51:30","guid":{"rendered":"https:\/\/www.vetorino.com\/boutique\/?post_type=product&#038;p=1359433"},"modified":"2025-06-05T04:51:34","modified_gmt":"2025-06-05T02:51:34","slug":"friandises-txaku-2","status":"publish","type":"product","link":"https:\/\/www.vetorino.com\/veterinaire\/saint-pourcain-sur-sioule\/boutique\/product\/friandises-txaku-2\/","title":{"rendered":"Friandises Txaku"},"content":{"rendered":"<p><strong>Les friandises Txaku sont fabriqu\u00e9es \u00e0 partir d&#8217;ingr\u00e9dients sains et naturels, ne comportent aucun additif, conservateur ou gluten.<\/strong><\/p>\n<p><strong>Les bienfaits des biscuits de la marque Txaku :<\/strong><\/p>\n<ul>\n<li>Pour conserver une qualit\u00e9 optimale, ces biscuits sont sans additifs, sans colorants, sans conservateurs ni gluten\/ar\u00f4me ajout\u00e9s.<\/li>\n<li>Chaque recette et formulation sont soigneusement valid\u00e9es par le Docteur V\u00e9t\u00e9rinaire G\u00e9raldine Blanchard, experte en nutrition clinique v\u00e9t\u00e9rinaire<\/li>\n<li>Ces biscuits sont produits localement dans une biscuiterie artisanale au Pays basque.<\/li>\n<li>Pour se diff\u00e9rencier des autres friandises, ces biscuits ne contiennent pas de sous-produits v\u00e9g\u00e9taux (os, becs, poils), que l\u2019on retrouve g\u00e9n\u00e9ralement dans des friandises ordinaires.<\/li>\n<li>Elles sont particuli\u00e8rement adapt\u00e9es pour les chiens souffrant d\u2019intol\u00e9rances alimentaires du fait de ses composants sains et naturels.<\/li>\n<\/ul>\n<p>&nbsp;<\/p>\n","protected":false},"excerpt":{"rendered":"<p>Vous \u00eates \u00e0 la recherche d&#8217;une friandise saine pour votre ami \u00e0 quatre pattes? D\u00e9couvrez les biscuits de la maison Txaku.<br \/>\nSains mais aussi gourmands, ces d\u00e9licieux biscuits feront voyager les papilles de votre chien! La mission Txaku est de fournir \u00e0 vos fid\u00e8les compagnons des friandises de la meilleure qualit\u00e9 qui soit.<\/p>\n","protected":false},"featured_media":903328,"template":"","meta":[],"product_cat":[12552,2698,12603],"product_tag":[],"class_list":{"0":"post-1359433","1":"product","2":"type-product","3":"status-publish","4":"has-post-thumbnail","6":"product_cat-alimentation-du-chien","7":"product_cat-chien","8":"product_cat-friandises-pour-chien","9":"pa_marque-wk-sas","11":"first","12":"instock","13":"taxable","14":"shipping-taxable","15":"purchasable","16":"product-type-variable"},"yoast_head":"<!-- This site is optimized with the Yoast SEO plugin v27.3 - https:\/\/yoast.com\/product\/yoast-seo-wordpress\/ -->\n<title>Friandises Txaku W&amp;K SAS - V\u00e9torino<\/title>\n<meta name=\"description\" content=\"Vous \u00eates \u00e0 la recherche d&#039;une friandise saine pour votre ami \u00e0 quatre pattes? D\u00e9couvrez les biscuits de la maison Txaku. Sains mais aussi gourmands, ces d\u00e9licieux biscuits feront voyager les papilles de votre chien! La mission Txaku est de fournir \u00e0 vos fid\u00e8les compagnons des friandises de la meilleure qualit\u00e9 qui soit.\" \/>\n<meta name=\"robots\" content=\"noindex, nofollow\" \/>\n<meta property=\"og:locale\" content=\"fr_FR\" \/>\n<meta property=\"og:type\" content=\"article\" \/>\n<meta property=\"og:title\" content=\"Friandises Txaku W&amp;K SAS - V\u00e9torino\" \/>\n<meta property=\"og:description\" content=\"Vous \u00eates \u00e0 la recherche d&#039;une friandise saine pour votre ami \u00e0 quatre pattes? D\u00e9couvrez les biscuits de la maison Txaku. Sains mais aussi gourmands, ces d\u00e9licieux biscuits feront voyager les papilles de votre chien! La mission Txaku est de fournir \u00e0 vos fid\u00e8les compagnons des friandises de la meilleure qualit\u00e9 qui soit.\" \/>\n<meta property=\"og:url\" content=\"https:\/\/www.vetorino.com\/veterinaire\/saint-pourcain-sur-sioule\/boutique\/product\/friandises-txaku-2\/\" \/>\n<meta property=\"og:site_name\" content=\"V\u00e9torino\" \/>\n<meta property=\"article:publisher\" content=\"https:\/\/www.facebook.com\/Vetorino\/\" \/>\n<meta property=\"article:modified_time\" content=\"2025-06-05T02:51:34+00:00\" \/>\n<meta property=\"og:image\" content=\"https:\/\/www.vetorino.com\/boutique\/wp-content\/uploads\/2024\/04\/friandises-txaku.webp\" \/>\n\t<meta property=\"og:image:width\" content=\"800\" \/>\n\t<meta property=\"og:image:height\" content=\"800\" \/>\n\t<meta property=\"og:image:type\" content=\"image\/webp\" \/>\n<meta name=\"twitter:card\" content=\"summary_large_image\" \/>\n<meta name=\"twitter:label1\" content=\"Disponibilit\u00e9\" \/>\n\t<meta name=\"twitter:data1\" content=\"En stock\" \/>\n<script type=\"application\/ld+json\" class=\"yoast-schema-graph\">{\"@context\":\"https:\\\/\\\/schema.org\",\"@graph\":[{\"@type\":\"WebPage\",\"@id\":\"https:\\\/\\\/www.vetorino.com\\\/boutique\\\/product\\\/friandises-txaku-2\\\/\",\"url\":\"https:\\\/\\\/www.vetorino.com\\\/boutique\\\/product\\\/friandises-txaku-2\\\/\",\"name\":\"Friandises Txaku W&amp;K SAS - V\u00e9torino\",\"isPartOf\":{\"@id\":\"https:\\\/\\\/www.vetorino.com\\\/boutique\\\/#website\"},\"primaryImageOfPage\":{\"@id\":\"https:\\\/\\\/www.vetorino.com\\\/boutique\\\/product\\\/friandises-txaku-2\\\/#primaryimage\"},\"image\":{\"@id\":\"https:\\\/\\\/www.vetorino.com\\\/boutique\\\/product\\\/friandises-txaku-2\\\/#primaryimage\"},\"thumbnailUrl\":\"https:\\\/\\\/www.vetorino.com\\\/boutique\\\/wp-content\\\/uploads\\\/2024\\\/04\\\/friandises-txaku.webp\",\"datePublished\":\"2025-06-05T02:51:30+00:00\",\"dateModified\":\"2025-06-05T02:51:34+00:00\",\"description\":\"Vous \u00eates \u00e0 la recherche d'une friandise saine pour votre ami \u00e0 quatre pattes? D\u00e9couvrez les biscuits de la maison Txaku. Sains mais aussi gourmands, ces d\u00e9licieux biscuits feront voyager les papilles de votre chien! La mission Txaku est de fournir \u00e0 vos fid\u00e8les compagnons des friandises de la meilleure qualit\u00e9 qui soit.\",\"breadcrumb\":{\"@id\":\"https:\\\/\\\/www.vetorino.com\\\/boutique\\\/product\\\/friandises-txaku-2\\\/#breadcrumb\"},\"inLanguage\":\"fr-FR\",\"potentialAction\":[{\"@type\":\"ReadAction\",\"target\":[\"https:\\\/\\\/www.vetorino.com\\\/boutique\\\/product\\\/friandises-txaku-2\\\/\"]}]},{\"@type\":\"ImageObject\",\"inLanguage\":\"fr-FR\",\"@id\":\"https:\\\/\\\/www.vetorino.com\\\/boutique\\\/product\\\/friandises-txaku-2\\\/#primaryimage\",\"url\":\"https:\\\/\\\/www.vetorino.com\\\/boutique\\\/wp-content\\\/uploads\\\/2024\\\/04\\\/friandises-txaku.webp\",\"contentUrl\":\"https:\\\/\\\/www.vetorino.com\\\/boutique\\\/wp-content\\\/uploads\\\/2024\\\/04\\\/friandises-txaku.webp\",\"width\":800,\"height\":800},{\"@type\":\"BreadcrumbList\",\"@id\":\"https:\\\/\\\/www.vetorino.com\\\/boutique\\\/product\\\/friandises-txaku-2\\\/#breadcrumb\",\"itemListElement\":[{\"@type\":\"ListItem\",\"position\":1,\"name\":\"Accueil\",\"item\":\"https:\\\/\\\/www.vetorino.com\\\/boutique\\\/\"},{\"@type\":\"ListItem\",\"position\":2,\"name\":\"Produits\",\"item\":\"https:\\\/\\\/www.vetorino.com\\\/boutique\\\/\"},{\"@type\":\"ListItem\",\"position\":3,\"name\":\"Friandises Txaku\"}]},{\"@type\":\"WebSite\",\"@id\":\"https:\\\/\\\/www.vetorino.com\\\/boutique\\\/#website\",\"url\":\"https:\\\/\\\/www.vetorino.com\\\/boutique\\\/\",\"name\":\"V\u00e9torino\",\"description\":\"\",\"publisher\":{\"@id\":\"https:\\\/\\\/www.vetorino.com\\\/boutique\\\/#organization\"},\"potentialAction\":[{\"@type\":\"SearchAction\",\"target\":{\"@type\":\"EntryPoint\",\"urlTemplate\":\"https:\\\/\\\/www.vetorino.com\\\/boutique\\\/?s={search_term_string}\"},\"query-input\":{\"@type\":\"PropertyValueSpecification\",\"valueRequired\":true,\"valueName\":\"search_term_string\"}}],\"inLanguage\":\"fr-FR\"},{\"@type\":\"Organization\",\"@id\":\"https:\\\/\\\/www.vetorino.com\\\/boutique\\\/#organization\",\"name\":\"V\u00e9torino\",\"url\":\"https:\\\/\\\/www.vetorino.com\\\/boutique\\\/\",\"logo\":{\"@type\":\"ImageObject\",\"inLanguage\":\"fr-FR\",\"@id\":\"https:\\\/\\\/www.vetorino.com\\\/boutique\\\/#\\\/schema\\\/logo\\\/image\\\/\",\"url\":\"https:\\\/\\\/www.vetorino.com\\\/boutique\\\/wp-content\\\/uploads\\\/2024\\\/10\\\/logo.jpg\",\"contentUrl\":\"https:\\\/\\\/www.vetorino.com\\\/boutique\\\/wp-content\\\/uploads\\\/2024\\\/10\\\/logo.jpg\",\"width\":1200,\"height\":610,\"caption\":\"V\u00e9torino\"},\"image\":{\"@id\":\"https:\\\/\\\/www.vetorino.com\\\/boutique\\\/#\\\/schema\\\/logo\\\/image\\\/\"},\"sameAs\":[\"https:\\\/\\\/www.facebook.com\\\/Vetorino\\\/\",\"https:\\\/\\\/www.instagram.com\\\/vetorino_off\\\/\",\"https:\\\/\\\/www.linkedin.com\\\/company\\\/vtorino\\\/\"]}]}<\/script>\n<meta property=\"product:brand\" content=\"W&amp;K SAS\" \/>\n<meta property=\"og:availability\" content=\"instock\" \/>\n<meta property=\"product:availability\" content=\"instock\" \/>\n<meta property=\"product:condition\" content=\"new\" \/>\n<!-- \/ Yoast SEO plugin. -->","yoast_head_json":{"title":"Friandises Txaku W&amp;K SAS - V\u00e9torino","description":"Vous \u00eates \u00e0 la recherche d'une friandise saine pour votre ami \u00e0 quatre pattes? D\u00e9couvrez les biscuits de la maison Txaku. Sains mais aussi gourmands, ces d\u00e9licieux biscuits feront voyager les papilles de votre chien! La mission Txaku est de fournir \u00e0 vos fid\u00e8les compagnons des friandises de la meilleure qualit\u00e9 qui soit.","robots":{"index":"noindex","follow":"nofollow"},"og_locale":"fr_FR","og_type":"article","og_title":"Friandises Txaku W&amp;K SAS - V\u00e9torino","og_description":"Vous \u00eates \u00e0 la recherche d'une friandise saine pour votre ami \u00e0 quatre pattes? D\u00e9couvrez les biscuits de la maison Txaku. Sains mais aussi gourmands, ces d\u00e9licieux biscuits feront voyager les papilles de votre chien! La mission Txaku est de fournir \u00e0 vos fid\u00e8les compagnons des friandises de la meilleure qualit\u00e9 qui soit.","og_url":"https:\/\/www.vetorino.com\/veterinaire\/saint-pourcain-sur-sioule\/boutique\/product\/friandises-txaku-2\/","og_site_name":"V\u00e9torino","article_publisher":"https:\/\/www.facebook.com\/Vetorino\/","article_modified_time":"2025-06-05T02:51:34+00:00","og_image":[{"width":800,"height":800,"url":"https:\/\/www.vetorino.com\/boutique\/wp-content\/uploads\/2024\/04\/friandises-txaku.webp","type":"image\/webp"}],"twitter_card":"summary_large_image","twitter_misc":{"Disponibilit\u00e9":"En stock"},"schema":{"@context":"https:\/\/schema.org","@graph":[{"@type":"WebPage","@id":"https:\/\/www.vetorino.com\/boutique\/product\/friandises-txaku-2\/","url":"https:\/\/www.vetorino.com\/boutique\/product\/friandises-txaku-2\/","name":"Friandises Txaku W&amp;K SAS - V\u00e9torino","isPartOf":{"@id":"https:\/\/www.vetorino.com\/boutique\/#website"},"primaryImageOfPage":{"@id":"https:\/\/www.vetorino.com\/boutique\/product\/friandises-txaku-2\/#primaryimage"},"image":{"@id":"https:\/\/www.vetorino.com\/boutique\/product\/friandises-txaku-2\/#primaryimage"},"thumbnailUrl":"https:\/\/www.vetorino.com\/boutique\/wp-content\/uploads\/2024\/04\/friandises-txaku.webp","datePublished":"2025-06-05T02:51:30+00:00","dateModified":"2025-06-05T02:51:34+00:00","description":"Vous \u00eates \u00e0 la recherche d'une friandise saine pour votre ami \u00e0 quatre pattes? D\u00e9couvrez les biscuits de la maison Txaku. Sains mais aussi gourmands, ces d\u00e9licieux biscuits feront voyager les papilles de votre chien! La mission Txaku est de fournir \u00e0 vos fid\u00e8les compagnons des friandises de la meilleure qualit\u00e9 qui soit.","breadcrumb":{"@id":"https:\/\/www.vetorino.com\/boutique\/product\/friandises-txaku-2\/#breadcrumb"},"inLanguage":"fr-FR","potentialAction":[{"@type":"ReadAction","target":["https:\/\/www.vetorino.com\/boutique\/product\/friandises-txaku-2\/"]}]},{"@type":"ImageObject","inLanguage":"fr-FR","@id":"https:\/\/www.vetorino.com\/boutique\/product\/friandises-txaku-2\/#primaryimage","url":"https:\/\/www.vetorino.com\/boutique\/wp-content\/uploads\/2024\/04\/friandises-txaku.webp","contentUrl":"https:\/\/www.vetorino.com\/boutique\/wp-content\/uploads\/2024\/04\/friandises-txaku.webp","width":800,"height":800},{"@type":"BreadcrumbList","@id":"https:\/\/www.vetorino.com\/boutique\/product\/friandises-txaku-2\/#breadcrumb","itemListElement":[{"@type":"ListItem","position":1,"name":"Accueil","item":"https:\/\/www.vetorino.com\/boutique\/"},{"@type":"ListItem","position":2,"name":"Produits","item":"https:\/\/www.vetorino.com\/boutique\/"},{"@type":"ListItem","position":3,"name":"Friandises Txaku"}]},{"@type":"WebSite","@id":"https:\/\/www.vetorino.com\/boutique\/#website","url":"https:\/\/www.vetorino.com\/boutique\/","name":"V\u00e9torino","description":"","publisher":{"@id":"https:\/\/www.vetorino.com\/boutique\/#organization"},"potentialAction":[{"@type":"SearchAction","target":{"@type":"EntryPoint","urlTemplate":"https:\/\/www.vetorino.com\/boutique\/?s={search_term_string}"},"query-input":{"@type":"PropertyValueSpecification","valueRequired":true,"valueName":"search_term_string"}}],"inLanguage":"fr-FR"},{"@type":"Organization","@id":"https:\/\/www.vetorino.com\/boutique\/#organization","name":"V\u00e9torino","url":"https:\/\/www.vetorino.com\/boutique\/","logo":{"@type":"ImageObject","inLanguage":"fr-FR","@id":"https:\/\/www.vetorino.com\/boutique\/#\/schema\/logo\/image\/","url":"https:\/\/www.vetorino.com\/boutique\/wp-content\/uploads\/2024\/10\/logo.jpg","contentUrl":"https:\/\/www.vetorino.com\/boutique\/wp-content\/uploads\/2024\/10\/logo.jpg","width":1200,"height":610,"caption":"V\u00e9torino"},"image":{"@id":"https:\/\/www.vetorino.com\/boutique\/#\/schema\/logo\/image\/"},"sameAs":["https:\/\/www.facebook.com\/Vetorino\/","https:\/\/www.instagram.com\/vetorino_off\/","https:\/\/www.linkedin.com\/company\/vtorino\/"]}]},"product_brand":"W&amp;K SAS","og_availability":"instock","product_availability":"instock","product_condition":"new"},"_links":{"self":[{"href":"https:\/\/www.vetorino.com\/veterinaire\/saint-pourcain-sur-sioule\/boutique\/wp-json\/wp\/v2\/product\/1359433","targetHints":{"allow":["GET"]}}],"collection":[{"href":"https:\/\/www.vetorino.com\/veterinaire\/saint-pourcain-sur-sioule\/boutique\/wp-json\/wp\/v2\/product"}],"about":[{"href":"https:\/\/www.vetorino.com\/veterinaire\/saint-pourcain-sur-sioule\/boutique\/wp-json\/wp\/v2\/types\/product"}],"wp:featuredmedia":[{"embeddable":true,"href":"https:\/\/www.vetorino.com\/veterinaire\/saint-pourcain-sur-sioule\/boutique\/wp-json\/wp\/v2\/media\/903328"}],"wp:attachment":[{"href":"https:\/\/www.vetorino.com\/veterinaire\/saint-pourcain-sur-sioule\/boutique\/wp-json\/wp\/v2\/media?parent=1359433"}],"wp:term":[{"taxonomy":"product_cat","embeddable":true,"href":"https:\/\/www.vetorino.com\/veterinaire\/saint-pourcain-sur-sioule\/boutique\/wp-json\/wp\/v2\/product_cat?post=1359433"},{"taxonomy":"product_tag","embeddable":true,"href":"https:\/\/www.vetorino.com\/veterinaire\/saint-pourcain-sur-sioule\/boutique\/wp-json\/wp\/v2\/product_tag?post=1359433"}],"curies":[{"name":"wp","href":"https:\/\/api.w.org\/{rel}","templated":true}]}}