{"id":225479,"date":"2021-09-11T05:34:49","date_gmt":"2021-09-11T03:34:49","guid":{"rendered":"https:\/\/www.vetorino.com\/boutique\/product\/feline-z-d-activbiome-boite-2\/"},"modified":"2025-11-06T10:00:19","modified_gmt":"2025-11-06T09:00:19","slug":"feline-z-d-activbiome-boite-2","status":"publish","type":"product","link":"https:\/\/www.vetorino.com\/veterinaire\/saint-pourcain-sur-sioule\/boutique\/product\/feline-z-d-activbiome-boite-2\/","title":{"rendered":"Z\/D Food Sensitivities &#8211; chat"},"content":{"rendered":"<p><strong>Prescription Diet z \/d Feline est un aliment sp\u00e9cialement con\u00e7u pour aider \u00e0 r\u00e9duire les signes cutan\u00e9s et digestifs\u00a0caus\u00e9s par les\u00a0r\u00e9actions allergiques alimentaires.<\/strong><\/p>\n<p><strong>Utilisation :<\/strong><\/p>\n<ul>\n<li>Chat sujet aux allergies alimentaires<\/li>\n<\/ul>\n<p><strong>Bienfaits essentiels :<\/strong><\/p>\n<ul>\n<li>Contribue \u00e0\u00a0<strong>nourrir la peau et le pelage<\/strong>\u00a0gr\u00e2ce \u00e0 ses apports importants d&#8217;acides gras essentiels.<\/li>\n<li>Renforc\u00e9e par la technologie des ingr\u00e9dients Hill&#8217;s\u00a0<strong>ActivBiome+<\/strong>, un m\u00e9lange exclusif de\u00a0<strong>pr\u00e9biotiques<\/strong>, cliniquement prouv\u00e9 pour nourrir rapidement le microbiome intestinal afin de soutenir la bonne sant\u00e9 digestive et le bien-\u00eatre en g\u00e9n\u00e9ral.<\/li>\n<li>Sa haute teneur en antioxydants permet de\u00a0<strong>neutraliser les radicaux libres lib\u00e9r\u00e9s<\/strong>\u00a0lors des r\u00e9actions d&#8217;allergie ou intol\u00e9rance alimentaires.<\/li>\n<li>Un\u00a0<strong>go\u00fbt excellent<\/strong> que votre chat va adorer, avec des formes s\u00e8che et humide que l&#8217;on peut associer pour son plus grand plaisir.<\/li>\n<\/ul>\n<p><strong><br \/>\nCe produit est destin\u00e9 \u00e0 l&#8217;usage v\u00e9t\u00e9rinaire. Avant tout achat, nous vous conseillons de demander conseil \u00e0 votre v\u00e9t\u00e9rinaire.<\/strong><\/p>\n","protected":false},"excerpt":{"rendered":"<p><strong>Con\u00e7u pour aider \u00e0 r\u00e9duire les signes cutan\u00e9s et digestifs\u00a0caus\u00e9s par les\u00a0r\u00e9actions allergiques alimentaires.<\/strong><\/p>\n<p><strong>Utilisation :<\/strong><\/p>\n<ul>\n<li>Chat sujet aux allergies alimentaires<\/li>\n<\/ul>\n<p><strong>Ce produit est destin\u00e9 \u00e0 l&#8217;usage v\u00e9t\u00e9rinaire. Avant tout achat, nous vous conseillons de demander conseil \u00e0 votre v\u00e9t\u00e9rinaire.<\/strong><\/p>\n","protected":false},"featured_media":490316,"template":"","meta":[],"product_cat":[12551,12581,2697],"product_tag":[],"class_list":{"0":"post-225479","1":"product","2":"type-product","3":"status-publish","4":"has-post-thumbnail","6":"product_cat-alimentation-du-chat","7":"product_cat-alimentation-medicalisee-pour-chat","8":"product_cat-chat","9":"pa_marque-hills-pet-nutrition","11":"first","12":"instock","13":"taxable","14":"shipping-taxable","15":"purchasable","16":"product-type-simple"},"yoast_head":"<!-- This site is optimized with the Yoast SEO plugin v27.3 - https:\/\/yoast.com\/product\/yoast-seo-wordpress\/ -->\n<title>Prescription Diet (Hill&#039;s) Z\/D Food Sensitivities - chat Hill&#039;s - V\u00e9torino<\/title>\n<meta name=\"description\" content=\"Con\u00e7u pour aider \u00e0 r\u00e9duire les signes cutan\u00e9s et digestifs\u00a0caus\u00e9s par les\u00a0r\u00e9actions allergiques alimentaires.  Utilisation :   Chat sujet aux allergies alimentaires  Ce produit est destin\u00e9 \u00e0 l&#039;usage v\u00e9t\u00e9rinaire. Avant tout achat, nous vous conseillons de demander conseil \u00e0 votre v\u00e9t\u00e9rinaire.\" \/>\n<meta name=\"robots\" content=\"noindex, nofollow\" \/>\n<meta property=\"og:locale\" content=\"fr_FR\" \/>\n<meta property=\"og:type\" content=\"article\" \/>\n<meta property=\"og:title\" content=\"Prescription Diet (Hill&#039;s) Z\/D Food Sensitivities - chat Hill&#039;s - V\u00e9torino\" \/>\n<meta property=\"og:description\" content=\"Con\u00e7u pour aider \u00e0 r\u00e9duire les signes cutan\u00e9s et digestifs\u00a0caus\u00e9s par les\u00a0r\u00e9actions allergiques alimentaires.  Utilisation :   Chat sujet aux allergies alimentaires  Ce produit est destin\u00e9 \u00e0 l&#039;usage v\u00e9t\u00e9rinaire. Avant tout achat, nous vous conseillons de demander conseil \u00e0 votre v\u00e9t\u00e9rinaire.\" \/>\n<meta property=\"og:url\" content=\"https:\/\/www.vetorino.com\/veterinaire\/saint-pourcain-sur-sioule\/boutique\/product\/feline-z-d-activbiome-boite-2\/\" \/>\n<meta property=\"og:site_name\" content=\"V\u00e9torino\" \/>\n<meta property=\"article:publisher\" content=\"https:\/\/www.facebook.com\/Vetorino\/\" \/>\n<meta property=\"article:modified_time\" content=\"2025-11-06T09:00:19+00:00\" \/>\n<meta property=\"og:image\" content=\"https:\/\/www.vetorino.com\/boutique\/wp-content\/uploads\/2021\/09\/00052742039756_1-prescription-diet-chat-z_d-boite-1.jpg\" \/>\n\t<meta property=\"og:image:width\" content=\"2000\" \/>\n\t<meta property=\"og:image:height\" content=\"2000\" \/>\n\t<meta property=\"og:image:type\" content=\"image\/jpeg\" \/>\n<meta name=\"twitter:card\" content=\"summary_large_image\" \/>\n<meta name=\"twitter:label1\" content=\"Prix\" \/>\n\t<meta name=\"twitter:data1\" content=\"79,60&euro;\" \/>\n\t<meta name=\"twitter:label2\" content=\"Disponibilit\u00e9\" \/>\n\t<meta name=\"twitter:data2\" content=\"En stock\" \/>\n<script type=\"application\/ld+json\" class=\"yoast-schema-graph\">{\"@context\":\"https:\\\/\\\/schema.org\",\"@graph\":[{\"@type\":\"WebPage\",\"@id\":\"https:\\\/\\\/www.vetorino.com\\\/veterinaire\\\/briancon-05100\\\/boutique\\\/product\\\/feline-z-d-activbiome-boite-2\\\/\",\"url\":\"https:\\\/\\\/www.vetorino.com\\\/veterinaire\\\/briancon-05100\\\/boutique\\\/product\\\/feline-z-d-activbiome-boite-2\\\/\",\"name\":\"Prescription Diet (Hill's) Z\\\/D Food Sensitivities - chat Hill's - V\u00e9torino\",\"isPartOf\":{\"@id\":\"https:\\\/\\\/www.vetorino.com\\\/boutique\\\/#website\"},\"primaryImageOfPage\":{\"@id\":\"https:\\\/\\\/www.vetorino.com\\\/veterinaire\\\/briancon-05100\\\/boutique\\\/product\\\/feline-z-d-activbiome-boite-2\\\/#primaryimage\"},\"image\":{\"@id\":\"https:\\\/\\\/www.vetorino.com\\\/veterinaire\\\/briancon-05100\\\/boutique\\\/product\\\/feline-z-d-activbiome-boite-2\\\/#primaryimage\"},\"thumbnailUrl\":\"https:\\\/\\\/www.vetorino.com\\\/boutique\\\/wp-content\\\/uploads\\\/2021\\\/09\\\/00052742039756_1-prescription-diet-chat-z_d-boite-1.jpg\",\"datePublished\":\"2021-09-11T03:34:49+00:00\",\"dateModified\":\"2025-11-06T09:00:19+00:00\",\"description\":\"Con\u00e7u pour aider \u00e0 r\u00e9duire les signes cutan\u00e9s et digestifs\u00a0caus\u00e9s par les\u00a0r\u00e9actions allergiques alimentaires. Utilisation : Chat sujet aux allergies alimentaires Ce produit est destin\u00e9 \u00e0 l'usage v\u00e9t\u00e9rinaire. Avant tout achat, nous vous conseillons de demander conseil \u00e0 votre v\u00e9t\u00e9rinaire.\",\"breadcrumb\":{\"@id\":\"https:\\\/\\\/www.vetorino.com\\\/veterinaire\\\/briancon-05100\\\/boutique\\\/product\\\/feline-z-d-activbiome-boite-2\\\/#breadcrumb\"},\"inLanguage\":\"fr-FR\",\"potentialAction\":[{\"@type\":\"ReadAction\",\"target\":[\"https:\\\/\\\/www.vetorino.com\\\/veterinaire\\\/briancon-05100\\\/boutique\\\/product\\\/feline-z-d-activbiome-boite-2\\\/\"]}]},{\"@type\":\"ImageObject\",\"inLanguage\":\"fr-FR\",\"@id\":\"https:\\\/\\\/www.vetorino.com\\\/veterinaire\\\/briancon-05100\\\/boutique\\\/product\\\/feline-z-d-activbiome-boite-2\\\/#primaryimage\",\"url\":\"https:\\\/\\\/www.vetorino.com\\\/boutique\\\/wp-content\\\/uploads\\\/2021\\\/09\\\/00052742039756_1-prescription-diet-chat-z_d-boite-1.jpg\",\"contentUrl\":\"https:\\\/\\\/www.vetorino.com\\\/boutique\\\/wp-content\\\/uploads\\\/2021\\\/09\\\/00052742039756_1-prescription-diet-chat-z_d-boite-1.jpg\",\"width\":2000,\"height\":2000},{\"@type\":\"BreadcrumbList\",\"@id\":\"https:\\\/\\\/www.vetorino.com\\\/veterinaire\\\/briancon-05100\\\/boutique\\\/product\\\/feline-z-d-activbiome-boite-2\\\/#breadcrumb\",\"itemListElement\":[{\"@type\":\"ListItem\",\"position\":1,\"name\":\"Accueil\",\"item\":\"https:\\\/\\\/www.vetorino.com\\\/boutique\\\/\"},{\"@type\":\"ListItem\",\"position\":2,\"name\":\"Produits\",\"item\":\"https:\\\/\\\/www.vetorino.com\\\/boutique\\\/\"},{\"@type\":\"ListItem\",\"position\":3,\"name\":\"Z\\\/D Food Sensitivities &#8211; chat\"}]},{\"@type\":\"WebSite\",\"@id\":\"https:\\\/\\\/www.vetorino.com\\\/boutique\\\/#website\",\"url\":\"https:\\\/\\\/www.vetorino.com\\\/boutique\\\/\",\"name\":\"V\u00e9torino\",\"description\":\"\",\"publisher\":{\"@id\":\"https:\\\/\\\/www.vetorino.com\\\/boutique\\\/#organization\"},\"potentialAction\":[{\"@type\":\"SearchAction\",\"target\":{\"@type\":\"EntryPoint\",\"urlTemplate\":\"https:\\\/\\\/www.vetorino.com\\\/boutique\\\/?s={search_term_string}\"},\"query-input\":{\"@type\":\"PropertyValueSpecification\",\"valueRequired\":true,\"valueName\":\"search_term_string\"}}],\"inLanguage\":\"fr-FR\"},{\"@type\":\"Organization\",\"@id\":\"https:\\\/\\\/www.vetorino.com\\\/boutique\\\/#organization\",\"name\":\"V\u00e9torino\",\"url\":\"https:\\\/\\\/www.vetorino.com\\\/boutique\\\/\",\"logo\":{\"@type\":\"ImageObject\",\"inLanguage\":\"fr-FR\",\"@id\":\"https:\\\/\\\/www.vetorino.com\\\/boutique\\\/#\\\/schema\\\/logo\\\/image\\\/\",\"url\":\"https:\\\/\\\/www.vetorino.com\\\/boutique\\\/wp-content\\\/uploads\\\/2024\\\/10\\\/logo.jpg\",\"contentUrl\":\"https:\\\/\\\/www.vetorino.com\\\/boutique\\\/wp-content\\\/uploads\\\/2024\\\/10\\\/logo.jpg\",\"width\":1200,\"height\":610,\"caption\":\"V\u00e9torino\"},\"image\":{\"@id\":\"https:\\\/\\\/www.vetorino.com\\\/boutique\\\/#\\\/schema\\\/logo\\\/image\\\/\"},\"sameAs\":[\"https:\\\/\\\/www.facebook.com\\\/Vetorino\\\/\",\"https:\\\/\\\/www.instagram.com\\\/vetorino_off\\\/\",\"https:\\\/\\\/www.linkedin.com\\\/company\\\/vtorino\\\/\"]}]}<\/script>\n<meta property=\"product:brand\" content=\"Hill&#039;s\" \/>\n<meta property=\"product:price:amount\" content=\"79.60\" \/>\n<meta property=\"product:price:currency\" content=\"EUR\" \/>\n<meta property=\"og:availability\" content=\"instock\" \/>\n<meta property=\"product:availability\" content=\"instock\" \/>\n<meta property=\"product:retailer_item_id\" content=\"O-13694\" \/>\n<meta property=\"product:condition\" content=\"new\" \/>\n<!-- \/ Yoast SEO plugin. -->","yoast_head_json":{"title":"Prescription Diet (Hill's) Z\/D Food Sensitivities - chat Hill's - V\u00e9torino","description":"Con\u00e7u pour aider \u00e0 r\u00e9duire les signes cutan\u00e9s et digestifs\u00a0caus\u00e9s par les\u00a0r\u00e9actions allergiques alimentaires.  Utilisation :   Chat sujet aux allergies alimentaires  Ce produit est destin\u00e9 \u00e0 l'usage v\u00e9t\u00e9rinaire. Avant tout achat, nous vous conseillons de demander conseil \u00e0 votre v\u00e9t\u00e9rinaire.","robots":{"index":"noindex","follow":"nofollow"},"og_locale":"fr_FR","og_type":"article","og_title":"Prescription Diet (Hill's) Z\/D Food Sensitivities - chat Hill's - V\u00e9torino","og_description":"Con\u00e7u pour aider \u00e0 r\u00e9duire les signes cutan\u00e9s et digestifs\u00a0caus\u00e9s par les\u00a0r\u00e9actions allergiques alimentaires.  Utilisation :   Chat sujet aux allergies alimentaires  Ce produit est destin\u00e9 \u00e0 l'usage v\u00e9t\u00e9rinaire. Avant tout achat, nous vous conseillons de demander conseil \u00e0 votre v\u00e9t\u00e9rinaire.","og_url":"https:\/\/www.vetorino.com\/veterinaire\/saint-pourcain-sur-sioule\/boutique\/product\/feline-z-d-activbiome-boite-2\/","og_site_name":"V\u00e9torino","article_publisher":"https:\/\/www.facebook.com\/Vetorino\/","article_modified_time":"2025-11-06T09:00:19+00:00","og_image":[{"width":2000,"height":2000,"url":"https:\/\/www.vetorino.com\/boutique\/wp-content\/uploads\/2021\/09\/00052742039756_1-prescription-diet-chat-z_d-boite-1.jpg","type":"image\/jpeg"}],"twitter_card":"summary_large_image","twitter_misc":{"Prix":"79,60&euro;","Disponibilit\u00e9":"En stock"},"schema":{"@context":"https:\/\/schema.org","@graph":[{"@type":"WebPage","@id":"https:\/\/www.vetorino.com\/veterinaire\/briancon-05100\/boutique\/product\/feline-z-d-activbiome-boite-2\/","url":"https:\/\/www.vetorino.com\/veterinaire\/briancon-05100\/boutique\/product\/feline-z-d-activbiome-boite-2\/","name":"Prescription Diet (Hill's) Z\/D Food Sensitivities - chat Hill's - V\u00e9torino","isPartOf":{"@id":"https:\/\/www.vetorino.com\/boutique\/#website"},"primaryImageOfPage":{"@id":"https:\/\/www.vetorino.com\/veterinaire\/briancon-05100\/boutique\/product\/feline-z-d-activbiome-boite-2\/#primaryimage"},"image":{"@id":"https:\/\/www.vetorino.com\/veterinaire\/briancon-05100\/boutique\/product\/feline-z-d-activbiome-boite-2\/#primaryimage"},"thumbnailUrl":"https:\/\/www.vetorino.com\/boutique\/wp-content\/uploads\/2021\/09\/00052742039756_1-prescription-diet-chat-z_d-boite-1.jpg","datePublished":"2021-09-11T03:34:49+00:00","dateModified":"2025-11-06T09:00:19+00:00","description":"Con\u00e7u pour aider \u00e0 r\u00e9duire les signes cutan\u00e9s et digestifs\u00a0caus\u00e9s par les\u00a0r\u00e9actions allergiques alimentaires. Utilisation : Chat sujet aux allergies alimentaires Ce produit est destin\u00e9 \u00e0 l'usage v\u00e9t\u00e9rinaire. Avant tout achat, nous vous conseillons de demander conseil \u00e0 votre v\u00e9t\u00e9rinaire.","breadcrumb":{"@id":"https:\/\/www.vetorino.com\/veterinaire\/briancon-05100\/boutique\/product\/feline-z-d-activbiome-boite-2\/#breadcrumb"},"inLanguage":"fr-FR","potentialAction":[{"@type":"ReadAction","target":["https:\/\/www.vetorino.com\/veterinaire\/briancon-05100\/boutique\/product\/feline-z-d-activbiome-boite-2\/"]}]},{"@type":"ImageObject","inLanguage":"fr-FR","@id":"https:\/\/www.vetorino.com\/veterinaire\/briancon-05100\/boutique\/product\/feline-z-d-activbiome-boite-2\/#primaryimage","url":"https:\/\/www.vetorino.com\/boutique\/wp-content\/uploads\/2021\/09\/00052742039756_1-prescription-diet-chat-z_d-boite-1.jpg","contentUrl":"https:\/\/www.vetorino.com\/boutique\/wp-content\/uploads\/2021\/09\/00052742039756_1-prescription-diet-chat-z_d-boite-1.jpg","width":2000,"height":2000},{"@type":"BreadcrumbList","@id":"https:\/\/www.vetorino.com\/veterinaire\/briancon-05100\/boutique\/product\/feline-z-d-activbiome-boite-2\/#breadcrumb","itemListElement":[{"@type":"ListItem","position":1,"name":"Accueil","item":"https:\/\/www.vetorino.com\/boutique\/"},{"@type":"ListItem","position":2,"name":"Produits","item":"https:\/\/www.vetorino.com\/boutique\/"},{"@type":"ListItem","position":3,"name":"Z\/D Food Sensitivities &#8211; chat"}]},{"@type":"WebSite","@id":"https:\/\/www.vetorino.com\/boutique\/#website","url":"https:\/\/www.vetorino.com\/boutique\/","name":"V\u00e9torino","description":"","publisher":{"@id":"https:\/\/www.vetorino.com\/boutique\/#organization"},"potentialAction":[{"@type":"SearchAction","target":{"@type":"EntryPoint","urlTemplate":"https:\/\/www.vetorino.com\/boutique\/?s={search_term_string}"},"query-input":{"@type":"PropertyValueSpecification","valueRequired":true,"valueName":"search_term_string"}}],"inLanguage":"fr-FR"},{"@type":"Organization","@id":"https:\/\/www.vetorino.com\/boutique\/#organization","name":"V\u00e9torino","url":"https:\/\/www.vetorino.com\/boutique\/","logo":{"@type":"ImageObject","inLanguage":"fr-FR","@id":"https:\/\/www.vetorino.com\/boutique\/#\/schema\/logo\/image\/","url":"https:\/\/www.vetorino.com\/boutique\/wp-content\/uploads\/2024\/10\/logo.jpg","contentUrl":"https:\/\/www.vetorino.com\/boutique\/wp-content\/uploads\/2024\/10\/logo.jpg","width":1200,"height":610,"caption":"V\u00e9torino"},"image":{"@id":"https:\/\/www.vetorino.com\/boutique\/#\/schema\/logo\/image\/"},"sameAs":["https:\/\/www.facebook.com\/Vetorino\/","https:\/\/www.instagram.com\/vetorino_off\/","https:\/\/www.linkedin.com\/company\/vtorino\/"]}]},"product_brand":"Hill's","product_price_amount":"79.60","product_price_currency":"EUR","og_availability":"instock","product_availability":"instock","product_retailer_item_id":"O-13694","product_condition":"new"},"_links":{"self":[{"href":"https:\/\/www.vetorino.com\/veterinaire\/saint-pourcain-sur-sioule\/boutique\/wp-json\/wp\/v2\/product\/225479","targetHints":{"allow":["GET"]}}],"collection":[{"href":"https:\/\/www.vetorino.com\/veterinaire\/saint-pourcain-sur-sioule\/boutique\/wp-json\/wp\/v2\/product"}],"about":[{"href":"https:\/\/www.vetorino.com\/veterinaire\/saint-pourcain-sur-sioule\/boutique\/wp-json\/wp\/v2\/types\/product"}],"wp:featuredmedia":[{"embeddable":true,"href":"https:\/\/www.vetorino.com\/veterinaire\/saint-pourcain-sur-sioule\/boutique\/wp-json\/wp\/v2\/media\/490316"}],"wp:attachment":[{"href":"https:\/\/www.vetorino.com\/veterinaire\/saint-pourcain-sur-sioule\/boutique\/wp-json\/wp\/v2\/media?parent=225479"}],"wp:term":[{"taxonomy":"product_cat","embeddable":true,"href":"https:\/\/www.vetorino.com\/veterinaire\/saint-pourcain-sur-sioule\/boutique\/wp-json\/wp\/v2\/product_cat?post=225479"},{"taxonomy":"product_tag","embeddable":true,"href":"https:\/\/www.vetorino.com\/veterinaire\/saint-pourcain-sur-sioule\/boutique\/wp-json\/wp\/v2\/product_tag?post=225479"}],"curies":[{"name":"wp","href":"https:\/\/api.w.org\/{rel}","templated":true}]}}