{"id":346776,"date":"2022-07-19T04:50:10","date_gmt":"2022-07-19T02:50:10","guid":{"rendered":"https:\/\/www.vetorino.com\/boutique\/?post_type=product&#038;p=346776"},"modified":"2025-10-29T14:59:48","modified_gmt":"2025-10-29T13:59:48","slug":"k-d-kidney-mijotes-pour-chien-poulet-et-legumes","status":"publish","type":"product","link":"https:\/\/www.vetorino.com\/veterinaire\/saint-pourcain-sur-sioule\/boutique\/product\/k-d-kidney-mijotes-pour-chien-poulet-et-legumes\/","title":{"rendered":"Chien k\/d Kidney Mijot\u00e9s Poulet &amp; L\u00e9gumes"},"content":{"rendered":"<p><strong>Alimentation mijot\u00e9e\u00a0pour\u00a0aider \u00e0 prolonger la vie et am\u00e9liorer consid\u00e9rablement la qualit\u00e9 de vie des chiens souffrant de maladie r\u00e9nale.<\/strong><\/p>\n<p>Prescription Diet\u2122 Canine k\/d\u2122 mijot\u00e9s au poulet et l\u00e9gumes est un aliment di\u00e9t\u00e9tique complet destin\u00e9 \u00e0 soutenir la fonction r\u00e9nale en cas d&#8217;insuffisance r\u00e9nale chronique ou temporaire chez le chien adulte. Cet aliment di\u00e9t\u00e9tique pour animaux de compagnie pr\u00e9sente une faible teneur en phosphore et une teneur limit\u00e9e en prot\u00e9ines de haute qualit\u00e9.<\/p>\n<p><strong>Utilisation :<\/strong><\/p>\n<ul>\n<li>Chien souffrant de maladie r\u00e9nale<\/li>\n<\/ul>\n<p><strong>Bienfaits essentiels :<\/strong><\/p>\n<ul>\n<li>Aide \u00e0 ralentir l&#8217;\u00e9volution de la maladie r\u00e9nale<\/li>\n<li>Aide \u00e0 lutter contre l&#8217;inflammation des reins<\/li>\n<li>Soutient l&#8217;aptitude naturelle des chiens \u00e0 d\u00e9velopper de la masse musculaire au quotidien<\/li>\n<li>Aide \u00e0 am\u00e9liorer l&#8217;utilisation des graisses pour \u00e9viter la d\u00e9gradation musculaire \u00e0 des fins \u00e9nerg\u00e9tiques<\/li>\n<li>Prot\u00e8gent les cellules de l&#8217;oxydation par les radicaux libres, favorisant un syst\u00e8me immunitaire sain.<\/li>\n<li>Aide \u00e0 compenser les pertes urinaires dues \u00e0 la maladie r\u00e9nale.<\/li>\n<\/ul>\n<p><strong>Contre-indications :<\/strong><\/p>\n<ul>\n<li>Chiots, femelles en gestation ou lactation<\/li>\n<\/ul>\n<p><strong>Ce produit est destin\u00e9 \u00e0 l&#8217;usage v\u00e9t\u00e9rinaire. Avant tout achat, nous vous conseillons de demander conseil \u00e0 votre v\u00e9t\u00e9rinaire.<\/strong><\/p>\n","protected":false},"excerpt":{"rendered":"<p><strong>Alimentation mijot\u00e9e pour aider \u00e0 prolonger la vie et am\u00e9liorer consid\u00e9rablement la qualit\u00e9 de vie des chiens souffrant de maladie r\u00e9nale.<br \/>\n<\/strong><\/p>\n<p><strong>Utilisation :<\/strong><\/p>\n<ul>\n<li>Chien souffrant de maladie r\u00e9nale<\/li>\n<\/ul>\n<p><strong>Ce produit est destin\u00e9 \u00e0 l&#8217;usage v\u00e9t\u00e9rinaire. Avant tout achat, nous vous conseillons de demander conseil \u00e0 votre v\u00e9t\u00e9rinaire.<\/strong><\/p>\n","protected":false},"featured_media":490176,"template":"","meta":[],"product_cat":[12552,12582,2698,12642],"product_tag":[],"class_list":{"0":"post-346776","1":"product","2":"type-product","3":"status-publish","4":"has-post-thumbnail","6":"product_cat-alimentation-du-chien","7":"product_cat-alimentation-medicalisee-pour-chien","8":"product_cat-chien","9":"product_cat-systeme-renal-du-chien","10":"pa_marque-hills-pet-nutrition","12":"first","13":"instock","14":"taxable","15":"shipping-taxable","16":"purchasable","17":"product-type-variable"},"yoast_head":"<!-- This site is optimized with the Yoast SEO plugin v27.3 - https:\/\/yoast.com\/product\/yoast-seo-wordpress\/ -->\n<title>Prescription Diet (Hill&#039;s) Chien k\/d Kidney Mijot\u00e9s Poulet &amp; L\u00e9gumes Hill&#039;s - V\u00e9torino<\/title>\n<meta name=\"description\" content=\"Hill&#039;s Canine K\/D Mijot\u00e9 Poulet &amp; L\u00e9gumes Bo\u00eete est une alimentation qui prolonge la qualit\u00e9 de vie des chiens souffrant de maladie r\u00e9nale.\" \/>\n<meta name=\"robots\" content=\"noindex, nofollow\" \/>\n<meta property=\"og:locale\" content=\"fr_FR\" \/>\n<meta property=\"og:type\" content=\"article\" \/>\n<meta property=\"og:title\" content=\"Prescription Diet (Hill&#039;s) Chien k\/d Kidney Mijot\u00e9s Poulet &amp; L\u00e9gumes Hill&#039;s - V\u00e9torino\" \/>\n<meta property=\"og:description\" content=\"Hill&#039;s Canine K\/D Mijot\u00e9 Poulet &amp; L\u00e9gumes Bo\u00eete est une alimentation qui prolonge la qualit\u00e9 de vie des chiens souffrant de maladie r\u00e9nale.\" \/>\n<meta property=\"og:url\" content=\"https:\/\/www.vetorino.com\/veterinaire\/saint-pourcain-sur-sioule\/boutique\/product\/k-d-kidney-mijotes-pour-chien-poulet-et-legumes\/\" \/>\n<meta property=\"og:site_name\" content=\"V\u00e9torino\" \/>\n<meta property=\"article:publisher\" content=\"https:\/\/www.facebook.com\/Vetorino\/\" \/>\n<meta property=\"article:modified_time\" content=\"2025-10-29T13:59:48+00:00\" \/>\n<meta property=\"og:image\" content=\"https:\/\/www.vetorino.com\/boutique\/wp-content\/uploads\/2022\/01\/52742021386_1-prescription-diet-chien-k-d-boite-mijote-poulet-legumes-1.jpg\" \/>\n\t<meta property=\"og:image:width\" content=\"2000\" \/>\n\t<meta property=\"og:image:height\" content=\"2000\" \/>\n\t<meta property=\"og:image:type\" content=\"image\/jpeg\" \/>\n<meta name=\"twitter:card\" content=\"summary_large_image\" \/>\n<meta name=\"twitter:label1\" content=\"Disponibilit\u00e9\" \/>\n\t<meta name=\"twitter:data1\" content=\"En stock\" \/>\n<script type=\"application\/ld+json\" class=\"yoast-schema-graph\">{\"@context\":\"https:\\\/\\\/schema.org\",\"@graph\":[{\"@type\":\"WebPage\",\"@id\":\"https:\\\/\\\/www.vetorino.com\\\/veterinaire\\\/briancon-05100\\\/boutique\\\/product\\\/k-d-kidney-mijotes-pour-chien-poulet-et-legumes\\\/\",\"url\":\"https:\\\/\\\/www.vetorino.com\\\/veterinaire\\\/briancon-05100\\\/boutique\\\/product\\\/k-d-kidney-mijotes-pour-chien-poulet-et-legumes\\\/\",\"name\":\"Prescription Diet (Hill's) Chien k\\\/d Kidney Mijot\u00e9s Poulet &amp; L\u00e9gumes Hill's - V\u00e9torino\",\"isPartOf\":{\"@id\":\"https:\\\/\\\/www.vetorino.com\\\/boutique\\\/#website\"},\"primaryImageOfPage\":{\"@id\":\"https:\\\/\\\/www.vetorino.com\\\/veterinaire\\\/briancon-05100\\\/boutique\\\/product\\\/k-d-kidney-mijotes-pour-chien-poulet-et-legumes\\\/#primaryimage\"},\"image\":{\"@id\":\"https:\\\/\\\/www.vetorino.com\\\/veterinaire\\\/briancon-05100\\\/boutique\\\/product\\\/k-d-kidney-mijotes-pour-chien-poulet-et-legumes\\\/#primaryimage\"},\"thumbnailUrl\":\"https:\\\/\\\/www.vetorino.com\\\/boutique\\\/wp-content\\\/uploads\\\/2022\\\/01\\\/52742021386_1-prescription-diet-chien-k-d-boite-mijote-poulet-legumes-1.jpg\",\"datePublished\":\"2022-07-19T02:50:10+00:00\",\"dateModified\":\"2025-10-29T13:59:48+00:00\",\"description\":\"Hill's Canine K\\\/D Mijot\u00e9 Poulet & L\u00e9gumes Bo\u00eete est une alimentation qui prolonge la qualit\u00e9 de vie des chiens souffrant de maladie r\u00e9nale.\",\"breadcrumb\":{\"@id\":\"https:\\\/\\\/www.vetorino.com\\\/veterinaire\\\/briancon-05100\\\/boutique\\\/product\\\/k-d-kidney-mijotes-pour-chien-poulet-et-legumes\\\/#breadcrumb\"},\"inLanguage\":\"fr-FR\",\"potentialAction\":[{\"@type\":\"ReadAction\",\"target\":[\"https:\\\/\\\/www.vetorino.com\\\/veterinaire\\\/briancon-05100\\\/boutique\\\/product\\\/k-d-kidney-mijotes-pour-chien-poulet-et-legumes\\\/\"]}]},{\"@type\":\"ImageObject\",\"inLanguage\":\"fr-FR\",\"@id\":\"https:\\\/\\\/www.vetorino.com\\\/veterinaire\\\/briancon-05100\\\/boutique\\\/product\\\/k-d-kidney-mijotes-pour-chien-poulet-et-legumes\\\/#primaryimage\",\"url\":\"https:\\\/\\\/www.vetorino.com\\\/boutique\\\/wp-content\\\/uploads\\\/2022\\\/01\\\/52742021386_1-prescription-diet-chien-k-d-boite-mijote-poulet-legumes-1.jpg\",\"contentUrl\":\"https:\\\/\\\/www.vetorino.com\\\/boutique\\\/wp-content\\\/uploads\\\/2022\\\/01\\\/52742021386_1-prescription-diet-chien-k-d-boite-mijote-poulet-legumes-1.jpg\",\"width\":2000,\"height\":2000},{\"@type\":\"BreadcrumbList\",\"@id\":\"https:\\\/\\\/www.vetorino.com\\\/veterinaire\\\/briancon-05100\\\/boutique\\\/product\\\/k-d-kidney-mijotes-pour-chien-poulet-et-legumes\\\/#breadcrumb\",\"itemListElement\":[{\"@type\":\"ListItem\",\"position\":1,\"name\":\"Accueil\",\"item\":\"https:\\\/\\\/www.vetorino.com\\\/boutique\\\/\"},{\"@type\":\"ListItem\",\"position\":2,\"name\":\"Produits\",\"item\":\"https:\\\/\\\/www.vetorino.com\\\/boutique\\\/\"},{\"@type\":\"ListItem\",\"position\":3,\"name\":\"Chien k\\\/d Kidney Mijot\u00e9s Poulet &amp; L\u00e9gumes\"}]},{\"@type\":\"WebSite\",\"@id\":\"https:\\\/\\\/www.vetorino.com\\\/boutique\\\/#website\",\"url\":\"https:\\\/\\\/www.vetorino.com\\\/boutique\\\/\",\"name\":\"V\u00e9torino\",\"description\":\"\",\"publisher\":{\"@id\":\"https:\\\/\\\/www.vetorino.com\\\/boutique\\\/#organization\"},\"potentialAction\":[{\"@type\":\"SearchAction\",\"target\":{\"@type\":\"EntryPoint\",\"urlTemplate\":\"https:\\\/\\\/www.vetorino.com\\\/boutique\\\/?s={search_term_string}\"},\"query-input\":{\"@type\":\"PropertyValueSpecification\",\"valueRequired\":true,\"valueName\":\"search_term_string\"}}],\"inLanguage\":\"fr-FR\"},{\"@type\":\"Organization\",\"@id\":\"https:\\\/\\\/www.vetorino.com\\\/boutique\\\/#organization\",\"name\":\"V\u00e9torino\",\"url\":\"https:\\\/\\\/www.vetorino.com\\\/boutique\\\/\",\"logo\":{\"@type\":\"ImageObject\",\"inLanguage\":\"fr-FR\",\"@id\":\"https:\\\/\\\/www.vetorino.com\\\/boutique\\\/#\\\/schema\\\/logo\\\/image\\\/\",\"url\":\"https:\\\/\\\/www.vetorino.com\\\/boutique\\\/wp-content\\\/uploads\\\/2024\\\/10\\\/logo.jpg\",\"contentUrl\":\"https:\\\/\\\/www.vetorino.com\\\/boutique\\\/wp-content\\\/uploads\\\/2024\\\/10\\\/logo.jpg\",\"width\":1200,\"height\":610,\"caption\":\"V\u00e9torino\"},\"image\":{\"@id\":\"https:\\\/\\\/www.vetorino.com\\\/boutique\\\/#\\\/schema\\\/logo\\\/image\\\/\"},\"sameAs\":[\"https:\\\/\\\/www.facebook.com\\\/Vetorino\\\/\",\"https:\\\/\\\/www.instagram.com\\\/vetorino_off\\\/\",\"https:\\\/\\\/www.linkedin.com\\\/company\\\/vtorino\\\/\"]}]}<\/script>\n<meta property=\"product:brand\" content=\"Hill&#039;s\" \/>\n<meta property=\"og:availability\" content=\"instock\" \/>\n<meta property=\"product:availability\" content=\"instock\" \/>\n<meta property=\"product:condition\" content=\"new\" \/>\n<!-- \/ Yoast SEO plugin. -->","yoast_head_json":{"title":"Prescription Diet (Hill's) Chien k\/d Kidney Mijot\u00e9s Poulet &amp; L\u00e9gumes Hill's - V\u00e9torino","description":"Hill's Canine K\/D Mijot\u00e9 Poulet & L\u00e9gumes Bo\u00eete est une alimentation qui prolonge la qualit\u00e9 de vie des chiens souffrant de maladie r\u00e9nale.","robots":{"index":"noindex","follow":"nofollow"},"og_locale":"fr_FR","og_type":"article","og_title":"Prescription Diet (Hill's) Chien k\/d Kidney Mijot\u00e9s Poulet &amp; L\u00e9gumes Hill's - V\u00e9torino","og_description":"Hill's Canine K\/D Mijot\u00e9 Poulet & L\u00e9gumes Bo\u00eete est une alimentation qui prolonge la qualit\u00e9 de vie des chiens souffrant de maladie r\u00e9nale.","og_url":"https:\/\/www.vetorino.com\/veterinaire\/saint-pourcain-sur-sioule\/boutique\/product\/k-d-kidney-mijotes-pour-chien-poulet-et-legumes\/","og_site_name":"V\u00e9torino","article_publisher":"https:\/\/www.facebook.com\/Vetorino\/","article_modified_time":"2025-10-29T13:59:48+00:00","og_image":[{"width":2000,"height":2000,"url":"https:\/\/www.vetorino.com\/boutique\/wp-content\/uploads\/2022\/01\/52742021386_1-prescription-diet-chien-k-d-boite-mijote-poulet-legumes-1.jpg","type":"image\/jpeg"}],"twitter_card":"summary_large_image","twitter_misc":{"Disponibilit\u00e9":"En stock"},"schema":{"@context":"https:\/\/schema.org","@graph":[{"@type":"WebPage","@id":"https:\/\/www.vetorino.com\/veterinaire\/briancon-05100\/boutique\/product\/k-d-kidney-mijotes-pour-chien-poulet-et-legumes\/","url":"https:\/\/www.vetorino.com\/veterinaire\/briancon-05100\/boutique\/product\/k-d-kidney-mijotes-pour-chien-poulet-et-legumes\/","name":"Prescription Diet (Hill's) Chien k\/d Kidney Mijot\u00e9s Poulet &amp; L\u00e9gumes Hill's - V\u00e9torino","isPartOf":{"@id":"https:\/\/www.vetorino.com\/boutique\/#website"},"primaryImageOfPage":{"@id":"https:\/\/www.vetorino.com\/veterinaire\/briancon-05100\/boutique\/product\/k-d-kidney-mijotes-pour-chien-poulet-et-legumes\/#primaryimage"},"image":{"@id":"https:\/\/www.vetorino.com\/veterinaire\/briancon-05100\/boutique\/product\/k-d-kidney-mijotes-pour-chien-poulet-et-legumes\/#primaryimage"},"thumbnailUrl":"https:\/\/www.vetorino.com\/boutique\/wp-content\/uploads\/2022\/01\/52742021386_1-prescription-diet-chien-k-d-boite-mijote-poulet-legumes-1.jpg","datePublished":"2022-07-19T02:50:10+00:00","dateModified":"2025-10-29T13:59:48+00:00","description":"Hill's Canine K\/D Mijot\u00e9 Poulet & L\u00e9gumes Bo\u00eete est une alimentation qui prolonge la qualit\u00e9 de vie des chiens souffrant de maladie r\u00e9nale.","breadcrumb":{"@id":"https:\/\/www.vetorino.com\/veterinaire\/briancon-05100\/boutique\/product\/k-d-kidney-mijotes-pour-chien-poulet-et-legumes\/#breadcrumb"},"inLanguage":"fr-FR","potentialAction":[{"@type":"ReadAction","target":["https:\/\/www.vetorino.com\/veterinaire\/briancon-05100\/boutique\/product\/k-d-kidney-mijotes-pour-chien-poulet-et-legumes\/"]}]},{"@type":"ImageObject","inLanguage":"fr-FR","@id":"https:\/\/www.vetorino.com\/veterinaire\/briancon-05100\/boutique\/product\/k-d-kidney-mijotes-pour-chien-poulet-et-legumes\/#primaryimage","url":"https:\/\/www.vetorino.com\/boutique\/wp-content\/uploads\/2022\/01\/52742021386_1-prescription-diet-chien-k-d-boite-mijote-poulet-legumes-1.jpg","contentUrl":"https:\/\/www.vetorino.com\/boutique\/wp-content\/uploads\/2022\/01\/52742021386_1-prescription-diet-chien-k-d-boite-mijote-poulet-legumes-1.jpg","width":2000,"height":2000},{"@type":"BreadcrumbList","@id":"https:\/\/www.vetorino.com\/veterinaire\/briancon-05100\/boutique\/product\/k-d-kidney-mijotes-pour-chien-poulet-et-legumes\/#breadcrumb","itemListElement":[{"@type":"ListItem","position":1,"name":"Accueil","item":"https:\/\/www.vetorino.com\/boutique\/"},{"@type":"ListItem","position":2,"name":"Produits","item":"https:\/\/www.vetorino.com\/boutique\/"},{"@type":"ListItem","position":3,"name":"Chien k\/d Kidney Mijot\u00e9s Poulet &amp; L\u00e9gumes"}]},{"@type":"WebSite","@id":"https:\/\/www.vetorino.com\/boutique\/#website","url":"https:\/\/www.vetorino.com\/boutique\/","name":"V\u00e9torino","description":"","publisher":{"@id":"https:\/\/www.vetorino.com\/boutique\/#organization"},"potentialAction":[{"@type":"SearchAction","target":{"@type":"EntryPoint","urlTemplate":"https:\/\/www.vetorino.com\/boutique\/?s={search_term_string}"},"query-input":{"@type":"PropertyValueSpecification","valueRequired":true,"valueName":"search_term_string"}}],"inLanguage":"fr-FR"},{"@type":"Organization","@id":"https:\/\/www.vetorino.com\/boutique\/#organization","name":"V\u00e9torino","url":"https:\/\/www.vetorino.com\/boutique\/","logo":{"@type":"ImageObject","inLanguage":"fr-FR","@id":"https:\/\/www.vetorino.com\/boutique\/#\/schema\/logo\/image\/","url":"https:\/\/www.vetorino.com\/boutique\/wp-content\/uploads\/2024\/10\/logo.jpg","contentUrl":"https:\/\/www.vetorino.com\/boutique\/wp-content\/uploads\/2024\/10\/logo.jpg","width":1200,"height":610,"caption":"V\u00e9torino"},"image":{"@id":"https:\/\/www.vetorino.com\/boutique\/#\/schema\/logo\/image\/"},"sameAs":["https:\/\/www.facebook.com\/Vetorino\/","https:\/\/www.instagram.com\/vetorino_off\/","https:\/\/www.linkedin.com\/company\/vtorino\/"]}]},"product_brand":"Hill's","og_availability":"instock","product_availability":"instock","product_condition":"new"},"_links":{"self":[{"href":"https:\/\/www.vetorino.com\/veterinaire\/saint-pourcain-sur-sioule\/boutique\/wp-json\/wp\/v2\/product\/346776","targetHints":{"allow":["GET"]}}],"collection":[{"href":"https:\/\/www.vetorino.com\/veterinaire\/saint-pourcain-sur-sioule\/boutique\/wp-json\/wp\/v2\/product"}],"about":[{"href":"https:\/\/www.vetorino.com\/veterinaire\/saint-pourcain-sur-sioule\/boutique\/wp-json\/wp\/v2\/types\/product"}],"wp:featuredmedia":[{"embeddable":true,"href":"https:\/\/www.vetorino.com\/veterinaire\/saint-pourcain-sur-sioule\/boutique\/wp-json\/wp\/v2\/media\/490176"}],"wp:attachment":[{"href":"https:\/\/www.vetorino.com\/veterinaire\/saint-pourcain-sur-sioule\/boutique\/wp-json\/wp\/v2\/media?parent=346776"}],"wp:term":[{"taxonomy":"product_cat","embeddable":true,"href":"https:\/\/www.vetorino.com\/veterinaire\/saint-pourcain-sur-sioule\/boutique\/wp-json\/wp\/v2\/product_cat?post=346776"},{"taxonomy":"product_tag","embeddable":true,"href":"https:\/\/www.vetorino.com\/veterinaire\/saint-pourcain-sur-sioule\/boutique\/wp-json\/wp\/v2\/product_tag?post=346776"}],"curies":[{"name":"wp","href":"https:\/\/api.w.org\/{rel}","templated":true}]}}