{"id":351618,"date":"2022-07-20T02:50:41","date_gmt":"2022-07-20T00:50:41","guid":{"rendered":"https:\/\/www.vetorino.com\/boutique\/?post_type=product&#038;p=351618"},"modified":"2022-10-24T16:29:53","modified_gmt":"2022-10-24T14:29:53","slug":"laisse-flexi-vario-2","status":"publish","type":"product","link":"https:\/\/www.vetorino.com\/veterinaire\/saint-pourcain-sur-sioule\/boutique\/product\/laisse-flexi-vario-2\/","title":{"rendered":"Laisse Flexi Vario"},"content":{"rendered":"<div class=\"hidden\">Flexi<\/div>\n<p><b>Caract\u00e9risiques<\/b><br \/>\nCette laisse comprend un syst\u00e8me de blocage de longueur qui stoppe et bloque la laisse. Facile \u00e0 manier, elle emp\u00eache la laisse de s?emm\u00ealer, de se tordre et de tra\u00eener par terre gr\u00e2ce \u00e0 son enrouleur automatique. La laisse permet \u00e0 l?animal de s?\u00e9loigner jusqu?\u00e0 5 m\u00e8tres et elle est compatible avec les options lampes et porte-sac.Longueur de laisse : 5 m\u00e8tres.<br \/>\n<b>Bon \u00e0 savoir<\/b><br \/>\nConvient aux chiens et chats pesant jusqu?\u00e0 20 kg. Demandez conseil \u00e0 votre v\u00e9t\u00e9rinaire et respectez les consignes de s\u00e9curit\u00e9.<\/p>\n","protected":false},"excerpt":{"rendered":"<p>La laisse NEW CLASSIC ROUGE, pour chien, vous permet de g\u00e9rer la latitude de votre compagnon durant vos promenades.Existe en diff\u00e9rentes tailles, longueur de laisse et coloris.<\/p>\n","protected":false},"featured_media":77813,"template":"","meta":[],"product_cat":[12550,2698,2777],"product_tag":[],"class_list":{"0":"post-351618","1":"product","2":"type-product","3":"status-publish","4":"has-post-thumbnail","6":"product_cat-accessoires-du-chien","7":"product_cat-chien","8":"product_cat-colliers-laisses-et-harnais-pour-chien","9":"pa_marque-flexi","11":"first","12":"instock","13":"taxable","14":"shipping-taxable","15":"purchasable","16":"product-type-variable"},"yoast_head":"<!-- This site is optimized with the Yoast SEO plugin v27.3 - https:\/\/yoast.com\/product\/yoast-seo-wordpress\/ -->\n<title>Laisse Flexi Vario Flexi - V\u00e9torino<\/title>\n<meta name=\"description\" content=\"La laisse NEW CLASSIC ROUGE, pour chien, vous permet de g\u00e9rer la latitude de votre compagnon durant vos promenades.Existe en diff\u00e9rentes tailles, longueur de laisse et coloris.\" \/>\n<meta name=\"robots\" content=\"noindex, nofollow\" \/>\n<meta property=\"og:locale\" content=\"fr_FR\" \/>\n<meta property=\"og:type\" content=\"article\" \/>\n<meta property=\"og:title\" content=\"Laisse Flexi Vario Flexi - V\u00e9torino\" \/>\n<meta property=\"og:description\" content=\"La laisse NEW CLASSIC ROUGE, pour chien, vous permet de g\u00e9rer la latitude de votre compagnon durant vos promenades.Existe en diff\u00e9rentes tailles, longueur de laisse et coloris.\" \/>\n<meta property=\"og:url\" content=\"https:\/\/www.vetorino.com\/veterinaire\/saint-pourcain-sur-sioule\/boutique\/product\/laisse-flexi-vario-2\/\" \/>\n<meta property=\"og:site_name\" content=\"V\u00e9torino\" \/>\n<meta property=\"article:publisher\" content=\"https:\/\/www.facebook.com\/Vetorino\/\" \/>\n<meta property=\"article:modified_time\" content=\"2022-10-24T14:29:53+00:00\" \/>\n<meta property=\"og:image\" content=\"https:\/\/www.vetorino.com\/boutique\/wp-content\/uploads\/2020\/03\/laisse-new-classic-rouge-m-5-chien-12.jpg\" \/>\n\t<meta property=\"og:image:width\" content=\"800\" \/>\n\t<meta property=\"og:image:height\" content=\"800\" \/>\n\t<meta property=\"og:image:type\" content=\"image\/jpeg\" \/>\n<meta name=\"twitter:card\" content=\"summary_large_image\" \/>\n<meta name=\"twitter:label1\" content=\"Disponibilit\u00e9\" \/>\n\t<meta name=\"twitter:data1\" content=\"En stock\" \/>\n<script type=\"application\/ld+json\" class=\"yoast-schema-graph\">{\"@context\":\"https:\\\/\\\/schema.org\",\"@graph\":[{\"@type\":\"WebPage\",\"@id\":\"https:\\\/\\\/www.vetorino.com\\\/boutique\\\/product\\\/laisse-flexi-vario-2\\\/\",\"url\":\"https:\\\/\\\/www.vetorino.com\\\/boutique\\\/product\\\/laisse-flexi-vario-2\\\/\",\"name\":\"Laisse Flexi Vario Flexi - V\u00e9torino\",\"isPartOf\":{\"@id\":\"https:\\\/\\\/www.vetorino.com\\\/boutique\\\/#website\"},\"primaryImageOfPage\":{\"@id\":\"https:\\\/\\\/www.vetorino.com\\\/boutique\\\/product\\\/laisse-flexi-vario-2\\\/#primaryimage\"},\"image\":{\"@id\":\"https:\\\/\\\/www.vetorino.com\\\/boutique\\\/product\\\/laisse-flexi-vario-2\\\/#primaryimage\"},\"thumbnailUrl\":\"https:\\\/\\\/www.vetorino.com\\\/boutique\\\/wp-content\\\/uploads\\\/2020\\\/03\\\/laisse-new-classic-rouge-m-5-chien-12.jpg\",\"datePublished\":\"2022-07-20T00:50:41+00:00\",\"dateModified\":\"2022-10-24T14:29:53+00:00\",\"description\":\"La laisse NEW CLASSIC ROUGE, pour chien, vous permet de g\u00e9rer la latitude de votre compagnon durant vos promenades.Existe en diff\u00e9rentes tailles, longueur de laisse et coloris.\",\"breadcrumb\":{\"@id\":\"https:\\\/\\\/www.vetorino.com\\\/boutique\\\/product\\\/laisse-flexi-vario-2\\\/#breadcrumb\"},\"inLanguage\":\"fr-FR\",\"potentialAction\":[{\"@type\":\"ReadAction\",\"target\":[\"https:\\\/\\\/www.vetorino.com\\\/boutique\\\/product\\\/laisse-flexi-vario-2\\\/\"]}]},{\"@type\":\"ImageObject\",\"inLanguage\":\"fr-FR\",\"@id\":\"https:\\\/\\\/www.vetorino.com\\\/boutique\\\/product\\\/laisse-flexi-vario-2\\\/#primaryimage\",\"url\":\"https:\\\/\\\/www.vetorino.com\\\/boutique\\\/wp-content\\\/uploads\\\/2020\\\/03\\\/laisse-new-classic-rouge-m-5-chien-12.jpg\",\"contentUrl\":\"https:\\\/\\\/www.vetorino.com\\\/boutique\\\/wp-content\\\/uploads\\\/2020\\\/03\\\/laisse-new-classic-rouge-m-5-chien-12.jpg\",\"width\":800,\"height\":800},{\"@type\":\"BreadcrumbList\",\"@id\":\"https:\\\/\\\/www.vetorino.com\\\/boutique\\\/product\\\/laisse-flexi-vario-2\\\/#breadcrumb\",\"itemListElement\":[{\"@type\":\"ListItem\",\"position\":1,\"name\":\"Accueil\",\"item\":\"https:\\\/\\\/www.vetorino.com\\\/boutique\\\/\"},{\"@type\":\"ListItem\",\"position\":2,\"name\":\"Produits\",\"item\":\"https:\\\/\\\/www.vetorino.com\\\/boutique\\\/\"},{\"@type\":\"ListItem\",\"position\":3,\"name\":\"Laisse Flexi Vario\"}]},{\"@type\":\"WebSite\",\"@id\":\"https:\\\/\\\/www.vetorino.com\\\/boutique\\\/#website\",\"url\":\"https:\\\/\\\/www.vetorino.com\\\/boutique\\\/\",\"name\":\"V\u00e9torino\",\"description\":\"\",\"publisher\":{\"@id\":\"https:\\\/\\\/www.vetorino.com\\\/boutique\\\/#organization\"},\"potentialAction\":[{\"@type\":\"SearchAction\",\"target\":{\"@type\":\"EntryPoint\",\"urlTemplate\":\"https:\\\/\\\/www.vetorino.com\\\/boutique\\\/?s={search_term_string}\"},\"query-input\":{\"@type\":\"PropertyValueSpecification\",\"valueRequired\":true,\"valueName\":\"search_term_string\"}}],\"inLanguage\":\"fr-FR\"},{\"@type\":\"Organization\",\"@id\":\"https:\\\/\\\/www.vetorino.com\\\/boutique\\\/#organization\",\"name\":\"V\u00e9torino\",\"url\":\"https:\\\/\\\/www.vetorino.com\\\/boutique\\\/\",\"logo\":{\"@type\":\"ImageObject\",\"inLanguage\":\"fr-FR\",\"@id\":\"https:\\\/\\\/www.vetorino.com\\\/boutique\\\/#\\\/schema\\\/logo\\\/image\\\/\",\"url\":\"https:\\\/\\\/www.vetorino.com\\\/boutique\\\/wp-content\\\/uploads\\\/2024\\\/10\\\/logo.jpg\",\"contentUrl\":\"https:\\\/\\\/www.vetorino.com\\\/boutique\\\/wp-content\\\/uploads\\\/2024\\\/10\\\/logo.jpg\",\"width\":1200,\"height\":610,\"caption\":\"V\u00e9torino\"},\"image\":{\"@id\":\"https:\\\/\\\/www.vetorino.com\\\/boutique\\\/#\\\/schema\\\/logo\\\/image\\\/\"},\"sameAs\":[\"https:\\\/\\\/www.facebook.com\\\/Vetorino\\\/\",\"https:\\\/\\\/www.instagram.com\\\/vetorino_off\\\/\",\"https:\\\/\\\/www.linkedin.com\\\/company\\\/vtorino\\\/\"]}]}<\/script>\n<meta property=\"product:brand\" content=\"Flexi\" \/>\n<meta property=\"og:availability\" content=\"instock\" \/>\n<meta property=\"product:availability\" content=\"instock\" \/>\n<meta property=\"product:condition\" content=\"new\" \/>\n<!-- \/ Yoast SEO plugin. -->","yoast_head_json":{"title":"Laisse Flexi Vario Flexi - V\u00e9torino","description":"La laisse NEW CLASSIC ROUGE, pour chien, vous permet de g\u00e9rer la latitude de votre compagnon durant vos promenades.Existe en diff\u00e9rentes tailles, longueur de laisse et coloris.","robots":{"index":"noindex","follow":"nofollow"},"og_locale":"fr_FR","og_type":"article","og_title":"Laisse Flexi Vario Flexi - V\u00e9torino","og_description":"La laisse NEW CLASSIC ROUGE, pour chien, vous permet de g\u00e9rer la latitude de votre compagnon durant vos promenades.Existe en diff\u00e9rentes tailles, longueur de laisse et coloris.","og_url":"https:\/\/www.vetorino.com\/veterinaire\/saint-pourcain-sur-sioule\/boutique\/product\/laisse-flexi-vario-2\/","og_site_name":"V\u00e9torino","article_publisher":"https:\/\/www.facebook.com\/Vetorino\/","article_modified_time":"2022-10-24T14:29:53+00:00","og_image":[{"width":800,"height":800,"url":"https:\/\/www.vetorino.com\/boutique\/wp-content\/uploads\/2020\/03\/laisse-new-classic-rouge-m-5-chien-12.jpg","type":"image\/jpeg"}],"twitter_card":"summary_large_image","twitter_misc":{"Disponibilit\u00e9":"En stock"},"schema":{"@context":"https:\/\/schema.org","@graph":[{"@type":"WebPage","@id":"https:\/\/www.vetorino.com\/boutique\/product\/laisse-flexi-vario-2\/","url":"https:\/\/www.vetorino.com\/boutique\/product\/laisse-flexi-vario-2\/","name":"Laisse Flexi Vario Flexi - V\u00e9torino","isPartOf":{"@id":"https:\/\/www.vetorino.com\/boutique\/#website"},"primaryImageOfPage":{"@id":"https:\/\/www.vetorino.com\/boutique\/product\/laisse-flexi-vario-2\/#primaryimage"},"image":{"@id":"https:\/\/www.vetorino.com\/boutique\/product\/laisse-flexi-vario-2\/#primaryimage"},"thumbnailUrl":"https:\/\/www.vetorino.com\/boutique\/wp-content\/uploads\/2020\/03\/laisse-new-classic-rouge-m-5-chien-12.jpg","datePublished":"2022-07-20T00:50:41+00:00","dateModified":"2022-10-24T14:29:53+00:00","description":"La laisse NEW CLASSIC ROUGE, pour chien, vous permet de g\u00e9rer la latitude de votre compagnon durant vos promenades.Existe en diff\u00e9rentes tailles, longueur de laisse et coloris.","breadcrumb":{"@id":"https:\/\/www.vetorino.com\/boutique\/product\/laisse-flexi-vario-2\/#breadcrumb"},"inLanguage":"fr-FR","potentialAction":[{"@type":"ReadAction","target":["https:\/\/www.vetorino.com\/boutique\/product\/laisse-flexi-vario-2\/"]}]},{"@type":"ImageObject","inLanguage":"fr-FR","@id":"https:\/\/www.vetorino.com\/boutique\/product\/laisse-flexi-vario-2\/#primaryimage","url":"https:\/\/www.vetorino.com\/boutique\/wp-content\/uploads\/2020\/03\/laisse-new-classic-rouge-m-5-chien-12.jpg","contentUrl":"https:\/\/www.vetorino.com\/boutique\/wp-content\/uploads\/2020\/03\/laisse-new-classic-rouge-m-5-chien-12.jpg","width":800,"height":800},{"@type":"BreadcrumbList","@id":"https:\/\/www.vetorino.com\/boutique\/product\/laisse-flexi-vario-2\/#breadcrumb","itemListElement":[{"@type":"ListItem","position":1,"name":"Accueil","item":"https:\/\/www.vetorino.com\/boutique\/"},{"@type":"ListItem","position":2,"name":"Produits","item":"https:\/\/www.vetorino.com\/boutique\/"},{"@type":"ListItem","position":3,"name":"Laisse Flexi Vario"}]},{"@type":"WebSite","@id":"https:\/\/www.vetorino.com\/boutique\/#website","url":"https:\/\/www.vetorino.com\/boutique\/","name":"V\u00e9torino","description":"","publisher":{"@id":"https:\/\/www.vetorino.com\/boutique\/#organization"},"potentialAction":[{"@type":"SearchAction","target":{"@type":"EntryPoint","urlTemplate":"https:\/\/www.vetorino.com\/boutique\/?s={search_term_string}"},"query-input":{"@type":"PropertyValueSpecification","valueRequired":true,"valueName":"search_term_string"}}],"inLanguage":"fr-FR"},{"@type":"Organization","@id":"https:\/\/www.vetorino.com\/boutique\/#organization","name":"V\u00e9torino","url":"https:\/\/www.vetorino.com\/boutique\/","logo":{"@type":"ImageObject","inLanguage":"fr-FR","@id":"https:\/\/www.vetorino.com\/boutique\/#\/schema\/logo\/image\/","url":"https:\/\/www.vetorino.com\/boutique\/wp-content\/uploads\/2024\/10\/logo.jpg","contentUrl":"https:\/\/www.vetorino.com\/boutique\/wp-content\/uploads\/2024\/10\/logo.jpg","width":1200,"height":610,"caption":"V\u00e9torino"},"image":{"@id":"https:\/\/www.vetorino.com\/boutique\/#\/schema\/logo\/image\/"},"sameAs":["https:\/\/www.facebook.com\/Vetorino\/","https:\/\/www.instagram.com\/vetorino_off\/","https:\/\/www.linkedin.com\/company\/vtorino\/"]}]},"product_brand":"Flexi","og_availability":"instock","product_availability":"instock","product_condition":"new"},"_links":{"self":[{"href":"https:\/\/www.vetorino.com\/veterinaire\/saint-pourcain-sur-sioule\/boutique\/wp-json\/wp\/v2\/product\/351618","targetHints":{"allow":["GET"]}}],"collection":[{"href":"https:\/\/www.vetorino.com\/veterinaire\/saint-pourcain-sur-sioule\/boutique\/wp-json\/wp\/v2\/product"}],"about":[{"href":"https:\/\/www.vetorino.com\/veterinaire\/saint-pourcain-sur-sioule\/boutique\/wp-json\/wp\/v2\/types\/product"}],"wp:featuredmedia":[{"embeddable":true,"href":"https:\/\/www.vetorino.com\/veterinaire\/saint-pourcain-sur-sioule\/boutique\/wp-json\/wp\/v2\/media\/77813"}],"wp:attachment":[{"href":"https:\/\/www.vetorino.com\/veterinaire\/saint-pourcain-sur-sioule\/boutique\/wp-json\/wp\/v2\/media?parent=351618"}],"wp:term":[{"taxonomy":"product_cat","embeddable":true,"href":"https:\/\/www.vetorino.com\/veterinaire\/saint-pourcain-sur-sioule\/boutique\/wp-json\/wp\/v2\/product_cat?post=351618"},{"taxonomy":"product_tag","embeddable":true,"href":"https:\/\/www.vetorino.com\/veterinaire\/saint-pourcain-sur-sioule\/boutique\/wp-json\/wp\/v2\/product_tag?post=351618"}],"curies":[{"name":"wp","href":"https:\/\/api.w.org\/{rel}","templated":true}]}}