{"id":353068,"date":"2022-07-20T03:20:28","date_gmt":"2022-07-20T01:20:28","guid":{"rendered":"https:\/\/www.vetorino.com\/boutique\/?post_type=product&#038;p=353068"},"modified":"2023-09-06T17:00:54","modified_gmt":"2023-09-06T15:00:54","slug":"catizen-2","status":"publish","type":"product","link":"https:\/\/www.vetorino.com\/veterinaire\/saint-pourcain-sur-sioule\/boutique\/product\/catizen-2\/","title":{"rendered":"Catizen"},"content":{"rendered":"<p><strong>Catizen<\/strong>\u00a0est un diffuseur \u00e0 base de ph\u00e9romone aux\u00a0<strong>propri\u00e9t\u00e9s apaisantes<\/strong>\u00a0permettant de<strong>\u00a0r\u00e9duire l&#8217;anxi\u00e9t\u00e9 de votre chat ou votre chaton stress\u00e9<\/strong>\u00a0face \u00e0 nouvel environnement (nouvelle maison, arriv\u00e9e d&#8217;un nouveau membre dans la famille). Ce diffuseur permet \u00e9galement de r\u00e9soudre certains probl\u00e8mes de comportement (marquage urinaire, griffades,&#8230;). La double action des ph\u00e9romones (dont la Fraction F3) de la Val\u00e9riane envoie un signal d&#8217;apaisement \u00e0 votre chat et am\u00e9liore son bien-\u00eatre.<\/p>\n<p>Catizen dispose d&#8217;une action unique\u00a0<strong>d&#8217;ingr\u00e9dients naturels<\/strong>\u00a0pour apporter la s\u00e9r\u00e9nit\u00e9 \u00e0 votre boule de poils.<\/p>\n<p>Il contient de la<strong>\u00a0val\u00e9riane<\/strong>\u00a0qui est connue pour ses propri\u00e9t\u00e9s apaisantes. Cette plante a une odeur que votre chat va directement appr\u00e9cier. Elle a des effets relaxants et euphorisants et elle est sans effets secondaires (aucune accoutumance).<\/p>\n<p>Il contient \u00e9galement des\u00a0<strong>ph\u00e9romones<\/strong>, comme la fraction F3, qui vont apporter un message d&#8217;apaisement et de s\u00e9curit\u00e9.<\/p>\n<h3>Les plus du produit :<\/h3>\n<ul>\n<li>A base d&#8217;ingr\u00e9dients naturels<\/li>\n<li>Sans accoutumance<\/li>\n<li>Aide votre chat \u00e0 lutter contre le stress<\/li>\n<li>Aide votre animal \u00e0 adopter de bons comportements<\/li>\n<\/ul>\n<h2><strong>Dans quels cas utiliser le diffuseur Catizen pour chat ?<\/strong><\/h2>\n<p>Utilisez Catizen chez le chaton ou le chat adulte dans les cas suivants afin d&#8217;am\u00e9liorer son bien-\u00eatre :<\/p>\n<ul>\n<li><strong>Changement d&#8217;environnement<\/strong>\u00a0: d\u00e9m\u00e9nagement, r\u00e9am\u00e9nagement du lieu de vie&#8230;<\/li>\n<li><strong>Nouvelle arriv\u00e9e\u00a0<\/strong>: animal, b\u00e9b\u00e9&#8230;<\/li>\n<li><strong>Ev\u00e8nements inhabituels<\/strong>\u00a0: vacances, pensions&#8230;<\/li>\n<li><strong>Probl\u00e8mes comportementaux<\/strong>\u00a0: marquage urinaire, miaulement, griffades\u2026<\/li>\n<\/ul>\n<p><strong>A savoir :<\/strong>\u00a0La dur\u00e9e d&#8217;action du diffuseur Catizen est de 30 jours. Le diffuseur est efficace sur une surface de 50 \u00e0 70 m2. N&#8217;h\u00e9sitez pas \u00e0 utiliser plusieurs diffuseurs si vous avez une grande maison ou plusieurs \u00e9tages.<\/p>\n","protected":false},"excerpt":{"rendered":"<p>Catizen, diffuseur \u00e0 base de ph\u00e9romone et de Val\u00e9riane, permet de r\u00e9duire le stress de votre chat ou chaton et de r\u00e9soudre certains troubles du comportement. Solution naturelle et efficace pour am\u00e9liorer le bien-\u00eatre de votre chat.<\/p>\n","protected":false},"featured_media":690518,"template":"","meta":[],"product_cat":[2759,2697],"product_tag":[],"class_list":{"0":"post-353068","1":"product","2":"type-product","3":"status-publish","4":"has-post-thumbnail","6":"product_cat-anti-stress-et-anxiete-pour-chat","7":"product_cat-chat","8":"pa_marque-msd-sante-animal","10":"first","11":"instock","12":"taxable","13":"shipping-taxable","14":"purchasable","15":"product-type-variable"},"yoast_head":"<!-- This site is optimized with the Yoast SEO plugin v27.3 - https:\/\/yoast.com\/product\/yoast-seo-wordpress\/ -->\n<title>Catizen Msd Sante Animal - V\u00e9torino<\/title>\n<meta name=\"description\" content=\"Catizen, diffuseur \u00e0 base de ph\u00e9romone et de Val\u00e9riane, permet de r\u00e9duire le stress de votre chat ou chaton et de r\u00e9soudre certains troubles du comportement. Solution naturelle et efficace pour am\u00e9liorer le bien-\u00eatre de votre chat.\" \/>\n<meta name=\"robots\" content=\"noindex, nofollow\" \/>\n<meta property=\"og:locale\" content=\"fr_FR\" \/>\n<meta property=\"og:type\" content=\"article\" \/>\n<meta property=\"og:title\" content=\"Catizen Msd Sante Animal - V\u00e9torino\" \/>\n<meta property=\"og:description\" content=\"Catizen, diffuseur \u00e0 base de ph\u00e9romone et de Val\u00e9riane, permet de r\u00e9duire le stress de votre chat ou chaton et de r\u00e9soudre certains troubles du comportement. Solution naturelle et efficace pour am\u00e9liorer le bien-\u00eatre de votre chat.\" \/>\n<meta property=\"og:url\" content=\"https:\/\/www.vetorino.com\/veterinaire\/saint-pourcain-sur-sioule\/boutique\/product\/catizen-2\/\" \/>\n<meta property=\"og:site_name\" content=\"V\u00e9torino\" \/>\n<meta property=\"article:publisher\" content=\"https:\/\/www.facebook.com\/Vetorino\/\" \/>\n<meta property=\"article:modified_time\" content=\"2023-09-06T15:00:54+00:00\" \/>\n<meta property=\"og:image\" content=\"https:\/\/www.vetorino.com\/boutique\/wp-content\/uploads\/2021\/05\/catizen.png\" \/>\n\t<meta property=\"og:image:width\" content=\"458\" \/>\n\t<meta property=\"og:image:height\" content=\"458\" \/>\n\t<meta property=\"og:image:type\" content=\"image\/png\" \/>\n<meta name=\"twitter:card\" content=\"summary_large_image\" \/>\n<meta name=\"twitter:label1\" content=\"Disponibilit\u00e9\" \/>\n\t<meta name=\"twitter:data1\" content=\"En stock\" \/>\n<script type=\"application\/ld+json\" class=\"yoast-schema-graph\">{\"@context\":\"https:\\\/\\\/schema.org\",\"@graph\":[{\"@type\":\"WebPage\",\"@id\":\"https:\\\/\\\/www.vetorino.com\\\/boutique\\\/product\\\/catizen-2\\\/\",\"url\":\"https:\\\/\\\/www.vetorino.com\\\/boutique\\\/product\\\/catizen-2\\\/\",\"name\":\"Catizen Msd Sante Animal - V\u00e9torino\",\"isPartOf\":{\"@id\":\"https:\\\/\\\/www.vetorino.com\\\/boutique\\\/#website\"},\"primaryImageOfPage\":{\"@id\":\"https:\\\/\\\/www.vetorino.com\\\/boutique\\\/product\\\/catizen-2\\\/#primaryimage\"},\"image\":{\"@id\":\"https:\\\/\\\/www.vetorino.com\\\/boutique\\\/product\\\/catizen-2\\\/#primaryimage\"},\"thumbnailUrl\":\"https:\\\/\\\/www.vetorino.com\\\/boutique\\\/wp-content\\\/uploads\\\/2021\\\/05\\\/catizen.png\",\"datePublished\":\"2022-07-20T01:20:28+00:00\",\"dateModified\":\"2023-09-06T15:00:54+00:00\",\"description\":\"Catizen, diffuseur \u00e0 base de ph\u00e9romone et de Val\u00e9riane, permet de r\u00e9duire le stress de votre chat ou chaton et de r\u00e9soudre certains troubles du comportement. Solution naturelle et efficace pour am\u00e9liorer le bien-\u00eatre de votre chat.\",\"breadcrumb\":{\"@id\":\"https:\\\/\\\/www.vetorino.com\\\/boutique\\\/product\\\/catizen-2\\\/#breadcrumb\"},\"inLanguage\":\"fr-FR\",\"potentialAction\":[{\"@type\":\"ReadAction\",\"target\":[\"https:\\\/\\\/www.vetorino.com\\\/boutique\\\/product\\\/catizen-2\\\/\"]}]},{\"@type\":\"ImageObject\",\"inLanguage\":\"fr-FR\",\"@id\":\"https:\\\/\\\/www.vetorino.com\\\/boutique\\\/product\\\/catizen-2\\\/#primaryimage\",\"url\":\"https:\\\/\\\/www.vetorino.com\\\/boutique\\\/wp-content\\\/uploads\\\/2021\\\/05\\\/catizen.png\",\"contentUrl\":\"https:\\\/\\\/www.vetorino.com\\\/boutique\\\/wp-content\\\/uploads\\\/2021\\\/05\\\/catizen.png\",\"width\":458,\"height\":458},{\"@type\":\"BreadcrumbList\",\"@id\":\"https:\\\/\\\/www.vetorino.com\\\/boutique\\\/product\\\/catizen-2\\\/#breadcrumb\",\"itemListElement\":[{\"@type\":\"ListItem\",\"position\":1,\"name\":\"Accueil\",\"item\":\"https:\\\/\\\/www.vetorino.com\\\/boutique\\\/\"},{\"@type\":\"ListItem\",\"position\":2,\"name\":\"Produits\",\"item\":\"https:\\\/\\\/www.vetorino.com\\\/boutique\\\/\"},{\"@type\":\"ListItem\",\"position\":3,\"name\":\"Catizen\"}]},{\"@type\":\"WebSite\",\"@id\":\"https:\\\/\\\/www.vetorino.com\\\/boutique\\\/#website\",\"url\":\"https:\\\/\\\/www.vetorino.com\\\/boutique\\\/\",\"name\":\"V\u00e9torino\",\"description\":\"\",\"publisher\":{\"@id\":\"https:\\\/\\\/www.vetorino.com\\\/boutique\\\/#organization\"},\"potentialAction\":[{\"@type\":\"SearchAction\",\"target\":{\"@type\":\"EntryPoint\",\"urlTemplate\":\"https:\\\/\\\/www.vetorino.com\\\/boutique\\\/?s={search_term_string}\"},\"query-input\":{\"@type\":\"PropertyValueSpecification\",\"valueRequired\":true,\"valueName\":\"search_term_string\"}}],\"inLanguage\":\"fr-FR\"},{\"@type\":\"Organization\",\"@id\":\"https:\\\/\\\/www.vetorino.com\\\/boutique\\\/#organization\",\"name\":\"V\u00e9torino\",\"url\":\"https:\\\/\\\/www.vetorino.com\\\/boutique\\\/\",\"logo\":{\"@type\":\"ImageObject\",\"inLanguage\":\"fr-FR\",\"@id\":\"https:\\\/\\\/www.vetorino.com\\\/boutique\\\/#\\\/schema\\\/logo\\\/image\\\/\",\"url\":\"https:\\\/\\\/www.vetorino.com\\\/boutique\\\/wp-content\\\/uploads\\\/2024\\\/10\\\/logo.jpg\",\"contentUrl\":\"https:\\\/\\\/www.vetorino.com\\\/boutique\\\/wp-content\\\/uploads\\\/2024\\\/10\\\/logo.jpg\",\"width\":1200,\"height\":610,\"caption\":\"V\u00e9torino\"},\"image\":{\"@id\":\"https:\\\/\\\/www.vetorino.com\\\/boutique\\\/#\\\/schema\\\/logo\\\/image\\\/\"},\"sameAs\":[\"https:\\\/\\\/www.facebook.com\\\/Vetorino\\\/\",\"https:\\\/\\\/www.instagram.com\\\/vetorino_off\\\/\",\"https:\\\/\\\/www.linkedin.com\\\/company\\\/vtorino\\\/\"]}]}<\/script>\n<meta property=\"product:brand\" content=\"Msd Sante Animal\" \/>\n<meta property=\"og:availability\" content=\"instock\" \/>\n<meta property=\"product:availability\" content=\"instock\" \/>\n<meta property=\"product:condition\" content=\"new\" \/>\n<!-- \/ Yoast SEO plugin. -->","yoast_head_json":{"title":"Catizen Msd Sante Animal - V\u00e9torino","description":"Catizen, diffuseur \u00e0 base de ph\u00e9romone et de Val\u00e9riane, permet de r\u00e9duire le stress de votre chat ou chaton et de r\u00e9soudre certains troubles du comportement. Solution naturelle et efficace pour am\u00e9liorer le bien-\u00eatre de votre chat.","robots":{"index":"noindex","follow":"nofollow"},"og_locale":"fr_FR","og_type":"article","og_title":"Catizen Msd Sante Animal - V\u00e9torino","og_description":"Catizen, diffuseur \u00e0 base de ph\u00e9romone et de Val\u00e9riane, permet de r\u00e9duire le stress de votre chat ou chaton et de r\u00e9soudre certains troubles du comportement. Solution naturelle et efficace pour am\u00e9liorer le bien-\u00eatre de votre chat.","og_url":"https:\/\/www.vetorino.com\/veterinaire\/saint-pourcain-sur-sioule\/boutique\/product\/catizen-2\/","og_site_name":"V\u00e9torino","article_publisher":"https:\/\/www.facebook.com\/Vetorino\/","article_modified_time":"2023-09-06T15:00:54+00:00","og_image":[{"width":458,"height":458,"url":"https:\/\/www.vetorino.com\/boutique\/wp-content\/uploads\/2021\/05\/catizen.png","type":"image\/png"}],"twitter_card":"summary_large_image","twitter_misc":{"Disponibilit\u00e9":"En stock"},"schema":{"@context":"https:\/\/schema.org","@graph":[{"@type":"WebPage","@id":"https:\/\/www.vetorino.com\/boutique\/product\/catizen-2\/","url":"https:\/\/www.vetorino.com\/boutique\/product\/catizen-2\/","name":"Catizen Msd Sante Animal - V\u00e9torino","isPartOf":{"@id":"https:\/\/www.vetorino.com\/boutique\/#website"},"primaryImageOfPage":{"@id":"https:\/\/www.vetorino.com\/boutique\/product\/catizen-2\/#primaryimage"},"image":{"@id":"https:\/\/www.vetorino.com\/boutique\/product\/catizen-2\/#primaryimage"},"thumbnailUrl":"https:\/\/www.vetorino.com\/boutique\/wp-content\/uploads\/2021\/05\/catizen.png","datePublished":"2022-07-20T01:20:28+00:00","dateModified":"2023-09-06T15:00:54+00:00","description":"Catizen, diffuseur \u00e0 base de ph\u00e9romone et de Val\u00e9riane, permet de r\u00e9duire le stress de votre chat ou chaton et de r\u00e9soudre certains troubles du comportement. Solution naturelle et efficace pour am\u00e9liorer le bien-\u00eatre de votre chat.","breadcrumb":{"@id":"https:\/\/www.vetorino.com\/boutique\/product\/catizen-2\/#breadcrumb"},"inLanguage":"fr-FR","potentialAction":[{"@type":"ReadAction","target":["https:\/\/www.vetorino.com\/boutique\/product\/catizen-2\/"]}]},{"@type":"ImageObject","inLanguage":"fr-FR","@id":"https:\/\/www.vetorino.com\/boutique\/product\/catizen-2\/#primaryimage","url":"https:\/\/www.vetorino.com\/boutique\/wp-content\/uploads\/2021\/05\/catizen.png","contentUrl":"https:\/\/www.vetorino.com\/boutique\/wp-content\/uploads\/2021\/05\/catizen.png","width":458,"height":458},{"@type":"BreadcrumbList","@id":"https:\/\/www.vetorino.com\/boutique\/product\/catizen-2\/#breadcrumb","itemListElement":[{"@type":"ListItem","position":1,"name":"Accueil","item":"https:\/\/www.vetorino.com\/boutique\/"},{"@type":"ListItem","position":2,"name":"Produits","item":"https:\/\/www.vetorino.com\/boutique\/"},{"@type":"ListItem","position":3,"name":"Catizen"}]},{"@type":"WebSite","@id":"https:\/\/www.vetorino.com\/boutique\/#website","url":"https:\/\/www.vetorino.com\/boutique\/","name":"V\u00e9torino","description":"","publisher":{"@id":"https:\/\/www.vetorino.com\/boutique\/#organization"},"potentialAction":[{"@type":"SearchAction","target":{"@type":"EntryPoint","urlTemplate":"https:\/\/www.vetorino.com\/boutique\/?s={search_term_string}"},"query-input":{"@type":"PropertyValueSpecification","valueRequired":true,"valueName":"search_term_string"}}],"inLanguage":"fr-FR"},{"@type":"Organization","@id":"https:\/\/www.vetorino.com\/boutique\/#organization","name":"V\u00e9torino","url":"https:\/\/www.vetorino.com\/boutique\/","logo":{"@type":"ImageObject","inLanguage":"fr-FR","@id":"https:\/\/www.vetorino.com\/boutique\/#\/schema\/logo\/image\/","url":"https:\/\/www.vetorino.com\/boutique\/wp-content\/uploads\/2024\/10\/logo.jpg","contentUrl":"https:\/\/www.vetorino.com\/boutique\/wp-content\/uploads\/2024\/10\/logo.jpg","width":1200,"height":610,"caption":"V\u00e9torino"},"image":{"@id":"https:\/\/www.vetorino.com\/boutique\/#\/schema\/logo\/image\/"},"sameAs":["https:\/\/www.facebook.com\/Vetorino\/","https:\/\/www.instagram.com\/vetorino_off\/","https:\/\/www.linkedin.com\/company\/vtorino\/"]}]},"product_brand":"Msd Sante Animal","og_availability":"instock","product_availability":"instock","product_condition":"new"},"_links":{"self":[{"href":"https:\/\/www.vetorino.com\/veterinaire\/saint-pourcain-sur-sioule\/boutique\/wp-json\/wp\/v2\/product\/353068","targetHints":{"allow":["GET"]}}],"collection":[{"href":"https:\/\/www.vetorino.com\/veterinaire\/saint-pourcain-sur-sioule\/boutique\/wp-json\/wp\/v2\/product"}],"about":[{"href":"https:\/\/www.vetorino.com\/veterinaire\/saint-pourcain-sur-sioule\/boutique\/wp-json\/wp\/v2\/types\/product"}],"wp:featuredmedia":[{"embeddable":true,"href":"https:\/\/www.vetorino.com\/veterinaire\/saint-pourcain-sur-sioule\/boutique\/wp-json\/wp\/v2\/media\/690518"}],"wp:attachment":[{"href":"https:\/\/www.vetorino.com\/veterinaire\/saint-pourcain-sur-sioule\/boutique\/wp-json\/wp\/v2\/media?parent=353068"}],"wp:term":[{"taxonomy":"product_cat","embeddable":true,"href":"https:\/\/www.vetorino.com\/veterinaire\/saint-pourcain-sur-sioule\/boutique\/wp-json\/wp\/v2\/product_cat?post=353068"},{"taxonomy":"product_tag","embeddable":true,"href":"https:\/\/www.vetorino.com\/veterinaire\/saint-pourcain-sur-sioule\/boutique\/wp-json\/wp\/v2\/product_tag?post=353068"}],"curies":[{"name":"wp","href":"https:\/\/api.w.org\/{rel}","templated":true}]}}