{"id":603702,"date":"2023-04-27T16:34:42","date_gmt":"2023-04-27T14:34:42","guid":{"rendered":"https:\/\/www.vetorino.com\/boutique\/?post_type=product&#038;p=603702"},"modified":"2023-04-27T16:57:26","modified_gmt":"2023-04-27T14:57:26","slug":"harnais-mac-leather-beige","status":"publish","type":"product","link":"https:\/\/www.vetorino.com\/veterinaire\/saint-pourcain-sur-sioule\/boutique\/product\/harnais-mac-leather-beige\/","title":{"rendered":"HARNAIS MAC LEATHER BEIGE"},"content":{"rendered":"<ul>\n<li>Largeur 10 mm : Pour un tour de torse de 15 \u00e0 30 cm<\/li>\n<li>Largeur 15 mm : Pour un tour de torse de 30 \u00e0 40 cm<\/li>\n<li>Largeur 20 mm : Pour un tour de torse jusqu&#8217;\u00e0 70 cm<\/li>\n<\/ul>\n","protected":false},"excerpt":{"rendered":"<p><strong class=\"type title description content-wrapper\">DESCRIPTION<\/strong><\/p>\n<div class=\"product attribute description content-wrapper\">\n<div class=\"value reset-pagebuilder\">\n<p>Pour un look distingu\u00e9 le\u00a0<strong>harnais Mac Leather<\/strong>\u00a0est \u00e9quip\u00e9 d&#8217;une m\u00e9daille et d&#8217;une cha\u00eenette. Outre son allure \u00e9l\u00e9gante, ce harnais vous s\u00e9duira par ses jolies couleurs tr\u00e8s gaies. Il est r\u00e9glable et assorti aux laisses Mac Leather.<\/p>\n<p>Tr\u00e8s souple, doux et solide \u00e0 la fois, il est rembourr\u00e9 pour le confort du chien.<\/p>\n<p>Tr\u00e8s simple d&#8217;utilisation.<\/p>\n<\/div>\n<\/div>\n","protected":false},"featured_media":603710,"template":"","meta":[],"product_cat":[12550,2698,2777],"product_tag":[],"class_list":{"0":"post-603702","1":"product","2":"type-product","3":"status-publish","4":"has-post-thumbnail","6":"product_cat-accessoires-du-chien","7":"product_cat-chien","8":"product_cat-colliers-laisses-et-harnais-pour-chien","9":"pa_marque-mac-leather","11":"first","12":"instock","13":"taxable","14":"shipping-taxable","15":"purchasable","16":"product-type-variable"},"yoast_head":"<!-- This site is optimized with the Yoast SEO plugin v27.3 - https:\/\/yoast.com\/product\/yoast-seo-wordpress\/ -->\n<title>HARNAIS MAC LEATHER BEIGE Mac Leather - V\u00e9torino<\/title>\n<meta name=\"description\" content=\"DESCRIPTION    Pour un look distingu\u00e9 le\u00a0harnais Mac Leather\u00a0est \u00e9quip\u00e9 d&#039;une m\u00e9daille et d&#039;une cha\u00eenette. Outre son allure \u00e9l\u00e9gante, ce harnais vous s\u00e9duira par ses jolies couleurs tr\u00e8s gaies. Il est r\u00e9glable et assorti aux laisses Mac Leather.  Tr\u00e8s souple, doux et solide \u00e0 la fois, il est rembourr\u00e9 pour le confort du chien.  Tr\u00e8s simple d&#039;utilisation.\" \/>\n<meta name=\"robots\" content=\"noindex, nofollow\" \/>\n<meta property=\"og:locale\" content=\"fr_FR\" \/>\n<meta property=\"og:type\" content=\"article\" \/>\n<meta property=\"og:title\" content=\"HARNAIS MAC LEATHER BEIGE Mac Leather - V\u00e9torino\" \/>\n<meta property=\"og:description\" content=\"DESCRIPTION    Pour un look distingu\u00e9 le\u00a0harnais Mac Leather\u00a0est \u00e9quip\u00e9 d&#039;une m\u00e9daille et d&#039;une cha\u00eenette. Outre son allure \u00e9l\u00e9gante, ce harnais vous s\u00e9duira par ses jolies couleurs tr\u00e8s gaies. Il est r\u00e9glable et assorti aux laisses Mac Leather.  Tr\u00e8s souple, doux et solide \u00e0 la fois, il est rembourr\u00e9 pour le confort du chien.  Tr\u00e8s simple d&#039;utilisation.\" \/>\n<meta property=\"og:url\" content=\"https:\/\/www.vetorino.com\/veterinaire\/saint-pourcain-sur-sioule\/boutique\/product\/harnais-mac-leather-beige\/\" \/>\n<meta property=\"og:site_name\" content=\"V\u00e9torino\" \/>\n<meta property=\"article:publisher\" content=\"https:\/\/www.facebook.com\/Vetorino\/\" \/>\n<meta property=\"article:modified_time\" content=\"2023-04-27T14:57:26+00:00\" \/>\n<meta property=\"og:image\" content=\"https:\/\/www.vetorino.com\/boutique\/wp-content\/uploads\/2023\/04\/Capture-decran-2023-04-27-a-16.36.19.png\" \/>\n\t<meta property=\"og:image:width\" content=\"1350\" \/>\n\t<meta property=\"og:image:height\" content=\"1266\" \/>\n\t<meta property=\"og:image:type\" content=\"image\/png\" \/>\n<meta name=\"twitter:card\" content=\"summary_large_image\" \/>\n<meta name=\"twitter:label1\" content=\"Disponibilit\u00e9\" \/>\n\t<meta name=\"twitter:data1\" content=\"En stock\" \/>\n<script type=\"application\/ld+json\" class=\"yoast-schema-graph\">{\"@context\":\"https:\\\/\\\/schema.org\",\"@graph\":[{\"@type\":\"WebPage\",\"@id\":\"https:\\\/\\\/www.vetorino.com\\\/boutique\\\/product\\\/harnais-mac-leather-beige\\\/\",\"url\":\"https:\\\/\\\/www.vetorino.com\\\/boutique\\\/product\\\/harnais-mac-leather-beige\\\/\",\"name\":\"HARNAIS MAC LEATHER BEIGE Mac Leather - V\u00e9torino\",\"isPartOf\":{\"@id\":\"https:\\\/\\\/www.vetorino.com\\\/boutique\\\/#website\"},\"primaryImageOfPage\":{\"@id\":\"https:\\\/\\\/www.vetorino.com\\\/boutique\\\/product\\\/harnais-mac-leather-beige\\\/#primaryimage\"},\"image\":{\"@id\":\"https:\\\/\\\/www.vetorino.com\\\/boutique\\\/product\\\/harnais-mac-leather-beige\\\/#primaryimage\"},\"thumbnailUrl\":\"https:\\\/\\\/www.vetorino.com\\\/boutique\\\/wp-content\\\/uploads\\\/2023\\\/04\\\/Capture-decran-2023-04-27-a-16.36.19.png\",\"datePublished\":\"2023-04-27T14:34:42+00:00\",\"dateModified\":\"2023-04-27T14:57:26+00:00\",\"description\":\"DESCRIPTION Pour un look distingu\u00e9 le\u00a0harnais Mac Leather\u00a0est \u00e9quip\u00e9 d'une m\u00e9daille et d'une cha\u00eenette. Outre son allure \u00e9l\u00e9gante, ce harnais vous s\u00e9duira par ses jolies couleurs tr\u00e8s gaies. Il est r\u00e9glable et assorti aux laisses Mac Leather. Tr\u00e8s souple, doux et solide \u00e0 la fois, il est rembourr\u00e9 pour le confort du chien. Tr\u00e8s simple d'utilisation.\",\"breadcrumb\":{\"@id\":\"https:\\\/\\\/www.vetorino.com\\\/boutique\\\/product\\\/harnais-mac-leather-beige\\\/#breadcrumb\"},\"inLanguage\":\"fr-FR\",\"potentialAction\":[{\"@type\":\"ReadAction\",\"target\":[\"https:\\\/\\\/www.vetorino.com\\\/boutique\\\/product\\\/harnais-mac-leather-beige\\\/\"]}]},{\"@type\":\"ImageObject\",\"inLanguage\":\"fr-FR\",\"@id\":\"https:\\\/\\\/www.vetorino.com\\\/boutique\\\/product\\\/harnais-mac-leather-beige\\\/#primaryimage\",\"url\":\"https:\\\/\\\/www.vetorino.com\\\/boutique\\\/wp-content\\\/uploads\\\/2023\\\/04\\\/Capture-decran-2023-04-27-a-16.36.19.png\",\"contentUrl\":\"https:\\\/\\\/www.vetorino.com\\\/boutique\\\/wp-content\\\/uploads\\\/2023\\\/04\\\/Capture-decran-2023-04-27-a-16.36.19.png\",\"width\":1350,\"height\":1266},{\"@type\":\"BreadcrumbList\",\"@id\":\"https:\\\/\\\/www.vetorino.com\\\/boutique\\\/product\\\/harnais-mac-leather-beige\\\/#breadcrumb\",\"itemListElement\":[{\"@type\":\"ListItem\",\"position\":1,\"name\":\"Accueil\",\"item\":\"https:\\\/\\\/www.vetorino.com\\\/boutique\\\/\"},{\"@type\":\"ListItem\",\"position\":2,\"name\":\"Produits\",\"item\":\"https:\\\/\\\/www.vetorino.com\\\/boutique\\\/\"},{\"@type\":\"ListItem\",\"position\":3,\"name\":\"HARNAIS MAC LEATHER BEIGE\"}]},{\"@type\":\"WebSite\",\"@id\":\"https:\\\/\\\/www.vetorino.com\\\/boutique\\\/#website\",\"url\":\"https:\\\/\\\/www.vetorino.com\\\/boutique\\\/\",\"name\":\"V\u00e9torino\",\"description\":\"\",\"publisher\":{\"@id\":\"https:\\\/\\\/www.vetorino.com\\\/boutique\\\/#organization\"},\"potentialAction\":[{\"@type\":\"SearchAction\",\"target\":{\"@type\":\"EntryPoint\",\"urlTemplate\":\"https:\\\/\\\/www.vetorino.com\\\/boutique\\\/?s={search_term_string}\"},\"query-input\":{\"@type\":\"PropertyValueSpecification\",\"valueRequired\":true,\"valueName\":\"search_term_string\"}}],\"inLanguage\":\"fr-FR\"},{\"@type\":\"Organization\",\"@id\":\"https:\\\/\\\/www.vetorino.com\\\/boutique\\\/#organization\",\"name\":\"V\u00e9torino\",\"url\":\"https:\\\/\\\/www.vetorino.com\\\/boutique\\\/\",\"logo\":{\"@type\":\"ImageObject\",\"inLanguage\":\"fr-FR\",\"@id\":\"https:\\\/\\\/www.vetorino.com\\\/boutique\\\/#\\\/schema\\\/logo\\\/image\\\/\",\"url\":\"https:\\\/\\\/www.vetorino.com\\\/boutique\\\/wp-content\\\/uploads\\\/2024\\\/10\\\/logo.jpg\",\"contentUrl\":\"https:\\\/\\\/www.vetorino.com\\\/boutique\\\/wp-content\\\/uploads\\\/2024\\\/10\\\/logo.jpg\",\"width\":1200,\"height\":610,\"caption\":\"V\u00e9torino\"},\"image\":{\"@id\":\"https:\\\/\\\/www.vetorino.com\\\/boutique\\\/#\\\/schema\\\/logo\\\/image\\\/\"},\"sameAs\":[\"https:\\\/\\\/www.facebook.com\\\/Vetorino\\\/\",\"https:\\\/\\\/www.instagram.com\\\/vetorino_off\\\/\",\"https:\\\/\\\/www.linkedin.com\\\/company\\\/vtorino\\\/\"]}]}<\/script>\n<meta property=\"product:brand\" content=\"Mac Leather\" \/>\n<meta property=\"og:availability\" content=\"instock\" \/>\n<meta property=\"product:availability\" content=\"instock\" \/>\n<meta property=\"product:condition\" content=\"new\" \/>\n<!-- \/ Yoast SEO plugin. -->","yoast_head_json":{"title":"HARNAIS MAC LEATHER BEIGE Mac Leather - V\u00e9torino","description":"DESCRIPTION    Pour un look distingu\u00e9 le\u00a0harnais Mac Leather\u00a0est \u00e9quip\u00e9 d'une m\u00e9daille et d'une cha\u00eenette. Outre son allure \u00e9l\u00e9gante, ce harnais vous s\u00e9duira par ses jolies couleurs tr\u00e8s gaies. Il est r\u00e9glable et assorti aux laisses Mac Leather.  Tr\u00e8s souple, doux et solide \u00e0 la fois, il est rembourr\u00e9 pour le confort du chien.  Tr\u00e8s simple d'utilisation.","robots":{"index":"noindex","follow":"nofollow"},"og_locale":"fr_FR","og_type":"article","og_title":"HARNAIS MAC LEATHER BEIGE Mac Leather - V\u00e9torino","og_description":"DESCRIPTION    Pour un look distingu\u00e9 le\u00a0harnais Mac Leather\u00a0est \u00e9quip\u00e9 d'une m\u00e9daille et d'une cha\u00eenette. Outre son allure \u00e9l\u00e9gante, ce harnais vous s\u00e9duira par ses jolies couleurs tr\u00e8s gaies. Il est r\u00e9glable et assorti aux laisses Mac Leather.  Tr\u00e8s souple, doux et solide \u00e0 la fois, il est rembourr\u00e9 pour le confort du chien.  Tr\u00e8s simple d'utilisation.","og_url":"https:\/\/www.vetorino.com\/veterinaire\/saint-pourcain-sur-sioule\/boutique\/product\/harnais-mac-leather-beige\/","og_site_name":"V\u00e9torino","article_publisher":"https:\/\/www.facebook.com\/Vetorino\/","article_modified_time":"2023-04-27T14:57:26+00:00","og_image":[{"width":1350,"height":1266,"url":"https:\/\/www.vetorino.com\/boutique\/wp-content\/uploads\/2023\/04\/Capture-decran-2023-04-27-a-16.36.19.png","type":"image\/png"}],"twitter_card":"summary_large_image","twitter_misc":{"Disponibilit\u00e9":"En stock"},"schema":{"@context":"https:\/\/schema.org","@graph":[{"@type":"WebPage","@id":"https:\/\/www.vetorino.com\/boutique\/product\/harnais-mac-leather-beige\/","url":"https:\/\/www.vetorino.com\/boutique\/product\/harnais-mac-leather-beige\/","name":"HARNAIS MAC LEATHER BEIGE Mac Leather - V\u00e9torino","isPartOf":{"@id":"https:\/\/www.vetorino.com\/boutique\/#website"},"primaryImageOfPage":{"@id":"https:\/\/www.vetorino.com\/boutique\/product\/harnais-mac-leather-beige\/#primaryimage"},"image":{"@id":"https:\/\/www.vetorino.com\/boutique\/product\/harnais-mac-leather-beige\/#primaryimage"},"thumbnailUrl":"https:\/\/www.vetorino.com\/boutique\/wp-content\/uploads\/2023\/04\/Capture-decran-2023-04-27-a-16.36.19.png","datePublished":"2023-04-27T14:34:42+00:00","dateModified":"2023-04-27T14:57:26+00:00","description":"DESCRIPTION Pour un look distingu\u00e9 le\u00a0harnais Mac Leather\u00a0est \u00e9quip\u00e9 d'une m\u00e9daille et d'une cha\u00eenette. Outre son allure \u00e9l\u00e9gante, ce harnais vous s\u00e9duira par ses jolies couleurs tr\u00e8s gaies. Il est r\u00e9glable et assorti aux laisses Mac Leather. Tr\u00e8s souple, doux et solide \u00e0 la fois, il est rembourr\u00e9 pour le confort du chien. Tr\u00e8s simple d'utilisation.","breadcrumb":{"@id":"https:\/\/www.vetorino.com\/boutique\/product\/harnais-mac-leather-beige\/#breadcrumb"},"inLanguage":"fr-FR","potentialAction":[{"@type":"ReadAction","target":["https:\/\/www.vetorino.com\/boutique\/product\/harnais-mac-leather-beige\/"]}]},{"@type":"ImageObject","inLanguage":"fr-FR","@id":"https:\/\/www.vetorino.com\/boutique\/product\/harnais-mac-leather-beige\/#primaryimage","url":"https:\/\/www.vetorino.com\/boutique\/wp-content\/uploads\/2023\/04\/Capture-decran-2023-04-27-a-16.36.19.png","contentUrl":"https:\/\/www.vetorino.com\/boutique\/wp-content\/uploads\/2023\/04\/Capture-decran-2023-04-27-a-16.36.19.png","width":1350,"height":1266},{"@type":"BreadcrumbList","@id":"https:\/\/www.vetorino.com\/boutique\/product\/harnais-mac-leather-beige\/#breadcrumb","itemListElement":[{"@type":"ListItem","position":1,"name":"Accueil","item":"https:\/\/www.vetorino.com\/boutique\/"},{"@type":"ListItem","position":2,"name":"Produits","item":"https:\/\/www.vetorino.com\/boutique\/"},{"@type":"ListItem","position":3,"name":"HARNAIS MAC LEATHER BEIGE"}]},{"@type":"WebSite","@id":"https:\/\/www.vetorino.com\/boutique\/#website","url":"https:\/\/www.vetorino.com\/boutique\/","name":"V\u00e9torino","description":"","publisher":{"@id":"https:\/\/www.vetorino.com\/boutique\/#organization"},"potentialAction":[{"@type":"SearchAction","target":{"@type":"EntryPoint","urlTemplate":"https:\/\/www.vetorino.com\/boutique\/?s={search_term_string}"},"query-input":{"@type":"PropertyValueSpecification","valueRequired":true,"valueName":"search_term_string"}}],"inLanguage":"fr-FR"},{"@type":"Organization","@id":"https:\/\/www.vetorino.com\/boutique\/#organization","name":"V\u00e9torino","url":"https:\/\/www.vetorino.com\/boutique\/","logo":{"@type":"ImageObject","inLanguage":"fr-FR","@id":"https:\/\/www.vetorino.com\/boutique\/#\/schema\/logo\/image\/","url":"https:\/\/www.vetorino.com\/boutique\/wp-content\/uploads\/2024\/10\/logo.jpg","contentUrl":"https:\/\/www.vetorino.com\/boutique\/wp-content\/uploads\/2024\/10\/logo.jpg","width":1200,"height":610,"caption":"V\u00e9torino"},"image":{"@id":"https:\/\/www.vetorino.com\/boutique\/#\/schema\/logo\/image\/"},"sameAs":["https:\/\/www.facebook.com\/Vetorino\/","https:\/\/www.instagram.com\/vetorino_off\/","https:\/\/www.linkedin.com\/company\/vtorino\/"]}]},"product_brand":"Mac Leather","og_availability":"instock","product_availability":"instock","product_condition":"new"},"_links":{"self":[{"href":"https:\/\/www.vetorino.com\/veterinaire\/saint-pourcain-sur-sioule\/boutique\/wp-json\/wp\/v2\/product\/603702","targetHints":{"allow":["GET"]}}],"collection":[{"href":"https:\/\/www.vetorino.com\/veterinaire\/saint-pourcain-sur-sioule\/boutique\/wp-json\/wp\/v2\/product"}],"about":[{"href":"https:\/\/www.vetorino.com\/veterinaire\/saint-pourcain-sur-sioule\/boutique\/wp-json\/wp\/v2\/types\/product"}],"wp:featuredmedia":[{"embeddable":true,"href":"https:\/\/www.vetorino.com\/veterinaire\/saint-pourcain-sur-sioule\/boutique\/wp-json\/wp\/v2\/media\/603710"}],"wp:attachment":[{"href":"https:\/\/www.vetorino.com\/veterinaire\/saint-pourcain-sur-sioule\/boutique\/wp-json\/wp\/v2\/media?parent=603702"}],"wp:term":[{"taxonomy":"product_cat","embeddable":true,"href":"https:\/\/www.vetorino.com\/veterinaire\/saint-pourcain-sur-sioule\/boutique\/wp-json\/wp\/v2\/product_cat?post=603702"},{"taxonomy":"product_tag","embeddable":true,"href":"https:\/\/www.vetorino.com\/veterinaire\/saint-pourcain-sur-sioule\/boutique\/wp-json\/wp\/v2\/product_tag?post=603702"}],"curies":[{"name":"wp","href":"https:\/\/api.w.org\/{rel}","templated":true}]}}