{"id":709624,"date":"2023-10-04T12:36:59","date_gmt":"2023-10-04T10:36:59","guid":{"rendered":"https:\/\/www.vetorino.com\/boutique\/?post_type=product&#038;p=709624"},"modified":"2025-10-06T17:25:13","modified_gmt":"2025-10-06T15:25:13","slug":"dog-gastro-intestinal-high-fibre-mousse-boite-3","status":"publish","type":"product","link":"https:\/\/www.vetorino.com\/veterinaire\/saint-pourcain-sur-sioule\/boutique\/product\/dog-gastro-intestinal-high-fibre-mousse-boite-3\/","title":{"rendered":"Dog Gastro Intestinal High Fibre Response en Mousse"},"content":{"rendered":"<p><strong>Royal Canin Fibre Response contient une association sp\u00e9cifique de fibres, particuli\u00e8rement suppl\u00e9ment\u00e9e en fibres insolubles qui permet de r\u00e9guler la motricit\u00e9 intestinale.<\/strong><\/p>\n<p><strong><br \/>\nUtilisation :<\/strong><\/p>\n<ul>\n<li>Chien atteint de troubles gastro intestinaux<\/li>\n<\/ul>\n<p><strong>Bienfaits essentiels :<\/strong><\/p>\n<ul>\n<li>Ingr\u00e9dients hautement digestibles pour assurer un apport maximal en nutriments.<\/li>\n<li>Haute densit\u00e9 \u00e9nerg\u00e9tique pour limiter le volume des repas et de r\u00e9duire la charge intestinale.<\/li>\n<li>Contribue \u00e0 r\u00e9\u00e9quilibrer l&#8217;\u00e9cosyst\u00e8me du c\u00f4lon et augmente la s\u00e9curit\u00e9 digestive.<\/li>\n<li>Aliment all\u00e9g\u00e9 pour \u00e9viter la prise de poids.<\/li>\n<\/ul>\n<p><strong>Cet aliment est destin\u00e9 \u00e0 la prise en charge nutritionnelle d\u2019une maladie. Pour la sant\u00e9 de votre chien, il est recommand\u00e9 de consulter votre v\u00e9t\u00e9rinaire et de respecter scrupuleusement ses recommandations nutritionnelles.<\/strong><\/p>\n","protected":false},"excerpt":{"rendered":"<p><strong>Aliment en bo\u00eete qui favorise une digestion et un transit sain, en aidant \u00e0 r\u00e9duire le volume alimentaire et la charge intestinale.<\/strong><\/p>\n<p><strong><br \/>\nUtilisation :<\/strong><\/p>\n<ul>\n<li>Chien atteint de troubles gastro intestinaux<\/li>\n<\/ul>\n<p><strong>Cet aliment est destin\u00e9 \u00e0 la prise en charge nutritionnelle d\u2019une maladie. Pour la sant\u00e9 de votre chien, il est recommand\u00e9 de consulter votre v\u00e9t\u00e9rinaire et de respecter scrupuleusement ses recommandations nutritionnelles.<\/strong><\/p>\n","protected":false},"featured_media":680090,"template":"","meta":[],"product_cat":[12552,12582,2698],"product_tag":[],"class_list":{"0":"post-709624","1":"product","2":"type-product","3":"status-publish","4":"has-post-thumbnail","6":"product_cat-alimentation-du-chien","7":"product_cat-alimentation-medicalisee-pour-chien","8":"product_cat-chien","9":"pa_marque-royal-canin","11":"first","12":"instock","13":"taxable","14":"shipping-taxable","15":"purchasable","16":"product-type-variable"},"yoast_head":"<!-- This site is optimized with the Yoast SEO plugin v27.3 - https:\/\/yoast.com\/product\/yoast-seo-wordpress\/ -->\n<title>Veterinary Health Nutrition (Royal Canin) Dog Gastro Intestinal High Fibre Response en Mousse Royal Canin - V\u00e9torino<\/title>\n<meta name=\"description\" content=\"Aliment en bo\u00eete qui favorise une digestion et un transit sain, en aidant \u00e0 r\u00e9duire le volume alimentaire et la charge intestinale.   Utilisation :   Chien atteint de troubles gastro intestinaux  Cet aliment est destin\u00e9 \u00e0 la prise en charge nutritionnelle d\u2019une maladie. Pour la sant\u00e9 de votre chien, il est recommand\u00e9 de consulter votre v\u00e9t\u00e9rinaire et de respecter scrupuleusement ses recommandations nutritionnelles.\" \/>\n<meta name=\"robots\" content=\"noindex, nofollow\" \/>\n<meta property=\"og:locale\" content=\"fr_FR\" \/>\n<meta property=\"og:type\" content=\"article\" \/>\n<meta property=\"og:title\" content=\"Veterinary Health Nutrition (Royal Canin) Dog Gastro Intestinal High Fibre Response en Mousse Royal Canin - V\u00e9torino\" \/>\n<meta property=\"og:description\" content=\"Aliment en bo\u00eete qui favorise une digestion et un transit sain, en aidant \u00e0 r\u00e9duire le volume alimentaire et la charge intestinale.   Utilisation :   Chien atteint de troubles gastro intestinaux  Cet aliment est destin\u00e9 \u00e0 la prise en charge nutritionnelle d\u2019une maladie. Pour la sant\u00e9 de votre chien, il est recommand\u00e9 de consulter votre v\u00e9t\u00e9rinaire et de respecter scrupuleusement ses recommandations nutritionnelles.\" \/>\n<meta property=\"og:url\" content=\"https:\/\/www.vetorino.com\/veterinaire\/saint-pourcain-sur-sioule\/boutique\/product\/dog-gastro-intestinal-high-fibre-mousse-boite-3\/\" \/>\n<meta property=\"og:site_name\" content=\"V\u00e9torino\" \/>\n<meta property=\"article:publisher\" content=\"https:\/\/www.facebook.com\/Vetorino\/\" \/>\n<meta property=\"article:modified_time\" content=\"2025-10-06T15:25:13+00:00\" \/>\n<meta property=\"og:image\" content=\"https:\/\/www.vetorino.com\/boutique\/wp-content\/uploads\/2023\/08\/dog-gastro-intestinal-high-fibre-response-en-mousse-1.jpg\" \/>\n\t<meta property=\"og:image:width\" content=\"540\" \/>\n\t<meta property=\"og:image:height\" content=\"540\" \/>\n\t<meta property=\"og:image:type\" content=\"image\/jpeg\" \/>\n<meta name=\"twitter:card\" content=\"summary_large_image\" \/>\n<meta name=\"twitter:label1\" content=\"Disponibilit\u00e9\" \/>\n\t<meta name=\"twitter:data1\" content=\"En stock\" \/>\n<script type=\"application\/ld+json\" class=\"yoast-schema-graph\">{\"@context\":\"https:\\\/\\\/schema.org\",\"@graph\":[{\"@type\":\"WebPage\",\"@id\":\"https:\\\/\\\/www.vetorino.com\\\/veterinaire\\\/briancon-05100\\\/boutique\\\/product\\\/dog-gastro-intestinal-high-fibre-mousse-boite-3\\\/\",\"url\":\"https:\\\/\\\/www.vetorino.com\\\/veterinaire\\\/briancon-05100\\\/boutique\\\/product\\\/dog-gastro-intestinal-high-fibre-mousse-boite-3\\\/\",\"name\":\"Veterinary Health Nutrition (Royal Canin) Dog Gastro Intestinal High Fibre Response en Mousse Royal Canin - V\u00e9torino\",\"isPartOf\":{\"@id\":\"https:\\\/\\\/www.vetorino.com\\\/boutique\\\/#website\"},\"primaryImageOfPage\":{\"@id\":\"https:\\\/\\\/www.vetorino.com\\\/veterinaire\\\/briancon-05100\\\/boutique\\\/product\\\/dog-gastro-intestinal-high-fibre-mousse-boite-3\\\/#primaryimage\"},\"image\":{\"@id\":\"https:\\\/\\\/www.vetorino.com\\\/veterinaire\\\/briancon-05100\\\/boutique\\\/product\\\/dog-gastro-intestinal-high-fibre-mousse-boite-3\\\/#primaryimage\"},\"thumbnailUrl\":\"https:\\\/\\\/www.vetorino.com\\\/boutique\\\/wp-content\\\/uploads\\\/2023\\\/08\\\/dog-gastro-intestinal-high-fibre-response-en-mousse-1.jpg\",\"datePublished\":\"2023-10-04T10:36:59+00:00\",\"dateModified\":\"2025-10-06T15:25:13+00:00\",\"description\":\"Aliment en bo\u00eete qui favorise une digestion et un transit sain, en aidant \u00e0 r\u00e9duire le volume alimentaire et la charge intestinale. Utilisation : Chien atteint de troubles gastro intestinaux Cet aliment est destin\u00e9 \u00e0 la prise en charge nutritionnelle d\u2019une maladie. Pour la sant\u00e9 de votre chien, il est recommand\u00e9 de consulter votre v\u00e9t\u00e9rinaire et de respecter scrupuleusement ses recommandations nutritionnelles.\",\"breadcrumb\":{\"@id\":\"https:\\\/\\\/www.vetorino.com\\\/veterinaire\\\/briancon-05100\\\/boutique\\\/product\\\/dog-gastro-intestinal-high-fibre-mousse-boite-3\\\/#breadcrumb\"},\"inLanguage\":\"fr-FR\",\"potentialAction\":[{\"@type\":\"ReadAction\",\"target\":[\"https:\\\/\\\/www.vetorino.com\\\/veterinaire\\\/briancon-05100\\\/boutique\\\/product\\\/dog-gastro-intestinal-high-fibre-mousse-boite-3\\\/\"]}]},{\"@type\":\"ImageObject\",\"inLanguage\":\"fr-FR\",\"@id\":\"https:\\\/\\\/www.vetorino.com\\\/veterinaire\\\/briancon-05100\\\/boutique\\\/product\\\/dog-gastro-intestinal-high-fibre-mousse-boite-3\\\/#primaryimage\",\"url\":\"https:\\\/\\\/www.vetorino.com\\\/boutique\\\/wp-content\\\/uploads\\\/2023\\\/08\\\/dog-gastro-intestinal-high-fibre-response-en-mousse-1.jpg\",\"contentUrl\":\"https:\\\/\\\/www.vetorino.com\\\/boutique\\\/wp-content\\\/uploads\\\/2023\\\/08\\\/dog-gastro-intestinal-high-fibre-response-en-mousse-1.jpg\",\"width\":540,\"height\":540},{\"@type\":\"BreadcrumbList\",\"@id\":\"https:\\\/\\\/www.vetorino.com\\\/veterinaire\\\/briancon-05100\\\/boutique\\\/product\\\/dog-gastro-intestinal-high-fibre-mousse-boite-3\\\/#breadcrumb\",\"itemListElement\":[{\"@type\":\"ListItem\",\"position\":1,\"name\":\"Accueil\",\"item\":\"https:\\\/\\\/www.vetorino.com\\\/boutique\\\/\"},{\"@type\":\"ListItem\",\"position\":2,\"name\":\"Produits\",\"item\":\"https:\\\/\\\/www.vetorino.com\\\/boutique\\\/\"},{\"@type\":\"ListItem\",\"position\":3,\"name\":\"Dog Gastro Intestinal High Fibre Response en Mousse\"}]},{\"@type\":\"WebSite\",\"@id\":\"https:\\\/\\\/www.vetorino.com\\\/boutique\\\/#website\",\"url\":\"https:\\\/\\\/www.vetorino.com\\\/boutique\\\/\",\"name\":\"V\u00e9torino\",\"description\":\"\",\"publisher\":{\"@id\":\"https:\\\/\\\/www.vetorino.com\\\/boutique\\\/#organization\"},\"potentialAction\":[{\"@type\":\"SearchAction\",\"target\":{\"@type\":\"EntryPoint\",\"urlTemplate\":\"https:\\\/\\\/www.vetorino.com\\\/boutique\\\/?s={search_term_string}\"},\"query-input\":{\"@type\":\"PropertyValueSpecification\",\"valueRequired\":true,\"valueName\":\"search_term_string\"}}],\"inLanguage\":\"fr-FR\"},{\"@type\":\"Organization\",\"@id\":\"https:\\\/\\\/www.vetorino.com\\\/boutique\\\/#organization\",\"name\":\"V\u00e9torino\",\"url\":\"https:\\\/\\\/www.vetorino.com\\\/boutique\\\/\",\"logo\":{\"@type\":\"ImageObject\",\"inLanguage\":\"fr-FR\",\"@id\":\"https:\\\/\\\/www.vetorino.com\\\/boutique\\\/#\\\/schema\\\/logo\\\/image\\\/\",\"url\":\"https:\\\/\\\/www.vetorino.com\\\/boutique\\\/wp-content\\\/uploads\\\/2024\\\/10\\\/logo.jpg\",\"contentUrl\":\"https:\\\/\\\/www.vetorino.com\\\/boutique\\\/wp-content\\\/uploads\\\/2024\\\/10\\\/logo.jpg\",\"width\":1200,\"height\":610,\"caption\":\"V\u00e9torino\"},\"image\":{\"@id\":\"https:\\\/\\\/www.vetorino.com\\\/boutique\\\/#\\\/schema\\\/logo\\\/image\\\/\"},\"sameAs\":[\"https:\\\/\\\/www.facebook.com\\\/Vetorino\\\/\",\"https:\\\/\\\/www.instagram.com\\\/vetorino_off\\\/\",\"https:\\\/\\\/www.linkedin.com\\\/company\\\/vtorino\\\/\"]}]}<\/script>\n<meta property=\"product:brand\" content=\"Royal Canin\" \/>\n<meta property=\"og:availability\" content=\"instock\" \/>\n<meta property=\"product:availability\" content=\"instock\" \/>\n<meta property=\"product:condition\" content=\"new\" \/>\n<!-- \/ Yoast SEO plugin. -->","yoast_head_json":{"title":"Veterinary Health Nutrition (Royal Canin) Dog Gastro Intestinal High Fibre Response en Mousse Royal Canin - V\u00e9torino","description":"Aliment en bo\u00eete qui favorise une digestion et un transit sain, en aidant \u00e0 r\u00e9duire le volume alimentaire et la charge intestinale.   Utilisation :   Chien atteint de troubles gastro intestinaux  Cet aliment est destin\u00e9 \u00e0 la prise en charge nutritionnelle d\u2019une maladie. Pour la sant\u00e9 de votre chien, il est recommand\u00e9 de consulter votre v\u00e9t\u00e9rinaire et de respecter scrupuleusement ses recommandations nutritionnelles.","robots":{"index":"noindex","follow":"nofollow"},"og_locale":"fr_FR","og_type":"article","og_title":"Veterinary Health Nutrition (Royal Canin) Dog Gastro Intestinal High Fibre Response en Mousse Royal Canin - V\u00e9torino","og_description":"Aliment en bo\u00eete qui favorise une digestion et un transit sain, en aidant \u00e0 r\u00e9duire le volume alimentaire et la charge intestinale.   Utilisation :   Chien atteint de troubles gastro intestinaux  Cet aliment est destin\u00e9 \u00e0 la prise en charge nutritionnelle d\u2019une maladie. Pour la sant\u00e9 de votre chien, il est recommand\u00e9 de consulter votre v\u00e9t\u00e9rinaire et de respecter scrupuleusement ses recommandations nutritionnelles.","og_url":"https:\/\/www.vetorino.com\/veterinaire\/saint-pourcain-sur-sioule\/boutique\/product\/dog-gastro-intestinal-high-fibre-mousse-boite-3\/","og_site_name":"V\u00e9torino","article_publisher":"https:\/\/www.facebook.com\/Vetorino\/","article_modified_time":"2025-10-06T15:25:13+00:00","og_image":[{"width":540,"height":540,"url":"https:\/\/www.vetorino.com\/boutique\/wp-content\/uploads\/2023\/08\/dog-gastro-intestinal-high-fibre-response-en-mousse-1.jpg","type":"image\/jpeg"}],"twitter_card":"summary_large_image","twitter_misc":{"Disponibilit\u00e9":"En stock"},"schema":{"@context":"https:\/\/schema.org","@graph":[{"@type":"WebPage","@id":"https:\/\/www.vetorino.com\/veterinaire\/briancon-05100\/boutique\/product\/dog-gastro-intestinal-high-fibre-mousse-boite-3\/","url":"https:\/\/www.vetorino.com\/veterinaire\/briancon-05100\/boutique\/product\/dog-gastro-intestinal-high-fibre-mousse-boite-3\/","name":"Veterinary Health Nutrition (Royal Canin) Dog Gastro Intestinal High Fibre Response en Mousse Royal Canin - V\u00e9torino","isPartOf":{"@id":"https:\/\/www.vetorino.com\/boutique\/#website"},"primaryImageOfPage":{"@id":"https:\/\/www.vetorino.com\/veterinaire\/briancon-05100\/boutique\/product\/dog-gastro-intestinal-high-fibre-mousse-boite-3\/#primaryimage"},"image":{"@id":"https:\/\/www.vetorino.com\/veterinaire\/briancon-05100\/boutique\/product\/dog-gastro-intestinal-high-fibre-mousse-boite-3\/#primaryimage"},"thumbnailUrl":"https:\/\/www.vetorino.com\/boutique\/wp-content\/uploads\/2023\/08\/dog-gastro-intestinal-high-fibre-response-en-mousse-1.jpg","datePublished":"2023-10-04T10:36:59+00:00","dateModified":"2025-10-06T15:25:13+00:00","description":"Aliment en bo\u00eete qui favorise une digestion et un transit sain, en aidant \u00e0 r\u00e9duire le volume alimentaire et la charge intestinale. Utilisation : Chien atteint de troubles gastro intestinaux Cet aliment est destin\u00e9 \u00e0 la prise en charge nutritionnelle d\u2019une maladie. Pour la sant\u00e9 de votre chien, il est recommand\u00e9 de consulter votre v\u00e9t\u00e9rinaire et de respecter scrupuleusement ses recommandations nutritionnelles.","breadcrumb":{"@id":"https:\/\/www.vetorino.com\/veterinaire\/briancon-05100\/boutique\/product\/dog-gastro-intestinal-high-fibre-mousse-boite-3\/#breadcrumb"},"inLanguage":"fr-FR","potentialAction":[{"@type":"ReadAction","target":["https:\/\/www.vetorino.com\/veterinaire\/briancon-05100\/boutique\/product\/dog-gastro-intestinal-high-fibre-mousse-boite-3\/"]}]},{"@type":"ImageObject","inLanguage":"fr-FR","@id":"https:\/\/www.vetorino.com\/veterinaire\/briancon-05100\/boutique\/product\/dog-gastro-intestinal-high-fibre-mousse-boite-3\/#primaryimage","url":"https:\/\/www.vetorino.com\/boutique\/wp-content\/uploads\/2023\/08\/dog-gastro-intestinal-high-fibre-response-en-mousse-1.jpg","contentUrl":"https:\/\/www.vetorino.com\/boutique\/wp-content\/uploads\/2023\/08\/dog-gastro-intestinal-high-fibre-response-en-mousse-1.jpg","width":540,"height":540},{"@type":"BreadcrumbList","@id":"https:\/\/www.vetorino.com\/veterinaire\/briancon-05100\/boutique\/product\/dog-gastro-intestinal-high-fibre-mousse-boite-3\/#breadcrumb","itemListElement":[{"@type":"ListItem","position":1,"name":"Accueil","item":"https:\/\/www.vetorino.com\/boutique\/"},{"@type":"ListItem","position":2,"name":"Produits","item":"https:\/\/www.vetorino.com\/boutique\/"},{"@type":"ListItem","position":3,"name":"Dog Gastro Intestinal High Fibre Response en Mousse"}]},{"@type":"WebSite","@id":"https:\/\/www.vetorino.com\/boutique\/#website","url":"https:\/\/www.vetorino.com\/boutique\/","name":"V\u00e9torino","description":"","publisher":{"@id":"https:\/\/www.vetorino.com\/boutique\/#organization"},"potentialAction":[{"@type":"SearchAction","target":{"@type":"EntryPoint","urlTemplate":"https:\/\/www.vetorino.com\/boutique\/?s={search_term_string}"},"query-input":{"@type":"PropertyValueSpecification","valueRequired":true,"valueName":"search_term_string"}}],"inLanguage":"fr-FR"},{"@type":"Organization","@id":"https:\/\/www.vetorino.com\/boutique\/#organization","name":"V\u00e9torino","url":"https:\/\/www.vetorino.com\/boutique\/","logo":{"@type":"ImageObject","inLanguage":"fr-FR","@id":"https:\/\/www.vetorino.com\/boutique\/#\/schema\/logo\/image\/","url":"https:\/\/www.vetorino.com\/boutique\/wp-content\/uploads\/2024\/10\/logo.jpg","contentUrl":"https:\/\/www.vetorino.com\/boutique\/wp-content\/uploads\/2024\/10\/logo.jpg","width":1200,"height":610,"caption":"V\u00e9torino"},"image":{"@id":"https:\/\/www.vetorino.com\/boutique\/#\/schema\/logo\/image\/"},"sameAs":["https:\/\/www.facebook.com\/Vetorino\/","https:\/\/www.instagram.com\/vetorino_off\/","https:\/\/www.linkedin.com\/company\/vtorino\/"]}]},"product_brand":"Royal Canin","og_availability":"instock","product_availability":"instock","product_condition":"new"},"_links":{"self":[{"href":"https:\/\/www.vetorino.com\/veterinaire\/saint-pourcain-sur-sioule\/boutique\/wp-json\/wp\/v2\/product\/709624","targetHints":{"allow":["GET"]}}],"collection":[{"href":"https:\/\/www.vetorino.com\/veterinaire\/saint-pourcain-sur-sioule\/boutique\/wp-json\/wp\/v2\/product"}],"about":[{"href":"https:\/\/www.vetorino.com\/veterinaire\/saint-pourcain-sur-sioule\/boutique\/wp-json\/wp\/v2\/types\/product"}],"wp:featuredmedia":[{"embeddable":true,"href":"https:\/\/www.vetorino.com\/veterinaire\/saint-pourcain-sur-sioule\/boutique\/wp-json\/wp\/v2\/media\/680090"}],"wp:attachment":[{"href":"https:\/\/www.vetorino.com\/veterinaire\/saint-pourcain-sur-sioule\/boutique\/wp-json\/wp\/v2\/media?parent=709624"}],"wp:term":[{"taxonomy":"product_cat","embeddable":true,"href":"https:\/\/www.vetorino.com\/veterinaire\/saint-pourcain-sur-sioule\/boutique\/wp-json\/wp\/v2\/product_cat?post=709624"},{"taxonomy":"product_tag","embeddable":true,"href":"https:\/\/www.vetorino.com\/veterinaire\/saint-pourcain-sur-sioule\/boutique\/wp-json\/wp\/v2\/product_tag?post=709624"}],"curies":[{"name":"wp","href":"https:\/\/api.w.org\/{rel}","templated":true}]}}