{"id":802402,"date":"2024-01-11T15:38:56","date_gmt":"2024-01-11T14:38:56","guid":{"rendered":"https:\/\/www.vetorino.com\/boutique\/?post_type=product&#038;p=802402"},"modified":"2024-01-11T15:38:58","modified_gmt":"2024-01-11T14:38:58","slug":"gps-weenect-xs-collier-pour-chien","status":"publish","type":"product","link":"https:\/\/www.vetorino.com\/veterinaire\/saint-pourcain-sur-sioule\/boutique\/product\/gps-weenect-xs-collier-pour-chien\/","title":{"rendered":"GPS Weenect XS collier pour chien"},"content":{"rendered":"<p><strong>Suivez les aventures de votre chien depuis votre t\u00e9l\u00e9phone !<\/strong><\/p>\n<p><strong>ABONNEMENT REQUIS<\/strong> &#8211; Le traceur GPS est \u00e9quip\u00e9 d&#8217;une carte SIM (fournie). Il n\u00e9cessite donc un abonnement pour couvrir les frais de service. Les abonnements disponibles\u00a0sont : abonnement mensuel (engagement minimum de 3 mois), abonnement pr\u00e9pay\u00e9 1 an, abonnement pr\u00e9pay\u00e9 3 ans.<\/p>\n<p><strong>SUIVI GPS EN TEMPS R\u00c9EL <\/strong>&#8211; Le traceur GPS\u00a0envoie sa position en continu : mise \u00e0 jour de sa position toutes les secondes. Le suivi de la position est illimit\u00e9.<\/p>\n<p><strong>SANS LIMITE DE DISTANCE <\/strong>&#8211; Le traceur GPS fonctionne sans limite de distance. Suivez votre chien depuis votre t\u00e9l\u00e9phone (iPhone et Android) partout dans le monde (plus de 100 pays couverts).<\/p>\n<p><strong>CARTE SIM MULTI-RESEAUX <\/strong>&#8211; Carte SIM incluse dans le produit. Nous offrons la meilleure couverture r\u00e9seau du march\u00e9. Une bonne connexion r\u00e9seau (2G\/NB-loT\/LTE-M\/5G) est n\u00e9cessaire pour utiliser le traceur et obtenir les meilleures performances.<\/p>\n<p><strong>HISTORIQUE DES POSITIONS <\/strong>&#8211; Revivez le trac\u00e9 de vos balades avec notre historique de localisation.<\/p>\n<p><strong>ALERTE ANTI-FUGUE <\/strong>&#8211; Param\u00e9trez des zones de s\u00e9curit\u00e9 afin d&#8217;\u00eatre automatiquement pr\u00e9venu si votre chien entre ou sort de ces zones. L&#8217;alerte s&#8217;affiche sur votre t\u00e9l\u00e9phone et vous pouvez r\u00e9agir rapidement.<\/p>\n<p><strong>EDUCATION AU RAPPEL<\/strong> &#8211; Faites sonner ou vibrer son traceur \u00e0 chaque repas pour que votre chien associe les deux \u00e9v\u00e9nements. D\u00e9s lors vous n&#8217;aurez plus qu&#8217;\u00e0 faire sonner ou vibrer le traceur \u00e0 distance pour faire revenir votre chien \u00e0 la maison.<\/p>\n<p><strong>SUIVI D&#8217;ACTIVITE <\/strong>&#8211; Analysez le comportement de votre chien afin de d\u00e9tecter d&#8217;\u00e9ventuels probl\u00e8mes de sant\u00e9.<\/p>\n<p><strong>LAMPE TORCHE<\/strong> &#8211; Le collier GPS pour chien Weenect XS est \u00e9quip\u00e9 d&#8217;une lampe torche int\u00e9gr\u00e9e qui peut s&#8217;allumer dans le noir. Ne craignez plus de perdre votre chien de vue lors de vos balades nocturnes.<\/p>\n<p><strong>BATTERIE<\/strong> &#8211; Jusqu&#8217;\u00e0 10 jours d&#8217;autonomie avec les zones WIFI, 3 jours en tracking continu. Elle se recharge en 2 heures.<\/p>\n<p><strong>ATTACHE UNIVERSELLE<\/strong> &#8211; Les coques en silicone sont flexibles et peuvent s&#8217;adapter \u00e0 toutes les tailles de colliers ou harnais. Vous pouvez facilement ins\u00e9rer ou enlever le traceur de la coque sans pour autant lui enlever le collier du cou.<\/p>\n<p><strong>GARANTIE\u00a0&#8211;<\/strong> le 1er GPS garanti \u00e0 vie.<\/p>\n<p>T\u00e9l\u00e9chargez gratuitement l&#8217;application sur l&#8217;App Store ou Google Play.<br \/>\nLes abonnements sont disponibles surle site de weenect.com<br \/>\nLe pack contient : une balise Weenect avec carte SIM, un c\u00e2ble USB, 2 coques silicones et un manuel d&#8217;utilisation.<\/p>\n","protected":false},"excerpt":{"rendered":"<p>Le plus petit traceur GPS pour chien du march\u00e9. <strong>Weenect Dogs<\/strong> est un collier GPS pour chien qui permet aux ma\u00eetres de suivre sa position depuis leur t\u00e9l\u00e9phone. La localisation se fait en temps r\u00e9el et en illimit\u00e9, vous savez donc \u00e0 tout moment o\u00f9 se trouve votre chien<\/p>\n","protected":false},"featured_media":802378,"template":"","meta":[],"product_cat":[2698],"product_tag":[],"class_list":{"0":"post-802402","1":"product","2":"type-product","3":"status-publish","4":"has-post-thumbnail","6":"product_cat-chien","7":"pa_marque-weenect","9":"first","10":"instock","11":"taxable","12":"shipping-taxable","13":"purchasable","14":"product-type-variable"},"yoast_head":"<!-- This site is optimized with the Yoast SEO plugin v27.3 - https:\/\/yoast.com\/product\/yoast-seo-wordpress\/ -->\n<title>GPS Weenect XS collier pour chien Weenect - V\u00e9torino<\/title>\n<meta name=\"description\" content=\"Le plus petit traceur GPS pour chien du march\u00e9. Weenect Dogs est un collier GPS pour chien qui permet aux ma\u00eetres de suivre sa position depuis leur t\u00e9l\u00e9phone. La localisation se fait en temps r\u00e9el et en illimit\u00e9, vous savez donc \u00e0 tout moment o\u00f9 se trouve votre chien\" \/>\n<meta name=\"robots\" content=\"noindex, nofollow\" \/>\n<meta property=\"og:locale\" content=\"fr_FR\" \/>\n<meta property=\"og:type\" content=\"article\" \/>\n<meta property=\"og:title\" content=\"GPS Weenect XS collier pour chien Weenect - V\u00e9torino\" \/>\n<meta property=\"og:description\" content=\"Le plus petit traceur GPS pour chien du march\u00e9. Weenect Dogs est un collier GPS pour chien qui permet aux ma\u00eetres de suivre sa position depuis leur t\u00e9l\u00e9phone. La localisation se fait en temps r\u00e9el et en illimit\u00e9, vous savez donc \u00e0 tout moment o\u00f9 se trouve votre chien\" \/>\n<meta property=\"og:url\" content=\"https:\/\/www.vetorino.com\/veterinaire\/saint-pourcain-sur-sioule\/boutique\/product\/gps-weenect-xs-collier-pour-chien\/\" \/>\n<meta property=\"og:site_name\" content=\"V\u00e9torino\" \/>\n<meta property=\"article:publisher\" content=\"https:\/\/www.facebook.com\/Vetorino\/\" \/>\n<meta property=\"article:modified_time\" content=\"2024-01-11T14:38:58+00:00\" \/>\n<meta property=\"og:image\" content=\"https:\/\/www.vetorino.com\/boutique\/wp-content\/uploads\/2024\/01\/1149620-1.png\" \/>\n\t<meta property=\"og:image:width\" content=\"600\" \/>\n\t<meta property=\"og:image:height\" content=\"600\" \/>\n\t<meta property=\"og:image:type\" content=\"image\/png\" \/>\n<meta name=\"twitter:card\" content=\"summary_large_image\" \/>\n<meta name=\"twitter:label1\" content=\"Disponibilit\u00e9\" \/>\n\t<meta name=\"twitter:data1\" content=\"En stock\" \/>\n<script type=\"application\/ld+json\" class=\"yoast-schema-graph\">{\"@context\":\"https:\\\/\\\/schema.org\",\"@graph\":[{\"@type\":\"WebPage\",\"@id\":\"https:\\\/\\\/www.vetorino.com\\\/boutique\\\/product\\\/gps-weenect-xs-collier-pour-chien\\\/\",\"url\":\"https:\\\/\\\/www.vetorino.com\\\/boutique\\\/product\\\/gps-weenect-xs-collier-pour-chien\\\/\",\"name\":\"GPS Weenect XS collier pour chien Weenect - V\u00e9torino\",\"isPartOf\":{\"@id\":\"https:\\\/\\\/www.vetorino.com\\\/boutique\\\/#website\"},\"primaryImageOfPage\":{\"@id\":\"https:\\\/\\\/www.vetorino.com\\\/boutique\\\/product\\\/gps-weenect-xs-collier-pour-chien\\\/#primaryimage\"},\"image\":{\"@id\":\"https:\\\/\\\/www.vetorino.com\\\/boutique\\\/product\\\/gps-weenect-xs-collier-pour-chien\\\/#primaryimage\"},\"thumbnailUrl\":\"https:\\\/\\\/www.vetorino.com\\\/boutique\\\/wp-content\\\/uploads\\\/2024\\\/01\\\/1149620-1.png\",\"datePublished\":\"2024-01-11T14:38:56+00:00\",\"dateModified\":\"2024-01-11T14:38:58+00:00\",\"description\":\"Le plus petit traceur GPS pour chien du march\u00e9. Weenect Dogs est un collier GPS pour chien qui permet aux ma\u00eetres de suivre sa position depuis leur t\u00e9l\u00e9phone. La localisation se fait en temps r\u00e9el et en illimit\u00e9, vous savez donc \u00e0 tout moment o\u00f9 se trouve votre chien\",\"breadcrumb\":{\"@id\":\"https:\\\/\\\/www.vetorino.com\\\/boutique\\\/product\\\/gps-weenect-xs-collier-pour-chien\\\/#breadcrumb\"},\"inLanguage\":\"fr-FR\",\"potentialAction\":[{\"@type\":\"ReadAction\",\"target\":[\"https:\\\/\\\/www.vetorino.com\\\/boutique\\\/product\\\/gps-weenect-xs-collier-pour-chien\\\/\"]}]},{\"@type\":\"ImageObject\",\"inLanguage\":\"fr-FR\",\"@id\":\"https:\\\/\\\/www.vetorino.com\\\/boutique\\\/product\\\/gps-weenect-xs-collier-pour-chien\\\/#primaryimage\",\"url\":\"https:\\\/\\\/www.vetorino.com\\\/boutique\\\/wp-content\\\/uploads\\\/2024\\\/01\\\/1149620-1.png\",\"contentUrl\":\"https:\\\/\\\/www.vetorino.com\\\/boutique\\\/wp-content\\\/uploads\\\/2024\\\/01\\\/1149620-1.png\",\"width\":600,\"height\":600},{\"@type\":\"BreadcrumbList\",\"@id\":\"https:\\\/\\\/www.vetorino.com\\\/boutique\\\/product\\\/gps-weenect-xs-collier-pour-chien\\\/#breadcrumb\",\"itemListElement\":[{\"@type\":\"ListItem\",\"position\":1,\"name\":\"Accueil\",\"item\":\"https:\\\/\\\/www.vetorino.com\\\/boutique\\\/\"},{\"@type\":\"ListItem\",\"position\":2,\"name\":\"Produits\",\"item\":\"https:\\\/\\\/www.vetorino.com\\\/boutique\\\/\"},{\"@type\":\"ListItem\",\"position\":3,\"name\":\"GPS Weenect XS collier pour chien\"}]},{\"@type\":\"WebSite\",\"@id\":\"https:\\\/\\\/www.vetorino.com\\\/boutique\\\/#website\",\"url\":\"https:\\\/\\\/www.vetorino.com\\\/boutique\\\/\",\"name\":\"V\u00e9torino\",\"description\":\"\",\"publisher\":{\"@id\":\"https:\\\/\\\/www.vetorino.com\\\/boutique\\\/#organization\"},\"potentialAction\":[{\"@type\":\"SearchAction\",\"target\":{\"@type\":\"EntryPoint\",\"urlTemplate\":\"https:\\\/\\\/www.vetorino.com\\\/boutique\\\/?s={search_term_string}\"},\"query-input\":{\"@type\":\"PropertyValueSpecification\",\"valueRequired\":true,\"valueName\":\"search_term_string\"}}],\"inLanguage\":\"fr-FR\"},{\"@type\":\"Organization\",\"@id\":\"https:\\\/\\\/www.vetorino.com\\\/boutique\\\/#organization\",\"name\":\"V\u00e9torino\",\"url\":\"https:\\\/\\\/www.vetorino.com\\\/boutique\\\/\",\"logo\":{\"@type\":\"ImageObject\",\"inLanguage\":\"fr-FR\",\"@id\":\"https:\\\/\\\/www.vetorino.com\\\/boutique\\\/#\\\/schema\\\/logo\\\/image\\\/\",\"url\":\"https:\\\/\\\/www.vetorino.com\\\/boutique\\\/wp-content\\\/uploads\\\/2024\\\/10\\\/logo.jpg\",\"contentUrl\":\"https:\\\/\\\/www.vetorino.com\\\/boutique\\\/wp-content\\\/uploads\\\/2024\\\/10\\\/logo.jpg\",\"width\":1200,\"height\":610,\"caption\":\"V\u00e9torino\"},\"image\":{\"@id\":\"https:\\\/\\\/www.vetorino.com\\\/boutique\\\/#\\\/schema\\\/logo\\\/image\\\/\"},\"sameAs\":[\"https:\\\/\\\/www.facebook.com\\\/Vetorino\\\/\",\"https:\\\/\\\/www.instagram.com\\\/vetorino_off\\\/\",\"https:\\\/\\\/www.linkedin.com\\\/company\\\/vtorino\\\/\"]}]}<\/script>\n<meta property=\"product:brand\" content=\"Weenect\" \/>\n<meta property=\"og:availability\" content=\"instock\" \/>\n<meta property=\"product:availability\" content=\"instock\" \/>\n<meta property=\"product:condition\" content=\"new\" \/>\n<!-- \/ Yoast SEO plugin. -->","yoast_head_json":{"title":"GPS Weenect XS collier pour chien Weenect - V\u00e9torino","description":"Le plus petit traceur GPS pour chien du march\u00e9. Weenect Dogs est un collier GPS pour chien qui permet aux ma\u00eetres de suivre sa position depuis leur t\u00e9l\u00e9phone. La localisation se fait en temps r\u00e9el et en illimit\u00e9, vous savez donc \u00e0 tout moment o\u00f9 se trouve votre chien","robots":{"index":"noindex","follow":"nofollow"},"og_locale":"fr_FR","og_type":"article","og_title":"GPS Weenect XS collier pour chien Weenect - V\u00e9torino","og_description":"Le plus petit traceur GPS pour chien du march\u00e9. Weenect Dogs est un collier GPS pour chien qui permet aux ma\u00eetres de suivre sa position depuis leur t\u00e9l\u00e9phone. La localisation se fait en temps r\u00e9el et en illimit\u00e9, vous savez donc \u00e0 tout moment o\u00f9 se trouve votre chien","og_url":"https:\/\/www.vetorino.com\/veterinaire\/saint-pourcain-sur-sioule\/boutique\/product\/gps-weenect-xs-collier-pour-chien\/","og_site_name":"V\u00e9torino","article_publisher":"https:\/\/www.facebook.com\/Vetorino\/","article_modified_time":"2024-01-11T14:38:58+00:00","og_image":[{"width":600,"height":600,"url":"https:\/\/www.vetorino.com\/boutique\/wp-content\/uploads\/2024\/01\/1149620-1.png","type":"image\/png"}],"twitter_card":"summary_large_image","twitter_misc":{"Disponibilit\u00e9":"En stock"},"schema":{"@context":"https:\/\/schema.org","@graph":[{"@type":"WebPage","@id":"https:\/\/www.vetorino.com\/boutique\/product\/gps-weenect-xs-collier-pour-chien\/","url":"https:\/\/www.vetorino.com\/boutique\/product\/gps-weenect-xs-collier-pour-chien\/","name":"GPS Weenect XS collier pour chien Weenect - V\u00e9torino","isPartOf":{"@id":"https:\/\/www.vetorino.com\/boutique\/#website"},"primaryImageOfPage":{"@id":"https:\/\/www.vetorino.com\/boutique\/product\/gps-weenect-xs-collier-pour-chien\/#primaryimage"},"image":{"@id":"https:\/\/www.vetorino.com\/boutique\/product\/gps-weenect-xs-collier-pour-chien\/#primaryimage"},"thumbnailUrl":"https:\/\/www.vetorino.com\/boutique\/wp-content\/uploads\/2024\/01\/1149620-1.png","datePublished":"2024-01-11T14:38:56+00:00","dateModified":"2024-01-11T14:38:58+00:00","description":"Le plus petit traceur GPS pour chien du march\u00e9. Weenect Dogs est un collier GPS pour chien qui permet aux ma\u00eetres de suivre sa position depuis leur t\u00e9l\u00e9phone. La localisation se fait en temps r\u00e9el et en illimit\u00e9, vous savez donc \u00e0 tout moment o\u00f9 se trouve votre chien","breadcrumb":{"@id":"https:\/\/www.vetorino.com\/boutique\/product\/gps-weenect-xs-collier-pour-chien\/#breadcrumb"},"inLanguage":"fr-FR","potentialAction":[{"@type":"ReadAction","target":["https:\/\/www.vetorino.com\/boutique\/product\/gps-weenect-xs-collier-pour-chien\/"]}]},{"@type":"ImageObject","inLanguage":"fr-FR","@id":"https:\/\/www.vetorino.com\/boutique\/product\/gps-weenect-xs-collier-pour-chien\/#primaryimage","url":"https:\/\/www.vetorino.com\/boutique\/wp-content\/uploads\/2024\/01\/1149620-1.png","contentUrl":"https:\/\/www.vetorino.com\/boutique\/wp-content\/uploads\/2024\/01\/1149620-1.png","width":600,"height":600},{"@type":"BreadcrumbList","@id":"https:\/\/www.vetorino.com\/boutique\/product\/gps-weenect-xs-collier-pour-chien\/#breadcrumb","itemListElement":[{"@type":"ListItem","position":1,"name":"Accueil","item":"https:\/\/www.vetorino.com\/boutique\/"},{"@type":"ListItem","position":2,"name":"Produits","item":"https:\/\/www.vetorino.com\/boutique\/"},{"@type":"ListItem","position":3,"name":"GPS Weenect XS collier pour chien"}]},{"@type":"WebSite","@id":"https:\/\/www.vetorino.com\/boutique\/#website","url":"https:\/\/www.vetorino.com\/boutique\/","name":"V\u00e9torino","description":"","publisher":{"@id":"https:\/\/www.vetorino.com\/boutique\/#organization"},"potentialAction":[{"@type":"SearchAction","target":{"@type":"EntryPoint","urlTemplate":"https:\/\/www.vetorino.com\/boutique\/?s={search_term_string}"},"query-input":{"@type":"PropertyValueSpecification","valueRequired":true,"valueName":"search_term_string"}}],"inLanguage":"fr-FR"},{"@type":"Organization","@id":"https:\/\/www.vetorino.com\/boutique\/#organization","name":"V\u00e9torino","url":"https:\/\/www.vetorino.com\/boutique\/","logo":{"@type":"ImageObject","inLanguage":"fr-FR","@id":"https:\/\/www.vetorino.com\/boutique\/#\/schema\/logo\/image\/","url":"https:\/\/www.vetorino.com\/boutique\/wp-content\/uploads\/2024\/10\/logo.jpg","contentUrl":"https:\/\/www.vetorino.com\/boutique\/wp-content\/uploads\/2024\/10\/logo.jpg","width":1200,"height":610,"caption":"V\u00e9torino"},"image":{"@id":"https:\/\/www.vetorino.com\/boutique\/#\/schema\/logo\/image\/"},"sameAs":["https:\/\/www.facebook.com\/Vetorino\/","https:\/\/www.instagram.com\/vetorino_off\/","https:\/\/www.linkedin.com\/company\/vtorino\/"]}]},"product_brand":"Weenect","og_availability":"instock","product_availability":"instock","product_condition":"new"},"_links":{"self":[{"href":"https:\/\/www.vetorino.com\/veterinaire\/saint-pourcain-sur-sioule\/boutique\/wp-json\/wp\/v2\/product\/802402","targetHints":{"allow":["GET"]}}],"collection":[{"href":"https:\/\/www.vetorino.com\/veterinaire\/saint-pourcain-sur-sioule\/boutique\/wp-json\/wp\/v2\/product"}],"about":[{"href":"https:\/\/www.vetorino.com\/veterinaire\/saint-pourcain-sur-sioule\/boutique\/wp-json\/wp\/v2\/types\/product"}],"wp:featuredmedia":[{"embeddable":true,"href":"https:\/\/www.vetorino.com\/veterinaire\/saint-pourcain-sur-sioule\/boutique\/wp-json\/wp\/v2\/media\/802378"}],"wp:attachment":[{"href":"https:\/\/www.vetorino.com\/veterinaire\/saint-pourcain-sur-sioule\/boutique\/wp-json\/wp\/v2\/media?parent=802402"}],"wp:term":[{"taxonomy":"product_cat","embeddable":true,"href":"https:\/\/www.vetorino.com\/veterinaire\/saint-pourcain-sur-sioule\/boutique\/wp-json\/wp\/v2\/product_cat?post=802402"},{"taxonomy":"product_tag","embeddable":true,"href":"https:\/\/www.vetorino.com\/veterinaire\/saint-pourcain-sur-sioule\/boutique\/wp-json\/wp\/v2\/product_tag?post=802402"}],"curies":[{"name":"wp","href":"https:\/\/api.w.org\/{rel}","templated":true}]}}