{"id":101391,"date":"2020-06-30T11:44:20","date_gmt":"2020-06-30T09:44:20","guid":{"rendered":"https:\/\/www.vetorino.com\/boutique\/product\/racine-darbre-a-macher\/"},"modified":"2022-01-04T15:36:19","modified_gmt":"2022-01-04T14:36:19","slug":"racine-darbre-a-macher","status":"publish","type":"product","link":"https:\/\/www.vetorino.com\/veterinaire\/saintcheron-91530\/boutique\/product\/racine-darbre-a-macher\/","title":{"rendered":"Racine d&#8217;arbre \u00e0 m\u00e2cher"},"content":{"rendered":"<div class='hidden'>MATERIEL<\/div>\n<div class='hidden'>Chiens<\/div>\n<div class='hidden'>Hygi\u00e8ne bucco-dentaire<\/div>\n<p>Racine de&nbsp;bruy&egrave;re naturelle non trait&eacute;e adapt&eacute;e &agrave; tous types d&#039;animaux : chiens, rongeurs mais &eacute;galement oiseaux.<br \/>\nRiche en vitamines et min&eacute;raux, la racine ne s&#039;&eacute;charde pas et agit comme une brosse &agrave; dents naturelle ou lime &agrave; bec pour les oiseaux.<br \/>\nTr&egrave;s longue dur&eacute;e, c&#039;est un jouet naturel tr&egrave;s r&eacute;sistant.<br \/>\nLes racines sont r&eacute;colt&eacute;es &agrave; la main dans des zones prot&eacute;g&eacute;es et la collecte est limit&eacute;e pour minimiser l&#039;impact sur le milieu naturel. Seuls les tubercules des racines sont collect&eacute;s de mani&egrave;re &agrave; permettre la repousse naturelle.<br \/>\nLes racines sont divis&eacute;es en 5 tailles correspondant &agrave; leur poids (et non &agrave; leur forme). Comme ce sont des produits naturels, la forme varie d&#039;une racine &agrave; l&#039;autre dans une m&ecirc;me cat&eacute;gorie.<br \/>\nVeillez &agrave; choisir la taille de bois adapt&eacute;e au gabarit de votre chien. Comme pour chaque jouet que vous donnez &agrave; votre animal, ne lui laissez pas sans votre surveillance. Evitez de lui laisser toute la journ&eacute;e, donnez-le lui par p&eacute;riode, il sera encore plus heureux de le r&eacute;cup&eacute;rer &agrave; chaque fois !<br \/>\nAttention : retirez la racine lorsqu&#039;elle est trop petite pour &ecirc;tre rogn&eacute;e sans &ecirc;tre maintenue hors de la m&acirc;choire.<br \/>\nAstuce : pour augmenter l&#039;int&eacute;r&ecirc;t du chien, mettre la racine dans le sac de croquettes afin qu&#039;elle s&#039;impr&egrave;gne de l&#039;odeur, l&#039;animal adorera ! Ou encore la frotter avec quelque chose que le chien adore manger&#8230;<\/p>\n<ul>\n<li>100% naturel.<\/li>\n<li>Propre et sans odeur.<\/li>\n<li>Longue dur&eacute;e.<\/li>\n<li>Source de vitamines et min&eacute;raux naturels.<\/li>\n<li>Sans conservateur ni additif.<\/li>\n<li>Ne colle pas dans les poils.<\/li>\n<\/ul>\n","protected":false},"excerpt":{"rendered":"<p>MATERIEL Chiens Hygi\u00e8ne bucco-dentaire Racine de&nbsp;bruy&egrave;re naturelle non trait&eacute;e adapt&eacute;e &agrave; tous types d&#039;animaux : chiens, rongeurs mais &eacute;galement oiseaux. Riche en vitamines et min&eacute;raux, la racine ne s&#039;&eacute;charde pas et agit comme une brosse &agrave; dents naturelle ou lime &agrave; bec pour les oiseaux. Tr&egrave;s longue dur&eacute;e, c&#039;est un jouet naturel tr&egrave;s r&eacute;sistant. Les [&hellip;]<\/p>\n","protected":false},"featured_media":101386,"template":"","meta":[],"product_cat":[12550,2698,12621],"product_tag":[],"class_list":{"0":"post-101391","1":"product","2":"type-product","3":"status-publish","4":"has-post-thumbnail","6":"product_cat-accessoires-du-chien","7":"product_cat-chien","8":"product_cat-jeux-educatifs-pour-chien","9":"pa_marque-materiel","11":"first","12":"outofstock","13":"taxable","14":"shipping-taxable","15":"product-type-variable"},"yoast_head":"<!-- This site is optimized with the Yoast SEO plugin v27.3 - https:\/\/yoast.com\/product\/yoast-seo-wordpress\/ -->\n<title>Racine d&#039;arbre \u00e0 m\u00e2cher Mat\u00e9riel - V\u00e9torino<\/title>\n<meta name=\"description\" content=\"MATERIELChiensHygi\u00e8ne bucco-dentaireRacine de&nbsp;bruy&egrave;re naturelle non trait&eacute;e adapt&eacute;e &agrave; tous types d&#039;animaux : chiens,\" \/>\n<meta name=\"robots\" content=\"noindex, nofollow\" \/>\n<meta property=\"og:locale\" content=\"fr_FR\" \/>\n<meta property=\"og:type\" content=\"article\" \/>\n<meta property=\"og:title\" content=\"Racine d&#039;arbre \u00e0 m\u00e2cher Mat\u00e9riel - V\u00e9torino\" \/>\n<meta property=\"og:description\" content=\"MATERIELChiensHygi\u00e8ne bucco-dentaireRacine de&nbsp;bruy&egrave;re naturelle non trait&eacute;e adapt&eacute;e &agrave; tous types d&#039;animaux : chiens,\" \/>\n<meta property=\"og:url\" content=\"https:\/\/www.vetorino.com\/veterinaire\/saintcheron-91530\/boutique\/product\/racine-darbre-a-macher\/\" \/>\n<meta property=\"og:site_name\" content=\"V\u00e9torino\" \/>\n<meta property=\"article:publisher\" content=\"https:\/\/www.facebook.com\/Vetorino\/\" \/>\n<meta property=\"article:modified_time\" content=\"2022-01-04T14:36:19+00:00\" \/>\n<meta property=\"og:image\" content=\"https:\/\/www.vetorino.com\/boutique\/wp-content\/uploads\/2020\/06\/FilsRAC406FormatMediumTypeIM.png\" \/>\n\t<meta property=\"og:image:width\" content=\"400\" \/>\n\t<meta property=\"og:image:height\" content=\"400\" \/>\n\t<meta property=\"og:image:type\" content=\"image\/png\" \/>\n<meta name=\"twitter:card\" content=\"summary_large_image\" \/>\n<meta name=\"twitter:label1\" content=\"Disponibilit\u00e9\" \/>\n\t<meta name=\"twitter:data1\" content=\"Rupture de stock\" \/>\n<script type=\"application\/ld+json\" class=\"yoast-schema-graph\">{\"@context\":\"https:\\\/\\\/schema.org\",\"@graph\":[{\"@type\":\"WebPage\",\"@id\":\"https:\\\/\\\/www.vetorino.com\\\/boutique\\\/product\\\/racine-darbre-a-macher\\\/\",\"url\":\"https:\\\/\\\/www.vetorino.com\\\/boutique\\\/product\\\/racine-darbre-a-macher\\\/\",\"name\":\"Racine d'arbre \u00e0 m\u00e2cher Mat\u00e9riel - V\u00e9torino\",\"isPartOf\":{\"@id\":\"https:\\\/\\\/www.vetorino.com\\\/boutique\\\/#website\"},\"primaryImageOfPage\":{\"@id\":\"https:\\\/\\\/www.vetorino.com\\\/boutique\\\/product\\\/racine-darbre-a-macher\\\/#primaryimage\"},\"image\":{\"@id\":\"https:\\\/\\\/www.vetorino.com\\\/boutique\\\/product\\\/racine-darbre-a-macher\\\/#primaryimage\"},\"thumbnailUrl\":\"https:\\\/\\\/www.vetorino.com\\\/boutique\\\/wp-content\\\/uploads\\\/2020\\\/06\\\/FilsRAC406FormatMediumTypeIM.png\",\"datePublished\":\"2020-06-30T09:44:20+00:00\",\"dateModified\":\"2022-01-04T14:36:19+00:00\",\"description\":\"MATERIELChiensHygi\u00e8ne bucco-dentaireRacine de&nbsp;bruy&egrave;re naturelle non trait&eacute;e adapt&eacute;e &agrave; tous types d&#039;animaux : chiens,\",\"breadcrumb\":{\"@id\":\"https:\\\/\\\/www.vetorino.com\\\/boutique\\\/product\\\/racine-darbre-a-macher\\\/#breadcrumb\"},\"inLanguage\":\"fr-FR\",\"potentialAction\":[{\"@type\":\"ReadAction\",\"target\":[\"https:\\\/\\\/www.vetorino.com\\\/boutique\\\/product\\\/racine-darbre-a-macher\\\/\"]}]},{\"@type\":\"ImageObject\",\"inLanguage\":\"fr-FR\",\"@id\":\"https:\\\/\\\/www.vetorino.com\\\/boutique\\\/product\\\/racine-darbre-a-macher\\\/#primaryimage\",\"url\":\"https:\\\/\\\/www.vetorino.com\\\/boutique\\\/wp-content\\\/uploads\\\/2020\\\/06\\\/FilsRAC406FormatMediumTypeIM.png\",\"contentUrl\":\"https:\\\/\\\/www.vetorino.com\\\/boutique\\\/wp-content\\\/uploads\\\/2020\\\/06\\\/FilsRAC406FormatMediumTypeIM.png\",\"width\":400,\"height\":400},{\"@type\":\"BreadcrumbList\",\"@id\":\"https:\\\/\\\/www.vetorino.com\\\/boutique\\\/product\\\/racine-darbre-a-macher\\\/#breadcrumb\",\"itemListElement\":[{\"@type\":\"ListItem\",\"position\":1,\"name\":\"Accueil\",\"item\":\"https:\\\/\\\/www.vetorino.com\\\/boutique\\\/\"},{\"@type\":\"ListItem\",\"position\":2,\"name\":\"Produits\",\"item\":\"https:\\\/\\\/www.vetorino.com\\\/boutique\\\/\"},{\"@type\":\"ListItem\",\"position\":3,\"name\":\"Racine d&#8217;arbre \u00e0 m\u00e2cher\"}]},{\"@type\":\"WebSite\",\"@id\":\"https:\\\/\\\/www.vetorino.com\\\/boutique\\\/#website\",\"url\":\"https:\\\/\\\/www.vetorino.com\\\/boutique\\\/\",\"name\":\"V\u00e9torino\",\"description\":\"\",\"publisher\":{\"@id\":\"https:\\\/\\\/www.vetorino.com\\\/boutique\\\/#organization\"},\"potentialAction\":[{\"@type\":\"SearchAction\",\"target\":{\"@type\":\"EntryPoint\",\"urlTemplate\":\"https:\\\/\\\/www.vetorino.com\\\/boutique\\\/?s={search_term_string}\"},\"query-input\":{\"@type\":\"PropertyValueSpecification\",\"valueRequired\":true,\"valueName\":\"search_term_string\"}}],\"inLanguage\":\"fr-FR\"},{\"@type\":\"Organization\",\"@id\":\"https:\\\/\\\/www.vetorino.com\\\/boutique\\\/#organization\",\"name\":\"V\u00e9torino\",\"url\":\"https:\\\/\\\/www.vetorino.com\\\/boutique\\\/\",\"logo\":{\"@type\":\"ImageObject\",\"inLanguage\":\"fr-FR\",\"@id\":\"https:\\\/\\\/www.vetorino.com\\\/boutique\\\/#\\\/schema\\\/logo\\\/image\\\/\",\"url\":\"https:\\\/\\\/www.vetorino.com\\\/boutique\\\/wp-content\\\/uploads\\\/2024\\\/10\\\/logo.jpg\",\"contentUrl\":\"https:\\\/\\\/www.vetorino.com\\\/boutique\\\/wp-content\\\/uploads\\\/2024\\\/10\\\/logo.jpg\",\"width\":1200,\"height\":610,\"caption\":\"V\u00e9torino\"},\"image\":{\"@id\":\"https:\\\/\\\/www.vetorino.com\\\/boutique\\\/#\\\/schema\\\/logo\\\/image\\\/\"},\"sameAs\":[\"https:\\\/\\\/www.facebook.com\\\/Vetorino\\\/\",\"https:\\\/\\\/www.instagram.com\\\/vetorino_off\\\/\",\"https:\\\/\\\/www.linkedin.com\\\/company\\\/vtorino\\\/\"]}]}<\/script>\n<meta property=\"product:brand\" content=\"Mat\u00e9riel\" \/>\n<meta property=\"og:availability\" content=\"out of stock\" \/>\n<meta property=\"product:availability\" content=\"out of stock\" \/>\n<meta property=\"product:condition\" content=\"new\" \/>\n<!-- \/ Yoast SEO plugin. -->","yoast_head_json":{"title":"Racine d'arbre \u00e0 m\u00e2cher Mat\u00e9riel - V\u00e9torino","description":"MATERIELChiensHygi\u00e8ne bucco-dentaireRacine de&nbsp;bruy&egrave;re naturelle non trait&eacute;e adapt&eacute;e &agrave; tous types d&#039;animaux : chiens,","robots":{"index":"noindex","follow":"nofollow"},"og_locale":"fr_FR","og_type":"article","og_title":"Racine d'arbre \u00e0 m\u00e2cher Mat\u00e9riel - V\u00e9torino","og_description":"MATERIELChiensHygi\u00e8ne bucco-dentaireRacine de&nbsp;bruy&egrave;re naturelle non trait&eacute;e adapt&eacute;e &agrave; tous types d&#039;animaux : chiens,","og_url":"https:\/\/www.vetorino.com\/veterinaire\/saintcheron-91530\/boutique\/product\/racine-darbre-a-macher\/","og_site_name":"V\u00e9torino","article_publisher":"https:\/\/www.facebook.com\/Vetorino\/","article_modified_time":"2022-01-04T14:36:19+00:00","og_image":[{"width":400,"height":400,"url":"https:\/\/www.vetorino.com\/boutique\/wp-content\/uploads\/2020\/06\/FilsRAC406FormatMediumTypeIM.png","type":"image\/png"}],"twitter_card":"summary_large_image","twitter_misc":{"Disponibilit\u00e9":"Rupture de stock"},"schema":{"@context":"https:\/\/schema.org","@graph":[{"@type":"WebPage","@id":"https:\/\/www.vetorino.com\/boutique\/product\/racine-darbre-a-macher\/","url":"https:\/\/www.vetorino.com\/boutique\/product\/racine-darbre-a-macher\/","name":"Racine d'arbre \u00e0 m\u00e2cher Mat\u00e9riel - V\u00e9torino","isPartOf":{"@id":"https:\/\/www.vetorino.com\/boutique\/#website"},"primaryImageOfPage":{"@id":"https:\/\/www.vetorino.com\/boutique\/product\/racine-darbre-a-macher\/#primaryimage"},"image":{"@id":"https:\/\/www.vetorino.com\/boutique\/product\/racine-darbre-a-macher\/#primaryimage"},"thumbnailUrl":"https:\/\/www.vetorino.com\/boutique\/wp-content\/uploads\/2020\/06\/FilsRAC406FormatMediumTypeIM.png","datePublished":"2020-06-30T09:44:20+00:00","dateModified":"2022-01-04T14:36:19+00:00","description":"MATERIELChiensHygi\u00e8ne bucco-dentaireRacine de&nbsp;bruy&egrave;re naturelle non trait&eacute;e adapt&eacute;e &agrave; tous types d&#039;animaux : chiens,","breadcrumb":{"@id":"https:\/\/www.vetorino.com\/boutique\/product\/racine-darbre-a-macher\/#breadcrumb"},"inLanguage":"fr-FR","potentialAction":[{"@type":"ReadAction","target":["https:\/\/www.vetorino.com\/boutique\/product\/racine-darbre-a-macher\/"]}]},{"@type":"ImageObject","inLanguage":"fr-FR","@id":"https:\/\/www.vetorino.com\/boutique\/product\/racine-darbre-a-macher\/#primaryimage","url":"https:\/\/www.vetorino.com\/boutique\/wp-content\/uploads\/2020\/06\/FilsRAC406FormatMediumTypeIM.png","contentUrl":"https:\/\/www.vetorino.com\/boutique\/wp-content\/uploads\/2020\/06\/FilsRAC406FormatMediumTypeIM.png","width":400,"height":400},{"@type":"BreadcrumbList","@id":"https:\/\/www.vetorino.com\/boutique\/product\/racine-darbre-a-macher\/#breadcrumb","itemListElement":[{"@type":"ListItem","position":1,"name":"Accueil","item":"https:\/\/www.vetorino.com\/boutique\/"},{"@type":"ListItem","position":2,"name":"Produits","item":"https:\/\/www.vetorino.com\/boutique\/"},{"@type":"ListItem","position":3,"name":"Racine d&#8217;arbre \u00e0 m\u00e2cher"}]},{"@type":"WebSite","@id":"https:\/\/www.vetorino.com\/boutique\/#website","url":"https:\/\/www.vetorino.com\/boutique\/","name":"V\u00e9torino","description":"","publisher":{"@id":"https:\/\/www.vetorino.com\/boutique\/#organization"},"potentialAction":[{"@type":"SearchAction","target":{"@type":"EntryPoint","urlTemplate":"https:\/\/www.vetorino.com\/boutique\/?s={search_term_string}"},"query-input":{"@type":"PropertyValueSpecification","valueRequired":true,"valueName":"search_term_string"}}],"inLanguage":"fr-FR"},{"@type":"Organization","@id":"https:\/\/www.vetorino.com\/boutique\/#organization","name":"V\u00e9torino","url":"https:\/\/www.vetorino.com\/boutique\/","logo":{"@type":"ImageObject","inLanguage":"fr-FR","@id":"https:\/\/www.vetorino.com\/boutique\/#\/schema\/logo\/image\/","url":"https:\/\/www.vetorino.com\/boutique\/wp-content\/uploads\/2024\/10\/logo.jpg","contentUrl":"https:\/\/www.vetorino.com\/boutique\/wp-content\/uploads\/2024\/10\/logo.jpg","width":1200,"height":610,"caption":"V\u00e9torino"},"image":{"@id":"https:\/\/www.vetorino.com\/boutique\/#\/schema\/logo\/image\/"},"sameAs":["https:\/\/www.facebook.com\/Vetorino\/","https:\/\/www.instagram.com\/vetorino_off\/","https:\/\/www.linkedin.com\/company\/vtorino\/"]}]},"product_brand":"Mat\u00e9riel","og_availability":"out of stock","product_availability":"out of stock","product_condition":"new"},"_links":{"self":[{"href":"https:\/\/www.vetorino.com\/veterinaire\/saintcheron-91530\/boutique\/wp-json\/wp\/v2\/product\/101391","targetHints":{"allow":["GET"]}}],"collection":[{"href":"https:\/\/www.vetorino.com\/veterinaire\/saintcheron-91530\/boutique\/wp-json\/wp\/v2\/product"}],"about":[{"href":"https:\/\/www.vetorino.com\/veterinaire\/saintcheron-91530\/boutique\/wp-json\/wp\/v2\/types\/product"}],"wp:featuredmedia":[{"embeddable":true,"href":"https:\/\/www.vetorino.com\/veterinaire\/saintcheron-91530\/boutique\/wp-json\/wp\/v2\/media\/101386"}],"wp:attachment":[{"href":"https:\/\/www.vetorino.com\/veterinaire\/saintcheron-91530\/boutique\/wp-json\/wp\/v2\/media?parent=101391"}],"wp:term":[{"taxonomy":"product_cat","embeddable":true,"href":"https:\/\/www.vetorino.com\/veterinaire\/saintcheron-91530\/boutique\/wp-json\/wp\/v2\/product_cat?post=101391"},{"taxonomy":"product_tag","embeddable":true,"href":"https:\/\/www.vetorino.com\/veterinaire\/saintcheron-91530\/boutique\/wp-json\/wp\/v2\/product_tag?post=101391"}],"curies":[{"name":"wp","href":"https:\/\/api.w.org\/{rel}","templated":true}]}}