{"id":602849,"date":"2023-04-26T12:35:48","date_gmt":"2023-04-26T10:35:48","guid":{"rendered":"https:\/\/www.vetorino.com\/boutique\/product\/cage-imac-linus-cabrio\/"},"modified":"2026-03-19T09:41:19","modified_gmt":"2026-03-19T08:41:19","slug":"cage-imac-linus-cabrio","status":"publish","type":"product","link":"https:\/\/www.vetorino.com\/veterinaire\/saintcheron-91530\/boutique\/product\/cage-imac-linus-cabrio\/","title":{"rendered":"Cage de transport Linus Second Life pour petits chiens et chats IMAC"},"content":{"rendered":"<p>Passez au vert avec la cage de transport Linus Second Life ! Fabriqu\u00e9e \u00e0 partir de plastique recycl\u00e9, cette cage de transport spacieuse et a\u00e9r\u00e9e est id\u00e9ale pour transporter votre chat ou votre petit chien partout avec vous. Les ouvertures alv\u00e9ol\u00e9es sur le dessus permettront \u00e0 votre petit animal de se sentir plus \u00e0 l&#8217;aise et confortable lors de vos d\u00e9placements.<\/p>\n<p><strong>Caract\u00e9ristiques :<\/strong><br \/>\nCage de transport Linus Second Life IMAC<br \/>\n&#8211; Cage de transport adapt\u00e9e aux chats et aux petits chiens<br \/>\n&#8211; 2 coloris disponibles : bleu \/ noir<br \/>\n&#8211; Fabriqu\u00e9e \u00e0 partir de plastique recycl\u00e9<br \/>\n&#8211; Porte en m\u00e9tal amovible \u00e0 ouverture dans les 2 sens<br \/>\n&#8211; Double poign\u00e9e de transport<\/p>\n<p>Caisse de transport en plastique haute qualit\u00e9 pour petits chiens et chats, sp\u00e9cialement adapt\u00e9e aux chats gr\u00e2ce \u00e0 son ouverture suppl\u00e9mentaire sur le dessus.<\/p>\n<ul>\n<li>Porte de devant en m\u00e9tal \u00e0 ouverture des 2 c\u00f4t\u00e9s, 2 poign\u00e9es.<\/li>\n<li>Nettoyage facile.<\/li>\n<\/ul>\n","protected":false},"excerpt":{"rendered":"<p>Transport pour petits chiens et chats, tr\u00e8s spacieux, lavable, au design original, tr\u00e8s a\u00e9r\u00e9, \u00e9quip\u00e9 d&#8217;une porte m\u00e9tal amovible \u00e0 ouverture dans les deux sens et d&#8217;une paire de poign\u00e9es de transport. Produit cr\u00e9\u00e9 avec des mati\u00e8res premi\u00e8res de haute qualit\u00e9 issues du recyclage plastique<\/p>\n","protected":false},"featured_media":619305,"template":"","meta":[],"product_cat":[2749,2776,2697,2698],"product_tag":[],"class_list":{"0":"post-602849","1":"product","2":"type-product","3":"status-publish","4":"has-post-thumbnail","6":"product_cat-cages-transport-pour-chat","7":"product_cat-cages-et-transport-pour-chien","8":"product_cat-chat","9":"product_cat-chien","10":"pa_marque-imac","12":"first","13":"instock","14":"taxable","15":"shipping-taxable","16":"purchasable","17":"product-type-variable"},"yoast_head":"<!-- This site is optimized with the Yoast SEO plugin v27.3 - https:\/\/yoast.com\/product\/yoast-seo-wordpress\/ -->\n<title>Cage de transport Linus Second Life pour petits chiens et chats IMAC IMAC - V\u00e9torino<\/title>\n<meta name=\"description\" content=\"Transport pour petits chiens et chats, tr\u00e8s spacieux, lavable, au design original, tr\u00e8s a\u00e9r\u00e9, \u00e9quip\u00e9 d&#039;une porte m\u00e9tal amovible \u00e0 ouverture dans les deux sens et d&#039;une paire de poign\u00e9es de transport. Produit cr\u00e9\u00e9 avec des mati\u00e8res premi\u00e8res de haute qualit\u00e9 issues du recyclage plastique\" \/>\n<meta name=\"robots\" content=\"noindex, nofollow\" \/>\n<meta property=\"og:locale\" content=\"fr_FR\" \/>\n<meta property=\"og:type\" content=\"article\" \/>\n<meta property=\"og:title\" content=\"Cage de transport Linus Second Life pour petits chiens et chats IMAC IMAC - V\u00e9torino\" \/>\n<meta property=\"og:description\" content=\"Transport pour petits chiens et chats, tr\u00e8s spacieux, lavable, au design original, tr\u00e8s a\u00e9r\u00e9, \u00e9quip\u00e9 d&#039;une porte m\u00e9tal amovible \u00e0 ouverture dans les deux sens et d&#039;une paire de poign\u00e9es de transport. Produit cr\u00e9\u00e9 avec des mati\u00e8res premi\u00e8res de haute qualit\u00e9 issues du recyclage plastique\" \/>\n<meta property=\"og:url\" content=\"https:\/\/www.vetorino.com\/veterinaire\/saintcheron-91530\/boutique\/product\/cage-imac-linus-cabrio\/\" \/>\n<meta property=\"og:site_name\" content=\"V\u00e9torino\" \/>\n<meta property=\"article:publisher\" content=\"https:\/\/www.facebook.com\/Vetorino\/\" \/>\n<meta property=\"article:modified_time\" content=\"2026-03-19T08:41:19+00:00\" \/>\n<meta property=\"og:image\" content=\"https:\/\/www.vetorino.com\/boutique\/wp-content\/uploads\/2023\/04\/lm_67735b90b4568125ed6c3f678819b6e0581647246668.jpg\" \/>\n\t<meta property=\"og:image:width\" content=\"617\" \/>\n\t<meta property=\"og:image:height\" content=\"800\" \/>\n\t<meta property=\"og:image:type\" content=\"image\/jpeg\" \/>\n<meta name=\"twitter:card\" content=\"summary_large_image\" \/>\n<meta name=\"twitter:label1\" content=\"Disponibilit\u00e9\" \/>\n\t<meta name=\"twitter:data1\" content=\"En stock\" \/>\n<script type=\"application\/ld+json\" class=\"yoast-schema-graph\">{\"@context\":\"https:\\\/\\\/schema.org\",\"@graph\":[{\"@type\":\"WebPage\",\"@id\":\"https:\\\/\\\/www.vetorino.com\\\/boutique\\\/product\\\/cage-imac-linus-cabrio\\\/\",\"url\":\"https:\\\/\\\/www.vetorino.com\\\/boutique\\\/product\\\/cage-imac-linus-cabrio\\\/\",\"name\":\"Cage de transport Linus Second Life pour petits chiens et chats IMAC IMAC - V\u00e9torino\",\"isPartOf\":{\"@id\":\"https:\\\/\\\/www.vetorino.com\\\/boutique\\\/#website\"},\"primaryImageOfPage\":{\"@id\":\"https:\\\/\\\/www.vetorino.com\\\/boutique\\\/product\\\/cage-imac-linus-cabrio\\\/#primaryimage\"},\"image\":{\"@id\":\"https:\\\/\\\/www.vetorino.com\\\/boutique\\\/product\\\/cage-imac-linus-cabrio\\\/#primaryimage\"},\"thumbnailUrl\":\"https:\\\/\\\/www.vetorino.com\\\/boutique\\\/wp-content\\\/uploads\\\/2023\\\/04\\\/lm_67735b90b4568125ed6c3f678819b6e0581647246668.jpg\",\"datePublished\":\"2023-04-26T10:35:48+00:00\",\"dateModified\":\"2026-03-19T08:41:19+00:00\",\"description\":\"Transport pour petits chiens et chats, tr\u00e8s spacieux, lavable, au design original, tr\u00e8s a\u00e9r\u00e9, \u00e9quip\u00e9 d'une porte m\u00e9tal amovible \u00e0 ouverture dans les deux sens et d'une paire de poign\u00e9es de transport. Produit cr\u00e9\u00e9 avec des mati\u00e8res premi\u00e8res de haute qualit\u00e9 issues du recyclage plastique\",\"breadcrumb\":{\"@id\":\"https:\\\/\\\/www.vetorino.com\\\/boutique\\\/product\\\/cage-imac-linus-cabrio\\\/#breadcrumb\"},\"inLanguage\":\"fr-FR\",\"potentialAction\":[{\"@type\":\"ReadAction\",\"target\":[\"https:\\\/\\\/www.vetorino.com\\\/boutique\\\/product\\\/cage-imac-linus-cabrio\\\/\"]}]},{\"@type\":\"ImageObject\",\"inLanguage\":\"fr-FR\",\"@id\":\"https:\\\/\\\/www.vetorino.com\\\/boutique\\\/product\\\/cage-imac-linus-cabrio\\\/#primaryimage\",\"url\":\"https:\\\/\\\/www.vetorino.com\\\/boutique\\\/wp-content\\\/uploads\\\/2023\\\/04\\\/lm_67735b90b4568125ed6c3f678819b6e0581647246668.jpg\",\"contentUrl\":\"https:\\\/\\\/www.vetorino.com\\\/boutique\\\/wp-content\\\/uploads\\\/2023\\\/04\\\/lm_67735b90b4568125ed6c3f678819b6e0581647246668.jpg\",\"width\":617,\"height\":800},{\"@type\":\"BreadcrumbList\",\"@id\":\"https:\\\/\\\/www.vetorino.com\\\/boutique\\\/product\\\/cage-imac-linus-cabrio\\\/#breadcrumb\",\"itemListElement\":[{\"@type\":\"ListItem\",\"position\":1,\"name\":\"Accueil\",\"item\":\"https:\\\/\\\/www.vetorino.com\\\/boutique\\\/\"},{\"@type\":\"ListItem\",\"position\":2,\"name\":\"Produits\",\"item\":\"https:\\\/\\\/www.vetorino.com\\\/boutique\\\/\"},{\"@type\":\"ListItem\",\"position\":3,\"name\":\"Cage de transport Linus Second Life pour petits chiens et chats IMAC\"}]},{\"@type\":\"WebSite\",\"@id\":\"https:\\\/\\\/www.vetorino.com\\\/boutique\\\/#website\",\"url\":\"https:\\\/\\\/www.vetorino.com\\\/boutique\\\/\",\"name\":\"V\u00e9torino\",\"description\":\"\",\"publisher\":{\"@id\":\"https:\\\/\\\/www.vetorino.com\\\/boutique\\\/#organization\"},\"potentialAction\":[{\"@type\":\"SearchAction\",\"target\":{\"@type\":\"EntryPoint\",\"urlTemplate\":\"https:\\\/\\\/www.vetorino.com\\\/boutique\\\/?s={search_term_string}\"},\"query-input\":{\"@type\":\"PropertyValueSpecification\",\"valueRequired\":true,\"valueName\":\"search_term_string\"}}],\"inLanguage\":\"fr-FR\"},{\"@type\":\"Organization\",\"@id\":\"https:\\\/\\\/www.vetorino.com\\\/boutique\\\/#organization\",\"name\":\"V\u00e9torino\",\"url\":\"https:\\\/\\\/www.vetorino.com\\\/boutique\\\/\",\"logo\":{\"@type\":\"ImageObject\",\"inLanguage\":\"fr-FR\",\"@id\":\"https:\\\/\\\/www.vetorino.com\\\/boutique\\\/#\\\/schema\\\/logo\\\/image\\\/\",\"url\":\"https:\\\/\\\/www.vetorino.com\\\/boutique\\\/wp-content\\\/uploads\\\/2024\\\/10\\\/logo.jpg\",\"contentUrl\":\"https:\\\/\\\/www.vetorino.com\\\/boutique\\\/wp-content\\\/uploads\\\/2024\\\/10\\\/logo.jpg\",\"width\":1200,\"height\":610,\"caption\":\"V\u00e9torino\"},\"image\":{\"@id\":\"https:\\\/\\\/www.vetorino.com\\\/boutique\\\/#\\\/schema\\\/logo\\\/image\\\/\"},\"sameAs\":[\"https:\\\/\\\/www.facebook.com\\\/Vetorino\\\/\",\"https:\\\/\\\/www.instagram.com\\\/vetorino_off\\\/\",\"https:\\\/\\\/www.linkedin.com\\\/company\\\/vtorino\\\/\"]}]}<\/script>\n<meta property=\"product:brand\" content=\"IMAC\" \/>\n<meta property=\"og:availability\" content=\"instock\" \/>\n<meta property=\"product:availability\" content=\"instock\" \/>\n<meta property=\"product:condition\" content=\"new\" \/>\n<!-- \/ Yoast SEO plugin. -->","yoast_head_json":{"title":"Cage de transport Linus Second Life pour petits chiens et chats IMAC IMAC - V\u00e9torino","description":"Transport pour petits chiens et chats, tr\u00e8s spacieux, lavable, au design original, tr\u00e8s a\u00e9r\u00e9, \u00e9quip\u00e9 d'une porte m\u00e9tal amovible \u00e0 ouverture dans les deux sens et d'une paire de poign\u00e9es de transport. Produit cr\u00e9\u00e9 avec des mati\u00e8res premi\u00e8res de haute qualit\u00e9 issues du recyclage plastique","robots":{"index":"noindex","follow":"nofollow"},"og_locale":"fr_FR","og_type":"article","og_title":"Cage de transport Linus Second Life pour petits chiens et chats IMAC IMAC - V\u00e9torino","og_description":"Transport pour petits chiens et chats, tr\u00e8s spacieux, lavable, au design original, tr\u00e8s a\u00e9r\u00e9, \u00e9quip\u00e9 d'une porte m\u00e9tal amovible \u00e0 ouverture dans les deux sens et d'une paire de poign\u00e9es de transport. Produit cr\u00e9\u00e9 avec des mati\u00e8res premi\u00e8res de haute qualit\u00e9 issues du recyclage plastique","og_url":"https:\/\/www.vetorino.com\/veterinaire\/saintcheron-91530\/boutique\/product\/cage-imac-linus-cabrio\/","og_site_name":"V\u00e9torino","article_publisher":"https:\/\/www.facebook.com\/Vetorino\/","article_modified_time":"2026-03-19T08:41:19+00:00","og_image":[{"width":617,"height":800,"url":"https:\/\/www.vetorino.com\/boutique\/wp-content\/uploads\/2023\/04\/lm_67735b90b4568125ed6c3f678819b6e0581647246668.jpg","type":"image\/jpeg"}],"twitter_card":"summary_large_image","twitter_misc":{"Disponibilit\u00e9":"En stock"},"schema":{"@context":"https:\/\/schema.org","@graph":[{"@type":"WebPage","@id":"https:\/\/www.vetorino.com\/boutique\/product\/cage-imac-linus-cabrio\/","url":"https:\/\/www.vetorino.com\/boutique\/product\/cage-imac-linus-cabrio\/","name":"Cage de transport Linus Second Life pour petits chiens et chats IMAC IMAC - V\u00e9torino","isPartOf":{"@id":"https:\/\/www.vetorino.com\/boutique\/#website"},"primaryImageOfPage":{"@id":"https:\/\/www.vetorino.com\/boutique\/product\/cage-imac-linus-cabrio\/#primaryimage"},"image":{"@id":"https:\/\/www.vetorino.com\/boutique\/product\/cage-imac-linus-cabrio\/#primaryimage"},"thumbnailUrl":"https:\/\/www.vetorino.com\/boutique\/wp-content\/uploads\/2023\/04\/lm_67735b90b4568125ed6c3f678819b6e0581647246668.jpg","datePublished":"2023-04-26T10:35:48+00:00","dateModified":"2026-03-19T08:41:19+00:00","description":"Transport pour petits chiens et chats, tr\u00e8s spacieux, lavable, au design original, tr\u00e8s a\u00e9r\u00e9, \u00e9quip\u00e9 d'une porte m\u00e9tal amovible \u00e0 ouverture dans les deux sens et d'une paire de poign\u00e9es de transport. Produit cr\u00e9\u00e9 avec des mati\u00e8res premi\u00e8res de haute qualit\u00e9 issues du recyclage plastique","breadcrumb":{"@id":"https:\/\/www.vetorino.com\/boutique\/product\/cage-imac-linus-cabrio\/#breadcrumb"},"inLanguage":"fr-FR","potentialAction":[{"@type":"ReadAction","target":["https:\/\/www.vetorino.com\/boutique\/product\/cage-imac-linus-cabrio\/"]}]},{"@type":"ImageObject","inLanguage":"fr-FR","@id":"https:\/\/www.vetorino.com\/boutique\/product\/cage-imac-linus-cabrio\/#primaryimage","url":"https:\/\/www.vetorino.com\/boutique\/wp-content\/uploads\/2023\/04\/lm_67735b90b4568125ed6c3f678819b6e0581647246668.jpg","contentUrl":"https:\/\/www.vetorino.com\/boutique\/wp-content\/uploads\/2023\/04\/lm_67735b90b4568125ed6c3f678819b6e0581647246668.jpg","width":617,"height":800},{"@type":"BreadcrumbList","@id":"https:\/\/www.vetorino.com\/boutique\/product\/cage-imac-linus-cabrio\/#breadcrumb","itemListElement":[{"@type":"ListItem","position":1,"name":"Accueil","item":"https:\/\/www.vetorino.com\/boutique\/"},{"@type":"ListItem","position":2,"name":"Produits","item":"https:\/\/www.vetorino.com\/boutique\/"},{"@type":"ListItem","position":3,"name":"Cage de transport Linus Second Life pour petits chiens et chats IMAC"}]},{"@type":"WebSite","@id":"https:\/\/www.vetorino.com\/boutique\/#website","url":"https:\/\/www.vetorino.com\/boutique\/","name":"V\u00e9torino","description":"","publisher":{"@id":"https:\/\/www.vetorino.com\/boutique\/#organization"},"potentialAction":[{"@type":"SearchAction","target":{"@type":"EntryPoint","urlTemplate":"https:\/\/www.vetorino.com\/boutique\/?s={search_term_string}"},"query-input":{"@type":"PropertyValueSpecification","valueRequired":true,"valueName":"search_term_string"}}],"inLanguage":"fr-FR"},{"@type":"Organization","@id":"https:\/\/www.vetorino.com\/boutique\/#organization","name":"V\u00e9torino","url":"https:\/\/www.vetorino.com\/boutique\/","logo":{"@type":"ImageObject","inLanguage":"fr-FR","@id":"https:\/\/www.vetorino.com\/boutique\/#\/schema\/logo\/image\/","url":"https:\/\/www.vetorino.com\/boutique\/wp-content\/uploads\/2024\/10\/logo.jpg","contentUrl":"https:\/\/www.vetorino.com\/boutique\/wp-content\/uploads\/2024\/10\/logo.jpg","width":1200,"height":610,"caption":"V\u00e9torino"},"image":{"@id":"https:\/\/www.vetorino.com\/boutique\/#\/schema\/logo\/image\/"},"sameAs":["https:\/\/www.facebook.com\/Vetorino\/","https:\/\/www.instagram.com\/vetorino_off\/","https:\/\/www.linkedin.com\/company\/vtorino\/"]}]},"product_brand":"IMAC","og_availability":"instock","product_availability":"instock","product_condition":"new"},"_links":{"self":[{"href":"https:\/\/www.vetorino.com\/veterinaire\/saintcheron-91530\/boutique\/wp-json\/wp\/v2\/product\/602849","targetHints":{"allow":["GET"]}}],"collection":[{"href":"https:\/\/www.vetorino.com\/veterinaire\/saintcheron-91530\/boutique\/wp-json\/wp\/v2\/product"}],"about":[{"href":"https:\/\/www.vetorino.com\/veterinaire\/saintcheron-91530\/boutique\/wp-json\/wp\/v2\/types\/product"}],"wp:featuredmedia":[{"embeddable":true,"href":"https:\/\/www.vetorino.com\/veterinaire\/saintcheron-91530\/boutique\/wp-json\/wp\/v2\/media\/619305"}],"wp:attachment":[{"href":"https:\/\/www.vetorino.com\/veterinaire\/saintcheron-91530\/boutique\/wp-json\/wp\/v2\/media?parent=602849"}],"wp:term":[{"taxonomy":"product_cat","embeddable":true,"href":"https:\/\/www.vetorino.com\/veterinaire\/saintcheron-91530\/boutique\/wp-json\/wp\/v2\/product_cat?post=602849"},{"taxonomy":"product_tag","embeddable":true,"href":"https:\/\/www.vetorino.com\/veterinaire\/saintcheron-91530\/boutique\/wp-json\/wp\/v2\/product_tag?post=602849"}],"curies":[{"name":"wp","href":"https:\/\/api.w.org\/{rel}","templated":true}]}}