{"id":98549,"date":"2020-06-30T01:07:32","date_gmt":"2020-06-29T23:07:32","guid":{"rendered":"https:\/\/www.vetorino.com\/boutique\/product\/kong-dragon-knots\/"},"modified":"2025-12-01T09:41:35","modified_gmt":"2025-12-01T08:41:35","slug":"kong-dragon-knots","status":"publish","type":"product","link":"https:\/\/www.vetorino.com\/veterinaire\/saintcheron-91530\/boutique\/product\/kong-dragon-knots\/","title":{"rendered":"Dragon Knots"},"content":{"rendered":"<p>Cette peluche toute mignone a plein d&#8217;arguments \u00e0 faire valoir pour devenir le nouveau compagnon favori de votre chien, comme doudou ou comme jouet.<\/p>\n<ul>\n<li>\u00a0Texture douce et color\u00e9e.<\/li>\n<li>Le dragon siffle lorsque votre chien joue avec.<\/li>\n<li>La queue du dragon est une robuste corde \u00e0 m\u00e2cher qui se prolonge \u00e0 l&#8217;int\u00e9rieur de la peluche pour lui donner la r\u00e9sistance n\u00e9cessaire<\/li>\n<li>Avec cette peluche KONG, votre chien s&#8217;amusera pendant des heures.<\/li>\n<li>Coloris : bleu, rouge ou vert selon disponibilit\u00e9.<\/li>\n<li>Mati\u00e8re : corde et textile synth\u00e9tique.<\/li>\n<li>Jouet pour chien \u00e0 utiliser sous surveillance du ma\u00eetre.<\/li>\n<li>L&#8217;\u00e9tat du jouet est \u00e0 contr\u00f4ler r\u00e9guli\u00e8rement afin d&#8217;\u00e9viter tout risque d&#8217;ingestion de petits morceaux par votre animal.<\/li>\n<li>Ne pas laisser \u00e0 la port\u00e9e des enfants.<\/li>\n<\/ul>\n","protected":false},"excerpt":{"rendered":"<p>Cette peluche toute mignone a plein d&#8217;arguments \u00e0 faire valoir pour devenir le nouveau compagnon favori de votre chien, comme doudou ou comme jouet. \u00a0Texture douce et color\u00e9e. Le dragon siffle lorsque votre chien joue avec. La queue du dragon est une robuste corde \u00e0 m\u00e2cher qui se prolonge \u00e0 l&#8217;int\u00e9rieur de la peluche pour [&hellip;]<\/p>\n","protected":false},"featured_media":624535,"template":"","meta":[],"product_cat":[12550,2698,12621],"product_tag":[],"class_list":{"0":"post-98549","1":"product","2":"type-product","3":"status-publish","4":"has-post-thumbnail","6":"product_cat-accessoires-du-chien","7":"product_cat-chien","8":"product_cat-jeux-educatifs-pour-chien","9":"pa_marque-kong","11":"first","12":"instock","13":"taxable","14":"shipping-taxable","15":"purchasable","16":"product-type-simple"},"yoast_head":"<!-- This site is optimized with the Yoast SEO plugin v27.3 - https:\/\/yoast.com\/product\/yoast-seo-wordpress\/ -->\n<title>Dragon Knots Kong - V\u00e9torino<\/title>\n<meta name=\"description\" content=\"Cette peluche toute mignone a plein d&#039;arguments \u00e0 faire valoir pour devenir le nouveau compagnon favori de votre chien, comme doudou ou comme jouet.\" \/>\n<meta name=\"robots\" content=\"noindex, nofollow\" \/>\n<meta property=\"og:locale\" content=\"fr_FR\" \/>\n<meta property=\"og:type\" content=\"article\" \/>\n<meta property=\"og:title\" content=\"Dragon Knots Kong - V\u00e9torino\" \/>\n<meta property=\"og:description\" content=\"Cette peluche toute mignone a plein d&#039;arguments \u00e0 faire valoir pour devenir le nouveau compagnon favori de votre chien, comme doudou ou comme jouet.\" \/>\n<meta property=\"og:url\" content=\"https:\/\/www.vetorino.com\/veterinaire\/saintcheron-91530\/boutique\/product\/kong-dragon-knots\/\" \/>\n<meta property=\"og:site_name\" content=\"V\u00e9torino\" \/>\n<meta property=\"article:publisher\" content=\"https:\/\/www.facebook.com\/Vetorino\/\" \/>\n<meta property=\"article:modified_time\" content=\"2025-12-01T08:41:35+00:00\" \/>\n<meta property=\"og:image\" content=\"https:\/\/www.vetorino.com\/boutique\/wp-content\/uploads\/2020\/06\/kong_dragon_knots_pour_chien_m_l_-_la_compagnie_des_animaux.jpg\" \/>\n\t<meta property=\"og:image:width\" content=\"1500\" \/>\n\t<meta property=\"og:image:height\" content=\"1500\" \/>\n\t<meta property=\"og:image:type\" content=\"image\/jpeg\" \/>\n<meta name=\"twitter:card\" content=\"summary_large_image\" \/>\n<meta name=\"twitter:label1\" content=\"Prix\" \/>\n\t<meta name=\"twitter:data1\" content=\"12,54&euro;\" \/>\n\t<meta name=\"twitter:label2\" content=\"Disponibilit\u00e9\" \/>\n\t<meta name=\"twitter:data2\" content=\"En stock\" \/>\n<script type=\"application\/ld+json\" class=\"yoast-schema-graph\">{\"@context\":\"https:\\\/\\\/schema.org\",\"@graph\":[{\"@type\":\"WebPage\",\"@id\":\"https:\\\/\\\/www.vetorino.com\\\/boutique\\\/product\\\/kong-dragon-knots\\\/\",\"url\":\"https:\\\/\\\/www.vetorino.com\\\/boutique\\\/product\\\/kong-dragon-knots\\\/\",\"name\":\"Dragon Knots Kong - V\u00e9torino\",\"isPartOf\":{\"@id\":\"https:\\\/\\\/www.vetorino.com\\\/boutique\\\/#website\"},\"primaryImageOfPage\":{\"@id\":\"https:\\\/\\\/www.vetorino.com\\\/boutique\\\/product\\\/kong-dragon-knots\\\/#primaryimage\"},\"image\":{\"@id\":\"https:\\\/\\\/www.vetorino.com\\\/boutique\\\/product\\\/kong-dragon-knots\\\/#primaryimage\"},\"thumbnailUrl\":\"https:\\\/\\\/www.vetorino.com\\\/boutique\\\/wp-content\\\/uploads\\\/2020\\\/06\\\/kong_dragon_knots_pour_chien_m_l_-_la_compagnie_des_animaux.jpg\",\"datePublished\":\"2020-06-29T23:07:32+00:00\",\"dateModified\":\"2025-12-01T08:41:35+00:00\",\"description\":\"Cette peluche toute mignone a plein d'arguments \u00e0 faire valoir pour devenir le nouveau compagnon favori de votre chien, comme doudou ou comme jouet.\",\"breadcrumb\":{\"@id\":\"https:\\\/\\\/www.vetorino.com\\\/boutique\\\/product\\\/kong-dragon-knots\\\/#breadcrumb\"},\"inLanguage\":\"fr-FR\",\"potentialAction\":[{\"@type\":\"ReadAction\",\"target\":[\"https:\\\/\\\/www.vetorino.com\\\/boutique\\\/product\\\/kong-dragon-knots\\\/\"]}]},{\"@type\":\"ImageObject\",\"inLanguage\":\"fr-FR\",\"@id\":\"https:\\\/\\\/www.vetorino.com\\\/boutique\\\/product\\\/kong-dragon-knots\\\/#primaryimage\",\"url\":\"https:\\\/\\\/www.vetorino.com\\\/boutique\\\/wp-content\\\/uploads\\\/2020\\\/06\\\/kong_dragon_knots_pour_chien_m_l_-_la_compagnie_des_animaux.jpg\",\"contentUrl\":\"https:\\\/\\\/www.vetorino.com\\\/boutique\\\/wp-content\\\/uploads\\\/2020\\\/06\\\/kong_dragon_knots_pour_chien_m_l_-_la_compagnie_des_animaux.jpg\",\"width\":1500,\"height\":1500},{\"@type\":\"BreadcrumbList\",\"@id\":\"https:\\\/\\\/www.vetorino.com\\\/boutique\\\/product\\\/kong-dragon-knots\\\/#breadcrumb\",\"itemListElement\":[{\"@type\":\"ListItem\",\"position\":1,\"name\":\"Accueil\",\"item\":\"https:\\\/\\\/www.vetorino.com\\\/boutique\\\/\"},{\"@type\":\"ListItem\",\"position\":2,\"name\":\"Produits\",\"item\":\"https:\\\/\\\/www.vetorino.com\\\/boutique\\\/\"},{\"@type\":\"ListItem\",\"position\":3,\"name\":\"Dragon Knots\"}]},{\"@type\":\"WebSite\",\"@id\":\"https:\\\/\\\/www.vetorino.com\\\/boutique\\\/#website\",\"url\":\"https:\\\/\\\/www.vetorino.com\\\/boutique\\\/\",\"name\":\"V\u00e9torino\",\"description\":\"\",\"publisher\":{\"@id\":\"https:\\\/\\\/www.vetorino.com\\\/boutique\\\/#organization\"},\"potentialAction\":[{\"@type\":\"SearchAction\",\"target\":{\"@type\":\"EntryPoint\",\"urlTemplate\":\"https:\\\/\\\/www.vetorino.com\\\/boutique\\\/?s={search_term_string}\"},\"query-input\":{\"@type\":\"PropertyValueSpecification\",\"valueRequired\":true,\"valueName\":\"search_term_string\"}}],\"inLanguage\":\"fr-FR\"},{\"@type\":\"Organization\",\"@id\":\"https:\\\/\\\/www.vetorino.com\\\/boutique\\\/#organization\",\"name\":\"V\u00e9torino\",\"url\":\"https:\\\/\\\/www.vetorino.com\\\/boutique\\\/\",\"logo\":{\"@type\":\"ImageObject\",\"inLanguage\":\"fr-FR\",\"@id\":\"https:\\\/\\\/www.vetorino.com\\\/boutique\\\/#\\\/schema\\\/logo\\\/image\\\/\",\"url\":\"https:\\\/\\\/www.vetorino.com\\\/boutique\\\/wp-content\\\/uploads\\\/2024\\\/10\\\/logo.jpg\",\"contentUrl\":\"https:\\\/\\\/www.vetorino.com\\\/boutique\\\/wp-content\\\/uploads\\\/2024\\\/10\\\/logo.jpg\",\"width\":1200,\"height\":610,\"caption\":\"V\u00e9torino\"},\"image\":{\"@id\":\"https:\\\/\\\/www.vetorino.com\\\/boutique\\\/#\\\/schema\\\/logo\\\/image\\\/\"},\"sameAs\":[\"https:\\\/\\\/www.facebook.com\\\/Vetorino\\\/\",\"https:\\\/\\\/www.instagram.com\\\/vetorino_off\\\/\",\"https:\\\/\\\/www.linkedin.com\\\/company\\\/vtorino\\\/\"]}]}<\/script>\n<meta property=\"product:brand\" content=\"Kong\" \/>\n<meta property=\"product:price:amount\" content=\"12.54\" \/>\n<meta property=\"product:price:currency\" content=\"EUR\" \/>\n<meta property=\"og:availability\" content=\"instock\" \/>\n<meta property=\"product:availability\" content=\"instock\" \/>\n<meta property=\"product:retailer_item_id\" content=\"C-KON855\" \/>\n<meta property=\"product:condition\" content=\"new\" \/>\n<!-- \/ Yoast SEO plugin. -->","yoast_head_json":{"title":"Dragon Knots Kong - V\u00e9torino","description":"Cette peluche toute mignone a plein d'arguments \u00e0 faire valoir pour devenir le nouveau compagnon favori de votre chien, comme doudou ou comme jouet.","robots":{"index":"noindex","follow":"nofollow"},"og_locale":"fr_FR","og_type":"article","og_title":"Dragon Knots Kong - V\u00e9torino","og_description":"Cette peluche toute mignone a plein d'arguments \u00e0 faire valoir pour devenir le nouveau compagnon favori de votre chien, comme doudou ou comme jouet.","og_url":"https:\/\/www.vetorino.com\/veterinaire\/saintcheron-91530\/boutique\/product\/kong-dragon-knots\/","og_site_name":"V\u00e9torino","article_publisher":"https:\/\/www.facebook.com\/Vetorino\/","article_modified_time":"2025-12-01T08:41:35+00:00","og_image":[{"width":1500,"height":1500,"url":"https:\/\/www.vetorino.com\/boutique\/wp-content\/uploads\/2020\/06\/kong_dragon_knots_pour_chien_m_l_-_la_compagnie_des_animaux.jpg","type":"image\/jpeg"}],"twitter_card":"summary_large_image","twitter_misc":{"Prix":"12,54&euro;","Disponibilit\u00e9":"En stock"},"schema":{"@context":"https:\/\/schema.org","@graph":[{"@type":"WebPage","@id":"https:\/\/www.vetorino.com\/boutique\/product\/kong-dragon-knots\/","url":"https:\/\/www.vetorino.com\/boutique\/product\/kong-dragon-knots\/","name":"Dragon Knots Kong - V\u00e9torino","isPartOf":{"@id":"https:\/\/www.vetorino.com\/boutique\/#website"},"primaryImageOfPage":{"@id":"https:\/\/www.vetorino.com\/boutique\/product\/kong-dragon-knots\/#primaryimage"},"image":{"@id":"https:\/\/www.vetorino.com\/boutique\/product\/kong-dragon-knots\/#primaryimage"},"thumbnailUrl":"https:\/\/www.vetorino.com\/boutique\/wp-content\/uploads\/2020\/06\/kong_dragon_knots_pour_chien_m_l_-_la_compagnie_des_animaux.jpg","datePublished":"2020-06-29T23:07:32+00:00","dateModified":"2025-12-01T08:41:35+00:00","description":"Cette peluche toute mignone a plein d'arguments \u00e0 faire valoir pour devenir le nouveau compagnon favori de votre chien, comme doudou ou comme jouet.","breadcrumb":{"@id":"https:\/\/www.vetorino.com\/boutique\/product\/kong-dragon-knots\/#breadcrumb"},"inLanguage":"fr-FR","potentialAction":[{"@type":"ReadAction","target":["https:\/\/www.vetorino.com\/boutique\/product\/kong-dragon-knots\/"]}]},{"@type":"ImageObject","inLanguage":"fr-FR","@id":"https:\/\/www.vetorino.com\/boutique\/product\/kong-dragon-knots\/#primaryimage","url":"https:\/\/www.vetorino.com\/boutique\/wp-content\/uploads\/2020\/06\/kong_dragon_knots_pour_chien_m_l_-_la_compagnie_des_animaux.jpg","contentUrl":"https:\/\/www.vetorino.com\/boutique\/wp-content\/uploads\/2020\/06\/kong_dragon_knots_pour_chien_m_l_-_la_compagnie_des_animaux.jpg","width":1500,"height":1500},{"@type":"BreadcrumbList","@id":"https:\/\/www.vetorino.com\/boutique\/product\/kong-dragon-knots\/#breadcrumb","itemListElement":[{"@type":"ListItem","position":1,"name":"Accueil","item":"https:\/\/www.vetorino.com\/boutique\/"},{"@type":"ListItem","position":2,"name":"Produits","item":"https:\/\/www.vetorino.com\/boutique\/"},{"@type":"ListItem","position":3,"name":"Dragon Knots"}]},{"@type":"WebSite","@id":"https:\/\/www.vetorino.com\/boutique\/#website","url":"https:\/\/www.vetorino.com\/boutique\/","name":"V\u00e9torino","description":"","publisher":{"@id":"https:\/\/www.vetorino.com\/boutique\/#organization"},"potentialAction":[{"@type":"SearchAction","target":{"@type":"EntryPoint","urlTemplate":"https:\/\/www.vetorino.com\/boutique\/?s={search_term_string}"},"query-input":{"@type":"PropertyValueSpecification","valueRequired":true,"valueName":"search_term_string"}}],"inLanguage":"fr-FR"},{"@type":"Organization","@id":"https:\/\/www.vetorino.com\/boutique\/#organization","name":"V\u00e9torino","url":"https:\/\/www.vetorino.com\/boutique\/","logo":{"@type":"ImageObject","inLanguage":"fr-FR","@id":"https:\/\/www.vetorino.com\/boutique\/#\/schema\/logo\/image\/","url":"https:\/\/www.vetorino.com\/boutique\/wp-content\/uploads\/2024\/10\/logo.jpg","contentUrl":"https:\/\/www.vetorino.com\/boutique\/wp-content\/uploads\/2024\/10\/logo.jpg","width":1200,"height":610,"caption":"V\u00e9torino"},"image":{"@id":"https:\/\/www.vetorino.com\/boutique\/#\/schema\/logo\/image\/"},"sameAs":["https:\/\/www.facebook.com\/Vetorino\/","https:\/\/www.instagram.com\/vetorino_off\/","https:\/\/www.linkedin.com\/company\/vtorino\/"]}]},"product_brand":"Kong","product_price_amount":"12.54","product_price_currency":"EUR","og_availability":"instock","product_availability":"instock","product_retailer_item_id":"C-KON855","product_condition":"new"},"_links":{"self":[{"href":"https:\/\/www.vetorino.com\/veterinaire\/saintcheron-91530\/boutique\/wp-json\/wp\/v2\/product\/98549","targetHints":{"allow":["GET"]}}],"collection":[{"href":"https:\/\/www.vetorino.com\/veterinaire\/saintcheron-91530\/boutique\/wp-json\/wp\/v2\/product"}],"about":[{"href":"https:\/\/www.vetorino.com\/veterinaire\/saintcheron-91530\/boutique\/wp-json\/wp\/v2\/types\/product"}],"wp:featuredmedia":[{"embeddable":true,"href":"https:\/\/www.vetorino.com\/veterinaire\/saintcheron-91530\/boutique\/wp-json\/wp\/v2\/media\/624535"}],"wp:attachment":[{"href":"https:\/\/www.vetorino.com\/veterinaire\/saintcheron-91530\/boutique\/wp-json\/wp\/v2\/media?parent=98549"}],"wp:term":[{"taxonomy":"product_cat","embeddable":true,"href":"https:\/\/www.vetorino.com\/veterinaire\/saintcheron-91530\/boutique\/wp-json\/wp\/v2\/product_cat?post=98549"},{"taxonomy":"product_tag","embeddable":true,"href":"https:\/\/www.vetorino.com\/veterinaire\/saintcheron-91530\/boutique\/wp-json\/wp\/v2\/product_tag?post=98549"}],"curies":[{"name":"wp","href":"https:\/\/api.w.org\/{rel}","templated":true}]}}