{"id":102702,"date":"2020-06-30T16:26:31","date_gmt":"2020-06-30T14:26:31","guid":{"rendered":"https:\/\/www.vetorino.com\/boutique\/product\/tapis-de-chanvre-pour-rongeurs-2\/"},"modified":"2026-02-13T02:42:11","modified_gmt":"2026-02-13T01:42:11","slug":"tapis-de-chanvre-pour-rongeurs-2","status":"publish","type":"product","link":"https:\/\/www.vetorino.com\/veterinaire\/saintcyrlecole-78210\/boutique\/product\/tapis-de-chanvre-pour-rongeurs-2\/","title":{"rendered":"Tapis de chanvre &#8211;  rongeurs"},"content":{"rendered":"<div class=\"hidden\">\n<p class=\"smlP\"><strong>100\u00a0% naturel\u00a0:<\/strong>\u00a0Le tapis pour rongeurs est compos\u00e9 \u00e0 100\u00a0% de fibres de chanvre naturelles. Le chanvre est un mat\u00e9riau durable et exempt d\u2019additifs chimiques, et donc totalement inoffensif pour la sant\u00e9 de vos petits compagnons \u00e0 fourrure.<\/p>\n<p class=\"smlP\"><strong>Comestible et tr\u00e8s digeste\u00a0:<\/strong>\u00a0Le tapis pour rongeurs en mati\u00e8re organique est non seulement enti\u00e8rement biod\u00e9gradable, mais \u00e9galement parfaitement comestible pour les rongeurs. Les fibres de chanvre sont tr\u00e8s digestes et les animaux peuvent laisser libre cours \u00e0 leur instinct de ronger.<\/p>\n<p class=\"smlP\"><strong>Doux pour les pattes des animaux\u00a0:<\/strong>\u00a0Le tapis pour rongeurs est tr\u00e8s doux et agr\u00e9able pour les pattes sensibles de vos rongeurs. Il offre une surface agr\u00e9able pour courir, jouer et dormir, et ne risque pas de causer des meurtrissures ou des blessures.<\/p>\n<p class=\"smlP\"><strong>Antiparasite\u00a0:<\/strong>\u00a0Le chanvre poss\u00e8de des propri\u00e9t\u00e9s naturelles qui repoussent les nuisibles tels que les acariens et les puces. Ainsi, le tapis pour rongeurs prot\u00e8ge \u00e9galement de ces intrus ind\u00e9sirables et cr\u00e9e un environnement sain dans la cage.<\/p>\n<p class=\"smlP\"><strong>Absorbant et respirant\u00a0:<\/strong>\u00a0Le tapis de chanvre pour vos rongeurs est absorbant et respirant. Il emp\u00eache la formation d\u2019odeurs d\u00e9sagr\u00e9ables dans la cage, ce qui am\u00e9liore le bien-\u00eatre des animaux et le v\u00f4tre.<\/p>\n<\/div>\n","protected":false},"excerpt":{"rendered":"<p><strong>Le tapis de cage<\/strong> 100\u00a0% chanvre est <strong>doux pour les pattes, absorbant, comestible et enti\u00e8rement biod\u00e9gradable. <\/strong><\/p>\n<p>Il convient \u00e0 la fois comme tapis de cage et pour l\u2019isolation thermique des enclos.<\/p>\n<p><strong>Caract\u00e9ristiques\u00a0 :<\/strong><\/p>\n<ul>\n<li>Biologique et compostable<\/li>\n<li>Totalement digeste<\/li>\n<li>Absorbant et a\u00e9r\u00e9<\/li>\n<li>Anti-parasite, anti-allergique<\/li>\n<\/ul>\n","protected":false},"featured_media":1678513,"template":"","meta":[],"product_cat":[2744,12563,15841,2727,12570,15842],"product_tag":[],"class_list":{"0":"post-102702","1":"product","2":"type-product","3":"status-publish","4":"has-post-thumbnail","6":"product_cat-furet","7":"product_cat-lapin","8":"product_cat-lapins","9":"product_cat-nac","10":"product_cat-rongeur","11":"product_cat-rongeurs","12":"pa_marque-kerbl","14":"first","15":"instock","16":"taxable","17":"shipping-taxable","18":"purchasable","19":"product-type-simple"},"yoast_head":"<!-- This site is optimized with the Yoast SEO plugin v27.3 - https:\/\/yoast.com\/product\/yoast-seo-wordpress\/ -->\n<title>Tapis de chanvre - rongeurs Kerbl - V\u00e9torino<\/title>\n<meta name=\"description\" content=\"Le tapis de cage 100\u00a0% chanvre est doux pour les pattes, absorbant, comestible et enti\u00e8rement biod\u00e9gradable.   Il convient \u00e0 la fois comme tapis de cage et pour l\u2019isolation thermique des enclos.  Caract\u00e9ristiques\u00a0 :   Biologique et compostable  Totalement digeste  Absorbant et a\u00e9r\u00e9  Anti-parasite, anti-allergique\" \/>\n<meta name=\"robots\" content=\"noindex, nofollow\" \/>\n<meta property=\"og:locale\" content=\"fr_FR\" \/>\n<meta property=\"og:type\" content=\"article\" \/>\n<meta property=\"og:title\" content=\"Tapis de chanvre - rongeurs Kerbl - V\u00e9torino\" \/>\n<meta property=\"og:description\" content=\"Le tapis de cage 100\u00a0% chanvre est doux pour les pattes, absorbant, comestible et enti\u00e8rement biod\u00e9gradable.   Il convient \u00e0 la fois comme tapis de cage et pour l\u2019isolation thermique des enclos.  Caract\u00e9ristiques\u00a0 :   Biologique et compostable  Totalement digeste  Absorbant et a\u00e9r\u00e9  Anti-parasite, anti-allergique\" \/>\n<meta property=\"og:url\" content=\"https:\/\/www.vetorino.com\/veterinaire\/saintcyrlecole-78210\/boutique\/product\/tapis-de-chanvre-pour-rongeurs-2\/\" \/>\n<meta property=\"og:site_name\" content=\"V\u00e9torino\" \/>\n<meta property=\"article:publisher\" content=\"https:\/\/www.facebook.com\/Vetorino\/\" \/>\n<meta property=\"article:modified_time\" content=\"2026-02-13T01:42:11+00:00\" \/>\n<meta property=\"og:image\" content=\"https:\/\/www.vetorino.com\/boutique\/wp-content\/uploads\/2020\/06\/tapis-de-chanvre-pour-rongeurs.webp\" \/>\n\t<meta property=\"og:image:width\" content=\"800\" \/>\n\t<meta property=\"og:image:height\" content=\"800\" \/>\n\t<meta property=\"og:image:type\" content=\"image\/webp\" \/>\n<meta name=\"twitter:card\" content=\"summary_large_image\" \/>\n<meta name=\"twitter:label1\" content=\"Prix\" \/>\n\t<meta name=\"twitter:data1\" content=\"11,76&euro;\" \/>\n\t<meta name=\"twitter:label2\" content=\"Disponibilit\u00e9\" \/>\n\t<meta name=\"twitter:data2\" content=\"En stock\" \/>\n<script type=\"application\/ld+json\" class=\"yoast-schema-graph\">{\"@context\":\"https:\\\/\\\/schema.org\",\"@graph\":[{\"@type\":\"WebPage\",\"@id\":\"https:\\\/\\\/www.vetorino.com\\\/boutique\\\/product\\\/tapis-de-chanvre-pour-rongeurs-2\\\/\",\"url\":\"https:\\\/\\\/www.vetorino.com\\\/boutique\\\/product\\\/tapis-de-chanvre-pour-rongeurs-2\\\/\",\"name\":\"Tapis de chanvre - rongeurs Kerbl - V\u00e9torino\",\"isPartOf\":{\"@id\":\"https:\\\/\\\/www.vetorino.com\\\/boutique\\\/#website\"},\"primaryImageOfPage\":{\"@id\":\"https:\\\/\\\/www.vetorino.com\\\/boutique\\\/product\\\/tapis-de-chanvre-pour-rongeurs-2\\\/#primaryimage\"},\"image\":{\"@id\":\"https:\\\/\\\/www.vetorino.com\\\/boutique\\\/product\\\/tapis-de-chanvre-pour-rongeurs-2\\\/#primaryimage\"},\"thumbnailUrl\":\"https:\\\/\\\/www.vetorino.com\\\/boutique\\\/wp-content\\\/uploads\\\/2020\\\/06\\\/tapis-de-chanvre-pour-rongeurs.webp\",\"datePublished\":\"2020-06-30T14:26:31+00:00\",\"dateModified\":\"2026-02-13T01:42:11+00:00\",\"description\":\"Le tapis de cage 100\u00a0% chanvre est doux pour les pattes, absorbant, comestible et enti\u00e8rement biod\u00e9gradable. Il convient \u00e0 la fois comme tapis de cage et pour l\u2019isolation thermique des enclos. Caract\u00e9ristiques\u00a0 : Biologique et compostable Totalement digeste Absorbant et a\u00e9r\u00e9 Anti-parasite, anti-allergique\",\"breadcrumb\":{\"@id\":\"https:\\\/\\\/www.vetorino.com\\\/boutique\\\/product\\\/tapis-de-chanvre-pour-rongeurs-2\\\/#breadcrumb\"},\"inLanguage\":\"fr-FR\",\"potentialAction\":[{\"@type\":\"ReadAction\",\"target\":[\"https:\\\/\\\/www.vetorino.com\\\/boutique\\\/product\\\/tapis-de-chanvre-pour-rongeurs-2\\\/\"]}]},{\"@type\":\"ImageObject\",\"inLanguage\":\"fr-FR\",\"@id\":\"https:\\\/\\\/www.vetorino.com\\\/boutique\\\/product\\\/tapis-de-chanvre-pour-rongeurs-2\\\/#primaryimage\",\"url\":\"https:\\\/\\\/www.vetorino.com\\\/boutique\\\/wp-content\\\/uploads\\\/2020\\\/06\\\/tapis-de-chanvre-pour-rongeurs.webp\",\"contentUrl\":\"https:\\\/\\\/www.vetorino.com\\\/boutique\\\/wp-content\\\/uploads\\\/2020\\\/06\\\/tapis-de-chanvre-pour-rongeurs.webp\",\"width\":800,\"height\":800},{\"@type\":\"BreadcrumbList\",\"@id\":\"https:\\\/\\\/www.vetorino.com\\\/boutique\\\/product\\\/tapis-de-chanvre-pour-rongeurs-2\\\/#breadcrumb\",\"itemListElement\":[{\"@type\":\"ListItem\",\"position\":1,\"name\":\"Accueil\",\"item\":\"https:\\\/\\\/www.vetorino.com\\\/boutique\\\/\"},{\"@type\":\"ListItem\",\"position\":2,\"name\":\"Produits\",\"item\":\"https:\\\/\\\/www.vetorino.com\\\/boutique\\\/\"},{\"@type\":\"ListItem\",\"position\":3,\"name\":\"Tapis de chanvre &#8211; rongeurs\"}]},{\"@type\":\"WebSite\",\"@id\":\"https:\\\/\\\/www.vetorino.com\\\/boutique\\\/#website\",\"url\":\"https:\\\/\\\/www.vetorino.com\\\/boutique\\\/\",\"name\":\"V\u00e9torino\",\"description\":\"\",\"publisher\":{\"@id\":\"https:\\\/\\\/www.vetorino.com\\\/boutique\\\/#organization\"},\"potentialAction\":[{\"@type\":\"SearchAction\",\"target\":{\"@type\":\"EntryPoint\",\"urlTemplate\":\"https:\\\/\\\/www.vetorino.com\\\/boutique\\\/?s={search_term_string}\"},\"query-input\":{\"@type\":\"PropertyValueSpecification\",\"valueRequired\":true,\"valueName\":\"search_term_string\"}}],\"inLanguage\":\"fr-FR\"},{\"@type\":\"Organization\",\"@id\":\"https:\\\/\\\/www.vetorino.com\\\/boutique\\\/#organization\",\"name\":\"V\u00e9torino\",\"url\":\"https:\\\/\\\/www.vetorino.com\\\/boutique\\\/\",\"logo\":{\"@type\":\"ImageObject\",\"inLanguage\":\"fr-FR\",\"@id\":\"https:\\\/\\\/www.vetorino.com\\\/boutique\\\/#\\\/schema\\\/logo\\\/image\\\/\",\"url\":\"https:\\\/\\\/www.vetorino.com\\\/boutique\\\/wp-content\\\/uploads\\\/2024\\\/10\\\/logo.jpg\",\"contentUrl\":\"https:\\\/\\\/www.vetorino.com\\\/boutique\\\/wp-content\\\/uploads\\\/2024\\\/10\\\/logo.jpg\",\"width\":1200,\"height\":610,\"caption\":\"V\u00e9torino\"},\"image\":{\"@id\":\"https:\\\/\\\/www.vetorino.com\\\/boutique\\\/#\\\/schema\\\/logo\\\/image\\\/\"},\"sameAs\":[\"https:\\\/\\\/www.facebook.com\\\/Vetorino\\\/\",\"https:\\\/\\\/www.instagram.com\\\/vetorino_off\\\/\",\"https:\\\/\\\/www.linkedin.com\\\/company\\\/vtorino\\\/\"]}]}<\/script>\n<meta property=\"product:brand\" content=\"Kerbl\" \/>\n<meta property=\"product:price:amount\" content=\"11.76\" \/>\n<meta property=\"product:price:currency\" content=\"EUR\" \/>\n<meta property=\"og:availability\" content=\"instock\" \/>\n<meta property=\"product:availability\" content=\"instock\" \/>\n<meta property=\"product:retailer_item_id\" content=\"C-TAP766\" \/>\n<meta property=\"product:condition\" content=\"new\" \/>\n<!-- \/ Yoast SEO plugin. -->","yoast_head_json":{"title":"Tapis de chanvre - rongeurs Kerbl - V\u00e9torino","description":"Le tapis de cage 100\u00a0% chanvre est doux pour les pattes, absorbant, comestible et enti\u00e8rement biod\u00e9gradable.   Il convient \u00e0 la fois comme tapis de cage et pour l\u2019isolation thermique des enclos.  Caract\u00e9ristiques\u00a0 :   Biologique et compostable  Totalement digeste  Absorbant et a\u00e9r\u00e9  Anti-parasite, anti-allergique","robots":{"index":"noindex","follow":"nofollow"},"og_locale":"fr_FR","og_type":"article","og_title":"Tapis de chanvre - rongeurs Kerbl - V\u00e9torino","og_description":"Le tapis de cage 100\u00a0% chanvre est doux pour les pattes, absorbant, comestible et enti\u00e8rement biod\u00e9gradable.   Il convient \u00e0 la fois comme tapis de cage et pour l\u2019isolation thermique des enclos.  Caract\u00e9ristiques\u00a0 :   Biologique et compostable  Totalement digeste  Absorbant et a\u00e9r\u00e9  Anti-parasite, anti-allergique","og_url":"https:\/\/www.vetorino.com\/veterinaire\/saintcyrlecole-78210\/boutique\/product\/tapis-de-chanvre-pour-rongeurs-2\/","og_site_name":"V\u00e9torino","article_publisher":"https:\/\/www.facebook.com\/Vetorino\/","article_modified_time":"2026-02-13T01:42:11+00:00","og_image":[{"width":800,"height":800,"url":"https:\/\/www.vetorino.com\/boutique\/wp-content\/uploads\/2020\/06\/tapis-de-chanvre-pour-rongeurs.webp","type":"image\/webp"}],"twitter_card":"summary_large_image","twitter_misc":{"Prix":"11,76&euro;","Disponibilit\u00e9":"En stock"},"schema":{"@context":"https:\/\/schema.org","@graph":[{"@type":"WebPage","@id":"https:\/\/www.vetorino.com\/boutique\/product\/tapis-de-chanvre-pour-rongeurs-2\/","url":"https:\/\/www.vetorino.com\/boutique\/product\/tapis-de-chanvre-pour-rongeurs-2\/","name":"Tapis de chanvre - rongeurs Kerbl - V\u00e9torino","isPartOf":{"@id":"https:\/\/www.vetorino.com\/boutique\/#website"},"primaryImageOfPage":{"@id":"https:\/\/www.vetorino.com\/boutique\/product\/tapis-de-chanvre-pour-rongeurs-2\/#primaryimage"},"image":{"@id":"https:\/\/www.vetorino.com\/boutique\/product\/tapis-de-chanvre-pour-rongeurs-2\/#primaryimage"},"thumbnailUrl":"https:\/\/www.vetorino.com\/boutique\/wp-content\/uploads\/2020\/06\/tapis-de-chanvre-pour-rongeurs.webp","datePublished":"2020-06-30T14:26:31+00:00","dateModified":"2026-02-13T01:42:11+00:00","description":"Le tapis de cage 100\u00a0% chanvre est doux pour les pattes, absorbant, comestible et enti\u00e8rement biod\u00e9gradable. Il convient \u00e0 la fois comme tapis de cage et pour l\u2019isolation thermique des enclos. Caract\u00e9ristiques\u00a0 : Biologique et compostable Totalement digeste Absorbant et a\u00e9r\u00e9 Anti-parasite, anti-allergique","breadcrumb":{"@id":"https:\/\/www.vetorino.com\/boutique\/product\/tapis-de-chanvre-pour-rongeurs-2\/#breadcrumb"},"inLanguage":"fr-FR","potentialAction":[{"@type":"ReadAction","target":["https:\/\/www.vetorino.com\/boutique\/product\/tapis-de-chanvre-pour-rongeurs-2\/"]}]},{"@type":"ImageObject","inLanguage":"fr-FR","@id":"https:\/\/www.vetorino.com\/boutique\/product\/tapis-de-chanvre-pour-rongeurs-2\/#primaryimage","url":"https:\/\/www.vetorino.com\/boutique\/wp-content\/uploads\/2020\/06\/tapis-de-chanvre-pour-rongeurs.webp","contentUrl":"https:\/\/www.vetorino.com\/boutique\/wp-content\/uploads\/2020\/06\/tapis-de-chanvre-pour-rongeurs.webp","width":800,"height":800},{"@type":"BreadcrumbList","@id":"https:\/\/www.vetorino.com\/boutique\/product\/tapis-de-chanvre-pour-rongeurs-2\/#breadcrumb","itemListElement":[{"@type":"ListItem","position":1,"name":"Accueil","item":"https:\/\/www.vetorino.com\/boutique\/"},{"@type":"ListItem","position":2,"name":"Produits","item":"https:\/\/www.vetorino.com\/boutique\/"},{"@type":"ListItem","position":3,"name":"Tapis de chanvre &#8211; rongeurs"}]},{"@type":"WebSite","@id":"https:\/\/www.vetorino.com\/boutique\/#website","url":"https:\/\/www.vetorino.com\/boutique\/","name":"V\u00e9torino","description":"","publisher":{"@id":"https:\/\/www.vetorino.com\/boutique\/#organization"},"potentialAction":[{"@type":"SearchAction","target":{"@type":"EntryPoint","urlTemplate":"https:\/\/www.vetorino.com\/boutique\/?s={search_term_string}"},"query-input":{"@type":"PropertyValueSpecification","valueRequired":true,"valueName":"search_term_string"}}],"inLanguage":"fr-FR"},{"@type":"Organization","@id":"https:\/\/www.vetorino.com\/boutique\/#organization","name":"V\u00e9torino","url":"https:\/\/www.vetorino.com\/boutique\/","logo":{"@type":"ImageObject","inLanguage":"fr-FR","@id":"https:\/\/www.vetorino.com\/boutique\/#\/schema\/logo\/image\/","url":"https:\/\/www.vetorino.com\/boutique\/wp-content\/uploads\/2024\/10\/logo.jpg","contentUrl":"https:\/\/www.vetorino.com\/boutique\/wp-content\/uploads\/2024\/10\/logo.jpg","width":1200,"height":610,"caption":"V\u00e9torino"},"image":{"@id":"https:\/\/www.vetorino.com\/boutique\/#\/schema\/logo\/image\/"},"sameAs":["https:\/\/www.facebook.com\/Vetorino\/","https:\/\/www.instagram.com\/vetorino_off\/","https:\/\/www.linkedin.com\/company\/vtorino\/"]}]},"product_brand":"Kerbl","product_price_amount":"11.76","product_price_currency":"EUR","og_availability":"instock","product_availability":"instock","product_retailer_item_id":"C-TAP766","product_condition":"new"},"_links":{"self":[{"href":"https:\/\/www.vetorino.com\/veterinaire\/saintcyrlecole-78210\/boutique\/wp-json\/wp\/v2\/product\/102702","targetHints":{"allow":["GET"]}}],"collection":[{"href":"https:\/\/www.vetorino.com\/veterinaire\/saintcyrlecole-78210\/boutique\/wp-json\/wp\/v2\/product"}],"about":[{"href":"https:\/\/www.vetorino.com\/veterinaire\/saintcyrlecole-78210\/boutique\/wp-json\/wp\/v2\/types\/product"}],"wp:featuredmedia":[{"embeddable":true,"href":"https:\/\/www.vetorino.com\/veterinaire\/saintcyrlecole-78210\/boutique\/wp-json\/wp\/v2\/media\/1678513"}],"wp:attachment":[{"href":"https:\/\/www.vetorino.com\/veterinaire\/saintcyrlecole-78210\/boutique\/wp-json\/wp\/v2\/media?parent=102702"}],"wp:term":[{"taxonomy":"product_cat","embeddable":true,"href":"https:\/\/www.vetorino.com\/veterinaire\/saintcyrlecole-78210\/boutique\/wp-json\/wp\/v2\/product_cat?post=102702"},{"taxonomy":"product_tag","embeddable":true,"href":"https:\/\/www.vetorino.com\/veterinaire\/saintcyrlecole-78210\/boutique\/wp-json\/wp\/v2\/product_tag?post=102702"}],"curies":[{"name":"wp","href":"https:\/\/api.w.org\/{rel}","templated":true}]}}