{"id":89342,"date":"2020-06-26T03:08:47","date_gmt":"2020-06-26T01:08:47","guid":{"rendered":"https:\/\/www.vetorino.com\/boutique\/product\/aloe-heal\/"},"modified":"2026-02-13T02:42:12","modified_gmt":"2026-02-13T01:42:12","slug":"aloe-heal","status":"publish","type":"product","link":"https:\/\/www.vetorino.com\/veterinaire\/saintcyrlecole-78210\/boutique\/product\/aloe-heal\/","title":{"rendered":"Alo\u00e9 Heal"},"content":{"rendered":"<p><strong>Farnam\u00a0Aloe Heal<\/strong> est une cr\u00e8me de premier soin pour les petites blessures du cheval, enrichie en\u00a0<em>Aloe vera<\/em>\u00a0et vitamines, qui favorise l&#8217;hydratation et la cicatrisation de la peau.<\/p>\n<p><b>Utilisation:<\/b><\/p>\n<ul>\n<li>Les crevasses, les ger\u00e7ures<\/li>\n<li>Les \u00e9raflures<\/li>\n<li>Les plaies superficielles<\/li>\n<li>Les br\u00fblures mineures<\/li>\n<\/ul>\n<p><em>Mode d&#8217;emploi:<\/em><\/p>\n<p>1 &#8211; Tondre les poils si n\u00e9cessaire.<br \/>\n2 &#8211; Nettoyer la zone concern\u00e9e avec de l\u2019eau et du savon non irritant.<br \/>\n3 &#8211; Bien s\u00e9cher.<br \/>\n4 &#8211; Appliquer une couche de cr\u00e8me.<br \/>\n5 &#8211; Couvrir si possible.<\/p>\n<p>Cette cr\u00e8me de soin peut \u00eatre appliqu\u00e9e plusieurs fois par jour;<br \/>\nSi le probl\u00e8me persiste ou s\u2019accro\u00eet, arr\u00eatez l\u2019application et appelez votre v\u00e9t\u00e9rinaire.<\/p>\n","protected":false},"excerpt":{"rendered":"<p><strong>Farnam\u00a0Aloe Heal<\/strong> est une cr\u00e8me de premier soin pour les petites blessures du cheval, enrichie en\u00a0<em>Aloe vera<\/em>\u00a0et vitamines, qui favorise l&#8217;hydratation et la cicatrisation de la peau.<\/p>\n","protected":false},"featured_media":213498,"template":"","meta":[],"product_cat":[12547,13093,12565,13409,12755,12754],"product_tag":[],"class_list":{"0":"post-89342","1":"product","2":"type-product","3":"status-publish","4":"has-post-thumbnail","6":"product_cat-cheval","7":"product_cat-soin-musculaire-du-cheval","8":"product_cat-peau-corne-crin-du-cheval","9":"product_cat-soin-des-yeux-du-cheval","10":"product_cat-soins-des-pieds-du-cheval","11":"product_cat-soins-au-quotidien-du-cheval","12":"pa_marque-pommier-nutrition-ex-fed","14":"first","15":"instock","16":"taxable","17":"shipping-taxable","18":"purchasable","19":"product-type-simple"},"yoast_head":"<!-- This site is optimized with the Yoast SEO plugin v27.3 - https:\/\/yoast.com\/product\/yoast-seo-wordpress\/ -->\n<title>Alo\u00e9 Heal Pommier Nutrition Ex - V\u00e9torino<\/title>\n<meta name=\"description\" content=\"Farnam\u00a0Aloe Heal est une cr\u00e8me de premier soin pour les petites blessures du cheval, enrichie en\u00a0Aloe vera\u00a0et vitamines, qui favorise l&#039;hydratation et la cicatrisation de la peau.\" \/>\n<meta name=\"robots\" content=\"noindex, nofollow\" \/>\n<meta property=\"og:locale\" content=\"fr_FR\" \/>\n<meta property=\"og:type\" content=\"article\" \/>\n<meta property=\"og:title\" content=\"Alo\u00e9 Heal Pommier Nutrition Ex - V\u00e9torino\" \/>\n<meta property=\"og:description\" content=\"Farnam\u00a0Aloe Heal est une cr\u00e8me de premier soin pour les petites blessures du cheval, enrichie en\u00a0Aloe vera\u00a0et vitamines, qui favorise l&#039;hydratation et la cicatrisation de la peau.\" \/>\n<meta property=\"og:url\" content=\"https:\/\/www.vetorino.com\/veterinaire\/saintcyrlecole-78210\/boutique\/product\/aloe-heal\/\" \/>\n<meta property=\"og:site_name\" content=\"V\u00e9torino\" \/>\n<meta property=\"article:publisher\" content=\"https:\/\/www.facebook.com\/Vetorino\/\" \/>\n<meta property=\"article:modified_time\" content=\"2026-02-13T01:42:12+00:00\" \/>\n<meta property=\"og:image\" content=\"https:\/\/www.vetorino.com\/boutique\/wp-content\/uploads\/2020\/06\/aloe-heal-farnam.jpg\" \/>\n\t<meta property=\"og:image:width\" content=\"458\" \/>\n\t<meta property=\"og:image:height\" content=\"458\" \/>\n\t<meta property=\"og:image:type\" content=\"image\/jpeg\" \/>\n<meta name=\"twitter:card\" content=\"summary_large_image\" \/>\n<meta name=\"twitter:label1\" content=\"Prix\" \/>\n\t<meta name=\"twitter:data1\" content=\"28,77&euro;\" \/>\n\t<meta name=\"twitter:label2\" content=\"Disponibilit\u00e9\" \/>\n\t<meta name=\"twitter:data2\" content=\"En stock\" \/>\n<script type=\"application\/ld+json\" class=\"yoast-schema-graph\">{\"@context\":\"https:\\\/\\\/schema.org\",\"@graph\":[{\"@type\":\"WebPage\",\"@id\":\"https:\\\/\\\/www.vetorino.com\\\/boutique\\\/product\\\/aloe-heal\\\/\",\"url\":\"https:\\\/\\\/www.vetorino.com\\\/boutique\\\/product\\\/aloe-heal\\\/\",\"name\":\"Alo\u00e9 Heal Pommier Nutrition Ex - V\u00e9torino\",\"isPartOf\":{\"@id\":\"https:\\\/\\\/www.vetorino.com\\\/boutique\\\/#website\"},\"primaryImageOfPage\":{\"@id\":\"https:\\\/\\\/www.vetorino.com\\\/boutique\\\/product\\\/aloe-heal\\\/#primaryimage\"},\"image\":{\"@id\":\"https:\\\/\\\/www.vetorino.com\\\/boutique\\\/product\\\/aloe-heal\\\/#primaryimage\"},\"thumbnailUrl\":\"https:\\\/\\\/www.vetorino.com\\\/boutique\\\/wp-content\\\/uploads\\\/2020\\\/06\\\/aloe-heal-farnam.jpg\",\"datePublished\":\"2020-06-26T01:08:47+00:00\",\"dateModified\":\"2026-02-13T01:42:12+00:00\",\"description\":\"Farnam\u00a0Aloe Heal est une cr\u00e8me de premier soin pour les petites blessures du cheval, enrichie en\u00a0Aloe vera\u00a0et vitamines, qui favorise l'hydratation et la cicatrisation de la peau.\",\"breadcrumb\":{\"@id\":\"https:\\\/\\\/www.vetorino.com\\\/boutique\\\/product\\\/aloe-heal\\\/#breadcrumb\"},\"inLanguage\":\"fr-FR\",\"potentialAction\":[{\"@type\":\"ReadAction\",\"target\":[\"https:\\\/\\\/www.vetorino.com\\\/boutique\\\/product\\\/aloe-heal\\\/\"]}]},{\"@type\":\"ImageObject\",\"inLanguage\":\"fr-FR\",\"@id\":\"https:\\\/\\\/www.vetorino.com\\\/boutique\\\/product\\\/aloe-heal\\\/#primaryimage\",\"url\":\"https:\\\/\\\/www.vetorino.com\\\/boutique\\\/wp-content\\\/uploads\\\/2020\\\/06\\\/aloe-heal-farnam.jpg\",\"contentUrl\":\"https:\\\/\\\/www.vetorino.com\\\/boutique\\\/wp-content\\\/uploads\\\/2020\\\/06\\\/aloe-heal-farnam.jpg\",\"width\":458,\"height\":458},{\"@type\":\"BreadcrumbList\",\"@id\":\"https:\\\/\\\/www.vetorino.com\\\/boutique\\\/product\\\/aloe-heal\\\/#breadcrumb\",\"itemListElement\":[{\"@type\":\"ListItem\",\"position\":1,\"name\":\"Accueil\",\"item\":\"https:\\\/\\\/www.vetorino.com\\\/boutique\\\/\"},{\"@type\":\"ListItem\",\"position\":2,\"name\":\"Produits\",\"item\":\"https:\\\/\\\/www.vetorino.com\\\/boutique\\\/\"},{\"@type\":\"ListItem\",\"position\":3,\"name\":\"Alo\u00e9 Heal\"}]},{\"@type\":\"WebSite\",\"@id\":\"https:\\\/\\\/www.vetorino.com\\\/boutique\\\/#website\",\"url\":\"https:\\\/\\\/www.vetorino.com\\\/boutique\\\/\",\"name\":\"V\u00e9torino\",\"description\":\"\",\"publisher\":{\"@id\":\"https:\\\/\\\/www.vetorino.com\\\/boutique\\\/#organization\"},\"potentialAction\":[{\"@type\":\"SearchAction\",\"target\":{\"@type\":\"EntryPoint\",\"urlTemplate\":\"https:\\\/\\\/www.vetorino.com\\\/boutique\\\/?s={search_term_string}\"},\"query-input\":{\"@type\":\"PropertyValueSpecification\",\"valueRequired\":true,\"valueName\":\"search_term_string\"}}],\"inLanguage\":\"fr-FR\"},{\"@type\":\"Organization\",\"@id\":\"https:\\\/\\\/www.vetorino.com\\\/boutique\\\/#organization\",\"name\":\"V\u00e9torino\",\"url\":\"https:\\\/\\\/www.vetorino.com\\\/boutique\\\/\",\"logo\":{\"@type\":\"ImageObject\",\"inLanguage\":\"fr-FR\",\"@id\":\"https:\\\/\\\/www.vetorino.com\\\/boutique\\\/#\\\/schema\\\/logo\\\/image\\\/\",\"url\":\"https:\\\/\\\/www.vetorino.com\\\/boutique\\\/wp-content\\\/uploads\\\/2024\\\/10\\\/logo.jpg\",\"contentUrl\":\"https:\\\/\\\/www.vetorino.com\\\/boutique\\\/wp-content\\\/uploads\\\/2024\\\/10\\\/logo.jpg\",\"width\":1200,\"height\":610,\"caption\":\"V\u00e9torino\"},\"image\":{\"@id\":\"https:\\\/\\\/www.vetorino.com\\\/boutique\\\/#\\\/schema\\\/logo\\\/image\\\/\"},\"sameAs\":[\"https:\\\/\\\/www.facebook.com\\\/Vetorino\\\/\",\"https:\\\/\\\/www.instagram.com\\\/vetorino_off\\\/\",\"https:\\\/\\\/www.linkedin.com\\\/company\\\/vtorino\\\/\"]}]}<\/script>\n<meta property=\"product:brand\" content=\"Pommier Nutrition Ex\" \/>\n<meta property=\"product:price:amount\" content=\"28.77\" \/>\n<meta property=\"product:price:currency\" content=\"EUR\" \/>\n<meta property=\"og:availability\" content=\"instock\" \/>\n<meta property=\"product:availability\" content=\"instock\" \/>\n<meta property=\"product:retailer_item_id\" content=\"C-ALO001\" \/>\n<meta property=\"product:condition\" content=\"new\" \/>\n<!-- \/ Yoast SEO plugin. -->","yoast_head_json":{"title":"Alo\u00e9 Heal Pommier Nutrition Ex - V\u00e9torino","description":"Farnam\u00a0Aloe Heal est une cr\u00e8me de premier soin pour les petites blessures du cheval, enrichie en\u00a0Aloe vera\u00a0et vitamines, qui favorise l'hydratation et la cicatrisation de la peau.","robots":{"index":"noindex","follow":"nofollow"},"og_locale":"fr_FR","og_type":"article","og_title":"Alo\u00e9 Heal Pommier Nutrition Ex - V\u00e9torino","og_description":"Farnam\u00a0Aloe Heal est une cr\u00e8me de premier soin pour les petites blessures du cheval, enrichie en\u00a0Aloe vera\u00a0et vitamines, qui favorise l'hydratation et la cicatrisation de la peau.","og_url":"https:\/\/www.vetorino.com\/veterinaire\/saintcyrlecole-78210\/boutique\/product\/aloe-heal\/","og_site_name":"V\u00e9torino","article_publisher":"https:\/\/www.facebook.com\/Vetorino\/","article_modified_time":"2026-02-13T01:42:12+00:00","og_image":[{"width":458,"height":458,"url":"https:\/\/www.vetorino.com\/boutique\/wp-content\/uploads\/2020\/06\/aloe-heal-farnam.jpg","type":"image\/jpeg"}],"twitter_card":"summary_large_image","twitter_misc":{"Prix":"28,77&euro;","Disponibilit\u00e9":"En stock"},"schema":{"@context":"https:\/\/schema.org","@graph":[{"@type":"WebPage","@id":"https:\/\/www.vetorino.com\/boutique\/product\/aloe-heal\/","url":"https:\/\/www.vetorino.com\/boutique\/product\/aloe-heal\/","name":"Alo\u00e9 Heal Pommier Nutrition Ex - V\u00e9torino","isPartOf":{"@id":"https:\/\/www.vetorino.com\/boutique\/#website"},"primaryImageOfPage":{"@id":"https:\/\/www.vetorino.com\/boutique\/product\/aloe-heal\/#primaryimage"},"image":{"@id":"https:\/\/www.vetorino.com\/boutique\/product\/aloe-heal\/#primaryimage"},"thumbnailUrl":"https:\/\/www.vetorino.com\/boutique\/wp-content\/uploads\/2020\/06\/aloe-heal-farnam.jpg","datePublished":"2020-06-26T01:08:47+00:00","dateModified":"2026-02-13T01:42:12+00:00","description":"Farnam\u00a0Aloe Heal est une cr\u00e8me de premier soin pour les petites blessures du cheval, enrichie en\u00a0Aloe vera\u00a0et vitamines, qui favorise l'hydratation et la cicatrisation de la peau.","breadcrumb":{"@id":"https:\/\/www.vetorino.com\/boutique\/product\/aloe-heal\/#breadcrumb"},"inLanguage":"fr-FR","potentialAction":[{"@type":"ReadAction","target":["https:\/\/www.vetorino.com\/boutique\/product\/aloe-heal\/"]}]},{"@type":"ImageObject","inLanguage":"fr-FR","@id":"https:\/\/www.vetorino.com\/boutique\/product\/aloe-heal\/#primaryimage","url":"https:\/\/www.vetorino.com\/boutique\/wp-content\/uploads\/2020\/06\/aloe-heal-farnam.jpg","contentUrl":"https:\/\/www.vetorino.com\/boutique\/wp-content\/uploads\/2020\/06\/aloe-heal-farnam.jpg","width":458,"height":458},{"@type":"BreadcrumbList","@id":"https:\/\/www.vetorino.com\/boutique\/product\/aloe-heal\/#breadcrumb","itemListElement":[{"@type":"ListItem","position":1,"name":"Accueil","item":"https:\/\/www.vetorino.com\/boutique\/"},{"@type":"ListItem","position":2,"name":"Produits","item":"https:\/\/www.vetorino.com\/boutique\/"},{"@type":"ListItem","position":3,"name":"Alo\u00e9 Heal"}]},{"@type":"WebSite","@id":"https:\/\/www.vetorino.com\/boutique\/#website","url":"https:\/\/www.vetorino.com\/boutique\/","name":"V\u00e9torino","description":"","publisher":{"@id":"https:\/\/www.vetorino.com\/boutique\/#organization"},"potentialAction":[{"@type":"SearchAction","target":{"@type":"EntryPoint","urlTemplate":"https:\/\/www.vetorino.com\/boutique\/?s={search_term_string}"},"query-input":{"@type":"PropertyValueSpecification","valueRequired":true,"valueName":"search_term_string"}}],"inLanguage":"fr-FR"},{"@type":"Organization","@id":"https:\/\/www.vetorino.com\/boutique\/#organization","name":"V\u00e9torino","url":"https:\/\/www.vetorino.com\/boutique\/","logo":{"@type":"ImageObject","inLanguage":"fr-FR","@id":"https:\/\/www.vetorino.com\/boutique\/#\/schema\/logo\/image\/","url":"https:\/\/www.vetorino.com\/boutique\/wp-content\/uploads\/2024\/10\/logo.jpg","contentUrl":"https:\/\/www.vetorino.com\/boutique\/wp-content\/uploads\/2024\/10\/logo.jpg","width":1200,"height":610,"caption":"V\u00e9torino"},"image":{"@id":"https:\/\/www.vetorino.com\/boutique\/#\/schema\/logo\/image\/"},"sameAs":["https:\/\/www.facebook.com\/Vetorino\/","https:\/\/www.instagram.com\/vetorino_off\/","https:\/\/www.linkedin.com\/company\/vtorino\/"]}]},"product_brand":"Pommier Nutrition Ex","product_price_amount":"28.77","product_price_currency":"EUR","og_availability":"instock","product_availability":"instock","product_retailer_item_id":"C-ALO001","product_condition":"new"},"_links":{"self":[{"href":"https:\/\/www.vetorino.com\/veterinaire\/saintcyrlecole-78210\/boutique\/wp-json\/wp\/v2\/product\/89342","targetHints":{"allow":["GET"]}}],"collection":[{"href":"https:\/\/www.vetorino.com\/veterinaire\/saintcyrlecole-78210\/boutique\/wp-json\/wp\/v2\/product"}],"about":[{"href":"https:\/\/www.vetorino.com\/veterinaire\/saintcyrlecole-78210\/boutique\/wp-json\/wp\/v2\/types\/product"}],"wp:featuredmedia":[{"embeddable":true,"href":"https:\/\/www.vetorino.com\/veterinaire\/saintcyrlecole-78210\/boutique\/wp-json\/wp\/v2\/media\/213498"}],"wp:attachment":[{"href":"https:\/\/www.vetorino.com\/veterinaire\/saintcyrlecole-78210\/boutique\/wp-json\/wp\/v2\/media?parent=89342"}],"wp:term":[{"taxonomy":"product_cat","embeddable":true,"href":"https:\/\/www.vetorino.com\/veterinaire\/saintcyrlecole-78210\/boutique\/wp-json\/wp\/v2\/product_cat?post=89342"},{"taxonomy":"product_tag","embeddable":true,"href":"https:\/\/www.vetorino.com\/veterinaire\/saintcyrlecole-78210\/boutique\/wp-json\/wp\/v2\/product_tag?post=89342"}],"curies":[{"name":"wp","href":"https:\/\/api.w.org\/{rel}","templated":true}]}}