{"id":96463,"date":"2020-06-29T17:43:10","date_gmt":"2020-06-29T15:43:10","guid":{"rendered":"https:\/\/www.vetorino.com\/boutique\/product\/galox-azur\/"},"modified":"2021-10-02T23:51:35","modified_gmt":"2021-10-02T21:51:35","slug":"galox-azur","status":"publish","type":"product","link":"https:\/\/www.vetorino.com\/veterinaire\/saintcyrlecole-78210\/boutique\/product\/galox-azur\/","title":{"rendered":"Galox Azur"},"content":{"rendered":"<div class=\"hidden\">KERSIA HYPRED<\/div>\n<div class=\"hidden\">Bovins<\/div>\n<div class=\"hidden\">Hygi\u00e8ne des b\u00e2timents<\/div>\n<p>Sp\u00e9cialit\u00e9 de couleur bleut\u00e9e pour la d\u00e9sinfection des installations, du mat\u00e9riel, des outils, des locaux et des pediluves. La solution bleut\u00e9e se d\u00e9colore quand les mati\u00e8res actives sont \u00e9puis\u00e9es.<\/p>\n","protected":false},"excerpt":{"rendered":"<p>KERSIA HYPRED Bovins Hygi\u00e8ne des b\u00e2timents Sp\u00e9cialit\u00e9 de couleur bleut\u00e9e pour la d\u00e9sinfection des installations, du mat\u00e9riel, des outils, des locaux et des pediluves. La solution bleut\u00e9e se d\u00e9colore quand les mati\u00e8res actives sont \u00e9puis\u00e9es.<\/p>\n","protected":false},"featured_media":96462,"template":"","meta":[],"product_cat":[6864,6871,12547,12762,12760],"product_tag":[],"class_list":{"0":"post-96463","1":"product","2":"type-product","3":"status-publish","4":"has-post-thumbnail","6":"product_cat-animaux-delevage","7":"product_cat-caprins","8":"product_cat-cheval","9":"product_cat-hygiene-des-batiments","10":"product_cat-materiel-et-equipement-du-cheval","11":"pa_marque-kersia-hypred","13":"first","14":"outofstock","15":"taxable","16":"shipping-taxable","17":"purchasable","18":"product-type-simple"},"yoast_head":"<!-- This site is optimized with the Yoast SEO plugin v27.3 - https:\/\/yoast.com\/product\/yoast-seo-wordpress\/ -->\n<title>Galox Azur KERSIA HYPRED - V\u00e9torino<\/title>\n<meta name=\"description\" content=\"KERSIA HYPRED Bovins Hygi\u00e8ne des b\u00e2timents Sp\u00e9cialit\u00e9 de couleur bleut\u00e9e pour la d\u00e9sinfection des installations, du mat\u00e9riel, des outils, des locaux et\" \/>\n<meta name=\"robots\" content=\"noindex, nofollow\" \/>\n<meta property=\"og:locale\" content=\"fr_FR\" \/>\n<meta property=\"og:type\" content=\"article\" \/>\n<meta property=\"og:title\" content=\"Galox Azur KERSIA HYPRED - V\u00e9torino\" \/>\n<meta property=\"og:description\" content=\"KERSIA HYPRED Bovins Hygi\u00e8ne des b\u00e2timents Sp\u00e9cialit\u00e9 de couleur bleut\u00e9e pour la d\u00e9sinfection des installations, du mat\u00e9riel, des outils, des locaux et\" \/>\n<meta property=\"og:url\" content=\"https:\/\/www.vetorino.com\/veterinaire\/saintcyrlecole-78210\/boutique\/product\/galox-azur\/\" \/>\n<meta property=\"og:site_name\" content=\"V\u00e9torino\" \/>\n<meta property=\"article:publisher\" content=\"https:\/\/www.facebook.com\/Vetorino\/\" \/>\n<meta property=\"article:modified_time\" content=\"2021-10-02T21:51:35+00:00\" \/>\n<meta property=\"og:image\" content=\"https:\/\/www.vetorino.com\/boutique\/wp-content\/uploads\/2020\/06\/FilsGAL010FormatMediumTypeIM.png\" \/>\n\t<meta property=\"og:image:width\" content=\"400\" \/>\n\t<meta property=\"og:image:height\" content=\"400\" \/>\n\t<meta property=\"og:image:type\" content=\"image\/png\" \/>\n<meta name=\"twitter:card\" content=\"summary_large_image\" \/>\n<meta name=\"twitter:label1\" content=\"Prix\" \/>\n\t<meta name=\"twitter:data1\" content=\"40,46&euro;\" \/>\n\t<meta name=\"twitter:label2\" content=\"Disponibilit\u00e9\" \/>\n\t<meta name=\"twitter:data2\" content=\"Rupture de stock\" \/>\n<script type=\"application\/ld+json\" class=\"yoast-schema-graph\">{\"@context\":\"https:\\\/\\\/schema.org\",\"@graph\":[{\"@type\":\"WebPage\",\"@id\":\"https:\\\/\\\/www.vetorino.com\\\/boutique\\\/product\\\/galox-azur\\\/\",\"url\":\"https:\\\/\\\/www.vetorino.com\\\/boutique\\\/product\\\/galox-azur\\\/\",\"name\":\"Galox Azur KERSIA HYPRED - V\u00e9torino\",\"isPartOf\":{\"@id\":\"https:\\\/\\\/www.vetorino.com\\\/boutique\\\/#website\"},\"primaryImageOfPage\":{\"@id\":\"https:\\\/\\\/www.vetorino.com\\\/boutique\\\/product\\\/galox-azur\\\/#primaryimage\"},\"image\":{\"@id\":\"https:\\\/\\\/www.vetorino.com\\\/boutique\\\/product\\\/galox-azur\\\/#primaryimage\"},\"thumbnailUrl\":\"https:\\\/\\\/www.vetorino.com\\\/boutique\\\/wp-content\\\/uploads\\\/2020\\\/06\\\/FilsGAL010FormatMediumTypeIM.png\",\"datePublished\":\"2020-06-29T15:43:10+00:00\",\"dateModified\":\"2021-10-02T21:51:35+00:00\",\"description\":\"KERSIA HYPRED Bovins Hygi\u00e8ne des b\u00e2timents Sp\u00e9cialit\u00e9 de couleur bleut\u00e9e pour la d\u00e9sinfection des installations, du mat\u00e9riel, des outils, des locaux et\",\"breadcrumb\":{\"@id\":\"https:\\\/\\\/www.vetorino.com\\\/boutique\\\/product\\\/galox-azur\\\/#breadcrumb\"},\"inLanguage\":\"fr-FR\",\"potentialAction\":[{\"@type\":\"ReadAction\",\"target\":[\"https:\\\/\\\/www.vetorino.com\\\/boutique\\\/product\\\/galox-azur\\\/\"]}]},{\"@type\":\"ImageObject\",\"inLanguage\":\"fr-FR\",\"@id\":\"https:\\\/\\\/www.vetorino.com\\\/boutique\\\/product\\\/galox-azur\\\/#primaryimage\",\"url\":\"https:\\\/\\\/www.vetorino.com\\\/boutique\\\/wp-content\\\/uploads\\\/2020\\\/06\\\/FilsGAL010FormatMediumTypeIM.png\",\"contentUrl\":\"https:\\\/\\\/www.vetorino.com\\\/boutique\\\/wp-content\\\/uploads\\\/2020\\\/06\\\/FilsGAL010FormatMediumTypeIM.png\",\"width\":400,\"height\":400},{\"@type\":\"BreadcrumbList\",\"@id\":\"https:\\\/\\\/www.vetorino.com\\\/boutique\\\/product\\\/galox-azur\\\/#breadcrumb\",\"itemListElement\":[{\"@type\":\"ListItem\",\"position\":1,\"name\":\"Accueil\",\"item\":\"https:\\\/\\\/www.vetorino.com\\\/boutique\\\/\"},{\"@type\":\"ListItem\",\"position\":2,\"name\":\"Produits\",\"item\":\"https:\\\/\\\/www.vetorino.com\\\/boutique\\\/\"},{\"@type\":\"ListItem\",\"position\":3,\"name\":\"Galox Azur\"}]},{\"@type\":\"WebSite\",\"@id\":\"https:\\\/\\\/www.vetorino.com\\\/boutique\\\/#website\",\"url\":\"https:\\\/\\\/www.vetorino.com\\\/boutique\\\/\",\"name\":\"V\u00e9torino\",\"description\":\"\",\"publisher\":{\"@id\":\"https:\\\/\\\/www.vetorino.com\\\/boutique\\\/#organization\"},\"potentialAction\":[{\"@type\":\"SearchAction\",\"target\":{\"@type\":\"EntryPoint\",\"urlTemplate\":\"https:\\\/\\\/www.vetorino.com\\\/boutique\\\/?s={search_term_string}\"},\"query-input\":{\"@type\":\"PropertyValueSpecification\",\"valueRequired\":true,\"valueName\":\"search_term_string\"}}],\"inLanguage\":\"fr-FR\"},{\"@type\":\"Organization\",\"@id\":\"https:\\\/\\\/www.vetorino.com\\\/boutique\\\/#organization\",\"name\":\"V\u00e9torino\",\"url\":\"https:\\\/\\\/www.vetorino.com\\\/boutique\\\/\",\"logo\":{\"@type\":\"ImageObject\",\"inLanguage\":\"fr-FR\",\"@id\":\"https:\\\/\\\/www.vetorino.com\\\/boutique\\\/#\\\/schema\\\/logo\\\/image\\\/\",\"url\":\"https:\\\/\\\/www.vetorino.com\\\/boutique\\\/wp-content\\\/uploads\\\/2024\\\/10\\\/logo.jpg\",\"contentUrl\":\"https:\\\/\\\/www.vetorino.com\\\/boutique\\\/wp-content\\\/uploads\\\/2024\\\/10\\\/logo.jpg\",\"width\":1200,\"height\":610,\"caption\":\"V\u00e9torino\"},\"image\":{\"@id\":\"https:\\\/\\\/www.vetorino.com\\\/boutique\\\/#\\\/schema\\\/logo\\\/image\\\/\"},\"sameAs\":[\"https:\\\/\\\/www.facebook.com\\\/Vetorino\\\/\",\"https:\\\/\\\/www.instagram.com\\\/vetorino_off\\\/\",\"https:\\\/\\\/www.linkedin.com\\\/company\\\/vtorino\\\/\"]}]}<\/script>\n<meta property=\"product:brand\" content=\"KERSIA HYPRED\" \/>\n<meta property=\"product:price:amount\" content=\"40.46\" \/>\n<meta property=\"product:price:currency\" content=\"EUR\" \/>\n<meta property=\"og:availability\" content=\"out of stock\" \/>\n<meta property=\"product:availability\" content=\"out of stock\" \/>\n<meta property=\"product:retailer_item_id\" content=\"C-GAL010\" \/>\n<meta property=\"product:condition\" content=\"new\" \/>\n<!-- \/ Yoast SEO plugin. -->","yoast_head_json":{"title":"Galox Azur KERSIA HYPRED - V\u00e9torino","description":"KERSIA HYPRED Bovins Hygi\u00e8ne des b\u00e2timents Sp\u00e9cialit\u00e9 de couleur bleut\u00e9e pour la d\u00e9sinfection des installations, du mat\u00e9riel, des outils, des locaux et","robots":{"index":"noindex","follow":"nofollow"},"og_locale":"fr_FR","og_type":"article","og_title":"Galox Azur KERSIA HYPRED - V\u00e9torino","og_description":"KERSIA HYPRED Bovins Hygi\u00e8ne des b\u00e2timents Sp\u00e9cialit\u00e9 de couleur bleut\u00e9e pour la d\u00e9sinfection des installations, du mat\u00e9riel, des outils, des locaux et","og_url":"https:\/\/www.vetorino.com\/veterinaire\/saintcyrlecole-78210\/boutique\/product\/galox-azur\/","og_site_name":"V\u00e9torino","article_publisher":"https:\/\/www.facebook.com\/Vetorino\/","article_modified_time":"2021-10-02T21:51:35+00:00","og_image":[{"width":400,"height":400,"url":"https:\/\/www.vetorino.com\/boutique\/wp-content\/uploads\/2020\/06\/FilsGAL010FormatMediumTypeIM.png","type":"image\/png"}],"twitter_card":"summary_large_image","twitter_misc":{"Prix":"40,46&euro;","Disponibilit\u00e9":"Rupture de stock"},"schema":{"@context":"https:\/\/schema.org","@graph":[{"@type":"WebPage","@id":"https:\/\/www.vetorino.com\/boutique\/product\/galox-azur\/","url":"https:\/\/www.vetorino.com\/boutique\/product\/galox-azur\/","name":"Galox Azur KERSIA HYPRED - V\u00e9torino","isPartOf":{"@id":"https:\/\/www.vetorino.com\/boutique\/#website"},"primaryImageOfPage":{"@id":"https:\/\/www.vetorino.com\/boutique\/product\/galox-azur\/#primaryimage"},"image":{"@id":"https:\/\/www.vetorino.com\/boutique\/product\/galox-azur\/#primaryimage"},"thumbnailUrl":"https:\/\/www.vetorino.com\/boutique\/wp-content\/uploads\/2020\/06\/FilsGAL010FormatMediumTypeIM.png","datePublished":"2020-06-29T15:43:10+00:00","dateModified":"2021-10-02T21:51:35+00:00","description":"KERSIA HYPRED Bovins Hygi\u00e8ne des b\u00e2timents Sp\u00e9cialit\u00e9 de couleur bleut\u00e9e pour la d\u00e9sinfection des installations, du mat\u00e9riel, des outils, des locaux et","breadcrumb":{"@id":"https:\/\/www.vetorino.com\/boutique\/product\/galox-azur\/#breadcrumb"},"inLanguage":"fr-FR","potentialAction":[{"@type":"ReadAction","target":["https:\/\/www.vetorino.com\/boutique\/product\/galox-azur\/"]}]},{"@type":"ImageObject","inLanguage":"fr-FR","@id":"https:\/\/www.vetorino.com\/boutique\/product\/galox-azur\/#primaryimage","url":"https:\/\/www.vetorino.com\/boutique\/wp-content\/uploads\/2020\/06\/FilsGAL010FormatMediumTypeIM.png","contentUrl":"https:\/\/www.vetorino.com\/boutique\/wp-content\/uploads\/2020\/06\/FilsGAL010FormatMediumTypeIM.png","width":400,"height":400},{"@type":"BreadcrumbList","@id":"https:\/\/www.vetorino.com\/boutique\/product\/galox-azur\/#breadcrumb","itemListElement":[{"@type":"ListItem","position":1,"name":"Accueil","item":"https:\/\/www.vetorino.com\/boutique\/"},{"@type":"ListItem","position":2,"name":"Produits","item":"https:\/\/www.vetorino.com\/boutique\/"},{"@type":"ListItem","position":3,"name":"Galox Azur"}]},{"@type":"WebSite","@id":"https:\/\/www.vetorino.com\/boutique\/#website","url":"https:\/\/www.vetorino.com\/boutique\/","name":"V\u00e9torino","description":"","publisher":{"@id":"https:\/\/www.vetorino.com\/boutique\/#organization"},"potentialAction":[{"@type":"SearchAction","target":{"@type":"EntryPoint","urlTemplate":"https:\/\/www.vetorino.com\/boutique\/?s={search_term_string}"},"query-input":{"@type":"PropertyValueSpecification","valueRequired":true,"valueName":"search_term_string"}}],"inLanguage":"fr-FR"},{"@type":"Organization","@id":"https:\/\/www.vetorino.com\/boutique\/#organization","name":"V\u00e9torino","url":"https:\/\/www.vetorino.com\/boutique\/","logo":{"@type":"ImageObject","inLanguage":"fr-FR","@id":"https:\/\/www.vetorino.com\/boutique\/#\/schema\/logo\/image\/","url":"https:\/\/www.vetorino.com\/boutique\/wp-content\/uploads\/2024\/10\/logo.jpg","contentUrl":"https:\/\/www.vetorino.com\/boutique\/wp-content\/uploads\/2024\/10\/logo.jpg","width":1200,"height":610,"caption":"V\u00e9torino"},"image":{"@id":"https:\/\/www.vetorino.com\/boutique\/#\/schema\/logo\/image\/"},"sameAs":["https:\/\/www.facebook.com\/Vetorino\/","https:\/\/www.instagram.com\/vetorino_off\/","https:\/\/www.linkedin.com\/company\/vtorino\/"]}]},"product_brand":"KERSIA HYPRED","product_price_amount":"40.46","product_price_currency":"EUR","og_availability":"out of stock","product_availability":"out of stock","product_retailer_item_id":"C-GAL010","product_condition":"new"},"_links":{"self":[{"href":"https:\/\/www.vetorino.com\/veterinaire\/saintcyrlecole-78210\/boutique\/wp-json\/wp\/v2\/product\/96463","targetHints":{"allow":["GET"]}}],"collection":[{"href":"https:\/\/www.vetorino.com\/veterinaire\/saintcyrlecole-78210\/boutique\/wp-json\/wp\/v2\/product"}],"about":[{"href":"https:\/\/www.vetorino.com\/veterinaire\/saintcyrlecole-78210\/boutique\/wp-json\/wp\/v2\/types\/product"}],"wp:featuredmedia":[{"embeddable":true,"href":"https:\/\/www.vetorino.com\/veterinaire\/saintcyrlecole-78210\/boutique\/wp-json\/wp\/v2\/media\/96462"}],"wp:attachment":[{"href":"https:\/\/www.vetorino.com\/veterinaire\/saintcyrlecole-78210\/boutique\/wp-json\/wp\/v2\/media?parent=96463"}],"wp:term":[{"taxonomy":"product_cat","embeddable":true,"href":"https:\/\/www.vetorino.com\/veterinaire\/saintcyrlecole-78210\/boutique\/wp-json\/wp\/v2\/product_cat?post=96463"},{"taxonomy":"product_tag","embeddable":true,"href":"https:\/\/www.vetorino.com\/veterinaire\/saintcyrlecole-78210\/boutique\/wp-json\/wp\/v2\/product_tag?post=96463"}],"curies":[{"name":"wp","href":"https:\/\/api.w.org\/{rel}","templated":true}]}}