{"id":97016,"date":"2020-06-29T17:51:48","date_gmt":"2020-06-29T15:51:48","guid":{"rendered":"https:\/\/www.vetorino.com\/boutique\/product\/guetres-souples-3d-mesh-back-on-track\/"},"modified":"2026-04-02T20:52:08","modified_gmt":"2026-04-02T18:52:08","slug":"guetres-souples-3d-mesh-back-on-track","status":"publish","type":"product","link":"https:\/\/www.vetorino.com\/veterinaire\/saintcyrlecole-78210\/boutique\/product\/guetres-souples-3d-mesh-back-on-track\/","title":{"rendered":"Gu\u00eatres souples 3D Mesh Back On Track"},"content":{"rendered":"<p>Les gu\u00eatres souples 3D Mesh Back On Track sont id\u00e9ales pour l&#8217;entra\u00eenement, la comp\u00e9tition, la longe ou le marcheur. Poss\u00e8dent une couche absorbant les chocs. S&#8217;adapte aussi bien aux ant\u00e9rieurs qu&#8217;aux post\u00e9rieurs.<\/p>\n<ul>\n<li>Doublure en n\u00e9opr\u00e8ne welltex.<\/li>\n<li>Lavable en machine \u00e0 30\u00b0, ne pas s\u00e9cher en machine.<\/li>\n<\/ul>\n","protected":false},"excerpt":{"rendered":"<p>Le<strong>s gu\u00eatres souples 3D Mesh Back On Track<\/strong> sont id\u00e9ales pour l&#8217;entra\u00eenement, la comp\u00e9tition, la longe ou le marcheur. Poss\u00e8dent une couche absorbant les chocs. S&#8217;adapte aussi bien aux ant\u00e9rieurs qu&#8217;aux post\u00e9rieurs.<\/p>\n","protected":false},"featured_media":208452,"template":"","meta":[],"product_cat":[12547,13395,12760],"product_tag":[],"class_list":{"0":"post-97016","1":"product","2":"type-product","3":"status-publish","4":"has-post-thumbnail","6":"product_cat-cheval","7":"product_cat-couverture-et-protection-du-cheval","8":"product_cat-materiel-et-equipement-du-cheval","9":"pa_marque-back-on-track","11":"first","12":"outofstock","13":"taxable","14":"shipping-taxable","15":"purchasable","16":"product-type-variable"},"yoast_head":"<!-- This site is optimized with the Yoast SEO plugin v27.3 - https:\/\/yoast.com\/product\/yoast-seo-wordpress\/ -->\n<title>Gu\u00eatres souples 3D Mesh Back On Track Back on Track - V\u00e9torino<\/title>\n<meta name=\"description\" content=\"Les gu\u00eatres souples 3D Mesh Back On Track sont id\u00e9ales pour l&#039;entra\u00eenement, la comp\u00e9tition, la longe ou le marcheur. Poss\u00e8dent une couche absorbant les chocs. S&#039;adapte aussi bien aux ant\u00e9rieurs qu&#039;aux post\u00e9rieurs.\" \/>\n<meta name=\"robots\" content=\"noindex, nofollow\" \/>\n<meta property=\"og:locale\" content=\"fr_FR\" \/>\n<meta property=\"og:type\" content=\"article\" \/>\n<meta property=\"og:title\" content=\"Gu\u00eatres souples 3D Mesh Back On Track Back on Track - V\u00e9torino\" \/>\n<meta property=\"og:description\" content=\"Les gu\u00eatres souples 3D Mesh Back On Track sont id\u00e9ales pour l&#039;entra\u00eenement, la comp\u00e9tition, la longe ou le marcheur. Poss\u00e8dent une couche absorbant les chocs. S&#039;adapte aussi bien aux ant\u00e9rieurs qu&#039;aux post\u00e9rieurs.\" \/>\n<meta property=\"og:url\" content=\"https:\/\/www.vetorino.com\/veterinaire\/saintcyrlecole-78210\/boutique\/product\/guetres-souples-3d-mesh-back-on-track\/\" \/>\n<meta property=\"og:site_name\" content=\"V\u00e9torino\" \/>\n<meta property=\"article:publisher\" content=\"https:\/\/www.facebook.com\/Vetorino\/\" \/>\n<meta property=\"article:modified_time\" content=\"2026-04-02T18:52:08+00:00\" \/>\n<meta property=\"og:image\" content=\"https:\/\/www.vetorino.com\/boutique\/wp-content\/uploads\/2020\/06\/gu\u00eatre_souple_3d_mesh_back_on_track.jpg\" \/>\n\t<meta property=\"og:image:width\" content=\"600\" \/>\n\t<meta property=\"og:image:height\" content=\"600\" \/>\n\t<meta property=\"og:image:type\" content=\"image\/jpeg\" \/>\n<meta name=\"twitter:card\" content=\"summary_large_image\" \/>\n<meta name=\"twitter:label1\" content=\"Disponibilit\u00e9\" \/>\n\t<meta name=\"twitter:data1\" content=\"Rupture de stock\" \/>\n<script type=\"application\/ld+json\" class=\"yoast-schema-graph\">{\"@context\":\"https:\\\/\\\/schema.org\",\"@graph\":[{\"@type\":\"WebPage\",\"@id\":\"https:\\\/\\\/www.vetorino.com\\\/boutique\\\/product\\\/guetres-souples-3d-mesh-back-on-track\\\/\",\"url\":\"https:\\\/\\\/www.vetorino.com\\\/boutique\\\/product\\\/guetres-souples-3d-mesh-back-on-track\\\/\",\"name\":\"Gu\u00eatres souples 3D Mesh Back On Track Back on Track - V\u00e9torino\",\"isPartOf\":{\"@id\":\"https:\\\/\\\/www.vetorino.com\\\/boutique\\\/#website\"},\"primaryImageOfPage\":{\"@id\":\"https:\\\/\\\/www.vetorino.com\\\/boutique\\\/product\\\/guetres-souples-3d-mesh-back-on-track\\\/#primaryimage\"},\"image\":{\"@id\":\"https:\\\/\\\/www.vetorino.com\\\/boutique\\\/product\\\/guetres-souples-3d-mesh-back-on-track\\\/#primaryimage\"},\"thumbnailUrl\":\"https:\\\/\\\/www.vetorino.com\\\/boutique\\\/wp-content\\\/uploads\\\/2020\\\/06\\\/gu\u00eatre_souple_3d_mesh_back_on_track.jpg\",\"datePublished\":\"2020-06-29T15:51:48+00:00\",\"dateModified\":\"2026-04-02T18:52:08+00:00\",\"description\":\"Les gu\u00eatres souples 3D Mesh Back On Track sont id\u00e9ales pour l'entra\u00eenement, la comp\u00e9tition, la longe ou le marcheur. Poss\u00e8dent une couche absorbant les chocs. S'adapte aussi bien aux ant\u00e9rieurs qu'aux post\u00e9rieurs.\",\"breadcrumb\":{\"@id\":\"https:\\\/\\\/www.vetorino.com\\\/boutique\\\/product\\\/guetres-souples-3d-mesh-back-on-track\\\/#breadcrumb\"},\"inLanguage\":\"fr-FR\",\"potentialAction\":[{\"@type\":\"ReadAction\",\"target\":[\"https:\\\/\\\/www.vetorino.com\\\/boutique\\\/product\\\/guetres-souples-3d-mesh-back-on-track\\\/\"]}]},{\"@type\":\"ImageObject\",\"inLanguage\":\"fr-FR\",\"@id\":\"https:\\\/\\\/www.vetorino.com\\\/boutique\\\/product\\\/guetres-souples-3d-mesh-back-on-track\\\/#primaryimage\",\"url\":\"https:\\\/\\\/www.vetorino.com\\\/boutique\\\/wp-content\\\/uploads\\\/2020\\\/06\\\/gu\u00eatre_souple_3d_mesh_back_on_track.jpg\",\"contentUrl\":\"https:\\\/\\\/www.vetorino.com\\\/boutique\\\/wp-content\\\/uploads\\\/2020\\\/06\\\/gu\u00eatre_souple_3d_mesh_back_on_track.jpg\",\"width\":600,\"height\":600},{\"@type\":\"BreadcrumbList\",\"@id\":\"https:\\\/\\\/www.vetorino.com\\\/boutique\\\/product\\\/guetres-souples-3d-mesh-back-on-track\\\/#breadcrumb\",\"itemListElement\":[{\"@type\":\"ListItem\",\"position\":1,\"name\":\"Accueil\",\"item\":\"https:\\\/\\\/www.vetorino.com\\\/boutique\\\/\"},{\"@type\":\"ListItem\",\"position\":2,\"name\":\"Produits\",\"item\":\"https:\\\/\\\/www.vetorino.com\\\/boutique\\\/\"},{\"@type\":\"ListItem\",\"position\":3,\"name\":\"Gu\u00eatres souples 3D Mesh Back On Track\"}]},{\"@type\":\"WebSite\",\"@id\":\"https:\\\/\\\/www.vetorino.com\\\/boutique\\\/#website\",\"url\":\"https:\\\/\\\/www.vetorino.com\\\/boutique\\\/\",\"name\":\"V\u00e9torino\",\"description\":\"\",\"publisher\":{\"@id\":\"https:\\\/\\\/www.vetorino.com\\\/boutique\\\/#organization\"},\"potentialAction\":[{\"@type\":\"SearchAction\",\"target\":{\"@type\":\"EntryPoint\",\"urlTemplate\":\"https:\\\/\\\/www.vetorino.com\\\/boutique\\\/?s={search_term_string}\"},\"query-input\":{\"@type\":\"PropertyValueSpecification\",\"valueRequired\":true,\"valueName\":\"search_term_string\"}}],\"inLanguage\":\"fr-FR\"},{\"@type\":\"Organization\",\"@id\":\"https:\\\/\\\/www.vetorino.com\\\/boutique\\\/#organization\",\"name\":\"V\u00e9torino\",\"url\":\"https:\\\/\\\/www.vetorino.com\\\/boutique\\\/\",\"logo\":{\"@type\":\"ImageObject\",\"inLanguage\":\"fr-FR\",\"@id\":\"https:\\\/\\\/www.vetorino.com\\\/boutique\\\/#\\\/schema\\\/logo\\\/image\\\/\",\"url\":\"https:\\\/\\\/www.vetorino.com\\\/boutique\\\/wp-content\\\/uploads\\\/2024\\\/10\\\/logo.jpg\",\"contentUrl\":\"https:\\\/\\\/www.vetorino.com\\\/boutique\\\/wp-content\\\/uploads\\\/2024\\\/10\\\/logo.jpg\",\"width\":1200,\"height\":610,\"caption\":\"V\u00e9torino\"},\"image\":{\"@id\":\"https:\\\/\\\/www.vetorino.com\\\/boutique\\\/#\\\/schema\\\/logo\\\/image\\\/\"},\"sameAs\":[\"https:\\\/\\\/www.facebook.com\\\/Vetorino\\\/\",\"https:\\\/\\\/www.instagram.com\\\/vetorino_off\\\/\",\"https:\\\/\\\/www.linkedin.com\\\/company\\\/vtorino\\\/\"]}]}<\/script>\n<meta property=\"product:brand\" content=\"Back on Track\" \/>\n<meta property=\"og:availability\" content=\"out of stock\" \/>\n<meta property=\"product:availability\" content=\"out of stock\" \/>\n<meta property=\"product:condition\" content=\"new\" \/>\n<!-- \/ Yoast SEO plugin. -->","yoast_head_json":{"title":"Gu\u00eatres souples 3D Mesh Back On Track Back on Track - V\u00e9torino","description":"Les gu\u00eatres souples 3D Mesh Back On Track sont id\u00e9ales pour l'entra\u00eenement, la comp\u00e9tition, la longe ou le marcheur. Poss\u00e8dent une couche absorbant les chocs. S'adapte aussi bien aux ant\u00e9rieurs qu'aux post\u00e9rieurs.","robots":{"index":"noindex","follow":"nofollow"},"og_locale":"fr_FR","og_type":"article","og_title":"Gu\u00eatres souples 3D Mesh Back On Track Back on Track - V\u00e9torino","og_description":"Les gu\u00eatres souples 3D Mesh Back On Track sont id\u00e9ales pour l'entra\u00eenement, la comp\u00e9tition, la longe ou le marcheur. Poss\u00e8dent une couche absorbant les chocs. S'adapte aussi bien aux ant\u00e9rieurs qu'aux post\u00e9rieurs.","og_url":"https:\/\/www.vetorino.com\/veterinaire\/saintcyrlecole-78210\/boutique\/product\/guetres-souples-3d-mesh-back-on-track\/","og_site_name":"V\u00e9torino","article_publisher":"https:\/\/www.facebook.com\/Vetorino\/","article_modified_time":"2026-04-02T18:52:08+00:00","og_image":[{"width":600,"height":600,"url":"https:\/\/www.vetorino.com\/boutique\/wp-content\/uploads\/2020\/06\/gu\u00eatre_souple_3d_mesh_back_on_track.jpg","type":"image\/jpeg"}],"twitter_card":"summary_large_image","twitter_misc":{"Disponibilit\u00e9":"Rupture de stock"},"schema":{"@context":"https:\/\/schema.org","@graph":[{"@type":"WebPage","@id":"https:\/\/www.vetorino.com\/boutique\/product\/guetres-souples-3d-mesh-back-on-track\/","url":"https:\/\/www.vetorino.com\/boutique\/product\/guetres-souples-3d-mesh-back-on-track\/","name":"Gu\u00eatres souples 3D Mesh Back On Track Back on Track - V\u00e9torino","isPartOf":{"@id":"https:\/\/www.vetorino.com\/boutique\/#website"},"primaryImageOfPage":{"@id":"https:\/\/www.vetorino.com\/boutique\/product\/guetres-souples-3d-mesh-back-on-track\/#primaryimage"},"image":{"@id":"https:\/\/www.vetorino.com\/boutique\/product\/guetres-souples-3d-mesh-back-on-track\/#primaryimage"},"thumbnailUrl":"https:\/\/www.vetorino.com\/boutique\/wp-content\/uploads\/2020\/06\/gu\u00eatre_souple_3d_mesh_back_on_track.jpg","datePublished":"2020-06-29T15:51:48+00:00","dateModified":"2026-04-02T18:52:08+00:00","description":"Les gu\u00eatres souples 3D Mesh Back On Track sont id\u00e9ales pour l'entra\u00eenement, la comp\u00e9tition, la longe ou le marcheur. Poss\u00e8dent une couche absorbant les chocs. S'adapte aussi bien aux ant\u00e9rieurs qu'aux post\u00e9rieurs.","breadcrumb":{"@id":"https:\/\/www.vetorino.com\/boutique\/product\/guetres-souples-3d-mesh-back-on-track\/#breadcrumb"},"inLanguage":"fr-FR","potentialAction":[{"@type":"ReadAction","target":["https:\/\/www.vetorino.com\/boutique\/product\/guetres-souples-3d-mesh-back-on-track\/"]}]},{"@type":"ImageObject","inLanguage":"fr-FR","@id":"https:\/\/www.vetorino.com\/boutique\/product\/guetres-souples-3d-mesh-back-on-track\/#primaryimage","url":"https:\/\/www.vetorino.com\/boutique\/wp-content\/uploads\/2020\/06\/gu\u00eatre_souple_3d_mesh_back_on_track.jpg","contentUrl":"https:\/\/www.vetorino.com\/boutique\/wp-content\/uploads\/2020\/06\/gu\u00eatre_souple_3d_mesh_back_on_track.jpg","width":600,"height":600},{"@type":"BreadcrumbList","@id":"https:\/\/www.vetorino.com\/boutique\/product\/guetres-souples-3d-mesh-back-on-track\/#breadcrumb","itemListElement":[{"@type":"ListItem","position":1,"name":"Accueil","item":"https:\/\/www.vetorino.com\/boutique\/"},{"@type":"ListItem","position":2,"name":"Produits","item":"https:\/\/www.vetorino.com\/boutique\/"},{"@type":"ListItem","position":3,"name":"Gu\u00eatres souples 3D Mesh Back On Track"}]},{"@type":"WebSite","@id":"https:\/\/www.vetorino.com\/boutique\/#website","url":"https:\/\/www.vetorino.com\/boutique\/","name":"V\u00e9torino","description":"","publisher":{"@id":"https:\/\/www.vetorino.com\/boutique\/#organization"},"potentialAction":[{"@type":"SearchAction","target":{"@type":"EntryPoint","urlTemplate":"https:\/\/www.vetorino.com\/boutique\/?s={search_term_string}"},"query-input":{"@type":"PropertyValueSpecification","valueRequired":true,"valueName":"search_term_string"}}],"inLanguage":"fr-FR"},{"@type":"Organization","@id":"https:\/\/www.vetorino.com\/boutique\/#organization","name":"V\u00e9torino","url":"https:\/\/www.vetorino.com\/boutique\/","logo":{"@type":"ImageObject","inLanguage":"fr-FR","@id":"https:\/\/www.vetorino.com\/boutique\/#\/schema\/logo\/image\/","url":"https:\/\/www.vetorino.com\/boutique\/wp-content\/uploads\/2024\/10\/logo.jpg","contentUrl":"https:\/\/www.vetorino.com\/boutique\/wp-content\/uploads\/2024\/10\/logo.jpg","width":1200,"height":610,"caption":"V\u00e9torino"},"image":{"@id":"https:\/\/www.vetorino.com\/boutique\/#\/schema\/logo\/image\/"},"sameAs":["https:\/\/www.facebook.com\/Vetorino\/","https:\/\/www.instagram.com\/vetorino_off\/","https:\/\/www.linkedin.com\/company\/vtorino\/"]}]},"product_brand":"Back on Track","og_availability":"out of stock","product_availability":"out of stock","product_condition":"new"},"_links":{"self":[{"href":"https:\/\/www.vetorino.com\/veterinaire\/saintcyrlecole-78210\/boutique\/wp-json\/wp\/v2\/product\/97016","targetHints":{"allow":["GET"]}}],"collection":[{"href":"https:\/\/www.vetorino.com\/veterinaire\/saintcyrlecole-78210\/boutique\/wp-json\/wp\/v2\/product"}],"about":[{"href":"https:\/\/www.vetorino.com\/veterinaire\/saintcyrlecole-78210\/boutique\/wp-json\/wp\/v2\/types\/product"}],"wp:featuredmedia":[{"embeddable":true,"href":"https:\/\/www.vetorino.com\/veterinaire\/saintcyrlecole-78210\/boutique\/wp-json\/wp\/v2\/media\/208452"}],"wp:attachment":[{"href":"https:\/\/www.vetorino.com\/veterinaire\/saintcyrlecole-78210\/boutique\/wp-json\/wp\/v2\/media?parent=97016"}],"wp:term":[{"taxonomy":"product_cat","embeddable":true,"href":"https:\/\/www.vetorino.com\/veterinaire\/saintcyrlecole-78210\/boutique\/wp-json\/wp\/v2\/product_cat?post=97016"},{"taxonomy":"product_tag","embeddable":true,"href":"https:\/\/www.vetorino.com\/veterinaire\/saintcyrlecole-78210\/boutique\/wp-json\/wp\/v2\/product_tag?post=97016"}],"curies":[{"name":"wp","href":"https:\/\/api.w.org\/{rel}","templated":true}]}}