{"id":98133,"date":"2020-06-29T23:31:23","date_gmt":"2020-06-29T21:31:23","guid":{"rendered":"https:\/\/www.vetorino.com\/boutique\/product\/jouet-chien-zolux-dinosaure-en-latex\/"},"modified":"2026-01-30T09:41:19","modified_gmt":"2026-01-30T08:41:19","slug":"jouet-chien-zolux-dinosaure-en-latex","status":"publish","type":"product","link":"https:\/\/www.vetorino.com\/veterinaire\/saintcyrlecole-78210\/boutique\/product\/jouet-chien-zolux-dinosaure-en-latex\/","title":{"rendered":"Jouet chien Zolux : dinosaure en latex"},"content":{"rendered":"<p>Jouet Dino en latex pour chiot.<\/p>\n<p>Les jouets latex Puppy pour chiot sont d&#8217;adorables petits animaux\u00a0\u00e0 mordiller !<\/p>\n<ul>\n<li>Leur latex souple est\u00a0<strong>particuli\u00e8rement adapt\u00e9\u00a0<\/strong>pour les jeunes dents des chiots.<\/li>\n<li>Leur forme rigolote et leur atout\u00a0<strong>sonore\u00a0<\/strong>sauront s\u00e9duire les juniors pour les<strong>\u00a0initier au jeu\u00a0<\/strong>et \u00e9viter l&#8217;ennui.<\/li>\n<li>Pour lui faire plaisir, vous avez le choix entre un dinosaure, un \u00e9l\u00e9phant, une girafe ou une tortue.<\/li>\n<\/ul>\n","protected":false},"excerpt":{"rendered":"<p>Les jouets latex Puppy pour chiot sont d&#8217;adorables petits animaux\u00a0\u00e0 mordiller !<\/p>\n<ul>\n<li>Leur latex souple est\u00a0<strong>particuli\u00e8rement adapt\u00e9\u00a0<\/strong>pour les jeunes dents des chiots.<\/li>\n<li>Leur forme rigolote et leur atout\u00a0<strong>sonore\u00a0<\/strong>sauront s\u00e9duire les juniors pour les<strong>\u00a0initier au jeu\u00a0<\/strong>et \u00e9viter l&#8217;ennui.<\/li>\n<li>Pour lui faire plaisir, vous avez le choix entre un dinosaure, un \u00e9l\u00e9phant, une girafe ou une tortue.<\/li>\n<\/ul>\n","protected":false},"featured_media":620967,"template":"","meta":[],"product_cat":[12550,2698,12621],"product_tag":[],"class_list":{"0":"post-98133","1":"product","2":"type-product","3":"status-publish","4":"has-post-thumbnail","6":"product_cat-accessoires-du-chien","7":"product_cat-chien","8":"product_cat-jeux-educatifs-pour-chien","9":"pa_marque-zolux","11":"first","12":"instock","13":"taxable","14":"shipping-taxable","15":"purchasable","16":"product-type-simple"},"yoast_head":"<!-- This site is optimized with the Yoast SEO plugin v27.3 - https:\/\/yoast.com\/product\/yoast-seo-wordpress\/ -->\n<title>Jouet chien Zolux : dinosaure en latex Zolux - V\u00e9torino<\/title>\n<meta name=\"description\" content=\"Les jouets latex Puppy pour chiot sont d&#039;adorables petits animaux\u00a0\u00e0 mordiller !   Leur latex souple est\u00a0particuli\u00e8rement adapt\u00e9\u00a0pour les jeunes dents des chiots.  Leur forme rigolote et leur atout\u00a0sonore\u00a0sauront s\u00e9duire les juniors pour les\u00a0initier au jeu\u00a0et \u00e9viter l&#039;ennui.  Pour lui faire plaisir, vous avez le choix entre un dinosaure, un \u00e9l\u00e9phant, une girafe ou une tortue.\" \/>\n<meta name=\"robots\" content=\"noindex, nofollow\" \/>\n<meta property=\"og:locale\" content=\"fr_FR\" \/>\n<meta property=\"og:type\" content=\"article\" \/>\n<meta property=\"og:title\" content=\"Jouet chien Zolux : dinosaure en latex Zolux - V\u00e9torino\" \/>\n<meta property=\"og:description\" content=\"Les jouets latex Puppy pour chiot sont d&#039;adorables petits animaux\u00a0\u00e0 mordiller !   Leur latex souple est\u00a0particuli\u00e8rement adapt\u00e9\u00a0pour les jeunes dents des chiots.  Leur forme rigolote et leur atout\u00a0sonore\u00a0sauront s\u00e9duire les juniors pour les\u00a0initier au jeu\u00a0et \u00e9viter l&#039;ennui.  Pour lui faire plaisir, vous avez le choix entre un dinosaure, un \u00e9l\u00e9phant, une girafe ou une tortue.\" \/>\n<meta property=\"og:url\" content=\"https:\/\/www.vetorino.com\/veterinaire\/saintcyrlecole-78210\/boutique\/product\/jouet-chien-zolux-dinosaure-en-latex\/\" \/>\n<meta property=\"og:site_name\" content=\"V\u00e9torino\" \/>\n<meta property=\"article:publisher\" content=\"https:\/\/www.facebook.com\/Vetorino\/\" \/>\n<meta property=\"article:modified_time\" content=\"2026-01-30T08:41:19+00:00\" \/>\n<meta property=\"og:image\" content=\"https:\/\/www.vetorino.com\/boutique\/wp-content\/uploads\/2020\/06\/jouet-latex-puppy-jouet-a-macher-pour-chiot-zolux.jpg\" \/>\n\t<meta property=\"og:image:width\" content=\"700\" \/>\n\t<meta property=\"og:image:height\" content=\"700\" \/>\n\t<meta property=\"og:image:type\" content=\"image\/jpeg\" \/>\n<meta name=\"twitter:card\" content=\"summary_large_image\" \/>\n<meta name=\"twitter:label1\" content=\"Prix\" \/>\n\t<meta name=\"twitter:data1\" content=\"4,36&euro;\" \/>\n\t<meta name=\"twitter:label2\" content=\"Disponibilit\u00e9\" \/>\n\t<meta name=\"twitter:data2\" content=\"En stock\" \/>\n<script type=\"application\/ld+json\" class=\"yoast-schema-graph\">{\"@context\":\"https:\\\/\\\/schema.org\",\"@graph\":[{\"@type\":\"WebPage\",\"@id\":\"https:\\\/\\\/www.vetorino.com\\\/boutique\\\/product\\\/jouet-chien-zolux-dinosaure-en-latex\\\/\",\"url\":\"https:\\\/\\\/www.vetorino.com\\\/boutique\\\/product\\\/jouet-chien-zolux-dinosaure-en-latex\\\/\",\"name\":\"Jouet chien Zolux : dinosaure en latex Zolux - V\u00e9torino\",\"isPartOf\":{\"@id\":\"https:\\\/\\\/www.vetorino.com\\\/boutique\\\/#website\"},\"primaryImageOfPage\":{\"@id\":\"https:\\\/\\\/www.vetorino.com\\\/boutique\\\/product\\\/jouet-chien-zolux-dinosaure-en-latex\\\/#primaryimage\"},\"image\":{\"@id\":\"https:\\\/\\\/www.vetorino.com\\\/boutique\\\/product\\\/jouet-chien-zolux-dinosaure-en-latex\\\/#primaryimage\"},\"thumbnailUrl\":\"https:\\\/\\\/www.vetorino.com\\\/boutique\\\/wp-content\\\/uploads\\\/2020\\\/06\\\/jouet-latex-puppy-jouet-a-macher-pour-chiot-zolux.jpg\",\"datePublished\":\"2020-06-29T21:31:23+00:00\",\"dateModified\":\"2026-01-30T08:41:19+00:00\",\"description\":\"Les jouets latex Puppy pour chiot sont d'adorables petits animaux\u00a0\u00e0 mordiller ! Leur latex souple est\u00a0particuli\u00e8rement adapt\u00e9\u00a0pour les jeunes dents des chiots. Leur forme rigolote et leur atout\u00a0sonore\u00a0sauront s\u00e9duire les juniors pour les\u00a0initier au jeu\u00a0et \u00e9viter l'ennui. Pour lui faire plaisir, vous avez le choix entre un dinosaure, un \u00e9l\u00e9phant, une girafe ou une tortue.\",\"breadcrumb\":{\"@id\":\"https:\\\/\\\/www.vetorino.com\\\/boutique\\\/product\\\/jouet-chien-zolux-dinosaure-en-latex\\\/#breadcrumb\"},\"inLanguage\":\"fr-FR\",\"potentialAction\":[{\"@type\":\"ReadAction\",\"target\":[\"https:\\\/\\\/www.vetorino.com\\\/boutique\\\/product\\\/jouet-chien-zolux-dinosaure-en-latex\\\/\"]}]},{\"@type\":\"ImageObject\",\"inLanguage\":\"fr-FR\",\"@id\":\"https:\\\/\\\/www.vetorino.com\\\/boutique\\\/product\\\/jouet-chien-zolux-dinosaure-en-latex\\\/#primaryimage\",\"url\":\"https:\\\/\\\/www.vetorino.com\\\/boutique\\\/wp-content\\\/uploads\\\/2020\\\/06\\\/jouet-latex-puppy-jouet-a-macher-pour-chiot-zolux.jpg\",\"contentUrl\":\"https:\\\/\\\/www.vetorino.com\\\/boutique\\\/wp-content\\\/uploads\\\/2020\\\/06\\\/jouet-latex-puppy-jouet-a-macher-pour-chiot-zolux.jpg\",\"width\":700,\"height\":700},{\"@type\":\"BreadcrumbList\",\"@id\":\"https:\\\/\\\/www.vetorino.com\\\/boutique\\\/product\\\/jouet-chien-zolux-dinosaure-en-latex\\\/#breadcrumb\",\"itemListElement\":[{\"@type\":\"ListItem\",\"position\":1,\"name\":\"Accueil\",\"item\":\"https:\\\/\\\/www.vetorino.com\\\/boutique\\\/\"},{\"@type\":\"ListItem\",\"position\":2,\"name\":\"Produits\",\"item\":\"https:\\\/\\\/www.vetorino.com\\\/boutique\\\/\"},{\"@type\":\"ListItem\",\"position\":3,\"name\":\"Jouet chien Zolux : dinosaure en latex\"}]},{\"@type\":\"WebSite\",\"@id\":\"https:\\\/\\\/www.vetorino.com\\\/boutique\\\/#website\",\"url\":\"https:\\\/\\\/www.vetorino.com\\\/boutique\\\/\",\"name\":\"V\u00e9torino\",\"description\":\"\",\"publisher\":{\"@id\":\"https:\\\/\\\/www.vetorino.com\\\/boutique\\\/#organization\"},\"potentialAction\":[{\"@type\":\"SearchAction\",\"target\":{\"@type\":\"EntryPoint\",\"urlTemplate\":\"https:\\\/\\\/www.vetorino.com\\\/boutique\\\/?s={search_term_string}\"},\"query-input\":{\"@type\":\"PropertyValueSpecification\",\"valueRequired\":true,\"valueName\":\"search_term_string\"}}],\"inLanguage\":\"fr-FR\"},{\"@type\":\"Organization\",\"@id\":\"https:\\\/\\\/www.vetorino.com\\\/boutique\\\/#organization\",\"name\":\"V\u00e9torino\",\"url\":\"https:\\\/\\\/www.vetorino.com\\\/boutique\\\/\",\"logo\":{\"@type\":\"ImageObject\",\"inLanguage\":\"fr-FR\",\"@id\":\"https:\\\/\\\/www.vetorino.com\\\/boutique\\\/#\\\/schema\\\/logo\\\/image\\\/\",\"url\":\"https:\\\/\\\/www.vetorino.com\\\/boutique\\\/wp-content\\\/uploads\\\/2024\\\/10\\\/logo.jpg\",\"contentUrl\":\"https:\\\/\\\/www.vetorino.com\\\/boutique\\\/wp-content\\\/uploads\\\/2024\\\/10\\\/logo.jpg\",\"width\":1200,\"height\":610,\"caption\":\"V\u00e9torino\"},\"image\":{\"@id\":\"https:\\\/\\\/www.vetorino.com\\\/boutique\\\/#\\\/schema\\\/logo\\\/image\\\/\"},\"sameAs\":[\"https:\\\/\\\/www.facebook.com\\\/Vetorino\\\/\",\"https:\\\/\\\/www.instagram.com\\\/vetorino_off\\\/\",\"https:\\\/\\\/www.linkedin.com\\\/company\\\/vtorino\\\/\"]}]}<\/script>\n<meta property=\"product:brand\" content=\"Zolux\" \/>\n<meta property=\"product:price:amount\" content=\"4.36\" \/>\n<meta property=\"product:price:currency\" content=\"EUR\" \/>\n<meta property=\"og:availability\" content=\"instock\" \/>\n<meta property=\"product:availability\" content=\"instock\" \/>\n<meta property=\"product:retailer_item_id\" content=\"C-JOU879\" \/>\n<meta property=\"product:condition\" content=\"new\" \/>\n<!-- \/ Yoast SEO plugin. -->","yoast_head_json":{"title":"Jouet chien Zolux : dinosaure en latex Zolux - V\u00e9torino","description":"Les jouets latex Puppy pour chiot sont d'adorables petits animaux\u00a0\u00e0 mordiller !   Leur latex souple est\u00a0particuli\u00e8rement adapt\u00e9\u00a0pour les jeunes dents des chiots.  Leur forme rigolote et leur atout\u00a0sonore\u00a0sauront s\u00e9duire les juniors pour les\u00a0initier au jeu\u00a0et \u00e9viter l'ennui.  Pour lui faire plaisir, vous avez le choix entre un dinosaure, un \u00e9l\u00e9phant, une girafe ou une tortue.","robots":{"index":"noindex","follow":"nofollow"},"og_locale":"fr_FR","og_type":"article","og_title":"Jouet chien Zolux : dinosaure en latex Zolux - V\u00e9torino","og_description":"Les jouets latex Puppy pour chiot sont d'adorables petits animaux\u00a0\u00e0 mordiller !   Leur latex souple est\u00a0particuli\u00e8rement adapt\u00e9\u00a0pour les jeunes dents des chiots.  Leur forme rigolote et leur atout\u00a0sonore\u00a0sauront s\u00e9duire les juniors pour les\u00a0initier au jeu\u00a0et \u00e9viter l'ennui.  Pour lui faire plaisir, vous avez le choix entre un dinosaure, un \u00e9l\u00e9phant, une girafe ou une tortue.","og_url":"https:\/\/www.vetorino.com\/veterinaire\/saintcyrlecole-78210\/boutique\/product\/jouet-chien-zolux-dinosaure-en-latex\/","og_site_name":"V\u00e9torino","article_publisher":"https:\/\/www.facebook.com\/Vetorino\/","article_modified_time":"2026-01-30T08:41:19+00:00","og_image":[{"width":700,"height":700,"url":"https:\/\/www.vetorino.com\/boutique\/wp-content\/uploads\/2020\/06\/jouet-latex-puppy-jouet-a-macher-pour-chiot-zolux.jpg","type":"image\/jpeg"}],"twitter_card":"summary_large_image","twitter_misc":{"Prix":"4,36&euro;","Disponibilit\u00e9":"En stock"},"schema":{"@context":"https:\/\/schema.org","@graph":[{"@type":"WebPage","@id":"https:\/\/www.vetorino.com\/boutique\/product\/jouet-chien-zolux-dinosaure-en-latex\/","url":"https:\/\/www.vetorino.com\/boutique\/product\/jouet-chien-zolux-dinosaure-en-latex\/","name":"Jouet chien Zolux : dinosaure en latex Zolux - V\u00e9torino","isPartOf":{"@id":"https:\/\/www.vetorino.com\/boutique\/#website"},"primaryImageOfPage":{"@id":"https:\/\/www.vetorino.com\/boutique\/product\/jouet-chien-zolux-dinosaure-en-latex\/#primaryimage"},"image":{"@id":"https:\/\/www.vetorino.com\/boutique\/product\/jouet-chien-zolux-dinosaure-en-latex\/#primaryimage"},"thumbnailUrl":"https:\/\/www.vetorino.com\/boutique\/wp-content\/uploads\/2020\/06\/jouet-latex-puppy-jouet-a-macher-pour-chiot-zolux.jpg","datePublished":"2020-06-29T21:31:23+00:00","dateModified":"2026-01-30T08:41:19+00:00","description":"Les jouets latex Puppy pour chiot sont d'adorables petits animaux\u00a0\u00e0 mordiller ! Leur latex souple est\u00a0particuli\u00e8rement adapt\u00e9\u00a0pour les jeunes dents des chiots. Leur forme rigolote et leur atout\u00a0sonore\u00a0sauront s\u00e9duire les juniors pour les\u00a0initier au jeu\u00a0et \u00e9viter l'ennui. Pour lui faire plaisir, vous avez le choix entre un dinosaure, un \u00e9l\u00e9phant, une girafe ou une tortue.","breadcrumb":{"@id":"https:\/\/www.vetorino.com\/boutique\/product\/jouet-chien-zolux-dinosaure-en-latex\/#breadcrumb"},"inLanguage":"fr-FR","potentialAction":[{"@type":"ReadAction","target":["https:\/\/www.vetorino.com\/boutique\/product\/jouet-chien-zolux-dinosaure-en-latex\/"]}]},{"@type":"ImageObject","inLanguage":"fr-FR","@id":"https:\/\/www.vetorino.com\/boutique\/product\/jouet-chien-zolux-dinosaure-en-latex\/#primaryimage","url":"https:\/\/www.vetorino.com\/boutique\/wp-content\/uploads\/2020\/06\/jouet-latex-puppy-jouet-a-macher-pour-chiot-zolux.jpg","contentUrl":"https:\/\/www.vetorino.com\/boutique\/wp-content\/uploads\/2020\/06\/jouet-latex-puppy-jouet-a-macher-pour-chiot-zolux.jpg","width":700,"height":700},{"@type":"BreadcrumbList","@id":"https:\/\/www.vetorino.com\/boutique\/product\/jouet-chien-zolux-dinosaure-en-latex\/#breadcrumb","itemListElement":[{"@type":"ListItem","position":1,"name":"Accueil","item":"https:\/\/www.vetorino.com\/boutique\/"},{"@type":"ListItem","position":2,"name":"Produits","item":"https:\/\/www.vetorino.com\/boutique\/"},{"@type":"ListItem","position":3,"name":"Jouet chien Zolux : dinosaure en latex"}]},{"@type":"WebSite","@id":"https:\/\/www.vetorino.com\/boutique\/#website","url":"https:\/\/www.vetorino.com\/boutique\/","name":"V\u00e9torino","description":"","publisher":{"@id":"https:\/\/www.vetorino.com\/boutique\/#organization"},"potentialAction":[{"@type":"SearchAction","target":{"@type":"EntryPoint","urlTemplate":"https:\/\/www.vetorino.com\/boutique\/?s={search_term_string}"},"query-input":{"@type":"PropertyValueSpecification","valueRequired":true,"valueName":"search_term_string"}}],"inLanguage":"fr-FR"},{"@type":"Organization","@id":"https:\/\/www.vetorino.com\/boutique\/#organization","name":"V\u00e9torino","url":"https:\/\/www.vetorino.com\/boutique\/","logo":{"@type":"ImageObject","inLanguage":"fr-FR","@id":"https:\/\/www.vetorino.com\/boutique\/#\/schema\/logo\/image\/","url":"https:\/\/www.vetorino.com\/boutique\/wp-content\/uploads\/2024\/10\/logo.jpg","contentUrl":"https:\/\/www.vetorino.com\/boutique\/wp-content\/uploads\/2024\/10\/logo.jpg","width":1200,"height":610,"caption":"V\u00e9torino"},"image":{"@id":"https:\/\/www.vetorino.com\/boutique\/#\/schema\/logo\/image\/"},"sameAs":["https:\/\/www.facebook.com\/Vetorino\/","https:\/\/www.instagram.com\/vetorino_off\/","https:\/\/www.linkedin.com\/company\/vtorino\/"]}]},"product_brand":"Zolux","product_price_amount":"4.36","product_price_currency":"EUR","og_availability":"instock","product_availability":"instock","product_retailer_item_id":"C-JOU879","product_condition":"new"},"_links":{"self":[{"href":"https:\/\/www.vetorino.com\/veterinaire\/saintcyrlecole-78210\/boutique\/wp-json\/wp\/v2\/product\/98133","targetHints":{"allow":["GET"]}}],"collection":[{"href":"https:\/\/www.vetorino.com\/veterinaire\/saintcyrlecole-78210\/boutique\/wp-json\/wp\/v2\/product"}],"about":[{"href":"https:\/\/www.vetorino.com\/veterinaire\/saintcyrlecole-78210\/boutique\/wp-json\/wp\/v2\/types\/product"}],"wp:featuredmedia":[{"embeddable":true,"href":"https:\/\/www.vetorino.com\/veterinaire\/saintcyrlecole-78210\/boutique\/wp-json\/wp\/v2\/media\/620967"}],"wp:attachment":[{"href":"https:\/\/www.vetorino.com\/veterinaire\/saintcyrlecole-78210\/boutique\/wp-json\/wp\/v2\/media?parent=98133"}],"wp:term":[{"taxonomy":"product_cat","embeddable":true,"href":"https:\/\/www.vetorino.com\/veterinaire\/saintcyrlecole-78210\/boutique\/wp-json\/wp\/v2\/product_cat?post=98133"},{"taxonomy":"product_tag","embeddable":true,"href":"https:\/\/www.vetorino.com\/veterinaire\/saintcyrlecole-78210\/boutique\/wp-json\/wp\/v2\/product_tag?post=98133"}],"curies":[{"name":"wp","href":"https:\/\/api.w.org\/{rel}","templated":true}]}}