{"id":102669,"date":"2020-06-30T16:16:29","date_gmt":"2020-06-30T14:16:29","guid":{"rendered":"https:\/\/www.vetorino.com\/boutique\/product\/tapis-educateur-absorbant\/"},"modified":"2026-04-03T19:00:46","modified_gmt":"2026-04-03T17:00:46","slug":"tapis-educateur-absorbant","status":"publish","type":"product","link":"https:\/\/www.vetorino.com\/veterinaire\/saintebazeille-47180\/boutique\/product\/tapis-educateur-absorbant\/","title":{"rendered":"Al\u00e8ses absorbant"},"content":{"rendered":"<p>Tr\u00e8s absorbantes, les al\u00e8ses de propret\u00e9 Trixie Nappy garantissent une parfaite<strong> hygi\u00e8ne pour votre chiot. <\/strong>Ces al\u00e8ses de qualit\u00e9 sont\u00a0confortables. Votre chiot pourra ainsi apprendre rapidement \u00e0 devenir propre. Gr\u00e2ce \u00e0 leur motifs en forme de diamant, les al\u00e8ses de propret\u00e9 Trixie assurent une<strong> r\u00e9partition uniforme des liquides.<\/strong><\/p>\n<p>Le film imperm\u00e9able situ\u00e9 en-dessous et les bords scell\u00e9s <strong>emp\u00eachent le liquide de couler.<\/strong> Ces al\u00e8ses de propret\u00e9 pour chien peuvent parfaitement \u00eatre utilis\u00e9es dans des cages de transport, des paniers ou des couvertures.<\/p>\n<p><b>Caract\u00e9ristiques des al\u00e8ses de propret\u00e9 Trixie Nappy Tapis \u00e9ducateur pour chiot :<\/b><\/p>\n<ul>\n<li>al\u00e8ses de propret\u00e9 pour chiot<\/li>\n<li><strong>absorption et r\u00e9partition uniforme des liquides <\/strong>: gr\u00e2ce aux motifs en forme de diamant<\/li>\n<li><strong>film imperm\u00e9able situ\u00e9 en-dessous et bords scell\u00e9s<\/strong> : emp\u00eachent le liquide de couler<\/li>\n<li>id\u00e9ales dans des cages de transport, des paniers ou des couvertures en cas d&#8217;incontinence<\/li>\n<li><strong>mat\u00e9riaux :<\/strong> cellulose naturelle \u00e0 longues fibres<\/li>\n<\/ul>\n","protected":false},"excerpt":{"rendered":"<p>Tr\u00e8s absorbantes, les al\u00e8ses de propret\u00e9 Trixie Nappy garantissent une parfaite<strong> hygi\u00e8ne pour votre chiot. <\/strong>Ces al\u00e8ses de qualit\u00e9 sont\u00a0confortables. Votre chiot pourra ainsi apprendre rapidement \u00e0 devenir propre. Gr\u00e2ce \u00e0 leur motifs en forme de diamant, les al\u00e8ses de propret\u00e9 Trixie assurent une<strong> r\u00e9partition uniforme des liquides.<\/strong><\/p>\n","protected":false},"featured_media":620878,"template":"","meta":[],"product_cat":[12573,12550,2698,12561],"product_tag":[],"class_list":{"0":"post-102669","1":"product","2":"type-product","3":"status-publish","4":"has-post-thumbnail","6":"product_cat-accessoire-pour-lhygiene-du-chien","7":"product_cat-accessoires-du-chien","8":"product_cat-chien","9":"product_cat-hygiene-du-chien","10":"pa_marque-trixie","12":"first","13":"instock","14":"taxable","15":"shipping-taxable","16":"purchasable","17":"product-type-variable"},"yoast_head":"<!-- This site is optimized with the Yoast SEO plugin v27.3 - https:\/\/yoast.com\/product\/yoast-seo-wordpress\/ -->\n<title>Al\u00e8ses absorbant Trixie - V\u00e9torino<\/title>\n<meta name=\"description\" content=\"Tr\u00e8s absorbantes, les al\u00e8ses de propret\u00e9 Trixie Nappy garantissent une parfaite hygi\u00e8ne pour votre chiot. Ces al\u00e8ses de qualit\u00e9 sont\u00a0confortables. Votre chiot pourra ainsi apprendre rapidement \u00e0 devenir propre. Gr\u00e2ce \u00e0 leur motifs en forme de diamant, les al\u00e8ses de propret\u00e9 Trixie assurent une r\u00e9partition uniforme des liquides.\" \/>\n<meta name=\"robots\" content=\"noindex, nofollow\" \/>\n<meta property=\"og:locale\" content=\"fr_FR\" \/>\n<meta property=\"og:type\" content=\"article\" \/>\n<meta property=\"og:title\" content=\"Al\u00e8ses absorbant Trixie - V\u00e9torino\" \/>\n<meta property=\"og:description\" content=\"Tr\u00e8s absorbantes, les al\u00e8ses de propret\u00e9 Trixie Nappy garantissent une parfaite hygi\u00e8ne pour votre chiot. Ces al\u00e8ses de qualit\u00e9 sont\u00a0confortables. Votre chiot pourra ainsi apprendre rapidement \u00e0 devenir propre. Gr\u00e2ce \u00e0 leur motifs en forme de diamant, les al\u00e8ses de propret\u00e9 Trixie assurent une r\u00e9partition uniforme des liquides.\" \/>\n<meta property=\"og:url\" content=\"https:\/\/www.vetorino.com\/veterinaire\/saintebazeille-47180\/boutique\/product\/tapis-educateur-absorbant\/\" \/>\n<meta property=\"og:site_name\" content=\"V\u00e9torino\" \/>\n<meta property=\"article:publisher\" content=\"https:\/\/www.facebook.com\/Vetorino\/\" \/>\n<meta property=\"article:modified_time\" content=\"2026-04-03T17:00:46+00:00\" \/>\n<meta property=\"og:image\" content=\"https:\/\/www.vetorino.com\/boutique\/wp-content\/uploads\/2020\/06\/16618_pla_trixie_welpen_unterlagen_nappy_stubenrein_hs1_7.jpg\" \/>\n\t<meta property=\"og:image:width\" content=\"400\" \/>\n\t<meta property=\"og:image:height\" content=\"400\" \/>\n\t<meta property=\"og:image:type\" content=\"image\/jpeg\" \/>\n<meta name=\"twitter:card\" content=\"summary_large_image\" \/>\n<meta name=\"twitter:label1\" content=\"Disponibilit\u00e9\" \/>\n\t<meta name=\"twitter:data1\" content=\"En stock\" \/>\n<script type=\"application\/ld+json\" class=\"yoast-schema-graph\">{\"@context\":\"https:\\\/\\\/schema.org\",\"@graph\":[{\"@type\":\"WebPage\",\"@id\":\"https:\\\/\\\/www.vetorino.com\\\/veterinaire\\\/saintjean-31240\\\/boutique\\\/product\\\/tapis-educateur-absorbant\\\/\",\"url\":\"https:\\\/\\\/www.vetorino.com\\\/veterinaire\\\/saintjean-31240\\\/boutique\\\/product\\\/tapis-educateur-absorbant\\\/\",\"name\":\"Al\u00e8ses absorbant Trixie - V\u00e9torino\",\"isPartOf\":{\"@id\":\"https:\\\/\\\/www.vetorino.com\\\/boutique\\\/#website\"},\"primaryImageOfPage\":{\"@id\":\"https:\\\/\\\/www.vetorino.com\\\/veterinaire\\\/saintjean-31240\\\/boutique\\\/product\\\/tapis-educateur-absorbant\\\/#primaryimage\"},\"image\":{\"@id\":\"https:\\\/\\\/www.vetorino.com\\\/veterinaire\\\/saintjean-31240\\\/boutique\\\/product\\\/tapis-educateur-absorbant\\\/#primaryimage\"},\"thumbnailUrl\":\"https:\\\/\\\/www.vetorino.com\\\/boutique\\\/wp-content\\\/uploads\\\/2020\\\/06\\\/16618_pla_trixie_welpen_unterlagen_nappy_stubenrein_hs1_7.jpg\",\"datePublished\":\"2020-06-30T14:16:29+00:00\",\"dateModified\":\"2026-04-03T17:00:46+00:00\",\"description\":\"Tr\u00e8s absorbantes, les al\u00e8ses de propret\u00e9 Trixie Nappy garantissent une parfaite hygi\u00e8ne pour votre chiot. Ces al\u00e8ses de qualit\u00e9 sont\u00a0confortables. Votre chiot pourra ainsi apprendre rapidement \u00e0 devenir propre. Gr\u00e2ce \u00e0 leur motifs en forme de diamant, les al\u00e8ses de propret\u00e9 Trixie assurent une r\u00e9partition uniforme des liquides.\",\"breadcrumb\":{\"@id\":\"https:\\\/\\\/www.vetorino.com\\\/veterinaire\\\/saintjean-31240\\\/boutique\\\/product\\\/tapis-educateur-absorbant\\\/#breadcrumb\"},\"inLanguage\":\"fr-FR\",\"potentialAction\":[{\"@type\":\"ReadAction\",\"target\":[\"https:\\\/\\\/www.vetorino.com\\\/veterinaire\\\/saintjean-31240\\\/boutique\\\/product\\\/tapis-educateur-absorbant\\\/\"]}]},{\"@type\":\"ImageObject\",\"inLanguage\":\"fr-FR\",\"@id\":\"https:\\\/\\\/www.vetorino.com\\\/veterinaire\\\/saintjean-31240\\\/boutique\\\/product\\\/tapis-educateur-absorbant\\\/#primaryimage\",\"url\":\"https:\\\/\\\/www.vetorino.com\\\/boutique\\\/wp-content\\\/uploads\\\/2020\\\/06\\\/16618_pla_trixie_welpen_unterlagen_nappy_stubenrein_hs1_7.jpg\",\"contentUrl\":\"https:\\\/\\\/www.vetorino.com\\\/boutique\\\/wp-content\\\/uploads\\\/2020\\\/06\\\/16618_pla_trixie_welpen_unterlagen_nappy_stubenrein_hs1_7.jpg\",\"width\":400,\"height\":400},{\"@type\":\"BreadcrumbList\",\"@id\":\"https:\\\/\\\/www.vetorino.com\\\/veterinaire\\\/saintjean-31240\\\/boutique\\\/product\\\/tapis-educateur-absorbant\\\/#breadcrumb\",\"itemListElement\":[{\"@type\":\"ListItem\",\"position\":1,\"name\":\"Accueil\",\"item\":\"https:\\\/\\\/www.vetorino.com\\\/boutique\\\/\"},{\"@type\":\"ListItem\",\"position\":2,\"name\":\"Produits\",\"item\":\"https:\\\/\\\/www.vetorino.com\\\/boutique\\\/\"},{\"@type\":\"ListItem\",\"position\":3,\"name\":\"Al\u00e8ses absorbant\"}]},{\"@type\":\"WebSite\",\"@id\":\"https:\\\/\\\/www.vetorino.com\\\/boutique\\\/#website\",\"url\":\"https:\\\/\\\/www.vetorino.com\\\/boutique\\\/\",\"name\":\"V\u00e9torino\",\"description\":\"\",\"publisher\":{\"@id\":\"https:\\\/\\\/www.vetorino.com\\\/boutique\\\/#organization\"},\"potentialAction\":[{\"@type\":\"SearchAction\",\"target\":{\"@type\":\"EntryPoint\",\"urlTemplate\":\"https:\\\/\\\/www.vetorino.com\\\/boutique\\\/?s={search_term_string}\"},\"query-input\":{\"@type\":\"PropertyValueSpecification\",\"valueRequired\":true,\"valueName\":\"search_term_string\"}}],\"inLanguage\":\"fr-FR\"},{\"@type\":\"Organization\",\"@id\":\"https:\\\/\\\/www.vetorino.com\\\/boutique\\\/#organization\",\"name\":\"V\u00e9torino\",\"url\":\"https:\\\/\\\/www.vetorino.com\\\/boutique\\\/\",\"logo\":{\"@type\":\"ImageObject\",\"inLanguage\":\"fr-FR\",\"@id\":\"https:\\\/\\\/www.vetorino.com\\\/boutique\\\/#\\\/schema\\\/logo\\\/image\\\/\",\"url\":\"https:\\\/\\\/www.vetorino.com\\\/boutique\\\/wp-content\\\/uploads\\\/2024\\\/10\\\/logo.jpg\",\"contentUrl\":\"https:\\\/\\\/www.vetorino.com\\\/boutique\\\/wp-content\\\/uploads\\\/2024\\\/10\\\/logo.jpg\",\"width\":1200,\"height\":610,\"caption\":\"V\u00e9torino\"},\"image\":{\"@id\":\"https:\\\/\\\/www.vetorino.com\\\/boutique\\\/#\\\/schema\\\/logo\\\/image\\\/\"},\"sameAs\":[\"https:\\\/\\\/www.facebook.com\\\/Vetorino\\\/\",\"https:\\\/\\\/www.instagram.com\\\/vetorino_off\\\/\",\"https:\\\/\\\/www.linkedin.com\\\/company\\\/vtorino\\\/\"]}]}<\/script>\n<meta property=\"product:brand\" content=\"Trixie\" \/>\n<meta property=\"og:availability\" content=\"instock\" \/>\n<meta property=\"product:availability\" content=\"instock\" \/>\n<meta property=\"product:condition\" content=\"new\" \/>\n<!-- \/ Yoast SEO plugin. -->","yoast_head_json":{"title":"Al\u00e8ses absorbant Trixie - V\u00e9torino","description":"Tr\u00e8s absorbantes, les al\u00e8ses de propret\u00e9 Trixie Nappy garantissent une parfaite hygi\u00e8ne pour votre chiot. Ces al\u00e8ses de qualit\u00e9 sont\u00a0confortables. Votre chiot pourra ainsi apprendre rapidement \u00e0 devenir propre. Gr\u00e2ce \u00e0 leur motifs en forme de diamant, les al\u00e8ses de propret\u00e9 Trixie assurent une r\u00e9partition uniforme des liquides.","robots":{"index":"noindex","follow":"nofollow"},"og_locale":"fr_FR","og_type":"article","og_title":"Al\u00e8ses absorbant Trixie - V\u00e9torino","og_description":"Tr\u00e8s absorbantes, les al\u00e8ses de propret\u00e9 Trixie Nappy garantissent une parfaite hygi\u00e8ne pour votre chiot. Ces al\u00e8ses de qualit\u00e9 sont\u00a0confortables. Votre chiot pourra ainsi apprendre rapidement \u00e0 devenir propre. Gr\u00e2ce \u00e0 leur motifs en forme de diamant, les al\u00e8ses de propret\u00e9 Trixie assurent une r\u00e9partition uniforme des liquides.","og_url":"https:\/\/www.vetorino.com\/veterinaire\/saintebazeille-47180\/boutique\/product\/tapis-educateur-absorbant\/","og_site_name":"V\u00e9torino","article_publisher":"https:\/\/www.facebook.com\/Vetorino\/","article_modified_time":"2026-04-03T17:00:46+00:00","og_image":[{"width":400,"height":400,"url":"https:\/\/www.vetorino.com\/boutique\/wp-content\/uploads\/2020\/06\/16618_pla_trixie_welpen_unterlagen_nappy_stubenrein_hs1_7.jpg","type":"image\/jpeg"}],"twitter_card":"summary_large_image","twitter_misc":{"Disponibilit\u00e9":"En stock"},"schema":{"@context":"https:\/\/schema.org","@graph":[{"@type":"WebPage","@id":"https:\/\/www.vetorino.com\/veterinaire\/saintjean-31240\/boutique\/product\/tapis-educateur-absorbant\/","url":"https:\/\/www.vetorino.com\/veterinaire\/saintjean-31240\/boutique\/product\/tapis-educateur-absorbant\/","name":"Al\u00e8ses absorbant Trixie - V\u00e9torino","isPartOf":{"@id":"https:\/\/www.vetorino.com\/boutique\/#website"},"primaryImageOfPage":{"@id":"https:\/\/www.vetorino.com\/veterinaire\/saintjean-31240\/boutique\/product\/tapis-educateur-absorbant\/#primaryimage"},"image":{"@id":"https:\/\/www.vetorino.com\/veterinaire\/saintjean-31240\/boutique\/product\/tapis-educateur-absorbant\/#primaryimage"},"thumbnailUrl":"https:\/\/www.vetorino.com\/boutique\/wp-content\/uploads\/2020\/06\/16618_pla_trixie_welpen_unterlagen_nappy_stubenrein_hs1_7.jpg","datePublished":"2020-06-30T14:16:29+00:00","dateModified":"2026-04-03T17:00:46+00:00","description":"Tr\u00e8s absorbantes, les al\u00e8ses de propret\u00e9 Trixie Nappy garantissent une parfaite hygi\u00e8ne pour votre chiot. Ces al\u00e8ses de qualit\u00e9 sont\u00a0confortables. Votre chiot pourra ainsi apprendre rapidement \u00e0 devenir propre. Gr\u00e2ce \u00e0 leur motifs en forme de diamant, les al\u00e8ses de propret\u00e9 Trixie assurent une r\u00e9partition uniforme des liquides.","breadcrumb":{"@id":"https:\/\/www.vetorino.com\/veterinaire\/saintjean-31240\/boutique\/product\/tapis-educateur-absorbant\/#breadcrumb"},"inLanguage":"fr-FR","potentialAction":[{"@type":"ReadAction","target":["https:\/\/www.vetorino.com\/veterinaire\/saintjean-31240\/boutique\/product\/tapis-educateur-absorbant\/"]}]},{"@type":"ImageObject","inLanguage":"fr-FR","@id":"https:\/\/www.vetorino.com\/veterinaire\/saintjean-31240\/boutique\/product\/tapis-educateur-absorbant\/#primaryimage","url":"https:\/\/www.vetorino.com\/boutique\/wp-content\/uploads\/2020\/06\/16618_pla_trixie_welpen_unterlagen_nappy_stubenrein_hs1_7.jpg","contentUrl":"https:\/\/www.vetorino.com\/boutique\/wp-content\/uploads\/2020\/06\/16618_pla_trixie_welpen_unterlagen_nappy_stubenrein_hs1_7.jpg","width":400,"height":400},{"@type":"BreadcrumbList","@id":"https:\/\/www.vetorino.com\/veterinaire\/saintjean-31240\/boutique\/product\/tapis-educateur-absorbant\/#breadcrumb","itemListElement":[{"@type":"ListItem","position":1,"name":"Accueil","item":"https:\/\/www.vetorino.com\/boutique\/"},{"@type":"ListItem","position":2,"name":"Produits","item":"https:\/\/www.vetorino.com\/boutique\/"},{"@type":"ListItem","position":3,"name":"Al\u00e8ses absorbant"}]},{"@type":"WebSite","@id":"https:\/\/www.vetorino.com\/boutique\/#website","url":"https:\/\/www.vetorino.com\/boutique\/","name":"V\u00e9torino","description":"","publisher":{"@id":"https:\/\/www.vetorino.com\/boutique\/#organization"},"potentialAction":[{"@type":"SearchAction","target":{"@type":"EntryPoint","urlTemplate":"https:\/\/www.vetorino.com\/boutique\/?s={search_term_string}"},"query-input":{"@type":"PropertyValueSpecification","valueRequired":true,"valueName":"search_term_string"}}],"inLanguage":"fr-FR"},{"@type":"Organization","@id":"https:\/\/www.vetorino.com\/boutique\/#organization","name":"V\u00e9torino","url":"https:\/\/www.vetorino.com\/boutique\/","logo":{"@type":"ImageObject","inLanguage":"fr-FR","@id":"https:\/\/www.vetorino.com\/boutique\/#\/schema\/logo\/image\/","url":"https:\/\/www.vetorino.com\/boutique\/wp-content\/uploads\/2024\/10\/logo.jpg","contentUrl":"https:\/\/www.vetorino.com\/boutique\/wp-content\/uploads\/2024\/10\/logo.jpg","width":1200,"height":610,"caption":"V\u00e9torino"},"image":{"@id":"https:\/\/www.vetorino.com\/boutique\/#\/schema\/logo\/image\/"},"sameAs":["https:\/\/www.facebook.com\/Vetorino\/","https:\/\/www.instagram.com\/vetorino_off\/","https:\/\/www.linkedin.com\/company\/vtorino\/"]}]},"product_brand":"Trixie","og_availability":"instock","product_availability":"instock","product_condition":"new"},"_links":{"self":[{"href":"https:\/\/www.vetorino.com\/veterinaire\/saintebazeille-47180\/boutique\/wp-json\/wp\/v2\/product\/102669","targetHints":{"allow":["GET"]}}],"collection":[{"href":"https:\/\/www.vetorino.com\/veterinaire\/saintebazeille-47180\/boutique\/wp-json\/wp\/v2\/product"}],"about":[{"href":"https:\/\/www.vetorino.com\/veterinaire\/saintebazeille-47180\/boutique\/wp-json\/wp\/v2\/types\/product"}],"wp:featuredmedia":[{"embeddable":true,"href":"https:\/\/www.vetorino.com\/veterinaire\/saintebazeille-47180\/boutique\/wp-json\/wp\/v2\/media\/620878"}],"wp:attachment":[{"href":"https:\/\/www.vetorino.com\/veterinaire\/saintebazeille-47180\/boutique\/wp-json\/wp\/v2\/media?parent=102669"}],"wp:term":[{"taxonomy":"product_cat","embeddable":true,"href":"https:\/\/www.vetorino.com\/veterinaire\/saintebazeille-47180\/boutique\/wp-json\/wp\/v2\/product_cat?post=102669"},{"taxonomy":"product_tag","embeddable":true,"href":"https:\/\/www.vetorino.com\/veterinaire\/saintebazeille-47180\/boutique\/wp-json\/wp\/v2\/product_tag?post=102669"}],"curies":[{"name":"wp","href":"https:\/\/api.w.org\/{rel}","templated":true}]}}