{"id":1698167,"date":"2026-02-11T14:57:28","date_gmt":"2026-02-11T13:57:28","guid":{"rendered":"https:\/\/www.vetorino.com\/boutique\/product\/dialix-bladder-control-plus-2\/"},"modified":"2026-03-31T23:20:10","modified_gmt":"2026-03-31T21:20:10","slug":"dialix-bladder-control-plus-2","status":"publish","type":"product","link":"https:\/\/www.vetorino.com\/veterinaire\/saintebazeille-47180\/boutique\/product\/dialix-bladder-control-plus-2\/","title":{"rendered":"Dialix Bladder Control Plus"},"content":{"rendered":"<p>DIALIX Bladder Control Plus est\u00a0<strong>pr\u00e9conis\u00e9 en cas de fuites urinaires<\/strong>\u00a0en lien avec une<strong>\u00a0perte de tonus musculaire de la vessie et\/ou du sphincter.<\/strong><\/p>\n<p>Formule unique et compl\u00e8te sans ingr\u00e9dients d\u2019origine animale.<\/p>\n<p>Teneur \u00e9lev\u00e9e en\u00a0<strong>isoflavones<\/strong>.<\/p>\n<p>Formule enrichie en<strong>\u00a0N-ac\u00e9tyl-D-Glucosamine\u00a0<\/strong>et en\u00a0<strong>vitamines B.<\/strong><\/p>\n<p>Les\u00a0<strong>phytoestrog\u00e8nes<\/strong>\u00a0peuvent se lier aux r\u00e9cepteurs d\u2019oestrog\u00e8nes qui contr\u00f4lent les muscles de la vessie et du sphincter.<\/p>\n<p><strong>N-ac\u00e9tyl-D-glucosamine<\/strong>\u00a0aide \u00e0 maintenir la muqueuse des voies urinaires saine et r\u00e9sistante en aidant \u00e0 emp\u00eacher certains irritants et micro-organismes d\u2019adh\u00e9rer aux cellules uroth\u00e9liales.<\/p>\n<p>Les\u00a0<strong>vitamines du groupe B<\/strong>\u00a0ont un effet neuroprotecteur \u2013 elles aident \u00e0 maintenir une bonne innervation de la vessie et des voies urinaires.<\/p>\n<p><strong>Sans ingr\u00e9dients d\u2019origine animale.<\/strong>\u00a0Convient de ce fait aux animaux sensibles aux prot\u00e9ines animales.<\/p>\n<p>Bouch\u00e9es tr\u00e8s\u00a0<strong>app\u00e9tentes<\/strong>\u00a0qui\u00a0<strong>facilitent la prise spontan\u00e9e<\/strong>\u00a0quotidienne, respectant ainsi la relation avec l\u2019animal et maximisant le respect de l\u2019observance du traitement.<\/p>\n<p>Ne convient pas dans les cas de fuites urinaires dues a une pathologie neurologique ou physiologique.<\/p>\n<p><strong>Demander conseil \u00e0 un v\u00e9t\u00e9rinaire avant utilisation.<\/strong><\/p>\n","protected":false},"excerpt":{"rendered":"<p><strong>Aliment compl\u00e9mentaire<\/strong>\u00a0riche en phytoestrog\u00e8nes et enrichi en N-ac\u00e9tyl-D-glucosamine et vitamines B\u00a0<strong>pour soutenir une fonction urinaire saine, renforcer le tonus musculaire et le sphincter de la vessie.<\/strong><\/p>\n<p><strong>Demander conseil \u00e0 un v\u00e9t\u00e9rinaire avant utilisation.<\/strong><\/p>\n","protected":false},"featured_media":1706797,"template":"","meta":[],"product_cat":[2738,2698],"product_tag":[],"class_list":{"0":"post-1698167","1":"product","2":"type-product","3":"status-publish","4":"has-post-thumbnail","6":"product_cat-aliments-complementaires-pour-chien","7":"product_cat-chien","8":"pa_marque-vetnova","10":"first","11":"instock","12":"taxable","13":"shipping-taxable","14":"purchasable","15":"product-type-simple"},"yoast_head":"<!-- This site is optimized with the Yoast SEO plugin v27.3 - https:\/\/yoast.com\/product\/yoast-seo-wordpress\/ -->\n<title>Dialix Bladder Control Plus Vetnova - V\u00e9torino<\/title>\n<meta name=\"description\" content=\"Aliment compl\u00e9mentaire\u00a0riche en phytoestrog\u00e8nes et enrichi en N-ac\u00e9tyl-D-glucosamine et vitamines B\u00a0pour soutenir une fonction urinaire saine, renforcer le tonus musculaire et le sphincter de la vessie.  Demander conseil \u00e0 un v\u00e9t\u00e9rinaire avant utilisation.\" \/>\n<meta name=\"robots\" content=\"noindex, nofollow\" \/>\n<meta property=\"og:locale\" content=\"fr_FR\" \/>\n<meta property=\"og:type\" content=\"article\" \/>\n<meta property=\"og:title\" content=\"Dialix Bladder Control Plus Vetnova - V\u00e9torino\" \/>\n<meta property=\"og:description\" content=\"Aliment compl\u00e9mentaire\u00a0riche en phytoestrog\u00e8nes et enrichi en N-ac\u00e9tyl-D-glucosamine et vitamines B\u00a0pour soutenir une fonction urinaire saine, renforcer le tonus musculaire et le sphincter de la vessie.  Demander conseil \u00e0 un v\u00e9t\u00e9rinaire avant utilisation.\" \/>\n<meta property=\"og:url\" content=\"https:\/\/www.vetorino.com\/veterinaire\/saintebazeille-47180\/boutique\/product\/dialix-bladder-control-plus-2\/\" \/>\n<meta property=\"og:site_name\" content=\"V\u00e9torino\" \/>\n<meta property=\"article:publisher\" content=\"https:\/\/www.facebook.com\/Vetorino\/\" \/>\n<meta property=\"article:modified_time\" content=\"2026-03-31T21:20:10+00:00\" \/>\n<meta property=\"og:image\" content=\"https:\/\/www.vetorino.com\/boutique\/wp-content\/uploads\/2026\/02\/Dialix-Bladder-Control-Plus-2025-copia-1.jpg\" \/>\n\t<meta property=\"og:image:width\" content=\"400\" \/>\n\t<meta property=\"og:image:height\" content=\"519\" \/>\n\t<meta property=\"og:image:type\" content=\"image\/jpeg\" \/>\n<meta name=\"twitter:card\" content=\"summary_large_image\" \/>\n<meta name=\"twitter:label1\" content=\"Prix\" \/>\n\t<meta name=\"twitter:data1\" content=\"46,17&euro;\" \/>\n\t<meta name=\"twitter:label2\" content=\"Disponibilit\u00e9\" \/>\n\t<meta name=\"twitter:data2\" content=\"En stock\" \/>\n<script type=\"application\/ld+json\" class=\"yoast-schema-graph\">{\"@context\":\"https:\\\/\\\/schema.org\",\"@graph\":[{\"@type\":\"WebPage\",\"@id\":\"https:\\\/\\\/www.vetorino.com\\\/boutique\\\/product\\\/dialix-bladder-control-plus-2\\\/\",\"url\":\"https:\\\/\\\/www.vetorino.com\\\/boutique\\\/product\\\/dialix-bladder-control-plus-2\\\/\",\"name\":\"Dialix Bladder Control Plus Vetnova - V\u00e9torino\",\"isPartOf\":{\"@id\":\"https:\\\/\\\/www.vetorino.com\\\/boutique\\\/#website\"},\"primaryImageOfPage\":{\"@id\":\"https:\\\/\\\/www.vetorino.com\\\/boutique\\\/product\\\/dialix-bladder-control-plus-2\\\/#primaryimage\"},\"image\":{\"@id\":\"https:\\\/\\\/www.vetorino.com\\\/boutique\\\/product\\\/dialix-bladder-control-plus-2\\\/#primaryimage\"},\"thumbnailUrl\":\"https:\\\/\\\/www.vetorino.com\\\/boutique\\\/wp-content\\\/uploads\\\/2026\\\/02\\\/Dialix-Bladder-Control-Plus-2025-copia-1.jpg\",\"datePublished\":\"2026-02-11T13:57:28+00:00\",\"dateModified\":\"2026-03-31T21:20:10+00:00\",\"description\":\"Aliment compl\u00e9mentaire\u00a0riche en phytoestrog\u00e8nes et enrichi en N-ac\u00e9tyl-D-glucosamine et vitamines B\u00a0pour soutenir une fonction urinaire saine, renforcer le tonus musculaire et le sphincter de la vessie. Demander conseil \u00e0 un v\u00e9t\u00e9rinaire avant utilisation.\",\"breadcrumb\":{\"@id\":\"https:\\\/\\\/www.vetorino.com\\\/boutique\\\/product\\\/dialix-bladder-control-plus-2\\\/#breadcrumb\"},\"inLanguage\":\"fr-FR\",\"potentialAction\":[{\"@type\":\"ReadAction\",\"target\":[\"https:\\\/\\\/www.vetorino.com\\\/boutique\\\/product\\\/dialix-bladder-control-plus-2\\\/\"]}]},{\"@type\":\"ImageObject\",\"inLanguage\":\"fr-FR\",\"@id\":\"https:\\\/\\\/www.vetorino.com\\\/boutique\\\/product\\\/dialix-bladder-control-plus-2\\\/#primaryimage\",\"url\":\"https:\\\/\\\/www.vetorino.com\\\/boutique\\\/wp-content\\\/uploads\\\/2026\\\/02\\\/Dialix-Bladder-Control-Plus-2025-copia-1.jpg\",\"contentUrl\":\"https:\\\/\\\/www.vetorino.com\\\/boutique\\\/wp-content\\\/uploads\\\/2026\\\/02\\\/Dialix-Bladder-Control-Plus-2025-copia-1.jpg\",\"width\":400,\"height\":519},{\"@type\":\"BreadcrumbList\",\"@id\":\"https:\\\/\\\/www.vetorino.com\\\/boutique\\\/product\\\/dialix-bladder-control-plus-2\\\/#breadcrumb\",\"itemListElement\":[{\"@type\":\"ListItem\",\"position\":1,\"name\":\"Accueil\",\"item\":\"https:\\\/\\\/www.vetorino.com\\\/boutique\\\/\"},{\"@type\":\"ListItem\",\"position\":2,\"name\":\"Produits\",\"item\":\"https:\\\/\\\/www.vetorino.com\\\/boutique\\\/\"},{\"@type\":\"ListItem\",\"position\":3,\"name\":\"Dialix Bladder Control Plus\"}]},{\"@type\":\"WebSite\",\"@id\":\"https:\\\/\\\/www.vetorino.com\\\/boutique\\\/#website\",\"url\":\"https:\\\/\\\/www.vetorino.com\\\/boutique\\\/\",\"name\":\"V\u00e9torino\",\"description\":\"\",\"publisher\":{\"@id\":\"https:\\\/\\\/www.vetorino.com\\\/boutique\\\/#organization\"},\"potentialAction\":[{\"@type\":\"SearchAction\",\"target\":{\"@type\":\"EntryPoint\",\"urlTemplate\":\"https:\\\/\\\/www.vetorino.com\\\/boutique\\\/?s={search_term_string}\"},\"query-input\":{\"@type\":\"PropertyValueSpecification\",\"valueRequired\":true,\"valueName\":\"search_term_string\"}}],\"inLanguage\":\"fr-FR\"},{\"@type\":\"Organization\",\"@id\":\"https:\\\/\\\/www.vetorino.com\\\/boutique\\\/#organization\",\"name\":\"V\u00e9torino\",\"url\":\"https:\\\/\\\/www.vetorino.com\\\/boutique\\\/\",\"logo\":{\"@type\":\"ImageObject\",\"inLanguage\":\"fr-FR\",\"@id\":\"https:\\\/\\\/www.vetorino.com\\\/boutique\\\/#\\\/schema\\\/logo\\\/image\\\/\",\"url\":\"https:\\\/\\\/www.vetorino.com\\\/boutique\\\/wp-content\\\/uploads\\\/2024\\\/10\\\/logo.jpg\",\"contentUrl\":\"https:\\\/\\\/www.vetorino.com\\\/boutique\\\/wp-content\\\/uploads\\\/2024\\\/10\\\/logo.jpg\",\"width\":1200,\"height\":610,\"caption\":\"V\u00e9torino\"},\"image\":{\"@id\":\"https:\\\/\\\/www.vetorino.com\\\/boutique\\\/#\\\/schema\\\/logo\\\/image\\\/\"},\"sameAs\":[\"https:\\\/\\\/www.facebook.com\\\/Vetorino\\\/\",\"https:\\\/\\\/www.instagram.com\\\/vetorino_off\\\/\",\"https:\\\/\\\/www.linkedin.com\\\/company\\\/vtorino\\\/\"]}]}<\/script>\n<meta property=\"product:brand\" content=\"Vetnova\" \/>\n<meta property=\"product:price:amount\" content=\"46.17\" \/>\n<meta property=\"product:price:currency\" content=\"EUR\" \/>\n<meta property=\"og:availability\" content=\"instock\" \/>\n<meta property=\"product:availability\" content=\"instock\" \/>\n<meta property=\"product:retailer_item_id\" content=\"C-DIA031\" \/>\n<meta property=\"product:condition\" content=\"new\" \/>\n<!-- \/ Yoast SEO plugin. -->","yoast_head_json":{"title":"Dialix Bladder Control Plus Vetnova - V\u00e9torino","description":"Aliment compl\u00e9mentaire\u00a0riche en phytoestrog\u00e8nes et enrichi en N-ac\u00e9tyl-D-glucosamine et vitamines B\u00a0pour soutenir une fonction urinaire saine, renforcer le tonus musculaire et le sphincter de la vessie.  Demander conseil \u00e0 un v\u00e9t\u00e9rinaire avant utilisation.","robots":{"index":"noindex","follow":"nofollow"},"og_locale":"fr_FR","og_type":"article","og_title":"Dialix Bladder Control Plus Vetnova - V\u00e9torino","og_description":"Aliment compl\u00e9mentaire\u00a0riche en phytoestrog\u00e8nes et enrichi en N-ac\u00e9tyl-D-glucosamine et vitamines B\u00a0pour soutenir une fonction urinaire saine, renforcer le tonus musculaire et le sphincter de la vessie.  Demander conseil \u00e0 un v\u00e9t\u00e9rinaire avant utilisation.","og_url":"https:\/\/www.vetorino.com\/veterinaire\/saintebazeille-47180\/boutique\/product\/dialix-bladder-control-plus-2\/","og_site_name":"V\u00e9torino","article_publisher":"https:\/\/www.facebook.com\/Vetorino\/","article_modified_time":"2026-03-31T21:20:10+00:00","og_image":[{"width":400,"height":519,"url":"https:\/\/www.vetorino.com\/boutique\/wp-content\/uploads\/2026\/02\/Dialix-Bladder-Control-Plus-2025-copia-1.jpg","type":"image\/jpeg"}],"twitter_card":"summary_large_image","twitter_misc":{"Prix":"46,17&euro;","Disponibilit\u00e9":"En stock"},"schema":{"@context":"https:\/\/schema.org","@graph":[{"@type":"WebPage","@id":"https:\/\/www.vetorino.com\/boutique\/product\/dialix-bladder-control-plus-2\/","url":"https:\/\/www.vetorino.com\/boutique\/product\/dialix-bladder-control-plus-2\/","name":"Dialix Bladder Control Plus Vetnova - V\u00e9torino","isPartOf":{"@id":"https:\/\/www.vetorino.com\/boutique\/#website"},"primaryImageOfPage":{"@id":"https:\/\/www.vetorino.com\/boutique\/product\/dialix-bladder-control-plus-2\/#primaryimage"},"image":{"@id":"https:\/\/www.vetorino.com\/boutique\/product\/dialix-bladder-control-plus-2\/#primaryimage"},"thumbnailUrl":"https:\/\/www.vetorino.com\/boutique\/wp-content\/uploads\/2026\/02\/Dialix-Bladder-Control-Plus-2025-copia-1.jpg","datePublished":"2026-02-11T13:57:28+00:00","dateModified":"2026-03-31T21:20:10+00:00","description":"Aliment compl\u00e9mentaire\u00a0riche en phytoestrog\u00e8nes et enrichi en N-ac\u00e9tyl-D-glucosamine et vitamines B\u00a0pour soutenir une fonction urinaire saine, renforcer le tonus musculaire et le sphincter de la vessie. Demander conseil \u00e0 un v\u00e9t\u00e9rinaire avant utilisation.","breadcrumb":{"@id":"https:\/\/www.vetorino.com\/boutique\/product\/dialix-bladder-control-plus-2\/#breadcrumb"},"inLanguage":"fr-FR","potentialAction":[{"@type":"ReadAction","target":["https:\/\/www.vetorino.com\/boutique\/product\/dialix-bladder-control-plus-2\/"]}]},{"@type":"ImageObject","inLanguage":"fr-FR","@id":"https:\/\/www.vetorino.com\/boutique\/product\/dialix-bladder-control-plus-2\/#primaryimage","url":"https:\/\/www.vetorino.com\/boutique\/wp-content\/uploads\/2026\/02\/Dialix-Bladder-Control-Plus-2025-copia-1.jpg","contentUrl":"https:\/\/www.vetorino.com\/boutique\/wp-content\/uploads\/2026\/02\/Dialix-Bladder-Control-Plus-2025-copia-1.jpg","width":400,"height":519},{"@type":"BreadcrumbList","@id":"https:\/\/www.vetorino.com\/boutique\/product\/dialix-bladder-control-plus-2\/#breadcrumb","itemListElement":[{"@type":"ListItem","position":1,"name":"Accueil","item":"https:\/\/www.vetorino.com\/boutique\/"},{"@type":"ListItem","position":2,"name":"Produits","item":"https:\/\/www.vetorino.com\/boutique\/"},{"@type":"ListItem","position":3,"name":"Dialix Bladder Control Plus"}]},{"@type":"WebSite","@id":"https:\/\/www.vetorino.com\/boutique\/#website","url":"https:\/\/www.vetorino.com\/boutique\/","name":"V\u00e9torino","description":"","publisher":{"@id":"https:\/\/www.vetorino.com\/boutique\/#organization"},"potentialAction":[{"@type":"SearchAction","target":{"@type":"EntryPoint","urlTemplate":"https:\/\/www.vetorino.com\/boutique\/?s={search_term_string}"},"query-input":{"@type":"PropertyValueSpecification","valueRequired":true,"valueName":"search_term_string"}}],"inLanguage":"fr-FR"},{"@type":"Organization","@id":"https:\/\/www.vetorino.com\/boutique\/#organization","name":"V\u00e9torino","url":"https:\/\/www.vetorino.com\/boutique\/","logo":{"@type":"ImageObject","inLanguage":"fr-FR","@id":"https:\/\/www.vetorino.com\/boutique\/#\/schema\/logo\/image\/","url":"https:\/\/www.vetorino.com\/boutique\/wp-content\/uploads\/2024\/10\/logo.jpg","contentUrl":"https:\/\/www.vetorino.com\/boutique\/wp-content\/uploads\/2024\/10\/logo.jpg","width":1200,"height":610,"caption":"V\u00e9torino"},"image":{"@id":"https:\/\/www.vetorino.com\/boutique\/#\/schema\/logo\/image\/"},"sameAs":["https:\/\/www.facebook.com\/Vetorino\/","https:\/\/www.instagram.com\/vetorino_off\/","https:\/\/www.linkedin.com\/company\/vtorino\/"]}]},"product_brand":"Vetnova","product_price_amount":"46.17","product_price_currency":"EUR","og_availability":"instock","product_availability":"instock","product_retailer_item_id":"C-DIA031","product_condition":"new"},"_links":{"self":[{"href":"https:\/\/www.vetorino.com\/veterinaire\/saintebazeille-47180\/boutique\/wp-json\/wp\/v2\/product\/1698167","targetHints":{"allow":["GET"]}}],"collection":[{"href":"https:\/\/www.vetorino.com\/veterinaire\/saintebazeille-47180\/boutique\/wp-json\/wp\/v2\/product"}],"about":[{"href":"https:\/\/www.vetorino.com\/veterinaire\/saintebazeille-47180\/boutique\/wp-json\/wp\/v2\/types\/product"}],"wp:featuredmedia":[{"embeddable":true,"href":"https:\/\/www.vetorino.com\/veterinaire\/saintebazeille-47180\/boutique\/wp-json\/wp\/v2\/media\/1706797"}],"wp:attachment":[{"href":"https:\/\/www.vetorino.com\/veterinaire\/saintebazeille-47180\/boutique\/wp-json\/wp\/v2\/media?parent=1698167"}],"wp:term":[{"taxonomy":"product_cat","embeddable":true,"href":"https:\/\/www.vetorino.com\/veterinaire\/saintebazeille-47180\/boutique\/wp-json\/wp\/v2\/product_cat?post=1698167"},{"taxonomy":"product_tag","embeddable":true,"href":"https:\/\/www.vetorino.com\/veterinaire\/saintebazeille-47180\/boutique\/wp-json\/wp\/v2\/product_tag?post=1698167"}],"curies":[{"name":"wp","href":"https:\/\/api.w.org\/{rel}","templated":true}]}}